{"id":206558,"date":"2021-11-23T10:24:38","date_gmt":"2021-11-23T09:24:38","guid":{"rendered":"https:\/\/www.ferrovial.com\/?page_id=206558"},"modified":"2024-07-23T14:57:18","modified_gmt":"2024-07-23T12:57:18","slug":"drones","status":"publish","type":"page","link":"https:\/\/www.ferrovial.com\/es\/recursos\/drones\/","title":{"rendered":"Drones"},"content":{"rendered":"    <m-final-content-header >\n            <c-breadcrumb label-text=\"Breadcrumb\" slot=\"breadcrumbs\" type='2' align='left' wrap='wrapped wrapped' aria-label='Vienes de Recursos'>\n                        <ol>\n\n                                                            <li><a href=\"https:\/\/www.ferrovial.com\/es\/\" title=\"Ferrovial\">Ferrovial<\/a><\/li>\n                                                                        <li><a href=\"https:\/\/www.ferrovial.com\/es\/recursos\/\" title=\"Recursos\">Recursos<\/a><\/li>\n                                    \n                <\/ol>\n\n                <\/c-breadcrumb>\n    \n        <div slot=\"header\">\n            <h1>\n                Drones            <\/h1>\n                    <\/div>\n    <\/m-final-content-header>\n\n    \n\n\n<p><script type=\"application\/ld+json\">\n{\n  \"@context\": \"https:\/\/schema.org\",\n  \"@type\": \"FAQPage\",\n  \"mainEntity\": [{\n    \"@type\": \"Question\",\n    \"name\": \"\u00bfQu\u00e9 son los drones?\",\n    \"acceptedAnswer\": {\n      \"@type\": \"Answer\",\n      \"text\": \"Los drones son veh\u00edculos a\u00e9reos no tripulados (UAV) de peque\u00f1o o mediano tama\u00f1o. Tienen la peculiaridad de poder conducirse de forma remota y aut\u00f3noma y son capaces de mantener un nivel de vuelo controlado y sostenido.\"\n    }\n  },{\n    \"@type\": \"Question\",\n    \"name\": \"\u00bfC\u00f3mo funcionan los drones?\",\n    \"acceptedAnswer\": {\n      \"@type\": \"Answer\",\n      \"text\": \"Los drones funcionan de manera muy similar a otros medios de transporte a\u00e9reo como un helic\u00f3ptero o un avi\u00f3n: se enciende el motor, se pone en marcha y las h\u00e9lices giran para posibilitar el vuelo. Luego, con los mandos del control remoto, el piloto va dirigiendo el vuelo desde la tierra.\"\n    }\n  },{\n    \"@type\": \"Question\",\n    \"name\": \"\u00bfQu\u00e9 uso se le puede dar a los drones?\",\n    \"acceptedAnswer\": {\n      \"@type\": \"Answer\",\n      \"text\": \"'<ul>'\n   '<li>' Control de tr\u00e1fico '<\/li>'\n   '<li>' Mediciones y observaciones climatol\u00f3gicas para extinci\u00f3n de incendios '<\/li>'\n  '<li>' Aplicaci\u00f3n de pesticidas, sistemas de riego o control de cosecha.' <\/li>'\n '<li>' Defensa militar del espacio a\u00e9reo, para identificar objetos de personas o la b\u00fasqueda de bombas o armas.' <\/li>'\n'<li>' Vigilancia fronteriza' <\/li>'\n'<li>' Inspecci\u00f3n arqueol\u00f3gica.' <\/li>'\n   '<li>' Seguimiento de animales con fines de investigaci\u00f3n. ' <\/li>'\n   '<li>' Grabaci\u00f3n para producciones audiovisuales de escenas que antes eran imposibles o muy costosas de rodar.' <\/li>'\n  '<\/ul>'\"\n    }\n  }]\n}\n<\/script><\/p>\n\n\n\n<m-wysiwig class=\"wp-block-components-wysiwyg\"><div slot=\"maincontent\">\n<h2 class=\"wp-block-heading\">\u00bfQu\u00e9 son los drones?<\/h2>\n\n\n\n<p>Los <a href=\"https:\/\/www.ferrovial.com\/es-es\/innovacion\/tecnologias\/drones\/\" target=\"_blank\" rel=\"noreferrer noopener\">drones<\/a> son <strong>veh\u00edculos a\u00e9reos no tripulados (UAV)<\/strong> de peque\u00f1o o mediano tama\u00f1o. Tienen la peculiaridad de poder <strong>conducirse de forma remota y aut\u00f3noma<\/strong> y son capaces de mantener un <strong>nivel de vuelo controlado y sostenido.&nbsp;<\/strong><\/p>\n\n\n\n<p>El sistema de los drones <strong>combina la rob\u00f3tica con la aeron\u00e1utica<\/strong>. Pueden estar propulsados por un motor el\u00e9ctrico, de reacci\u00f3n o de explosi\u00f3n. Adem\u00e1s, disponen de un equipamiento altamente moderno: <strong>GPS, control de radares, infrarrojo y c\u00e1maras de alta resoluci\u00f3n.&nbsp;<\/strong><\/p>\n\n\n\n<h2 class=\"wp-block-heading\">\u00bfC\u00f3mo funcionan los drones?<\/h2>\n\n\n\n<p>Los drones funcionan de manera muy similar a otros medios de <a href=\"https:\/\/www.ferrovial.com\/es-es\/recursos\/transporte-aereo\/\" target=\"_blank\" rel=\"noreferrer noopener\">transporte a\u00e9reo<\/a> como un helic\u00f3ptero o un avi\u00f3n: se enciende el motor, se pone en marcha y las h\u00e9lices giran para posibilitar el vuelo. Luego, con los mandos del control remoto, el piloto va <strong>dirigiendo el vuelo desde la tierra<\/strong>. Muchos drones tienen la opci\u00f3n de fijar, de manera autom\u00e1tica, un rumbo. Esto es posible gracias a la incorporaci\u00f3n de un GPS que se ajusta para llegar al destino indicado. El recorrido es registrado por una c\u00e1mara cuya imagen el piloto puede ver desde su mando.<\/p>\n\n\n\n<p>La mayor\u00eda de los modelos de drones suelen tener <strong>cuatro h\u00e9lices,<\/strong> aunque hay modelos de tres, seis y hasta ocho. Las h\u00e9lices suelen ser a<strong> dos palas<\/strong> y, para que el veh\u00edculo se mantenga estable en el aire, <strong>dos h\u00e9lices rotan en un sentido y las otras en sentido contrario.&nbsp;<\/strong><\/p>\n\n\n\n<p>Todo dron cuenta con un <strong>\u201ccontrolador central de vuelo\u201d, que tiene como objetivo mantener la estabilidad. <\/strong>Adem\u00e1s, <strong>este aparato mide la fuerza y direcci\u00f3n del campo magn\u00e9tico y funciona como una br\u00fajula.<\/strong> El controlador recibe la informaci\u00f3n de la ubicaci\u00f3n del dron a trav\u00e9s del GPS y, a su vez, transmite informaci\u00f3n al controlador de velocidad (<em>Electronic Speed Control<\/em>), que permite que el motor use las revoluciones necesarias para hacer el vuelo lo m\u00e1s seguro y estable posible.&nbsp;<\/p>\n\n\n\n<h2 class=\"wp-block-heading\">\u00bfQu\u00e9 uso se le puede dar a los drones?<\/h2>\n\n\n\n<p>Los veh\u00edculos a\u00e9reos no tripulados pueden tener m\u00faltiples usos, que van <strong>desde fines comerciales, pasando por inspecciones de infraestructuras y obras civiles, hasta un uso recreativo.<\/strong> Alguno de los usos posibles de los drones:<\/p>\n\n\n\n<ul class=\"wp-block-list\">\n<li>B\u00fasqueda y rescate.<\/li>\n\n\n\n<li>Control de tr\u00e1fico.<\/li>\n\n\n\n<li>Mediciones y observaciones climatol\u00f3gicas para extinci\u00f3n de incendios.\u00a0<\/li>\n\n\n\n<li>Aplicaci\u00f3n de pesticidas, sistemas de riego o control de cosecha.<\/li>\n\n\n\n<li>Defensa militar del espacio a\u00e9reo, para identificar objetos de personas o la b\u00fasqueda de bombas o armas.\u00a0<\/li>\n\n\n\n<li>Vigilancia fronteriza.\u00a0<\/li>\n\n\n\n<li>Inspecci\u00f3n arqueol\u00f3gica.<\/li>\n\n\n\n<li>Seguimiento de animales con fines de investigaci\u00f3n.\u00a0<\/li>\n\n\n\n<li>Grabaci\u00f3n para producciones audiovisuales de escenas que antes eran imposibles o muy costosas de rodar.<\/li>\n<\/ul>\n\n\n\n<h2 class=\"wp-block-heading\">Normativa espa\u00f1ola de drones&nbsp;<\/h2>\n\n\n\n<p>En Espa\u00f1a, la <strong>Agencia Estatal de Seguridad A\u00e9rea (AESA)<\/strong> es la encargada de <a href=\"https:\/\/www.oneair.es\/normativa-drones-espana-aesa\/\" target=\"_blank\" rel=\"noreferrer noopener\">regular el uso de drones<\/a>, aplicando los Reglamentos Europeos RE 2019\/947 y RD 2019\/945. Adem\u00e1s, <strong>el RD 1036\/2017 se mantendr\u00e1 vigente hasta el 1 de enero de 2022.<\/strong><\/p>\n\n\n\n<p>Los pilotos de drones deben tener en cuenta lo siguiente:<\/p>\n\n\n\n<ul class=\"wp-block-list\">\n<li>El veh\u00edculo a\u00e9reo debe estar <strong>dentro del campo visual del piloto.<\/strong><\/li>\n\n\n\n<li>El vuelo debe mantenerse <strong>por debajo de los 120 metros de altura.<\/strong><\/li>\n\n\n\n<li>No es posible volar en un per\u00edmetro de 8 km alrededor de un aeropuerto, aer\u00f3dromo o espacio a\u00e9reo controlado.<\/li>\n\n\n\n<li>Todo dron debe llevar una<strong> placa identificativa.<\/strong><\/li>\n\n\n\n<li>No est\u00e1 permitido grabar a personas, ni divulgar im\u00e1genes de estas, <strong>sin una previa autorizaci\u00f3n.<\/strong><\/li>\n<\/ul>\n\n\n\n<p>Actualmente, se exige la <strong>Licencia Oficial de Piloto de Drones solo para las Fuerzas y Cuerpos de Seguridad (FCS).<\/strong> El resto de las personas que tengan drones de a partir de 250 gramos solo necesitan un <strong>certificado acreditativo de conocimientos.<\/strong> Para volar en la <strong>categor\u00eda abierta <\/strong>\u2014vuelos de bajo riesgo operacional que no requieren de ninguna autorizaci\u00f3n o declaraci\u00f3n previas al vuelo\u2014, los pilotos deben superar un examen en AESA en sus niveles 1 o 2, mientras que para volar en la <strong>categor\u00eda espec\u00edfica <\/strong>\u2014los vuelos que no califican como categor\u00eda abierta y, por lo tanto, requieren una autorizaci\u00f3n previa para la que deben presentar un estudio de seguridad\u2014 es necesario superar el examen en su nivel 3.&nbsp;<\/p>\n\n\n\n<p>Por otro lado, la normativa actual elimin\u00f3 la distinci\u00f3n entre vuelos por motivos laborales o profesionales de los vuelos por ocio y diversi\u00f3n. <strong>La \u00fanica exigencia para ambos es el Seguro de Responsabilidad Civil.<\/strong><\/p>\n\n\n\n<h2 class=\"wp-block-heading\">Drones y sostenibilidad<\/h2>\n\n\n\n<p>Con el paso del tiempo, la alianza entre la tecnolog\u00eda de los drones <strong>en funci\u00f3n del campo de la sostenibilidad se ha fortalecido:<\/strong><\/p>\n\n\n\n<ul class=\"wp-block-list\">\n<li>Gracias a las c\u00e1maras de alta definici\u00f3n que tienen incorporados los drones, es posible <strong>obtener im\u00e1genes exactas de \u00e1reas de cultivo y grandes extensiones de terreno, <\/strong>sustituyendo a los veh\u00edculos de control terrestre o a\u00e9reo que generan mayores emisiones.\u00a0<\/li>\n<\/ul>\n\n\n\n<ul class=\"wp-block-list\">\n<li>Los drones <strong>se utilizan en las plantas solares y e\u00f3licas <\/strong>para identificar fallos, p\u00e9rdidas de material o malos funcionamientos sin necesidad del traslado f\u00edsico del personal a las instalaciones, lo que se traduce en <strong>ahorro de combustible, tiempo y dinero.<\/strong><\/li>\n<\/ul>\n\n\n\n<ul class=\"wp-block-list\">\n<li>Con los drones tambi\u00e9n es posible <strong>medir la calidad del aire, nivel de polen y caracter\u00edsticas de la atm\u00f3sfera <\/strong>a trav\u00e9s de sensores que tienen incorporados, y la informaci\u00f3n recopilada puede ser utilizada posteriormente para identificar patrones y elaborar estudios climatol\u00f3gicos.\u00a0<\/li>\n<\/ul>\n\n\n\n<h2 class=\"wp-block-heading\">Aspectos curiosos sobre los drones&nbsp;<\/h2>\n\n\n\n<ul class=\"wp-block-list\">\n<li>En Estados Unidos ya es posible comprar online y disfrutar de un servicio de <strong>entrega a domicilio de paquetes <\/strong>de 2,3 kg en un plazo de <strong>30 minutos <\/strong>que opera con drones.<\/li>\n<\/ul>\n\n\n\n<ul class=\"wp-block-list\">\n<li>En los \u00faltimos a\u00f1os, los drones con fines dom\u00e9sticos se han utilizado para <strong>registrar atractivos tur\u00edsticos<\/strong> y ofrecer vistas panor\u00e1micas. Esta pr\u00e1ctica es com\u00fan en empresas de viaje, turismo y alojamientos, pero tambi\u00e9n en el contenido audiovisual de YouTubers e Instagramers que se especializan en viajes y <em>lifestyle<\/em>.<\/li>\n<\/ul>\n<\/div><\/m-wysiwig>\n\n\n    <m-projects-distributor2 :translations='{\n        &quot;prev&quot;:&quot;Anterior&quot;,\n        &quot;next&quot;:&quot;Siguiente&quot;,\n        &quot;paginationseparator&quot;:&quot;de&quot;\n    }'>\n                        <h2 slot=\"title\">\n                Nuestros proyectos destacados                <\/h2>\n                        <a slot='button' title='Conoce nuestros proyectos ' href='https:\/\/www.ferrovial.com\/es\/cintra\/proyectos\/'>\n            Conoce nuestros proyectos         <\/a>\n\n            <\/m-projects-distributor2>\n\n    ","protected":false},"excerpt":{"rendered":"","protected":false},"featured_media":0,"parent":25267,"menu_order":0,"comment_status":"closed","ping_status":"closed","template":"","meta":{"_acf_changed":false,"footnotes":""},"class_list":["post-206558","page","type-page","status-publish","hentry"],"acf":[],"yoast_head":"<!-- This site is optimized with the Yoast SEO plugin v27.2 - https:\/\/yoast.com\/product\/yoast-seo-wordpress\/ -->\n<title>Drones: qu\u00e9 son, c\u00f3mo funcionan, normativa Espa\u00f1ola - Ferrovial<\/title>\n<meta name=\"description\" content=\"Los drones son veh\u00edculos a\u00e9reos no tripulados de peque\u00f1o o mediano tama\u00f1o. Se conducen de forma remota y aut\u00f3noma y son capaces de mantener un nivel de vuelo controlado y sostenido.\" \/>\n<meta name=\"robots\" content=\"index, follow, max-snippet:-1, max-image-preview:large, max-video-preview:-1\" \/>\n<link rel=\"canonical\" href=\"https:\/\/www.ferrovial.com\/es\/recursos\/drones\/\" \/>\n<meta property=\"og:locale\" content=\"es_ES\" \/>\n<meta property=\"og:type\" content=\"article\" \/>\n<meta property=\"og:title\" content=\"Drones: qu\u00e9 son, c\u00f3mo funcionan, normativa Espa\u00f1ola - Ferrovial\" \/>\n<meta property=\"og:description\" content=\"Los drones son veh\u00edculos a\u00e9reos no tripulados de peque\u00f1o o mediano tama\u00f1o. Se conducen de forma remota y aut\u00f3noma y son capaces de mantener un nivel de vuelo controlado y sostenido.\" \/>\n<meta property=\"og:url\" content=\"https:\/\/www.ferrovial.com\/es\/recursos\/drones\/\" \/>\n<meta property=\"og:site_name\" content=\"Ferrovial\" \/>\n<meta property=\"article:publisher\" content=\"https:\/\/www.facebook.com\/ferrovial\" \/>\n<meta property=\"article:modified_time\" content=\"2024-07-23T12:57:18+00:00\" \/>\n<meta name=\"twitter:card\" content=\"summary_large_image\" \/>\n<meta name=\"twitter:site\" content=\"@ferrovial\" \/>\n<meta name=\"twitter:label1\" content=\"Est. reading time\" \/>\n\t<meta name=\"twitter:data1\" content=\"5 minutos\" \/>\n<!-- \/ Yoast SEO plugin. -->","yoast_head_json":{"title":"Drones: qu\u00e9 son, c\u00f3mo funcionan, normativa Espa\u00f1ola - Ferrovial","description":"Los drones son veh\u00edculos a\u00e9reos no tripulados de peque\u00f1o o mediano tama\u00f1o. Se conducen de forma remota y aut\u00f3noma y son capaces de mantener un nivel de vuelo controlado y sostenido.","robots":{"index":"index","follow":"follow","max-snippet":"max-snippet:-1","max-image-preview":"max-image-preview:large","max-video-preview":"max-video-preview:-1"},"canonical":"https:\/\/www.ferrovial.com\/es\/recursos\/drones\/","og_locale":"es_ES","og_type":"article","og_title":"Drones: qu\u00e9 son, c\u00f3mo funcionan, normativa Espa\u00f1ola - Ferrovial","og_description":"Los drones son veh\u00edculos a\u00e9reos no tripulados de peque\u00f1o o mediano tama\u00f1o. Se conducen de forma remota y aut\u00f3noma y son capaces de mantener un nivel de vuelo controlado y sostenido.","og_url":"https:\/\/www.ferrovial.com\/es\/recursos\/drones\/","og_site_name":"Ferrovial","article_publisher":"https:\/\/www.facebook.com\/ferrovial","article_modified_time":"2024-07-23T12:57:18+00:00","twitter_card":"summary_large_image","twitter_site":"@ferrovial","twitter_misc":{"Est. reading time":"5 minutos"},"schema":{"@context":"https:\/\/schema.org","@graph":[{"@type":"WebPage","@id":"https:\/\/www.ferrovial.com\/es\/recursos\/drones\/","url":"https:\/\/www.ferrovial.com\/es\/recursos\/drones\/","name":"Drones: qu\u00e9 son, c\u00f3mo funcionan, normativa Espa\u00f1ola - Ferrovial","isPartOf":{"@id":"https:\/\/www.ferrovial.com\/es\/#website"},"datePublished":"2021-11-23T09:24:38+00:00","dateModified":"2024-07-23T12:57:18+00:00","description":"Los drones son veh\u00edculos a\u00e9reos no tripulados de peque\u00f1o o mediano tama\u00f1o. Se conducen de forma remota y aut\u00f3noma y son capaces de mantener un nivel de vuelo controlado y sostenido.","breadcrumb":{"@id":"https:\/\/www.ferrovial.com\/es\/recursos\/drones\/#breadcrumb"},"inLanguage":"es","potentialAction":[{"@type":"ReadAction","target":["https:\/\/www.ferrovial.com\/es\/recursos\/drones\/"]}]},{"@type":"BreadcrumbList","@id":"https:\/\/www.ferrovial.com\/es\/recursos\/drones\/#breadcrumb","itemListElement":[{"@type":"ListItem","position":1,"name":"Portada","item":"https:\/\/www.ferrovial.com\/es\/"},{"@type":"ListItem","position":2,"name":"Recursos","item":"https:\/\/www.ferrovial.com\/es\/recursos\/"},{"@type":"ListItem","position":3,"name":"Drones"}]},{"@type":"WebSite","@id":"https:\/\/www.ferrovial.com\/es\/#website","url":"https:\/\/www.ferrovial.com\/es\/","name":"Ferrovial","description":"Welcome to the Ferrovial&#039;s website, global operator of sustainable infrastructure. Here you can find all the information about the company and subsidiaries.","publisher":{"@id":"https:\/\/www.ferrovial.com\/es\/#organization"},"potentialAction":[{"@type":"SearchAction","target":{"@type":"EntryPoint","urlTemplate":"https:\/\/www.ferrovial.com\/es\/?s={search_term_string}"},"query-input":{"@type":"PropertyValueSpecification","valueRequired":true,"valueName":"search_term_string"}}],"inLanguage":"es"},{"@type":"Organization","@id":"https:\/\/www.ferrovial.com\/es\/#organization","name":"Ferrovial S.A.","url":"https:\/\/www.ferrovial.com\/es\/","logo":{"@type":"ImageObject","inLanguage":"es","@id":"https:\/\/www.ferrovial.com\/es\/#\/schema\/logo\/image\/","url":"https:\/\/static.ferrovial.com\/wp-content\/uploads\/2020\/01\/13124948\/logo-ferrovial-cf7.png","contentUrl":"https:\/\/static.ferrovial.com\/wp-content\/uploads\/2020\/01\/13124948\/logo-ferrovial-cf7.png","width":144,"height":32,"caption":"Ferrovial S.A."},"image":{"@id":"https:\/\/www.ferrovial.com\/es\/#\/schema\/logo\/image\/"},"sameAs":["https:\/\/www.facebook.com\/ferrovial","https:\/\/x.com\/ferrovial","https:\/\/www.instagram.com\/ferrovial\/","https:\/\/www.linkedin.com\/company\/ferrovial","https:\/\/www.pinterest.es\/ferrovial\/","https:\/\/www.youtube.com\/ferrovial","https:\/\/en.wikipedia.org\/wiki\/Ferrovial"]}]}},"_links":{"self":[{"href":"https:\/\/www.ferrovial.com\/es\/wp-json\/wp\/v2\/pages\/206558","targetHints":{"allow":["GET"]}}],"collection":[{"href":"https:\/\/www.ferrovial.com\/es\/wp-json\/wp\/v2\/pages"}],"about":[{"href":"https:\/\/www.ferrovial.com\/es\/wp-json\/wp\/v2\/types\/page"}],"replies":[{"embeddable":true,"href":"https:\/\/www.ferrovial.com\/es\/wp-json\/wp\/v2\/comments?post=206558"}],"version-history":[{"count":3,"href":"https:\/\/www.ferrovial.com\/es\/wp-json\/wp\/v2\/pages\/206558\/revisions"}],"predecessor-version":[{"id":286057,"href":"https:\/\/www.ferrovial.com\/es\/wp-json\/wp\/v2\/pages\/206558\/revisions\/286057"}],"up":[{"embeddable":true,"href":"https:\/\/www.ferrovial.com\/es\/wp-json\/wp\/v2\/pages\/25267"}],"wp:attachment":[{"href":"https:\/\/www.ferrovial.com\/es\/wp-json\/wp\/v2\/media?parent=206558"}],"curies":[{"name":"wp","href":"https:\/\/api.w.org\/{rel}","templated":true}]}}