{"id":206565,"date":"2021-11-23T10:30:42","date_gmt":"2021-11-23T09:30:42","guid":{"rendered":"https:\/\/www.ferrovial.com\/?page_id=206565"},"modified":"2022-09-22T17:48:33","modified_gmt":"2022-09-22T15:48:33","slug":"inteligencia-artificial","status":"publish","type":"page","link":"https:\/\/www.ferrovial.com\/es\/recursos\/inteligencia-artificial\/","title":{"rendered":"Inteligencia artificial"},"content":{"rendered":"    <m-final-content-header >\n            <c-breadcrumb label-text=\"Breadcrumb\" slot=\"breadcrumbs\" type='2' align='left' wrap='wrapped wrapped' aria-label='Vienes de Recursos'>\n                        <ol>\n\n                                                            <li><a href=\"https:\/\/www.ferrovial.com\/es\/\" title=\"Ferrovial\">Ferrovial<\/a><\/li>\n                                                                        <li><a href=\"https:\/\/www.ferrovial.com\/es\/recursos\/\" title=\"Recursos\">Recursos<\/a><\/li>\n                                    \n                <\/ol>\n\n                <\/c-breadcrumb>\n    \n        <div slot=\"header\">\n            <h1>\n                Inteligencia artificial            <\/h1>\n                    <\/div>\n    <\/m-final-content-header>\n\n    \n\n\n<p><script type=\"application\/ld+json\">\n{\n  \"@context\": \"https:\/\/schema.org\",\n  \"@type\": \"FAQPage\",\n  \"mainEntity\": [{\n    \"@type\": \"Question\",\n    \"name\": \"\u00bfQu\u00e9 es la inteligencia artificial (IA)?\",\n    \"acceptedAnswer\": {\n      \"@type\": \"Answer\",\n      \"text\": \"La inteligencia artificial hace referencia a sistemas inform\u00e1ticos que buscan imitar la funci\u00f3n cognitiva humana a trav\u00e9s de m\u00e1quinas, procesadores y softwares con el objetivo de realizar tareas de procesamiento y an\u00e1lisis de datos.\"\n    }\n  },{\n    \"@type\": \"Question\",\n    \"name\": \"\u00bfCu\u00e1les son los tipos de inteligencia artificial?\",\n    \"acceptedAnswer\": {\n      \"@type\": \"Answer\",\n      \"text\": \"'<ul>'\n\n   '<li>' M\u00e1quinas reactivas: es un modelo simple que busca reproducir el comportamiento humano a trav\u00e9s de acciones que reaccionan a est\u00edmulos. Su rol es de respuesta, no de aprendizaje.'<\/li>'\n   '<li>'Memoria limitada: tambi\u00e9n son m\u00e1quinas reactivas, pero con algo de memoria, lo que les permite aprender datos y tomar peque\u00f1as decisiones. Este tipo de IA se aplica a sistemas de reconocimiento facial y chatbots, por ejemplo.'<\/li>'\n  \t'<li>'Teor\u00eda de la mente: se trata de uno de los modelos m\u00e1s innovadores de IA, pues busca comprender mejores interacciones como las emociones, necesidades y reflexiones propias del humano. Amerita estudios y su proyecci\u00f3n es a futuro.' <\/li>'\n '<li>' Autoconciencia: aunque solo es un concepto y no hay creaciones concretas de este tipo de IA, la autoconciencia plantea que las m\u00e1quinas, m\u00e1s all\u00e1 de replicar un comportamiento humano, podr\u00edan ser capaces de pensar y actuar de manera aut\u00f3noma, siendo conscientes de s\u00ed mismas.' <\/li>'\n  '<\/ul>'\"\n    }\n  },{\n    \"@type\": \"Question\",\n    \"name\": \"\u00bfPara qu\u00e9 sirve la inteligencia artificial?\",\n    \"acceptedAnswer\": {\n      \"@type\": \"Answer\",\n      \"text\": \"La inteligencia artificial se ha utilizado en distintos campos como la rob\u00f3tica, las ciencias de la computaci\u00f3n, las finanzas, la salud, los sistemas de transporte aut\u00f3nomos, el mundo de los videojuegos y las comunicaciones. En estos entornos, las m\u00e1quinas son capaces de manejar grandes cantidades de datos que les permiten desde identificar y comprender comandos verbales e im\u00e1genes, hasta realizar c\u00e1lculos y acciones complejas con una gran rapidez.\"\n    }\n  }]\n}\n<\/script><\/p>\n\n\n\n<m-wysiwig class=\"wp-block-components-wysiwyg\"><div slot=\"maincontent\">\n<h2 class=\"wp-block-heading\">\u00bfQu\u00e9 es la inteligencia artificial (IA)?<\/h2>\n\n\n\n<p>La inteligencia artificial hace referencia a <strong>sistemas inform\u00e1ticos que buscan imitar la funci\u00f3n cognitiva humana<\/strong> a trav\u00e9s de m\u00e1quinas, procesadores y <em>softwares<\/em> con el objetivo de <strong>realizar tareas de procesamiento y an\u00e1lisis de datos<\/strong>.<\/p>\n\n\n\n<p>En t\u00e9rminos sencillos, se trata de m\u00e1quinas dise\u00f1adas para <strong>razonar, aprender, realizar acciones y resolver problemas.<\/strong> La IA integra un dise\u00f1o de programaci\u00f3n que es capaz de almacenar informaci\u00f3n sobre determinada \u00e1rea para convertirla en conocimiento e implementarla en el d\u00eda a d\u00eda de la actividad humana.&nbsp;<\/p>\n\n\n\n<p>La IA abarca desde <strong><em>softwares<\/em><\/strong> \u2014como asistentes virtuales, motores de b\u00fasqueda o sistemas de reconocimiento de voz y rostro\u2014 hasta <strong>sistemas integrados<\/strong> \u2014como robots, drones y veh\u00edculos aut\u00f3nomos\u2014.&nbsp;<\/p>\n\n\n\n<h2 class=\"wp-block-heading\">\u00bfCu\u00e1les son los tipos de inteligencia artificial?<\/h2>\n\n\n\n<ul class=\"wp-block-list\"><li><strong>M\u00e1quinas reactivas:<\/strong> es un modelo simple que busca reproducir el comportamiento humano a trav\u00e9s de acciones que reaccionan a est\u00edmulos. Su rol es de respuesta, no de aprendizaje.&nbsp;<\/li><\/ul>\n\n\n\n<ul class=\"wp-block-list\"><li><strong>Memoria limitada: <\/strong>tambi\u00e9n son m\u00e1quinas reactivas, pero con algo de memoria, lo que les permite aprender datos y tomar peque\u00f1as decisiones. Este tipo de IA se aplica a sistemas de reconocimiento facial y <em>chatbots<\/em>, por ejemplo.&nbsp;<\/li><\/ul>\n\n\n\n<ul class=\"wp-block-list\"><li><strong>Teor\u00eda de la mente:<\/strong> se trata de uno de los modelos m\u00e1s innovadores de IA, pues busca comprender mejores interacciones como las emociones, necesidades y reflexiones propias del humano. Amerita estudios y su proyecci\u00f3n es a futuro.<\/li><\/ul>\n\n\n\n<ul class=\"wp-block-list\"><li><strong>Autoconciencia:<\/strong> aunque solo es un concepto y no hay creaciones concretas de este tipo de IA, la autoconciencia plantea que las m\u00e1quinas, m\u00e1s all\u00e1 de replicar un comportamiento humano, podr\u00edan ser capaces de pensar y actuar de manera aut\u00f3noma, siendo conscientes de s\u00ed mismas.&nbsp;<\/li><\/ul>\n\n\n\n<h2 class=\"wp-block-heading\">\u00bfPara qu\u00e9 sirve la inteligencia artificial?<\/h2>\n\n\n\n<p>La inteligencia artificial se ha utilizado en distintos campos como la rob\u00f3tica, las ciencias de la computaci\u00f3n, las finanzas, la salud, los sistemas de transporte aut\u00f3nomos, el mundo de los videojuegos y las comunicaciones. En estos entornos, <strong>las m\u00e1quinas son capaces de manejar grandes cantidades de datos<\/strong> que les permiten desde identificar y comprender comandos verbales e im\u00e1genes, hasta realizar c\u00e1lculos y acciones complejas con una <strong>gran rapidez.&nbsp;<\/strong><\/p>\n\n\n\n<p>Estos sistemas, en consecuencia, sirven para <strong>percibir su entorno y relacionarse con \u00e9l,<\/strong> as\u00ed como tambi\u00e9n para que act\u00faen con un objetivo espec\u00edfico, despu\u00e9s de una recopilaci\u00f3n y procesamiento de datos muy exhaustiva. Es decir, se trata de <strong>tecnolog\u00eda aplicada para la soluci\u00f3n de tareas en el mercado.&nbsp;<\/strong><\/p>\n\n\n\n<p>Algunos ejemplos de c\u00f3mo se aplica la inteligencia artificial en diferentes sectores:&nbsp;<\/p>\n\n\n\n<ul class=\"wp-block-list\"><li><strong>Personal: <\/strong>asistencia a trav\u00e9s de <em>smartphones<\/em>, tabletas y ordenadores.<\/li><li><strong>Inform\u00e1tico: <\/strong>garant\u00edas de ciberseguridad.<\/li><li><strong>Productivo: <\/strong>ensamblaje y automatizaci\u00f3n en f\u00e1bricas y laboratorios<\/li><li><strong>Financiero: <\/strong>detecci\u00f3n de fraudes.<\/li><li><strong>Clim\u00e1tico: <\/strong>reducci\u00f3n de la deforestaci\u00f3n y el consumo energ\u00e9tico.<\/li><li><strong>Sanitario: <\/strong>identificaci\u00f3n de factores gen\u00e9ticos que anticipen la detecci\u00f3n de enfermedades.<\/li><li><strong>De transporte:<\/strong> fabricaci\u00f3n de veh\u00edculos aut\u00f3nomos e inteligentes.<\/li><li><strong>Agr\u00edcola: <\/strong>anticipaci\u00f3n de impacto ambiental y mejora del rendimiento agr\u00edcola.<\/li><li><strong>Comercial:<\/strong> pron\u00f3stico de ventas.<\/li><\/ul>\n\n\n\n<h2 class=\"wp-block-heading\">Aspectos curiosos sobre la inteligencia artificial<\/h2>\n\n\n\n<p>Seg\u00fan un <a href=\"https:\/\/www.europarl.europa.eu\/news\/es\/headlines\/priorities\/inteligencia-artificial-en-la-ue\/20201015STO89417\/regulacion-de-la-inteligencia-artificial-en-la-ue-la-propuesta-del-parlamento\" target=\"_blank\" rel=\"noreferrer noopener\">estudio realizado por el Parlamento Europeo:&nbsp;<\/a><\/p>\n\n\n\n<ul class=\"wp-block-list\"><li>En Norteam\u00e9rica se ha realizado una inversi\u00f3n en IA que supera los 18 mil millones de euros, en Asia m\u00e1s de 9 mil millones de euros y en Europa m\u00e1s de 3 mil millones de euros.&nbsp;<\/li><\/ul>\n\n\n\n<ul class=\"wp-block-list\"><li>En la \u00faltima d\u00e9cada, ha habido un incremento de 400% en la solicitud de patentes para la implementaci\u00f3n de inteligencia artificial.<\/li><\/ul>\n\n\n\n<ul class=\"wp-block-list\"><li>Para el 2025 podr\u00edan generarse 60 millones de nuevos puestos de trabajo como resultado del desarrollo de la IA y la rob\u00f3tica.<\/li><\/ul>\n\n\n\n<ul class=\"wp-block-list\"><li>En abril de 2021 se present\u00f3 una propuesta en la que se plantea convertir a Europa en el centro mundial de desarrollo de una inteligencia artificial confiable.<\/li><\/ul>\n<\/div><\/m-wysiwig>\n\n\n    <m-projects-distributor2 :translations='{\n        &quot;prev&quot;:&quot;Anterior&quot;,\n        &quot;next&quot;:&quot;Siguiente&quot;,\n        &quot;paginationseparator&quot;:&quot;de&quot;\n    }'>\n                        <h2 slot=\"title\">\n                Nuestros proyectos destacados                <\/h2>\n                        <a slot='button' title='Conoce nuestros proyectos ' href='https:\/\/www.ferrovial.com\/es\/cintra\/proyectos\/'>\n            Conoce nuestros proyectos         <\/a>\n\n            <\/m-projects-distributor2>\n\n    ","protected":false},"excerpt":{"rendered":"","protected":false},"featured_media":0,"parent":25267,"menu_order":0,"comment_status":"closed","ping_status":"closed","template":"","meta":{"_acf_changed":false,"footnotes":""},"class_list":["post-206565","page","type-page","status-publish","hentry"],"acf":[],"yoast_head":"<!-- This site is optimized with the Yoast SEO plugin v27.2 - https:\/\/yoast.com\/product\/yoast-seo-wordpress\/ -->\n<title>Qu\u00e9 es y para qu\u00e9 sirve la inteligencia artificial (IA) - Ferrovial<\/title>\n<meta name=\"description\" content=\"La inteligencia artificial se refiere a sistemas inform\u00e1ticos que imitan la funci\u00f3n cognitiva humana mediante m\u00e1quinas, procesadores y softwares con el objetivo de...\" \/>\n<meta name=\"robots\" content=\"index, follow, max-snippet:-1, max-image-preview:large, max-video-preview:-1\" \/>\n<link rel=\"canonical\" href=\"https:\/\/www.ferrovial.com\/es\/recursos\/inteligencia-artificial\/\" \/>\n<meta property=\"og:locale\" content=\"es_ES\" \/>\n<meta property=\"og:type\" content=\"article\" \/>\n<meta property=\"og:title\" content=\"Qu\u00e9 es y para qu\u00e9 sirve la inteligencia artificial (IA) - Ferrovial\" \/>\n<meta property=\"og:description\" content=\"La inteligencia artificial se refiere a sistemas inform\u00e1ticos que imitan la funci\u00f3n cognitiva humana mediante m\u00e1quinas, procesadores y softwares con el objetivo de...\" \/>\n<meta property=\"og:url\" content=\"https:\/\/www.ferrovial.com\/es\/recursos\/inteligencia-artificial\/\" \/>\n<meta property=\"og:site_name\" content=\"Ferrovial\" \/>\n<meta property=\"article:publisher\" content=\"https:\/\/www.facebook.com\/ferrovial\" \/>\n<meta property=\"article:modified_time\" content=\"2022-09-22T15:48:33+00:00\" \/>\n<meta name=\"twitter:card\" content=\"summary_large_image\" \/>\n<meta name=\"twitter:site\" content=\"@ferrovial\" \/>\n<meta name=\"twitter:label1\" content=\"Est. reading time\" \/>\n\t<meta name=\"twitter:data1\" content=\"5 minutos\" \/>\n<!-- \/ Yoast SEO plugin. -->","yoast_head_json":{"title":"Qu\u00e9 es y para qu\u00e9 sirve la inteligencia artificial (IA) - Ferrovial","description":"La inteligencia artificial se refiere a sistemas inform\u00e1ticos que imitan la funci\u00f3n cognitiva humana mediante m\u00e1quinas, procesadores y softwares con el objetivo de...","robots":{"index":"index","follow":"follow","max-snippet":"max-snippet:-1","max-image-preview":"max-image-preview:large","max-video-preview":"max-video-preview:-1"},"canonical":"https:\/\/www.ferrovial.com\/es\/recursos\/inteligencia-artificial\/","og_locale":"es_ES","og_type":"article","og_title":"Qu\u00e9 es y para qu\u00e9 sirve la inteligencia artificial (IA) - Ferrovial","og_description":"La inteligencia artificial se refiere a sistemas inform\u00e1ticos que imitan la funci\u00f3n cognitiva humana mediante m\u00e1quinas, procesadores y softwares con el objetivo de...","og_url":"https:\/\/www.ferrovial.com\/es\/recursos\/inteligencia-artificial\/","og_site_name":"Ferrovial","article_publisher":"https:\/\/www.facebook.com\/ferrovial","article_modified_time":"2022-09-22T15:48:33+00:00","twitter_card":"summary_large_image","twitter_site":"@ferrovial","twitter_misc":{"Est. reading time":"5 minutos"},"schema":{"@context":"https:\/\/schema.org","@graph":[{"@type":"WebPage","@id":"https:\/\/www.ferrovial.com\/es\/recursos\/inteligencia-artificial\/","url":"https:\/\/www.ferrovial.com\/es\/recursos\/inteligencia-artificial\/","name":"Qu\u00e9 es y para qu\u00e9 sirve la inteligencia artificial (IA) - Ferrovial","isPartOf":{"@id":"https:\/\/www.ferrovial.com\/es\/#website"},"datePublished":"2021-11-23T09:30:42+00:00","dateModified":"2022-09-22T15:48:33+00:00","description":"La inteligencia artificial se refiere a sistemas inform\u00e1ticos que imitan la funci\u00f3n cognitiva humana mediante m\u00e1quinas, procesadores y softwares con el objetivo de...","breadcrumb":{"@id":"https:\/\/www.ferrovial.com\/es\/recursos\/inteligencia-artificial\/#breadcrumb"},"inLanguage":"es","potentialAction":[{"@type":"ReadAction","target":["https:\/\/www.ferrovial.com\/es\/recursos\/inteligencia-artificial\/"]}]},{"@type":"BreadcrumbList","@id":"https:\/\/www.ferrovial.com\/es\/recursos\/inteligencia-artificial\/#breadcrumb","itemListElement":[{"@type":"ListItem","position":1,"name":"Portada","item":"https:\/\/www.ferrovial.com\/es\/"},{"@type":"ListItem","position":2,"name":"Recursos","item":"https:\/\/www.ferrovial.com\/es\/recursos\/"},{"@type":"ListItem","position":3,"name":"Inteligencia artificial"}]},{"@type":"WebSite","@id":"https:\/\/www.ferrovial.com\/es\/#website","url":"https:\/\/www.ferrovial.com\/es\/","name":"Ferrovial","description":"Welcome to the Ferrovial&#039;s website, global operator of sustainable infrastructure. Here you can find all the information about the company and subsidiaries.","publisher":{"@id":"https:\/\/www.ferrovial.com\/es\/#organization"},"potentialAction":[{"@type":"SearchAction","target":{"@type":"EntryPoint","urlTemplate":"https:\/\/www.ferrovial.com\/es\/?s={search_term_string}"},"query-input":{"@type":"PropertyValueSpecification","valueRequired":true,"valueName":"search_term_string"}}],"inLanguage":"es"},{"@type":"Organization","@id":"https:\/\/www.ferrovial.com\/es\/#organization","name":"Ferrovial S.A.","url":"https:\/\/www.ferrovial.com\/es\/","logo":{"@type":"ImageObject","inLanguage":"es","@id":"https:\/\/www.ferrovial.com\/es\/#\/schema\/logo\/image\/","url":"https:\/\/static.ferrovial.com\/wp-content\/uploads\/2020\/01\/13124948\/logo-ferrovial-cf7.png","contentUrl":"https:\/\/static.ferrovial.com\/wp-content\/uploads\/2020\/01\/13124948\/logo-ferrovial-cf7.png","width":144,"height":32,"caption":"Ferrovial S.A."},"image":{"@id":"https:\/\/www.ferrovial.com\/es\/#\/schema\/logo\/image\/"},"sameAs":["https:\/\/www.facebook.com\/ferrovial","https:\/\/x.com\/ferrovial","https:\/\/www.instagram.com\/ferrovial\/","https:\/\/www.linkedin.com\/company\/ferrovial","https:\/\/www.pinterest.es\/ferrovial\/","https:\/\/www.youtube.com\/ferrovial","https:\/\/en.wikipedia.org\/wiki\/Ferrovial"]}]}},"_links":{"self":[{"href":"https:\/\/www.ferrovial.com\/es\/wp-json\/wp\/v2\/pages\/206565","targetHints":{"allow":["GET"]}}],"collection":[{"href":"https:\/\/www.ferrovial.com\/es\/wp-json\/wp\/v2\/pages"}],"about":[{"href":"https:\/\/www.ferrovial.com\/es\/wp-json\/wp\/v2\/types\/page"}],"replies":[{"embeddable":true,"href":"https:\/\/www.ferrovial.com\/es\/wp-json\/wp\/v2\/comments?post=206565"}],"version-history":[{"count":3,"href":"https:\/\/www.ferrovial.com\/es\/wp-json\/wp\/v2\/pages\/206565\/revisions"}],"predecessor-version":[{"id":209035,"href":"https:\/\/www.ferrovial.com\/es\/wp-json\/wp\/v2\/pages\/206565\/revisions\/209035"}],"up":[{"embeddable":true,"href":"https:\/\/www.ferrovial.com\/es\/wp-json\/wp\/v2\/pages\/25267"}],"wp:attachment":[{"href":"https:\/\/www.ferrovial.com\/es\/wp-json\/wp\/v2\/media?parent=206565"}],"curies":[{"name":"wp","href":"https:\/\/api.w.org\/{rel}","templated":true}]}}