{"id":206571,"date":"2021-11-23T10:35:34","date_gmt":"2021-11-23T09:35:34","guid":{"rendered":"https:\/\/www.ferrovial.com\/?page_id=206571"},"modified":"2024-09-03T16:26:48","modified_gmt":"2024-09-03T14:26:48","slug":"economia-circular","status":"publish","type":"page","link":"https:\/\/www.ferrovial.com\/es\/recursos\/economia-circular\/","title":{"rendered":"Econom\u00eda circular"},"content":{"rendered":"    <m-final-content-header >\n            <c-breadcrumb label-text=\"Breadcrumb\" slot=\"breadcrumbs\" type='2' align='left' wrap='wrapped wrapped' aria-label='Vienes de Recursos'>\n                        <ol>\n\n                                                            <li><a href=\"https:\/\/www.ferrovial.com\/es\/\" title=\"Ferrovial\">Ferrovial<\/a><\/li>\n                                                                        <li><a href=\"https:\/\/www.ferrovial.com\/es\/recursos\/\" title=\"Recursos\">Recursos<\/a><\/li>\n                                    \n                <\/ol>\n\n                <\/c-breadcrumb>\n    \n        <div slot=\"header\">\n            <h1>\n                Econom\u00eda circular            <\/h1>\n                    <\/div>\n    <\/m-final-content-header>\n\n    \n\n\n<p><script type=\"application\/ld+json\">\n{\n  \"@context\": \"https:\/\/schema.org\",\n  \"@type\": \"FAQPage\",\n  \"mainEntity\": [{\n    \"@type\": \"Question\",\n    \"name\": \"\u00bfQu\u00e9 es la econom\u00eda circular?\",\n    \"acceptedAnswer\": {\n      \"@type\": \"Answer\",\n      \"text\": \"Es un t\u00e9rmino que se utiliza para explicar el cambio de paradigma en el ciclo de producci\u00f3n y consumo tradicional para darle paso a la reutilizaci\u00f3n, renovaci\u00f3n y reciclaje de materiales y productos con el objetivo de extender su vida \u00fatil y darles valor a\u00f1adido.\"\n    }\n  },{\n    \"@type\": \"Question\",\n    \"name\": \"\u00bfCu\u00e1les son las ventajas de la econom\u00eda circular?\",\n    \"acceptedAnswer\": {\n      \"@type\": \"Answer\",\n      \"text\": \"La econom\u00eda circular se presenta como un sistema para favorecer la sostenibilidad y reducir la explotaci\u00f3n de recursos finitos. Entre sus ventajas se pueden mencionar las siguientes: Crecimiento econ\u00f3mico, Reducci\u00f3n de costes, Creaci\u00f3n de oportunidades de empleo, Creaci\u00f3n de productos ecol\u00f3gicos e innovadores.\"\n    }\n  },{\n    \"@type\": \"Question\",\n    \"name\": \"\u00bfPor qu\u00e9 es necesaria la econom\u00eda circular?\",\n    \"acceptedAnswer\": {\n      \"@type\": \"Answer\",\n      \"text\": \"Dado el car\u00e1cter finito de ciertas materias primas, los recursos naturales se est\u00e1n agotando; esto hace necesario el paso definitivo del modelo de producci\u00f3n lineal actual a la econom\u00eda circular\"\n    }\n  },{\n    \"@type\": \"Question\",\n    \"name\": \"\u00bfQu\u00e9 diferencia la econom\u00eda circular y la lineal?\",\n    \"acceptedAnswer\": {\n      \"@type\": \"Answer\",\n      \"text\": \"La econom\u00eda lineal, tambi\u00e9n conocida como econom\u00eda tradicional, basa su concepto en hacer, usar y desechar. La econom\u00eda circular, por el contrario, pretende contrarrestar estos efectos a partir de una propuesta regenerativa: buscar que con los residuos de un proceso de producci\u00f3n y consumo de materia prima tengan una segunda vida \u00fatil para otros procesos de producci\u00f3n.\"\n    }\n  },{\n    \"@type\": \"Question\",\n    \"name\": \"\u00bfCu\u00e1l es el panorama mundial de la econom\u00eda circular?\",\n    \"acceptedAnswer\": {\n      \"@type\": \"Answer\",\n      \"text\": \"La econom\u00eda circular ser\u00e1 posible generar un beneficio de 1,8 billones de euros para el a\u00f1o 2030, lo que significa un 0,9 billones m\u00e1s que el actual camino recorrido por la econom\u00eda lineal o tradicional.\"\n    }\n  }]\n}\n<\/script><\/p>\n\n\n\n<m-wysiwig class=\"wp-block-components-wysiwyg\"><div slot=\"maincontent\">\n<h2 class=\"wp-block-heading\">\u00bfQu\u00e9 es la econom\u00eda circular?<\/h2>\n\n\n\n<p>Es un t\u00e9rmino que se utiliza para explicar el <strong>cambio de paradigma en el ciclo de producci\u00f3n y consumo tradicional<\/strong> para darle paso a la <strong>reutilizaci\u00f3n, renovaci\u00f3n y reciclaje de materiales y productos<\/strong> con el objetivo de extender su vida \u00fatil y darles valor a\u00f1adido. La econom\u00eda circular se contrapone a la econom\u00eda lineal; su aplicaci\u00f3n consigue <strong>reducir los residuos y las <\/strong><a href=\"https:\/\/www.ferrovial.com\/blog\/es\/2015\/12\/la-importancia-de-la-huella-de-carbono\/\" target=\"_blank\" rel=\"noreferrer noopener\"><strong>emisiones de gas invernadero<\/strong><\/a><strong> a nivel mundial, <\/strong>as\u00ed como ampliar el ciclo de los materiales dentro de la econom\u00eda.&nbsp;<\/p>\n\n\n\n<p>Este modelo est\u00e1 basado en el funcionamiento c\u00edclico de la naturaleza, donde <strong>todo tiene una nueva utilidad,<\/strong> sin generar desperdicios. Su objetivo principal es reducir el <a href=\"https:\/\/www.ferrovial.com\/es-es\/energias-alternativas\/\" target=\"_blank\" rel=\"noreferrer noopener\">uso de materias primas<\/a>, reutilizar lo que ya existe y reciclar los desechos que se generen.&nbsp;<\/p>\n\n\n\n<h2 class=\"wp-block-heading\">\u00bfCu\u00e1les son las ventajas de la econom\u00eda circular?&nbsp;<\/h2>\n\n\n\n<p>La econom\u00eda circular se presenta como un sistema para <strong>favorecer la sostenibilidad <\/strong>y reducir la explotaci\u00f3n de recursos finitos. Entre sus ventajas se pueden mencionar las siguientes:<\/p>\n\n\n\n<ul class=\"wp-block-list\">\n<li><strong>Crecimiento econ\u00f3mico:<\/strong> favorece el desarrollo de nuevos modelos de negocios, tecnol\u00f3gicos y de innovaci\u00f3n que potencian el valor econ\u00f3mico de los recursos naturales.<\/li>\n\n\n\n<li><strong>Reducci\u00f3n de costes: <\/strong>gracias al uso y valor que se les da a los residuos dentro del proceso de producci\u00f3n, que reduce la inversi\u00f3n en nueva materia prima y el gasto en el traslado de los desechos.<\/li>\n\n\n\n<li><strong>Creaci\u00f3n de oportunidades de empleo: <\/strong>no solo de fabricaci\u00f3n, sino de desarrollo de la econom\u00eda local, surgimiento de peque\u00f1as y medianas empresas, as\u00ed como espacios <strong>para el emprendimiento.<\/strong><\/li>\n\n\n\n<li><strong>Creaci\u00f3n de productos ecol\u00f3gicos e innovadores: <\/strong>m\u00e1s duraderos y que suponen un ahorro para el consumidor final.\u00a0<\/li>\n<\/ul>\n\n\n\n<h2 class=\"wp-block-heading\">\u00bfPor qu\u00e9 es necesaria la econom\u00eda circular?<\/h2>\n\n\n\n<p><strong>Dado el car\u00e1cter finito de ciertas materias primas, los recursos naturales se est\u00e1n agotando;<\/strong> esto hace necesario el paso definitivo del modelo de producci\u00f3n lineal actual a la econom\u00eda circular, necesaria para:<\/p>\n\n\n\n<ol class=\"wp-block-list\">\n<li><strong>Reducir<\/strong> la producci\u00f3n al m\u00ednimo indispensable.<\/li>\n\n\n\n<li><strong>Reutilizar<\/strong> los recursos de la naturaleza que ya han sido extra\u00eddos y a los que pueda d\u00e1rseles un segundo uso.<\/li>\n\n\n\n<li><strong>Reciclar <\/strong>la materia prima ya explotada.<\/li>\n<\/ol>\n\n\n\n<p>Otra de las razones por las que es conveniente la implementaci\u00f3n de la econom\u00eda circular es la <strong>mejora de las condiciones medioambientales. <\/strong>La constante extracci\u00f3n de materia prima aumenta el consumo de energ\u00eda y la emisi\u00f3n de CO<sup>2<\/sup>, por lo que un uso m\u00e1s sostenible e inteligente de esta podr\u00eda <strong>reducir considerablemente las emisiones de di\u00f3xido de carbono<\/strong>. Seg\u00fan el <a href=\"https:\/\/www.europarl.europa.eu\/news\/es\/headlines\/priorities\/cambio-climatico\/20180305STO99003\/reducir-las-emisiones-de-carbono-objetivos-y-acciones-de-la-ue\" target=\"_blank\" rel=\"noreferrer noopener\">Pacto Verde Europeo<\/a>, el objetivo es que para 2030 se reduzca en un <strong>60%.<\/strong> El desarrollo de la econom\u00eda circular tiene que atravesar transversalmente todos los sectores de la sociedad para generar cambios realmente tangibles.&nbsp;&nbsp;<\/p>\n\n\n\n<h2 class=\"wp-block-heading\">\u00bfQu\u00e9 diferencia la econom\u00eda circular y la lineal?<\/h2>\n\n\n\n<p>La econom\u00eda lineal, tambi\u00e9n conocida como econom\u00eda tradicional, basa su concepto en <strong>hacer, usar y desechar. <\/strong>Esto demanda grandes cantidades de materia prima, as\u00ed como tambi\u00e9n energ\u00eda de f\u00e1cil acceso para su producci\u00f3n, distribuci\u00f3n y consumo.<strong> <\/strong>En este modelo, <strong>el consumo es a corto plazo y no toma en cuenta el cuidado del medioambiente. <\/strong>Sus objetivos principales son <strong>abaratar costos <\/strong>(con frecuencia gracias al uso irresponsable de recursos) y aumentar el consumo, sin poner atenci\u00f3n al impacto negativo que tiene la generaci\u00f3n de residuos y el corto tiempo de vida de los productos.<\/p>\n\n\n\n<p>La econom\u00eda circular, por el contrario, pretende <strong>contrarrestar estos efectos a partir de una propuesta regenerativa:<\/strong> buscar que con los residuos de un proceso de producci\u00f3n y consumo de materia prima <strong>tengan una segunda vida \u00fatil para otros procesos de producci\u00f3n. <\/strong>Esto, adem\u00e1s de ser medioambientalmente sostenible, tambi\u00e9n es econ\u00f3micamente favorable, contribuyendo a optimizar el capital y resultando sostenible a largo plazo<strong>.<\/strong><\/p>\n\n\n\n<h2 class=\"wp-block-heading\">\u00bfCu\u00e1l es el panorama mundial de la econom\u00eda circular?<\/h2>\n\n\n\n<p>Un <a href=\"https:\/\/ellenmacarthurfoundation.org\/growth-within-a-circular-economy-vision-for-a-competitive-europe\" target=\"_blank\" rel=\"noreferrer noopener\">estudio<\/a> realizado por la Fundaci\u00f3n Ellen McArthur y el Centro de McKinsey para Negocios y Medio Ambiente refleja que con la econom\u00eda circular ser\u00e1 posible<strong> generar un beneficio de 1,8 billones de euros para el a\u00f1o 2030, lo que significa un 0,9 billones m\u00e1s<\/strong> que el actual camino recorrido por la econom\u00eda lineal o tradicional.&nbsp;<\/p>\n\n\n\n<p>De igual forma, de acuerdo con un estudio realizado por la Comisi\u00f3n Europea, para ese mismo a\u00f1o podr\u00edan generarse m\u00e1s de <strong>700.000 puestos de trabajo solo en la UE.<\/strong><\/p>\n<\/div><\/m-wysiwig>\n\n\n    <m-projects-distributor2 :translations='{\n        &quot;prev&quot;:&quot;Anterior&quot;,\n        &quot;next&quot;:&quot;Siguiente&quot;,\n        &quot;paginationseparator&quot;:&quot;de&quot;\n    }'>\n                        <h2 slot=\"title\">\n                Nuestros proyectos destacados                <\/h2>\n                        <a slot='button' title='Conoce nuestros proyectos ' href='https:\/\/www.ferrovial.com\/es\/cintra\/proyectos\/'>\n            Conoce nuestros proyectos         <\/a>\n\n            <\/m-projects-distributor2>\n\n    ","protected":false},"excerpt":{"rendered":"","protected":false},"featured_media":0,"parent":25267,"menu_order":0,"comment_status":"closed","ping_status":"closed","template":"","meta":{"_acf_changed":false,"footnotes":""},"class_list":["post-206571","page","type-page","status-publish","hentry"],"acf":[],"yoast_head":"<!-- This site is optimized with the Yoast SEO plugin v27.2 - https:\/\/yoast.com\/product\/yoast-seo-wordpress\/ -->\n<title>Qu\u00e9 es la econom\u00eda circular y cu\u00e1les son sus ventajas - Ferrovial<\/title>\n<meta name=\"description\" content=\"Reutilizaci\u00f3n, renovaci\u00f3n y reciclaje de materiales y productos con el objetivo de extender su vida \u00fatil y darles valor a\u00f1adido. La econom\u00eda circular pretende conseguir reducir los residuos...\" \/>\n<meta name=\"robots\" content=\"index, follow, max-snippet:-1, max-image-preview:large, max-video-preview:-1\" \/>\n<link rel=\"canonical\" href=\"https:\/\/www.ferrovial.com\/es\/recursos\/economia-circular\/\" \/>\n<meta property=\"og:locale\" content=\"es_ES\" \/>\n<meta property=\"og:type\" content=\"article\" \/>\n<meta property=\"og:title\" content=\"Qu\u00e9 es la econom\u00eda circular y cu\u00e1les son sus ventajas - Ferrovial\" \/>\n<meta property=\"og:description\" content=\"Reutilizaci\u00f3n, renovaci\u00f3n y reciclaje de materiales y productos con el objetivo de extender su vida \u00fatil y darles valor a\u00f1adido. La econom\u00eda circular pretende conseguir reducir los residuos...\" \/>\n<meta property=\"og:url\" content=\"https:\/\/www.ferrovial.com\/es\/recursos\/economia-circular\/\" \/>\n<meta property=\"og:site_name\" content=\"Ferrovial\" \/>\n<meta property=\"article:publisher\" content=\"https:\/\/www.facebook.com\/ferrovial\" \/>\n<meta property=\"article:modified_time\" content=\"2024-09-03T14:26:48+00:00\" \/>\n<meta name=\"twitter:card\" content=\"summary_large_image\" \/>\n<meta name=\"twitter:site\" content=\"@ferrovial\" \/>\n<meta name=\"twitter:label1\" content=\"Est. reading time\" \/>\n\t<meta name=\"twitter:data1\" content=\"4 minutos\" \/>\n<!-- \/ Yoast SEO plugin. -->","yoast_head_json":{"title":"Qu\u00e9 es la econom\u00eda circular y cu\u00e1les son sus ventajas - Ferrovial","description":"Reutilizaci\u00f3n, renovaci\u00f3n y reciclaje de materiales y productos con el objetivo de extender su vida \u00fatil y darles valor a\u00f1adido. La econom\u00eda circular pretende conseguir reducir los residuos...","robots":{"index":"index","follow":"follow","max-snippet":"max-snippet:-1","max-image-preview":"max-image-preview:large","max-video-preview":"max-video-preview:-1"},"canonical":"https:\/\/www.ferrovial.com\/es\/recursos\/economia-circular\/","og_locale":"es_ES","og_type":"article","og_title":"Qu\u00e9 es la econom\u00eda circular y cu\u00e1les son sus ventajas - Ferrovial","og_description":"Reutilizaci\u00f3n, renovaci\u00f3n y reciclaje de materiales y productos con el objetivo de extender su vida \u00fatil y darles valor a\u00f1adido. La econom\u00eda circular pretende conseguir reducir los residuos...","og_url":"https:\/\/www.ferrovial.com\/es\/recursos\/economia-circular\/","og_site_name":"Ferrovial","article_publisher":"https:\/\/www.facebook.com\/ferrovial","article_modified_time":"2024-09-03T14:26:48+00:00","twitter_card":"summary_large_image","twitter_site":"@ferrovial","twitter_misc":{"Est. reading time":"4 minutos"},"schema":{"@context":"https:\/\/schema.org","@graph":[{"@type":"WebPage","@id":"https:\/\/www.ferrovial.com\/es\/recursos\/economia-circular\/","url":"https:\/\/www.ferrovial.com\/es\/recursos\/economia-circular\/","name":"Qu\u00e9 es la econom\u00eda circular y cu\u00e1les son sus ventajas - Ferrovial","isPartOf":{"@id":"https:\/\/www.ferrovial.com\/es\/#website"},"datePublished":"2021-11-23T09:35:34+00:00","dateModified":"2024-09-03T14:26:48+00:00","description":"Reutilizaci\u00f3n, renovaci\u00f3n y reciclaje de materiales y productos con el objetivo de extender su vida \u00fatil y darles valor a\u00f1adido. La econom\u00eda circular pretende conseguir reducir los residuos...","breadcrumb":{"@id":"https:\/\/www.ferrovial.com\/es\/recursos\/economia-circular\/#breadcrumb"},"inLanguage":"es","potentialAction":[{"@type":"ReadAction","target":["https:\/\/www.ferrovial.com\/es\/recursos\/economia-circular\/"]}]},{"@type":"BreadcrumbList","@id":"https:\/\/www.ferrovial.com\/es\/recursos\/economia-circular\/#breadcrumb","itemListElement":[{"@type":"ListItem","position":1,"name":"Portada","item":"https:\/\/www.ferrovial.com\/es\/"},{"@type":"ListItem","position":2,"name":"Recursos","item":"https:\/\/www.ferrovial.com\/es\/recursos\/"},{"@type":"ListItem","position":3,"name":"Econom\u00eda circular"}]},{"@type":"WebSite","@id":"https:\/\/www.ferrovial.com\/es\/#website","url":"https:\/\/www.ferrovial.com\/es\/","name":"Ferrovial","description":"Welcome to the Ferrovial&#039;s website, global operator of sustainable infrastructure. Here you can find all the information about the company and subsidiaries.","publisher":{"@id":"https:\/\/www.ferrovial.com\/es\/#organization"},"potentialAction":[{"@type":"SearchAction","target":{"@type":"EntryPoint","urlTemplate":"https:\/\/www.ferrovial.com\/es\/?s={search_term_string}"},"query-input":{"@type":"PropertyValueSpecification","valueRequired":true,"valueName":"search_term_string"}}],"inLanguage":"es"},{"@type":"Organization","@id":"https:\/\/www.ferrovial.com\/es\/#organization","name":"Ferrovial S.A.","url":"https:\/\/www.ferrovial.com\/es\/","logo":{"@type":"ImageObject","inLanguage":"es","@id":"https:\/\/www.ferrovial.com\/es\/#\/schema\/logo\/image\/","url":"https:\/\/static.ferrovial.com\/wp-content\/uploads\/2020\/01\/13124948\/logo-ferrovial-cf7.png","contentUrl":"https:\/\/static.ferrovial.com\/wp-content\/uploads\/2020\/01\/13124948\/logo-ferrovial-cf7.png","width":144,"height":32,"caption":"Ferrovial S.A."},"image":{"@id":"https:\/\/www.ferrovial.com\/es\/#\/schema\/logo\/image\/"},"sameAs":["https:\/\/www.facebook.com\/ferrovial","https:\/\/x.com\/ferrovial","https:\/\/www.instagram.com\/ferrovial\/","https:\/\/www.linkedin.com\/company\/ferrovial","https:\/\/www.pinterest.es\/ferrovial\/","https:\/\/www.youtube.com\/ferrovial","https:\/\/en.wikipedia.org\/wiki\/Ferrovial"]}]}},"_links":{"self":[{"href":"https:\/\/www.ferrovial.com\/es\/wp-json\/wp\/v2\/pages\/206571","targetHints":{"allow":["GET"]}}],"collection":[{"href":"https:\/\/www.ferrovial.com\/es\/wp-json\/wp\/v2\/pages"}],"about":[{"href":"https:\/\/www.ferrovial.com\/es\/wp-json\/wp\/v2\/types\/page"}],"replies":[{"embeddable":true,"href":"https:\/\/www.ferrovial.com\/es\/wp-json\/wp\/v2\/comments?post=206571"}],"version-history":[{"count":3,"href":"https:\/\/www.ferrovial.com\/es\/wp-json\/wp\/v2\/pages\/206571\/revisions"}],"predecessor-version":[{"id":287512,"href":"https:\/\/www.ferrovial.com\/es\/wp-json\/wp\/v2\/pages\/206571\/revisions\/287512"}],"up":[{"embeddable":true,"href":"https:\/\/www.ferrovial.com\/es\/wp-json\/wp\/v2\/pages\/25267"}],"wp:attachment":[{"href":"https:\/\/www.ferrovial.com\/es\/wp-json\/wp\/v2\/media?parent=206571"}],"curies":[{"name":"wp","href":"https:\/\/api.w.org\/{rel}","templated":true}]}}