{"id":206586,"date":"2021-11-23T10:47:48","date_gmt":"2021-11-23T09:47:48","guid":{"rendered":"https:\/\/www.ferrovial.com\/?page_id=206586"},"modified":"2022-09-22T17:55:49","modified_gmt":"2022-09-22T15:55:49","slug":"internet-de-las-cosas","status":"publish","type":"page","link":"https:\/\/www.ferrovial.com\/es\/recursos\/internet-de-las-cosas\/","title":{"rendered":"Internet de las cosas"},"content":{"rendered":"    <m-final-content-header >\n            <c-breadcrumb label-text=\"Breadcrumb\" slot=\"breadcrumbs\" type='2' align='left' wrap='wrapped wrapped' aria-label='Vienes de Recursos'>\n                        <ol>\n\n                                                            <li><a href=\"https:\/\/www.ferrovial.com\/es\/\" title=\"Ferrovial\">Ferrovial<\/a><\/li>\n                                                                        <li><a href=\"https:\/\/www.ferrovial.com\/es\/recursos\/\" title=\"Recursos\">Recursos<\/a><\/li>\n                                    \n                <\/ol>\n\n                <\/c-breadcrumb>\n    \n        <div slot=\"header\">\n            <h1>\n                Internet de las cosas (IoT)            <\/h1>\n                    <\/div>\n    <\/m-final-content-header>\n\n    \n\n\n<p><script type=\"application\/ld+json\">\n{\n  \"@context\": \"https:\/\/schema.org\",\n  \"@type\": \"FAQPage\",\n  \"mainEntity\": [{\n    \"@type\": \"Question\",\n    \"name\": \"\u00bfQu\u00e9 es el Internet de las cosas?\",\n    \"acceptedAnswer\": {\n      \"@type\": \"Answer\",\n      \"text\": \"El Internet de las cosas (IoT, por sus siglas del ingl\u00e9s Internet of Things), es el t\u00e9rmino que se utiliza para explicar la conexi\u00f3n entre los objetos f\u00edsicos del d\u00eda a d\u00eda con el Internet. El t\u00e9rmino se aplica para hablar de cosas que van desde electrodom\u00e9sticos hasta ciudades inteligentes.\n\nEsta conexi\u00f3n se traduce en un intercambio de datos entre dispositivos a trav\u00e9s de Internet, \u00fatil para recabar informaci\u00f3n sobre usos y rendimientos para establecer patrones y mejorar la eficiencia y experiencia del usuario.\"\n    }\n  },{\n    \"@type\": \"Question\",\n    \"name\": \"\u00bfC\u00f3mo funciona el Internet de las cosas?\",\n    \"acceptedAnswer\": {\n      \"@type\": \"Answer\",\n      \"text\": \"Los sistemas basados en IoT se sustentan en dispositivos inteligentes integrados, como procesadores, hardwares y softwares encargados de recolectar, procesar, transferir y actuar en los entornos en los que funcionan. Esta informaci\u00f3n es compartida a trav\u00e9s de redes inal\u00e1mbricas y la intervenci\u00f3n humana se limita al establecimiento de reglas de configuraci\u00f3n.\"\n    }\n  },{\n    \"@type\": \"Question\",\n    \"name\": \"\u00bfQu\u00e9 ventajas y desventajas ofrece el IoT?\",\n    \"acceptedAnswer\": {\n      \"@type\": \"Answer\",\n      \"text\": \"'<ul>'\n\n   '<li>' Conexi\u00f3n constante a la red '<\/li>'\n   '<li>' Aumento de eficiencia y productividad '<\/li>'\n  \t'<li>' Ahorro energ\u00e9tico y procesos sostenibles ' <\/li>'\n'<li>' Automatizaci\u00f3n de procesos ' <\/li>'\n'<li>' Comunicaci\u00f3n con el entorno cotidiano ' <\/li>'\n  '<\/ul>'\"\n    }\n  },{\n    \"@type\": \"Question\",\n    \"name\": \"\u00bfEl IoT puede usarse a favor de la sostenibilidad?\",\n    \"acceptedAnswer\": {\n      \"@type\": \"Answer\",\n      \"text\": \"No cabe duda de que Internet es un facilitador de iniciativas sostenibles. De acuerdo con el Foro Econ\u00f3mico Mundial, un 75% de los proyectos con Internet de las cosas se centran en la eficiencia energ\u00e9tica en las ciudades, energ\u00edas sostenibles y el consumo responsable.\"\n    }\n  },{\n    \"@type\": \"Question\",\n    \"name\": \"\u00bfC\u00f3mo se est\u00e1 utilizando el IoT?\",\n    \"acceptedAnswer\": {\n      \"@type\": \"Answer\",\n      \"text\": \"Hoy en d\u00eda, se calcula que alrededor de cien millones de casas alrededor del mundo cuentan con asistentes inteligentes capaces de hacer llamadas, reproducir m\u00fasica, ordenar comida a domicilio, encender el coche, hacer compras online, recomendar recetas de cocina, entre otras miles de funciones posibles, a trav\u00e9s del comando vocal.\"\n    }\n  }]\n}\n<\/script><\/p>\n\n\n\n<m-wysiwig class=\"wp-block-components-wysiwyg\"><div slot=\"maincontent\">\n<h2 class=\"wp-block-heading\">\u00bfQu\u00e9 es el Internet de las cosas?<\/h2>\n\n\n\n<p>El Internet de las cosas (IoT, por sus siglas del ingl\u00e9s <em>Internet of Things<\/em>), es el t\u00e9rmino que se utiliza para explicar la <strong>conexi\u00f3n entre los objetos f\u00edsicos del d\u00eda a d\u00eda con el Internet. <\/strong>El t\u00e9rmino se aplica para hablar de cosas que van desde electrodom\u00e9sticos hasta ciudades inteligentes.<\/p>\n\n\n\n<p>Esta conexi\u00f3n se traduce en un <strong>intercambio de datos<\/strong> entre dispositivos a trav\u00e9s de Internet, \u00fatil para <strong>recabar informaci\u00f3n sobre usos y rendimientos para establecer patrones y mejorar la eficiencia y experiencia del usuario.&nbsp; <\/strong>De esta manera, los distintos dispositivos que forman parte de la vida cotidiana de las personas se ajustan cada vez mejor a sus necesidades y facilitan m\u00e1s el d\u00eda a d\u00eda. Los veh\u00edculos aut\u00f3nomos y los tel\u00e9fonos inteligentes son algunos ejemplos del IoT.<\/p>\n\n\n\n<h2 class=\"wp-block-heading\">\u00bfC\u00f3mo funciona el Internet de las cosas?<\/h2>\n\n\n\n<p>Los sistemas basados en IoT se sustentan en dispositivos inteligentes integrados, como procesadores, <em>hardwares <\/em>y <em>softwares<\/em> encargados de <strong>recolectar, procesar, transferir y actuar<\/strong> en los entornos en los que funcionan. Esta informaci\u00f3n es compartida a trav\u00e9s de redes inal\u00e1mbricas y la intervenci\u00f3n humana se limita al establecimiento de reglas de configuraci\u00f3n.&nbsp;<\/p>\n\n\n\n<p>El proceso se denomina <em>machine to machine<\/em> (M2M), es decir que dos m\u00e1quinas se comunican entre s\u00ed a trav\u00e9s de WiFi, <em>Bluetooth<\/em> o cable, haciendo el trabajo de traspaso de informaci\u00f3n. Los dispositivos interconectados <strong>generan informaci\u00f3n relevante en beneficio de los usuarios.<\/strong><\/p>\n\n\n\n<h2 class=\"wp-block-heading\">\u00bfQu\u00e9 ventajas y desventajas ofrece el IoT?<\/h2>\n\n\n\n<p>Adem\u00e1s del usuario corriente, cada vez son m\u00e1s las empresas e instituciones que apelan al Internet de las cosas como una <strong>oportunidad para mejorar sus procesos y operaciones. <\/strong>Algunas de sus ventajas son:<\/p>\n\n\n\n<ul class=\"wp-block-list\"><li><strong>Conexi\u00f3n constante a la red: <\/strong>es su mayor ventaja, porque le otorga acceso constante a todo lo que en Internet est\u00e1 disponible.<\/li><li><strong>Aumento de eficiencia y productividad:<\/strong> Gracias al IoT se pueden ejecutar m\u00faltiples tareas de una manera c\u00f3moda, r\u00e1pida y eficiente, aumentando la productividad.<\/li><li><strong>Ahorro energ\u00e9tico y procesos sostenibles: <\/strong>la automatizaci\u00f3n controlada de los procesos implica menor consumo y mayor ahorro energ\u00e9tico. As\u00ed ocurre, por ejemplo, con la climatizaci\u00f3n de los hogares a trav\u00e9s de dispositivos con IoT que regulan la temperatura interna de la casa en funci\u00f3n a la temperatura exterior.<\/li><li><strong>Automatizaci\u00f3n de procesos:<\/strong> facilita la realizaci\u00f3n de tareas sin necesidad de la intervenci\u00f3n humana.<\/li><li><strong>Comunicaci\u00f3n con el entorno cotidiano:<\/strong> a trav\u00e9s del IoT la informaci\u00f3n se convierte en acci\u00f3n inmediata, permitiendo ejecutar actividades del d\u00eda a d\u00eda \u2014como abrir puertas desde el tel\u00e9fono m\u00f3vil o recibir informaci\u00f3n \u00fatil seg\u00fan la geolocalizaci\u00f3n del usuario, por ejemplo, sobre accidentes o atascos\u2014.<\/li><\/ul>\n\n\n\n<p>Si bien no podr\u00edan considerarse como desventajas, el Internet de las cosas conlleva algunas limitantes para los usuarios, como por ejemplo: la inversi\u00f3n en la adquisici\u00f3n de los equipos con esta tecnolog\u00eda, la falta de compatibilidad entre ciertos dispositivos que no cuentan con el mismo sistema operativo o el riesgo a sufrir ciberataques cuando la informaci\u00f3n compartida en la red no est\u00e1 cifrada.&nbsp;<\/p>\n\n\n\n<h2 class=\"wp-block-heading\">\u00bfEl IoT puede usarse a favor de la sostenibilidad?<\/h2>\n\n\n\n<p>No cabe duda de que Internet es un <strong>facilitador de iniciativas sostenibles.<\/strong> De acuerdo con el Foro Econ\u00f3mico Mundial, un <strong>75% de los proyectos<\/strong> con Internet de las cosas se centran en la eficiencia energ\u00e9tica en las ciudades, energ\u00edas sostenibles y el consumo responsable. Por ejemplo:<\/p>\n\n\n\n<ol class=\"wp-block-list\"><li><strong>IoT y eficiencia energ\u00e9tica. <\/strong>En este sector se interconectan sensores, algoritmos y redes de comunicaci\u00f3n para anticipar la demanda el\u00e9ctrica y as\u00ed realizar una distribuci\u00f3n sostenible de la energ\u00eda para reducir el precio del kW. De acuerdo con un estudio del Foro Econ\u00f3mico Mundial, se estima que para el a\u00f1o 2030 exista un ahorro de consumo energ\u00e9tico por encima de los mil millones de MWh.&nbsp;&nbsp;<\/li><li><strong>IoT y uso del agua. <\/strong>Esta tecnolog\u00eda pone en funcionamiento m\u00e1quinas para recoger datos en tiempo real que permitan hacer uso eficiente del agua y reducir su consumo. Se activan sensores que son capaces de medir la humedad del suelo, as\u00ed como de prever lluvias, para determinar el momento y cantidad adecuada de agua de los sistemas riegos.&nbsp;<\/li><\/ol>\n\n\n\n<h2 class=\"wp-block-heading\">\u00bfC\u00f3mo se est\u00e1 utilizando el IoT?<\/h2>\n\n\n\n<p>Seg\u00fan un estudio de <a href=\"https:\/\/www.idc.com\/getdoc.jsp?containerId=US46718220\" target=\"_blank\" rel=\"noreferrer noopener\">Worldwide Global DataSphere IoT Devices and Data Forecast<\/a>, para el a\u00f1o 2025 habr\u00e1 m\u00e1s de <strong>41 mil millones de dispositivos conectados.<\/strong><\/p>\n\n\n\n<p>Hoy en d\u00eda, se calcula que alrededor de cien millones de casas alrededor del mundo cuentan con asistentes inteligentes capaces de hacer llamadas, reproducir m\u00fasica, ordenar comida a domicilio, encender el coche, hacer compras online, recomendar recetas de cocina, entre otras miles de funciones posibles, a trav\u00e9s del comando vocal.<\/p>\n\n\n\n<p>En Francia, los camiones de gesti\u00f3n de residuos cuentan con tarjetas SIM M2M para conectarlos a trav\u00e9s de comandos de voz a los centros del grupo.<\/p>\n\n\n\n<p>Por su parte, la ciudad espa\u00f1ola de Santander, se vale del IoT para controlar, a trav\u00e9s de sensores, el movimiento de personas, su consumo energ\u00e9tico y el acceso a servicios de emergencia seg\u00fan su geolocalizaci\u00f3n.<\/p>\n<\/div><\/m-wysiwig>\n\n\n    <m-projects-distributor2 :translations='{\n        &quot;prev&quot;:&quot;Anterior&quot;,\n        &quot;next&quot;:&quot;Siguiente&quot;,\n        &quot;paginationseparator&quot;:&quot;de&quot;\n    }'>\n                        <h2 slot=\"title\">\n                Nuestros proyectos destacados                <\/h2>\n                        <a slot='button' title='Conoce nuestros proyectos ' href='https:\/\/www.ferrovial.com\/es\/cintra\/proyectos\/'>\n            Conoce nuestros proyectos         <\/a>\n\n            <\/m-projects-distributor2>\n\n    ","protected":false},"excerpt":{"rendered":"","protected":false},"featured_media":0,"parent":25267,"menu_order":0,"comment_status":"closed","ping_status":"closed","template":"","meta":{"_acf_changed":false,"footnotes":""},"class_list":["post-206586","page","type-page","status-publish","hentry"],"acf":[],"yoast_head":"<!-- This site is optimized with the Yoast SEO plugin v27.2 - https:\/\/yoast.com\/product\/yoast-seo-wordpress\/ -->\n<title>Qu\u00e9 es el internet de las cosas o IoT: Ventajas y desventajas - Ferrovial<\/title>\n<meta name=\"description\" content=\"El Internet de las cosas, es el t\u00e9rmino que se utiliza para explicar la conexi\u00f3n entre los objetos f\u00edsicos del d\u00eda a d\u00eda con el Internet.\" \/>\n<meta name=\"robots\" content=\"index, follow, max-snippet:-1, max-image-preview:large, max-video-preview:-1\" \/>\n<link rel=\"canonical\" href=\"https:\/\/www.ferrovial.com\/es\/recursos\/internet-de-las-cosas\/\" \/>\n<meta property=\"og:locale\" content=\"es_ES\" \/>\n<meta property=\"og:type\" content=\"article\" \/>\n<meta property=\"og:title\" content=\"Qu\u00e9 es el internet de las cosas o IoT: Ventajas y desventajas - Ferrovial\" \/>\n<meta property=\"og:description\" content=\"El Internet de las cosas, es el t\u00e9rmino que se utiliza para explicar la conexi\u00f3n entre los objetos f\u00edsicos del d\u00eda a d\u00eda con el Internet.\" \/>\n<meta property=\"og:url\" content=\"https:\/\/www.ferrovial.com\/es\/recursos\/internet-de-las-cosas\/\" \/>\n<meta property=\"og:site_name\" content=\"Ferrovial\" \/>\n<meta property=\"article:publisher\" content=\"https:\/\/www.facebook.com\/ferrovial\" \/>\n<meta property=\"article:modified_time\" content=\"2022-09-22T15:55:49+00:00\" \/>\n<meta name=\"twitter:card\" content=\"summary_large_image\" \/>\n<meta name=\"twitter:site\" content=\"@ferrovial\" \/>\n<meta name=\"twitter:label1\" content=\"Est. reading time\" \/>\n\t<meta name=\"twitter:data1\" content=\"6 minutos\" \/>\n<!-- \/ Yoast SEO plugin. -->","yoast_head_json":{"title":"Qu\u00e9 es el internet de las cosas o IoT: Ventajas y desventajas - Ferrovial","description":"El Internet de las cosas, es el t\u00e9rmino que se utiliza para explicar la conexi\u00f3n entre los objetos f\u00edsicos del d\u00eda a d\u00eda con el Internet.","robots":{"index":"index","follow":"follow","max-snippet":"max-snippet:-1","max-image-preview":"max-image-preview:large","max-video-preview":"max-video-preview:-1"},"canonical":"https:\/\/www.ferrovial.com\/es\/recursos\/internet-de-las-cosas\/","og_locale":"es_ES","og_type":"article","og_title":"Qu\u00e9 es el internet de las cosas o IoT: Ventajas y desventajas - Ferrovial","og_description":"El Internet de las cosas, es el t\u00e9rmino que se utiliza para explicar la conexi\u00f3n entre los objetos f\u00edsicos del d\u00eda a d\u00eda con el Internet.","og_url":"https:\/\/www.ferrovial.com\/es\/recursos\/internet-de-las-cosas\/","og_site_name":"Ferrovial","article_publisher":"https:\/\/www.facebook.com\/ferrovial","article_modified_time":"2022-09-22T15:55:49+00:00","twitter_card":"summary_large_image","twitter_site":"@ferrovial","twitter_misc":{"Est. reading time":"6 minutos"},"schema":{"@context":"https:\/\/schema.org","@graph":[{"@type":"WebPage","@id":"https:\/\/www.ferrovial.com\/es\/recursos\/internet-de-las-cosas\/","url":"https:\/\/www.ferrovial.com\/es\/recursos\/internet-de-las-cosas\/","name":"Qu\u00e9 es el internet de las cosas o IoT: Ventajas y desventajas - Ferrovial","isPartOf":{"@id":"https:\/\/www.ferrovial.com\/es\/#website"},"datePublished":"2021-11-23T09:47:48+00:00","dateModified":"2022-09-22T15:55:49+00:00","description":"El Internet de las cosas, es el t\u00e9rmino que se utiliza para explicar la conexi\u00f3n entre los objetos f\u00edsicos del d\u00eda a d\u00eda con el Internet.","breadcrumb":{"@id":"https:\/\/www.ferrovial.com\/es\/recursos\/internet-de-las-cosas\/#breadcrumb"},"inLanguage":"es","potentialAction":[{"@type":"ReadAction","target":["https:\/\/www.ferrovial.com\/es\/recursos\/internet-de-las-cosas\/"]}]},{"@type":"BreadcrumbList","@id":"https:\/\/www.ferrovial.com\/es\/recursos\/internet-de-las-cosas\/#breadcrumb","itemListElement":[{"@type":"ListItem","position":1,"name":"Portada","item":"https:\/\/www.ferrovial.com\/es\/"},{"@type":"ListItem","position":2,"name":"Recursos","item":"https:\/\/www.ferrovial.com\/es\/recursos\/"},{"@type":"ListItem","position":3,"name":"Internet de las cosas"}]},{"@type":"WebSite","@id":"https:\/\/www.ferrovial.com\/es\/#website","url":"https:\/\/www.ferrovial.com\/es\/","name":"Ferrovial","description":"Welcome to the Ferrovial&#039;s website, global operator of sustainable infrastructure. Here you can find all the information about the company and subsidiaries.","publisher":{"@id":"https:\/\/www.ferrovial.com\/es\/#organization"},"potentialAction":[{"@type":"SearchAction","target":{"@type":"EntryPoint","urlTemplate":"https:\/\/www.ferrovial.com\/es\/?s={search_term_string}"},"query-input":{"@type":"PropertyValueSpecification","valueRequired":true,"valueName":"search_term_string"}}],"inLanguage":"es"},{"@type":"Organization","@id":"https:\/\/www.ferrovial.com\/es\/#organization","name":"Ferrovial S.A.","url":"https:\/\/www.ferrovial.com\/es\/","logo":{"@type":"ImageObject","inLanguage":"es","@id":"https:\/\/www.ferrovial.com\/es\/#\/schema\/logo\/image\/","url":"https:\/\/static.ferrovial.com\/wp-content\/uploads\/2020\/01\/13124948\/logo-ferrovial-cf7.png","contentUrl":"https:\/\/static.ferrovial.com\/wp-content\/uploads\/2020\/01\/13124948\/logo-ferrovial-cf7.png","width":144,"height":32,"caption":"Ferrovial S.A."},"image":{"@id":"https:\/\/www.ferrovial.com\/es\/#\/schema\/logo\/image\/"},"sameAs":["https:\/\/www.facebook.com\/ferrovial","https:\/\/x.com\/ferrovial","https:\/\/www.instagram.com\/ferrovial\/","https:\/\/www.linkedin.com\/company\/ferrovial","https:\/\/www.pinterest.es\/ferrovial\/","https:\/\/www.youtube.com\/ferrovial","https:\/\/en.wikipedia.org\/wiki\/Ferrovial"]}]}},"_links":{"self":[{"href":"https:\/\/www.ferrovial.com\/es\/wp-json\/wp\/v2\/pages\/206586","targetHints":{"allow":["GET"]}}],"collection":[{"href":"https:\/\/www.ferrovial.com\/es\/wp-json\/wp\/v2\/pages"}],"about":[{"href":"https:\/\/www.ferrovial.com\/es\/wp-json\/wp\/v2\/types\/page"}],"replies":[{"embeddable":true,"href":"https:\/\/www.ferrovial.com\/es\/wp-json\/wp\/v2\/comments?post=206586"}],"version-history":[{"count":2,"href":"https:\/\/www.ferrovial.com\/es\/wp-json\/wp\/v2\/pages\/206586\/revisions"}],"predecessor-version":[{"id":209050,"href":"https:\/\/www.ferrovial.com\/es\/wp-json\/wp\/v2\/pages\/206586\/revisions\/209050"}],"up":[{"embeddable":true,"href":"https:\/\/www.ferrovial.com\/es\/wp-json\/wp\/v2\/pages\/25267"}],"wp:attachment":[{"href":"https:\/\/www.ferrovial.com\/es\/wp-json\/wp\/v2\/media?parent=206586"}],"curies":[{"name":"wp","href":"https:\/\/api.w.org\/{rel}","templated":true}]}}