{"id":206617,"date":"2021-11-23T11:15:28","date_gmt":"2021-11-23T10:15:28","guid":{"rendered":"https:\/\/www.ferrovial.com\/?page_id=206617"},"modified":"2022-09-22T19:25:02","modified_gmt":"2022-09-22T17:25:02","slug":"domotica","status":"publish","type":"page","link":"https:\/\/www.ferrovial.com\/es\/recursos\/domotica\/","title":{"rendered":"Dom\u00f3tica"},"content":{"rendered":"    <m-final-content-header >\n            <c-breadcrumb label-text=\"Breadcrumb\" slot=\"breadcrumbs\" type='2' align='left' wrap='wrapped wrapped' aria-label='Vienes de Recursos'>\n                        <ol>\n\n                                                            <li><a href=\"https:\/\/www.ferrovial.com\/es\/\" title=\"Ferrovial\">Ferrovial<\/a><\/li>\n                                                                        <li><a href=\"https:\/\/www.ferrovial.com\/es\/recursos\/\" title=\"Recursos\">Recursos<\/a><\/li>\n                                    \n                <\/ol>\n\n                <\/c-breadcrumb>\n    \n        <div slot=\"header\">\n            <h1>\n                Dom\u00f3tica            <\/h1>\n                    <\/div>\n    <\/m-final-content-header>\n\n    \n\n\n<m-wysiwig class=\"wp-block-components-wysiwyg\"><div slot=\"maincontent\">\n<h2 class=\"wp-block-heading\">\u00bfQu\u00e9 es la dom\u00f3tica?<\/h2>\n\n\n\n<p><script type=\"application\/ld+json\">\n{\n  \"@context\": \"https:\/\/schema.org\",\n  \"@type\": \"FAQPage\",\n  \"mainEntity\": [{\n    \"@type\": \"Question\",\n    \"name\": \"\u00bfQu\u00e9 es la dom\u00f3tica?\",\n    \"acceptedAnswer\": {\n      \"@type\": \"Answer\",\n      \"text\": \"El t\u00e9rmino dom\u00f3tica se refiere al conjunto de tecnolog\u00edas que permiten la automatizaci\u00f3n y el control inteligente de la vivienda. Los hogares inteligentes usan sistemas dom\u00f3ticos principalmente para el ahorro energ\u00e9tico, pero tambi\u00e9n para aumentar la calidad de vida, permitir una mayor versatilidad de la distribuci\u00f3n de la casa y conseguir que la vivienda sea m\u00e1s funcional y multifac\u00e9tica.\"\n    }\n  },{\n    \"@type\": \"Question\",\n    \"name\": \"\u00bfC\u00f3mo se aplica la dom\u00f3tica?\",\n    \"acceptedAnswer\": {\n      \"@type\": \"Answer\",\n      \"text\": \"Un sistema dom\u00f3tico utiliza distintos sensores para recoger informaci\u00f3n, procesarla y emitir \u00f3rdenes a actuadores espec\u00edficos. Por ejemplo, sus sensores son capaces de reconocer cuando el c\u00e9sped requiere agua y encender autom\u00e1ticamente los rociadores. Tambi\u00e9n es capaz de encender la iluminaci\u00f3n exterior al notar movimientos, accionar la cafetera inteligente todos los d\u00edas a las seis de la ma\u00f1ana o llamar autom\u00e1ticamente a los bomberos si detecta un incendio.\"\n    }\n  },{\n    \"@type\": \"Question\",\n    \"name\": \"\u00bfCu\u00e1les son los beneficios de la dom\u00f3tica?\",\n    \"acceptedAnswer\": {\n      \"@type\": \"Answer\",\n      \"text\": \"Las aplicaciones de la dom\u00f3tica son incontables, pero las m\u00e1s comunes se centran en generar beneficios b\u00e1sicos mejorando el confort, la seguridad y el ahorro energ\u00e9tico a trav\u00e9s del panel de control (o remotamente, a trav\u00e9s de un tel\u00e9fono inteligente).\nAunque cada d\u00eda se ingenian nuevas aplicaciones, todas se centran en mejorar la calidad de vida del ser humano. Hay cinco categor\u00edas en las que se podr\u00edan agrupar los m\u00faltiples beneficios de la dom\u00f3tica:\n\n<ul>\n<li>Gesti\u00f3n energ\u00e9tica<\/li>\n<li>Confort<\/li>\n<li>Seguridad<\/li>\n<li>Comunicaci\u00f3n<\/li>\n<li>Accesibilidad<\/li>\n<\/ul>\"\n    }\n  },{\n    \"@type\": \"Question\",\n    \"name\": \"\u00bfQu\u00e9 tipos de sistemas dom\u00f3ticos hay en la actualidad?\",\n    \"acceptedAnswer\": {\n      \"@type\": \"Answer\",\n      \"text\": \"Hoy en d\u00eda, la dom\u00f3tica aporta soluciones a todo tipo de habitaciones, desde viviendas unifamiliares hasta hoteles. Los sistemas dom\u00f3ticos m\u00e1s empleados incluyen: \n\n<ul>\n<li>termostatos inteligentes\n<\/li>\n<li>sistemas de seguridad\n<\/li>\n<li>equipos de iluminaci\u00f3n y bombillas inteligentes \n<\/li>\n<li>c\u00e1maras en red con conexi\u00f3n a internet\n<\/li>\n<li>sistemas de audio multi-room\n<\/li>\n<\/ul>\"\n    }\n  },{\n    \"@type\": \"Question\",\n    \"name\": \"\u00bfQu\u00e9 pa\u00edses han implementado la dom\u00f3tica?\",\n    \"acceptedAnswer\": {\n      \"@type\": \"Answer\",\n      \"text\": \"En su informe sobre la dom\u00f3tica en Am\u00e9rica del Norte y Europa, la consultora Research and Markets se\u00f1ala que Norteam\u00e9rica ocupa el primer lugar en cuanto a implementaci\u00f3n de sistemas dom\u00f3ticos, con cerca de 43.1 millones de hogares inteligentes a finales de 2019.\"\n    }\n  },{\n    \"@type\": \"Question\",\n    \"name\": \"\u00bfC\u00f3mo se aplicar\u00e1 la dom\u00f3tica en el futuro?\",\n    \"acceptedAnswer\": {\n      \"@type\": \"Answer\",\n      \"text\": \"Este mismo estudio prev\u00e9 que entre 2019 y 2024 m\u00e1s de setenta millones de hogares se volver\u00e1n inteligentes en Norteam\u00e9rica. En Europa a\u00fan hay algo de retraso en t\u00e9rminos de penetraci\u00f3n y madurez de este mercado. La previsi\u00f3n de Research and Markets es que para el 2024 se alcanzar\u00e1n 101,1 millones de hogares inteligentes (aproximadamente el 20% de todos los hogares de Europa).\"\n    }\n  },{\n    \"@type\": \"Question\",\n    \"name\": \"Ejemplos notables de uso de la dom\u00f3tica\",\n    \"acceptedAnswer\": {\n      \"@type\": \"Answer\",\n      \"text\": \"<ul>\n<li>Casa Na (Tokio): una obra arquitect\u00f3nica inteligente, sin paredes, con tramos m\u00f3viles que permiten aprovechar al m\u00e1ximo la luz natural.<\/li>\n<li>The Edge (Amsterdam): el edificio de oficinas m\u00e1s sostenible del planeta con gesti\u00f3n energ\u00e9tica inteligente.\n<\/li>\n<li>Glumac (Shanghai): estas oficinas fabricadas con material reciclado tambi\u00e9n innovan al incorporar una pared inteligente que purifica el aire.\n<\/li>\n<\/ul>\"\n    }\n  }]\n}\n<\/script><p>El t\u00e9rmino <em>dom\u00f3tica <\/em>se refiere al conjunto de tecnolog\u00edas que permiten la automatizaci\u00f3n y el control inteligente de la vivienda. Los <em>hogares inteligentes<\/em> usan sistemas dom\u00f3ticos principalmente para el ahorro energ\u00e9tico, pero tambi\u00e9n para aumentar la calidad de vida, permitir una mayor versatilidad de la distribuci\u00f3n de la casa y conseguir que la vivienda sea m\u00e1s funcional y multifac\u00e9tica.&nbsp;<\/p><\/p>\n\n\n\n<p>Las tendencias arquitect\u00f3nicas y las tecnolog\u00edas m\u00e1s avanzadas se unen para crear dise\u00f1os polifuncionales y personalizados que permitan controlar iluminaci\u00f3n, termostato, seguridad, cerraduras y entretenimiento dom\u00e9stico desde la comodidad de un peque\u00f1o panel de control.&nbsp;<\/p>\n\n\n\n<p>Hay cinco elementos b\u00e1sicos que son imprescindibles para una instalaci\u00f3n dom\u00f3tica:<\/p>\n\n\n\n<ul class=\"wp-block-list\"><li>Central de gesti\u00f3n.<\/li><li>Sensores.<\/li><li>Actuadores.<\/li><li>Soportes de comunicaci\u00f3n.<\/li><li>Aparatos terminales.<\/li><\/ul>\n\n\n\n<h2 class=\"wp-block-heading\">\u00bfC\u00f3mo se aplica la dom\u00f3tica?<\/h2>\n\n\n\n<p>La evoluci\u00f3n tecnol\u00f3gica ha permitido que la dom\u00f3tica evolucione r\u00e1pidamente de manera que <strong>en la actualidad ofrece soluciones para todo tipo de viviendas<\/strong>. Tambi\u00e9n se ha logrado disminuir el costo y simplificar el proceso de instalaci\u00f3n, lo cual hace esta tecnolog\u00eda cada vez m\u00e1s accesible.&nbsp;<\/p>\n\n\n\n<p>Un sistema dom\u00f3tico <strong>utiliza distintos sensores para recoger informaci\u00f3n, procesarla y emitir \u00f3rdenes<\/strong> a actuadores espec\u00edficos. Por ejemplo, sus sensores son capaces de reconocer cuando el c\u00e9sped requiere agua y encender autom\u00e1ticamente los rociadores. Tambi\u00e9n es capaz de encender la iluminaci\u00f3n exterior al notar movimientos, accionar la cafetera inteligente todos los d\u00edas a las seis de la ma\u00f1ana o llamar autom\u00e1ticamente a los bomberos si detecta un incendio.&nbsp;&nbsp;<\/p>\n\n\n\n<p>Para que todo esto sea posible, la red de control del sistema dom\u00f3tico debe integrarse con cada una de las redes de la vivienda: energ\u00eda el\u00e9ctrica, telefon\u00eda, televisi\u00f3n y tecnolog\u00edas de la informaci\u00f3n.&nbsp;<\/p>\n\n\n\n<h2 class=\"wp-block-heading\">\u00bfCu\u00e1les son los beneficios de la dom\u00f3tica?<\/h2>\n\n\n\n<p>Las aplicaciones de la dom\u00f3tica son incontables, pero las m\u00e1s comunes <strong>se centran en generar beneficios b\u00e1sicos mejorando el confort, la seguridad y el ahorro energ\u00e9tico<\/strong> a trav\u00e9s del panel de control (o remotamente, a trav\u00e9s de un tel\u00e9fono inteligente).<\/p>\n\n\n\n<p>Antes de incorporar un sistema dom\u00f3tico es necesario valorar la funcionalidad, fiabilidad, facilidad de uso, calidad, est\u00e9tica y las posibilidades de modificaciones o ampliaci\u00f3n. Luego se podr\u00e1 evaluar qu\u00e9 instalar y c\u00f3mo. De esta manera, las casas no solo se hacen m\u00e1s inteligentes, sino que adem\u00e1s son m\u00e1s polifuncionales y flexibles.&nbsp;<\/p>\n\n\n\n<p>Aunque cada d\u00eda se ingenian nuevas aplicaciones, todas se centran en <strong>mejorar la calidad de vida del ser humano<\/strong>. Hay cinco categor\u00edas en las que se podr\u00edan agrupar los m\u00faltiples beneficios de la dom\u00f3tica:<\/p>\n\n\n\n<ul class=\"wp-block-list\"><li><strong>Gesti\u00f3n energ\u00e9tica<\/strong>: racionalizaci\u00f3n de cargas el\u00e9ctricas, gesti\u00f3n de tarifas, informes de consumo electr\u00f3nico.<\/li><li><strong>Confort<\/strong>: gesti\u00f3n de dispositivos y electrodom\u00e9sticos, climatizaci\u00f3n, ventilaci\u00f3n, iluminaci\u00f3n natural y artificial, riego.<\/li><li><strong>Seguridad<\/strong>: simulaci\u00f3n de presencia, controles de intrusi\u00f3n, vigilancia autom\u00e1tica de personas o animales, detecci\u00f3n de incendios o aver\u00edas.<\/li><li><strong>Comunicaci\u00f3n<\/strong>: control remoto y supervisi\u00f3n a trav\u00e9s del m\u00f3vil, transmisi\u00f3n de multimedia con redes locales (LAN) y videoconferencias.<\/li><li><strong>Accesibilidad<\/strong>: asistencia para personas con discapacidades, servicios de teleasistencia.<\/li><\/ul>\n\n\n\n<h2 class=\"wp-block-heading\">\u00bfQu\u00e9 tipos de sistemas dom\u00f3ticos hay en la actualidad?<\/h2>\n\n\n\n<p>Hoy en d\u00eda, la dom\u00f3tica aporta soluciones a todo tipo de habitaciones, desde viviendas unifamiliares hasta hoteles. Los <strong>sistemas dom\u00f3ticos m\u00e1s empleados<\/strong> incluyen:&nbsp;<\/p>\n\n\n\n<ul class=\"wp-block-list\"><li>termostatos inteligentes<\/li><li>sistemas de seguridad<\/li><li>equipos de iluminaci\u00f3n y bombillas inteligentes&nbsp;<\/li><li>c\u00e1maras en red con conexi\u00f3n a internet<\/li><li>sistemas de audio multi-<em>room<\/em><\/li><\/ul>\n\n\n\n<h2 class=\"wp-block-heading\">\u00bfQu\u00e9 pa\u00edses han implementado la dom\u00f3tica?<\/h2>\n\n\n\n<p>El sector de la dom\u00f3tica ha crecido sostenidamente en los \u00faltimos a\u00f1os, y en la actualidad tiene una oferta consolidada en Am\u00e9rica del Norte, Europa y Asia.<\/p>\n\n\n\n<p>En su informe sobre la dom\u00f3tica en Am\u00e9rica del Norte y Europa, la consultora Research and Markets se\u00f1ala que Norteam\u00e9rica ocupa el primer lugar en cuanto a implementaci\u00f3n de sistemas dom\u00f3ticos, con cerca de 43.1 millones de hogares inteligentes a finales de 2019.<\/p>\n\n\n\n<h2 class=\"wp-block-heading\">\u00bfC\u00f3mo se aplicar\u00e1 la dom\u00f3tica en el futuro?<\/h2>\n\n\n\n<p>Este mismo estudio prev\u00e9 que entre 2019 y 2024 m\u00e1s de setenta millones de hogares se volver\u00e1n inteligentes en Norteam\u00e9rica. En Europa a\u00fan hay algo de retraso en t\u00e9rminos de penetraci\u00f3n y madurez de este mercado. La previsi\u00f3n de Research and Markets es que para el 2024 se alcanzar\u00e1n 101,1 millones de hogares inteligentes (aproximadamente el 20% de todos los hogares de Europa).<\/p>\n\n\n\n<h2 class=\"wp-block-heading\">Ejemplos notables de uso de la dom\u00f3tica&nbsp;<\/h2>\n\n\n\n<ul class=\"wp-block-list\"><li>Casa Na (Tokio): una obra arquitect\u00f3nica inteligente, sin paredes, con tramos m\u00f3viles que permiten aprovechar al m\u00e1ximo la luz natural.<\/li><li>The Edge (Amsterdam): el edificio de oficinas m\u00e1s sostenible del planeta con gesti\u00f3n energ\u00e9tica inteligente.<\/li><li>Glumac (Shanghai): estas oficinas fabricadas con material reciclado tambi\u00e9n innovan al incorporar una pared inteligente que purifica el aire.<\/li><\/ul>\n<\/div><\/m-wysiwig>\n\n\n    <m-projects-distributor2 :translations='{\n        &quot;prev&quot;:&quot;Anterior&quot;,\n        &quot;next&quot;:&quot;Siguiente&quot;,\n        &quot;paginationseparator&quot;:&quot;de&quot;\n    }'>\n                        <h2 slot=\"title\">\n                Nuestros proyectos destacados                <\/h2>\n                        <a slot='button' title='Conoce nuestros proyectos ' href='https:\/\/www.ferrovial.com\/es\/cintra\/proyectos\/'>\n            Conoce nuestros proyectos         <\/a>\n\n            <\/m-projects-distributor2>\n\n    ","protected":false},"excerpt":{"rendered":"","protected":false},"featured_media":0,"parent":25267,"menu_order":0,"comment_status":"closed","ping_status":"closed","template":"","meta":{"_acf_changed":false,"footnotes":""},"class_list":["post-206617","page","type-page","status-publish","hentry"],"acf":[],"yoast_head":"<!-- This site is optimized with the Yoast SEO plugin v27.2 - https:\/\/yoast.com\/product\/yoast-seo-wordpress\/ -->\n<title>Qu\u00e9 es la dom\u00f3tica, c\u00f3mo se aplica y cu\u00e1les son sus beneficios - Ferrovial<\/title>\n<meta name=\"description\" content=\"Los hogares inteligentes usan sistemas dom\u00f3ticos para el ahorro energ\u00e9tico, aumentar la calidad de vida, conseguir que la vivienda sea m\u00e1s funcional y multifac\u00e9tica.\" \/>\n<meta name=\"robots\" content=\"index, follow, max-snippet:-1, max-image-preview:large, max-video-preview:-1\" \/>\n<link rel=\"canonical\" href=\"https:\/\/www.ferrovial.com\/es\/recursos\/domotica\/\" \/>\n<meta property=\"og:locale\" content=\"es_ES\" \/>\n<meta property=\"og:type\" content=\"article\" \/>\n<meta property=\"og:title\" content=\"Qu\u00e9 es la dom\u00f3tica, c\u00f3mo se aplica y cu\u00e1les son sus beneficios - Ferrovial\" \/>\n<meta property=\"og:description\" content=\"Los hogares inteligentes usan sistemas dom\u00f3ticos para el ahorro energ\u00e9tico, aumentar la calidad de vida, conseguir que la vivienda sea m\u00e1s funcional y multifac\u00e9tica.\" \/>\n<meta property=\"og:url\" content=\"https:\/\/www.ferrovial.com\/es\/recursos\/domotica\/\" \/>\n<meta property=\"og:site_name\" content=\"Ferrovial\" \/>\n<meta property=\"article:publisher\" content=\"https:\/\/www.facebook.com\/ferrovial\" \/>\n<meta property=\"article:modified_time\" content=\"2022-09-22T17:25:02+00:00\" \/>\n<meta name=\"twitter:card\" content=\"summary_large_image\" \/>\n<meta name=\"twitter:site\" content=\"@ferrovial\" \/>\n<meta name=\"twitter:label1\" content=\"Est. reading time\" \/>\n\t<meta name=\"twitter:data1\" content=\"6 minutos\" \/>\n<!-- \/ Yoast SEO plugin. -->","yoast_head_json":{"title":"Qu\u00e9 es la dom\u00f3tica, c\u00f3mo se aplica y cu\u00e1les son sus beneficios - Ferrovial","description":"Los hogares inteligentes usan sistemas dom\u00f3ticos para el ahorro energ\u00e9tico, aumentar la calidad de vida, conseguir que la vivienda sea m\u00e1s funcional y multifac\u00e9tica.","robots":{"index":"index","follow":"follow","max-snippet":"max-snippet:-1","max-image-preview":"max-image-preview:large","max-video-preview":"max-video-preview:-1"},"canonical":"https:\/\/www.ferrovial.com\/es\/recursos\/domotica\/","og_locale":"es_ES","og_type":"article","og_title":"Qu\u00e9 es la dom\u00f3tica, c\u00f3mo se aplica y cu\u00e1les son sus beneficios - Ferrovial","og_description":"Los hogares inteligentes usan sistemas dom\u00f3ticos para el ahorro energ\u00e9tico, aumentar la calidad de vida, conseguir que la vivienda sea m\u00e1s funcional y multifac\u00e9tica.","og_url":"https:\/\/www.ferrovial.com\/es\/recursos\/domotica\/","og_site_name":"Ferrovial","article_publisher":"https:\/\/www.facebook.com\/ferrovial","article_modified_time":"2022-09-22T17:25:02+00:00","twitter_card":"summary_large_image","twitter_site":"@ferrovial","twitter_misc":{"Est. reading time":"6 minutos"},"schema":{"@context":"https:\/\/schema.org","@graph":[{"@type":"WebPage","@id":"https:\/\/www.ferrovial.com\/es\/recursos\/domotica\/","url":"https:\/\/www.ferrovial.com\/es\/recursos\/domotica\/","name":"Qu\u00e9 es la dom\u00f3tica, c\u00f3mo se aplica y cu\u00e1les son sus beneficios - Ferrovial","isPartOf":{"@id":"https:\/\/www.ferrovial.com\/es\/#website"},"datePublished":"2021-11-23T10:15:28+00:00","dateModified":"2022-09-22T17:25:02+00:00","description":"Los hogares inteligentes usan sistemas dom\u00f3ticos para el ahorro energ\u00e9tico, aumentar la calidad de vida, conseguir que la vivienda sea m\u00e1s funcional y multifac\u00e9tica.","breadcrumb":{"@id":"https:\/\/www.ferrovial.com\/es\/recursos\/domotica\/#breadcrumb"},"inLanguage":"es","potentialAction":[{"@type":"ReadAction","target":["https:\/\/www.ferrovial.com\/es\/recursos\/domotica\/"]}]},{"@type":"BreadcrumbList","@id":"https:\/\/www.ferrovial.com\/es\/recursos\/domotica\/#breadcrumb","itemListElement":[{"@type":"ListItem","position":1,"name":"Portada","item":"https:\/\/www.ferrovial.com\/es\/"},{"@type":"ListItem","position":2,"name":"Recursos","item":"https:\/\/www.ferrovial.com\/es\/recursos\/"},{"@type":"ListItem","position":3,"name":"Dom\u00f3tica"}]},{"@type":"WebSite","@id":"https:\/\/www.ferrovial.com\/es\/#website","url":"https:\/\/www.ferrovial.com\/es\/","name":"Ferrovial","description":"Welcome to the Ferrovial&#039;s website, global operator of sustainable infrastructure. Here you can find all the information about the company and subsidiaries.","publisher":{"@id":"https:\/\/www.ferrovial.com\/es\/#organization"},"potentialAction":[{"@type":"SearchAction","target":{"@type":"EntryPoint","urlTemplate":"https:\/\/www.ferrovial.com\/es\/?s={search_term_string}"},"query-input":{"@type":"PropertyValueSpecification","valueRequired":true,"valueName":"search_term_string"}}],"inLanguage":"es"},{"@type":"Organization","@id":"https:\/\/www.ferrovial.com\/es\/#organization","name":"Ferrovial S.A.","url":"https:\/\/www.ferrovial.com\/es\/","logo":{"@type":"ImageObject","inLanguage":"es","@id":"https:\/\/www.ferrovial.com\/es\/#\/schema\/logo\/image\/","url":"https:\/\/static.ferrovial.com\/wp-content\/uploads\/2020\/01\/13124948\/logo-ferrovial-cf7.png","contentUrl":"https:\/\/static.ferrovial.com\/wp-content\/uploads\/2020\/01\/13124948\/logo-ferrovial-cf7.png","width":144,"height":32,"caption":"Ferrovial S.A."},"image":{"@id":"https:\/\/www.ferrovial.com\/es\/#\/schema\/logo\/image\/"},"sameAs":["https:\/\/www.facebook.com\/ferrovial","https:\/\/x.com\/ferrovial","https:\/\/www.instagram.com\/ferrovial\/","https:\/\/www.linkedin.com\/company\/ferrovial","https:\/\/www.pinterest.es\/ferrovial\/","https:\/\/www.youtube.com\/ferrovial","https:\/\/en.wikipedia.org\/wiki\/Ferrovial"]}]}},"_links":{"self":[{"href":"https:\/\/www.ferrovial.com\/es\/wp-json\/wp\/v2\/pages\/206617","targetHints":{"allow":["GET"]}}],"collection":[{"href":"https:\/\/www.ferrovial.com\/es\/wp-json\/wp\/v2\/pages"}],"about":[{"href":"https:\/\/www.ferrovial.com\/es\/wp-json\/wp\/v2\/types\/page"}],"replies":[{"embeddable":true,"href":"https:\/\/www.ferrovial.com\/es\/wp-json\/wp\/v2\/comments?post=206617"}],"version-history":[{"count":3,"href":"https:\/\/www.ferrovial.com\/es\/wp-json\/wp\/v2\/pages\/206617\/revisions"}],"predecessor-version":[{"id":239592,"href":"https:\/\/www.ferrovial.com\/es\/wp-json\/wp\/v2\/pages\/206617\/revisions\/239592"}],"up":[{"embeddable":true,"href":"https:\/\/www.ferrovial.com\/es\/wp-json\/wp\/v2\/pages\/25267"}],"wp:attachment":[{"href":"https:\/\/www.ferrovial.com\/es\/wp-json\/wp\/v2\/media?parent=206617"}],"curies":[{"name":"wp","href":"https:\/\/api.w.org\/{rel}","templated":true}]}}