{"id":20757,"date":"2019-09-09T11:52:04","date_gmt":"2019-09-09T09:52:04","guid":{"rendered":"https:\/\/www.ferrovial.com\/?page_id=20757"},"modified":"2021-08-24T10:45:46","modified_gmt":"2021-08-24T08:45:46","slug":"managed-lanes","status":"publish","type":"page","link":"https:\/\/www.ferrovial.com\/es\/recursos\/managed-lanes\/","title":{"rendered":"\u00bfQu\u00e9 son las Managed Lanes?"},"content":{"rendered":"    <m-final-content-header >\n            <c-breadcrumb label-text=\"Breadcrumb\" slot=\"breadcrumbs\" type='2' align='left' wrap='wrapped wrapped' aria-label='Vienes de Recursos'>\n                        <ol>\n\n                                                            <li><a href=\"https:\/\/www.ferrovial.com\/es\/\" title=\"Ferrovial\">Ferrovial<\/a><\/li>\n                                                                        <li><a href=\"https:\/\/www.ferrovial.com\/es\/recursos\/\" title=\"Recursos\">Recursos<\/a><\/li>\n                                    \n                <\/ol>\n\n                <\/c-breadcrumb>\n    \n        <div slot=\"header\">\n            <h1>\n                \u00bfQu\u00e9 son las Managed Lanes?            <\/h1>\n                    <\/div>\n    <\/m-final-content-header>\n\n    \n\n\n<p><script type=\"application\/ld+json\">\n{\n  \"@context\": \"https:\/\/schema.org\",\n  \"@type\": \"FAQPage\",\n  \"mainEntity\": [{\n    \"@type\": \"Question\",\n    \"name\": \"\u00bfQu\u00e9 son las Managed Lanes?\",\n    \"acceptedAnswer\": {\n      \"@type\": \"Answer\",\n      \"text\": \"as Managed Lanes son una soluci\u00f3n necesaria de movilidad para aquellos corredores urbanos congestionados por una alta intensidad de tr\u00e1fico.\"\n    }\n  },{\n    \"@type\": \"Question\",\n    \"name\": \"\u00bfC\u00f3mo funcionan las Managed Lanes?\",\n    \"acceptedAnswer\": {\n      \"@type\": \"Answer\",\n      \"text\": \"Las Managed Lanes trabajan con una tecnolog\u00eda de identificaci\u00f3n vehicular llamada fingerprinting que permite la identificaci\u00f3n por matr\u00edcula de los veh\u00edculos que acceden desde sus entradas se\u00f1alizadas. Los conductores no tienen que detenerse para pagar en un peaje, ni frenar durante el trayecto, ahorrando de nuevo energ\u00eda.\"\n    }\n  }]\n}\n<\/script><\/p>\n\n\n\n<m-wysiwig class=\"wp-block-components-wysiwyg\"><div slot=\"maincontent\">\n<p>Las Managed Lanes son una soluci\u00f3n necesaria de movilidad para aquellos corredores urbanos congestionados por una alta intensidad de tr\u00e1fico.<\/p>\n\n\n\n<p>En algunas zonas del mundo, especialmente en los Estados Unidos, la movilidad de veh\u00edculos tiene tanta presencia que se requieren nuevos servicios y soluciones para ayudar a mejorar su fluidez y reducir los tiempos de tr\u00e1nsito.<\/p>\n\n\n\n<p>Este tipo de v\u00eda r\u00e1pida facilita que parte del tr\u00e1fico acceda a carriles adicionales&nbsp; de pago y mantengan velocidades m\u00e1s elevadas incluso en picos de desplazamientos. Adem\u00e1s, abriendo estos carriles se evitan parte de los atascos que obligan a los veh\u00edculos a frenar y acelerar en trayectos de largas distancias, ayudando tambi\u00e9n a reducir las emisiones de CO<sub>2<\/sub> y NO<sub>x<\/sub> de los motores.<\/p>\n\n\n\n<h2 class=\"wp-block-heading\"><strong>\u00bfC\u00f3mo funcionan las <em>Managed Lanes<\/em>?&nbsp;<\/strong><\/h2>\n\n\n\n<p>Las <em>Managed Lanes<\/em> trabajan con una tecnolog\u00eda de identificaci\u00f3n vehicular llamada <em>fingerprinting <\/em>que permite <strong>la identificaci\u00f3n por matr\u00edcula de los veh\u00edculos que acceden<\/strong> desde sus entradas se\u00f1alizadas. Los conductores no tienen que detenerse para pagar en un peaje, ni frenar durante el trayecto, ahorrando de nuevo energ\u00eda.<\/p>\n\n\n\n<p>El pago se realiza v\u00eda aplicaci\u00f3n de m\u00f3vil. Antes de acceder a la <em>Managed Lane<\/em>, el conductor puede verificar los precios \u2014que var\u00edan en tiempo real para ajustarse a la demanda gracias a herramientas como el <em>Dynamic Toll Setting Module<\/em>\u2014, y elegir si le interesa o no tomar el carril r\u00e1pido.<\/p>\n\n\n\n<p>Incluso conductores que no hacen uso de estas v\u00edas preferentes se benefician con ellas, ya que <strong>alivian el tr\u00e1fico en la carretera principal y reducen el estr\u00e9s relacionado a conducir en atascos<\/strong>. Esta tecnolog\u00eda incorpora c\u00e1maras y sensores de tr\u00e1fico. La misma mantiene actualizados los precios y facilita que la velocidad media de la <em>Managed Lanes<\/em> se encuentre siempre cerca de las 75 mph (120 km\/h) o que no baje de 50 mph (80 km\/h). Es la llamada tecnolog\u00eda <em>Toll Flow<\/em>.<\/p>\n\n\n\n<p>Algunas autopistas en las que ya se ha demostrado este uso son la LBJ (27 km) en Texas, las NTE (21,4 km) y NTE 35W (16,4) en Dallas, la I77 (41,8 km) en Carolina del Norte o la I66 (35 km) en Virginia. Todas ellas dise\u00f1adas, construidas y gestionadas por Cintra, filial de Ferrovial.<br><\/p>\n<\/div><\/m-wysiwig>\n\n\n    <m-projects-distributor2 :translations='{\n        &quot;prev&quot;:&quot;Anterior&quot;,\n        &quot;next&quot;:&quot;Siguiente&quot;,\n        &quot;paginationseparator&quot;:&quot;de&quot;\n    }'>\n                        <h2 slot=\"title\">\n                Nuestros proyectos destacados                <\/h2>\n                        <a slot='button' title='Conoce nuestros proyectos ' href='https:\/\/www.ferrovial.com\/es\/cintra\/proyectos\/'>\n            Conoce nuestros proyectos         <\/a>\n\n            <\/m-projects-distributor2>\n\n    ","protected":false},"excerpt":{"rendered":"","protected":false},"featured_media":0,"parent":25267,"menu_order":0,"comment_status":"closed","ping_status":"closed","template":"","meta":{"_acf_changed":false,"footnotes":""},"class_list":["post-20757","page","type-page","status-publish","hentry"],"acf":[],"yoast_head":"<!-- This site is optimized with the Yoast SEO plugin v27.2 - https:\/\/yoast.com\/product\/yoast-seo-wordpress\/ -->\n<title>Managed Lanes, \u00bfqu\u00e9 son y c\u00f3mo funcionan? - Ferrovial<\/title>\n<meta name=\"description\" content=\"Las managed lanes son una soluci\u00f3n de movilidad en carreteras urbanas altamente congestionadas con el objetivo de mejorar el tr\u00e1fico. Su funcionamiento es ...\" \/>\n<meta name=\"robots\" content=\"index, follow, max-snippet:-1, max-image-preview:large, max-video-preview:-1\" \/>\n<link rel=\"canonical\" href=\"https:\/\/www.ferrovial.com\/es\/recursos\/managed-lanes\/\" \/>\n<meta property=\"og:locale\" content=\"es_ES\" \/>\n<meta property=\"og:type\" content=\"article\" \/>\n<meta property=\"og:title\" content=\"Managed Lanes, \u00bfqu\u00e9 son y c\u00f3mo funcionan? - Ferrovial\" \/>\n<meta property=\"og:description\" content=\"Las managed lanes son una soluci\u00f3n de movilidad en carreteras urbanas altamente congestionadas con el objetivo de mejorar el tr\u00e1fico. Su funcionamiento es ...\" \/>\n<meta property=\"og:url\" content=\"https:\/\/www.ferrovial.com\/es\/recursos\/managed-lanes\/\" \/>\n<meta property=\"og:site_name\" content=\"Ferrovial\" \/>\n<meta property=\"article:publisher\" content=\"https:\/\/www.facebook.com\/ferrovial\" \/>\n<meta property=\"article:modified_time\" content=\"2021-08-24T08:45:46+00:00\" \/>\n<meta name=\"twitter:card\" content=\"summary_large_image\" \/>\n<meta name=\"twitter:site\" content=\"@ferrovial\" \/>\n<meta name=\"twitter:label1\" content=\"Est. reading time\" \/>\n\t<meta name=\"twitter:data1\" content=\"3 minutos\" \/>\n<!-- \/ Yoast SEO plugin. -->","yoast_head_json":{"title":"Managed Lanes, \u00bfqu\u00e9 son y c\u00f3mo funcionan? - Ferrovial","description":"Las managed lanes son una soluci\u00f3n de movilidad en carreteras urbanas altamente congestionadas con el objetivo de mejorar el tr\u00e1fico. Su funcionamiento es ...","robots":{"index":"index","follow":"follow","max-snippet":"max-snippet:-1","max-image-preview":"max-image-preview:large","max-video-preview":"max-video-preview:-1"},"canonical":"https:\/\/www.ferrovial.com\/es\/recursos\/managed-lanes\/","og_locale":"es_ES","og_type":"article","og_title":"Managed Lanes, \u00bfqu\u00e9 son y c\u00f3mo funcionan? - Ferrovial","og_description":"Las managed lanes son una soluci\u00f3n de movilidad en carreteras urbanas altamente congestionadas con el objetivo de mejorar el tr\u00e1fico. Su funcionamiento es ...","og_url":"https:\/\/www.ferrovial.com\/es\/recursos\/managed-lanes\/","og_site_name":"Ferrovial","article_publisher":"https:\/\/www.facebook.com\/ferrovial","article_modified_time":"2021-08-24T08:45:46+00:00","twitter_card":"summary_large_image","twitter_site":"@ferrovial","twitter_misc":{"Est. reading time":"3 minutos"},"schema":{"@context":"https:\/\/schema.org","@graph":[{"@type":"WebPage","@id":"https:\/\/www.ferrovial.com\/es\/recursos\/managed-lanes\/","url":"https:\/\/www.ferrovial.com\/es\/recursos\/managed-lanes\/","name":"Managed Lanes, \u00bfqu\u00e9 son y c\u00f3mo funcionan? - Ferrovial","isPartOf":{"@id":"https:\/\/www.ferrovial.com\/es\/#website"},"datePublished":"2019-09-09T09:52:04+00:00","dateModified":"2021-08-24T08:45:46+00:00","description":"Las managed lanes son una soluci\u00f3n de movilidad en carreteras urbanas altamente congestionadas con el objetivo de mejorar el tr\u00e1fico. Su funcionamiento es ...","breadcrumb":{"@id":"https:\/\/www.ferrovial.com\/es\/recursos\/managed-lanes\/#breadcrumb"},"inLanguage":"es","potentialAction":[{"@type":"ReadAction","target":["https:\/\/www.ferrovial.com\/es\/recursos\/managed-lanes\/"]}]},{"@type":"BreadcrumbList","@id":"https:\/\/www.ferrovial.com\/es\/recursos\/managed-lanes\/#breadcrumb","itemListElement":[{"@type":"ListItem","position":1,"name":"Portada","item":"https:\/\/www.ferrovial.com\/es\/"},{"@type":"ListItem","position":2,"name":"Recursos","item":"https:\/\/www.ferrovial.com\/es\/recursos\/"},{"@type":"ListItem","position":3,"name":"\u00bfQu\u00e9 son las Managed Lanes?"}]},{"@type":"WebSite","@id":"https:\/\/www.ferrovial.com\/es\/#website","url":"https:\/\/www.ferrovial.com\/es\/","name":"Ferrovial","description":"Welcome to the Ferrovial&#039;s website, global operator of sustainable infrastructure. Here you can find all the information about the company and subsidiaries.","publisher":{"@id":"https:\/\/www.ferrovial.com\/es\/#organization"},"potentialAction":[{"@type":"SearchAction","target":{"@type":"EntryPoint","urlTemplate":"https:\/\/www.ferrovial.com\/es\/?s={search_term_string}"},"query-input":{"@type":"PropertyValueSpecification","valueRequired":true,"valueName":"search_term_string"}}],"inLanguage":"es"},{"@type":"Organization","@id":"https:\/\/www.ferrovial.com\/es\/#organization","name":"Ferrovial S.A.","url":"https:\/\/www.ferrovial.com\/es\/","logo":{"@type":"ImageObject","inLanguage":"es","@id":"https:\/\/www.ferrovial.com\/es\/#\/schema\/logo\/image\/","url":"https:\/\/static.ferrovial.com\/wp-content\/uploads\/2020\/01\/13124948\/logo-ferrovial-cf7.png","contentUrl":"https:\/\/static.ferrovial.com\/wp-content\/uploads\/2020\/01\/13124948\/logo-ferrovial-cf7.png","width":144,"height":32,"caption":"Ferrovial S.A."},"image":{"@id":"https:\/\/www.ferrovial.com\/es\/#\/schema\/logo\/image\/"},"sameAs":["https:\/\/www.facebook.com\/ferrovial","https:\/\/x.com\/ferrovial","https:\/\/www.instagram.com\/ferrovial\/","https:\/\/www.linkedin.com\/company\/ferrovial","https:\/\/www.pinterest.es\/ferrovial\/","https:\/\/www.youtube.com\/ferrovial","https:\/\/en.wikipedia.org\/wiki\/Ferrovial"]}]}},"_links":{"self":[{"href":"https:\/\/www.ferrovial.com\/es\/wp-json\/wp\/v2\/pages\/20757","targetHints":{"allow":["GET"]}}],"collection":[{"href":"https:\/\/www.ferrovial.com\/es\/wp-json\/wp\/v2\/pages"}],"about":[{"href":"https:\/\/www.ferrovial.com\/es\/wp-json\/wp\/v2\/types\/page"}],"replies":[{"embeddable":true,"href":"https:\/\/www.ferrovial.com\/es\/wp-json\/wp\/v2\/comments?post=20757"}],"version-history":[{"count":2,"href":"https:\/\/www.ferrovial.com\/es\/wp-json\/wp\/v2\/pages\/20757\/revisions"}],"predecessor-version":[{"id":200705,"href":"https:\/\/www.ferrovial.com\/es\/wp-json\/wp\/v2\/pages\/20757\/revisions\/200705"}],"up":[{"embeddable":true,"href":"https:\/\/www.ferrovial.com\/es\/wp-json\/wp\/v2\/pages\/25267"}],"wp:attachment":[{"href":"https:\/\/www.ferrovial.com\/es\/wp-json\/wp\/v2\/media?parent=20757"}],"curies":[{"name":"wp","href":"https:\/\/api.w.org\/{rel}","templated":true}]}}