{"id":213295,"date":"2022-01-18T16:19:59","date_gmt":"2022-01-18T15:19:59","guid":{"rendered":"https:\/\/www.ferrovial.com\/?page_id=213295"},"modified":"2022-09-22T19:26:44","modified_gmt":"2022-09-22T17:26:44","slug":"hormigon","status":"publish","type":"page","link":"https:\/\/www.ferrovial.com\/es\/recursos\/hormigon\/","title":{"rendered":"Hormig\u00f3n"},"content":{"rendered":"    <m-final-content-header >\n            <c-breadcrumb label-text=\"Breadcrumb\" slot=\"breadcrumbs\" type='2' align='left' wrap='wrapped wrapped' aria-label='Vienes de Recursos'>\n                        <ol>\n\n                                                            <li><a href=\"https:\/\/www.ferrovial.com\/es\/\" title=\"Ferrovial\">Ferrovial<\/a><\/li>\n                                                                        <li><a href=\"https:\/\/www.ferrovial.com\/es\/recursos\/\" title=\"Recursos\">Recursos<\/a><\/li>\n                                    \n                <\/ol>\n\n                <\/c-breadcrumb>\n    \n        <div slot=\"header\">\n            <h1>\n                Hormig\u00f3n            <\/h1>\n                    <\/div>\n    <\/m-final-content-header>\n\n    \n\n\n<m-wysiwig class=\"wp-block-components-wysiwyg\"><div slot=\"maincontent\">\n<h2 class=\"wp-block-heading\">\u00bfQu\u00e9 es el hormig\u00f3n?<\/h2>\n\n\n\n<p><script type=\"application\/ld+json\">\n{\n  \"@context\": \"https:\/\/schema.org\",\n  \"@type\": \"FAQPage\",\n  \"mainEntity\": [{\n    \"@type\": \"Question\",\n    \"name\": \"\u00bfQu\u00e9 es el hormig\u00f3n?\",\n    \"acceptedAnswer\": {\n      \"@type\": \"Answer\",\n      \"text\": \"El hormig\u00f3n es un material de construcci\u00f3n hecho a base de cemento, arena y gravas o piedras, y es uno de los m\u00e1s utilizados en obras de arquitectura e ingenier\u00eda a nivel mundial. Unas de sus principales caracter\u00edsticas es su alta maleabilidad, gran consistencia, bajo coste y r\u00e1pido secado.\"\n    }\n  },{\n    \"@type\": \"Question\",\n    \"name\": \"\u00bfC\u00f3mo hacer hormig\u00f3n?\",\n    \"acceptedAnswer\": {\n      \"@type\": \"Answer\",\n      \"text\": \"En primer lugar, hay que unir los materiales secos, es decir, el cemento, la arena y la grava, hasta que todo se haya homogeneizado. El indicador de que esto ha ocurrido es que la mezcla toma el color gris\u00e1ceo del cemento. Luego, se debe a\u00f1adir el agua poco a poco, para mezclar progresivamente y evaluar la consistencia que va adquiriendo el hormig\u00f3n.\"\n    }\n  },{\n    \"@type\": \"Question\",\n    \"name\": \"\u00bfCu\u00e1les son los tipos de hormig\u00f3n que existen?\",\n    \"acceptedAnswer\": {\n      \"@type\": \"Answer\",\n      \"text\": \"Existen distintos tipos seg\u00fan su uso, propiedades, est\u00e9tica, m\u00e9todo de construcci\u00f3n o durabilidad:\n\n<ul>\n<li>Hormig\u00f3n en masa<\/li>\n<li>Hormig\u00f3n estructural<\/li>\n<li>Hormig\u00f3n ligero<\/li>\n<li>Hormig\u00f3n armado<\/li>\n<li>Hormig\u00f3n pretensado<\/li>\n<li>Hormig\u00f3n pulido<\/li>\n<\/ul>\"\n    }\n  },{\n    \"@type\": \"Question\",\n    \"name\": \"\u00bfCu\u00e1les son las ventajas del hormig\u00f3n frente a otros materiales?\",\n    \"acceptedAnswer\": {\n      \"@type\": \"Answer\",\n      \"text\": \"El hormig\u00f3n es uno de los materiales m\u00e1s utilizados en construcci\u00f3n porque se considera de los m\u00e1s ventajosos del mercado:\n\n<ul>\n<li>Es de f\u00e1cil acceso gracias a lo com\u00fan de sus componentes. \n<\/li>\n<li>Es de r\u00e1pida adaptaci\u00f3n seg\u00fan sus prop\u00f3sitos estructurales.\n<\/li>\n<li>Reduce los riesgos de permeabilidad. \n<\/li>\n<li>Tiene larga durabilidad, gracias a la calidad de sus propiedades. \n<\/li>\n<li>Es d\u00factil y maleable. \n<\/li>\n<li>Es resistente al calor y, por lo tanto, a deformaciones o derrumbamientos. \n<\/li>\n<li>Tiene alta resistencia a la compresi\u00f3n, flexi\u00f3n, corte y tracci\u00f3n, convirti\u00e9ndolo en un material muy seguro. \n<\/li>\n<li>Requiere poco mantenimiento.<\/li>\n<\/ul>\"\n    }\n  },{\n    \"@type\": \"Question\",\n    \"name\": \"\u00bfEl hormig\u00f3n es sostenible?\",\n    \"acceptedAnswer\": {\n      \"@type\": \"Answer\",\n      \"text\": \"Una parte significativa de las estructuras a nivel mundial est\u00e1 hecha a base de hormig\u00f3n. Su uso est\u00e1, cada vez m\u00e1s, vinculado a decisiones de sostenibilidad, pues es un material 100% reciclable, contribuye con la eficiencia energ\u00e9tica de los edificios, reduce la emisi\u00f3n de CO2 y la temperatura en ambientes urbanos, etc.\"\n    }\n  }]\n}\n<\/script><p>El hormig\u00f3n es un material de construcci\u00f3n hecho a <strong>base de cemento, arena y gravas o piedras<\/strong>, y es uno de los m\u00e1s utilizados en obras de arquitectura e ingenier\u00eda a nivel mundial. Unas de sus principales caracter\u00edsticas es su alta maleabilidad, gran consistencia, bajo coste y r\u00e1pido secado.<\/p><\/p>\n\n\n\n<h2 class=\"wp-block-heading\">\u00bfC\u00f3mo hacer hormig\u00f3n?<\/h2>\n\n\n\n<p>La clave de hacer hormig\u00f3n est\u00e1 en conseguir una masa homog\u00e9nea a partir de la mezcla de los materiales que lo componen:<strong> aglomerantes <\/strong>(cemento),<strong> agregados \u00e1ridos<\/strong> (grava o arena) y<strong> agua.<\/strong> Las proporciones variar\u00e1n seg\u00fan el uso que se le d\u00e9 al material. Mientras m\u00e1s l\u00edquido se a\u00f1ade, m\u00e1s manejable ser\u00e1, pero tambi\u00e9n resultar\u00e1 menos resistente.<\/p>\n\n\n\n<p>En primer lugar, hay que unir los materiales secos, es decir, el cemento, la arena y la grava, hasta que todo se haya homogeneizado. El indicador de que esto ha ocurrido es que la mezcla toma el color gris\u00e1ceo del cemento. Luego, se debe a\u00f1adir el agua poco a poco, para mezclar progresivamente y evaluar la consistencia que va adquiriendo el hormig\u00f3n.<\/p>\n\n\n\n<h2 class=\"wp-block-heading\">\u00bfCu\u00e1les son los tipos de hormig\u00f3n que existen?<\/h2>\n\n\n\n<p>Existen distintos tipos seg\u00fan su uso, propiedades, est\u00e9tica, m\u00e9todo de construcci\u00f3n o durabilidad:<\/p>\n\n\n\n<ul class=\"wp-block-list\"><li><strong>Hormig\u00f3n en masa:<\/strong> es el que se utiliza en grandes vol\u00famenes, con dimensiones superiores a los tres metros. Cuando se emplea de esta manera, es necesario poner especial atenci\u00f3n en los efectos de agrietamiento, que ocurre por el choque t\u00e9rmico entre la parte interna del hormig\u00f3n (que puede estar caliente por el proceso de hidrataci\u00f3n del cemento) y la parte externa (que suele enfriarse con mayor rapidez).&nbsp;<\/li><\/ul>\n\n\n\n<ul class=\"wp-block-list\"><li><strong>Hormig\u00f3n estructural:<\/strong> suele utilizarse en cualquier tipo de obra civil o edificaci\u00f3n, y su caracter\u00edstica principal es que busca ampliar la durabilidad de estas.<\/li><\/ul>\n\n\n\n<ul class=\"wp-block-list\"><li><strong>Hormig\u00f3n ligero:<\/strong> tambi\u00e9n llamado celular, es una variedad que busca reducir la densidad y mejorar el aislamiento t\u00e9rmico y ac\u00fastico. Adem\u00e1s, suele utilizarse para regularizar suelos desnivelados, aligerar estructuras o rehabilitar cubiertas en mal estado.<\/li><\/ul>\n\n\n\n<ul class=\"wp-block-list\"><li><strong>Hormig\u00f3n armado: <\/strong>consiste en unir el hormig\u00f3n con una estructura met\u00e1lica de hierro para brindar mayor resistencia a la estructura. Es uno de los m\u00e1s usados en construcci\u00f3n de t\u00faneles, puentes, edificios, caminos, columnas, etc.<\/li><\/ul>\n\n\n\n<ul class=\"wp-block-list\"><li><strong>Hormig\u00f3n pretensado: <\/strong>busca mejorar la debilidad natural del hormig\u00f3n a la tracci\u00f3n, por lo que se construye de manera industrial con acero, someti\u00e9ndolo a acciones de compresi\u00f3n antes de ponerlo en uso. Este tipo de hormig\u00f3n ofrece mayor soporte a las estructuras, reduciendo la incidencia de fisuras y agrietamientos.<\/li><\/ul>\n\n\n\n<ul class=\"wp-block-list\"><li><strong>Hormig\u00f3n pulido: <\/strong>ideal para alisar las superficies, ofreciendo pavimentos m\u00e1s resistentes a humedad y grietas, adem\u00e1s de permitir el paso de maquinaria pesada sin que se vea afectado el material.<\/li><\/ul>\n\n\n\n<h2 class=\"wp-block-heading\">\u00bfCu\u00e1les son las ventajas del hormig\u00f3n frente a otros materiales?<\/h2>\n\n\n\n<p>El hormig\u00f3n es uno de los materiales m\u00e1s utilizados en construcci\u00f3n porque se considera de los m\u00e1s ventajosos del mercado:<\/p>\n\n\n\n<ul class=\"wp-block-list\"><li>Es de f\u00e1cil acceso gracias a lo com\u00fan de sus componentes.&nbsp;<\/li><li>Es de r\u00e1pida adaptaci\u00f3n seg\u00fan sus prop\u00f3sitos estructurales.<\/li><li>Reduce los riesgos de permeabilidad.&nbsp;<\/li><li>Tiene larga durabilidad, gracias a la calidad de sus propiedades.&nbsp;<\/li><li>Es d\u00factil y maleable.&nbsp;<\/li><li>Es resistente al calor y, por lo tanto, a deformaciones o derrumbamientos.&nbsp;<\/li><li>Tiene alta resistencia a la compresi\u00f3n, flexi\u00f3n, corte y tracci\u00f3n, convirti\u00e9ndolo en un material muy seguro.&nbsp;<\/li><li>Requiere poco mantenimiento.<\/li><\/ul>\n\n\n\n<h2 class=\"wp-block-heading\">\u00bfEl hormig\u00f3n es sostenible?<\/h2>\n\n\n\n<p>Una parte significativa de las estructuras a nivel mundial est\u00e1 hecha a base de hormig\u00f3n. Su uso est\u00e1, cada vez m\u00e1s, vinculado a decisiones de sostenibilidad, pues es un material <strong>100% reciclable, contribuye con la eficiencia energ\u00e9tica de los edificios, reduce la emisi\u00f3n de CO2 y la temperatura en ambientes urbanos<\/strong>, etc. Estas son algunas de sus caracter\u00edsticas:<\/p>\n\n\n\n<ul class=\"wp-block-list\"><li><strong>Respeto al medio ambiente:<\/strong> el hormig\u00f3n tiene la capacidad de absorber el carbono de la atm\u00f3sfera y reducir la cantidad de CO2 en el aire. A esto, se le llama <strong>efecto de sumidero de CO2<\/strong>, que lo convierte en un recurso estrella en materia de sostenibilidad.&nbsp;<\/li><li><strong>Contribuci\u00f3n a la eficiencia energ\u00e9tica global: <\/strong>el hormig\u00f3n tiene la cualidad de ser un aislante t\u00e9rmico, lo cual permite que se reduzca el consumo energ\u00e9tico como consecuencia de los picos de temperatura, minimizando el coste energ\u00e9tico de los edificios, as\u00ed como tambi\u00e9n colaborando en la reducci\u00f3n de gases de efecto invernadero implicados en la producci\u00f3n de energ\u00eda.&nbsp;<\/li><li><strong>Alta resistencia: <\/strong>el hormig\u00f3n le confiere a edificios y puentes mucha fortaleza ante el fuego o fen\u00f3menos naturales como los terremotos, mejorando el servicio de las estructuras y su nivel de seguridad social.<\/li><li><strong>Garant\u00eda de calidad de vida a los ciudadanos:<\/strong> el hormig\u00f3n tiene la cualidad de proveer una elevada durabilidad a las infraestructuras, permitiendo su conservaci\u00f3n con pocos gastos de mantenimiento.<\/li><\/ul>\n<\/div><\/m-wysiwig>\n\n\n    <m-projects-distributor2 :translations='{\n        &quot;prev&quot;:&quot;Anterior&quot;,\n        &quot;next&quot;:&quot;Siguiente&quot;,\n        &quot;paginationseparator&quot;:&quot;de&quot;\n    }'>\n                        <h2 slot=\"title\">\n                Nuestros proyectos destacados                <\/h2>\n                        <a slot='button' title='Conoce nuestros proyectos ' href='https:\/\/www.ferrovial.com\/es\/cintra\/proyectos\/'>\n            Conoce nuestros proyectos         <\/a>\n\n            <\/m-projects-distributor2>\n\n    ","protected":false},"excerpt":{"rendered":"","protected":false},"featured_media":0,"parent":25267,"menu_order":0,"comment_status":"closed","ping_status":"closed","template":"","meta":{"_acf_changed":false,"footnotes":""},"class_list":["post-213295","page","type-page","status-publish","hentry"],"acf":[],"yoast_head":"<!-- This site is optimized with the Yoast SEO plugin v27.2 - https:\/\/yoast.com\/product\/yoast-seo-wordpress\/ -->\n<title>Hormig\u00f3n: qu\u00e9 es, c\u00f3mo se hace, tipos y beneficios - Ferrovial<\/title>\n<meta name=\"description\" content=\"El hormig\u00f3n es un material de construcci\u00f3n hecho a base de cemento, arena y gravas o piedras. Es de los m\u00e1s utilizados en obras de arquitectura e ingenier\u00eda a nivel mundial.\" \/>\n<meta name=\"robots\" content=\"index, follow, max-snippet:-1, max-image-preview:large, max-video-preview:-1\" \/>\n<link rel=\"canonical\" href=\"https:\/\/www.ferrovial.com\/es\/recursos\/hormigon\/\" \/>\n<meta property=\"og:locale\" content=\"es_ES\" \/>\n<meta property=\"og:type\" content=\"article\" \/>\n<meta property=\"og:title\" content=\"Hormig\u00f3n: qu\u00e9 es, c\u00f3mo se hace, tipos y beneficios - Ferrovial\" \/>\n<meta property=\"og:description\" content=\"El hormig\u00f3n es un material de construcci\u00f3n hecho a base de cemento, arena y gravas o piedras. Es de los m\u00e1s utilizados en obras de arquitectura e ingenier\u00eda a nivel mundial.\" \/>\n<meta property=\"og:url\" content=\"https:\/\/www.ferrovial.com\/es\/recursos\/hormigon\/\" \/>\n<meta property=\"og:site_name\" content=\"Ferrovial\" \/>\n<meta property=\"article:publisher\" content=\"https:\/\/www.facebook.com\/ferrovial\" \/>\n<meta property=\"article:modified_time\" content=\"2022-09-22T17:26:44+00:00\" \/>\n<meta name=\"twitter:card\" content=\"summary_large_image\" \/>\n<meta name=\"twitter:site\" content=\"@ferrovial\" \/>\n<meta name=\"twitter:label1\" content=\"Est. reading time\" \/>\n\t<meta name=\"twitter:data1\" content=\"6 minutos\" \/>\n<!-- \/ Yoast SEO plugin. -->","yoast_head_json":{"title":"Hormig\u00f3n: qu\u00e9 es, c\u00f3mo se hace, tipos y beneficios - Ferrovial","description":"El hormig\u00f3n es un material de construcci\u00f3n hecho a base de cemento, arena y gravas o piedras. Es de los m\u00e1s utilizados en obras de arquitectura e ingenier\u00eda a nivel mundial.","robots":{"index":"index","follow":"follow","max-snippet":"max-snippet:-1","max-image-preview":"max-image-preview:large","max-video-preview":"max-video-preview:-1"},"canonical":"https:\/\/www.ferrovial.com\/es\/recursos\/hormigon\/","og_locale":"es_ES","og_type":"article","og_title":"Hormig\u00f3n: qu\u00e9 es, c\u00f3mo se hace, tipos y beneficios - Ferrovial","og_description":"El hormig\u00f3n es un material de construcci\u00f3n hecho a base de cemento, arena y gravas o piedras. Es de los m\u00e1s utilizados en obras de arquitectura e ingenier\u00eda a nivel mundial.","og_url":"https:\/\/www.ferrovial.com\/es\/recursos\/hormigon\/","og_site_name":"Ferrovial","article_publisher":"https:\/\/www.facebook.com\/ferrovial","article_modified_time":"2022-09-22T17:26:44+00:00","twitter_card":"summary_large_image","twitter_site":"@ferrovial","twitter_misc":{"Est. reading time":"6 minutos"},"schema":{"@context":"https:\/\/schema.org","@graph":[{"@type":"WebPage","@id":"https:\/\/www.ferrovial.com\/es\/recursos\/hormigon\/","url":"https:\/\/www.ferrovial.com\/es\/recursos\/hormigon\/","name":"Hormig\u00f3n: qu\u00e9 es, c\u00f3mo se hace, tipos y beneficios - Ferrovial","isPartOf":{"@id":"https:\/\/www.ferrovial.com\/es\/#website"},"datePublished":"2022-01-18T15:19:59+00:00","dateModified":"2022-09-22T17:26:44+00:00","description":"El hormig\u00f3n es un material de construcci\u00f3n hecho a base de cemento, arena y gravas o piedras. Es de los m\u00e1s utilizados en obras de arquitectura e ingenier\u00eda a nivel mundial.","breadcrumb":{"@id":"https:\/\/www.ferrovial.com\/es\/recursos\/hormigon\/#breadcrumb"},"inLanguage":"es","potentialAction":[{"@type":"ReadAction","target":["https:\/\/www.ferrovial.com\/es\/recursos\/hormigon\/"]}]},{"@type":"BreadcrumbList","@id":"https:\/\/www.ferrovial.com\/es\/recursos\/hormigon\/#breadcrumb","itemListElement":[{"@type":"ListItem","position":1,"name":"Portada","item":"https:\/\/www.ferrovial.com\/es\/"},{"@type":"ListItem","position":2,"name":"Recursos","item":"https:\/\/www.ferrovial.com\/es\/recursos\/"},{"@type":"ListItem","position":3,"name":"Hormig\u00f3n"}]},{"@type":"WebSite","@id":"https:\/\/www.ferrovial.com\/es\/#website","url":"https:\/\/www.ferrovial.com\/es\/","name":"Ferrovial","description":"Welcome to the Ferrovial&#039;s website, global operator of sustainable infrastructure. Here you can find all the information about the company and subsidiaries.","publisher":{"@id":"https:\/\/www.ferrovial.com\/es\/#organization"},"potentialAction":[{"@type":"SearchAction","target":{"@type":"EntryPoint","urlTemplate":"https:\/\/www.ferrovial.com\/es\/?s={search_term_string}"},"query-input":{"@type":"PropertyValueSpecification","valueRequired":true,"valueName":"search_term_string"}}],"inLanguage":"es"},{"@type":"Organization","@id":"https:\/\/www.ferrovial.com\/es\/#organization","name":"Ferrovial S.A.","url":"https:\/\/www.ferrovial.com\/es\/","logo":{"@type":"ImageObject","inLanguage":"es","@id":"https:\/\/www.ferrovial.com\/es\/#\/schema\/logo\/image\/","url":"https:\/\/static.ferrovial.com\/wp-content\/uploads\/2020\/01\/13124948\/logo-ferrovial-cf7.png","contentUrl":"https:\/\/static.ferrovial.com\/wp-content\/uploads\/2020\/01\/13124948\/logo-ferrovial-cf7.png","width":144,"height":32,"caption":"Ferrovial S.A."},"image":{"@id":"https:\/\/www.ferrovial.com\/es\/#\/schema\/logo\/image\/"},"sameAs":["https:\/\/www.facebook.com\/ferrovial","https:\/\/x.com\/ferrovial","https:\/\/www.instagram.com\/ferrovial\/","https:\/\/www.linkedin.com\/company\/ferrovial","https:\/\/www.pinterest.es\/ferrovial\/","https:\/\/www.youtube.com\/ferrovial","https:\/\/en.wikipedia.org\/wiki\/Ferrovial"]}]}},"_links":{"self":[{"href":"https:\/\/www.ferrovial.com\/es\/wp-json\/wp\/v2\/pages\/213295","targetHints":{"allow":["GET"]}}],"collection":[{"href":"https:\/\/www.ferrovial.com\/es\/wp-json\/wp\/v2\/pages"}],"about":[{"href":"https:\/\/www.ferrovial.com\/es\/wp-json\/wp\/v2\/types\/page"}],"replies":[{"embeddable":true,"href":"https:\/\/www.ferrovial.com\/es\/wp-json\/wp\/v2\/comments?post=213295"}],"version-history":[{"count":3,"href":"https:\/\/www.ferrovial.com\/es\/wp-json\/wp\/v2\/pages\/213295\/revisions"}],"predecessor-version":[{"id":239594,"href":"https:\/\/www.ferrovial.com\/es\/wp-json\/wp\/v2\/pages\/213295\/revisions\/239594"}],"up":[{"embeddable":true,"href":"https:\/\/www.ferrovial.com\/es\/wp-json\/wp\/v2\/pages\/25267"}],"wp:attachment":[{"href":"https:\/\/www.ferrovial.com\/es\/wp-json\/wp\/v2\/media?parent=213295"}],"curies":[{"name":"wp","href":"https:\/\/api.w.org\/{rel}","templated":true}]}}