{"id":213325,"date":"2022-01-18T16:38:34","date_gmt":"2022-01-18T15:38:34","guid":{"rendered":"https:\/\/www.ferrovial.com\/?page_id=213325"},"modified":"2024-09-10T14:04:21","modified_gmt":"2024-09-10T12:04:21","slug":"cemento","status":"publish","type":"page","link":"https:\/\/www.ferrovial.com\/es\/recursos\/cemento\/","title":{"rendered":"Cemento"},"content":{"rendered":"    <m-final-content-header >\n            <c-breadcrumb label-text=\"Breadcrumb\" slot=\"breadcrumbs\" type='2' align='left' wrap='wrapped wrapped' aria-label='Vienes de Recursos'>\n                        <ol>\n\n                                                            <li><a href=\"https:\/\/www.ferrovial.com\/es\/\" title=\"Ferrovial\">Ferrovial<\/a><\/li>\n                                                                        <li><a href=\"https:\/\/www.ferrovial.com\/es\/recursos\/\" title=\"Recursos\">Recursos<\/a><\/li>\n                                    \n                <\/ol>\n\n                <\/c-breadcrumb>\n    \n        <div slot=\"header\">\n            <h1>\n                Cemento            <\/h1>\n                    <\/div>\n    <\/m-final-content-header>\n\n    \n\n\n<m-wysiwig class=\"wp-block-components-wysiwyg\"><div slot=\"maincontent\">\n<h2 class=\"wp-block-heading\">\u00bfQu\u00e9 es el cemento?<\/h2>\n\n\n\n<p>El cemento es un polvo fino y suave que se utiliza como conglomerante debido a que se endurece despu\u00e9s de estar en contacto con el agua. Se produce a partir de una mezcla de caliza y arcilla, calcinadas y posteriormente molidas.<\/p>\n\n\n\n<h2 class=\"wp-block-heading\">\u00bfC\u00f3mo se hace el cemento?<\/h2>\n\n\n\n<p>Desde la antigua Grecia y Roma, el ser humano ha utilizado el cemento para la construcci\u00f3n. Sin embargo, el proceso para obtener esta pasta gris de secado r\u00e1pido ha cambiado significativamente desde aquellos tiempos. Ya no se emplean los m\u00e9todos rudimentarios de antes para manipular la piedra caliza, sino que se recurre a maquinarias especiales para general polvos muy finos, en cantidades nunca vistas.&nbsp;<\/p>\n\n\n\n<p>A partir del siglo XIX, la industrializaci\u00f3n de la producci\u00f3n del cemento ha permitido que este material se encuentre presente en una gran variedad de construcciones, adem\u00e1s se ha utilizado con fines est\u00e9ticos y utilitarios en la arquitectura moderna.<\/p>\n\n\n\n<h2 class=\"wp-block-heading\">\u00bfC\u00f3mo se hace el cemento para construcci\u00f3n?&nbsp;<\/h2>\n\n\n\n<ul class=\"wp-block-list\">\n<li>El proceso comienza en la <strong>cantera<\/strong>, con la <strong>extracci\u00f3n<\/strong> de calizas y arcillas.<\/li>\n\n\n\n<li>La materia prima es transportada a una planta especial en donde es<strong> triturada<\/strong>.<\/li>\n\n\n\n<li>En la <strong>prehomogenizaci\u00f3n,<\/strong> los equipos de rayos gamma analizan la materia prima y luego esta es mezclada con cantidades precisas de hierro y caliza, dosificadas seg\u00fan el tipo de cemento que se quiera obtener.<\/li>\n\n\n\n<li>Esta mezcla r\u00fastica se pulveriza en la molienda, hasta obtener una \u201charina\u201d fina.<\/li>\n\n\n\n<li>Luego pasa al <strong>silo de homogeneizaci\u00f3n<\/strong>.<\/li>\n\n\n\n<li>Al someterse a altas temperaturas, se cristaliza y luego se enfr\u00eda, transform\u00e1ndose en la <strong>molienda<\/strong>, (piedras peque\u00f1as cristalizadas, redondas, grises).<\/li>\n\n\n\n<li><strong>Premolienda.<\/strong> Despu\u00e9s de cierto tiempo de almacenamiento, el cl\u00ednker pasa por un molino de rodillos.<\/li>\n\n\n\n<li><strong>En la molienda, <\/strong>El cl\u00ednker se muele con yeso (la proporci\u00f3n yeso: cl\u00ednker determinar\u00e1 el tipo de cemento producido).<\/li>\n\n\n\n<li>Finalmente, el cemento terminado se<strong> empaca y distribuye<\/strong> en sacos.&nbsp;<\/li>\n<\/ul>\n\n\n\n<h2 class=\"wp-block-heading\">\u00bfCu\u00e1les son los tipos de cemento?<\/h2>\n\n\n\n<ol class=\"wp-block-list\">\n<li><strong>Cemento Portland Ordinario (OPC)<\/strong>: se fabrica y se utiliza en todo el mundo. Se usa ampliamente con varios prop\u00f3sitos, incluidos: hormig\u00f3n, mortero (mamposter\u00eda), yeso, lechada y masilla para paredes.<\/li>\n\n\n\n<li><strong>Cemento Portland Puzolana (PPC)<\/strong>: (OPC + Clinker puzol\u00e1nico) ideal para estructuras marinas, obras de alcantarillado, trabajos de cimentaci\u00f3n, muelles, puentes, etc.<\/li>\n\n\n\n<li><strong>Cemento con alto contenido de al\u00famina:<\/strong> (OPC + bauxita y cal) ideal para construcciones sometidas a altas temperaturas o que generen mucho calor, como fundiciones, talleres, y refractarios.<\/li>\n\n\n\n<li><strong>Cemento de escoria de alto horno <\/strong>(Clinker + 60% escoria) ideal para construcciones con presupuestos justos.<\/li>\n\n\n\n<li><strong>Cemento resistente a los sulfatos:<\/strong> se utiliza en suelos o aguas subterr\u00e1neas que tienen m\u00e1s de 0,2% o 0,3% g\/l de sales de sulfato de calcio, respectivamente.<\/li>\n\n\n\n<li><strong>Cemento de fraguado r\u00e1pido:<\/strong> para estructuras bajo el agua y en condiciones clim\u00e1ticas fr\u00edas y lluviosas.<\/li>\n<\/ol>\n\n\n\n<h2 class=\"wp-block-heading\">\u00bfQu\u00e9 pa\u00edses producen cemento?<\/h2>\n\n\n\n<p>Los principales productores de cemento en la actualidad son:<\/p>\n\n\n\n<ol class=\"wp-block-list\">\n<li>China: m\u00e1s de dos mil cuatrocientas (2400) toneladas de cemento anuales.<\/li>\n\n\n\n<li>India: m\u00e1s de doscientas (200) toneladas de cemento anuales.<\/li>\n\n\n\n<li>Estados Unidos, Rusia, Turqu\u00eda y Jap\u00f3n:\u00a0 menos de 100 toneladas\/ a\u00f1o.<\/li>\n<\/ol>\n\n\n\n<h2 class=\"wp-block-heading\">\u00bfCu\u00e1les son los beneficios de construir con cemento?<\/h2>\n\n\n\n<p>El cemento es un material de construcci\u00f3n esencial; de hecho, es el m\u00e1s utilizado en el mundo. La mayor\u00eda de las construcciones lo emplean en, por lo menos, una de sus etapas: cimientos, suelos, dinteles, muros, paredes o techos.<\/p>\n\n\n\n<p>El principal beneficio del cemento es ser un material resistente y duradero, de bajo costo y de gran diversidad de aplicaci\u00f3n. Esto lo convierte en uno de los favoritos de los arquitectos y empresas constructoras en todo el mundo.<\/p>\n\n\n\n<p>Las ventajas o beneficios de construir con cemento son muchas:&nbsp;<\/p>\n\n\n\n<ul class=\"wp-block-list\">\n<li><strong>Es econ\u00f3mico<\/strong>.<\/li>\n\n\n\n<li><strong>Es resistente y duradero<\/strong>: tiene una durabilidad comprobable de miles de a\u00f1os. De hecho, mientras m\u00e1s tiempo tiene la edificaci\u00f3n, m\u00e1s resistente se vuelve. No se ve afectado por la humedad, y puede resistir cambios clim\u00e1ticos importantes.<\/li>\n\n\n\n<li>Requiere de<strong> muy poco mantenimiento<\/strong>.\u00a0<\/li>\n\n\n\n<li><strong>Es vers\u00e1til<\/strong>. Se puede emplear en la construcci\u00f3n de edificios o en el pavimentado, para construir puentes sobre el mar o para hacer bancos en el parque.\u00a0<\/li>\n\n\n\n<li><strong>No se ve afectado por el fuego<\/strong>. Este factor lo convierte en un material de construcci\u00f3n apropiado para edificios importantes como hospitales, escuelas, museos, bibliotecas y bancos.\u00a0<\/li>\n\n\n\n<li><strong>Sostenibilidad. <\/strong>Es un aislante natural, por lo cual se depende menos de sistemas de calefacci\u00f3n y aire acondicionado, consiguiendo estructuras m\u00e1s eficientes.\u00a0<\/li>\n<\/ul>\n\n\n\n<h2 class=\"wp-block-heading\">\u00bfC\u00f3mo se har\u00e1 el cemento en el futuro?<\/h2>\n\n\n\n<p>Cada d\u00eda se descubren nuevas mezclas y aplicaciones del cemento. Las innovaciones tecnol\u00f3gicas m\u00e1s recientes permiten hacer el cemento m\u00e1s r\u00e1pido, de mayor calidad y a menor costo, lo que garantiza que seguir\u00e1 siendo un material de construcci\u00f3n esencial en los a\u00f1os venideros.&nbsp;<\/p>\n\n\n\n<p>La tecnolog\u00eda tambi\u00e9n ha permitido nuevos usos (cemento demoledor), aplicaciones (el microcemento decorativo) y m\u00e9todos de construcci\u00f3n a base de cemento (como la impresi\u00f3n 3D).&nbsp;<\/p>\n\n\n\n<p>Recientemente, Henk Jonkers, un profesor de microbiolog\u00eda holand\u00e9s logr\u00f3 crear un bio-concreto que, cuando se agrieta, se repara solo. Al mezclar el cemento con bacterias espec\u00edficas, que producen piedra caliza, ha creado un material \u00abvivo\u00bb ultra resistente que lograr\u00e1 proteger los refuerzos internos de acero del da\u00f1o del agua.<\/p>\n\n\n\n<p>Estos avances tecnol\u00f3gicos permiten estimar que el cemento continuar\u00e1 siendo uno de los materiales de construcci\u00f3n m\u00e1s importantes y que seguir\u00e1 moldeando las siluetas de nuestras futuras ciudades durante el pr\u00f3ximo siglo.<\/p>\n<\/div><\/m-wysiwig>\n\n\n    <m-projects-distributor2 :translations='{\n        &quot;prev&quot;:&quot;Anterior&quot;,\n        &quot;next&quot;:&quot;Siguiente&quot;,\n        &quot;paginationseparator&quot;:&quot;de&quot;\n    }'>\n                        <h2 slot=\"title\">\n                Nuestros proyectos destacados                <\/h2>\n                        <a slot='button' title='Conoce nuestros proyectos ' href='https:\/\/www.ferrovial.com\/es\/cintra\/proyectos\/'>\n            Conoce nuestros proyectos         <\/a>\n\n            <\/m-projects-distributor2>\n\n    ","protected":false},"excerpt":{"rendered":"","protected":false},"featured_media":0,"parent":25267,"menu_order":0,"comment_status":"closed","ping_status":"closed","template":"","meta":{"_acf_changed":false,"footnotes":""},"class_list":["post-213325","page","type-page","status-publish","hentry"],"acf":[],"yoast_head":"<!-- This site is optimized with the Yoast SEO plugin v27.2 - https:\/\/yoast.com\/product\/yoast-seo-wordpress\/ -->\n<title>Qu\u00e9 es el cemento, c\u00f3mo se hace y qu\u00e9 tipos existen - Ferrovial<\/title>\n<meta name=\"description\" content=\"El cemento es un polvo fino y suave que se utiliza como conglomerante debido a que se endurece despu\u00e9s de estar en contacto con el agua.\" \/>\n<meta name=\"robots\" content=\"index, follow, max-snippet:-1, max-image-preview:large, max-video-preview:-1\" \/>\n<link rel=\"canonical\" href=\"https:\/\/www.ferrovial.com\/es\/recursos\/cemento\/\" \/>\n<meta property=\"og:locale\" content=\"es_ES\" \/>\n<meta property=\"og:type\" content=\"article\" \/>\n<meta property=\"og:title\" content=\"Qu\u00e9 es el cemento, c\u00f3mo se hace y qu\u00e9 tipos existen - Ferrovial\" \/>\n<meta property=\"og:description\" content=\"El cemento es un polvo fino y suave que se utiliza como conglomerante debido a que se endurece despu\u00e9s de estar en contacto con el agua.\" \/>\n<meta property=\"og:url\" content=\"https:\/\/www.ferrovial.com\/es\/recursos\/cemento\/\" \/>\n<meta property=\"og:site_name\" content=\"Ferrovial\" \/>\n<meta property=\"article:publisher\" content=\"https:\/\/www.facebook.com\/ferrovial\" \/>\n<meta property=\"article:modified_time\" content=\"2024-09-10T12:04:21+00:00\" \/>\n<meta name=\"twitter:card\" content=\"summary_large_image\" \/>\n<meta name=\"twitter:site\" content=\"@ferrovial\" \/>\n<meta name=\"twitter:label1\" content=\"Est. reading time\" \/>\n\t<meta name=\"twitter:data1\" content=\"7 minutos\" \/>\n<!-- \/ Yoast SEO plugin. -->","yoast_head_json":{"title":"Qu\u00e9 es el cemento, c\u00f3mo se hace y qu\u00e9 tipos existen - Ferrovial","description":"El cemento es un polvo fino y suave que se utiliza como conglomerante debido a que se endurece despu\u00e9s de estar en contacto con el agua.","robots":{"index":"index","follow":"follow","max-snippet":"max-snippet:-1","max-image-preview":"max-image-preview:large","max-video-preview":"max-video-preview:-1"},"canonical":"https:\/\/www.ferrovial.com\/es\/recursos\/cemento\/","og_locale":"es_ES","og_type":"article","og_title":"Qu\u00e9 es el cemento, c\u00f3mo se hace y qu\u00e9 tipos existen - Ferrovial","og_description":"El cemento es un polvo fino y suave que se utiliza como conglomerante debido a que se endurece despu\u00e9s de estar en contacto con el agua.","og_url":"https:\/\/www.ferrovial.com\/es\/recursos\/cemento\/","og_site_name":"Ferrovial","article_publisher":"https:\/\/www.facebook.com\/ferrovial","article_modified_time":"2024-09-10T12:04:21+00:00","twitter_card":"summary_large_image","twitter_site":"@ferrovial","twitter_misc":{"Est. reading time":"7 minutos"},"schema":{"@context":"https:\/\/schema.org","@graph":[{"@type":"WebPage","@id":"https:\/\/www.ferrovial.com\/es\/recursos\/cemento\/","url":"https:\/\/www.ferrovial.com\/es\/recursos\/cemento\/","name":"Qu\u00e9 es el cemento, c\u00f3mo se hace y qu\u00e9 tipos existen - Ferrovial","isPartOf":{"@id":"https:\/\/www.ferrovial.com\/es\/#website"},"datePublished":"2022-01-18T15:38:34+00:00","dateModified":"2024-09-10T12:04:21+00:00","description":"El cemento es un polvo fino y suave que se utiliza como conglomerante debido a que se endurece despu\u00e9s de estar en contacto con el agua.","breadcrumb":{"@id":"https:\/\/www.ferrovial.com\/es\/recursos\/cemento\/#breadcrumb"},"inLanguage":"es","potentialAction":[{"@type":"ReadAction","target":["https:\/\/www.ferrovial.com\/es\/recursos\/cemento\/"]}]},{"@type":"BreadcrumbList","@id":"https:\/\/www.ferrovial.com\/es\/recursos\/cemento\/#breadcrumb","itemListElement":[{"@type":"ListItem","position":1,"name":"Portada","item":"https:\/\/www.ferrovial.com\/es\/"},{"@type":"ListItem","position":2,"name":"Recursos","item":"https:\/\/www.ferrovial.com\/es\/recursos\/"},{"@type":"ListItem","position":3,"name":"Cemento"}]},{"@type":"WebSite","@id":"https:\/\/www.ferrovial.com\/es\/#website","url":"https:\/\/www.ferrovial.com\/es\/","name":"Ferrovial","description":"Welcome to the Ferrovial&#039;s website, global operator of sustainable infrastructure. Here you can find all the information about the company and subsidiaries.","publisher":{"@id":"https:\/\/www.ferrovial.com\/es\/#organization"},"potentialAction":[{"@type":"SearchAction","target":{"@type":"EntryPoint","urlTemplate":"https:\/\/www.ferrovial.com\/es\/?s={search_term_string}"},"query-input":{"@type":"PropertyValueSpecification","valueRequired":true,"valueName":"search_term_string"}}],"inLanguage":"es"},{"@type":"Organization","@id":"https:\/\/www.ferrovial.com\/es\/#organization","name":"Ferrovial S.A.","url":"https:\/\/www.ferrovial.com\/es\/","logo":{"@type":"ImageObject","inLanguage":"es","@id":"https:\/\/www.ferrovial.com\/es\/#\/schema\/logo\/image\/","url":"https:\/\/static.ferrovial.com\/wp-content\/uploads\/2020\/01\/13124948\/logo-ferrovial-cf7.png","contentUrl":"https:\/\/static.ferrovial.com\/wp-content\/uploads\/2020\/01\/13124948\/logo-ferrovial-cf7.png","width":144,"height":32,"caption":"Ferrovial S.A."},"image":{"@id":"https:\/\/www.ferrovial.com\/es\/#\/schema\/logo\/image\/"},"sameAs":["https:\/\/www.facebook.com\/ferrovial","https:\/\/x.com\/ferrovial","https:\/\/www.instagram.com\/ferrovial\/","https:\/\/www.linkedin.com\/company\/ferrovial","https:\/\/www.pinterest.es\/ferrovial\/","https:\/\/www.youtube.com\/ferrovial","https:\/\/en.wikipedia.org\/wiki\/Ferrovial"]}]}},"_links":{"self":[{"href":"https:\/\/www.ferrovial.com\/es\/wp-json\/wp\/v2\/pages\/213325","targetHints":{"allow":["GET"]}}],"collection":[{"href":"https:\/\/www.ferrovial.com\/es\/wp-json\/wp\/v2\/pages"}],"about":[{"href":"https:\/\/www.ferrovial.com\/es\/wp-json\/wp\/v2\/types\/page"}],"replies":[{"embeddable":true,"href":"https:\/\/www.ferrovial.com\/es\/wp-json\/wp\/v2\/comments?post=213325"}],"version-history":[{"count":3,"href":"https:\/\/www.ferrovial.com\/es\/wp-json\/wp\/v2\/pages\/213325\/revisions"}],"predecessor-version":[{"id":287919,"href":"https:\/\/www.ferrovial.com\/es\/wp-json\/wp\/v2\/pages\/213325\/revisions\/287919"}],"up":[{"embeddable":true,"href":"https:\/\/www.ferrovial.com\/es\/wp-json\/wp\/v2\/pages\/25267"}],"wp:attachment":[{"href":"https:\/\/www.ferrovial.com\/es\/wp-json\/wp\/v2\/media?parent=213325"}],"curies":[{"name":"wp","href":"https:\/\/api.w.org\/{rel}","templated":true}]}}