{"id":213345,"date":"2022-01-18T16:49:04","date_gmt":"2022-01-18T15:49:04","guid":{"rendered":"https:\/\/www.ferrovial.com\/?page_id=213345"},"modified":"2022-09-22T17:46:23","modified_gmt":"2022-09-22T15:46:23","slug":"partes-de-una-carretera","status":"publish","type":"page","link":"https:\/\/www.ferrovial.com\/es\/recursos\/partes-de-una-carretera\/","title":{"rendered":"Partes de una carretera"},"content":{"rendered":"    <m-final-content-header >\n            <c-breadcrumb label-text=\"Breadcrumb\" slot=\"breadcrumbs\" type='2' align='left' wrap='wrapped wrapped' aria-label='Vienes de Recursos'>\n                        <ol>\n\n                                                            <li><a href=\"https:\/\/www.ferrovial.com\/es\/\" title=\"Ferrovial\">Ferrovial<\/a><\/li>\n                                                                        <li><a href=\"https:\/\/www.ferrovial.com\/es\/recursos\/\" title=\"Recursos\">Recursos<\/a><\/li>\n                                    \n                <\/ol>\n\n                <\/c-breadcrumb>\n    \n        <div slot=\"header\">\n            <h1>\n                Partes de una carretera            <\/h1>\n                    <\/div>\n    <\/m-final-content-header>\n\n    \n\n\n<m-wysiwig class=\"wp-block-components-wysiwyg\"><div slot=\"maincontent\">\n<h2 class=\"wp-block-heading\">\u00bfQu\u00e9 es una carretera?<\/h2>\n\n\n\n<p><script type=\"application\/ld+json\">\n{\n  \"@context\": \"https:\/\/schema.org\",\n  \"@type\": \"FAQPage\",\n  \"mainEntity\": [{\n    \"@type\": \"Question\",\n    \"name\": \"\u00bfQu\u00e9 es una carretera?\",\n    \"acceptedAnswer\": {\n      \"@type\": \"Answer\",\n      \"text\": \"Una carretera, tambi\u00e9n llamada ruta, es el t\u00e9rmino que se utiliza para hacer referencia a una v\u00eda de transporte para la circulaci\u00f3n, principalmente, de veh\u00edculos. Es de uso p\u00fablico y permite la conexi\u00f3n del camino, a trav\u00e9s de distintos accesos, con otros tipos de v\u00edas como autopistas o con propiedades cercanas.\"\n    }\n  },{\n    \"@type\": \"Question\",\n    \"name\": \"\u00bfCu\u00e1les son las partes de una carretera?\",\n    \"acceptedAnswer\": {\n      \"@type\": \"Answer\",\n      \"text\": \"<ul>\n<li>Plataforma<\/li>\n<li>Calzada<\/li>\n<li>Carril<\/li>\n<li>Mediana<\/li>\n<li>Cuneta o drenaje<\/li>\n<li>Acera<\/li>\n<li>Ciclov\u00eda<\/li>\n<\/ul>\"\n    }\n  },{\n    \"@type\": \"Question\",\n    \"name\": \"\u00bfC\u00f3mo ser\u00e1n las carreteras del futuro?\",\n    \"acceptedAnswer\": {\n      \"@type\": \"Answer\",\n      \"text\": \"las carreteras del futuro, dise\u00f1adas para cumplir con funciones m\u00faltiples, que van desde la advertencia a los conductores ante la posibilidad de cometer una infracci\u00f3n, pasando por la incorporaci\u00f3n de sensores de comunicaci\u00f3n para reducir tiempos de espera en caso de accidentes, hasta llegar a la carga autom\u00e1tica de los veh\u00edculos el\u00e9ctricos mientras estos est\u00e1n circulando.\"\n    }\n  },{\n    \"@type\": \"Question\",\n    \"name\": \"\u00bfQu\u00e9 son las carreteras solares?\",\n    \"acceptedAnswer\": {\n      \"@type\": \"Answer\",\n      \"text\": \"Se trata de v\u00edas cuyo pavimento est\u00e1 hecho con paneles fotovoltaicos, siendo capaz de transformar la energ\u00eda proveniente del sol en electricidad. Es decir, se sustituye el asfalto com\u00fan por placas solares.\n\nLa primera carretera solar del mundo se instal\u00f3 en Francia, en un tramo de 1 kil\u00f3metro de distancia hacia el pueblo Tourouvre-au-Perche, en Normand\u00eda.\"\n    }\n  }]\n}\n<\/script><p>Una carretera, tambi\u00e9n llamada ruta, es el t\u00e9rmino que se utiliza para hacer referencia a una <strong>v\u00eda de transporte para la circulaci\u00f3n, principalmente, de veh\u00edculos. <\/strong>Es de uso p\u00fablico y permite la conexi\u00f3n del camino, a trav\u00e9s de distintos accesos, con otros tipos de v\u00edas como autopistas o con propiedades cercanas.&nbsp;<\/p><\/p>\n\n\n\n<h2 class=\"wp-block-heading\">\u00bfCu\u00e1les son las partes de una carretera?<\/h2>\n\n\n\n<p>Toda carretera, independientemente de su complejidad o amplitud, consta de unas partes que est\u00e1n asociadas al destino y a su demarcaci\u00f3n:<\/p>\n\n\n\n<ol class=\"wp-block-list\"><li><strong>Plataforma:<\/strong> es el \u00e1rea que aglomera todas las partes de la v\u00eda.&nbsp;<\/li><li><strong>Calzada: <\/strong>es la parte de la carretera que est\u00e1 destinada a la circulaci\u00f3n de autom\u00f3viles y que, dependiendo de su tama\u00f1o, puede estar compuesta de uno o varios carriles.<\/li><li><strong>Carril:<\/strong> es una franja longitudinal que forma parte de la calzada. Si son varios, suelen estar delimitados por marcas viales, con una anchura suficiente para el paso de veh\u00edculos que van desde motocicletas hasta autom\u00f3viles de gran tama\u00f1o.&nbsp;<\/li><li><strong>Mediana:<\/strong> es una estructura o franja divisoria ubicada a la mitad de una carretera, con el objetivo de separar v\u00edas de doble sentido, impidiendo el choque de veh\u00edculos que pasan por carriles de direcci\u00f3n contraria.&nbsp;<\/li><li><strong>Cuneta o drenaje: <\/strong>se trata de una zanja ubicada a los lados de la v\u00eda y a un nivel menor, en la que se depositan los residuos de agua para canalizarlos hacia \u00e1reas donde no se acumulen y no provoquen dep\u00f3sitos o inundaciones.&nbsp;<\/li><li><strong>Acera: <\/strong>es el \u00e1rea longitudinal de una carretera que normalmente se ubica a los dos lados de una calzada, y cuyo objetivo es permitir el tr\u00e1nsito de los peatones.&nbsp;<\/li><li><strong>Ciclov\u00eda:<\/strong> es el espacio de la carretera destinado de forma exclusiva para la circulaci\u00f3n de bicicletas. Puede ir en uno o dos sentidos, y recibir distintos nombres seg\u00fan sus caracter\u00edsticas.<\/li><\/ol>\n\n\n\n<p>Adem\u00e1s, las carreteras cuentan con partes que est\u00e1n ligadas al trazado o demarcaci\u00f3n que involucra otros elementos distintos a los veh\u00edculos dentro de la disposici\u00f3n vial:<\/p>\n\n\n\n<ol class=\"wp-block-list\"><li><strong>Paso peatonal:<\/strong> es la zona que conecta una o m\u00e1s calles para el tr\u00e1nsito peatonal, atravesando la calzada vehicular.&nbsp;<\/li><li><strong>Intersecci\u00f3n: <\/strong>hace referencia a las infraestructuras de las carreteras que facilitan el cruce e intercambio de dos o m\u00e1s caminos. Puede, incluso, significar un cruce entre otros sistemas de transporte como, por ejemplo, v\u00edas f\u00e9rreas.&nbsp;<\/li><li><strong>Arc\u00e9n:<\/strong> se trata de un espacio llano, o una franja longitudinal que separa la v\u00eda de la cuneta. No est\u00e1 destinada para la circulaci\u00f3n de veh\u00edculos, sino que suele usarse como \u00e1rea de asistencia vehicular en caso de ser necesaria.&nbsp;<\/li><li><strong>Glorieta o rotonda:<\/strong> es una construcci\u00f3n utilizada para facilitar el cruce de caminos y la reducci\u00f3n de velocidad con el fin de disminuir el \u00edndice de accidentes automovil\u00edsticos. Se trata de una estructura que comunica tramos de la v\u00eda a trav\u00e9s de un anillo de circulaci\u00f3n rotatoria con distintas salidas.&nbsp;<\/li><li><strong>Parada:<\/strong> zona de la v\u00eda donde se detiene el transporte p\u00fablico para el ingreso y la salida de los pasajeros.<\/li><\/ol>\n\n\n\n<h2 class=\"wp-block-heading\">\u00bfC\u00f3mo ser\u00e1n las carreteras del futuro?<\/h2>\n\n\n\n<p>Los avances tecnol\u00f3gicos tambi\u00e9n han incidido directamente en los sistemas de comunicaci\u00f3n e infraestructura vial, teniendo las carreteras, en la actualidad, un papel fundamental en cuanto a la <strong>innovaci\u00f3n en sistemas de trazados, se\u00f1alizaci\u00f3n, pavimentaci\u00f3n y elementos de protecci\u00f3n.<\/strong><\/p>\n\n\n\n<p>Es as\u00ed como surgen las carreteras del futuro, dise\u00f1adas para cumplir con funciones m\u00faltiples, que van desde la <strong>advertencia a los conductores<\/strong> ante la posibilidad de cometer una infracci\u00f3n, pasando por la <strong>incorporaci\u00f3n de sensores de comunicaci\u00f3n<\/strong> para reducir tiempos de espera en caso de accidentes, hasta llegar a la <strong>carga autom\u00e1tica de los veh\u00edculos el\u00e9ctricos mientras estos est\u00e1n circulando.<\/strong><\/p>\n\n\n\n<p>En las <strong>carreteras inteligentes para <\/strong><a href=\"https:\/\/www.ferrovial.com\/es-es\/recursos\/smart-city\/\"><strong>ciudades inteligentes<\/strong><\/a> como China, Reino Unido, Jap\u00f3n, Estados Unidos o Espa\u00f1a las calzadas ya no son solo una infraestructura de comunicaci\u00f3n vehicular, sino que se convierten en v\u00edas de la informaci\u00f3n, <strong>vali\u00e9ndose de tecnolog\u00edas como el <\/strong><a href=\"https:\/\/www.ferrovial.com\/es\/innovacion\/tecnologias\/5g\/\"><strong>5G<\/strong><\/a><strong> o el <\/strong><a href=\"https:\/\/www.ferrovial.com\/es-es\/innovacion\/tecnologias\/iot\/\"><strong>Internet de las cosas<\/strong><\/a><strong> para facilitar la comunicaci\u00f3n vial,<\/strong> garantizar la seguridad e, incluso, generar energ\u00eda a trav\u00e9s de ellas.&nbsp;<\/p>\n\n\n\n<h2 class=\"wp-block-heading\">\u00bfQu\u00e9 son las carreteras solares?<\/h2>\n\n\n\n<p>Se trata de <strong>v\u00edas cuyo pavimento est\u00e1 hecho con paneles fotovoltaicos, siendo capaz de transformar la energ\u00eda proveniente del sol en electricidad.<\/strong> Es decir, se sustituye el asfalto com\u00fan por placas solares.<\/p>\n\n\n\n<p>La primera carretera solar del mundo se instal\u00f3 en Francia, en <strong>un tramo de 1 kil\u00f3metro de distancia hacia el pueblo Tourouvre-au-Perche, en Normand\u00eda<\/strong>. Fue constituida por 2.800 metros cuadrados de placas solares recubiertas de l\u00e1minas de silicio que ser\u00edan capaces de resistir el peso de m\u00e1s de dos mil veh\u00edculos diarios. La expectativa de este proyecto piloto era crear una <strong>carretera capaz de proveer electricidad para el alumbrado p\u00fablico<\/strong>; sin embargo, la iniciativa no obtuvo los resultados deseados.&nbsp;<\/p>\n\n\n\n<p>En Georgia, Estados Unidos, se utiliz\u00f3 la misma tecnolog\u00eda para instalar 50 metros de carretera solar, capaz de generar <strong>7.000 kWh\/hora al a\u00f1o. <\/strong>Adem\u00e1s, a trav\u00e9s del sistema <em>Smart Road Dot<\/em>, con luces LED de energ\u00eda solar y bater\u00edas de soporte, esta carretera genera puntos reflectantes con informaci\u00f3n de tr\u00e1fico para los usuarios.<\/p>\n<\/div><\/m-wysiwig>\n\n\n    <m-projects-distributor2 :translations='{\n        &quot;prev&quot;:&quot;Anterior&quot;,\n        &quot;next&quot;:&quot;Siguiente&quot;,\n        &quot;paginationseparator&quot;:&quot;de&quot;\n    }'>\n                        <h2 slot=\"title\">\n                Nuestros proyectos destacados                <\/h2>\n                        <a slot='button' title='Conoce nuestros proyectos ' href='https:\/\/www.ferrovial.com\/es\/cintra\/proyectos\/'>\n            Conoce nuestros proyectos         <\/a>\n\n            <\/m-projects-distributor2>\n\n    ","protected":false},"excerpt":{"rendered":"","protected":false},"featured_media":0,"parent":25267,"menu_order":0,"comment_status":"closed","ping_status":"closed","template":"","meta":{"_acf_changed":false,"footnotes":""},"class_list":["post-213345","page","type-page","status-publish","hentry"],"acf":[],"yoast_head":"<!-- This site is optimized with the Yoast SEO plugin v27.2 - https:\/\/yoast.com\/product\/yoast-seo-wordpress\/ -->\n<title>Partes de una carretera: calzada, carril, mediana... - Ferrovial<\/title>\n<meta name=\"description\" content=\"Toda carretera, independientemente de su complejidad o amplitud, consta de unas partes que est\u00e1n asociadas al destino y a su demarcaci\u00f3n: plataforma, calzada...\" \/>\n<meta name=\"robots\" content=\"index, follow, max-snippet:-1, max-image-preview:large, max-video-preview:-1\" \/>\n<link rel=\"canonical\" href=\"https:\/\/www.ferrovial.com\/es\/recursos\/partes-de-una-carretera\/\" \/>\n<meta property=\"og:locale\" content=\"es_ES\" \/>\n<meta property=\"og:type\" content=\"article\" \/>\n<meta property=\"og:title\" content=\"Partes de una carretera: calzada, carril, mediana... - Ferrovial\" \/>\n<meta property=\"og:description\" content=\"Toda carretera, independientemente de su complejidad o amplitud, consta de unas partes que est\u00e1n asociadas al destino y a su demarcaci\u00f3n: plataforma, calzada...\" \/>\n<meta property=\"og:url\" content=\"https:\/\/www.ferrovial.com\/es\/recursos\/partes-de-una-carretera\/\" \/>\n<meta property=\"og:site_name\" content=\"Ferrovial\" \/>\n<meta property=\"article:publisher\" content=\"https:\/\/www.facebook.com\/ferrovial\" \/>\n<meta property=\"article:modified_time\" content=\"2022-09-22T15:46:23+00:00\" \/>\n<meta name=\"twitter:card\" content=\"summary_large_image\" \/>\n<meta name=\"twitter:site\" content=\"@ferrovial\" \/>\n<meta name=\"twitter:label1\" content=\"Est. reading time\" \/>\n\t<meta name=\"twitter:data1\" content=\"5 minutos\" \/>\n<!-- \/ Yoast SEO plugin. -->","yoast_head_json":{"title":"Partes de una carretera: calzada, carril, mediana... - Ferrovial","description":"Toda carretera, independientemente de su complejidad o amplitud, consta de unas partes que est\u00e1n asociadas al destino y a su demarcaci\u00f3n: plataforma, calzada...","robots":{"index":"index","follow":"follow","max-snippet":"max-snippet:-1","max-image-preview":"max-image-preview:large","max-video-preview":"max-video-preview:-1"},"canonical":"https:\/\/www.ferrovial.com\/es\/recursos\/partes-de-una-carretera\/","og_locale":"es_ES","og_type":"article","og_title":"Partes de una carretera: calzada, carril, mediana... - Ferrovial","og_description":"Toda carretera, independientemente de su complejidad o amplitud, consta de unas partes que est\u00e1n asociadas al destino y a su demarcaci\u00f3n: plataforma, calzada...","og_url":"https:\/\/www.ferrovial.com\/es\/recursos\/partes-de-una-carretera\/","og_site_name":"Ferrovial","article_publisher":"https:\/\/www.facebook.com\/ferrovial","article_modified_time":"2022-09-22T15:46:23+00:00","twitter_card":"summary_large_image","twitter_site":"@ferrovial","twitter_misc":{"Est. reading time":"5 minutos"},"schema":{"@context":"https:\/\/schema.org","@graph":[{"@type":"WebPage","@id":"https:\/\/www.ferrovial.com\/es\/recursos\/partes-de-una-carretera\/","url":"https:\/\/www.ferrovial.com\/es\/recursos\/partes-de-una-carretera\/","name":"Partes de una carretera: calzada, carril, mediana... - Ferrovial","isPartOf":{"@id":"https:\/\/www.ferrovial.com\/es\/#website"},"datePublished":"2022-01-18T15:49:04+00:00","dateModified":"2022-09-22T15:46:23+00:00","description":"Toda carretera, independientemente de su complejidad o amplitud, consta de unas partes que est\u00e1n asociadas al destino y a su demarcaci\u00f3n: plataforma, calzada...","breadcrumb":{"@id":"https:\/\/www.ferrovial.com\/es\/recursos\/partes-de-una-carretera\/#breadcrumb"},"inLanguage":"es","potentialAction":[{"@type":"ReadAction","target":["https:\/\/www.ferrovial.com\/es\/recursos\/partes-de-una-carretera\/"]}]},{"@type":"BreadcrumbList","@id":"https:\/\/www.ferrovial.com\/es\/recursos\/partes-de-una-carretera\/#breadcrumb","itemListElement":[{"@type":"ListItem","position":1,"name":"Portada","item":"https:\/\/www.ferrovial.com\/es\/"},{"@type":"ListItem","position":2,"name":"Recursos","item":"https:\/\/www.ferrovial.com\/es\/recursos\/"},{"@type":"ListItem","position":3,"name":"Partes de una carretera"}]},{"@type":"WebSite","@id":"https:\/\/www.ferrovial.com\/es\/#website","url":"https:\/\/www.ferrovial.com\/es\/","name":"Ferrovial","description":"Welcome to the Ferrovial&#039;s website, global operator of sustainable infrastructure. Here you can find all the information about the company and subsidiaries.","publisher":{"@id":"https:\/\/www.ferrovial.com\/es\/#organization"},"potentialAction":[{"@type":"SearchAction","target":{"@type":"EntryPoint","urlTemplate":"https:\/\/www.ferrovial.com\/es\/?s={search_term_string}"},"query-input":{"@type":"PropertyValueSpecification","valueRequired":true,"valueName":"search_term_string"}}],"inLanguage":"es"},{"@type":"Organization","@id":"https:\/\/www.ferrovial.com\/es\/#organization","name":"Ferrovial S.A.","url":"https:\/\/www.ferrovial.com\/es\/","logo":{"@type":"ImageObject","inLanguage":"es","@id":"https:\/\/www.ferrovial.com\/es\/#\/schema\/logo\/image\/","url":"https:\/\/static.ferrovial.com\/wp-content\/uploads\/2020\/01\/13124948\/logo-ferrovial-cf7.png","contentUrl":"https:\/\/static.ferrovial.com\/wp-content\/uploads\/2020\/01\/13124948\/logo-ferrovial-cf7.png","width":144,"height":32,"caption":"Ferrovial S.A."},"image":{"@id":"https:\/\/www.ferrovial.com\/es\/#\/schema\/logo\/image\/"},"sameAs":["https:\/\/www.facebook.com\/ferrovial","https:\/\/x.com\/ferrovial","https:\/\/www.instagram.com\/ferrovial\/","https:\/\/www.linkedin.com\/company\/ferrovial","https:\/\/www.pinterest.es\/ferrovial\/","https:\/\/www.youtube.com\/ferrovial","https:\/\/en.wikipedia.org\/wiki\/Ferrovial"]}]}},"_links":{"self":[{"href":"https:\/\/www.ferrovial.com\/es\/wp-json\/wp\/v2\/pages\/213345","targetHints":{"allow":["GET"]}}],"collection":[{"href":"https:\/\/www.ferrovial.com\/es\/wp-json\/wp\/v2\/pages"}],"about":[{"href":"https:\/\/www.ferrovial.com\/es\/wp-json\/wp\/v2\/types\/page"}],"replies":[{"embeddable":true,"href":"https:\/\/www.ferrovial.com\/es\/wp-json\/wp\/v2\/comments?post=213345"}],"version-history":[{"count":2,"href":"https:\/\/www.ferrovial.com\/es\/wp-json\/wp\/v2\/pages\/213345\/revisions"}],"predecessor-version":[{"id":239504,"href":"https:\/\/www.ferrovial.com\/es\/wp-json\/wp\/v2\/pages\/213345\/revisions\/239504"}],"up":[{"embeddable":true,"href":"https:\/\/www.ferrovial.com\/es\/wp-json\/wp\/v2\/pages\/25267"}],"wp:attachment":[{"href":"https:\/\/www.ferrovial.com\/es\/wp-json\/wp\/v2\/media?parent=213345"}],"curies":[{"name":"wp","href":"https:\/\/api.w.org\/{rel}","templated":true}]}}