{"id":213367,"date":"2022-01-19T12:35:53","date_gmt":"2022-01-19T11:35:53","guid":{"rendered":"https:\/\/www.ferrovial.com\/?page_id=213367"},"modified":"2022-09-22T18:12:31","modified_gmt":"2022-09-22T16:12:31","slug":"protocolo-de-kioto","status":"publish","type":"page","link":"https:\/\/www.ferrovial.com\/es\/recursos\/protocolo-de-kioto\/","title":{"rendered":"Protocolo de Kioto"},"content":{"rendered":"    <m-final-content-header >\n            <c-breadcrumb label-text=\"Breadcrumb\" slot=\"breadcrumbs\" type='2' align='left' wrap='wrapped wrapped' aria-label='Vienes de Recursos'>\n                        <ol>\n\n                                                            <li><a href=\"https:\/\/www.ferrovial.com\/es\/\" title=\"Ferrovial\">Ferrovial<\/a><\/li>\n                                                                        <li><a href=\"https:\/\/www.ferrovial.com\/es\/recursos\/\" title=\"Recursos\">Recursos<\/a><\/li>\n                                    \n                <\/ol>\n\n                <\/c-breadcrumb>\n    \n        <div slot=\"header\">\n            <h1>\n                 \u00bfQu\u00e9 es el Protocolo de Kioto?            <\/h1>\n                    <\/div>\n    <\/m-final-content-header>\n\n    \n\n\n<m-wysiwig class=\"wp-block-components-wysiwyg\"><div slot=\"maincontent\">\n<p><script type=\"application\/ld+json\">\n{\n  \"@context\": \"https:\/\/schema.org\",\n  \"@type\": \"FAQPage\",\n  \"mainEntity\": [{\n    \"@type\": \"Question\",\n    \"name\": \"\u00bfQu\u00e9 es el Protocolo de Kioto?\",\n    \"acceptedAnswer\": {\n      \"@type\": \"Answer\",\n      \"text\": \"El Protocolo de Kioto es un acuerdo internacional de la Convenci\u00f3n Marco de las Naciones Unidas sobre el Cambio Clim\u00e1tico que tiene como objetivo reducir las emisiones de los 6 principales gases de efecto invernadero (di\u00f3xido de carbono (CO2), metano (CH4), \u00f3xido nitroso (N2O), hidrofluorocarbonos (HFC), perfluorocarbonos (PFC) y hexafluoruro de azufre (SF6)) generados por los miembros firmantes del acuerdo. Adem\u00e1s, busca promover el crecimiento sustentable en pa\u00edses en v\u00edas de desarrollo.\"\n    }\n  },{\n    \"@type\": \"Question\",\n    \"name\": \"\u00bfCu\u00e1ntos pa\u00edses ratificaron y firmaron el Protocolo de Kioto?\",\n    \"acceptedAnswer\": {\n      \"@type\": \"Answer\",\n      \"text\": \"Para 1997, 84 pa\u00edses firmaron el acuerdo, y 46 lo ratificaron; de los grandes emisores solo se adhirieron la Uni\u00f3n Europea y Jap\u00f3n, mientras que China, Australia y Estados Unidos decidieron quedarse fuera. Para el a\u00f1o 2001, ya eran m\u00e1s de 180 las partes. La ratificaci\u00f3n de Rusia permiti\u00f3 que el Protocolo de Kioto entrara en vigor en el a\u00f1o 2005.\"\n    }\n  },{\n    \"@type\": \"Question\",\n    \"name\": \"\u00bfQu\u00e9 mecanismos se proponen implementar para cumplir los objetivos?\",\n    \"acceptedAnswer\": {\n      \"@type\": \"Answer\",\n      \"text\": \"En el Protocolo de Kioto se establecieron 3 mecanismos de implementaci\u00f3n para alcanzar los objetivos de reducci\u00f3n de emisiones de gases de efecto invernadero. \n<ol>\n<li>Comercio internacional de emisiones<\/li>\n<li>Mecanismo de desarrollo limpio<\/li>\n<li>Mecanismo de aplicaci\u00f3n conjunta<\/li>\n<\/ol>\"\n    }\n  },{\n    \"@type\": \"Question\",\n    \"name\": \"\u00bfCu\u00e1l es el balance del Protocolo de Kioto?\",\n    \"acceptedAnswer\": {\n      \"@type\": \"Answer\",\n      \"text\": \"<ul>\n<li>Los datos correspondientes al periodo de la Enmienda de Doha (1990-2018) muestran que las emisiones totales en 2018 fueron un 25% inferiores respecto a las de 1990, lo que super\u00f3 la expectativa. <\/li>\n<li>El descenso de las emisiones en muchos pa\u00edses fue producto del fin de la Uni\u00f3n Sovi\u00e9tica.<\/li>\n<li>La esperanza con el Acuerdo de Par\u00eds est\u00e1 basada en las nuevas pol\u00edticas, tecnolog\u00edas y avances en materia de sostenibilidad, como resultado de un proceso de aprendizaje de a\u00f1os anteriores y una mayor preocupaci\u00f3n ante el cambio clim\u00e1tico. <\/li>\n<\/ul>\"\n    }\n  }]\n}\n<\/script><p>El Protocolo de Kioto es un <strong>acuerdo internacional<\/strong> de la<a href=\"https:\/\/unfccc.int\/es\/process-and-meetings\/the-convention\/que-es-la-convencion-marco-de-las-naciones-unidas-sobre-el-cambio-climatico\" target=\"_blank\" rel=\"noreferrer noopener\"> Convenci\u00f3n Marco de las Naciones Unidas sobre el Cambio Clim\u00e1tico<\/a> que tiene como objetivo <strong>reducir las emisiones de los 6 principales gases de efecto invernadero <\/strong>(di\u00f3xido de carbono (CO2), metano (CH4), \u00f3xido nitroso (N2O), hidrofluorocarbonos (HFC), perfluorocarbonos (PFC) y hexafluoruro de azufre (SF6)) generados por los miembros firmantes del acuerdo. Adem\u00e1s, busca promover el crecimiento sustentable en pa\u00edses en v\u00edas de desarrollo.&nbsp;<\/p><\/p>\n\n\n\n<p>Si bien el Protocolo de Kioto fue aprobado el 11 de diciembre de 1997, no fue hasta el <strong>16 de febrero de 2005 que entr\u00f3 en vigor,<\/strong> despu\u00e9s de un largo proceso de ratificaci\u00f3n de las partes que lo conforman.&nbsp;<\/p>\n\n\n\n<p>El primer periodo del Protocolo de Kioto va de <strong>2008 al 2012, <\/strong>y el compromiso que asumieron los 180 pa\u00edses adheridos fue de reducir al menos un 5% las emisiones de gases de efecto invernadero respecto al a\u00f1o 1990.<\/p>\n\n\n\n<p>El segundo periodo <strong>comenz\u00f3 en 2013, <\/strong>con la <strong>Enmienda de Doha<\/strong> como extensi\u00f3n al Protocolo de Kioto, contemplado hasta el 31 de <strong>diciembre de 2020.<\/strong> En esta segunda fase, los pa\u00edses asumieron el compromiso de reducir al menos un 18% de las emisiones de gases de efecto invernadero teniendo, igualmente, el a\u00f1o 1990 como referencia.<\/p>\n\n\n\n<p>En 2015 se celebr\u00f3 la <strong>Cumbre del Clima<\/strong> en Par\u00eds, Francia, donde se pact\u00f3 el<a href=\"https:\/\/unfccc.int\/es\/process-and-meetings\/the-paris-agreement\/el-acuerdo-de-paris\"> <strong>Acuerdo de Par\u00eds<\/strong><\/a> para sustituir al Protocolo de Kioto. En este, se mantiene el compromiso de reducir las emisiones de gases de efecto invernadero para reducir la incidencia del cambio clim\u00e1tico, proyectando<strong> que para el 2050 se limiten a cero. <\/strong>Adem\u00e1s, propone contener el nivel de calentamiento global por <strong>debajo de los 2 grados cent\u00edgrados.<\/strong><\/p>\n\n\n\n<h2 class=\"wp-block-heading\">\u00bfCu\u00e1ntos pa\u00edses ratificaron y firmaron el Protocolo de Kioto?<\/h2>\n\n\n\n<p>Para 1997, <strong>84 pa\u00edses firmaron el acuerdo, y 46 lo ratificaron<\/strong>; de los grandes emisores solo se adhirieron la Uni\u00f3n Europea y Jap\u00f3n, mientras que China, Australia y Estados Unidos decidieron quedarse fuera. Para el a\u00f1o 2001, <strong>ya eran m\u00e1s de 180 las partes.<\/strong> La ratificaci\u00f3n de Rusia permiti\u00f3 que el Protocolo de Kioto entrara en vigor en el a\u00f1o 2005.<\/p>\n\n\n\n<p>La vigencia del Protocolo de Kioto <strong>requer\u00eda que al menos 55 pa\u00edses lo aceptaran, aprobaran y ratificaran <\/strong>y, adem\u00e1s, que entre estos <strong>lograran sumar el 55% de las emisiones de carbono producidas por los pa\u00edses desarrollados.<\/strong><\/p>\n\n\n\n<h2 class=\"wp-block-heading\">\u00bfQu\u00e9 mecanismos se proponen implementar para cumplir los objetivos?<\/h2>\n\n\n\n<p>En el Protocolo de Kioto se establecieron 3 mecanismos de implementaci\u00f3n para alcanzar los objetivos de reducci\u00f3n de emisiones de gases de efecto invernadero. Estos eran de car\u00e1cter complementario a las pol\u00edticas y decisiones internas de cada pa\u00eds para la consecuci\u00f3n de lo establecido. Son:<\/p>\n\n\n\n<p><strong>1.<\/strong>&nbsp; &nbsp; <strong>Comercio internacional de emisiones: <\/strong>este mecanismo permite que los pa\u00edses desarrollados y pa\u00edses con econom\u00edas en transici\u00f3n puedan negociar cr\u00e9ditos entre ellos para alcanzar los objetivos acordados. As\u00ed, los pa\u00edses que se mantengan por debajo de los l\u00edmites de emisiones asumidos pueden vender sus cr\u00e9ditos de emisiones a otros pa\u00edses. En palabras m\u00e1s sencillas, si un pa\u00eds tiene derechos de emisiones, porque emite menos del l\u00edmite acordado, podr\u00eda venderlos a otros pa\u00edses que necesiten emitir para mejorar su econom\u00eda.<\/p>\n\n\n\n<p><strong>2.<\/strong>&nbsp; &nbsp; <strong>Mecanismo de desarrollo limpio: <\/strong>plantea la implementaci\u00f3n, por parte de un pa\u00eds desarrollado o con econom\u00edas en transici\u00f3n, de un proyecto de reducci\u00f3n de emisiones en alg\u00fan pa\u00eds en v\u00edas de desarrollo. El primero puede obtener cr\u00e9ditos vendibles a trav\u00e9s de esta acci\u00f3n, que cuentan para la consecuci\u00f3n de sus objetivos, mientras que el pa\u00eds receptor alcanza un desarrollo sostenible.<\/p>\n\n\n\n<p><strong>3.<\/strong>&nbsp; <strong>Mecanismo de aplicaci\u00f3n conjunta: <\/strong>consiste en la inversi\u00f3n de pa\u00edses industrializados en proyectos de pa\u00edses destino que se traducen en cr\u00e9ditos, y se computan frente a las cuotas de reducci\u00f3n de emisiones atribuidas a cada pa\u00eds. La ganancia para el pa\u00eds inversor es que adquiere los cr\u00e9ditos a un precio inferior, y se utilizan para cumplir sus objetivos de Kioto. Los pa\u00edses receptores, en cambio, son naciones con econom\u00edas en transici\u00f3n o en desarrollo que se benefician de las inversiones en tecnolog\u00edas sostenibles.<\/p>\n\n\n\n<h2 class=\"wp-block-heading\">\u00bfCu\u00e1l es el balance del Protocolo de Kioto?<\/h2>\n\n\n\n<ul class=\"wp-block-list\"><li>Los datos correspondientes al periodo de la Enmienda de Doha (1990-2018) muestran que las emisiones totales en 2018 fueron un <strong>25% inferiores respecto a las de 1990<\/strong>, lo que super\u00f3 la expectativa.&nbsp;<\/li><\/ul>\n\n\n\n<ul class=\"wp-block-list\"><li>El descenso de las emisiones en muchos pa\u00edses fue producto del fin de la Uni\u00f3n Sovi\u00e9tica. Esto signific\u00f3 la ca\u00edda de un sistema econ\u00f3mico e industrial muy contaminante, m\u00e1s que una verdadera adopci\u00f3n de medidas ambientales y sostenibles.&nbsp;<\/li><\/ul>\n\n\n\n<ul class=\"wp-block-list\"><li>La esperanza con el Acuerdo de Par\u00eds est\u00e1 basada en las nuevas pol\u00edticas, tecnolog\u00edas y avances en materia de sostenibilidad, <strong>como resultado de un proceso de aprendizaje de a\u00f1os anteriores<\/strong> y una mayor preocupaci\u00f3n ante el cambio clim\u00e1tico.&nbsp;<\/li><\/ul>\n<\/div><\/m-wysiwig>\n\n\n    <m-projects-distributor2 :translations='{\n        &quot;prev&quot;:&quot;Anterior&quot;,\n        &quot;next&quot;:&quot;Siguiente&quot;,\n        &quot;paginationseparator&quot;:&quot;de&quot;\n    }'>\n                        <h2 slot=\"title\">\n                Nuestros proyectos destacados                <\/h2>\n                        <a slot='button' title='Conoce nuestros proyectos ' href='https:\/\/www.ferrovial.com\/es\/cintra\/proyectos\/'>\n            Conoce nuestros proyectos         <\/a>\n\n            <\/m-projects-distributor2>\n\n    ","protected":false},"excerpt":{"rendered":"","protected":false},"featured_media":0,"parent":25267,"menu_order":0,"comment_status":"closed","ping_status":"closed","template":"","meta":{"_acf_changed":false,"footnotes":""},"class_list":["post-213367","page","type-page","status-publish","hentry"],"acf":[],"yoast_head":"<!-- This site is optimized with the Yoast SEO plugin v27.2 - https:\/\/yoast.com\/product\/yoast-seo-wordpress\/ -->\n<title>Protocolo de Kioto: qu\u00e9 es, qu\u00e9 pa\u00edses lo firmaron - Ferrovial<\/title>\n<meta name=\"description\" content=\"El Protocolo de Kioto es un acuerdo internacional de la Convenci\u00f3n Marco de las Naciones Unidas sobre el Cambio Clim\u00e1tico con el objetivo reducir las emisiones de los 6 principales gases de efecto invernadero.\" \/>\n<meta name=\"robots\" content=\"index, follow, max-snippet:-1, max-image-preview:large, max-video-preview:-1\" \/>\n<link rel=\"canonical\" href=\"https:\/\/www.ferrovial.com\/es\/recursos\/protocolo-de-kioto\/\" \/>\n<meta property=\"og:locale\" content=\"es_ES\" \/>\n<meta property=\"og:type\" content=\"article\" \/>\n<meta property=\"og:title\" content=\"Protocolo de Kioto: qu\u00e9 es, qu\u00e9 pa\u00edses lo firmaron - Ferrovial\" \/>\n<meta property=\"og:description\" content=\"El Protocolo de Kioto es un acuerdo internacional de la Convenci\u00f3n Marco de las Naciones Unidas sobre el Cambio Clim\u00e1tico con el objetivo reducir las emisiones de los 6 principales gases de efecto invernadero.\" \/>\n<meta property=\"og:url\" content=\"https:\/\/www.ferrovial.com\/es\/recursos\/protocolo-de-kioto\/\" \/>\n<meta property=\"og:site_name\" content=\"Ferrovial\" \/>\n<meta property=\"article:publisher\" content=\"https:\/\/www.facebook.com\/ferrovial\" \/>\n<meta property=\"article:modified_time\" content=\"2022-09-22T16:12:31+00:00\" \/>\n<meta name=\"twitter:card\" content=\"summary_large_image\" \/>\n<meta name=\"twitter:site\" content=\"@ferrovial\" \/>\n<meta name=\"twitter:label1\" content=\"Est. reading time\" \/>\n\t<meta name=\"twitter:data1\" content=\"6 minutos\" \/>\n<!-- \/ Yoast SEO plugin. -->","yoast_head_json":{"title":"Protocolo de Kioto: qu\u00e9 es, qu\u00e9 pa\u00edses lo firmaron - Ferrovial","description":"El Protocolo de Kioto es un acuerdo internacional de la Convenci\u00f3n Marco de las Naciones Unidas sobre el Cambio Clim\u00e1tico con el objetivo reducir las emisiones de los 6 principales gases de efecto invernadero.","robots":{"index":"index","follow":"follow","max-snippet":"max-snippet:-1","max-image-preview":"max-image-preview:large","max-video-preview":"max-video-preview:-1"},"canonical":"https:\/\/www.ferrovial.com\/es\/recursos\/protocolo-de-kioto\/","og_locale":"es_ES","og_type":"article","og_title":"Protocolo de Kioto: qu\u00e9 es, qu\u00e9 pa\u00edses lo firmaron - Ferrovial","og_description":"El Protocolo de Kioto es un acuerdo internacional de la Convenci\u00f3n Marco de las Naciones Unidas sobre el Cambio Clim\u00e1tico con el objetivo reducir las emisiones de los 6 principales gases de efecto invernadero.","og_url":"https:\/\/www.ferrovial.com\/es\/recursos\/protocolo-de-kioto\/","og_site_name":"Ferrovial","article_publisher":"https:\/\/www.facebook.com\/ferrovial","article_modified_time":"2022-09-22T16:12:31+00:00","twitter_card":"summary_large_image","twitter_site":"@ferrovial","twitter_misc":{"Est. reading time":"6 minutos"},"schema":{"@context":"https:\/\/schema.org","@graph":[{"@type":"WebPage","@id":"https:\/\/www.ferrovial.com\/es\/recursos\/protocolo-de-kioto\/","url":"https:\/\/www.ferrovial.com\/es\/recursos\/protocolo-de-kioto\/","name":"Protocolo de Kioto: qu\u00e9 es, qu\u00e9 pa\u00edses lo firmaron - Ferrovial","isPartOf":{"@id":"https:\/\/www.ferrovial.com\/es\/#website"},"datePublished":"2022-01-19T11:35:53+00:00","dateModified":"2022-09-22T16:12:31+00:00","description":"El Protocolo de Kioto es un acuerdo internacional de la Convenci\u00f3n Marco de las Naciones Unidas sobre el Cambio Clim\u00e1tico con el objetivo reducir las emisiones de los 6 principales gases de efecto invernadero.","breadcrumb":{"@id":"https:\/\/www.ferrovial.com\/es\/recursos\/protocolo-de-kioto\/#breadcrumb"},"inLanguage":"es","potentialAction":[{"@type":"ReadAction","target":["https:\/\/www.ferrovial.com\/es\/recursos\/protocolo-de-kioto\/"]}]},{"@type":"BreadcrumbList","@id":"https:\/\/www.ferrovial.com\/es\/recursos\/protocolo-de-kioto\/#breadcrumb","itemListElement":[{"@type":"ListItem","position":1,"name":"Portada","item":"https:\/\/www.ferrovial.com\/es\/"},{"@type":"ListItem","position":2,"name":"Recursos","item":"https:\/\/www.ferrovial.com\/es\/recursos\/"},{"@type":"ListItem","position":3,"name":"Protocolo de Kioto"}]},{"@type":"WebSite","@id":"https:\/\/www.ferrovial.com\/es\/#website","url":"https:\/\/www.ferrovial.com\/es\/","name":"Ferrovial","description":"Welcome to the Ferrovial&#039;s website, global operator of sustainable infrastructure. Here you can find all the information about the company and subsidiaries.","publisher":{"@id":"https:\/\/www.ferrovial.com\/es\/#organization"},"potentialAction":[{"@type":"SearchAction","target":{"@type":"EntryPoint","urlTemplate":"https:\/\/www.ferrovial.com\/es\/?s={search_term_string}"},"query-input":{"@type":"PropertyValueSpecification","valueRequired":true,"valueName":"search_term_string"}}],"inLanguage":"es"},{"@type":"Organization","@id":"https:\/\/www.ferrovial.com\/es\/#organization","name":"Ferrovial S.A.","url":"https:\/\/www.ferrovial.com\/es\/","logo":{"@type":"ImageObject","inLanguage":"es","@id":"https:\/\/www.ferrovial.com\/es\/#\/schema\/logo\/image\/","url":"https:\/\/static.ferrovial.com\/wp-content\/uploads\/2020\/01\/13124948\/logo-ferrovial-cf7.png","contentUrl":"https:\/\/static.ferrovial.com\/wp-content\/uploads\/2020\/01\/13124948\/logo-ferrovial-cf7.png","width":144,"height":32,"caption":"Ferrovial S.A."},"image":{"@id":"https:\/\/www.ferrovial.com\/es\/#\/schema\/logo\/image\/"},"sameAs":["https:\/\/www.facebook.com\/ferrovial","https:\/\/x.com\/ferrovial","https:\/\/www.instagram.com\/ferrovial\/","https:\/\/www.linkedin.com\/company\/ferrovial","https:\/\/www.pinterest.es\/ferrovial\/","https:\/\/www.youtube.com\/ferrovial","https:\/\/en.wikipedia.org\/wiki\/Ferrovial"]}]}},"_links":{"self":[{"href":"https:\/\/www.ferrovial.com\/es\/wp-json\/wp\/v2\/pages\/213367","targetHints":{"allow":["GET"]}}],"collection":[{"href":"https:\/\/www.ferrovial.com\/es\/wp-json\/wp\/v2\/pages"}],"about":[{"href":"https:\/\/www.ferrovial.com\/es\/wp-json\/wp\/v2\/types\/page"}],"replies":[{"embeddable":true,"href":"https:\/\/www.ferrovial.com\/es\/wp-json\/wp\/v2\/comments?post=213367"}],"version-history":[{"count":2,"href":"https:\/\/www.ferrovial.com\/es\/wp-json\/wp\/v2\/pages\/213367\/revisions"}],"predecessor-version":[{"id":239539,"href":"https:\/\/www.ferrovial.com\/es\/wp-json\/wp\/v2\/pages\/213367\/revisions\/239539"}],"up":[{"embeddable":true,"href":"https:\/\/www.ferrovial.com\/es\/wp-json\/wp\/v2\/pages\/25267"}],"wp:attachment":[{"href":"https:\/\/www.ferrovial.com\/es\/wp-json\/wp\/v2\/media?parent=213367"}],"curies":[{"name":"wp","href":"https:\/\/api.w.org\/{rel}","templated":true}]}}