{"id":213373,"date":"2022-01-19T12:45:34","date_gmt":"2022-01-19T11:45:34","guid":{"rendered":"https:\/\/www.ferrovial.com\/?page_id=213373"},"modified":"2025-11-12T14:19:41","modified_gmt":"2025-11-12T13:19:41","slug":"ingeniero-industrial","status":"publish","type":"page","link":"https:\/\/www.ferrovial.com\/es\/recursos\/ingeniero-industrial\/","title":{"rendered":"Ingeniero Industrial"},"content":{"rendered":"    <m-final-content-header >\n            <c-breadcrumb label-text=\"Breadcrumb\" slot=\"breadcrumbs\" type='2' align='left' wrap='wrapped wrapped' aria-label='Vienes de Recursos'>\n                        <ol>\n\n                                                            <li><a href=\"https:\/\/www.ferrovial.com\/es\/\" title=\"Ferrovial\">Ferrovial<\/a><\/li>\n                                                                        <li><a href=\"https:\/\/www.ferrovial.com\/es\/recursos\/\" title=\"Recursos\">Recursos<\/a><\/li>\n                                    \n                <\/ol>\n\n                <\/c-breadcrumb>\n    \n        <div slot=\"header\">\n            <h1>\n                \u00bfQu\u00e9 es un ingeniero industrial?            <\/h1>\n                    <\/div>\n    <\/m-final-content-header>\n\n    \n\n\n<m-wysiwig class=\"wp-block-components-wysiwyg\"><div slot=\"maincontent\">\n<h2 class=\"wp-block-heading\">\u00bfQu\u00e9 hace un ingeniero industrial?<\/h2>\n\n\n\n<p>Un ingeniero industrial se encarga de <strong>analizar, evaluar y ejecutar m\u00e9todos de producci\u00f3n y proyectos empresariales con mejoras continuas. <\/strong>Adem\u00e1s, tiene como objetivo <strong>mejorar la calidad de productos y servicios,<\/strong> siendo el responsable de gestionar y optimizar equipos, materiales y procesos, con un foco en la productividad.&nbsp;<\/p>\n\n\n\n<p>Este profesional pone en pr\u00e1ctica conocimientos tan variados como: administraci\u00f3n, estad\u00edstica, cadenas de suministros, planificaci\u00f3n estrat\u00e9gica, termodin\u00e1mica, ergonom\u00eda, c\u00e1lculo, desarrollo de plantas y sistemas de producci\u00f3n, entre otros, lo que refleja las <strong>competencias multidisciplinarias del especialista.&nbsp;<\/strong><\/p>\n\n\n\n<h2 class=\"wp-block-heading\">\u00bfCu\u00e1les son las funciones m\u00e1s comunes de un ingeniero industrial?&nbsp;<\/h2>\n\n\n\n<p>De manera integral y constante, un ingeniero industrial analiza c\u00f3mo <strong>reducir costos en materiales, recursos y tiempos de gesti\u00f3n,<\/strong> y <strong>desarrolla estrategias para simplificar procesos. <\/strong>Tambi\u00e9n eval\u00faa m\u00e9todos de producci\u00f3n, manufactura y control de la informaci\u00f3n para medir y recabar datos que servir\u00e1n, a futuro, para establecer <strong>patrones y par\u00e1metros<\/strong> a implementar en una empresa, <strong>consiguiendo los est\u00e1ndares de calidad establecidos.<\/strong> Entre otras funciones:<\/p>\n\n\n\n<ul class=\"wp-block-list\">\n<li>Busca mejorar los sistemas y m\u00e9todos de trabajo.\u00a0<\/li>\n\n\n\n<li>Eval\u00faa proyectos desde un enfoque financiero y de inversi\u00f3n.\u00a0<\/li>\n\n\n\n<li>Controla los recursos materiales.\u00a0<\/li>\n\n\n\n<li>Elabora programas de seguridad industrial.<\/li>\n\n\n\n<li>Dise\u00f1a y maneja inventarios.\u00a0<\/li>\n\n\n\n<li>Organiza, controla e, incluso, dirige el capital humano de una empresa.<\/li>\n<\/ul>\n\n\n\n<h2 class=\"wp-block-heading\">\u00bfQu\u00e9 v\u00ednculo existe entre la ingenier\u00eda industrial y el desarrollo sostenible?<\/h2>\n\n\n\n<p>Teniendo en cuenta el car\u00e1cter integrador e interdisciplinario de un ingeniero industrial, es com\u00fan que se considere como un profesional para buscar <strong>soluciones sostenibles a los sistemas de gesti\u00f3n y producci\u00f3n empresarial, <\/strong>aplicando principios de prevenci\u00f3n y soluci\u00f3n medioambiental a cada una de las fases de desarrollo y ejecuci\u00f3n de proyectos, tanto es aspectos materiales, como legales y humanos.<\/p>\n\n\n\n<p>Un ingeniero tiene la mirada y formaci\u00f3n integradora en la <strong>planificaci\u00f3n, dise\u00f1o, fabricaci\u00f3n, gesti\u00f3n, administraci\u00f3n y control de calidad de un producto o sistema<\/strong>. La participaci\u00f3n de los ingenieros industriales en ramas de sostenibilidad se enfoca en:<\/p>\n\n\n\n<ol class=\"wp-block-list\">\n<li><strong>Eficiencia energ\u00e9tica: <\/strong>el ingeniero industrial conoce y recaba los datos referentes a la emisi\u00f3n de gases de efecto invernadero de las empresas en las que trabaja, buscando y aplicando medidas para la reducci\u00f3n de emisiones y el uso de <a href=\"https:\/\/www.ferrovial.com\/es-es\/recursos\/energias-renovables\/\">energ\u00edas renovables<\/a> para alcanzar la eficiencia energ\u00e9tica.\u00a0<\/li>\n\n\n\n<li><strong>Gesti\u00f3n del agua: <\/strong>un ingeniero industrial participa en los procesos de explotaci\u00f3n y <a href=\"https:\/\/www.ferrovial.com\/es-es\/recursos\/potabilizacion\/\">potabilizaci\u00f3n <\/a>del agua, supervisando los sistemas de red y uso de maquinaria para hacerlos lo m\u00e1s sostenibles posible.\u00a0<\/li>\n\n\n\n<li><strong>Sistemas de transporte y movilidad: <\/strong>en este sector, el ingeniero se centra en el desarrollo inteligente y tecnol\u00f3gico de los medios de transporte, as\u00ed como en aportar una visi\u00f3n estrat\u00e9gica y de planificaci\u00f3n para el desarrollo de veh\u00edculos que reduzcan o limiten las emisiones de carbono.\u00a0<\/li>\n\n\n\n<li><strong>Planificaci\u00f3n urbana y de edificaci\u00f3n:<\/strong> solventa errores del presente y planifica soluciones de futuro en el desarrollo urban\u00edstico con \u00f3ptima gesti\u00f3n energ\u00e9tica y reducci\u00f3n de emisiones. El ingeniero industrial participa, principalmente, en la consecuci\u00f3n de certificados de eficiencia energ\u00e9tica para reducir el consumo en los inmuebles.\u00a0<\/li>\n<\/ol>\n\n\n\n<p><strong>Gesti\u00f3n de residuos:<\/strong> un ingeniero industrial se encarga de la gesti\u00f3n de los residuos contaminantes generados por las industrias, as\u00ed como tambi\u00e9n su tratamiento ecol\u00f3gico: desarrollo de sistemas de reciclado, reutilizaci\u00f3n, etc.<\/p>\n<\/div><\/m-wysiwig>\n\n\n    <m-projects-distributor2 :translations='{\n        &quot;prev&quot;:&quot;Anterior&quot;,\n        &quot;next&quot;:&quot;Siguiente&quot;,\n        &quot;paginationseparator&quot;:&quot;de&quot;\n    }'>\n                        <h2 slot=\"title\">\n                Nuestros proyectos destacados                <\/h2>\n                        <a slot='button' title='Conoce nuestros proyectos ' href='https:\/\/www.ferrovial.com\/es\/cintra\/proyectos\/'>\n            Conoce nuestros proyectos         <\/a>\n\n            <\/m-projects-distributor2>\n\n    ","protected":false},"excerpt":{"rendered":"","protected":false},"featured_media":0,"parent":25267,"menu_order":0,"comment_status":"closed","ping_status":"closed","template":"","meta":{"_acf_changed":false,"footnotes":""},"class_list":["post-213373","page","type-page","status-publish","hentry"],"acf":[],"yoast_head":"<!-- This site is optimized with the Yoast SEO plugin v27.2 - https:\/\/yoast.com\/product\/yoast-seo-wordpress\/ -->\n<title>Qu\u00e9 hace un ingeniero industrial y qu\u00e9 funciones tiene - Ferrovial<\/title>\n<meta name=\"description\" content=\"Un ingeniero industrial es un profesional multidisciplinar que combina recursos humanos, materiales, sistemas financieros y administrativos para mejorar la productividad.\" \/>\n<meta name=\"robots\" content=\"index, follow, max-snippet:-1, max-image-preview:large, max-video-preview:-1\" \/>\n<link rel=\"canonical\" href=\"https:\/\/www.ferrovial.com\/es\/recursos\/ingeniero-industrial\/\" \/>\n<meta property=\"og:locale\" content=\"es_ES\" \/>\n<meta property=\"og:type\" content=\"article\" \/>\n<meta property=\"og:title\" content=\"Qu\u00e9 hace un ingeniero industrial y qu\u00e9 funciones tiene - Ferrovial\" \/>\n<meta property=\"og:description\" content=\"Un ingeniero industrial es un profesional multidisciplinar que combina recursos humanos, materiales, sistemas financieros y administrativos para mejorar la productividad.\" \/>\n<meta property=\"og:url\" content=\"https:\/\/www.ferrovial.com\/es\/recursos\/ingeniero-industrial\/\" \/>\n<meta property=\"og:site_name\" content=\"Ferrovial\" \/>\n<meta property=\"article:publisher\" content=\"https:\/\/www.facebook.com\/ferrovial\" \/>\n<meta property=\"article:modified_time\" content=\"2025-11-12T13:19:41+00:00\" \/>\n<meta name=\"twitter:card\" content=\"summary_large_image\" \/>\n<meta name=\"twitter:site\" content=\"@ferrovial\" \/>\n<meta name=\"twitter:label1\" content=\"Est. reading time\" \/>\n\t<meta name=\"twitter:data1\" content=\"3 minutos\" \/>\n<!-- \/ Yoast SEO plugin. -->","yoast_head_json":{"title":"Qu\u00e9 hace un ingeniero industrial y qu\u00e9 funciones tiene - Ferrovial","description":"Un ingeniero industrial es un profesional multidisciplinar que combina recursos humanos, materiales, sistemas financieros y administrativos para mejorar la productividad.","robots":{"index":"index","follow":"follow","max-snippet":"max-snippet:-1","max-image-preview":"max-image-preview:large","max-video-preview":"max-video-preview:-1"},"canonical":"https:\/\/www.ferrovial.com\/es\/recursos\/ingeniero-industrial\/","og_locale":"es_ES","og_type":"article","og_title":"Qu\u00e9 hace un ingeniero industrial y qu\u00e9 funciones tiene - Ferrovial","og_description":"Un ingeniero industrial es un profesional multidisciplinar que combina recursos humanos, materiales, sistemas financieros y administrativos para mejorar la productividad.","og_url":"https:\/\/www.ferrovial.com\/es\/recursos\/ingeniero-industrial\/","og_site_name":"Ferrovial","article_publisher":"https:\/\/www.facebook.com\/ferrovial","article_modified_time":"2025-11-12T13:19:41+00:00","twitter_card":"summary_large_image","twitter_site":"@ferrovial","twitter_misc":{"Est. reading time":"3 minutos"},"schema":{"@context":"https:\/\/schema.org","@graph":[{"@type":"WebPage","@id":"https:\/\/www.ferrovial.com\/es\/recursos\/ingeniero-industrial\/","url":"https:\/\/www.ferrovial.com\/es\/recursos\/ingeniero-industrial\/","name":"Qu\u00e9 hace un ingeniero industrial y qu\u00e9 funciones tiene - Ferrovial","isPartOf":{"@id":"https:\/\/www.ferrovial.com\/es\/#website"},"datePublished":"2022-01-19T11:45:34+00:00","dateModified":"2025-11-12T13:19:41+00:00","description":"Un ingeniero industrial es un profesional multidisciplinar que combina recursos humanos, materiales, sistemas financieros y administrativos para mejorar la productividad.","breadcrumb":{"@id":"https:\/\/www.ferrovial.com\/es\/recursos\/ingeniero-industrial\/#breadcrumb"},"inLanguage":"es","potentialAction":[{"@type":"ReadAction","target":["https:\/\/www.ferrovial.com\/es\/recursos\/ingeniero-industrial\/"]}]},{"@type":"BreadcrumbList","@id":"https:\/\/www.ferrovial.com\/es\/recursos\/ingeniero-industrial\/#breadcrumb","itemListElement":[{"@type":"ListItem","position":1,"name":"Portada","item":"https:\/\/www.ferrovial.com\/es\/"},{"@type":"ListItem","position":2,"name":"Recursos","item":"https:\/\/www.ferrovial.com\/es\/recursos\/"},{"@type":"ListItem","position":3,"name":"Ingeniero Industrial"}]},{"@type":"WebSite","@id":"https:\/\/www.ferrovial.com\/es\/#website","url":"https:\/\/www.ferrovial.com\/es\/","name":"Ferrovial","description":"Welcome to the Ferrovial&#039;s website, global operator of sustainable infrastructure. Here you can find all the information about the company and subsidiaries.","publisher":{"@id":"https:\/\/www.ferrovial.com\/es\/#organization"},"potentialAction":[{"@type":"SearchAction","target":{"@type":"EntryPoint","urlTemplate":"https:\/\/www.ferrovial.com\/es\/?s={search_term_string}"},"query-input":{"@type":"PropertyValueSpecification","valueRequired":true,"valueName":"search_term_string"}}],"inLanguage":"es"},{"@type":"Organization","@id":"https:\/\/www.ferrovial.com\/es\/#organization","name":"Ferrovial S.A.","url":"https:\/\/www.ferrovial.com\/es\/","logo":{"@type":"ImageObject","inLanguage":"es","@id":"https:\/\/www.ferrovial.com\/es\/#\/schema\/logo\/image\/","url":"https:\/\/static.ferrovial.com\/wp-content\/uploads\/2020\/01\/13124948\/logo-ferrovial-cf7.png","contentUrl":"https:\/\/static.ferrovial.com\/wp-content\/uploads\/2020\/01\/13124948\/logo-ferrovial-cf7.png","width":144,"height":32,"caption":"Ferrovial S.A."},"image":{"@id":"https:\/\/www.ferrovial.com\/es\/#\/schema\/logo\/image\/"},"sameAs":["https:\/\/www.facebook.com\/ferrovial","https:\/\/x.com\/ferrovial","https:\/\/www.instagram.com\/ferrovial\/","https:\/\/www.linkedin.com\/company\/ferrovial","https:\/\/www.pinterest.es\/ferrovial\/","https:\/\/www.youtube.com\/ferrovial","https:\/\/en.wikipedia.org\/wiki\/Ferrovial"]}]}},"_links":{"self":[{"href":"https:\/\/www.ferrovial.com\/es\/wp-json\/wp\/v2\/pages\/213373","targetHints":{"allow":["GET"]}}],"collection":[{"href":"https:\/\/www.ferrovial.com\/es\/wp-json\/wp\/v2\/pages"}],"about":[{"href":"https:\/\/www.ferrovial.com\/es\/wp-json\/wp\/v2\/types\/page"}],"replies":[{"embeddable":true,"href":"https:\/\/www.ferrovial.com\/es\/wp-json\/wp\/v2\/comments?post=213373"}],"version-history":[{"count":3,"href":"https:\/\/www.ferrovial.com\/es\/wp-json\/wp\/v2\/pages\/213373\/revisions"}],"predecessor-version":[{"id":317494,"href":"https:\/\/www.ferrovial.com\/es\/wp-json\/wp\/v2\/pages\/213373\/revisions\/317494"}],"up":[{"embeddable":true,"href":"https:\/\/www.ferrovial.com\/es\/wp-json\/wp\/v2\/pages\/25267"}],"wp:attachment":[{"href":"https:\/\/www.ferrovial.com\/es\/wp-json\/wp\/v2\/media?parent=213373"}],"curies":[{"name":"wp","href":"https:\/\/api.w.org\/{rel}","templated":true}]}}