{"id":213380,"date":"2022-01-19T12:52:30","date_gmt":"2022-01-19T11:52:30","guid":{"rendered":"https:\/\/www.ferrovial.com\/?page_id=213380"},"modified":"2022-09-22T18:18:03","modified_gmt":"2022-09-22T16:18:03","slug":"alumbrado-publico","status":"publish","type":"page","link":"https:\/\/www.ferrovial.com\/es\/recursos\/alumbrado-publico\/","title":{"rendered":"Alumbrado p\u00fablico"},"content":{"rendered":"    <m-final-content-header >\n            <c-breadcrumb label-text=\"Breadcrumb\" slot=\"breadcrumbs\" type='2' align='left' wrap='wrapped wrapped' aria-label='Vienes de Recursos'>\n                        <ol>\n\n                                                            <li><a href=\"https:\/\/www.ferrovial.com\/es\/\" title=\"Ferrovial\">Ferrovial<\/a><\/li>\n                                                                        <li><a href=\"https:\/\/www.ferrovial.com\/es\/recursos\/\" title=\"Recursos\">Recursos<\/a><\/li>\n                                    \n                <\/ol>\n\n                <\/c-breadcrumb>\n    \n        <div slot=\"header\">\n            <h1>\n                Alumbrado p\u00fablico            <\/h1>\n                    <\/div>\n    <\/m-final-content-header>\n\n    \n\n\n<m-wysiwig class=\"wp-block-components-wysiwyg\"><div slot=\"maincontent\">\n<h2 class=\"wp-block-heading\">\u00bfQu\u00e9 es el alumbrado p\u00fablico?<\/h2>\n\n\n\n<p><script type=\"application\/ld+json\">\n{\n  \"@context\": \"https:\/\/schema.org\",\n  \"@type\": \"FAQPage\",\n  \"mainEntity\": [{\n    \"@type\": \"Question\",\n    \"name\": \"\u00bfQu\u00e9 es el alumbrado p\u00fablico?\",\n    \"acceptedAnswer\": {\n      \"@type\": \"Answer\",\n      \"text\": \"Todo flujo luminoso que se proyecta sobre un espacio abierto (carretera, calle, parque o playa) de uso p\u00fablico es considerado alumbrado p\u00fablico. Generalmente es de responsabilidad estatal, aunque puede ser gestionado de forma privada a trav\u00e9s de concesiones.\"\n    }\n  },{\n    \"@type\": \"Question\",\n    \"name\": \"\u00bfC\u00f3mo nace el alumbrado p\u00fablico?\",\n    \"acceptedAnswer\": {\n      \"@type\": \"Answer\",\n      \"text\": \"Entre las muchas extravagancias del rey Luis XIV de Francia, tal vez la \u00fanica que tuvo un impacto positivo inmediato y directo en los habitantes de Francia fue la creaci\u00f3n del alumbrado p\u00fablico. Conocido como el Rey Sol, Luis XIV decidi\u00f3 regalar a los parisinos un sistema de 2700 faroles de aceite colgados por toda la ciudad.\"\n    }\n  },{\n    \"@type\": \"Question\",\n    \"name\": \"\u00bfC\u00f3mo es el alumbrado p\u00fablico hoy en d\u00eda?\",\n    \"acceptedAnswer\": {\n      \"@type\": \"Answer\",\n      \"text\": \"Actualmente, las ciudades peque\u00f1as y las grandes metr\u00f3polis tienen en com\u00fan el inter\u00e9s en controlar y gestionar sus redes de alumbrado p\u00fablico de forma inteligente, para que sean lo m\u00e1s eficientes posible. Ferrovial ha trabajado junto con varios consejos municipales para manejar la eficiencia energ\u00e9tica y la integraci\u00f3n de los servicios de alumbrado p\u00fablico con l\u00e1mparas LED y controles remoto.\"\n    }\n  },{\n    \"@type\": \"Question\",\n    \"name\": \"\u00bfCu\u00e1les son los beneficios del alumbrado p\u00fablico con LED?\",\n    \"acceptedAnswer\": {\n      \"@type\": \"Answer\",\n      \"text\": \"El principal factor diferencial de la iluminaci\u00f3n LED con respecto a las distintas tecnolog\u00edas de alumbrado tradicional es su eficiencia energ\u00e9tica, la cual conlleva a una multitud de beneficios ecol\u00f3gicos y sociales:\n<ul>\n<li>Distribuye luz de calidad superior.\n<\/li>\n<li>Reduce la contaminaci\u00f3n lum\u00ednica.\n<\/li>\n<li>No contiene mercurio.\n<\/li>\n<li>No genera espectros infrarrojos ni ultravioletas.\n<\/li>\n<li>No emite calor.\n<\/li>\n<li>F\u00e1cil mantenimiento.\n<\/li>\n<li>Resistencia t\u00e9rmica elevada (no es sensible a los cambios bruscos en la temperatura).\n<\/li>\n<li>Gran variedad de dise\u00f1os, aptos para colocar frente a monumentos, edificios antiguos o modernos, sin romper la est\u00e9tica.\n<\/li>\n<li>Aumenta la visibilidad, ayudando a reducir los accidentes de tr\u00e1fico.\n<\/li>\n<\/ul>\"\n    }\n  },{\n    \"@type\": \"Question\",\n    \"name\": \"\u00bfC\u00f3mo ser\u00e1 el alumbrado p\u00fablico del futuro?\",\n    \"acceptedAnswer\": {\n      \"@type\": \"Answer\",\n      \"text\": \"En el futuro, dominar\u00e1 la iluminaci\u00f3n p\u00fablica LED, cuyo principal atractivo es el aumento de la eficiencia energ\u00e9tica por su escaso consumo y bajos costes de mantenimiento: requieren 52% menos energ\u00eda que las l\u00e1mparas de vapor de sodio de alta presi\u00f3n convencionales, y tienen una vida \u00fatil de m\u00e1s de 50.000 horas.\"\n    }\n  },{\n    \"@type\": \"Question\",\n    \"name\": \"\u00bfCu\u00e1les son las ciudades m\u00e1s luminosas del planeta?\",\n    \"acceptedAnswer\": {\n      \"@type\": \"Answer\",\n      \"text\": \"<ul>\n<li>Hong Kong, China<\/li>\n<li>Nueva York, Estados Unidos<\/li>\n<li>Nueva Delhi, India<\/li>\n<li>Tokio, Jap\u00f3n<\/li>\n<\/ul>\n<\/ul>\"\n    }\n  }]\n}\n<\/script><p>Todo flujo luminoso que se proyecta sobre un espacio abierto (carretera, calle, parque o playa) de uso p\u00fablico es considerado alumbrado p\u00fablico. Generalmente es de responsabilidad estatal, aunque puede ser gestionado de forma privada a trav\u00e9s de concesiones. Se contrapone al alumbrado de espacios privados.<\/p><\/p>\n\n\n\n<h2 class=\"wp-block-heading\">\u00bfC\u00f3mo nace el alumbrado p\u00fablico?<\/h2>\n\n\n\n<p>Entre las muchas extravagancias del rey Luis XIV de Francia, tal vez la \u00fanica que tuvo un impacto positivo inmediato y directo en los habitantes de Francia fue la creaci\u00f3n del alumbrado p\u00fablico. Conocido como el Rey Sol, Luis XIV decidi\u00f3 regalar a los parisinos un sistema de 2700 faroles de aceite colgados por toda la ciudad.<\/p>\n\n\n\n<p>As\u00ed fue como Par\u00eds se gan\u00f3 el ep\u00edteto de La Ciudad de la Luz, convirti\u00e9ndose en la primera ciudad iluminada del mundo, y sentando las bases para la configuraci\u00f3n de la ciudad tal como la conocemos hoy. Gracias al alumbrado p\u00fablico, Par\u00eds se convirti\u00f3 en una ciudad relativamente segura para la \u00e9poca durante la noche, y los comercios comenzaron a crear escaparates para mostrar sus mercanc\u00edas a los transe\u00fantes.<\/p>\n\n\n\n<h2 class=\"wp-block-heading\">\u00bfC\u00f3mo es el alumbrado p\u00fablico hoy en d\u00eda?<\/h2>\n\n\n\n<p>El alumbrado p\u00fablico ha evolucionado r\u00e1pidamente desde las l\u00e1mparas de aceite del siglo XVII hasta los paneles solares del siglo XXI. Con el paso del tiempo, la iluminaci\u00f3n p\u00fablica se ha ido dando por sentada, y ha cobrado especial importancia la manera en la que se ejecuta. Hoy en d\u00eda tiene mucho peso la eficiencia energ\u00e9tica y la huella ambiental que esta iluminaci\u00f3n implica.<\/p>\n\n\n\n<p>Actualmente, las ciudades peque\u00f1as y las grandes metr\u00f3polis tienen en com\u00fan el inter\u00e9s en controlar y <a href=\"https:\/\/newsroom.ferrovial.com\/en\/news\/ferrovial-servicos-to-improve-the-efficiency-of-street-lighting-in-vouzela\/\" target=\"_blank\" rel=\"noreferrer noopener\">gestionar sus redes de alumbrado p\u00fablico de forma inteligente, para que sean lo m\u00e1s eficientes posible<\/a>. Ferrovial ha trabajado junto con varios consejos municipales para manejar la eficiencia energ\u00e9tica y la integraci\u00f3n de los servicios de alumbrado p\u00fablico con l\u00e1mparas LED y controles remoto.&nbsp;<\/p>\n\n\n\n<h2 class=\"wp-block-heading\">\u00bfCu\u00e1les son los beneficios del alumbrado p\u00fablico con LED?<\/h2>\n\n\n\n<p>El principal factor diferencial de la iluminaci\u00f3n LED con respecto a las distintas tecnolog\u00edas de alumbrado tradicional es su eficiencia energ\u00e9tica, la cual conlleva a una multitud de beneficios ecol\u00f3gicos y sociales:<\/p>\n\n\n\n<ul class=\"wp-block-list\"><li>Distribuye luz de calidad superior.<\/li><li>Reduce la contaminaci\u00f3n lum\u00ednica.<\/li><li>No contiene mercurio.<\/li><li>No genera espectros infrarrojos ni ultravioletas.<\/li><li>No emite calor.<\/li><li>F\u00e1cil mantenimiento.<\/li><li>Resistencia t\u00e9rmica elevada (no es sensible a los cambios bruscos en la temperatura).<\/li><li>Gran variedad de dise\u00f1os, aptos para colocar frente a monumentos, edificios antiguos o modernos, sin romper la est\u00e9tica.<\/li><li>Aumenta la visibilidad, ayudando a reducir los accidentes de tr\u00e1fico.<\/li><\/ul>\n\n\n\n<h2 class=\"wp-block-heading\">\u00bfC\u00f3mo ser\u00e1 el alumbrado p\u00fablico del futuro?<\/h2>\n\n\n\n<p>En el futuro, dominar\u00e1 la iluminaci\u00f3n p\u00fablica LED, cuyo principal atractivo es el aumento de la eficiencia energ\u00e9tica por su escaso consumo y bajos costes de mantenimiento: requieren 52% menos energ\u00eda que las l\u00e1mparas de vapor de sodio de alta presi\u00f3n convencionales, y tienen una vida \u00fatil de m\u00e1s de 50.000 horas.&nbsp;<\/p>\n\n\n\n<p>Es probable que el alumbrado p\u00fablico se vuelva cada vez m\u00e1s inteligente, integrando sensores y controles especiales, aplicaciones, <a href=\"https:\/\/newsroom.ferrovial.com\/en\/news\/ferrovial-services-creates-first-street-lighting-help-desk\/\" target=\"_blank\" rel=\"noreferrer noopener\">m\u00e9todos de denuncia r\u00e1pida de fallas en el servicio<\/a> y muchas innovaciones m\u00e1s, todas orientadas a lograr m\u00e1xima eficiencia.<\/p>\n\n\n\n<h2 class=\"wp-block-heading\">\u00bfCu\u00e1les son las ciudades m\u00e1s luminosas del planeta?<\/h2>\n\n\n\n<p>Hong Kong, China; Nueva York, Estados Unidos; Nueva Delhi, India; Tokio, Jap\u00f3n.<\/p>\n<\/div><\/m-wysiwig>\n\n\n    <m-projects-distributor2 :translations='{\n        &quot;prev&quot;:&quot;Anterior&quot;,\n        &quot;next&quot;:&quot;Siguiente&quot;,\n        &quot;paginationseparator&quot;:&quot;de&quot;\n    }'>\n                        <h2 slot=\"title\">\n                Nuestros proyectos destacados                <\/h2>\n                        <a slot='button' title='Conoce nuestros proyectos ' href='https:\/\/www.ferrovial.com\/es\/cintra\/proyectos\/'>\n            Conoce nuestros proyectos         <\/a>\n\n            <\/m-projects-distributor2>\n\n    ","protected":false},"excerpt":{"rendered":"","protected":false},"featured_media":0,"parent":25267,"menu_order":0,"comment_status":"closed","ping_status":"closed","template":"","meta":{"_acf_changed":false,"footnotes":""},"class_list":["post-213380","page","type-page","status-publish","hentry"],"acf":[],"yoast_head":"<!-- This site is optimized with the Yoast SEO plugin v27.2 - https:\/\/yoast.com\/product\/yoast-seo-wordpress\/ -->\n<title>Beneficios del alumbrado p\u00fablico con LED - Ferrovial<\/title>\n<meta name=\"description\" content=\"Ferrovial ha trabajado junto con varios consejos municipales para manejar la eficiencia energ\u00e9tica y la integraci\u00f3n de servicios de alumbrado p\u00fablico con l\u00e1mparas LED y controles remoto.\" \/>\n<meta name=\"robots\" content=\"index, follow, max-snippet:-1, max-image-preview:large, max-video-preview:-1\" \/>\n<link rel=\"canonical\" href=\"https:\/\/www.ferrovial.com\/es\/recursos\/alumbrado-publico\/\" \/>\n<meta property=\"og:locale\" content=\"es_ES\" \/>\n<meta property=\"og:type\" content=\"article\" \/>\n<meta property=\"og:title\" content=\"Beneficios del alumbrado p\u00fablico con LED - Ferrovial\" \/>\n<meta property=\"og:description\" content=\"Ferrovial ha trabajado junto con varios consejos municipales para manejar la eficiencia energ\u00e9tica y la integraci\u00f3n de servicios de alumbrado p\u00fablico con l\u00e1mparas LED y controles remoto.\" \/>\n<meta property=\"og:url\" content=\"https:\/\/www.ferrovial.com\/es\/recursos\/alumbrado-publico\/\" \/>\n<meta property=\"og:site_name\" content=\"Ferrovial\" \/>\n<meta property=\"article:publisher\" content=\"https:\/\/www.facebook.com\/ferrovial\" \/>\n<meta property=\"article:modified_time\" content=\"2022-09-22T16:18:03+00:00\" \/>\n<meta name=\"twitter:card\" content=\"summary_large_image\" \/>\n<meta name=\"twitter:site\" content=\"@ferrovial\" \/>\n<meta name=\"twitter:label1\" content=\"Est. reading time\" \/>\n\t<meta name=\"twitter:data1\" content=\"5 minutos\" \/>\n<!-- \/ Yoast SEO plugin. -->","yoast_head_json":{"title":"Beneficios del alumbrado p\u00fablico con LED - Ferrovial","description":"Ferrovial ha trabajado junto con varios consejos municipales para manejar la eficiencia energ\u00e9tica y la integraci\u00f3n de servicios de alumbrado p\u00fablico con l\u00e1mparas LED y controles remoto.","robots":{"index":"index","follow":"follow","max-snippet":"max-snippet:-1","max-image-preview":"max-image-preview:large","max-video-preview":"max-video-preview:-1"},"canonical":"https:\/\/www.ferrovial.com\/es\/recursos\/alumbrado-publico\/","og_locale":"es_ES","og_type":"article","og_title":"Beneficios del alumbrado p\u00fablico con LED - Ferrovial","og_description":"Ferrovial ha trabajado junto con varios consejos municipales para manejar la eficiencia energ\u00e9tica y la integraci\u00f3n de servicios de alumbrado p\u00fablico con l\u00e1mparas LED y controles remoto.","og_url":"https:\/\/www.ferrovial.com\/es\/recursos\/alumbrado-publico\/","og_site_name":"Ferrovial","article_publisher":"https:\/\/www.facebook.com\/ferrovial","article_modified_time":"2022-09-22T16:18:03+00:00","twitter_card":"summary_large_image","twitter_site":"@ferrovial","twitter_misc":{"Est. reading time":"5 minutos"},"schema":{"@context":"https:\/\/schema.org","@graph":[{"@type":"WebPage","@id":"https:\/\/www.ferrovial.com\/es\/recursos\/alumbrado-publico\/","url":"https:\/\/www.ferrovial.com\/es\/recursos\/alumbrado-publico\/","name":"Beneficios del alumbrado p\u00fablico con LED - Ferrovial","isPartOf":{"@id":"https:\/\/www.ferrovial.com\/es\/#website"},"datePublished":"2022-01-19T11:52:30+00:00","dateModified":"2022-09-22T16:18:03+00:00","description":"Ferrovial ha trabajado junto con varios consejos municipales para manejar la eficiencia energ\u00e9tica y la integraci\u00f3n de servicios de alumbrado p\u00fablico con l\u00e1mparas LED y controles remoto.","breadcrumb":{"@id":"https:\/\/www.ferrovial.com\/es\/recursos\/alumbrado-publico\/#breadcrumb"},"inLanguage":"es","potentialAction":[{"@type":"ReadAction","target":["https:\/\/www.ferrovial.com\/es\/recursos\/alumbrado-publico\/"]}]},{"@type":"BreadcrumbList","@id":"https:\/\/www.ferrovial.com\/es\/recursos\/alumbrado-publico\/#breadcrumb","itemListElement":[{"@type":"ListItem","position":1,"name":"Portada","item":"https:\/\/www.ferrovial.com\/es\/"},{"@type":"ListItem","position":2,"name":"Recursos","item":"https:\/\/www.ferrovial.com\/es\/recursos\/"},{"@type":"ListItem","position":3,"name":"Alumbrado p\u00fablico"}]},{"@type":"WebSite","@id":"https:\/\/www.ferrovial.com\/es\/#website","url":"https:\/\/www.ferrovial.com\/es\/","name":"Ferrovial","description":"Welcome to the Ferrovial&#039;s website, global operator of sustainable infrastructure. Here you can find all the information about the company and subsidiaries.","publisher":{"@id":"https:\/\/www.ferrovial.com\/es\/#organization"},"potentialAction":[{"@type":"SearchAction","target":{"@type":"EntryPoint","urlTemplate":"https:\/\/www.ferrovial.com\/es\/?s={search_term_string}"},"query-input":{"@type":"PropertyValueSpecification","valueRequired":true,"valueName":"search_term_string"}}],"inLanguage":"es"},{"@type":"Organization","@id":"https:\/\/www.ferrovial.com\/es\/#organization","name":"Ferrovial S.A.","url":"https:\/\/www.ferrovial.com\/es\/","logo":{"@type":"ImageObject","inLanguage":"es","@id":"https:\/\/www.ferrovial.com\/es\/#\/schema\/logo\/image\/","url":"https:\/\/static.ferrovial.com\/wp-content\/uploads\/2020\/01\/13124948\/logo-ferrovial-cf7.png","contentUrl":"https:\/\/static.ferrovial.com\/wp-content\/uploads\/2020\/01\/13124948\/logo-ferrovial-cf7.png","width":144,"height":32,"caption":"Ferrovial S.A."},"image":{"@id":"https:\/\/www.ferrovial.com\/es\/#\/schema\/logo\/image\/"},"sameAs":["https:\/\/www.facebook.com\/ferrovial","https:\/\/x.com\/ferrovial","https:\/\/www.instagram.com\/ferrovial\/","https:\/\/www.linkedin.com\/company\/ferrovial","https:\/\/www.pinterest.es\/ferrovial\/","https:\/\/www.youtube.com\/ferrovial","https:\/\/en.wikipedia.org\/wiki\/Ferrovial"]}]}},"_links":{"self":[{"href":"https:\/\/www.ferrovial.com\/es\/wp-json\/wp\/v2\/pages\/213380","targetHints":{"allow":["GET"]}}],"collection":[{"href":"https:\/\/www.ferrovial.com\/es\/wp-json\/wp\/v2\/pages"}],"about":[{"href":"https:\/\/www.ferrovial.com\/es\/wp-json\/wp\/v2\/types\/page"}],"replies":[{"embeddable":true,"href":"https:\/\/www.ferrovial.com\/es\/wp-json\/wp\/v2\/comments?post=213380"}],"version-history":[{"count":3,"href":"https:\/\/www.ferrovial.com\/es\/wp-json\/wp\/v2\/pages\/213380\/revisions"}],"predecessor-version":[{"id":239550,"href":"https:\/\/www.ferrovial.com\/es\/wp-json\/wp\/v2\/pages\/213380\/revisions\/239550"}],"up":[{"embeddable":true,"href":"https:\/\/www.ferrovial.com\/es\/wp-json\/wp\/v2\/pages\/25267"}],"wp:attachment":[{"href":"https:\/\/www.ferrovial.com\/es\/wp-json\/wp\/v2\/media?parent=213380"}],"curies":[{"name":"wp","href":"https:\/\/api.w.org\/{rel}","templated":true}]}}