{"id":213386,"date":"2022-01-19T12:56:00","date_gmt":"2022-01-19T11:56:00","guid":{"rendered":"https:\/\/www.ferrovial.com\/?page_id=213386"},"modified":"2022-09-22T18:10:42","modified_gmt":"2022-09-22T16:10:42","slug":"aguas-subterraneas","status":"publish","type":"page","link":"https:\/\/www.ferrovial.com\/es\/recursos\/aguas-subterraneas\/","title":{"rendered":"Aguas subterr\u00e1neas"},"content":{"rendered":"    <m-final-content-header >\n            <c-breadcrumb label-text=\"Breadcrumb\" slot=\"breadcrumbs\" type='2' align='left' wrap='wrapped wrapped' aria-label='Vienes de Recursos'>\n                        <ol>\n\n                                                            <li><a href=\"https:\/\/www.ferrovial.com\/es\/\" title=\"Ferrovial\">Ferrovial<\/a><\/li>\n                                                                        <li><a href=\"https:\/\/www.ferrovial.com\/es\/recursos\/\" title=\"Recursos\">Recursos<\/a><\/li>\n                                    \n                <\/ol>\n\n                <\/c-breadcrumb>\n    \n        <div slot=\"header\">\n            <h1>\n                \u00bfQu\u00e9 son las aguas subterr\u00e1neas?            <\/h1>\n                    <\/div>\n    <\/m-final-content-header>\n\n    \n\n\n<m-wysiwig class=\"wp-block-components-wysiwyg\"><div slot=\"maincontent\">\n<p><script type=\"application\/ld+json\">\n{\n  \"@context\": \"https:\/\/schema.org\",\n  \"@type\": \"FAQPage\",\n  \"mainEntity\": [{\n    \"@type\": \"Question\",\n    \"name\": \"\u00bfQu\u00e9 son las aguas subterr\u00e1neas?\",\n    \"acceptedAnswer\": {\n      \"@type\": \"Answer\",\n      \"text\": \"Las aguas subterr\u00e1neas son aquellas que se encuentran debajo del suelo y que se forman, principalmente, como resultado de precipitaciones. Las aguas subterr\u00e1neas se encuentran dentro de una formaci\u00f3n geol\u00f3gica denominada acu\u00edfero, el cual es permeable y permite almacenar cierta cantidad de agua.\"\n    }\n  },{\n    \"@type\": \"Question\",\n    \"name\": \"\u00bfC\u00f3mo se forman las aguas subterr\u00e1neas?\",\n    \"acceptedAnswer\": {\n      \"@type\": \"Answer\",\n      \"text\": \"Las aguas subterr\u00e1neas responden al ciclo hidrol\u00f3gico. Cuando se producen precipitaciones \u2014ya sea lluvia o nieve\u2014, el agua que no se evapora, se filtra a trav\u00e9s del suelo hasta encontrarse con una roca permeable (acu\u00edfero) debajo de la superficie, que la absorbe a manera de esponja. Esta porosidad permite tanto el flujo como la extracci\u00f3n de aguas subterr\u00e1neas.\"\n    }\n  },{\n    \"@type\": \"Question\",\n    \"name\": \"\u00bfCu\u00e1l es la clasificaci\u00f3n de los acu\u00edferos donde se encuentran las aguas subterr\u00e1neas?\",\n    \"acceptedAnswer\": {\n      \"@type\": \"Answer\",\n      \"text\": \"<ul>\n<li>Libres<\/li>\n<li>Cautivos o confinados<\/li>\n<li>Semicautivos o semiconfinados<\/li>\n<\/ul>\"\n    }\n  },{\n    \"@type\": \"Question\",\n    \"name\": \"\u00bfPor qu\u00e9 son importantes las aguas subterr\u00e1neas?\",\n    \"acceptedAnswer\": {\n      \"@type\": \"Answer\",\n      \"text\": \"Las aguas subterr\u00e1neas, adem\u00e1s de ser f\u00e1ciles de encontrar y resistentes a la sequ\u00eda, representan la mayor reserva de agua dulce de la tierra.\n<ul>\n<li>M\u00e1s de 2.500 millones de personas dependen exclusivamente de las aguas subterr\u00e1neas para satisfacer sus necesidades del recurso. \n<\/li>\n<li>Las aguas subterr\u00e1neas juegan un papel fundamental en la econom\u00eda, pues es el recurso m\u00e1s importante y utilizado para el riego y la industria alimentaria, siendo un 67% del total de las aguas utilizadas para el riego y producci\u00f3n de alimentos.\n<\/li>\n<li>Permiten recargar y mantener el flujo y nivel de agua en r\u00edos, humedales y lagos cuando se registran pocas lluvias. Este flujo es vital para las plantas, animales y distintos ecosistemas.\n<\/li>\n<li>Dadas sus caracter\u00edsticas de almacenamiento profundo bajo tierra, las aguas residuales, si son tratadas de una manera sostenible, pueden conservar su calidad intacta, siendo accesible para el consumo humano. \n<\/li>\n<\/ul>\"\n    }\n  },{\n    \"@type\": \"Question\",\n    \"name\": \"\u00bfC\u00f3mo y por qu\u00e9 se contaminan las aguas subterr\u00e1neas?\",\n    \"acceptedAnswer\": {\n      \"@type\": \"Answer\",\n      \"text\": \"La contaminaci\u00f3n de las aguas subterr\u00e1neas se debe, principalmente, a la actividad humana, ya sea por la disposici\u00f3n de residuos (s\u00f3lidos, animales, aguas residuales, dep\u00f3sitos de lodos, residuos de la industria petrolera o qu\u00edmica, etc.) o por actividades agr\u00edcolas, mineras o de construcci\u00f3n.\"\n    }\n  },{\n    \"@type\": \"Question\",\n    \"name\": \"\u00bfC\u00f3mo se gestionan de forma sostenible las aguas subterr\u00e1neas?\",\n    \"acceptedAnswer\": {\n      \"@type\": \"Answer\",\n      \"text\": \"La extracci\u00f3n de las aguas subterr\u00e1neas est\u00e1 siendo superior a la de su reposici\u00f3n, raz\u00f3n por la que se hace obligatorio visibilizar la importancia del recurso h\u00eddrico y desarrollar procesos y medidas de monitoreo, revisi\u00f3n y seguimiento para gestionar la extracci\u00f3n del recurso. Algunas medidas pueden ser:\n<ul>\n<li>Establecer per\u00edmetros de protecci\u00f3n.\n<\/li>\n<li>Ubicar correctamente los vertederos de residuos s\u00f3lidos y desag\u00fces.\n<\/li>\n<li>Desarrollar sistemas sostenibles para eliminar los compuestos l\u00edquidos contaminantes que ya est\u00e1n dentro de las zonas de los acu\u00edferos. \n<\/li>\n<li>Mejorar los sistemas de riego y fertilizaci\u00f3n.\n<\/li>\n<\/ul>\"\n    }\n  }]\n}\n<\/script><p>Las aguas subterr\u00e1neas son aquellas que <strong>se encuentran debajo del suelo y que se forman, principalmente, como resultado de precipitaciones<\/strong>. Las aguas subterr\u00e1neas se encuentran dentro de una formaci\u00f3n geol\u00f3gica denominada <strong>acu\u00edfero, el cual es permeable y permite almacenar cierta cantidad de agua.&nbsp;<\/strong><\/p><\/p>\n\n\n\n<p>Estas masas de agua <strong>representan veinte veces m\u00e1s que el total de aguas superficiales de los continentes e islas<\/strong> pudiendo, las m\u00e1s extensas, alcanzar m\u00e1s de un mill\u00f3n de kil\u00f3metros cuadrados. Por eso, se trata de un <strong>recurso de gran valor <\/strong>que, de acuerdo con la <a href=\"https:\/\/es.unesco.org\/\" target=\"_blank\" rel=\"noreferrer noopener\">UNESCO<\/a>, permite suministrar la mitad de toda el agua potable en el mundo.&nbsp;<\/p>\n\n\n\n<h2 class=\"wp-block-heading\">\u00bfC\u00f3mo se forman las aguas subterr\u00e1neas?<\/h2>\n\n\n\n<p>Las aguas subterr\u00e1neas responden al ciclo hidrol\u00f3gico. Cuando se producen precipitaciones \u2014ya sea lluvia o nieve\u2014, el agua que no se evapora, se filtra a trav\u00e9s del suelo hasta encontrarse con una roca permeable (acu\u00edfero) debajo de la superficie, que la <strong>absorbe a manera de esponja. <\/strong>Esta porosidad permite tanto el <strong>flujo como la extracci\u00f3n de aguas subterr\u00e1neas.&nbsp;<\/strong><\/p>\n\n\n\n<p>La estructura de un acu\u00edfero se clasifica en:<\/p>\n\n\n\n<ol class=\"wp-block-list\"><li><strong>Zona de aireaci\u00f3n: <\/strong>que es el espacio comprendido entre la superficie y la capa fre\u00e1tica \u2014acumulaci\u00f3n de agua subterr\u00e1nea a una profundidad peque\u00f1a respecto al suelo\u2014, en la que no todos los poros absorben el agua.&nbsp;<\/li><li><strong>Zona de saturaci\u00f3n: <\/strong>que se encuentra justo encima de la capa impermeable de la roca, cuyos poros se rellenan completamente de agua.<\/li><\/ol>\n\n\n\n<h2 class=\"wp-block-heading\">\u00bfCu\u00e1l es la clasificaci\u00f3n de los acu\u00edferos donde se encuentran las aguas subterr\u00e1neas?<\/h2>\n\n\n\n<ol class=\"wp-block-list\"><li><strong>Libres:<\/strong> son aquellos que no tienen una capa impermeable por encima, por lo que la presi\u00f3n del agua es igual a la presi\u00f3n atmosf\u00e9rica.&nbsp;<\/li><li><strong>Cautivos o confinados:<\/strong> el agua subterr\u00e1nea se encuentra entre dos capas impermeables y tiene una presi\u00f3n superior a la atmosf\u00e9rica.&nbsp;<\/li><li><strong>Semicautivos o semiconfinados<\/strong>: con unas caracter\u00edsticas intermedias entre los libres y cautivos, ya que su capa superior no llega a ser del todo impermeable, por lo que es posible la descarga y recarga de agua.&nbsp;<\/li><\/ol>\n\n\n\n<h2 class=\"wp-block-heading\">\u00bfPor qu\u00e9 son importantes las aguas subterr\u00e1neas?<\/h2>\n\n\n\n<p>Las aguas subterr\u00e1neas, adem\u00e1s de ser <strong>f\u00e1ciles de encontrar y resistentes a la sequ\u00eda,<\/strong> <strong>representan la mayor reserva de agua dulce de la tierra.<\/strong><\/p>\n\n\n\n<ul class=\"wp-block-list\"><li>M\u00e1s de<strong> 2.500 millones de personas<\/strong> dependen exclusivamente de las aguas subterr\u00e1neas para satisfacer sus necesidades del recurso.&nbsp;<\/li><li>Las aguas subterr\u00e1neas juegan un papel fundamental en la econom\u00eda, pues es el <strong>recurso m\u00e1s importante y utilizado para el riego y la industria alimentaria<\/strong>, siendo un <strong>67% del total <\/strong>de las aguas utilizadas para el riego y producci\u00f3n de alimentos.<\/li><li>Permiten recargar y mantener el flujo y nivel de agua en r\u00edos, humedales y lagos cuando se registran pocas lluvias. <strong>Este flujo es vital para las plantas, animales y distintos ecosistemas<\/strong>.<\/li><li>Dadas sus caracter\u00edsticas de almacenamiento profundo bajo tierra, las aguas residuales, si son tratadas de una manera <a href=\"https:\/\/www.ferrovial.com\/es-es\/recursos\/sostenibilidad\/\" target=\"_blank\" rel=\"noreferrer noopener\">sostenible<\/a>, <strong>pueden conservar su calidad intacta, siendo accesible para el consumo humano.&nbsp;<\/strong><\/li><\/ul>\n\n\n\n<h2 class=\"wp-block-heading\">\u00bfC\u00f3mo y por qu\u00e9 se contaminan las aguas subterr\u00e1neas?<\/h2>\n\n\n\n<p>La contaminaci\u00f3n de las aguas subterr\u00e1neas se debe, principalmente, a<strong> la actividad humana, <\/strong>ya sea por la disposici\u00f3n de residuos (s\u00f3lidos, animales, aguas residuales, dep\u00f3sitos de lodos, residuos de la industria petrolera o qu\u00edmica, etc.) o por actividades agr\u00edcolas, mineras o de construcci\u00f3n. Los principales causantes son:<\/p>\n\n\n\n<ul class=\"wp-block-list\"><li>Filtraci\u00f3n de residuos a trav\u00e9s de la zona de aireaci\u00f3n hasta la zona de saturaci\u00f3n de las <strong>aguas residuales dom\u00e9sticas y vertederos p\u00fablicos.<\/strong><\/li><li>Utilizaci\u00f3n de <strong>sistemas de inyecci\u00f3n profunda para el tratamiento y evacuaci\u00f3n<\/strong> de <a href=\"https:\/\/www.ferrovial.com\/es-es\/recursos\/aguas-residuales\/\" target=\"_blank\" rel=\"noreferrer noopener\">aguas residuales<\/a> que afectan el agua, en su uso y por distintos motivos (mal dise\u00f1o o gesti\u00f3n).&nbsp;<\/li><li>Desarrollo de <strong>actividad minera e industrial que genera sustancias t\u00f3xicas<\/strong> que caen al suelo durante el transporte, lavado y almacenamiento de minerales.<\/li><li><strong>Uso de fertilizantes y pesticidas en la actividad agr\u00edcola<\/strong> (especialmente nitratos y amoniaco) que aumentan la salinizaci\u00f3n y contaminaci\u00f3n.<\/li><\/ul>\n\n\n\n<p>Si bien es una causa m\u00e1s natural,<strong> la extracci\u00f3n de agua de acu\u00edferos en zonas costeras ha provocado la intrusi\u00f3n de agua salada<\/strong>, lo que se traduce en que no pueda ser usada para el consumo humano. Tambi\u00e9n, la <strong>erosi\u00f3n de formaciones rocosas <\/strong>es otra causa de contaminaci\u00f3n natural.&nbsp;<\/p>\n\n\n\n<h2 class=\"wp-block-heading\">\u00bfC\u00f3mo se gestionan de forma sostenible las aguas subterr\u00e1neas?<\/h2>\n\n\n\n<p><strong>La<\/strong> <strong>extracci\u00f3n de las aguas subterr\u00e1neas est\u00e1 siendo superior a la de su reposici\u00f3n, <\/strong>raz\u00f3n por la que se hace obligatorio visibilizar la importancia del recurso h\u00eddrico y desarrollar procesos y medidas de <strong>monitoreo, revisi\u00f3n y seguimiento para gestionar la extracci\u00f3n del recurso<\/strong>. Algunas medidas pueden ser:<\/p>\n\n\n\n<ul class=\"wp-block-list\"><li>Establecer per\u00edmetros de protecci\u00f3n.<\/li><li>Ubicar correctamente los vertederos de residuos s\u00f3lidos y desag\u00fces.<\/li><li>Desarrollar sistemas sostenibles para eliminar los compuestos l\u00edquidos contaminantes que ya est\u00e1n dentro de las zonas de los acu\u00edferos.&nbsp;<\/li><li>Mejorar los sistemas de riego y fertilizaci\u00f3n.<\/li><\/ul>\n<\/div><\/m-wysiwig>\n\n\n    <m-projects-distributor2 :translations='{\n        &quot;prev&quot;:&quot;Anterior&quot;,\n        &quot;next&quot;:&quot;Siguiente&quot;,\n        &quot;paginationseparator&quot;:&quot;de&quot;\n    }'>\n                        <h2 slot=\"title\">\n                Nuestros proyectos destacados                <\/h2>\n                        <a slot='button' title='Conoce nuestros proyectos ' href='https:\/\/www.ferrovial.com\/es\/cintra\/proyectos\/'>\n            Conoce nuestros proyectos         <\/a>\n\n            <\/m-projects-distributor2>\n\n    ","protected":false},"excerpt":{"rendered":"","protected":false},"featured_media":0,"parent":25267,"menu_order":0,"comment_status":"closed","ping_status":"closed","template":"","meta":{"_acf_changed":false,"footnotes":""},"class_list":["post-213386","page","type-page","status-publish","hentry"],"acf":[],"yoast_head":"<!-- This site is optimized with the Yoast SEO plugin v27.2 - https:\/\/yoast.com\/product\/yoast-seo-wordpress\/ -->\n<title>Qu\u00e9 son las aguas subterr\u00e1neas y por qu\u00e9 son importantes - Ferrovial<\/title>\n<meta name=\"description\" content=\"Las aguas subterr\u00e1neas, adem\u00e1s de ser f\u00e1ciles de encontrar y resistentes a la sequ\u00eda, representan la mayor reserva de agua dulce de la tierra.\" \/>\n<meta name=\"robots\" content=\"index, follow, max-snippet:-1, max-image-preview:large, max-video-preview:-1\" \/>\n<link rel=\"canonical\" href=\"https:\/\/www.ferrovial.com\/es\/recursos\/aguas-subterraneas\/\" \/>\n<meta property=\"og:locale\" content=\"es_ES\" \/>\n<meta property=\"og:type\" content=\"article\" \/>\n<meta property=\"og:title\" content=\"Qu\u00e9 son las aguas subterr\u00e1neas y por qu\u00e9 son importantes - Ferrovial\" \/>\n<meta property=\"og:description\" content=\"Las aguas subterr\u00e1neas, adem\u00e1s de ser f\u00e1ciles de encontrar y resistentes a la sequ\u00eda, representan la mayor reserva de agua dulce de la tierra.\" \/>\n<meta property=\"og:url\" content=\"https:\/\/www.ferrovial.com\/es\/recursos\/aguas-subterraneas\/\" \/>\n<meta property=\"og:site_name\" content=\"Ferrovial\" \/>\n<meta property=\"article:publisher\" content=\"https:\/\/www.facebook.com\/ferrovial\" \/>\n<meta property=\"article:modified_time\" content=\"2022-09-22T16:10:42+00:00\" \/>\n<meta name=\"twitter:card\" content=\"summary_large_image\" \/>\n<meta name=\"twitter:site\" content=\"@ferrovial\" \/>\n<meta name=\"twitter:label1\" content=\"Est. reading time\" \/>\n\t<meta name=\"twitter:data1\" content=\"6 minutos\" \/>\n<!-- \/ Yoast SEO plugin. -->","yoast_head_json":{"title":"Qu\u00e9 son las aguas subterr\u00e1neas y por qu\u00e9 son importantes - Ferrovial","description":"Las aguas subterr\u00e1neas, adem\u00e1s de ser f\u00e1ciles de encontrar y resistentes a la sequ\u00eda, representan la mayor reserva de agua dulce de la tierra.","robots":{"index":"index","follow":"follow","max-snippet":"max-snippet:-1","max-image-preview":"max-image-preview:large","max-video-preview":"max-video-preview:-1"},"canonical":"https:\/\/www.ferrovial.com\/es\/recursos\/aguas-subterraneas\/","og_locale":"es_ES","og_type":"article","og_title":"Qu\u00e9 son las aguas subterr\u00e1neas y por qu\u00e9 son importantes - Ferrovial","og_description":"Las aguas subterr\u00e1neas, adem\u00e1s de ser f\u00e1ciles de encontrar y resistentes a la sequ\u00eda, representan la mayor reserva de agua dulce de la tierra.","og_url":"https:\/\/www.ferrovial.com\/es\/recursos\/aguas-subterraneas\/","og_site_name":"Ferrovial","article_publisher":"https:\/\/www.facebook.com\/ferrovial","article_modified_time":"2022-09-22T16:10:42+00:00","twitter_card":"summary_large_image","twitter_site":"@ferrovial","twitter_misc":{"Est. reading time":"6 minutos"},"schema":{"@context":"https:\/\/schema.org","@graph":[{"@type":"WebPage","@id":"https:\/\/www.ferrovial.com\/es\/recursos\/aguas-subterraneas\/","url":"https:\/\/www.ferrovial.com\/es\/recursos\/aguas-subterraneas\/","name":"Qu\u00e9 son las aguas subterr\u00e1neas y por qu\u00e9 son importantes - Ferrovial","isPartOf":{"@id":"https:\/\/www.ferrovial.com\/es\/#website"},"datePublished":"2022-01-19T11:56:00+00:00","dateModified":"2022-09-22T16:10:42+00:00","description":"Las aguas subterr\u00e1neas, adem\u00e1s de ser f\u00e1ciles de encontrar y resistentes a la sequ\u00eda, representan la mayor reserva de agua dulce de la tierra.","breadcrumb":{"@id":"https:\/\/www.ferrovial.com\/es\/recursos\/aguas-subterraneas\/#breadcrumb"},"inLanguage":"es","potentialAction":[{"@type":"ReadAction","target":["https:\/\/www.ferrovial.com\/es\/recursos\/aguas-subterraneas\/"]}]},{"@type":"BreadcrumbList","@id":"https:\/\/www.ferrovial.com\/es\/recursos\/aguas-subterraneas\/#breadcrumb","itemListElement":[{"@type":"ListItem","position":1,"name":"Portada","item":"https:\/\/www.ferrovial.com\/es\/"},{"@type":"ListItem","position":2,"name":"Recursos","item":"https:\/\/www.ferrovial.com\/es\/recursos\/"},{"@type":"ListItem","position":3,"name":"Aguas subterr\u00e1neas"}]},{"@type":"WebSite","@id":"https:\/\/www.ferrovial.com\/es\/#website","url":"https:\/\/www.ferrovial.com\/es\/","name":"Ferrovial","description":"Welcome to the Ferrovial&#039;s website, global operator of sustainable infrastructure. Here you can find all the information about the company and subsidiaries.","publisher":{"@id":"https:\/\/www.ferrovial.com\/es\/#organization"},"potentialAction":[{"@type":"SearchAction","target":{"@type":"EntryPoint","urlTemplate":"https:\/\/www.ferrovial.com\/es\/?s={search_term_string}"},"query-input":{"@type":"PropertyValueSpecification","valueRequired":true,"valueName":"search_term_string"}}],"inLanguage":"es"},{"@type":"Organization","@id":"https:\/\/www.ferrovial.com\/es\/#organization","name":"Ferrovial S.A.","url":"https:\/\/www.ferrovial.com\/es\/","logo":{"@type":"ImageObject","inLanguage":"es","@id":"https:\/\/www.ferrovial.com\/es\/#\/schema\/logo\/image\/","url":"https:\/\/static.ferrovial.com\/wp-content\/uploads\/2020\/01\/13124948\/logo-ferrovial-cf7.png","contentUrl":"https:\/\/static.ferrovial.com\/wp-content\/uploads\/2020\/01\/13124948\/logo-ferrovial-cf7.png","width":144,"height":32,"caption":"Ferrovial S.A."},"image":{"@id":"https:\/\/www.ferrovial.com\/es\/#\/schema\/logo\/image\/"},"sameAs":["https:\/\/www.facebook.com\/ferrovial","https:\/\/x.com\/ferrovial","https:\/\/www.instagram.com\/ferrovial\/","https:\/\/www.linkedin.com\/company\/ferrovial","https:\/\/www.pinterest.es\/ferrovial\/","https:\/\/www.youtube.com\/ferrovial","https:\/\/en.wikipedia.org\/wiki\/Ferrovial"]}]}},"_links":{"self":[{"href":"https:\/\/www.ferrovial.com\/es\/wp-json\/wp\/v2\/pages\/213386","targetHints":{"allow":["GET"]}}],"collection":[{"href":"https:\/\/www.ferrovial.com\/es\/wp-json\/wp\/v2\/pages"}],"about":[{"href":"https:\/\/www.ferrovial.com\/es\/wp-json\/wp\/v2\/types\/page"}],"replies":[{"embeddable":true,"href":"https:\/\/www.ferrovial.com\/es\/wp-json\/wp\/v2\/comments?post=213386"}],"version-history":[{"count":3,"href":"https:\/\/www.ferrovial.com\/es\/wp-json\/wp\/v2\/pages\/213386\/revisions"}],"predecessor-version":[{"id":239533,"href":"https:\/\/www.ferrovial.com\/es\/wp-json\/wp\/v2\/pages\/213386\/revisions\/239533"}],"up":[{"embeddable":true,"href":"https:\/\/www.ferrovial.com\/es\/wp-json\/wp\/v2\/pages\/25267"}],"wp:attachment":[{"href":"https:\/\/www.ferrovial.com\/es\/wp-json\/wp\/v2\/media?parent=213386"}],"curies":[{"name":"wp","href":"https:\/\/api.w.org\/{rel}","templated":true}]}}