{"id":213402,"date":"2022-01-19T13:10:51","date_gmt":"2022-01-19T12:10:51","guid":{"rendered":"https:\/\/www.ferrovial.com\/?page_id=213402"},"modified":"2022-09-22T17:43:29","modified_gmt":"2022-09-22T15:43:29","slug":"transporte-de-mercancias","status":"publish","type":"page","link":"https:\/\/www.ferrovial.com\/es\/recursos\/transporte-de-mercancias\/","title":{"rendered":"Transporte de mercanc\u00edas"},"content":{"rendered":"    <m-final-content-header >\n            <c-breadcrumb label-text=\"Breadcrumb\" slot=\"breadcrumbs\" type='2' align='left' wrap='wrapped wrapped' aria-label='Vienes de Recursos'>\n                        <ol>\n\n                                                            <li><a href=\"https:\/\/www.ferrovial.com\/es\/\" title=\"Ferrovial\">Ferrovial<\/a><\/li>\n                                                                        <li><a href=\"https:\/\/www.ferrovial.com\/es\/recursos\/\" title=\"Recursos\">Recursos<\/a><\/li>\n                                    \n                <\/ol>\n\n                <\/c-breadcrumb>\n    \n        <div slot=\"header\">\n            <h1>\n                \u00bfQu\u00e9 es el transporte de mercanc\u00edas?            <\/h1>\n                    <\/div>\n    <\/m-final-content-header>\n\n    \n\n\n<m-wysiwig class=\"wp-block-components-wysiwyg\"><div slot=\"maincontent\">\n<p><script type=\"application\/ld+json\">\n{\n  \"@context\": \"https:\/\/schema.org\",\n  \"@type\": \"FAQPage\",\n  \"mainEntity\": [{\n    \"@type\": \"Question\",\n    \"name\": \"\u00bfQu\u00e9 es el transporte de mercanc\u00edas?\",\n    \"acceptedAnswer\": {\n      \"@type\": \"Answer\",\n      \"text\": \"Se trata del desplazamiento de un objeto que puede ser comercializado desde un lugar de origen (en el que se carga la mercanc\u00eda) hacia un destino (en el que se descarga). El transporte puede ser a nivel nacional o internacional.\"\n    }\n  },{\n    \"@type\": \"Question\",\n    \"name\": \"\u00bfCu\u00e1les son los tipos de transporte de mercanc\u00edas?\",\n    \"acceptedAnswer\": {\n      \"@type\": \"Answer\",\n      \"text\": \"<ol>\n<li>Transporte por carretera<\/li>\n<li>Transporte ferroviario<\/li>\n<li>Transporte mar\u00edtimo<\/li>\n<li>Transporte a\u00e9reo<\/li>\n<\/ol>\"\n    }\n  },{\n    \"@type\": \"Question\",\n    \"name\": \"\u00bfQu\u00e9 es necesario para un transporte de mercanc\u00edas sostenible?\",\n    \"acceptedAnswer\": {\n      \"@type\": \"Answer\",\n      \"text\": \"Dentro de los objetivos de reducci\u00f3n de emisiones, se establecen las siguientes medidas para el traslado de mercanc\u00edas:\n\n<ul>\n<li>Utilizaci\u00f3n de combustibles y sistemas de propulsi\u00f3n alternativos menos contaminantes, como el gas natural licuado (GNL) o el gas natural comprimido (GNC).<\/li>\n<li>Carga eficiente de los medios de transporte para la distribuci\u00f3n de mercanc\u00edas, evitando traslados medio vac\u00edos y, por ende, el desaprovechamiento de los recursos que inciden de manera negativa en el medio ambiente. <\/li>\n<li>Construcci\u00f3n de buques un 30% m\u00e1s eficientes que los actuales para alcanzar la meta establecida por la Organizaci\u00f3n Mar\u00edtima Mundial de reducir un 50% las emisiones de CO2 de los buques para el a\u00f1o 2050. \n<\/li>\n<li>Adopci\u00f3n de m\u00e9todos de transporte m\u00e1s limpios a partir de la sustituci\u00f3n del transporte por carretera por el ferroviario. El impacto medioambiental se reducir\u00eda m\u00e1s de 4% si el 50% de las mercanc\u00edas que se realizan por carretera se hicieran por redes ferroviarias. \n<\/li>\n<\/ul>\"\n    }\n  },{\n    \"@type\": \"Question\",\n    \"name\": \"\u00bfCu\u00e1les son los desaf\u00edos del transporte de mercanc\u00edas en la actualidad?\",\n    \"acceptedAnswer\": {\n      \"@type\": \"Answer\",\n      \"text\": \"Cada vez m\u00e1s, las nuevas tecnolog\u00edas forman parte de las din\u00e1micas diarias de las personas y empresas, y las agencias de transporte de mercanc\u00edas no son una excepci\u00f3n. Los desaf\u00edos para este sector se enfocan en la flexibilidad en las entregas, la apuesta por la sostenibilidad ambiental y la incorporaci\u00f3n de nuevas tecnolog\u00edas para mejorar sus servicios.\"\n    }\n  }]\n}\n<\/script><p>Se trata del desplazamiento de un objeto que puede ser comercializado <strong>desde un lugar de origen (en el que se carga la mercanc\u00eda) hacia un destino (en el que se descarga). <\/strong>El transporte puede ser a nivel nacional o internacional.<\/p><\/p>\n\n\n\n<h2 class=\"wp-block-heading\">\u00bfCu\u00e1les son los tipos de transporte de mercanc\u00edas?<\/h2>\n\n\n\n<p>El transporte de mercanc\u00edas puede variar seg\u00fan <strong>las caracter\u00edsticas del producto y el tipo de negocio, <\/strong>adecuando las entregas en funci\u00f3n al tiempo y costo. Los m\u00e1s comunes son:<\/p>\n\n\n\n<ol class=\"wp-block-list\"><li><strong>Transporte por carretera: <\/strong>es <strong>econ\u00f3mico y r\u00e1pido,<\/strong> sobre todo si es a nivel nacional. Adem\u00e1s, se trata de un<strong> tipo de transporte seguro,<\/strong> capaz de <strong>trasladar cualquier tipo de mercanc\u00eda<\/strong> e, incluso, llevarla <strong>puerta a puerta.<\/strong><\/li><li><strong>Transporte ferroviario: <\/strong>consiste en el traslado de mercanc\u00edas a trav\u00e9s de <strong>trenes de carga<\/strong>. Este tipo de trenes hace paradas en pol\u00edgonos industriales para entregar la mercanc\u00eda a las empresas a las que le dan servicio. Se trata de un <strong>m\u00e9todo ideal para largas distancias y env\u00edos al por mayor<\/strong>. Adem\u00e1s, es un <strong>medio fiable, econ\u00f3mico, r\u00e1pido<\/strong> y adecuado para <strong>grandes vol\u00famenes y pesos.<\/strong><\/li><li><strong>Transporte mar\u00edtimo:<\/strong> es uno de los m\u00e9todos de transporte m\u00e1s utilizados para el <strong>traslado de mercanc\u00edas a nivel internacional <\/strong>por su <strong>gran capacidad de carga y almacenaje<\/strong>. Adem\u00e1s, facilita el acceso a varios puntos de destino gracias a la presencia de m\u00faltiples puertos mar\u00edtimos a nivel mundial. Dispone de una <strong>variedad de buques<\/strong> que se adaptan al tipo de mercanc\u00eda y el <strong>precio var\u00eda seg\u00fan el peso y el volumen transportados.&nbsp;<\/strong><\/li><li><strong>Transporte a\u00e9reo: <\/strong>este tipo de transporte tiene como <strong>principal ventaja la rapidez, y es ideal para largas distancias;<\/strong> sin embargo, se trata de <strong>una de las opciones m\u00e1s costosas.<\/strong> Adem\u00e1s, el peso y tama\u00f1o de las mercanc\u00edas es limitado. Este medio se utiliza para <strong>env\u00edos de alto valor<\/strong>, por lo que suele contratarse <strong>un seguro de protecci\u00f3n.<\/strong><\/li><\/ol>\n\n\n\n<p>No siempre es posible que las mercanc\u00edas realicen un recorrido con un solo medio de transporte, por lo que existe el tipo de <strong>transporte multimodal<\/strong>, que implica la <strong>combinaci\u00f3n de m\u00e1s de un medio de traslado<\/strong> para la entrega de mercanc\u00edas.&nbsp;<\/p>\n\n\n\n<h2 class=\"wp-block-heading\">\u00bfQu\u00e9 es necesario para un transporte de mercanc\u00edas sostenible?<\/h2>\n\n\n\n<p><strong>Reducir el impacto medioambiental <\/strong>en el traslado de mercanc\u00edas es el objetivo de muchas empresas que forman parte de la cadena de distribuci\u00f3n de suministros. Si bien el transporte de mercanc\u00eda supone el <strong>35% de emisiones<\/strong> respecto al 65% que genera el transporte de viajeros, la Comisi\u00f3n Europea establece que para el <strong>a\u00f1o 2050 el transporte de mercanc\u00eda baje un 50% las emisiones de CO2<\/strong> respecto a las actuales.<\/p>\n\n\n\n<p>Dentro de los objetivos de reducci\u00f3n de emisiones, se establecen las siguientes medidas para el traslado de mercanc\u00edas:<\/p>\n\n\n\n<ul class=\"wp-block-list\"><li><strong>Utilizaci\u00f3n de combustibles y sistemas de propulsi\u00f3n alternativos<\/strong> menos contaminantes, como el gas natural licuado (GNL) o el gas natural comprimido (GNC). Estos disminuir\u00edan las emisiones de part\u00edculas de di\u00f3xido de nitr\u00f3geno que producen, por ejemplo, los veh\u00edculos de gran tonelaje.<\/li><\/ul>\n\n\n\n<ul class=\"wp-block-list\"><li><strong>Carga eficiente de los medios de transporte<\/strong> para la distribuci\u00f3n de mercanc\u00edas, evitando traslados medio vac\u00edos y, por ende, el desaprovechamiento de los recursos que inciden de manera negativa en el medio ambiente.&nbsp;<\/li><\/ul>\n\n\n\n<ul class=\"wp-block-list\"><li><strong>Construcci\u00f3n de buques un 30% m\u00e1s eficientes que los actuales<\/strong> para alcanzar la meta establecida por la Organizaci\u00f3n Mar\u00edtima Mundial de <strong>reducir un 50% las emisiones de CO2 <\/strong>de los buques para el a\u00f1o 2050.&nbsp;<\/li><\/ul>\n\n\n\n<ul class=\"wp-block-list\"><li>Adopci\u00f3n de m\u00e9todos de transporte m\u00e1s limpios a partir de la sustituci\u00f3n del transporte por carretera por el ferroviario. El impacto medioambiental se reducir\u00eda m\u00e1s de <strong>4% si el 50% de las mercanc\u00edas que se realizan por carretera se hicieran por redes ferroviarias.&nbsp;<\/strong><\/li><\/ul>\n\n\n\n<h2 class=\"wp-block-heading\">\u00bfCu\u00e1les son los desaf\u00edos del transporte de mercanc\u00edas en la actualidad?<\/h2>\n\n\n\n<p>Cada vez m\u00e1s, las nuevas tecnolog\u00edas forman parte de las din\u00e1micas diarias de las personas y empresas, y las agencias de transporte de mercanc\u00edas no son una excepci\u00f3n. Los desaf\u00edos para este sector se enfocan en la<strong> flexibilidad en las entregas, la apuesta por la sostenibilidad ambiental y la incorporaci\u00f3n de nuevas tecnolog\u00edas<\/strong> para mejorar sus servicios. Entre otros retos, se encuentran:<\/p>\n\n\n\n<ul class=\"wp-block-list\"><li><strong>Gesti\u00f3n \u00f3ptima y r\u00e1pida<\/strong> respecto a la competencia.&nbsp;<\/li><li>Inclusi\u00f3n de <strong>nuevas tecnolog\u00edas y sistemas de <\/strong><a href=\"https:\/\/www.ferrovial.com\/es-es\/recursos\/inteligencia-artificial\/\" target=\"_blank\" rel=\"noreferrer noopener\"><strong>inteligencia artificial<\/strong><\/a> para el rastreo y seguimiento de mercanc\u00edas en el marco del comercio internacional.&nbsp;<\/li><li><strong>Automatizaci\u00f3n de sistemas y operaciones<\/strong> que van desde el desarrollo de aplicaciones que permiten el rastreo de mercanc\u00edas hasta m\u00e9todos para el almacenamiento y distribuci\u00f3n.&nbsp;<\/li><li><strong>Integraci\u00f3n de la <\/strong><a href=\"https:\/\/www.ferrovial.com\/es-es\/innovacion\/tecnologias\/robotica\/\"><strong>rob\u00f3tica<\/strong><\/a><strong> para el transporte y entrega de mercanc\u00eda.<\/strong> Un ejemplo de ello es el empleo de <a href=\"https:\/\/www.ferrovial.com\/es-es\/recursos\/drones\/\">drones<\/a> para la distribuci\u00f3n.<\/li><\/ul>\n<\/div><\/m-wysiwig>\n\n\n    <m-projects-distributor2 :translations='{\n        &quot;prev&quot;:&quot;Anterior&quot;,\n        &quot;next&quot;:&quot;Siguiente&quot;,\n        &quot;paginationseparator&quot;:&quot;de&quot;\n    }'>\n                        <h2 slot=\"title\">\n                Nuestros proyectos destacados                <\/h2>\n                        <a slot='button' title='Conoce nuestros proyectos ' href='https:\/\/www.ferrovial.com\/es\/cintra\/proyectos\/'>\n            Conoce nuestros proyectos         <\/a>\n\n            <\/m-projects-distributor2>\n\n    ","protected":false},"excerpt":{"rendered":"","protected":false},"featured_media":0,"parent":25267,"menu_order":0,"comment_status":"closed","ping_status":"closed","template":"","meta":{"_acf_changed":false,"footnotes":""},"class_list":["post-213402","page","type-page","status-publish","hentry"],"acf":[],"yoast_head":"<!-- This site is optimized with the Yoast SEO plugin v27.2 - https:\/\/yoast.com\/product\/yoast-seo-wordpress\/ -->\n<title>Tipos de transporte de mercanc\u00edas - Ferrovial<\/title>\n<meta name=\"description\" content=\"El transporte de mercanc\u00edas puede variar seg\u00fan las caracter\u00edsticas del producto y el tipo de negocio, adecuando las entregas en funci\u00f3n al tiempo y costo.\" \/>\n<meta name=\"robots\" content=\"index, follow, max-snippet:-1, max-image-preview:large, max-video-preview:-1\" \/>\n<link rel=\"canonical\" href=\"https:\/\/www.ferrovial.com\/es\/recursos\/transporte-de-mercancias\/\" \/>\n<meta property=\"og:locale\" content=\"es_ES\" \/>\n<meta property=\"og:type\" content=\"article\" \/>\n<meta property=\"og:title\" content=\"Tipos de transporte de mercanc\u00edas - Ferrovial\" \/>\n<meta property=\"og:description\" content=\"El transporte de mercanc\u00edas puede variar seg\u00fan las caracter\u00edsticas del producto y el tipo de negocio, adecuando las entregas en funci\u00f3n al tiempo y costo.\" \/>\n<meta property=\"og:url\" content=\"https:\/\/www.ferrovial.com\/es\/recursos\/transporte-de-mercancias\/\" \/>\n<meta property=\"og:site_name\" content=\"Ferrovial\" \/>\n<meta property=\"article:publisher\" content=\"https:\/\/www.facebook.com\/ferrovial\" \/>\n<meta property=\"article:modified_time\" content=\"2022-09-22T15:43:29+00:00\" \/>\n<meta name=\"twitter:card\" content=\"summary_large_image\" \/>\n<meta name=\"twitter:site\" content=\"@ferrovial\" \/>\n<meta name=\"twitter:label1\" content=\"Est. reading time\" \/>\n\t<meta name=\"twitter:data1\" content=\"5 minutos\" \/>\n<!-- \/ Yoast SEO plugin. -->","yoast_head_json":{"title":"Tipos de transporte de mercanc\u00edas - Ferrovial","description":"El transporte de mercanc\u00edas puede variar seg\u00fan las caracter\u00edsticas del producto y el tipo de negocio, adecuando las entregas en funci\u00f3n al tiempo y costo.","robots":{"index":"index","follow":"follow","max-snippet":"max-snippet:-1","max-image-preview":"max-image-preview:large","max-video-preview":"max-video-preview:-1"},"canonical":"https:\/\/www.ferrovial.com\/es\/recursos\/transporte-de-mercancias\/","og_locale":"es_ES","og_type":"article","og_title":"Tipos de transporte de mercanc\u00edas - Ferrovial","og_description":"El transporte de mercanc\u00edas puede variar seg\u00fan las caracter\u00edsticas del producto y el tipo de negocio, adecuando las entregas en funci\u00f3n al tiempo y costo.","og_url":"https:\/\/www.ferrovial.com\/es\/recursos\/transporte-de-mercancias\/","og_site_name":"Ferrovial","article_publisher":"https:\/\/www.facebook.com\/ferrovial","article_modified_time":"2022-09-22T15:43:29+00:00","twitter_card":"summary_large_image","twitter_site":"@ferrovial","twitter_misc":{"Est. reading time":"5 minutos"},"schema":{"@context":"https:\/\/schema.org","@graph":[{"@type":"WebPage","@id":"https:\/\/www.ferrovial.com\/es\/recursos\/transporte-de-mercancias\/","url":"https:\/\/www.ferrovial.com\/es\/recursos\/transporte-de-mercancias\/","name":"Tipos de transporte de mercanc\u00edas - Ferrovial","isPartOf":{"@id":"https:\/\/www.ferrovial.com\/es\/#website"},"datePublished":"2022-01-19T12:10:51+00:00","dateModified":"2022-09-22T15:43:29+00:00","description":"El transporte de mercanc\u00edas puede variar seg\u00fan las caracter\u00edsticas del producto y el tipo de negocio, adecuando las entregas en funci\u00f3n al tiempo y costo.","breadcrumb":{"@id":"https:\/\/www.ferrovial.com\/es\/recursos\/transporte-de-mercancias\/#breadcrumb"},"inLanguage":"es","potentialAction":[{"@type":"ReadAction","target":["https:\/\/www.ferrovial.com\/es\/recursos\/transporte-de-mercancias\/"]}]},{"@type":"BreadcrumbList","@id":"https:\/\/www.ferrovial.com\/es\/recursos\/transporte-de-mercancias\/#breadcrumb","itemListElement":[{"@type":"ListItem","position":1,"name":"Portada","item":"https:\/\/www.ferrovial.com\/es\/"},{"@type":"ListItem","position":2,"name":"Recursos","item":"https:\/\/www.ferrovial.com\/es\/recursos\/"},{"@type":"ListItem","position":3,"name":"Transporte de mercanc\u00edas"}]},{"@type":"WebSite","@id":"https:\/\/www.ferrovial.com\/es\/#website","url":"https:\/\/www.ferrovial.com\/es\/","name":"Ferrovial","description":"Welcome to the Ferrovial&#039;s website, global operator of sustainable infrastructure. Here you can find all the information about the company and subsidiaries.","publisher":{"@id":"https:\/\/www.ferrovial.com\/es\/#organization"},"potentialAction":[{"@type":"SearchAction","target":{"@type":"EntryPoint","urlTemplate":"https:\/\/www.ferrovial.com\/es\/?s={search_term_string}"},"query-input":{"@type":"PropertyValueSpecification","valueRequired":true,"valueName":"search_term_string"}}],"inLanguage":"es"},{"@type":"Organization","@id":"https:\/\/www.ferrovial.com\/es\/#organization","name":"Ferrovial S.A.","url":"https:\/\/www.ferrovial.com\/es\/","logo":{"@type":"ImageObject","inLanguage":"es","@id":"https:\/\/www.ferrovial.com\/es\/#\/schema\/logo\/image\/","url":"https:\/\/static.ferrovial.com\/wp-content\/uploads\/2020\/01\/13124948\/logo-ferrovial-cf7.png","contentUrl":"https:\/\/static.ferrovial.com\/wp-content\/uploads\/2020\/01\/13124948\/logo-ferrovial-cf7.png","width":144,"height":32,"caption":"Ferrovial S.A."},"image":{"@id":"https:\/\/www.ferrovial.com\/es\/#\/schema\/logo\/image\/"},"sameAs":["https:\/\/www.facebook.com\/ferrovial","https:\/\/x.com\/ferrovial","https:\/\/www.instagram.com\/ferrovial\/","https:\/\/www.linkedin.com\/company\/ferrovial","https:\/\/www.pinterest.es\/ferrovial\/","https:\/\/www.youtube.com\/ferrovial","https:\/\/en.wikipedia.org\/wiki\/Ferrovial"]}]}},"_links":{"self":[{"href":"https:\/\/www.ferrovial.com\/es\/wp-json\/wp\/v2\/pages\/213402","targetHints":{"allow":["GET"]}}],"collection":[{"href":"https:\/\/www.ferrovial.com\/es\/wp-json\/wp\/v2\/pages"}],"about":[{"href":"https:\/\/www.ferrovial.com\/es\/wp-json\/wp\/v2\/types\/page"}],"replies":[{"embeddable":true,"href":"https:\/\/www.ferrovial.com\/es\/wp-json\/wp\/v2\/comments?post=213402"}],"version-history":[{"count":3,"href":"https:\/\/www.ferrovial.com\/es\/wp-json\/wp\/v2\/pages\/213402\/revisions"}],"predecessor-version":[{"id":239497,"href":"https:\/\/www.ferrovial.com\/es\/wp-json\/wp\/v2\/pages\/213402\/revisions\/239497"}],"up":[{"embeddable":true,"href":"https:\/\/www.ferrovial.com\/es\/wp-json\/wp\/v2\/pages\/25267"}],"wp:attachment":[{"href":"https:\/\/www.ferrovial.com\/es\/wp-json\/wp\/v2\/media?parent=213402"}],"curies":[{"name":"wp","href":"https:\/\/api.w.org\/{rel}","templated":true}]}}