{"id":213408,"date":"2022-01-19T13:14:55","date_gmt":"2022-01-19T12:14:55","guid":{"rendered":"https:\/\/www.ferrovial.com\/?page_id=213408"},"modified":"2022-08-30T10:28:09","modified_gmt":"2022-08-30T08:28:09","slug":"lluvia-acida","status":"publish","type":"page","link":"https:\/\/www.ferrovial.com\/es\/recursos\/lluvia-acida\/","title":{"rendered":"\u00bfC\u00f3mo se produce la lluvia \u00e1cida?"},"content":{"rendered":"    <m-final-content-header >\n            <c-breadcrumb label-text=\"Breadcrumb\" slot=\"breadcrumbs\" type='2' align='left' wrap='wrapped wrapped' aria-label='Vienes de Recursos'>\n                        <ol>\n\n                                                            <li><a href=\"https:\/\/www.ferrovial.com\/es\/\" title=\"Ferrovial\">Ferrovial<\/a><\/li>\n                                                                        <li><a href=\"https:\/\/www.ferrovial.com\/es\/recursos\/\" title=\"Recursos\">Recursos<\/a><\/li>\n                                    \n                <\/ol>\n\n                <\/c-breadcrumb>\n    \n        <div slot=\"header\">\n            <h1>\n                \u00bfC\u00f3mo se produce la lluvia \u00e1cida?            <\/h1>\n                    <\/div>\n    <\/m-final-content-header>\n\n    \n\n\n<m-wysiwig class=\"wp-block-components-wysiwyg\"><div slot=\"maincontent\">\n<h2 class=\"wp-block-heading\">\u00bfQu\u00e9 es la lluvia \u00e1cida?<\/h2>\n\n\n\n<script type=\"application\/ld+json\">\n{\n  \"@context\": \"https:\/\/schema.org\",\n  \"@type\": \"FAQPage\",\n  \"mainEntity\": [{\n    \"@type\": \"Question\",\n    \"name\": \"\u00bfQu\u00e9 es la lluvia \u00e1cida?\",\n    \"acceptedAnswer\": {\n      \"@type\": \"Answer\",\n      \"text\": \"La lluvia \u00e1cida es consecuencia de emisiones de gases contaminantes. Estas precipitaciones, cuyo pH es inferior a 5, se presentan principalmente en zonas altamente industrializadas donde hay un alto grado de contaminaci\u00f3n; sin embargo, tambi\u00e9n pueden caer en extensiones de tierra, mares o lagos lejos de su sitio de origen.\"\n    }\n  },{\n    \"@type\": \"Question\",\n    \"name\": \"\u00bfCu\u00e1les son los agentes precursores de la lluvia \u00e1cida?\",\n    \"acceptedAnswer\": {\n      \"@type\": \"Answer\",\n      \"text\": \"Los compuestos precursores de lluvia \u00e1cida son, principalmente, los \u00f3xidos de azufre (SO2) y de nitr\u00f3geno (NOx); sin embargo, en este fen\u00f3meno tambi\u00e9n participan sustancias como el cloro, el amoniaco, compuestos org\u00e1nicos vol\u00e1tiles (COV), entre otros.\"\n    }\n  },{\n    \"@type\": \"Question\",\n    \"name\": \"\u00bfQu\u00e9 se puede hacer para evitar la producci\u00f3n de lluvia \u00e1cida?\",\n    \"acceptedAnswer\": {\n      \"@type\": \"Answer\",\n      \"text\": \"La principal medida que se puede adoptar para evitar la producci\u00f3n de lluvia \u00e1cida es la implementaci\u00f3n a nivel mundial de reglamentos y recomendaciones sobre los niveles m\u00e1ximos de emisi\u00f3n de sus compuestos precursores (\u00f3xidos de azufre y \u00f3xidos de nitr\u00f3geno). Estos niveles m\u00e1ximos deben tomar en cuenta el efecto de los \u00f3xidos sobre la flora y fauna, adem\u00e1s de considerar el riesgo para la salud p\u00fablica.\"\n    }\n  }]\n}\n<\/script><p><strong>La lluvia \u00e1cida es consecuencia de emisiones de gases contaminantes<\/strong>. Estas precipitaciones, cuyo pH es inferior a 5, se presentan principalmente en zonas altamente industrializadas donde hay un alto grado de contaminaci\u00f3n; sin embargo, tambi\u00e9n pueden caer en extensiones de tierra, mares o lagos lejos de su sitio de origen.&nbsp;<\/p>\n\n\n\n<p>El fen\u00f3meno de la lluvia \u00e1cida se puede resumir en cuatro pasos:<\/p>\n\n\n\n<ol class=\"wp-block-list\"><li>Compuestos como el di\u00f3xido de azufre y \u00f3xidos de nitr\u00f3genos son producidos por fuentes antr\u00f3picas (principalmente a partir de la quema de combustibles f\u00f3siles) o fuentes naturales (emisiones volc\u00e1nicas).&nbsp;<\/li><li>Estos gases suben a la atm\u00f3sfera, donde se mezclan y reaccionan con vapores de agua, ox\u00edgeno y otras substancias qu\u00edmicas dando lugar a la formaci\u00f3n de \u00e1cidos.<\/li><li>Los \u00e1cidos (sulf\u00farico y n\u00edtrico) se disuelven con facilidad en peque\u00f1as part\u00edculas de agua. De esta manera, son acarreados por el viento a lugares muy lejanos.&nbsp;<\/li><li>La precipitaci\u00f3n \u00e1cida (lluvia, niebla, nieve o sedimento) cae sobre vastas extensiones, afectando el entorno.<\/li><\/ol>\n\n\n\n<h2 class=\"wp-block-heading\">\u00bfCu\u00e1les son los agentes precursores de la lluvia \u00e1cida?<\/h2>\n\n\n\n<p>Los compuestos precursores de lluvia \u00e1cida son, principalmente, los \u00f3xidos de azufre (SO2) y de nitr\u00f3geno (NOx); sin embargo, en este fen\u00f3meno tambi\u00e9n participan sustancias como el cloro, el amoniaco, compuestos org\u00e1nicos vol\u00e1tiles (COV), entre otros.&nbsp;<\/p>\n\n\n\n<p>Al subir a la atm\u00f3sfera, estos agentes son oxidados e hidrolizados, produci\u00e9ndose \u00e1cidos fuertes como el \u00e1cido sulf\u00farico y el \u00e1cido n\u00edtrico.<\/p>\n\n\n\n<h3 class=\"wp-block-heading\">El di\u00f3xido de azufre y el \u00e1cido sulf\u00farico:<\/h3>\n\n\n\n<p>El <strong>\u00e1cido sulf\u00farico <\/strong>es un compuesto muy reactivo y altamente corrosivo que puede causar quemaduras qu\u00edmicas, al entrar en contacto con la piel; ceguera, al entrar en contacto con los ojos; o problemas respiratorios, al ser inhalado. El <strong>di\u00f3xido de azufre <\/strong>es generado al quemar combustible f\u00f3sil como el carb\u00f3n. Luego, al subir a la atm\u00f3sfera se convierte en \u00e1cido sulf\u00farico.&nbsp;<\/p>\n\n\n\n<p>Aunque<strong> las cantidades de \u00e1cido sulf\u00farico presentes en la lluvia \u00e1cida son m\u00ednimas<\/strong>, la precipitaci\u00f3n \u00e1cida frecuente puede causar problemas ambientales serios como desmineralizaci\u00f3n de los suelos, concentraci\u00f3n de metales pesados, acidificaci\u00f3n de las aguas, e incluso puede acarrear <a href=\"https:\/\/www.who.int\/es\/news-room\/fact-sheets\/detail\/ambient-(outdoor)-air-quality-and-health\">un importante riesgo para la salud p\u00fablica<\/a>.<\/p>\n\n\n\n<p>Actualmente China es el primer emisor mundial de di\u00f3xido de azufre, ya que es el principal productor y consumidor mundial de carb\u00f3n. En consecuencia, m\u00e1s del 50% de las ciudades chinas presentan indicios de lluvia \u00e1cida.&nbsp;<\/p>\n\n\n\n<h3 class=\"wp-block-heading\">\u00d3xido de nitr\u00f3geno y \u00e1cido n\u00edtrico:<\/h3>\n\n\n\n<p>El <strong>\u00f3xido n\u00edtrico<\/strong> (NO) y el <strong>di\u00f3xido de nitr\u00f3geno <\/strong>(NO2) proceden del nitr\u00f3geno del aire y son importantes contaminantes atmosf\u00e9ricos. Se forman debido a las altas temperaturas de la combusti\u00f3n que descompone y oxida el nitr\u00f3geno.<\/p>\n\n\n\n<p>El NO es el que est\u00e1 presente en mayor medida en las emisiones, pero en presencia del ox\u00edgeno atmosf\u00e9rico se transforma r\u00e1pidamente a NO2.<\/p>\n\n\n\n<p>Los \u00f3xidos de nitr\u00f3geno tienen car\u00e1cter \u00e1cido y pueden formar <strong>\u00e1cido n\u00edtrico <\/strong>HNO3 el cual se puede solubilizar en el agua dando lugar a lluvias \u00e1cidas.<\/p>\n\n\n\n<h2 class=\"wp-block-heading\">\u00bfQu\u00e9 se puede hacer para evitar la producci\u00f3n de lluvia \u00e1cida?<\/h2>\n\n\n\n<p>La principal medida que se puede adoptar para evitar la producci\u00f3n de lluvia \u00e1cida es la implementaci\u00f3n a nivel mundial de reglamentos y recomendaciones sobre los niveles m\u00e1ximos de emisi\u00f3n de sus compuestos precursores (\u00f3xidos de azufre y \u00f3xidos de nitr\u00f3geno). Estos niveles m\u00e1ximos deben tomar en cuenta el efecto de los \u00f3xidos sobre la flora y fauna, adem\u00e1s de considerar el riesgo para la salud p\u00fablica.<\/p>\n<\/div><\/m-wysiwig>\n\n\n    <m-projects-distributor2 :translations='{\n        &quot;prev&quot;:&quot;Anterior&quot;,\n        &quot;next&quot;:&quot;Siguiente&quot;,\n        &quot;paginationseparator&quot;:&quot;de&quot;\n    }'>\n                        <h2 slot=\"title\">\n                Nuestros proyectos destacados                <\/h2>\n                        <a slot='button' title='Conoce nuestros proyectos ' href='https:\/\/www.ferrovial.com\/es\/cintra\/proyectos\/'>\n            Conoce nuestros proyectos         <\/a>\n\n            <\/m-projects-distributor2>\n\n    ","protected":false},"excerpt":{"rendered":"","protected":false},"featured_media":0,"parent":25267,"menu_order":0,"comment_status":"closed","ping_status":"closed","template":"","meta":{"_acf_changed":false,"footnotes":""},"class_list":["post-213408","page","type-page","status-publish","hentry"],"acf":[],"yoast_head":"<!-- This site is optimized with the Yoast SEO plugin v27.2 - https:\/\/yoast.com\/product\/yoast-seo-wordpress\/ -->\n<title>\u00bfC\u00f3mo se produce la lluvia \u00e1cida? - Ferrovial<\/title>\n<meta name=\"description\" content=\"La lluvia \u00e1cida es consecuencia de emisiones de gases contaminantes. Estas precipitaciones, se presentan principalmente en zonas altamente industrializadas.\" \/>\n<meta name=\"robots\" content=\"index, follow, max-snippet:-1, max-image-preview:large, max-video-preview:-1\" \/>\n<link rel=\"canonical\" href=\"https:\/\/www.ferrovial.com\/es\/recursos\/lluvia-acida\/\" \/>\n<meta property=\"og:locale\" content=\"es_ES\" \/>\n<meta property=\"og:type\" content=\"article\" \/>\n<meta property=\"og:title\" content=\"\u00bfC\u00f3mo se produce la lluvia \u00e1cida? - Ferrovial\" \/>\n<meta property=\"og:description\" content=\"La lluvia \u00e1cida es consecuencia de emisiones de gases contaminantes. Estas precipitaciones, se presentan principalmente en zonas altamente industrializadas.\" \/>\n<meta property=\"og:url\" content=\"https:\/\/www.ferrovial.com\/es\/recursos\/lluvia-acida\/\" \/>\n<meta property=\"og:site_name\" content=\"Ferrovial\" \/>\n<meta property=\"article:publisher\" content=\"https:\/\/www.facebook.com\/ferrovial\" \/>\n<meta property=\"article:modified_time\" content=\"2022-08-30T08:28:09+00:00\" \/>\n<meta name=\"twitter:card\" content=\"summary_large_image\" \/>\n<meta name=\"twitter:site\" content=\"@ferrovial\" \/>\n<meta name=\"twitter:label1\" content=\"Est. reading time\" \/>\n\t<meta name=\"twitter:data1\" content=\"4 minutos\" \/>\n<!-- \/ Yoast SEO plugin. -->","yoast_head_json":{"title":"\u00bfC\u00f3mo se produce la lluvia \u00e1cida? - Ferrovial","description":"La lluvia \u00e1cida es consecuencia de emisiones de gases contaminantes. Estas precipitaciones, se presentan principalmente en zonas altamente industrializadas.","robots":{"index":"index","follow":"follow","max-snippet":"max-snippet:-1","max-image-preview":"max-image-preview:large","max-video-preview":"max-video-preview:-1"},"canonical":"https:\/\/www.ferrovial.com\/es\/recursos\/lluvia-acida\/","og_locale":"es_ES","og_type":"article","og_title":"\u00bfC\u00f3mo se produce la lluvia \u00e1cida? - Ferrovial","og_description":"La lluvia \u00e1cida es consecuencia de emisiones de gases contaminantes. Estas precipitaciones, se presentan principalmente en zonas altamente industrializadas.","og_url":"https:\/\/www.ferrovial.com\/es\/recursos\/lluvia-acida\/","og_site_name":"Ferrovial","article_publisher":"https:\/\/www.facebook.com\/ferrovial","article_modified_time":"2022-08-30T08:28:09+00:00","twitter_card":"summary_large_image","twitter_site":"@ferrovial","twitter_misc":{"Est. reading time":"4 minutos"},"schema":{"@context":"https:\/\/schema.org","@graph":[{"@type":"WebPage","@id":"https:\/\/www.ferrovial.com\/es\/recursos\/lluvia-acida\/","url":"https:\/\/www.ferrovial.com\/es\/recursos\/lluvia-acida\/","name":"\u00bfC\u00f3mo se produce la lluvia \u00e1cida? - Ferrovial","isPartOf":{"@id":"https:\/\/www.ferrovial.com\/es\/#website"},"datePublished":"2022-01-19T12:14:55+00:00","dateModified":"2022-08-30T08:28:09+00:00","description":"La lluvia \u00e1cida es consecuencia de emisiones de gases contaminantes. Estas precipitaciones, se presentan principalmente en zonas altamente industrializadas.","breadcrumb":{"@id":"https:\/\/www.ferrovial.com\/es\/recursos\/lluvia-acida\/#breadcrumb"},"inLanguage":"es","potentialAction":[{"@type":"ReadAction","target":["https:\/\/www.ferrovial.com\/es\/recursos\/lluvia-acida\/"]}]},{"@type":"BreadcrumbList","@id":"https:\/\/www.ferrovial.com\/es\/recursos\/lluvia-acida\/#breadcrumb","itemListElement":[{"@type":"ListItem","position":1,"name":"Portada","item":"https:\/\/www.ferrovial.com\/es\/"},{"@type":"ListItem","position":2,"name":"Recursos","item":"https:\/\/www.ferrovial.com\/es\/recursos\/"},{"@type":"ListItem","position":3,"name":"\u00bfC\u00f3mo se produce la lluvia \u00e1cida?"}]},{"@type":"WebSite","@id":"https:\/\/www.ferrovial.com\/es\/#website","url":"https:\/\/www.ferrovial.com\/es\/","name":"Ferrovial","description":"Welcome to the Ferrovial&#039;s website, global operator of sustainable infrastructure. Here you can find all the information about the company and subsidiaries.","publisher":{"@id":"https:\/\/www.ferrovial.com\/es\/#organization"},"potentialAction":[{"@type":"SearchAction","target":{"@type":"EntryPoint","urlTemplate":"https:\/\/www.ferrovial.com\/es\/?s={search_term_string}"},"query-input":{"@type":"PropertyValueSpecification","valueRequired":true,"valueName":"search_term_string"}}],"inLanguage":"es"},{"@type":"Organization","@id":"https:\/\/www.ferrovial.com\/es\/#organization","name":"Ferrovial S.A.","url":"https:\/\/www.ferrovial.com\/es\/","logo":{"@type":"ImageObject","inLanguage":"es","@id":"https:\/\/www.ferrovial.com\/es\/#\/schema\/logo\/image\/","url":"https:\/\/static.ferrovial.com\/wp-content\/uploads\/2020\/01\/13124948\/logo-ferrovial-cf7.png","contentUrl":"https:\/\/static.ferrovial.com\/wp-content\/uploads\/2020\/01\/13124948\/logo-ferrovial-cf7.png","width":144,"height":32,"caption":"Ferrovial S.A."},"image":{"@id":"https:\/\/www.ferrovial.com\/es\/#\/schema\/logo\/image\/"},"sameAs":["https:\/\/www.facebook.com\/ferrovial","https:\/\/x.com\/ferrovial","https:\/\/www.instagram.com\/ferrovial\/","https:\/\/www.linkedin.com\/company\/ferrovial","https:\/\/www.pinterest.es\/ferrovial\/","https:\/\/www.youtube.com\/ferrovial","https:\/\/en.wikipedia.org\/wiki\/Ferrovial"]}]}},"_links":{"self":[{"href":"https:\/\/www.ferrovial.com\/es\/wp-json\/wp\/v2\/pages\/213408","targetHints":{"allow":["GET"]}}],"collection":[{"href":"https:\/\/www.ferrovial.com\/es\/wp-json\/wp\/v2\/pages"}],"about":[{"href":"https:\/\/www.ferrovial.com\/es\/wp-json\/wp\/v2\/types\/page"}],"replies":[{"embeddable":true,"href":"https:\/\/www.ferrovial.com\/es\/wp-json\/wp\/v2\/comments?post=213408"}],"version-history":[{"count":3,"href":"https:\/\/www.ferrovial.com\/es\/wp-json\/wp\/v2\/pages\/213408\/revisions"}],"predecessor-version":[{"id":238033,"href":"https:\/\/www.ferrovial.com\/es\/wp-json\/wp\/v2\/pages\/213408\/revisions\/238033"}],"up":[{"embeddable":true,"href":"https:\/\/www.ferrovial.com\/es\/wp-json\/wp\/v2\/pages\/25267"}],"wp:attachment":[{"href":"https:\/\/www.ferrovial.com\/es\/wp-json\/wp\/v2\/media?parent=213408"}],"curies":[{"name":"wp","href":"https:\/\/api.w.org\/{rel}","templated":true}]}}