{"id":213437,"date":"2022-01-19T15:07:06","date_gmt":"2022-01-19T14:07:06","guid":{"rendered":"https:\/\/www.ferrovial.com\/?page_id=213437"},"modified":"2025-11-12T14:22:09","modified_gmt":"2025-11-12T13:22:09","slug":"proyectos-sociales","status":"publish","type":"page","link":"https:\/\/www.ferrovial.com\/es\/recursos\/proyectos-sociales\/","title":{"rendered":"Proyectos sociales"},"content":{"rendered":"    <m-final-content-header >\n            <c-breadcrumb label-text=\"Breadcrumb\" slot=\"breadcrumbs\" type='2' align='left' wrap='wrapped wrapped' aria-label='Vienes de Recursos'>\n                        <ol>\n\n                                                            <li><a href=\"https:\/\/www.ferrovial.com\/es\/\" title=\"Ferrovial\">Ferrovial<\/a><\/li>\n                                                                        <li><a href=\"https:\/\/www.ferrovial.com\/es\/recursos\/\" title=\"Recursos\">Recursos<\/a><\/li>\n                                    \n                <\/ol>\n\n                <\/c-breadcrumb>\n    \n        <div slot=\"header\">\n            <h1>\n                Proyectos sociales            <\/h1>\n                    <\/div>\n    <\/m-final-content-header>\n\n    \n\n\n<m-wysiwig class=\"wp-block-components-wysiwyg\"><div slot=\"maincontent\">\n<h2 class=\"wp-block-heading\">\u00bfQu\u00e9 son los proyectos sociales?<\/h2>\n\n\n\n<p>Los proyectos sociales suelen <strong>involucrar a los miembros de la comunidad, <\/strong>de manera que <strong>adquieran los conocimientos y herramientas necesarias<\/strong> para darle continuidad al proyecto despu\u00e9s de su implementaci\u00f3n inicial.&nbsp;<\/p>\n\n\n\n<h2 class=\"wp-block-heading\">\u00bfCu\u00e1les son las caracter\u00edsticas de los proyectos sociales?<\/h2>\n\n\n\n<p>Si bien <strong>cada proyecto social tiene sus propios objetivos y requerimientos<\/strong>, estas iniciativas suelen tener las siguientes caracter\u00edsticas en com\u00fan:<\/p>\n\n\n\n<ul class=\"wp-block-list\">\n<li>Plantea objetivos relacionados con la <strong>mejora de las condiciones de vida de un grupo social, <\/strong>siendo las personas los beneficiarios principales.\u00a0<\/li>\n\n\n\n<li>Pretende que <strong>se sostenga en el tiempo.<\/strong>\u00a0<\/li>\n\n\n\n<li>Realiza <strong>seguimiento detallado de los recursos <\/strong>y la evoluci\u00f3n de la planificaci\u00f3n.\u00a0<\/li>\n\n\n\n<li>Responde a un esquema optimizado de <strong>control de plazos, recursos y rutas de trabajo.<\/strong><\/li>\n\n\n\n<li>Establece <strong>t\u00e9cnicas predictivas para evitar la improvisaci\u00f3n <\/strong>y as\u00ed optimizar recursos, presupuesto y tiempos.\u00a0<\/li>\n\n\n\n<li>Es de <strong>car\u00e1cter flexible<\/strong>, tomando en cuenta imprevistos.<\/li>\n\n\n\n<li>Cuenta con personas que cumplen<strong> determinados roles con diferentes cargas de responsabilidades.\u00a0<\/strong><\/li>\n<\/ul>\n\n\n\n<h2 class=\"wp-block-heading\">\u00bfCu\u00e1les son los tipos de proyectos sociales?<\/h2>\n\n\n\n<p>Los proyectos sociales pueden variar seg\u00fan el \u00e1rea social que se est\u00e9 atendiendo. En funci\u00f3n a esto, existen:<\/p>\n\n\n\n<ol class=\"wp-block-list\">\n<li><strong>Proyectos sociales de servicio:<\/strong> enfocados en ayudar de manera inmediata a un grupo necesitado. Es reactivo a una situaci\u00f3n de caos \u2014por ejemplo: atenci\u00f3n en caso de un tsunami o terremoto\u2014 o de una situaci\u00f3n desfavorable \u2014como la violencia de g\u00e9nero\u2014. Su principal ventaja es su inmediatez, aunque puede que no atienda la ra\u00edz del problema, sino sus s\u00edntomas.<\/li>\n\n\n\n<li><strong>Proyectos sociales de educaci\u00f3n:<\/strong> se enfocan en formar y ense\u00f1ar a la comunidad y puede presentarse, por ejemplo, a manera de talleres ocupacionales o programas de estudio para j\u00f3venes l\u00edderes de comunidades. Su principal ventaja es mejorar las capacidades de un grupo social.<\/li>\n\n\n\n<li><strong>Proyectos sociales de car\u00e1cter pol\u00edtico: <\/strong>enfocado en tener una incidencia en las pol\u00edticas p\u00fablicas y laborales.<\/li>\n\n\n\n<li><strong>Proyectos sociales de voz:<\/strong> tienen como objetivo visibilizar y crear conciencia respecto a temas sociales sensibles tales como la discriminaci\u00f3n, la xenofobia, la violencia de g\u00e9nero o el racismo.<\/li>\n<\/ol>\n\n\n\n<h2 class=\"wp-block-heading\">\u00bfC\u00f3mo gestionar un proyecto social?<\/h2>\n\n\n\n<p>Todo proyecto social se sostiene en 5 etapas en las que se ejecutan ciertas actividades:<\/p>\n\n\n\n<ol class=\"wp-block-list\">\n<li><strong>An\u00e1lisis del entorno:<\/strong> en esta fase se detectan los problemas y las necesidades, se definen las prioridades y se prev\u00e9n los recursos y la poblaci\u00f3n en la que repercutir\u00e1 el proyecto.\u00a0<\/li>\n\n\n\n<li><strong>Dise\u00f1o del proyecto: <\/strong>etapa en la que se definen los objetivos, la metodolog\u00eda y se disponen los recursos en funci\u00f3n a dichos objetivos.<\/li>\n\n\n\n<li><strong>Aplicaci\u00f3n: <\/strong>se implementa el proyecto, haciendo seguimiento y control constante.<\/li>\n\n\n\n<li><strong>Evaluaci\u00f3n final: <\/strong>se ejecutan t\u00e9cnicas de testeo como encuestas.<\/li>\n\n\n\n<li><strong>Informe:<\/strong> se resumen los resultados obtenidos, adem\u00e1s de desarrollar un an\u00e1lisis del proyecto con miras a sostenerlo o ampliarlo a futuro.\u00a0<\/li>\n<\/ol>\n\n\n\n<h2 class=\"wp-block-heading\">Ejemplos de proyectos sociales sostenibles&nbsp;<\/h2>\n\n\n\n<p>El sello <em>sostenible <\/em>se imprime, cada vez m\u00e1s, en cada \u00e1mbito de desarrollo humano y la preocupaci\u00f3n por el impacto de nuestras acciones y necesidades en el plano medioambiental cobra mayor importancia. Es as\u00ed como surgen proyectos sociales sostenibles, que buscan mejorar las condiciones actuales de grupos sociales desde un punto de vista no solo social y econ\u00f3mico, sino tambi\u00e9n medioambiental. Algunos ejemplos:<\/p>\n\n\n\n<ul class=\"wp-block-list\">\n<li><strong>Juntos Sumamos: <\/strong>es una iniciativa de Ferrovial, a trav\u00e9s de la cual los empleados pueden hacer donaciones para proyectos sociales. La suma donada es igualada por la empresa y, a lo largo del tiempo, ha sido invertida en iniciativas tan variadas como: programas de apoyo a <a href=\"https:\/\/www.ferrovial.com\/es-es\/negocio\/proyectos\/adaptaciones-geriatricas-para-personas-mayores-solas-la-rueca\/\" target=\"_blank\" rel=\"noreferrer noopener\">los mayores solos<\/a>, la <a href=\"https:\/\/www.ferrovial.com\/es-es\/negocio\/proyectos\/apoyo-la-infancia-vulnerable-del-sur-mozambique-fundacion-mozambique-sur\/\" target=\"_blank\" rel=\"noreferrer noopener\">infancia vulnerable<\/a> o las <a href=\"https:\/\/www.ferrovial.com\/es-es\/negocio\/proyectos\/mujeres-victimas-violencia-sexual-republica-democratica-del-congo\/\" target=\"_blank\" rel=\"noreferrer noopener\">v\u00edctimas de violencia sexual en el Congo<\/a>; o campa\u00f1as de <a href=\"https:\/\/www.ferrovial.com\/es-es\/negocio\/proyectos\/centro-formacion-hosteleria-jovenes-riesgo-exclusion-social-valencia\/\" target=\"_blank\" rel=\"noreferrer noopener\">formaci\u00f3n<\/a> y <a href=\"https:\/\/www.ferrovial.com\/es-es\/negocio\/proyectos\/programa-de-apoyo-integral-para-la-reinsercion-de-ninos-y-jovenes-victimas-de-la-violencia-en-las-prisiones-de-goma-kivu-norte-rd-congo\/\" target=\"_blank\" rel=\"noreferrer noopener\">reinserci\u00f3n de j\u00f3venes<\/a>; as\u00ed como acciones de \u00edndole sanitaria.<\/li>\n\n\n\n<li><strong>Kuapa Kokoo, en Ghana. <\/strong>Se trata de una cooperativa conformada por peque\u00f1os productores de cacao que recibe financiaci\u00f3n por parte de la ONG alemana <a href=\"https:\/\/fairtrade.es\/es\/fairtradeiberica\/\" target=\"_blank\" rel=\"noreferrer noopener\">FAIRTRADE<\/a> para desarrollar proyectos de fortalecimiento social y el cultivo sostenible del cacao con bajo impacto ambiental, para luego ser distribuido por distintos pa\u00edses de Europa.<\/li>\n\n\n\n<li><strong>A Liter of Light, en Filipinas.<\/strong> Se trata de un proyecto social de instalaci\u00f3n de botellas de pl\u00e1stico para generar luz de forma ecol\u00f3gica y a bajo coste en m\u00e1s de 1 mill\u00f3n de hogares en Filipinas.<\/li>\n\n\n\n<li><a href=\"https:\/\/huertosinthesky.com\/\" target=\"_blank\" rel=\"noreferrer noopener\"><strong>Huertos in the Sky,<\/strong><\/a><strong> en Espa\u00f1a<\/strong>. Se trata de un proyecto de <a href=\"https:\/\/www.ferrovial.com\/es-es\/recursos\/economia-circular\/\" target=\"_blank\" rel=\"noreferrer noopener\">econom\u00eda circular <\/a>llevado a cabo en Barcelona, que convierte las azoteas en desuso en huertos urbanos buscando, adem\u00e1s, reinsertar a comunidades desfavorecidas en la din\u00e1mica social.<\/li>\n<\/ul>\n<\/div><\/m-wysiwig>\n\n\n    <m-projects-distributor2 :translations='{\n        &quot;prev&quot;:&quot;Anterior&quot;,\n        &quot;next&quot;:&quot;Siguiente&quot;,\n        &quot;paginationseparator&quot;:&quot;de&quot;\n    }'>\n                        <h2 slot=\"title\">\n                Nuestros proyectos destacados                <\/h2>\n                        <a slot='button' title='Conoce nuestros proyectos ' href='https:\/\/www.ferrovial.com\/es\/cintra\/proyectos\/'>\n            Conoce nuestros proyectos         <\/a>\n\n            <\/m-projects-distributor2>\n\n    ","protected":false},"excerpt":{"rendered":"","protected":false},"featured_media":0,"parent":25267,"menu_order":0,"comment_status":"closed","ping_status":"closed","template":"","meta":{"_acf_changed":false,"footnotes":""},"class_list":["post-213437","page","type-page","status-publish","hentry"],"acf":[],"yoast_head":"<!-- This site is optimized with the Yoast SEO plugin v27.2 - https:\/\/yoast.com\/product\/yoast-seo-wordpress\/ -->\n<title>Qu\u00e9 son los proyectos sociales y c\u00f3mo gestionarlos - Ferrovial<\/title>\n<meta name=\"description\" content=\"Los proyectos sociales son iniciativas relacionadas con los derechos humanos con miras a ayudar a individuos y grupos sociales desfavorecidos.\" \/>\n<meta name=\"robots\" content=\"index, follow, max-snippet:-1, max-image-preview:large, max-video-preview:-1\" \/>\n<link rel=\"canonical\" href=\"https:\/\/www.ferrovial.com\/es\/recursos\/proyectos-sociales\/\" \/>\n<meta property=\"og:locale\" content=\"es_ES\" \/>\n<meta property=\"og:type\" content=\"article\" \/>\n<meta property=\"og:title\" content=\"Qu\u00e9 son los proyectos sociales y c\u00f3mo gestionarlos - Ferrovial\" \/>\n<meta property=\"og:description\" content=\"Los proyectos sociales son iniciativas relacionadas con los derechos humanos con miras a ayudar a individuos y grupos sociales desfavorecidos.\" \/>\n<meta property=\"og:url\" content=\"https:\/\/www.ferrovial.com\/es\/recursos\/proyectos-sociales\/\" \/>\n<meta property=\"og:site_name\" content=\"Ferrovial\" \/>\n<meta property=\"article:publisher\" content=\"https:\/\/www.facebook.com\/ferrovial\" \/>\n<meta property=\"article:modified_time\" content=\"2025-11-12T13:22:09+00:00\" \/>\n<meta name=\"twitter:card\" content=\"summary_large_image\" \/>\n<meta name=\"twitter:site\" content=\"@ferrovial\" \/>\n<meta name=\"twitter:label1\" content=\"Est. reading time\" \/>\n\t<meta name=\"twitter:data1\" content=\"4 minutos\" \/>\n<!-- \/ Yoast SEO plugin. -->","yoast_head_json":{"title":"Qu\u00e9 son los proyectos sociales y c\u00f3mo gestionarlos - Ferrovial","description":"Los proyectos sociales son iniciativas relacionadas con los derechos humanos con miras a ayudar a individuos y grupos sociales desfavorecidos.","robots":{"index":"index","follow":"follow","max-snippet":"max-snippet:-1","max-image-preview":"max-image-preview:large","max-video-preview":"max-video-preview:-1"},"canonical":"https:\/\/www.ferrovial.com\/es\/recursos\/proyectos-sociales\/","og_locale":"es_ES","og_type":"article","og_title":"Qu\u00e9 son los proyectos sociales y c\u00f3mo gestionarlos - Ferrovial","og_description":"Los proyectos sociales son iniciativas relacionadas con los derechos humanos con miras a ayudar a individuos y grupos sociales desfavorecidos.","og_url":"https:\/\/www.ferrovial.com\/es\/recursos\/proyectos-sociales\/","og_site_name":"Ferrovial","article_publisher":"https:\/\/www.facebook.com\/ferrovial","article_modified_time":"2025-11-12T13:22:09+00:00","twitter_card":"summary_large_image","twitter_site":"@ferrovial","twitter_misc":{"Est. reading time":"4 minutos"},"schema":{"@context":"https:\/\/schema.org","@graph":[{"@type":"WebPage","@id":"https:\/\/www.ferrovial.com\/es\/recursos\/proyectos-sociales\/","url":"https:\/\/www.ferrovial.com\/es\/recursos\/proyectos-sociales\/","name":"Qu\u00e9 son los proyectos sociales y c\u00f3mo gestionarlos - Ferrovial","isPartOf":{"@id":"https:\/\/www.ferrovial.com\/es\/#website"},"datePublished":"2022-01-19T14:07:06+00:00","dateModified":"2025-11-12T13:22:09+00:00","description":"Los proyectos sociales son iniciativas relacionadas con los derechos humanos con miras a ayudar a individuos y grupos sociales desfavorecidos.","breadcrumb":{"@id":"https:\/\/www.ferrovial.com\/es\/recursos\/proyectos-sociales\/#breadcrumb"},"inLanguage":"es","potentialAction":[{"@type":"ReadAction","target":["https:\/\/www.ferrovial.com\/es\/recursos\/proyectos-sociales\/"]}]},{"@type":"BreadcrumbList","@id":"https:\/\/www.ferrovial.com\/es\/recursos\/proyectos-sociales\/#breadcrumb","itemListElement":[{"@type":"ListItem","position":1,"name":"Portada","item":"https:\/\/www.ferrovial.com\/es\/"},{"@type":"ListItem","position":2,"name":"Recursos","item":"https:\/\/www.ferrovial.com\/es\/recursos\/"},{"@type":"ListItem","position":3,"name":"Proyectos sociales"}]},{"@type":"WebSite","@id":"https:\/\/www.ferrovial.com\/es\/#website","url":"https:\/\/www.ferrovial.com\/es\/","name":"Ferrovial","description":"Welcome to the Ferrovial&#039;s website, global operator of sustainable infrastructure. Here you can find all the information about the company and subsidiaries.","publisher":{"@id":"https:\/\/www.ferrovial.com\/es\/#organization"},"potentialAction":[{"@type":"SearchAction","target":{"@type":"EntryPoint","urlTemplate":"https:\/\/www.ferrovial.com\/es\/?s={search_term_string}"},"query-input":{"@type":"PropertyValueSpecification","valueRequired":true,"valueName":"search_term_string"}}],"inLanguage":"es"},{"@type":"Organization","@id":"https:\/\/www.ferrovial.com\/es\/#organization","name":"Ferrovial S.A.","url":"https:\/\/www.ferrovial.com\/es\/","logo":{"@type":"ImageObject","inLanguage":"es","@id":"https:\/\/www.ferrovial.com\/es\/#\/schema\/logo\/image\/","url":"https:\/\/static.ferrovial.com\/wp-content\/uploads\/2020\/01\/13124948\/logo-ferrovial-cf7.png","contentUrl":"https:\/\/static.ferrovial.com\/wp-content\/uploads\/2020\/01\/13124948\/logo-ferrovial-cf7.png","width":144,"height":32,"caption":"Ferrovial S.A."},"image":{"@id":"https:\/\/www.ferrovial.com\/es\/#\/schema\/logo\/image\/"},"sameAs":["https:\/\/www.facebook.com\/ferrovial","https:\/\/x.com\/ferrovial","https:\/\/www.instagram.com\/ferrovial\/","https:\/\/www.linkedin.com\/company\/ferrovial","https:\/\/www.pinterest.es\/ferrovial\/","https:\/\/www.youtube.com\/ferrovial","https:\/\/en.wikipedia.org\/wiki\/Ferrovial"]}]}},"_links":{"self":[{"href":"https:\/\/www.ferrovial.com\/es\/wp-json\/wp\/v2\/pages\/213437","targetHints":{"allow":["GET"]}}],"collection":[{"href":"https:\/\/www.ferrovial.com\/es\/wp-json\/wp\/v2\/pages"}],"about":[{"href":"https:\/\/www.ferrovial.com\/es\/wp-json\/wp\/v2\/types\/page"}],"replies":[{"embeddable":true,"href":"https:\/\/www.ferrovial.com\/es\/wp-json\/wp\/v2\/comments?post=213437"}],"version-history":[{"count":3,"href":"https:\/\/www.ferrovial.com\/es\/wp-json\/wp\/v2\/pages\/213437\/revisions"}],"predecessor-version":[{"id":317501,"href":"https:\/\/www.ferrovial.com\/es\/wp-json\/wp\/v2\/pages\/213437\/revisions\/317501"}],"up":[{"embeddable":true,"href":"https:\/\/www.ferrovial.com\/es\/wp-json\/wp\/v2\/pages\/25267"}],"wp:attachment":[{"href":"https:\/\/www.ferrovial.com\/es\/wp-json\/wp\/v2\/media?parent=213437"}],"curies":[{"name":"wp","href":"https:\/\/api.w.org\/{rel}","templated":true}]}}