{"id":213449,"date":"2022-01-19T15:17:55","date_gmt":"2022-01-19T14:17:55","guid":{"rendered":"https:\/\/www.ferrovial.com\/?page_id=213449"},"modified":"2024-02-23T13:48:22","modified_gmt":"2024-02-23T12:48:22","slug":"construccion-de-las-piramides-de-egipto","status":"publish","type":"page","link":"https:\/\/www.ferrovial.com\/es\/recursos\/construccion-de-las-piramides-de-egipto\/","title":{"rendered":"Construcci\u00f3n de las pir\u00e1mides de Egipto"},"content":{"rendered":"    <m-final-content-header >\n            <c-breadcrumb label-text=\"Breadcrumb\" slot=\"breadcrumbs\" type='2' align='left' wrap='wrapped wrapped' aria-label='Vienes de Recursos'>\n                        <ol>\n\n                                                            <li><a href=\"https:\/\/www.ferrovial.com\/es\/\" title=\"Ferrovial\">Ferrovial<\/a><\/li>\n                                                                        <li><a href=\"https:\/\/www.ferrovial.com\/es\/recursos\/\" title=\"Recursos\">Recursos<\/a><\/li>\n                                    \n                <\/ol>\n\n                <\/c-breadcrumb>\n    \n        <div slot=\"header\">\n            <h1>\n                Construcci\u00f3n de las pir\u00e1mides de Egipto            <\/h1>\n                    <\/div>\n    <\/m-final-content-header>\n\n    \n\n\n<m-wysiwig class=\"wp-block-components-wysiwyg\"><div slot=\"maincontent\">\n<h2 class=\"wp-block-heading\">\u00bfQu\u00e9 son las pir\u00e1mides de Egipto?<\/h2>\n\n\n\n<p><script type=\"application\/ld+json\">\n{\n  \"@context\": \"https:\/\/schema.org\",\n  \"@type\": \"FAQPage\",\n  \"mainEntity\": [{\n    \"@type\": \"Question\",\n    \"name\": \"\u00bfQu\u00e9 son las pir\u00e1mides de Egipto?\",\n    \"acceptedAnswer\": {\n      \"@type\": \"Answer\",\n      \"text\": \"Se trata de estructuras enormes de bases cuadradas y paredes triangulares, alineadas perfectamente con los cuatro puntos cardinales. Su construcci\u00f3n fue posible gracias a un proceso milenario de perfeccionamiento de t\u00e9cnicas constructivas ahora desconocidas.\"\n    }\n  },{\n    \"@type\": \"Question\",\n    \"name\": \"\u00bfC\u00f3mo se construyeron las pir\u00e1mides de Egipto?\",\n    \"acceptedAnswer\": {\n      \"@type\": \"Answer\",\n      \"text\": \"Aunque no se sabe con certeza c\u00f3mo se construyeron, est\u00e1 claro que los antiguos egipcios dispon\u00edan de instrumentos como trineos y rodillos de madera, adem\u00e1s de rampas y sogas de origen vegetal, para ingeniar mecanismos.\"\n    }\n  },{\n    \"@type\": \"Question\",\n    \"name\": \"\u00bfCu\u00e1les son los materiales de construcci\u00f3n de las pir\u00e1mides?\",\n    \"acceptedAnswer\": {\n      \"@type\": \"Answer\",\n      \"text\": \"El material de construcci\u00f3n principal fueron la piedra caliza (escuadrada o sin tallar) y el adobe.\nLa madera tambi\u00e9n parece haber sido un material fundamental para lograr construir los rodamientos, palancas y distintos ingenios que permit\u00edan mover las piedras.\"\n    }\n  },{\n    \"@type\": \"Question\",\n    \"name\": \"Curiosidades sobre las pir\u00e1mides\",\n    \"acceptedAnswer\": {\n      \"@type\": \"Answer\",\n      \"text\": \"<ul>\n<li><\/li>\n<li>La Gran pir\u00e1mide de Keops se construy\u00f3 hace m\u00e1s de cuatro mil quinientos a\u00f1os. Se estima que se necesitaron m\u00e1s de dos millones de bloques de piedra y m\u00e1s de 100.000 hombres para construirla en 27 a\u00f1os.<\/li>\n<li>La mayor\u00eda de las pir\u00e1mides fueron construidas al oeste del r\u00edo Nilo porque los antiguos egipcios asociaban a Osiris, el dios del m\u00e1s all\u00e1, con el ciclo del sol. El sol poniente era un s\u00edmbolo de la vida eterna.\n<\/li>\n<li>La pir\u00e1mide m\u00e1s antigua es la Pir\u00e1mide de Djoser, dise\u00f1ada por el arquitecto Imhotep. Se construy\u00f3 entre 2630 y 2611 a.C., y est\u00e1 ubicada en la necr\u00f3polis de Saqqara (en Memphis, la capital del Antiguo Egipto).\n<\/li>\n<li>Seg\u00fan Kate Spence, una egipt\u00f3loga brit\u00e1nica, las estrellas (la Osa Mayor y la Osa Menor) fueron utilizadas para alinear las pir\u00e1mides en direcci\u00f3n norte-sur.\n<\/li>\n<\/ul>\"\n    }\n  }]\n}\n<\/script><p>Las pir\u00e1mides de Egipto est\u00e1n entre las construcciones m\u00e1s emblem\u00e1ticas del mundo. De hecho, la Gran pir\u00e1mide de Keops, la m\u00e1s grande de todas, es la \u00fanica de las siete maravillas del mundo antiguo que sigue de pie.<\/p><\/p>\n\n\n\n<p>A lo largo de 3500 a\u00f1os fueron construidas m\u00e1s de cien pir\u00e1mides por orden de los faraones del Antiguo Egipto. Se trata de estructuras enormes de bases cuadradas y paredes triangulares, alineadas perfectamente con los cuatro puntos cardinales. Su construcci\u00f3n fue posible gracias a un proceso milenario de perfeccionamiento de t\u00e9cnicas constructivas ahora desconocidas.&nbsp;<\/p>\n\n\n\n<h2 class=\"wp-block-heading\">\u00bfC\u00f3mo se construyeron las pir\u00e1mides de Egipto?<\/h2>\n\n\n\n<p>El misterio de las t\u00e9cnicas de construcci\u00f3n empleadas por los antiguos egipcios para hacer las pir\u00e1mides ha sido objeto de estudio de arque\u00f3logos e historiadores de todo el mundo, quienes han acudido a las canteras, a los mercados, a los templos m\u00e1s antiguos y a las tumbas de los constructores de las pir\u00e1mides para buscar respuestas escondidas.<\/p>\n\n\n\n<p>Aunque no se sabe con certeza c\u00f3mo se construyeron, est\u00e1 claro que los antiguos egipcios <strong>dispon\u00edan de instrumentos como trineos y rodillos de madera, adem\u00e1s de rampas y sogas de origen vegetal, para ingeniar mecanismos<\/strong>. Existen varias teor\u00edas sobre c\u00f3mo los antiguos egipcios emplearon estos instrumentos para construir las pir\u00e1mides:<\/p>\n\n\n\n<p><strong>Sin rampas<\/strong><\/p>\n\n\n\n<p>El \u00fanico documento antiguo que perdura hasta hoy fue escrito dos mil a\u00f1os despu\u00e9s de la construcci\u00f3n de las grandes pir\u00e1mides. En el documento, el historiador griego Her\u00f3doto describe la construcci\u00f3n de una serie de gradas y menciona el uso de \u00abingenios\u00bb de madera que permit\u00edan subir los bloques desde el suelo hasta la primera grada, luego a la segunda, y as\u00ed hasta la \u00faltima. Este m\u00e9todo de construcci\u00f3n se asemeja al m\u00e9todo empleado por griegos y romanos antiguos, y tambi\u00e9n por maestros de obra durante la Edad Media.<\/p>\n\n\n\n<p><strong>Rampa incrementada<\/strong><\/p>\n\n\n\n<p>Otra teor\u00eda especula sobre la construcci\u00f3n de una gran rampa de arena, rectil\u00ednea, que iba ampli\u00e1ndose y ganando altura a medida que iba creciendo la pir\u00e1mide.<\/p>\n\n\n\n<p><strong>M\u00faltiples rampas<\/strong><\/p>\n\n\n\n<p>A trav\u00e9s del uso de m\u00faltiples rampas sobre cada hilada se lograr\u00eda levantar las piedras al siguiente nivel. En este supuesto, la mayor dificultad se encontrar\u00eda al momento de colocar los \u00faltimos bloques de cada nivel.<\/p>\n\n\n\n<p><strong>Cilindros de madera<\/strong><\/p>\n\n\n\n<p>A cada lado de las caras del bloque de roca, se atar\u00edan tres cilindros de madera unidos por un sistema de cuerdas y nudos especiales para que actuaran como rodamientos. Este sistema permitir\u00eda emplear menos fuerza, reducir la presi\u00f3n y el desgaste, lo cual explicar\u00eda por qu\u00e9 no hay huellas del proceso de construcci\u00f3n.<\/p>\n\n\n\n<p><strong>Rampa interna<\/strong><\/p>\n\n\n\n<p>Seg\u00fan esta teor\u00eda, se habr\u00eda construido una rampa central en espiral, con inclinaci\u00f3n no mayor a los 20\u00b0, para llevar las piedras hasta cada nivel sobre trineos de madera,&nbsp; y luego con la ayuda de palancas y poleas. Este sistema permitir\u00eda recorrer un tramo de la espiral en menos de un minuto con la participaci\u00f3n de menos de una docena de hombres.&nbsp;<\/p>\n\n\n\n<h2 class=\"wp-block-heading\">\u00bfCu\u00e1les son los materiales de construcci\u00f3n de las pir\u00e1mides?<\/h2>\n\n\n\n<p>El material de construcci\u00f3n principal fueron la <strong>piedra caliza<\/strong> (escuadrada o sin tallar) y el adobe.<\/p>\n\n\n\n<p>La <strong>madera <\/strong>tambi\u00e9n parece haber sido un material fundamental para lograr construir los rodamientos, palancas y distintos <em>ingenios<\/em> que permit\u00edan mover las piedras. Adem\u00e1s, probablemente la madera tambi\u00e9n se utiliz\u00f3 para crear las cu\u00f1as y palancas necesarias para cortar la piedra caliza.<\/p>\n\n\n\n<p>Por otro lado, se cree que para poder nivelar los terrenos, se excavaban canales para inundarlos de <strong>agua <\/strong>y marcar l\u00edneas de nivel con el objetivo de lograr una superficie perfectamente horizontal. Tambi\u00e9n hay evidencia arqueol\u00f3gica que apunta a que se humedecieron los caminos para poder deslizar los trineos con mayor facilidad.&nbsp;<\/p>\n\n\n\n<h2 class=\"wp-block-heading\">Curiosidades sobre las pir\u00e1mides<\/h2>\n\n\n\n<ul class=\"wp-block-list\">\n<li>La Gran pir\u00e1mide de Keops se construy\u00f3 hace m\u00e1s de cuatro mil quinientos a\u00f1os, (aproximadamente entre 2550 y 2527 a.C.), durante el Imperio Antiguo, el periodo de mayor apogeo del poder fara\u00f3nico. Se estima que se necesitaron m\u00e1s de dos millones de bloques de piedra y m\u00e1s de 100.000 hombres para construirla en 27 a\u00f1os.<\/li>\n<\/ul>\n\n\n\n<ul class=\"wp-block-list\">\n<li>La mayor\u00eda de las pir\u00e1mides fueron construidas al oeste del r\u00edo Nilo porque los antiguos egipcios asociaban a Osiris, el dios del m\u00e1s all\u00e1, con el ciclo del sol. El sol poniente era un s\u00edmbolo de la vida eterna.<\/li>\n<\/ul>\n\n\n\n<ul class=\"wp-block-list\">\n<li>La pir\u00e1mide m\u00e1s antigua es la Pir\u00e1mide de Djoser, dise\u00f1ada por el arquitecto Imhotep. Se construy\u00f3 entre 2630 y 2611 a.C., y est\u00e1 ubicada en la necr\u00f3polis de Saqqara (en Memphis, la capital del Antiguo Egipto).<\/li>\n\n\n\n<li>Seg\u00fan Kate Spence, una egipt\u00f3loga brit\u00e1nica, las estrellas (la Osa Mayor y la Osa Menor) fueron utilizadas para alinear las pir\u00e1mides en direcci\u00f3n norte-sur.<\/li>\n<\/ul>\n<\/div><\/m-wysiwig>\n\n\n    <m-projects-distributor2 :translations='{\n        &quot;prev&quot;:&quot;Anterior&quot;,\n        &quot;next&quot;:&quot;Siguiente&quot;,\n        &quot;paginationseparator&quot;:&quot;de&quot;\n    }'>\n                        <h2 slot=\"title\">\n                Nuestros proyectos destacados                <\/h2>\n                        <a slot='button' title='Conoce nuestros proyectos ' href='https:\/\/www.ferrovial.com\/es\/cintra\/proyectos\/'>\n            Conoce nuestros proyectos         <\/a>\n\n            <\/m-projects-distributor2>\n\n    ","protected":false},"excerpt":{"rendered":"","protected":false},"featured_media":0,"parent":25267,"menu_order":0,"comment_status":"closed","ping_status":"closed","template":"","meta":{"_acf_changed":false,"footnotes":""},"class_list":["post-213449","page","type-page","status-publish","hentry"],"acf":[],"yoast_head":"<!-- This site is optimized with the Yoast SEO plugin v27.2 - https:\/\/yoast.com\/product\/yoast-seo-wordpress\/ -->\n<title>Construcci\u00f3n de las pir\u00e1mides de Egipto - Ferrovial<\/title>\n<meta name=\"description\" content=\"El misterio de las t\u00e9cnicas de construcci\u00f3n empleadas por los antiguos egipcios para hacer las pir\u00e1mides ha sido objeto de estudio de arque\u00f3logos e historiadores de todo el mundo.\" \/>\n<meta name=\"robots\" content=\"index, follow, max-snippet:-1, max-image-preview:large, max-video-preview:-1\" \/>\n<link rel=\"canonical\" href=\"https:\/\/www.ferrovial.com\/es\/recursos\/construccion-de-las-piramides-de-egipto\/\" \/>\n<meta property=\"og:locale\" content=\"es_ES\" \/>\n<meta property=\"og:type\" content=\"article\" \/>\n<meta property=\"og:title\" content=\"Construcci\u00f3n de las pir\u00e1mides de Egipto - Ferrovial\" \/>\n<meta property=\"og:description\" content=\"El misterio de las t\u00e9cnicas de construcci\u00f3n empleadas por los antiguos egipcios para hacer las pir\u00e1mides ha sido objeto de estudio de arque\u00f3logos e historiadores de todo el mundo.\" \/>\n<meta property=\"og:url\" content=\"https:\/\/www.ferrovial.com\/es\/recursos\/construccion-de-las-piramides-de-egipto\/\" \/>\n<meta property=\"og:site_name\" content=\"Ferrovial\" \/>\n<meta property=\"article:publisher\" content=\"https:\/\/www.facebook.com\/ferrovial\" \/>\n<meta property=\"article:modified_time\" content=\"2024-02-23T12:48:22+00:00\" \/>\n<meta name=\"twitter:card\" content=\"summary_large_image\" \/>\n<meta name=\"twitter:site\" content=\"@ferrovial\" \/>\n<meta name=\"twitter:label1\" content=\"Est. reading time\" \/>\n\t<meta name=\"twitter:data1\" content=\"4 minutos\" \/>\n<!-- \/ Yoast SEO plugin. -->","yoast_head_json":{"title":"Construcci\u00f3n de las pir\u00e1mides de Egipto - Ferrovial","description":"El misterio de las t\u00e9cnicas de construcci\u00f3n empleadas por los antiguos egipcios para hacer las pir\u00e1mides ha sido objeto de estudio de arque\u00f3logos e historiadores de todo el mundo.","robots":{"index":"index","follow":"follow","max-snippet":"max-snippet:-1","max-image-preview":"max-image-preview:large","max-video-preview":"max-video-preview:-1"},"canonical":"https:\/\/www.ferrovial.com\/es\/recursos\/construccion-de-las-piramides-de-egipto\/","og_locale":"es_ES","og_type":"article","og_title":"Construcci\u00f3n de las pir\u00e1mides de Egipto - Ferrovial","og_description":"El misterio de las t\u00e9cnicas de construcci\u00f3n empleadas por los antiguos egipcios para hacer las pir\u00e1mides ha sido objeto de estudio de arque\u00f3logos e historiadores de todo el mundo.","og_url":"https:\/\/www.ferrovial.com\/es\/recursos\/construccion-de-las-piramides-de-egipto\/","og_site_name":"Ferrovial","article_publisher":"https:\/\/www.facebook.com\/ferrovial","article_modified_time":"2024-02-23T12:48:22+00:00","twitter_card":"summary_large_image","twitter_site":"@ferrovial","twitter_misc":{"Est. reading time":"4 minutos"},"schema":{"@context":"https:\/\/schema.org","@graph":[{"@type":"WebPage","@id":"https:\/\/www.ferrovial.com\/es\/recursos\/construccion-de-las-piramides-de-egipto\/","url":"https:\/\/www.ferrovial.com\/es\/recursos\/construccion-de-las-piramides-de-egipto\/","name":"Construcci\u00f3n de las pir\u00e1mides de Egipto - Ferrovial","isPartOf":{"@id":"https:\/\/www.ferrovial.com\/es\/#website"},"datePublished":"2022-01-19T14:17:55+00:00","dateModified":"2024-02-23T12:48:22+00:00","description":"El misterio de las t\u00e9cnicas de construcci\u00f3n empleadas por los antiguos egipcios para hacer las pir\u00e1mides ha sido objeto de estudio de arque\u00f3logos e historiadores de todo el mundo.","breadcrumb":{"@id":"https:\/\/www.ferrovial.com\/es\/recursos\/construccion-de-las-piramides-de-egipto\/#breadcrumb"},"inLanguage":"es","potentialAction":[{"@type":"ReadAction","target":["https:\/\/www.ferrovial.com\/es\/recursos\/construccion-de-las-piramides-de-egipto\/"]}]},{"@type":"BreadcrumbList","@id":"https:\/\/www.ferrovial.com\/es\/recursos\/construccion-de-las-piramides-de-egipto\/#breadcrumb","itemListElement":[{"@type":"ListItem","position":1,"name":"Portada","item":"https:\/\/www.ferrovial.com\/es\/"},{"@type":"ListItem","position":2,"name":"Recursos","item":"https:\/\/www.ferrovial.com\/es\/recursos\/"},{"@type":"ListItem","position":3,"name":"Construcci\u00f3n de las pir\u00e1mides de Egipto"}]},{"@type":"WebSite","@id":"https:\/\/www.ferrovial.com\/es\/#website","url":"https:\/\/www.ferrovial.com\/es\/","name":"Ferrovial","description":"Welcome to the Ferrovial&#039;s website, global operator of sustainable infrastructure. Here you can find all the information about the company and subsidiaries.","publisher":{"@id":"https:\/\/www.ferrovial.com\/es\/#organization"},"potentialAction":[{"@type":"SearchAction","target":{"@type":"EntryPoint","urlTemplate":"https:\/\/www.ferrovial.com\/es\/?s={search_term_string}"},"query-input":{"@type":"PropertyValueSpecification","valueRequired":true,"valueName":"search_term_string"}}],"inLanguage":"es"},{"@type":"Organization","@id":"https:\/\/www.ferrovial.com\/es\/#organization","name":"Ferrovial S.A.","url":"https:\/\/www.ferrovial.com\/es\/","logo":{"@type":"ImageObject","inLanguage":"es","@id":"https:\/\/www.ferrovial.com\/es\/#\/schema\/logo\/image\/","url":"https:\/\/static.ferrovial.com\/wp-content\/uploads\/2020\/01\/13124948\/logo-ferrovial-cf7.png","contentUrl":"https:\/\/static.ferrovial.com\/wp-content\/uploads\/2020\/01\/13124948\/logo-ferrovial-cf7.png","width":144,"height":32,"caption":"Ferrovial S.A."},"image":{"@id":"https:\/\/www.ferrovial.com\/es\/#\/schema\/logo\/image\/"},"sameAs":["https:\/\/www.facebook.com\/ferrovial","https:\/\/x.com\/ferrovial","https:\/\/www.instagram.com\/ferrovial\/","https:\/\/www.linkedin.com\/company\/ferrovial","https:\/\/www.pinterest.es\/ferrovial\/","https:\/\/www.youtube.com\/ferrovial","https:\/\/en.wikipedia.org\/wiki\/Ferrovial"]}]}},"_links":{"self":[{"href":"https:\/\/www.ferrovial.com\/es\/wp-json\/wp\/v2\/pages\/213449","targetHints":{"allow":["GET"]}}],"collection":[{"href":"https:\/\/www.ferrovial.com\/es\/wp-json\/wp\/v2\/pages"}],"about":[{"href":"https:\/\/www.ferrovial.com\/es\/wp-json\/wp\/v2\/types\/page"}],"replies":[{"embeddable":true,"href":"https:\/\/www.ferrovial.com\/es\/wp-json\/wp\/v2\/comments?post=213449"}],"version-history":[{"count":3,"href":"https:\/\/www.ferrovial.com\/es\/wp-json\/wp\/v2\/pages\/213449\/revisions"}],"predecessor-version":[{"id":276067,"href":"https:\/\/www.ferrovial.com\/es\/wp-json\/wp\/v2\/pages\/213449\/revisions\/276067"}],"up":[{"embeddable":true,"href":"https:\/\/www.ferrovial.com\/es\/wp-json\/wp\/v2\/pages\/25267"}],"wp:attachment":[{"href":"https:\/\/www.ferrovial.com\/es\/wp-json\/wp\/v2\/media?parent=213449"}],"curies":[{"name":"wp","href":"https:\/\/api.w.org\/{rel}","templated":true}]}}