{"id":213456,"date":"2022-01-19T15:24:26","date_gmt":"2022-01-19T14:24:26","guid":{"rendered":"https:\/\/www.ferrovial.com\/?page_id=213456"},"modified":"2025-11-09T14:13:21","modified_gmt":"2025-11-09T13:13:21","slug":"obras-publicas","status":"publish","type":"page","link":"https:\/\/www.ferrovial.com\/es\/recursos\/obras-publicas\/","title":{"rendered":"Obras p\u00fablicas"},"content":{"rendered":"    <m-final-content-header >\n            <c-breadcrumb label-text=\"Breadcrumb\" slot=\"breadcrumbs\" type='2' align='left' wrap='wrapped wrapped' aria-label='Vienes de Recursos'>\n                        <ol>\n\n                                                            <li><a href=\"https:\/\/www.ferrovial.com\/es\/\" title=\"Ferrovial\">Ferrovial<\/a><\/li>\n                                                                        <li><a href=\"https:\/\/www.ferrovial.com\/es\/recursos\/\" title=\"Recursos\">Recursos<\/a><\/li>\n                                    \n                <\/ol>\n\n                <\/c-breadcrumb>\n    \n        <div slot=\"header\">\n            <h1>\n                Obras p\u00fablicas            <\/h1>\n                    <\/div>\n    <\/m-final-content-header>\n\n    \n\n\n<m-wysiwig class=\"wp-block-components-wysiwyg\"><div slot=\"maincontent\">\n<h2 class=\"wp-block-heading\">\u00bfQu\u00e9 se considera obra p\u00fablica?<\/h2>\n\n\n\n<p><script type=\"application\/ld+json\">\n{\n  \"@context\": \"https:\/\/schema.org\",\n  \"@type\": \"FAQPage\",\n  \"mainEntity\": [{\n    \"@type\": \"Question\",\n    \"name\": \"\u00bfQu\u00e9 se considera obra p\u00fablica?\",\n    \"acceptedAnswer\": {\n      \"@type\": \"Answer\",\n      \"text\": \"Una obra p\u00fablica es una construcci\u00f3n promovida y llevada a cabo por la administraci\u00f3n de un gobierno. Las obras p\u00fablicas pueden ir desde infraestructuras hasta edificaciones y resultan de un proceso de contrataci\u00f3n directa o por concursos de licitaciones. La financiaci\u00f3n de estos proyectos se lleva a cabo con fondos p\u00fablicos y su objetivo principal es que los habitantes de la comunidad en la que se realiza se beneficien de estas construcciones.\"\n    }\n  },{\n    \"@type\": \"Question\",\n    \"name\": \"\u00bfQu\u00e9 tipos de obras p\u00fablicas existen?\",\n    \"acceptedAnswer\": {\n      \"@type\": \"Answer\",\n      \"text\": \"<ul>\n<li>Edificios p\u00fablicos<\/li>\n<li>Infraestructuras urbanas<\/li>\n<li>Infraestructuras de transporte<\/li>\n<li>Infraestructuras hidr\u00e1ulicas<\/li>\"\n    }\n  },{\n    \"@type\": \"Question\",\n    \"name\": \"\u00bfC\u00f3mo se desarrolla un proyecto de obra p\u00fablica?\",\n    \"acceptedAnswer\": {\n      \"@type\": \"Answer\",\n      \"text\": \"<ul>\n<li>Fase de preparaci\u00f3n<\/li>\n<li>Fase de contrataci\u00f3n<\/li>\n<li>Fase de ejecuci\u00f3n<\/li>\n<\/ul>\"\n    }\n  },{\n    \"@type\": \"Question\",\n    \"name\": \"\u00bfCu\u00e1l es la diferencia entre una obra p\u00fablica y una obra civil?\",\n    \"acceptedAnswer\": {\n      \"@type\": \"Answer\",\n      \"text\": \"Si bien son t\u00e9rminos que est\u00e1n vinculados de manera muy estrecha, entre la obra p\u00fablica y obra civil hay peque\u00f1as diferencias que las caracterizan y distinguen a cada una. Una obra p\u00fablica siempre ser\u00e1 civil, ya que integra infraestructuras, servicios y edificaciones que est\u00e1n planificados y ejecutados con miras a beneficiar a los ciudadanos. \n\nNo obstante, una obra civil puede ser p\u00fablica o privada, es decir, que puede estar promovida por una empresa no gubernamental y no estar financiada por fondos p\u00fablicos.\"\n    }\n  },{\n    \"@type\": \"Question\",\n    \"name\": \"\u00bfCu\u00e1l es la relaci\u00f3n entre las obras p\u00fablicas y el medioambiente?\",\n    \"acceptedAnswer\": {\n      \"@type\": \"Answer\",\n      \"text\": \"En construcci\u00f3n, la mirada est\u00e1 puesta en la durabilidad y en el menor impacto medioambiental de las obras, desarrollando infraestructuras sostenibles que integren estructuras sociales, econ\u00f3micas y ambientales.\nDentro de los Objetivos de Desarrollo Sostenible de la ONU, se plantea la obra p\u00fablica como camino para la planificaci\u00f3n de ciudades sostenibles, en las que puedan concretarse acciones en beneficio de las comunidades.\"\n    }\n  }]\n}\n<\/script><\/p>\n\n\n\n<h2 class=\"wp-block-heading\">\u00bfQu\u00e9 tipos de obras p\u00fablicas existen?<\/h2>\n\n\n\n<p>Al ser construcciones pensadas para el uso general, las obras p\u00fablicas se clasifican en distintos tipos:<\/p>\n\n\n\n<ul class=\"wp-block-list\">\n<li><strong>Edificios p\u00fablicos:<\/strong> pueden ser sanitarios, educativos, oficinas, museos, entre otros.<\/li>\n\n\n\n<li><strong>Infraestructuras urbanas:<\/strong> calles, parques, alumbrado p\u00fablico, jardines, etc.<\/li>\n\n\n\n<li><strong>Infraestructuras de transporte: <\/strong>v\u00edas terrestres \u2014como autopistas, <a href=\"https:\/\/www.ferrovial.com\/es-es\/recursos\/carreteras\/\" target=\"_blank\" rel=\"noreferrer noopener\">carreteras<\/a>, autov\u00edas\u2014, mar\u00edtimas \u2014como puertos y canales\u2014, transporte a\u00e9reo \u2014como <a href=\"https:\/\/www.ferrovial.com\/es-es\/recursos\/aeropuertos\/\" target=\"_blank\" rel=\"noreferrer noopener\">aeropuertos<\/a>\u2014 y ferroviario \u2014como v\u00edas y estaciones de tren\u2014.<\/li>\n\n\n\n<li><strong>Infraestructuras hidr\u00e1ulicas:<\/strong> presas, redes de distribuci\u00f3n, alcantarillado, <a href=\"https:\/\/www.ferrovial.com\/es-es\/recursos\/depuracion\/\">depuradoras de agua<\/a>, etc.\u00a0<\/li>\n<\/ul>\n\n\n\n<h2 class=\"wp-block-heading\">\u00bfC\u00f3mo se desarrolla un proyecto de obra p\u00fablica?<\/h2>\n\n\n\n<ol class=\"wp-block-list\">\n<li><strong>Fase de preparaci\u00f3n.<\/strong> Todo proyecto de obra p\u00fablica nace con la <strong>identificaci\u00f3n de una necesidad <\/strong>por parte de la entidad p\u00fablica para cerrar brechas y beneficiar a la comunidad. En caso de que tenga un nivel de rentabilidad social apropiado, se considera un proyecto viable y se empieza a <strong>desarrollar el expediente t\u00e9cnico, <\/strong>un documento en el que se precisa la <strong>memoria descriptiva de la obra<\/strong>, as\u00ed como sus especificaciones t\u00e9cnicas, planos, presupuesto, valor referencial, calendario de avance, estudio de suelos, etc. <strong>Este material es utilizado por el ejecutor de obra <\/strong>al momento de planificar y desarrollar el proyecto.\u00a0<\/li>\n\n\n\n<li><strong>Fase de contrataci\u00f3n.<\/strong> El presupuesto destinado al desarrollo de obras p\u00fablicas viene promovido por el gobierno de un territorio. No siempre existen empresas p\u00fablicas constructoras para ejecutar una obra, raz\u00f3n por la que se requiere contratar una privada. Entonces, la contrataci\u00f3n puede ser:\n<ul class=\"wp-block-list\">\n<li><strong>Contrataci\u00f3n directa, <\/strong>en la que el gobierno es el encargado de seleccionar la empresa que llevar\u00e1 a cabo la obra.<\/li>\n\n\n\n<li><strong>Licitaci\u00f3n p\u00fablica, <\/strong>que responde a un m\u00e9todo de <strong>concurso p\u00fablico en el que varias empresas privadas desarrollan una propuesta<\/strong> al gobierno para ejecutar el proyecto que este necesita desarrollar. La oferta que mejor se adapte a las necesidades de la obra, en cuanto a tiempo de ejecuci\u00f3n, presupuesto y calidad, resulta ganadora en el proceso de licitaci\u00f3n.\u00a0<\/li>\n<\/ul>\n<\/li>\n\n\n\n<li><strong>Fase de ejecuci\u00f3n.<\/strong> Una vez aprobado el expediente y teniendo contratada la empresa que va a desarrollar el proyecto, se procede a la ejecuci\u00f3n de la obra en el espacio f\u00edsico elegido. En esta etapa <strong>se formaliza el contrato,<\/strong> estableci\u00e9ndose cl\u00e1usulas administrativas y t\u00e9cnicas; <strong>se abona el presupuesto a la empresa; <\/strong>y se empieza a ejecutar la obra en funci\u00f3n a los tiempos planificados, con <strong>una constante direcci\u00f3n y supervisi\u00f3n hasta la finalizaci\u00f3n del contrato.\u00a0<\/strong><\/li>\n<\/ol>\n\n\n\n<h2 class=\"wp-block-heading\">\u00bfCu\u00e1l es la diferencia entre una obra p\u00fablica y una obra civil?<\/h2>\n\n\n\n<p>Si bien son t\u00e9rminos que est\u00e1n vinculados de manera muy estrecha, entre la obra p\u00fablica y <a href=\"https:\/\/www.ferrovial.com\/es-es\/recursos\/obra-civil\/\" target=\"_blank\" rel=\"noreferrer noopener\">obra civil<\/a> hay peque\u00f1as diferencias que las caracterizan y distinguen a cada una. <strong>Una obra p\u00fablica siempre ser\u00e1 civil,<\/strong> ya que integra infraestructuras, servicios y edificaciones que <strong>est\u00e1n planificados y ejecutados con miras a beneficiar a los ciudadanos<\/strong>.&nbsp;<\/p>\n\n\n\n<p>No obstante, una obra civil puede ser p\u00fablica o privada, es decir, que puede estar promovida por una empresa no gubernamental y no estar financiada por fondos p\u00fablicos.&nbsp;<\/p>\n\n\n\n<h2 class=\"wp-block-heading\">\u00bfCu\u00e1l es la relaci\u00f3n entre las obras p\u00fablicas y el medioambiente?<\/h2>\n\n\n\n<p>En construcci\u00f3n, la mirada est\u00e1 puesta en la <strong>durabilidad<\/strong> y en el menor impacto medioambiental de las obras, desarrollando <a href=\"https:\/\/www.ferrovial.com\/es-es\/recursos\/infraestructuras\/\" target=\"_blank\" rel=\"noreferrer noopener\"><strong>infraestructuras<\/strong><\/a><strong> sostenibles que integren estructuras sociales, econ\u00f3micas y ambientales<\/strong>. Algunos ejemplos:<\/p>\n\n\n\n<ul class=\"wp-block-list\">\n<li><strong>Los Pa\u00edses Bajos, <\/strong>que dentro de la compra p\u00fablica han definido temas de energ\u00eda y clima, materiales y materia prima, calidad de vida, agua y suelo, biodiversidad, salud y bienestar para el desarrollo de sus obras de car\u00e1cter p\u00fablico.<\/li>\n\n\n\n<li><strong>Espa\u00f1a, <\/strong>que en 2021 desarroll\u00f3 el proyecto Operaci\u00f3n Asfalto en Madrid, enfocado en implementar un tratamiento descontaminante sobre el pavimento p\u00fablico, aplic\u00e1ndose mezclas asf\u00e1lticas tipo <em>Stone Mastic Asphalt (SMA<\/em>), caracterizadas por ser m\u00e1s resistentes, sostenibles y duraderas.\u00a0<\/li>\n\n\n\n<li><strong>Canad\u00e1, <\/strong>que desarroll\u00f3 un modelo de licitaci\u00f3n para la construcci\u00f3n de carreteras p\u00fablicas que eval\u00faa las ofertas en funci\u00f3n a costes del ciclo de vida completo de la carretera, estimando las emisiones de seis tipos de contaminantes y c\u00f3mo reducir su impacto.\u00a0<\/li>\n\n\n\n<li><strong>B\u00e9lgica,<\/strong> que en el a\u00f1o 2001 realiz\u00f3 un estudio analizando los costes de ciclo de vida de dos carreteras, una hecha con hormig\u00f3n y otra con asfalto, concluyendo que, aunque el precio de adquisici\u00f3n de asfalto es menor, el ciclo de vida del hormig\u00f3n es mayor, siendo la opci\u00f3n m\u00e1s ventajosa a largo plazo y us\u00e1ndolo como material para este tipo de obra p\u00fablica.\u00a0<\/li>\n<\/ul>\n<\/div><\/m-wysiwig>\n\n\n    <m-projects-distributor2 :translations='{\n        &quot;prev&quot;:&quot;Anterior&quot;,\n        &quot;next&quot;:&quot;Siguiente&quot;,\n        &quot;paginationseparator&quot;:&quot;de&quot;\n    }'>\n                        <h2 slot=\"title\">\n                Nuestros proyectos destacados                <\/h2>\n                        <a slot='button' title='Conoce nuestros proyectos ' href='https:\/\/www.ferrovial.com\/es\/cintra\/proyectos\/'>\n            Conoce nuestros proyectos         <\/a>\n\n            <\/m-projects-distributor2>\n\n    ","protected":false},"excerpt":{"rendered":"","protected":false},"featured_media":0,"parent":25267,"menu_order":0,"comment_status":"closed","ping_status":"closed","template":"","meta":{"_acf_changed":false,"footnotes":""},"class_list":["post-213456","page","type-page","status-publish","hentry"],"acf":[],"yoast_head":"<!-- This site is optimized with the Yoast SEO plugin v27.2 - https:\/\/yoast.com\/product\/yoast-seo-wordpress\/ -->\n<title>Tipos de obras p\u00fablicas: edificios, calles, alumbrado p\u00fablico... - Ferrovial<\/title>\n<meta name=\"description\" content=\"Las obras p\u00fablicas pueden ir desde infraestructuras hasta edificaciones y resultan de un proceso de contrataci\u00f3n directa o por concursos de licitaciones.\" \/>\n<meta name=\"robots\" content=\"index, follow, max-snippet:-1, max-image-preview:large, max-video-preview:-1\" \/>\n<link rel=\"canonical\" href=\"https:\/\/www.ferrovial.com\/es\/recursos\/obras-publicas\/\" \/>\n<meta property=\"og:locale\" content=\"es_ES\" \/>\n<meta property=\"og:type\" content=\"article\" \/>\n<meta property=\"og:title\" content=\"Tipos de obras p\u00fablicas: edificios, calles, alumbrado p\u00fablico... - Ferrovial\" \/>\n<meta property=\"og:description\" content=\"Las obras p\u00fablicas pueden ir desde infraestructuras hasta edificaciones y resultan de un proceso de contrataci\u00f3n directa o por concursos de licitaciones.\" \/>\n<meta property=\"og:url\" content=\"https:\/\/www.ferrovial.com\/es\/recursos\/obras-publicas\/\" \/>\n<meta property=\"og:site_name\" content=\"Ferrovial\" \/>\n<meta property=\"article:publisher\" content=\"https:\/\/www.facebook.com\/ferrovial\" \/>\n<meta property=\"article:modified_time\" content=\"2025-11-09T13:13:21+00:00\" \/>\n<meta name=\"twitter:card\" content=\"summary_large_image\" \/>\n<meta name=\"twitter:site\" content=\"@ferrovial\" \/>\n<meta name=\"twitter:label1\" content=\"Est. reading time\" \/>\n\t<meta name=\"twitter:data1\" content=\"4 minutos\" \/>\n<!-- \/ Yoast SEO plugin. -->","yoast_head_json":{"title":"Tipos de obras p\u00fablicas: edificios, calles, alumbrado p\u00fablico... - Ferrovial","description":"Las obras p\u00fablicas pueden ir desde infraestructuras hasta edificaciones y resultan de un proceso de contrataci\u00f3n directa o por concursos de licitaciones.","robots":{"index":"index","follow":"follow","max-snippet":"max-snippet:-1","max-image-preview":"max-image-preview:large","max-video-preview":"max-video-preview:-1"},"canonical":"https:\/\/www.ferrovial.com\/es\/recursos\/obras-publicas\/","og_locale":"es_ES","og_type":"article","og_title":"Tipos de obras p\u00fablicas: edificios, calles, alumbrado p\u00fablico... - Ferrovial","og_description":"Las obras p\u00fablicas pueden ir desde infraestructuras hasta edificaciones y resultan de un proceso de contrataci\u00f3n directa o por concursos de licitaciones.","og_url":"https:\/\/www.ferrovial.com\/es\/recursos\/obras-publicas\/","og_site_name":"Ferrovial","article_publisher":"https:\/\/www.facebook.com\/ferrovial","article_modified_time":"2025-11-09T13:13:21+00:00","twitter_card":"summary_large_image","twitter_site":"@ferrovial","twitter_misc":{"Est. reading time":"4 minutos"},"schema":{"@context":"https:\/\/schema.org","@graph":[{"@type":"WebPage","@id":"https:\/\/www.ferrovial.com\/es\/recursos\/obras-publicas\/","url":"https:\/\/www.ferrovial.com\/es\/recursos\/obras-publicas\/","name":"Tipos de obras p\u00fablicas: edificios, calles, alumbrado p\u00fablico... - Ferrovial","isPartOf":{"@id":"https:\/\/www.ferrovial.com\/es\/#website"},"datePublished":"2022-01-19T14:24:26+00:00","dateModified":"2025-11-09T13:13:21+00:00","description":"Las obras p\u00fablicas pueden ir desde infraestructuras hasta edificaciones y resultan de un proceso de contrataci\u00f3n directa o por concursos de licitaciones.","breadcrumb":{"@id":"https:\/\/www.ferrovial.com\/es\/recursos\/obras-publicas\/#breadcrumb"},"inLanguage":"es","potentialAction":[{"@type":"ReadAction","target":["https:\/\/www.ferrovial.com\/es\/recursos\/obras-publicas\/"]}]},{"@type":"BreadcrumbList","@id":"https:\/\/www.ferrovial.com\/es\/recursos\/obras-publicas\/#breadcrumb","itemListElement":[{"@type":"ListItem","position":1,"name":"Portada","item":"https:\/\/www.ferrovial.com\/es\/"},{"@type":"ListItem","position":2,"name":"Recursos","item":"https:\/\/www.ferrovial.com\/es\/recursos\/"},{"@type":"ListItem","position":3,"name":"Obras p\u00fablicas"}]},{"@type":"WebSite","@id":"https:\/\/www.ferrovial.com\/es\/#website","url":"https:\/\/www.ferrovial.com\/es\/","name":"Ferrovial","description":"Welcome to the Ferrovial&#039;s website, global operator of sustainable infrastructure. Here you can find all the information about the company and subsidiaries.","publisher":{"@id":"https:\/\/www.ferrovial.com\/es\/#organization"},"potentialAction":[{"@type":"SearchAction","target":{"@type":"EntryPoint","urlTemplate":"https:\/\/www.ferrovial.com\/es\/?s={search_term_string}"},"query-input":{"@type":"PropertyValueSpecification","valueRequired":true,"valueName":"search_term_string"}}],"inLanguage":"es"},{"@type":"Organization","@id":"https:\/\/www.ferrovial.com\/es\/#organization","name":"Ferrovial S.A.","url":"https:\/\/www.ferrovial.com\/es\/","logo":{"@type":"ImageObject","inLanguage":"es","@id":"https:\/\/www.ferrovial.com\/es\/#\/schema\/logo\/image\/","url":"https:\/\/static.ferrovial.com\/wp-content\/uploads\/2020\/01\/13124948\/logo-ferrovial-cf7.png","contentUrl":"https:\/\/static.ferrovial.com\/wp-content\/uploads\/2020\/01\/13124948\/logo-ferrovial-cf7.png","width":144,"height":32,"caption":"Ferrovial S.A."},"image":{"@id":"https:\/\/www.ferrovial.com\/es\/#\/schema\/logo\/image\/"},"sameAs":["https:\/\/www.facebook.com\/ferrovial","https:\/\/x.com\/ferrovial","https:\/\/www.instagram.com\/ferrovial\/","https:\/\/www.linkedin.com\/company\/ferrovial","https:\/\/www.pinterest.es\/ferrovial\/","https:\/\/www.youtube.com\/ferrovial","https:\/\/en.wikipedia.org\/wiki\/Ferrovial"]}]}},"_links":{"self":[{"href":"https:\/\/www.ferrovial.com\/es\/wp-json\/wp\/v2\/pages\/213456","targetHints":{"allow":["GET"]}}],"collection":[{"href":"https:\/\/www.ferrovial.com\/es\/wp-json\/wp\/v2\/pages"}],"about":[{"href":"https:\/\/www.ferrovial.com\/es\/wp-json\/wp\/v2\/types\/page"}],"replies":[{"embeddable":true,"href":"https:\/\/www.ferrovial.com\/es\/wp-json\/wp\/v2\/comments?post=213456"}],"version-history":[{"count":4,"href":"https:\/\/www.ferrovial.com\/es\/wp-json\/wp\/v2\/pages\/213456\/revisions"}],"predecessor-version":[{"id":317120,"href":"https:\/\/www.ferrovial.com\/es\/wp-json\/wp\/v2\/pages\/213456\/revisions\/317120"}],"up":[{"embeddable":true,"href":"https:\/\/www.ferrovial.com\/es\/wp-json\/wp\/v2\/pages\/25267"}],"wp:attachment":[{"href":"https:\/\/www.ferrovial.com\/es\/wp-json\/wp\/v2\/media?parent=213456"}],"curies":[{"name":"wp","href":"https:\/\/api.w.org\/{rel}","templated":true}]}}