{"id":213463,"date":"2022-01-19T15:28:04","date_gmt":"2022-01-19T14:28:04","guid":{"rendered":"https:\/\/www.ferrovial.com\/?page_id=213463"},"modified":"2024-01-09T15:11:34","modified_gmt":"2024-01-09T14:11:34","slug":"clasificacion-de-residuos","status":"publish","type":"page","link":"https:\/\/www.ferrovial.com\/es\/recursos\/clasificacion-de-residuos\/","title":{"rendered":"Clasificaci\u00f3n de residuos"},"content":{"rendered":"    <m-final-content-header >\n            <c-breadcrumb label-text=\"Breadcrumb\" slot=\"breadcrumbs\" type='2' align='left' wrap='wrapped wrapped' aria-label='Vienes de Recursos'>\n                        <ol>\n\n                                                            <li><a href=\"https:\/\/www.ferrovial.com\/es\/\" title=\"Ferrovial\">Ferrovial<\/a><\/li>\n                                                                        <li><a href=\"https:\/\/www.ferrovial.com\/es\/recursos\/\" title=\"Recursos\">Recursos<\/a><\/li>\n                                    \n                <\/ol>\n\n                <\/c-breadcrumb>\n    \n        <div slot=\"header\">\n            <h1>\n                Clasificaci\u00f3n de residuos            <\/h1>\n                    <\/div>\n    <\/m-final-content-header>\n\n    \n\n\n<m-wysiwig class=\"wp-block-components-wysiwyg\"><div slot=\"maincontent\">\n<h2 class=\"wp-block-heading\">\u00bfQu\u00e9 es la clasificaci\u00f3n de residuos?<\/h2>\n\n\n\n<p><script type=\"application\/ld+json\">\n{\n  \"@context\": \"https:\/\/schema.org\",\n  \"@type\": \"FAQPage\",\n  \"mainEntity\": [{\n    \"@type\": \"Question\",\n    \"name\": \"\u00bfQu\u00e9 es la clasificaci\u00f3n de residuos?\",\n    \"acceptedAnswer\": {\n      \"@type\": \"Answer\",\n      \"text\": \"Es el proceso de selecci\u00f3n y agrupaci\u00f3n de residuos s\u00f3lidos y l\u00edquidos generados en las diferentes actividades humanas. Esta clasificaci\u00f3n facilita su manejo, tratamiento y aprovechamiento.\"\n    }\n  },{\n    \"@type\": \"Question\",\n    \"name\": \"\u00bfC\u00f3mo se clasifican los residuos?\",\n    \"acceptedAnswer\": {\n      \"@type\": \"Answer\",\n      \"text\": \"<ol>\n<li>Seg\u00fan su origen: dom\u00e9sticos, municipales, industriales, comerciales, hospitalarios, construcci\u00f3n, mineros y radioactivos<\/li> \n<li>Seg\u00fan su biodegradabilidad: org\u00e1nicos e inorg\u00e1nicos<\/li>\n<li>Seg\u00fan su peligrosidad: inertes, peligrosos y no peligrosos<\/li>\n<\/ol>\"\n    }\n  },{\n    \"@type\": \"Question\",\n    \"name\": \"\u00bfCu\u00e1les son las ventajas de clasificar residuos?\",\n    \"acceptedAnswer\": {\n      \"@type\": \"Answer\",\n      \"text\": \"<ul>\n<li>Ahorro de energ\u00eda y de recursos naturales en la producci\u00f3n de nuevos materiales. <\/li>\n<li>Contribuci\u00f3n a la generaci\u00f3n de empleos.<\/li>\n<li>Reducci\u00f3n de contaminaci\u00f3n por el dep\u00f3sito y quema de residuos en vertederos, gracias a la reinserci\u00f3n de los residuos en el circuito dom\u00e9stico, industrial o comercial. <\/li>\n<li>Gesti\u00f3n adecuada de los residuos que evita la dispersi\u00f3n de sustancias peligrosas y, en consecuencia, la conservaci\u00f3n de las materias primas y los seres vivos. <\/li>\n<\/ul>\"\n    }\n  },{\n    \"@type\": \"Question\",\n    \"name\": \"\u00bfCu\u00e1l es la situaci\u00f3n de clasificaci\u00f3n de residuos a nivel mundial?\",\n    \"acceptedAnswer\": {\n      \"@type\": \"Answer\",\n      \"text\": \"<ul>\n<li>anualmente se recolectan en el mundo alrededor de 11.2000 millones de toneladas de residuos s\u00f3lidos, y su desintegraci\u00f3n contribuye al 5% de las emisiones mundiales de gases de efecto invernadero. <\/li>\n<li>En cuanto a la gesti\u00f3n de los residuos pl\u00e1sticos, solo se ha logrado reciclar un 9% de todo lo que se ha generado a lo largo de la historia a nivel mundial<\/li>\n<li>Desde el a\u00f1o 2000, el Banco Mundial ha destinado m\u00e1s de 4.700 millones de d\u00f3lares para financiar cerca de 350 programas de gesti\u00f3n y clasificaci\u00f3n de desechos s\u00f3lidos en todo el mundo.<\/li>\n<li>De acuerdo con el Instituto Nacional de Estad\u00edstica (INE), en Espa\u00f1a cerca del 48% de los residuos tratados terminan en vertederos, un 38% se recicla, 10% se reutiliza y 3% se incinera. <\/li>\n<\/ul>\"\n    }\n  }]\n}\n<\/script><p>La clasificaci\u00f3n de <a href=\"https:\/\/www.ferrovial.com\/es-es\/recursos\/residuos\/\" target=\"_blank\" rel=\"noreferrer noopener\">residuos<\/a> es el <strong>proceso de selecci\u00f3n y agrupaci\u00f3n de residuos s\u00f3lidos y l\u00edquidos<\/strong> generados en las diferentes actividades humanas.<strong> Esta clasificaci\u00f3n facilita su manejo, tratamiento y aprovechamiento.<\/strong><\/p><\/p>\n\n\n\n<p>Asimismo, se entiende por residuo a <strong>todo material que se considera desecho y que debe ser eliminado<\/strong> despu\u00e9s de haber cumplido con su misi\u00f3n, ya que se considera sin valor para ser conservado. Sin embargo, con el paso del tiempo, este t\u00e9rmino ha evolucionado, entendi\u00e9ndose ahora como <strong>una materia que puede ser reutilizada y reciclada.\u00a0<\/strong><\/p>\n\n\n\n<h2 class=\"wp-block-heading\">\u00bfC\u00f3mo se clasifican los residuos?<\/h2>\n\n\n\n<p>Existen tres criterios clave para clasificar los residuos:&nbsp;&nbsp;<\/p>\n\n\n\n<ol class=\"wp-block-list\">\n<li>Seg\u00fan su origen:\n<ul class=\"wp-block-list\">\n<li><strong>Dom\u00e9sticos:<\/strong> son aquellos que se generan en el hogar, y pueden ser org\u00e1nicos o inorg\u00e1nicos, reciclables o no reciclables.<\/li>\n\n\n\n<li><strong>Municipales:<\/strong> son aquellos que se gestionan a un nivel local, y provienen de calles, mercados, jardines, etc.<\/li>\n\n\n\n<li><strong>Industriales:<\/strong> pueden ser residuos peligrosos, sustancias qu\u00edmicas o radioactivas, dependiendo de la actividad industrial de la que provengan.&nbsp;<\/li>\n\n\n\n<li><strong>Comerciales: <\/strong>son los que surgen de cualquier comercio, como tiendas de alimentaci\u00f3n o de ropa, por ejemplo.&nbsp;<\/li>\n\n\n\n<li><strong>Hospitalarios: <\/strong>material m\u00e9dico, que tambi\u00e9n puede considerarse como residuo peligroso aumentando la dificultad de su gesti\u00f3n.&nbsp;<\/li>\n\n\n\n<li><strong>Construcci\u00f3n: <\/strong>aunque no son peligrosos, son de dif\u00edcil manejo por su gran volumen.<\/li>\n\n\n\n<li><strong>Mineros:<\/strong> residuos s\u00f3lidos, l\u00edquidos o en pasta que resultan del aprovechamiento de un recurso geol\u00f3gico.&nbsp;<\/li>\n\n\n\n<li><strong>Radiactivos:<\/strong> son aquellos que contienen elementos qu\u00edmicos.&nbsp;<\/li>\n<\/ul>\n<\/li>\n\n\n\n<li>Seg\u00fan su biodegradabilidad:\n<ul class=\"wp-block-list\">\n<li><strong>Org\u00e1nicos: <\/strong>son de origen biol\u00f3gico; provienen de materias vegetales, animales o comestibles y son biodegradables, lo que se traduce en que la propia naturaleza puede aprovecharlos en su proceso de descomposici\u00f3n.&nbsp;<\/li>\n\n\n\n<li><strong>Inorg\u00e1nicos:<\/strong> no est\u00e1n compuestos de materia biodegradable, sino que son de car\u00e1cter industrial o artificial; por ejemplo, bolsas de pl\u00e1stico, botellas, objetos met\u00e1licos, etc. Suelen tardar mucho tiempo en descomponerse.&nbsp;<\/li>\n<\/ul>\n<\/li>\n\n\n\n<li>Seg\u00fan su peligrosidad:\n<ul class=\"wp-block-list\">\n<li><strong>Inertes:<\/strong> se trata de todo residuo que al ser depositado en vertederos no sufre cambios significativos a nivel f\u00edsico, qu\u00edmico y biol\u00f3gico.&nbsp;<\/li>\n\n\n\n<li><strong>Peligrosos: <\/strong>son aquellos residuos que por sus caracter\u00edsticas suponen un riesgo tanto para el medio ambiente como para los seres vivos. Se trata, en su mayor\u00eda, de aceites, disolventes y envases que hayan servido como contenedores de sustancias peligrosas.<\/li>\n\n\n\n<li><strong>No peligrosos: <\/strong>son todos los residuos que no entran en las dos categor\u00edas anteriores, como lo son el pl\u00e1stico, el papel o el metal, siempre y cuando no hayan estado en contacto con sustancias peligrosas.&nbsp;<\/li>\n<\/ul>\n<\/li>\n<\/ol>\n\n\n\n<p>Existe una cuarta clasificaci\u00f3n que viene dada por la <strong>composici\u00f3n de los residuos y es el centro del concepto de reciclaje. <\/strong>Estos residuos se depositan en diferentes contenedores para, posteriormente, procesarlos en conjunto. Se dividen en: <strong>papel y cart\u00f3n<\/strong>;<strong> envases <\/strong>como latas, <em>briks<\/em> o botellas de pl\u00e1stico; <strong>vidrio<\/strong>; y <strong>otros residuos<\/strong> como el metal, la madera, pinturas, bater\u00edas, etc.&nbsp;<\/p>\n\n\n\n<h2 class=\"wp-block-heading\">\u00bfCu\u00e1les son las ventajas de clasificar residuos?<\/h2>\n\n\n\n<p>Con el paso del tiempo, y como consecuencia de la concienciaci\u00f3n sobre la <strong>importancia de reducir, reusar y reciclar en beneficio de la conservaci\u00f3n del medio ambiente<\/strong>, la clasificaci\u00f3n de residuos ha cobrado gran importancia a nivel ecol\u00f3gico y econ\u00f3mico. Entre las ventajas de clasificar residuos est\u00e1n:<\/p>\n\n\n\n<ul class=\"wp-block-list\">\n<li><strong>Ahorro de energ\u00eda y de recursos naturales en la producci\u00f3n de nuevos materiales<\/strong>. Un 80% de los residuos urbanos pueden ser aprovechados, por lo que con su clasificaci\u00f3n se estar\u00eda reduciendo la necesidad de extraer materia prima.<br><\/li>\n\n\n\n<li>Contribuci\u00f3n<strong> a la generaci\u00f3n de empleos.<\/strong> Seg\u00fan la ONU, como consecuencia de la clasificaci\u00f3n de residuos, el sector del reciclaje da trabajo a <strong>12 millones de personas<\/strong> solo en Estados Unidos, China y Brasil.&nbsp;<\/li>\n<\/ul>\n\n\n\n<ul class=\"wp-block-list\">\n<li><strong>Reducci\u00f3n de contaminaci\u00f3n por el dep\u00f3sito y quema de residuos en vertederos, <\/strong>gracias a la reinserci\u00f3n de los residuos en el circuito dom\u00e9stico, industrial o comercial.&nbsp;<\/li>\n<\/ul>\n\n\n\n<ul class=\"wp-block-list\">\n<li>Gesti\u00f3n adecuada de los residuos que <strong>evita la dispersi\u00f3n de sustancias peligrosas<\/strong> y, en consecuencia, la conservaci\u00f3n de las materias primas y los seres vivos.&nbsp;<\/li>\n<\/ul>\n\n\n\n<h2 class=\"wp-block-heading\">\u00bfCu\u00e1l es la situaci\u00f3n de clasificaci\u00f3n de residuos a nivel mundial?<\/h2>\n\n\n\n<ul class=\"wp-block-list\">\n<li>De acuerdo con un <a href=\"https:\/\/www.unep.org\/explore-topics\/resource-efficiency\/what-we-do\/cities\/solid-waste-management\" target=\"_blank\" rel=\"noreferrer noopener\">estudio<\/a> de la Organizaci\u00f3n de las Naciones Unidas, anualmente se recolectan en el mundo alrededor de <strong>11.2000 millones de toneladas de residuos s\u00f3lidos,<\/strong> y su desintegraci\u00f3n contribuye al <strong>5% de las emisiones mundiales <\/strong>de gases de efecto invernadero.&nbsp;<\/li>\n<\/ul>\n\n\n\n<ul class=\"wp-block-list\">\n<li>En cuanto a la gesti\u00f3n de los residuos pl\u00e1sticos, <strong>solo se ha logrado reciclar un 9% de todo lo que se ha generado <\/strong>a lo largo de la historia a nivel mundial; un 79% se ha acumulado en vertederos, basureros o en el medio ambiente, mientras que un 12% se ha quemado.&nbsp;<\/li>\n\n\n\n<li>Desde el a\u00f1o 2000, el Banco Mundial ha destinado m\u00e1s de 4.700 millones de d\u00f3lares para financiar cerca de 350 programas de gesti\u00f3n y clasificaci\u00f3n de desechos s\u00f3lidos en todo el mundo.<\/li>\n<\/ul>\n\n\n\n<ul class=\"wp-block-list\">\n<li>De acuerdo con el Instituto Nacional de Estad\u00edstica (INE), en Espa\u00f1a cerca del 48% de los residuos tratados terminan en vertederos, <strong>un 38% se recicla, 10% se reutiliza<\/strong> y 3% se incinera.&nbsp;<\/li>\n<\/ul>\n<\/div><\/m-wysiwig>\n\n\n    <m-projects-distributor2 :translations='{\n        &quot;prev&quot;:&quot;Anterior&quot;,\n        &quot;next&quot;:&quot;Siguiente&quot;,\n        &quot;paginationseparator&quot;:&quot;de&quot;\n    }'>\n                        <h2 slot=\"title\">\n                Nuestros proyectos destacados                <\/h2>\n                        <a slot='button' title='Conoce nuestros proyectos ' href='https:\/\/www.ferrovial.com\/es\/cintra\/proyectos\/'>\n            Conoce nuestros proyectos         <\/a>\n\n            <\/m-projects-distributor2>\n\n    ","protected":false},"excerpt":{"rendered":"","protected":false},"featured_media":0,"parent":25267,"menu_order":0,"comment_status":"closed","ping_status":"closed","template":"","meta":{"_acf_changed":false,"footnotes":""},"class_list":["post-213463","page","type-page","status-publish","hentry"],"acf":[],"yoast_head":"<!-- This site is optimized with the Yoast SEO plugin v27.2 - https:\/\/yoast.com\/product\/yoast-seo-wordpress\/ -->\n<title>C\u00f3mo se clasificaci\u00f3n los residuos s\u00f3lidos, reciclables... - Ferrovial<\/title>\n<meta name=\"description\" content=\"La clasificaci\u00f3n de residuos es muy importante a nivel ecol\u00f3gico y econ\u00f3mico, debido a la importancia de reducir, reusar y reciclar para conservar el medio ambiente.\" \/>\n<meta name=\"robots\" content=\"index, follow, max-snippet:-1, max-image-preview:large, max-video-preview:-1\" \/>\n<link rel=\"canonical\" href=\"https:\/\/www.ferrovial.com\/es\/recursos\/clasificacion-de-residuos\/\" \/>\n<meta property=\"og:locale\" content=\"es_ES\" \/>\n<meta property=\"og:type\" content=\"article\" \/>\n<meta property=\"og:title\" content=\"C\u00f3mo se clasificaci\u00f3n los residuos s\u00f3lidos, reciclables... - Ferrovial\" \/>\n<meta property=\"og:description\" content=\"La clasificaci\u00f3n de residuos es muy importante a nivel ecol\u00f3gico y econ\u00f3mico, debido a la importancia de reducir, reusar y reciclar para conservar el medio ambiente.\" \/>\n<meta property=\"og:url\" content=\"https:\/\/www.ferrovial.com\/es\/recursos\/clasificacion-de-residuos\/\" \/>\n<meta property=\"og:site_name\" content=\"Ferrovial\" \/>\n<meta property=\"article:publisher\" content=\"https:\/\/www.facebook.com\/ferrovial\" \/>\n<meta property=\"article:modified_time\" content=\"2024-01-09T14:11:34+00:00\" \/>\n<meta name=\"twitter:card\" content=\"summary_large_image\" \/>\n<meta name=\"twitter:site\" content=\"@ferrovial\" \/>\n<meta name=\"twitter:label1\" content=\"Est. reading time\" \/>\n\t<meta name=\"twitter:data1\" content=\"4 minutos\" \/>\n<!-- \/ Yoast SEO plugin. -->","yoast_head_json":{"title":"C\u00f3mo se clasificaci\u00f3n los residuos s\u00f3lidos, reciclables... - Ferrovial","description":"La clasificaci\u00f3n de residuos es muy importante a nivel ecol\u00f3gico y econ\u00f3mico, debido a la importancia de reducir, reusar y reciclar para conservar el medio ambiente.","robots":{"index":"index","follow":"follow","max-snippet":"max-snippet:-1","max-image-preview":"max-image-preview:large","max-video-preview":"max-video-preview:-1"},"canonical":"https:\/\/www.ferrovial.com\/es\/recursos\/clasificacion-de-residuos\/","og_locale":"es_ES","og_type":"article","og_title":"C\u00f3mo se clasificaci\u00f3n los residuos s\u00f3lidos, reciclables... - Ferrovial","og_description":"La clasificaci\u00f3n de residuos es muy importante a nivel ecol\u00f3gico y econ\u00f3mico, debido a la importancia de reducir, reusar y reciclar para conservar el medio ambiente.","og_url":"https:\/\/www.ferrovial.com\/es\/recursos\/clasificacion-de-residuos\/","og_site_name":"Ferrovial","article_publisher":"https:\/\/www.facebook.com\/ferrovial","article_modified_time":"2024-01-09T14:11:34+00:00","twitter_card":"summary_large_image","twitter_site":"@ferrovial","twitter_misc":{"Est. reading time":"4 minutos"},"schema":{"@context":"https:\/\/schema.org","@graph":[{"@type":"WebPage","@id":"https:\/\/www.ferrovial.com\/es\/recursos\/clasificacion-de-residuos\/","url":"https:\/\/www.ferrovial.com\/es\/recursos\/clasificacion-de-residuos\/","name":"C\u00f3mo se clasificaci\u00f3n los residuos s\u00f3lidos, reciclables... - Ferrovial","isPartOf":{"@id":"https:\/\/www.ferrovial.com\/es\/#website"},"datePublished":"2022-01-19T14:28:04+00:00","dateModified":"2024-01-09T14:11:34+00:00","description":"La clasificaci\u00f3n de residuos es muy importante a nivel ecol\u00f3gico y econ\u00f3mico, debido a la importancia de reducir, reusar y reciclar para conservar el medio ambiente.","breadcrumb":{"@id":"https:\/\/www.ferrovial.com\/es\/recursos\/clasificacion-de-residuos\/#breadcrumb"},"inLanguage":"es","potentialAction":[{"@type":"ReadAction","target":["https:\/\/www.ferrovial.com\/es\/recursos\/clasificacion-de-residuos\/"]}]},{"@type":"BreadcrumbList","@id":"https:\/\/www.ferrovial.com\/es\/recursos\/clasificacion-de-residuos\/#breadcrumb","itemListElement":[{"@type":"ListItem","position":1,"name":"Portada","item":"https:\/\/www.ferrovial.com\/es\/"},{"@type":"ListItem","position":2,"name":"Recursos","item":"https:\/\/www.ferrovial.com\/es\/recursos\/"},{"@type":"ListItem","position":3,"name":"Clasificaci\u00f3n de residuos"}]},{"@type":"WebSite","@id":"https:\/\/www.ferrovial.com\/es\/#website","url":"https:\/\/www.ferrovial.com\/es\/","name":"Ferrovial","description":"Welcome to the Ferrovial&#039;s website, global operator of sustainable infrastructure. Here you can find all the information about the company and subsidiaries.","publisher":{"@id":"https:\/\/www.ferrovial.com\/es\/#organization"},"potentialAction":[{"@type":"SearchAction","target":{"@type":"EntryPoint","urlTemplate":"https:\/\/www.ferrovial.com\/es\/?s={search_term_string}"},"query-input":{"@type":"PropertyValueSpecification","valueRequired":true,"valueName":"search_term_string"}}],"inLanguage":"es"},{"@type":"Organization","@id":"https:\/\/www.ferrovial.com\/es\/#organization","name":"Ferrovial S.A.","url":"https:\/\/www.ferrovial.com\/es\/","logo":{"@type":"ImageObject","inLanguage":"es","@id":"https:\/\/www.ferrovial.com\/es\/#\/schema\/logo\/image\/","url":"https:\/\/static.ferrovial.com\/wp-content\/uploads\/2020\/01\/13124948\/logo-ferrovial-cf7.png","contentUrl":"https:\/\/static.ferrovial.com\/wp-content\/uploads\/2020\/01\/13124948\/logo-ferrovial-cf7.png","width":144,"height":32,"caption":"Ferrovial S.A."},"image":{"@id":"https:\/\/www.ferrovial.com\/es\/#\/schema\/logo\/image\/"},"sameAs":["https:\/\/www.facebook.com\/ferrovial","https:\/\/x.com\/ferrovial","https:\/\/www.instagram.com\/ferrovial\/","https:\/\/www.linkedin.com\/company\/ferrovial","https:\/\/www.pinterest.es\/ferrovial\/","https:\/\/www.youtube.com\/ferrovial","https:\/\/en.wikipedia.org\/wiki\/Ferrovial"]}]}},"_links":{"self":[{"href":"https:\/\/www.ferrovial.com\/es\/wp-json\/wp\/v2\/pages\/213463","targetHints":{"allow":["GET"]}}],"collection":[{"href":"https:\/\/www.ferrovial.com\/es\/wp-json\/wp\/v2\/pages"}],"about":[{"href":"https:\/\/www.ferrovial.com\/es\/wp-json\/wp\/v2\/types\/page"}],"replies":[{"embeddable":true,"href":"https:\/\/www.ferrovial.com\/es\/wp-json\/wp\/v2\/comments?post=213463"}],"version-history":[{"count":3,"href":"https:\/\/www.ferrovial.com\/es\/wp-json\/wp\/v2\/pages\/213463\/revisions"}],"predecessor-version":[{"id":273724,"href":"https:\/\/www.ferrovial.com\/es\/wp-json\/wp\/v2\/pages\/213463\/revisions\/273724"}],"up":[{"embeddable":true,"href":"https:\/\/www.ferrovial.com\/es\/wp-json\/wp\/v2\/pages\/25267"}],"wp:attachment":[{"href":"https:\/\/www.ferrovial.com\/es\/wp-json\/wp\/v2\/media?parent=213463"}],"curies":[{"name":"wp","href":"https:\/\/api.w.org\/{rel}","templated":true}]}}