{"id":213469,"date":"2022-01-19T15:32:10","date_gmt":"2022-01-19T14:32:10","guid":{"rendered":"https:\/\/www.ferrovial.com\/?page_id=213469"},"modified":"2022-09-22T18:54:10","modified_gmt":"2022-09-22T16:54:10","slug":"fosa-septica","status":"publish","type":"page","link":"https:\/\/www.ferrovial.com\/es\/recursos\/fosa-septica\/","title":{"rendered":"Fosa s\u00e9ptica"},"content":{"rendered":"    <m-final-content-header >\n            <c-breadcrumb label-text=\"Breadcrumb\" slot=\"breadcrumbs\" type='2' align='left' wrap='wrapped wrapped' aria-label='Vienes de Recursos'>\n                        <ol>\n\n                                                            <li><a href=\"https:\/\/www.ferrovial.com\/es\/\" title=\"Ferrovial\">Ferrovial<\/a><\/li>\n                                                                        <li><a href=\"https:\/\/www.ferrovial.com\/es\/recursos\/\" title=\"Recursos\">Recursos<\/a><\/li>\n                                    \n                <\/ol>\n\n                <\/c-breadcrumb>\n    \n        <div slot=\"header\">\n            <h1>\n                Fosa s\u00e9ptica            <\/h1>\n                    <\/div>\n    <\/m-final-content-header>\n\n    \n\n\n<m-wysiwig class=\"wp-block-components-wysiwyg\"><div slot=\"maincontent\">\n<h2 class=\"wp-block-heading\">\u00bfQu\u00e9 es una fosa s\u00e9ptica?<\/h2>\n\n\n\n<p><script type=\"application\/ld+json\">\n{\n  \"@context\": \"https:\/\/schema.org\",\n  \"@type\": \"FAQPage\",\n  \"mainEntity\": [{\n    \"@type\": \"Question\",\n    \"name\": \"\u00bfQu\u00e9 es una fosa s\u00e9ptica?\",\n    \"acceptedAnswer\": {\n      \"@type\": \"Answer\",\n      \"text\": \"Las fosas s\u00e9pticas son sistemas seguros de almacenaje y posterior eliminaci\u00f3n de residuos fecales. A trav\u00e9s de un proceso sencillo de decantaci\u00f3n y sedimentaci\u00f3n, se logran eliminar los s\u00f3lidos presentes en las aguas residuales, evitando as\u00ed que contaminen los suelos o fuentes de agua dulce.\"\n    }\n  },{\n    \"@type\": \"Question\",\n    \"name\": \"\u00bfC\u00f3mo funciona una fosa s\u00e9ptica?\",\n    \"acceptedAnswer\": {\n      \"@type\": \"Answer\",\n      \"text\": \"Para crear una fosa s\u00e9ptica se debe excavar un peque\u00f1o pozo y construir dentro de \u00e9l un tanque hacia el cual puedan drenar las aguas residuales que se generan en una casa, grupo de viviendas, ba\u00f1os p\u00fablicos, escuela rural o cualquier otra edificaci\u00f3n que est\u00e9 muy alejada de un sistema de alcantarillas. Existen fosas s\u00e9pticas de una y de dos c\u00e1maras\"\n    }\n  },{\n    \"@type\": \"Question\",\n    \"name\": \"\u00bfC\u00f3mo optimizar el funcionamiento de una fosa s\u00e9ptica?\",\n    \"acceptedAnswer\": {\n      \"@type\": \"Answer\",\n      \"text\": \"<ul>\n<li>Aspirar peri\u00f3dicamente los residuos acumulados.<\/li>\n<li>Garantizar una profundidad m\u00ednima de un metro para asegurar que se separen adecuadamente cieno y espumas.<\/li>\n<li>Evitar la entrada de agua de lluvia, ya que el exceso de agua puede tener un efecto negativo sobre las bacterias activas (microorganismos) dentro de la fosa.\n<\/li>\n<li>Colocar un punto de ventilaci\u00f3n para que se escapen los gases que son producto de la actividad bacteriana. \n<\/li>\n<\/ul>\"\n    }\n  },{\n    \"@type\": \"Question\",\n    \"name\": \"\u00bfCu\u00e1les son las principales ventajas y desventajas de una fosa s\u00e9ptica?\",\n    \"acceptedAnswer\": {\n      \"@type\": \"Answer\",\n      \"text\": \"Ventajas:\n<ul>\n<li>Es un pretratamiento eficaz antes de la fase de depuraci\u00f3n del agua. \n<\/li>\n<li>Es de bajo costo. \n<\/li>\n<li>No produce malos olores.\n<\/li>\n<li>Evita la aparici\u00f3n de plagas, como moscas y mosquitos.\n<\/li>\n<li>Tiene una vida \u00fatil de 10 a 20 a\u00f1os.\n<\/li>\n<\/ul>\nDesventajas:\n<ul>\n<li>Utiliza una gran cantidad de agua (por lo menos unos treinta litros de agua por persona al d\u00eda) para evacuar los residuos de los sanitarios.\n<\/li>\n<li>Las aguas que salen de la fosa s\u00e9ptica no han sido depuradas, por lo tanto, es necesario conectarla a otro sistema de tratamiento (un pozo de absorci\u00f3n o incluso una zanja de infiltraci\u00f3n en el suelo).\n<\/li>\n<li>La construcci\u00f3n y el mantenimiento requieren una mano de obra especializada.\n<\/li>\n<li>Si no son tratados de la forma adecuada, los residuos de una fosa pueden generar problemas sanitarios.\n<\/li>\n<\/ul>\"\n    }\n  },{\n    \"@type\": \"Question\",\n    \"name\": \"\u00bfCu\u00e1l es el futuro de las fosas s\u00e9pticas?\",\n    \"acceptedAnswer\": {\n      \"@type\": \"Answer\",\n      \"text\": \"La Fundaci\u00f3n Acci\u00f3n contra el Hambre relat\u00f3 su experiencia luchando contra el \u00e9bola en \u00c1frica y resalt\u00f3  la importancia de poder contar con sistemas de tratamiento de aguas residuales que sean econ\u00f3micos y de r\u00e1pida instalaci\u00f3n para poder luchar contra las pandemias en el futuro. Por lo visto, en el futuro las fosas s\u00e9pticas seguir\u00e1n siendo una opci\u00f3n viable para continuar mejorando los sistemas de tratamiento de aguas residuales a nivel global.\"\n    }\n  }]\n}\n<\/script><p>Las fosas s\u00e9pticas son sistemas seguros de almacenaje y posterior eliminaci\u00f3n de residuos fecales. A trav\u00e9s de un proceso sencillo de decantaci\u00f3n y sedimentaci\u00f3n, se logran eliminar los s\u00f3lidos presentes en las aguas residuales, evitando as\u00ed que contaminen los suelos o fuentes de agua dulce.<\/p><\/p>\n\n\n\n<p>Las fosas s\u00e9pticas son muy habituales en zonas rurales y que carecen de una red municipal de alcantarillado. Para su construcci\u00f3n puede utilizarse: concreto u hormig\u00f3n, fibra de vidrio, pl\u00e1stico o polietileno de alta densidad, o acero. Actualmente tambi\u00e9n existen fosas prefabricadas, que pueden ser empleadas como soluci\u00f3n temporal.<\/p>\n\n\n\n<h2 class=\"wp-block-heading\">\u00bfC\u00f3mo funciona una fosa s\u00e9ptica?<\/h2>\n\n\n\n<p>Para crear una fosa s\u00e9ptica se debe excavar un peque\u00f1o pozo y construir dentro de \u00e9l un tanque hacia el cual puedan drenar las aguas residuales que se generan en una casa, grupo de viviendas, ba\u00f1os p\u00fablicos, escuela rural o cualquier otra edificaci\u00f3n que est\u00e9 muy alejada de un sistema de alcantarillas. Existen fosas s\u00e9pticas de una y de dos c\u00e1maras, y cada una funciona de manera distinta.<\/p>\n\n\n\n<p><strong>Fosas s\u00e9pticas de una sola c\u00e1mara:&nbsp;<\/strong><\/p>\n\n\n\n<p>Las aguas residuales grises (provenientes de cocinas, ba\u00f1os o lavaderos) y las negras (provenientes de letrinas o ba\u00f1os) entran por una tuber\u00eda hasta la fosa, en donde se decantan y sedimentan: flotan a la superficie o se hunden hasta el fondo, formando lodos y sedimentos. Los sedimentos atrapados en la c\u00e1mara son <em>digeridos<\/em> y reducidos mediante fermentaci\u00f3n anaerobia, lo que provoca la formaci\u00f3n de gases, como el di\u00f3xido de carbono (CO2) y el amonio (NH4).<\/p>\n\n\n\n<p><strong>Fosa s\u00e9ptica de dos c\u00e1maras:&nbsp;<\/strong><\/p>\n\n\n\n<p>Durante el proceso de decantamiento y sedimentaci\u00f3n en la primera c\u00e1mara, los efluentes decantados pasan a una segunda c\u00e1mara. Aunque estas aguas no est\u00e1n del todo depuradas, ya que a\u00fan le quedan g\u00e9rmenes bacterianos, han pasado por un proceso de pretratamiento que permite eliminar un estimado de 30% de la contaminaci\u00f3n carb\u00f3nica. Gracias a esto, y bajo ciertas condiciones espec\u00edficas, es posible evacuar el agua de la segunda c\u00e1mara hacia drenes de cer\u00e1mica, pozos negros, campos de riego, lechos de arena o hacia mini estaciones de depuraci\u00f3n que emplean filtros bacterianos. Sin embargo, en muchos pa\u00edses esto se proh\u00edbe para evitar contaminaci\u00f3n, malos olores y otras complicaciones.&nbsp;<\/p>\n\n\n\n<h2 class=\"wp-block-heading\">\u00bfC\u00f3mo optimizar el funcionamiento de una fosa s\u00e9ptica?<\/h2>\n\n\n\n<ul class=\"wp-block-list\"><li>Aspirar peri\u00f3dicamente los residuos acumulados. Solo la mitad de los s\u00f3lidos se descomponen y desaparecen, por esta raz\u00f3n es importante calcular el tama\u00f1o correcto para la fosa s\u00e9ptica seg\u00fan la cantidad de personas que la utilizan, la cantidad de l\u00edquido que se procesa diariamente, el nivel de contaminaci\u00f3n de las aguas, y otros factores.&nbsp;<\/li><\/ul>\n\n\n\n<ul class=\"wp-block-list\"><li>Garantizar una profundidad m\u00ednima de un metro para asegurar que se separen adecuadamente cieno y espumas. Tambi\u00e9n se le deben sumar de 20 a 50 cent\u00edmetros de zona libre superior.<\/li><\/ul>\n\n\n\n<ul class=\"wp-block-list\"><li>Evitar la entrada de agua de lluvia, ya que el exceso de agua puede tener un efecto negativo sobre las bacterias activas (microorganismos) dentro de la fosa.<\/li><\/ul>\n\n\n\n<ul class=\"wp-block-list\"><li>Colocar un punto de ventilaci\u00f3n para que se escapen los gases que son producto de la actividad bacteriana.&nbsp;<\/li><\/ul>\n\n\n\n<h2 class=\"wp-block-heading\">\u00bfCu\u00e1les son las principales ventajas y desventajas de una fosa s\u00e9ptica?<\/h2>\n\n\n\n<p><strong>Ventajas:<\/strong><\/p>\n\n\n\n<ul class=\"wp-block-list\"><li>Es un pretratamiento eficaz antes de la fase de depuraci\u00f3n del agua.&nbsp;<\/li><li>Es de bajo costo.&nbsp;<\/li><li>No produce malos olores.<\/li><li>Evita la aparici\u00f3n de plagas, como moscas y mosquitos.<\/li><li>Tiene una vida \u00fatil de 10 a 20 a\u00f1os.<\/li><\/ul>\n\n\n\n<p><strong>Desventajas:<\/strong><\/p>\n\n\n\n<ul class=\"wp-block-list\"><li>Utiliza una gran cantidad de agua (por lo menos unos treinta litros de agua por persona al d\u00eda) para evacuar los residuos de los sanitarios.<\/li><li>Las aguas que salen de la fosa s\u00e9ptica no han sido depuradas, por lo tanto, es necesario conectarla a otro sistema de tratamiento (un pozo de absorci\u00f3n o incluso una zanja de infiltraci\u00f3n en el suelo).<\/li><li>La construcci\u00f3n y el mantenimiento requieren una mano de obra especializada.<\/li><li>Si no son tratados de la forma adecuada, los residuos de una fosa pueden generar problemas sanitarios.<\/li><\/ul>\n\n\n\n<h2 class=\"wp-block-heading\">\u00bfCu\u00e1l es el futuro de las fosas s\u00e9pticas?<\/h2>\n\n\n\n<p>Aunque cada vez m\u00e1s hogares est\u00e1n conectados a un sistema de alcantarillado, las fosas s\u00e9pticas siguen siendo una soluci\u00f3n pr\u00e1ctica en pa\u00edses en donde el agua es un recurso natural limitado o en lugares en donde a\u00fan no ha sido posible instalar sistemas de alcantarillas.<\/p>\n\n\n\n<p>La Fundaci\u00f3n Acci\u00f3n contra el Hambre relat\u00f3 su experiencia <a href=\"https:\/\/www.ferrovial.com\/blog\/en\/2015\/09\/water-and-sewerage-to-defeat-ebola\/\" target=\"_blank\" rel=\"noreferrer noopener\">luchando contra el \u00e9bola en \u00c1frica<\/a> y resalt\u00f3 <a href=\"https:\/\/www.ferrovial.com\/es-es\/recursos\/tratamiento-aguas\/\" target=\"_blank\" rel=\"noreferrer noopener\">&nbsp;la importancia de poder contar con sistemas de tratamiento de aguas residuales<\/a> que sean econ\u00f3micos y de r\u00e1pida instalaci\u00f3n para poder luchar contra las pandemias en el futuro. Por lo visto, en el futuro las fosas s\u00e9pticas seguir\u00e1n siendo una opci\u00f3n viable para continuar mejorando los sistemas de tratamiento de aguas residuales a nivel global.&nbsp;<\/p>\n<\/div><\/m-wysiwig>\n\n\n    <m-projects-distributor2 :translations='{\n        &quot;prev&quot;:&quot;Anterior&quot;,\n        &quot;next&quot;:&quot;Siguiente&quot;,\n        &quot;paginationseparator&quot;:&quot;de&quot;\n    }'>\n                        <h2 slot=\"title\">\n                Nuestros proyectos destacados                <\/h2>\n                        <a slot='button' title='Conoce nuestros proyectos ' href='https:\/\/www.ferrovial.com\/es\/cintra\/proyectos\/'>\n            Conoce nuestros proyectos         <\/a>\n\n            <\/m-projects-distributor2>\n\n    ","protected":false},"excerpt":{"rendered":"","protected":false},"featured_media":0,"parent":25267,"menu_order":0,"comment_status":"closed","ping_status":"closed","template":"","meta":{"_acf_changed":false,"footnotes":""},"class_list":["post-213469","page","type-page","status-publish","hentry"],"acf":[],"yoast_head":"<!-- This site is optimized with the Yoast SEO plugin v27.2 - https:\/\/yoast.com\/product\/yoast-seo-wordpress\/ -->\n<title>Fosa s\u00e9ptica: qu\u00e9 es, c\u00f3mo funciona, ventajas... - Ferrovial<\/title>\n<meta name=\"description\" content=\"Las fosas s\u00e9pticas son sistemas seguros de almacenaje y eliminaci\u00f3n de residuos fecales. Habituales en zonas rurales o que carecen de una red municipal de alcantarillado.\" \/>\n<meta name=\"robots\" content=\"index, follow, max-snippet:-1, max-image-preview:large, max-video-preview:-1\" \/>\n<link rel=\"canonical\" href=\"https:\/\/www.ferrovial.com\/es\/recursos\/fosa-septica\/\" \/>\n<meta property=\"og:locale\" content=\"es_ES\" \/>\n<meta property=\"og:type\" content=\"article\" \/>\n<meta property=\"og:title\" content=\"Fosa s\u00e9ptica: qu\u00e9 es, c\u00f3mo funciona, ventajas... - Ferrovial\" \/>\n<meta property=\"og:description\" content=\"Las fosas s\u00e9pticas son sistemas seguros de almacenaje y eliminaci\u00f3n de residuos fecales. Habituales en zonas rurales o que carecen de una red municipal de alcantarillado.\" \/>\n<meta property=\"og:url\" content=\"https:\/\/www.ferrovial.com\/es\/recursos\/fosa-septica\/\" \/>\n<meta property=\"og:site_name\" content=\"Ferrovial\" \/>\n<meta property=\"article:publisher\" content=\"https:\/\/www.facebook.com\/ferrovial\" \/>\n<meta property=\"article:modified_time\" content=\"2022-09-22T16:54:10+00:00\" \/>\n<meta name=\"twitter:card\" content=\"summary_large_image\" \/>\n<meta name=\"twitter:site\" content=\"@ferrovial\" \/>\n<meta name=\"twitter:label1\" content=\"Est. reading time\" \/>\n\t<meta name=\"twitter:data1\" content=\"6 minutos\" \/>\n<!-- \/ Yoast SEO plugin. -->","yoast_head_json":{"title":"Fosa s\u00e9ptica: qu\u00e9 es, c\u00f3mo funciona, ventajas... - Ferrovial","description":"Las fosas s\u00e9pticas son sistemas seguros de almacenaje y eliminaci\u00f3n de residuos fecales. Habituales en zonas rurales o que carecen de una red municipal de alcantarillado.","robots":{"index":"index","follow":"follow","max-snippet":"max-snippet:-1","max-image-preview":"max-image-preview:large","max-video-preview":"max-video-preview:-1"},"canonical":"https:\/\/www.ferrovial.com\/es\/recursos\/fosa-septica\/","og_locale":"es_ES","og_type":"article","og_title":"Fosa s\u00e9ptica: qu\u00e9 es, c\u00f3mo funciona, ventajas... - Ferrovial","og_description":"Las fosas s\u00e9pticas son sistemas seguros de almacenaje y eliminaci\u00f3n de residuos fecales. Habituales en zonas rurales o que carecen de una red municipal de alcantarillado.","og_url":"https:\/\/www.ferrovial.com\/es\/recursos\/fosa-septica\/","og_site_name":"Ferrovial","article_publisher":"https:\/\/www.facebook.com\/ferrovial","article_modified_time":"2022-09-22T16:54:10+00:00","twitter_card":"summary_large_image","twitter_site":"@ferrovial","twitter_misc":{"Est. reading time":"6 minutos"},"schema":{"@context":"https:\/\/schema.org","@graph":[{"@type":"WebPage","@id":"https:\/\/www.ferrovial.com\/es\/recursos\/fosa-septica\/","url":"https:\/\/www.ferrovial.com\/es\/recursos\/fosa-septica\/","name":"Fosa s\u00e9ptica: qu\u00e9 es, c\u00f3mo funciona, ventajas... - Ferrovial","isPartOf":{"@id":"https:\/\/www.ferrovial.com\/es\/#website"},"datePublished":"2022-01-19T14:32:10+00:00","dateModified":"2022-09-22T16:54:10+00:00","description":"Las fosas s\u00e9pticas son sistemas seguros de almacenaje y eliminaci\u00f3n de residuos fecales. Habituales en zonas rurales o que carecen de una red municipal de alcantarillado.","breadcrumb":{"@id":"https:\/\/www.ferrovial.com\/es\/recursos\/fosa-septica\/#breadcrumb"},"inLanguage":"es","potentialAction":[{"@type":"ReadAction","target":["https:\/\/www.ferrovial.com\/es\/recursos\/fosa-septica\/"]}]},{"@type":"BreadcrumbList","@id":"https:\/\/www.ferrovial.com\/es\/recursos\/fosa-septica\/#breadcrumb","itemListElement":[{"@type":"ListItem","position":1,"name":"Portada","item":"https:\/\/www.ferrovial.com\/es\/"},{"@type":"ListItem","position":2,"name":"Recursos","item":"https:\/\/www.ferrovial.com\/es\/recursos\/"},{"@type":"ListItem","position":3,"name":"Fosa s\u00e9ptica"}]},{"@type":"WebSite","@id":"https:\/\/www.ferrovial.com\/es\/#website","url":"https:\/\/www.ferrovial.com\/es\/","name":"Ferrovial","description":"Welcome to the Ferrovial&#039;s website, global operator of sustainable infrastructure. Here you can find all the information about the company and subsidiaries.","publisher":{"@id":"https:\/\/www.ferrovial.com\/es\/#organization"},"potentialAction":[{"@type":"SearchAction","target":{"@type":"EntryPoint","urlTemplate":"https:\/\/www.ferrovial.com\/es\/?s={search_term_string}"},"query-input":{"@type":"PropertyValueSpecification","valueRequired":true,"valueName":"search_term_string"}}],"inLanguage":"es"},{"@type":"Organization","@id":"https:\/\/www.ferrovial.com\/es\/#organization","name":"Ferrovial S.A.","url":"https:\/\/www.ferrovial.com\/es\/","logo":{"@type":"ImageObject","inLanguage":"es","@id":"https:\/\/www.ferrovial.com\/es\/#\/schema\/logo\/image\/","url":"https:\/\/static.ferrovial.com\/wp-content\/uploads\/2020\/01\/13124948\/logo-ferrovial-cf7.png","contentUrl":"https:\/\/static.ferrovial.com\/wp-content\/uploads\/2020\/01\/13124948\/logo-ferrovial-cf7.png","width":144,"height":32,"caption":"Ferrovial S.A."},"image":{"@id":"https:\/\/www.ferrovial.com\/es\/#\/schema\/logo\/image\/"},"sameAs":["https:\/\/www.facebook.com\/ferrovial","https:\/\/x.com\/ferrovial","https:\/\/www.instagram.com\/ferrovial\/","https:\/\/www.linkedin.com\/company\/ferrovial","https:\/\/www.pinterest.es\/ferrovial\/","https:\/\/www.youtube.com\/ferrovial","https:\/\/en.wikipedia.org\/wiki\/Ferrovial"]}]}},"_links":{"self":[{"href":"https:\/\/www.ferrovial.com\/es\/wp-json\/wp\/v2\/pages\/213469","targetHints":{"allow":["GET"]}}],"collection":[{"href":"https:\/\/www.ferrovial.com\/es\/wp-json\/wp\/v2\/pages"}],"about":[{"href":"https:\/\/www.ferrovial.com\/es\/wp-json\/wp\/v2\/types\/page"}],"replies":[{"embeddable":true,"href":"https:\/\/www.ferrovial.com\/es\/wp-json\/wp\/v2\/comments?post=213469"}],"version-history":[{"count":3,"href":"https:\/\/www.ferrovial.com\/es\/wp-json\/wp\/v2\/pages\/213469\/revisions"}],"predecessor-version":[{"id":239573,"href":"https:\/\/www.ferrovial.com\/es\/wp-json\/wp\/v2\/pages\/213469\/revisions\/239573"}],"up":[{"embeddable":true,"href":"https:\/\/www.ferrovial.com\/es\/wp-json\/wp\/v2\/pages\/25267"}],"wp:attachment":[{"href":"https:\/\/www.ferrovial.com\/es\/wp-json\/wp\/v2\/media?parent=213469"}],"curies":[{"name":"wp","href":"https:\/\/api.w.org\/{rel}","templated":true}]}}