{"id":213476,"date":"2022-01-19T15:36:06","date_gmt":"2022-01-19T14:36:06","guid":{"rendered":"https:\/\/www.ferrovial.com\/?page_id=213476"},"modified":"2022-09-22T17:50:48","modified_gmt":"2022-09-22T15:50:48","slug":"materiales-conductores","status":"publish","type":"page","link":"https:\/\/www.ferrovial.com\/es\/recursos\/materiales-conductores\/","title":{"rendered":"Materiales conductores"},"content":{"rendered":"    <m-final-content-header >\n            <c-breadcrumb label-text=\"Breadcrumb\" slot=\"breadcrumbs\" type='2' align='left' wrap='wrapped wrapped' aria-label='Vienes de Recursos'>\n                        <ol>\n\n                                                            <li><a href=\"https:\/\/www.ferrovial.com\/es\/\" title=\"Ferrovial\">Ferrovial<\/a><\/li>\n                                                                        <li><a href=\"https:\/\/www.ferrovial.com\/es\/recursos\/\" title=\"Recursos\">Recursos<\/a><\/li>\n                                    \n                <\/ol>\n\n                <\/c-breadcrumb>\n    \n        <div slot=\"header\">\n            <h1>\n                Materiales conductores            <\/h1>\n                    <\/div>\n    <\/m-final-content-header>\n\n    \n\n\n<m-wysiwig class=\"wp-block-components-wysiwyg\"><div slot=\"maincontent\">\n<h2 class=\"wp-block-heading\">\u00bfQu\u00e9 son los materiales conductores?<\/h2>\n\n\n\n<p><script type=\"application\/ld+json\">\n{\n  \"@context\": \"https:\/\/schema.org\",\n  \"@type\": \"FAQPage\",\n  \"mainEntity\": [{\n    \"@type\": \"Question\",\n    \"name\": \"\u00bfQu\u00e9 son los materiales conductores?\",\n    \"acceptedAnswer\": {\n      \"@type\": \"Answer\",\n      \"text\": \"Los materiales conductores son aquellos que, en mayor o menor medida, son capaces de conducir electricidad. Este tipo de materiales permiten el desplazamiento libre y fluido de electrones de un punto a otro si se conectan a un punto de tensi\u00f3n.\"\n    }\n  },{\n    \"@type\": \"Question\",\n    \"name\": \"\u00bfQu\u00e9 caracter\u00edsticas tienen los materiales conductores?\",\n    \"acceptedAnswer\": {\n      \"@type\": \"Answer\",\n      \"text\": \"<ul>\n<li>No ofrecen resistencia al paso de la corriente el\u00e9ctrica a trav\u00e9s de ellos, garantizando su libre circulaci\u00f3n.<\/li>\n<li>Permiten el libre flujo de electrones entre part\u00edculas, lo que facilita la conducci\u00f3n de electricidad. <\/li>\n<li>Cuentan con un gran n\u00famero de electrones libres que se mueven a trav\u00e9s del material, facilitando la transmisi\u00f3n de la carga de un objeto a otro.<\/li>\n<li>Tienen una estructura at\u00f3mica que permite el paso de la electricidad, sin necesidad de requerir una gran cantidad de energ\u00eda para el paso de electrones entre un \u00e1tomo y otro.\n<\/li>\n<li>Son altamente maleables; es decir, pueden manipularse sin llegar a romperse.\n<\/li>\n<li>Cuentan con una alta resistencia al desgaste, pudiendo estar expuestos a condiciones extremas, como altas temperaturas, sin verse afectados.<\/li>\n<li>Poseen una capa aislante para que la corriente el\u00e9ctrica no entre en contacto con la superficie en la que es empleada a nivel dom\u00e9stico o industrial. \n<\/li>\n<\/ul>\"\n    }\n  },{\n    \"@type\": \"Question\",\n    \"name\": \"\u00bfCu\u00e1les son los tipos de materiales conductores?\",\n    \"acceptedAnswer\": {\n      \"@type\": \"Answer\",\n      \"text\": \"Los materiales conductores se clasifican en funci\u00f3n a c\u00f3mo se realiza la conducci\u00f3n de electricidad\n\n<ul>\n<li>Conductores met\u00e1licos<\/li>\n<li>Conductores gaseosos<\/li>\n<li>Conductores electrol\u00edticos<\/li>\n<\/ul>\"\n    }\n  },{\n    \"@type\": \"Question\",\n    \"name\": \"\u00bfEn qu\u00e9 se diferencian los materiales conductores de los semiconductores y aislantes?\",\n    \"acceptedAnswer\": {\n      \"@type\": \"Answer\",\n      \"text\": \"los materiales aislantes impiden el paso de cargas el\u00e9ctricas, y los semiconductores pueden permitir e impedir la conducci\u00f3n de energ\u00eda el\u00e9ctrica. Adem\u00e1s, los materiales aislantes protegen las corrientes el\u00e9ctricas del contacto con otras fuentes y corrientes; los materiales semiconductores, por su parte, conducen electricidad en condiciones espec\u00edficas y en un solo sentido mientras que lo impiden en el sentido contrario.\"\n    }\n  },{\n    \"@type\": \"Question\",\n    \"name\": \"Ejemplos de materiales conductores\",\n    \"acceptedAnswer\": {\n      \"@type\": \"Answer\",\n      \"text\": \"<ul>\n<li>Plata<\/li>\n<li>Cobre endurecido<\/li>\n<li>Oro<\/li>\n<li>Acero y aluminio<\/li>\n<li>Bronce<\/li>\n<li>Hidr\u00f3geno<\/li>\n<li>Mercurio<\/li>\n<li>Soluciones salinas <\/li>\n<li>Grafito<\/li>\n<\/ul>\"\n    }\n  }]\n}\n<\/script><p>Los materiales conductores son aquellos que, en mayor o menor medida, <strong>son capaces de conducir electricidad. <\/strong>Este tipo de materiales permiten el <strong>desplazamiento libre y fluido de electrones<\/strong> de un punto a otro si se conectan a un punto de tensi\u00f3n. Los metales como el <strong>cobre, hierro, oro, aluminio y plata<\/strong> son los mejores materiales conductores de electricidad.&nbsp;<\/p><\/p>\n\n\n\n<p>La conductividad el\u00e9ctrica de los materiales <strong>se mide a trav\u00e9s de los electrodos <\/strong>en <strong>una soluci\u00f3n acuosa y estandarizada<\/strong> a una determinada temperatura. El resultado de la medici\u00f3n es el contenido i\u00f3nico del material, lo que <strong>permite conocer cu\u00e1l es su capacidad de conducci\u00f3n el\u00e9ctrica.<\/strong>&nbsp;<\/p>\n\n\n\n<h2 class=\"wp-block-heading\">\u00bfQu\u00e9 caracter\u00edsticas tienen los materiales conductores?<\/h2>\n\n\n\n<ul class=\"wp-block-list\"><li><strong>No ofrecen resistencia al paso de la corriente el\u00e9ctrica<\/strong> a trav\u00e9s de ellos, garantizando su libre circulaci\u00f3n.<\/li><li><strong>Permiten el libre flujo de electrones entre part\u00edculas<\/strong>, lo que facilita la conducci\u00f3n de electricidad. El cobre se usa como referencia para medir y comparar el grado de conducci\u00f3n de otros materiales.&nbsp;<\/li><li>Cuentan con un gran n\u00famero de electrones libres que se mueven a trav\u00e9s del material, <strong>facilitando la transmisi\u00f3n de la carga de un objeto a otro.<\/strong><\/li><li><strong>Tienen una estructura at\u00f3mica que permite el paso de la electricidad, <\/strong>sin necesidad de requerir una gran cantidad de energ\u00eda para el paso de electrones entre un \u00e1tomo y otro.<\/li><li><strong>Son altamente maleables<\/strong>; es decir, pueden manipularse sin llegar a romperse.<\/li><li>Cuentan con una <strong>alta resistencia al desgaste,<\/strong> pudiendo estar expuestos a condiciones extremas, como altas temperaturas, sin verse afectados.<\/li><li>Poseen una <strong>capa aislante <\/strong>para que la corriente el\u00e9ctrica no entre en contacto con la superficie en la que es empleada a nivel dom\u00e9stico o industrial.&nbsp;<\/li><\/ul>\n\n\n\n<h2 class=\"wp-block-heading\">\u00bfCu\u00e1les son los tipos de materiales conductores?<\/h2>\n\n\n\n<p>Los materiales conductores se clasifican en funci\u00f3n a c\u00f3mo se realiza la conducci\u00f3n de electricidad<\/p>\n\n\n\n<ol class=\"wp-block-list\"><li><strong>Conductores met\u00e1licos: <\/strong>los electrones libres portan la carga, por lo que la conducci\u00f3n es electr\u00f3nica. Tanto los metales como las aleaciones (la fusi\u00f3n entre uno o m\u00e1s metales) pertenecen a esta clasificaci\u00f3n.<\/li><li><strong>Conductores gaseosos: <\/strong>se presentan en estado gaseoso y pasan por un proceso de ionizaci\u00f3n de p\u00e9rdida o ganancia de electrones, que les da la capacidad de conducir electricidad.<\/li><li><strong>Conductores electrol\u00edticos: <\/strong>la conducci\u00f3n el\u00e9ctrica de estos materiales ocurre mediante una reacci\u00f3n qu\u00edmica que divide en polos positivos y negativos una sustancia portadora de cargas. Con este tipo de materiales, el paso de la corriente el\u00e9ctrica se da al mismo tiempo que el desplazamiento de materia.<\/li><\/ol>\n\n\n\n<h2 class=\"wp-block-heading\">\u00bfEn qu\u00e9 se diferencian los materiales conductores de los semiconductores y aislantes?<\/h2>\n\n\n\n<p>A diferencia de los materiales conductores, <strong>los materiales aislantes impiden el paso de cargas el\u00e9ctricas, y los semiconductores pueden permitir e impedir la conducci\u00f3n<\/strong> de energ\u00eda el\u00e9ctrica. Adem\u00e1s, <strong>los materiales aislantes protegen las corrientes el\u00e9ctricas del contacto con otras fuentes y corrientes<\/strong>; los materiales semiconductores, por su parte, <strong>conducen electricidad en condiciones espec\u00edficas y en un solo sentido <\/strong>mientras que lo impiden en el sentido contrario.<strong>&nbsp;<\/strong><\/p>\n\n\n\n<p>Los materiales aislantes pueden ser: goma, madera, pl\u00e1stico y cer\u00e1mica; y los semiconductores: silicio, germanio o azufre.&nbsp;<\/p>\n\n\n\n<h2 class=\"wp-block-heading\">Ejemplos de materiales conductores<\/h2>\n\n\n\n<ul class=\"wp-block-list\"><li><strong>Plata: <\/strong>considerado como el mejor conductor de electricidad, aunque por su alto costo suele utilizarse en casos espec\u00edficos.<\/li><li><strong>Cobre endurecido: <\/strong>es el material conductor por excelencia. Aunque no posee la misma conductividad que la plata, su bajo costo hace que se utilice en la mayor\u00eda de los sistemas de cableado electrodom\u00e9stico y maquinarias.<\/li><li><strong>Oro:<\/strong> al igual que la plata, se utiliza como conductor en aplicaciones espec\u00edficas, como tel\u00e9fonos o relojes.<\/li><li><strong>Acero y aluminio:<\/strong> se caracterizan por tener un bajo costo y una alta conductividad. Se utilizan frecuentemente en \u00e1reas industriales.<\/li><li><strong>Bronce:<\/strong> tiene caracter\u00edsticas similares a la plata y el oro; es decir, es de alta conductividad, pero muy alto costo para usarse con regularidad.<\/li><li><strong>Hidr\u00f3geno:<\/strong> un excelente gas de alta conductividad el\u00e9ctrica. Suele, sin embargo, tener cierta inestabilidad qu\u00edmica cuando pasa por el proceso de ionizaci\u00f3n.<\/li><li><strong>Mercurio: <\/strong>aunque no suele utilizarse por sus elevados \u00edndices de toxicidad, se trata de un material que puede presentarse en estado gaseoso, l\u00edquido o s\u00f3lido, seg\u00fan las temperaturas a las que sea sometido.&nbsp;<\/li><li><strong>Soluciones salinas:<\/strong> son perfectas conductoras de electricidad debido al proceso de ionizaci\u00f3n de sales en medios acuosos.&nbsp;<\/li><li><strong>Grafito: <\/strong>se trata de un material org\u00e1nico que se forma por cadenas de carbono y se utiliza para la conducci\u00f3n de circuitos el\u00e9ctricos.&nbsp;<\/li><\/ul>\n<\/div><\/m-wysiwig>\n\n\n    <m-projects-distributor2 :translations='{\n        &quot;prev&quot;:&quot;Anterior&quot;,\n        &quot;next&quot;:&quot;Siguiente&quot;,\n        &quot;paginationseparator&quot;:&quot;de&quot;\n    }'>\n                        <h2 slot=\"title\">\n                Nuestros proyectos destacados                <\/h2>\n                        <a slot='button' title='Conoce nuestros proyectos ' href='https:\/\/www.ferrovial.com\/es\/cintra\/proyectos\/'>\n            Conoce nuestros proyectos         <\/a>\n\n            <\/m-projects-distributor2>\n\n    ","protected":false},"excerpt":{"rendered":"","protected":false},"featured_media":0,"parent":25267,"menu_order":0,"comment_status":"closed","ping_status":"closed","template":"","meta":{"_acf_changed":false,"footnotes":""},"class_list":["post-213476","page","type-page","status-publish","hentry"],"acf":[],"yoast_head":"<!-- This site is optimized with the Yoast SEO plugin v27.2 - https:\/\/yoast.com\/product\/yoast-seo-wordpress\/ -->\n<title>Qu\u00e9 son los materiales conductores y sus caracter\u00edsticas - Ferrovial<\/title>\n<meta name=\"description\" content=\"Los materiales conductores son aquellos capaces de conducir electricidad. La conductividad el\u00e9ctrica se mide mediante electrodos en una soluci\u00f3n acuosa y estandarizada a una temperatura.\" \/>\n<meta name=\"robots\" content=\"index, follow, max-snippet:-1, max-image-preview:large, max-video-preview:-1\" \/>\n<link rel=\"canonical\" href=\"https:\/\/www.ferrovial.com\/es\/recursos\/materiales-conductores\/\" \/>\n<meta property=\"og:locale\" content=\"es_ES\" \/>\n<meta property=\"og:type\" content=\"article\" \/>\n<meta property=\"og:title\" content=\"Qu\u00e9 son los materiales conductores y sus caracter\u00edsticas - Ferrovial\" \/>\n<meta property=\"og:description\" content=\"Los materiales conductores son aquellos capaces de conducir electricidad. La conductividad el\u00e9ctrica se mide mediante electrodos en una soluci\u00f3n acuosa y estandarizada a una temperatura.\" \/>\n<meta property=\"og:url\" content=\"https:\/\/www.ferrovial.com\/es\/recursos\/materiales-conductores\/\" \/>\n<meta property=\"og:site_name\" content=\"Ferrovial\" \/>\n<meta property=\"article:publisher\" content=\"https:\/\/www.facebook.com\/ferrovial\" \/>\n<meta property=\"article:modified_time\" content=\"2022-09-22T15:50:48+00:00\" \/>\n<meta name=\"twitter:card\" content=\"summary_large_image\" \/>\n<meta name=\"twitter:site\" content=\"@ferrovial\" \/>\n<meta name=\"twitter:label1\" content=\"Est. reading time\" \/>\n\t<meta name=\"twitter:data1\" content=\"5 minutos\" \/>\n<!-- \/ Yoast SEO plugin. -->","yoast_head_json":{"title":"Qu\u00e9 son los materiales conductores y sus caracter\u00edsticas - Ferrovial","description":"Los materiales conductores son aquellos capaces de conducir electricidad. La conductividad el\u00e9ctrica se mide mediante electrodos en una soluci\u00f3n acuosa y estandarizada a una temperatura.","robots":{"index":"index","follow":"follow","max-snippet":"max-snippet:-1","max-image-preview":"max-image-preview:large","max-video-preview":"max-video-preview:-1"},"canonical":"https:\/\/www.ferrovial.com\/es\/recursos\/materiales-conductores\/","og_locale":"es_ES","og_type":"article","og_title":"Qu\u00e9 son los materiales conductores y sus caracter\u00edsticas - Ferrovial","og_description":"Los materiales conductores son aquellos capaces de conducir electricidad. La conductividad el\u00e9ctrica se mide mediante electrodos en una soluci\u00f3n acuosa y estandarizada a una temperatura.","og_url":"https:\/\/www.ferrovial.com\/es\/recursos\/materiales-conductores\/","og_site_name":"Ferrovial","article_publisher":"https:\/\/www.facebook.com\/ferrovial","article_modified_time":"2022-09-22T15:50:48+00:00","twitter_card":"summary_large_image","twitter_site":"@ferrovial","twitter_misc":{"Est. reading time":"5 minutos"},"schema":{"@context":"https:\/\/schema.org","@graph":[{"@type":"WebPage","@id":"https:\/\/www.ferrovial.com\/es\/recursos\/materiales-conductores\/","url":"https:\/\/www.ferrovial.com\/es\/recursos\/materiales-conductores\/","name":"Qu\u00e9 son los materiales conductores y sus caracter\u00edsticas - Ferrovial","isPartOf":{"@id":"https:\/\/www.ferrovial.com\/es\/#website"},"datePublished":"2022-01-19T14:36:06+00:00","dateModified":"2022-09-22T15:50:48+00:00","description":"Los materiales conductores son aquellos capaces de conducir electricidad. La conductividad el\u00e9ctrica se mide mediante electrodos en una soluci\u00f3n acuosa y estandarizada a una temperatura.","breadcrumb":{"@id":"https:\/\/www.ferrovial.com\/es\/recursos\/materiales-conductores\/#breadcrumb"},"inLanguage":"es","potentialAction":[{"@type":"ReadAction","target":["https:\/\/www.ferrovial.com\/es\/recursos\/materiales-conductores\/"]}]},{"@type":"BreadcrumbList","@id":"https:\/\/www.ferrovial.com\/es\/recursos\/materiales-conductores\/#breadcrumb","itemListElement":[{"@type":"ListItem","position":1,"name":"Portada","item":"https:\/\/www.ferrovial.com\/es\/"},{"@type":"ListItem","position":2,"name":"Recursos","item":"https:\/\/www.ferrovial.com\/es\/recursos\/"},{"@type":"ListItem","position":3,"name":"Materiales conductores"}]},{"@type":"WebSite","@id":"https:\/\/www.ferrovial.com\/es\/#website","url":"https:\/\/www.ferrovial.com\/es\/","name":"Ferrovial","description":"Welcome to the Ferrovial&#039;s website, global operator of sustainable infrastructure. Here you can find all the information about the company and subsidiaries.","publisher":{"@id":"https:\/\/www.ferrovial.com\/es\/#organization"},"potentialAction":[{"@type":"SearchAction","target":{"@type":"EntryPoint","urlTemplate":"https:\/\/www.ferrovial.com\/es\/?s={search_term_string}"},"query-input":{"@type":"PropertyValueSpecification","valueRequired":true,"valueName":"search_term_string"}}],"inLanguage":"es"},{"@type":"Organization","@id":"https:\/\/www.ferrovial.com\/es\/#organization","name":"Ferrovial S.A.","url":"https:\/\/www.ferrovial.com\/es\/","logo":{"@type":"ImageObject","inLanguage":"es","@id":"https:\/\/www.ferrovial.com\/es\/#\/schema\/logo\/image\/","url":"https:\/\/static.ferrovial.com\/wp-content\/uploads\/2020\/01\/13124948\/logo-ferrovial-cf7.png","contentUrl":"https:\/\/static.ferrovial.com\/wp-content\/uploads\/2020\/01\/13124948\/logo-ferrovial-cf7.png","width":144,"height":32,"caption":"Ferrovial S.A."},"image":{"@id":"https:\/\/www.ferrovial.com\/es\/#\/schema\/logo\/image\/"},"sameAs":["https:\/\/www.facebook.com\/ferrovial","https:\/\/x.com\/ferrovial","https:\/\/www.instagram.com\/ferrovial\/","https:\/\/www.linkedin.com\/company\/ferrovial","https:\/\/www.pinterest.es\/ferrovial\/","https:\/\/www.youtube.com\/ferrovial","https:\/\/en.wikipedia.org\/wiki\/Ferrovial"]}]}},"_links":{"self":[{"href":"https:\/\/www.ferrovial.com\/es\/wp-json\/wp\/v2\/pages\/213476","targetHints":{"allow":["GET"]}}],"collection":[{"href":"https:\/\/www.ferrovial.com\/es\/wp-json\/wp\/v2\/pages"}],"about":[{"href":"https:\/\/www.ferrovial.com\/es\/wp-json\/wp\/v2\/types\/page"}],"replies":[{"embeddable":true,"href":"https:\/\/www.ferrovial.com\/es\/wp-json\/wp\/v2\/comments?post=213476"}],"version-history":[{"count":3,"href":"https:\/\/www.ferrovial.com\/es\/wp-json\/wp\/v2\/pages\/213476\/revisions"}],"predecessor-version":[{"id":239510,"href":"https:\/\/www.ferrovial.com\/es\/wp-json\/wp\/v2\/pages\/213476\/revisions\/239510"}],"up":[{"embeddable":true,"href":"https:\/\/www.ferrovial.com\/es\/wp-json\/wp\/v2\/pages\/25267"}],"wp:attachment":[{"href":"https:\/\/www.ferrovial.com\/es\/wp-json\/wp\/v2\/media?parent=213476"}],"curies":[{"name":"wp","href":"https:\/\/api.w.org\/{rel}","templated":true}]}}