{"id":213983,"date":"2019-09-19T17:25:28","date_gmt":"2019-09-19T15:25:28","guid":{"rendered":"https:\/\/www.ferrovial.com\/innovacion\/tecnologias\/digital-twin\/"},"modified":"2022-01-27T12:31:57","modified_gmt":"2022-01-27T11:31:57","slug":"digital-twin","status":"publish","type":"page","link":"https:\/\/www.ferrovial.com\/es\/innovacion\/tecnologias\/digital-twin\/","title":{"rendered":"Gemelos digitales"},"content":{"rendered":"    <m-final-content-header >\n            <c-breadcrumb label-text=\"Breadcrumb\" slot=\"breadcrumbs\" type='2' align='left' wrap='wrapped wrapped' aria-label='Vienes de Tecnolog\u00edas'>\n                        <ol>\n\n                                                            <li><a href=\"https:\/\/www.ferrovial.com\/es\/\" title=\"Ferrovial\">Ferrovial<\/a><\/li>\n                                                                        <li><a href=\"https:\/\/www.ferrovial.com\/es\/innovacion\/\" title=\"Innovaci\u00f3n\">Innovaci\u00f3n<\/a><\/li>\n                                                                        <li><a href=\"https:\/\/www.ferrovial.com\/es\/innovacion\/tecnologias\/\" title=\"Tecnolog\u00edas\">Tecnolog\u00edas<\/a><\/li>\n                                    \n                <\/ol>\n\n                <\/c-breadcrumb>\n    \n        <div slot=\"header\">\n            <h1>\n                Gemelos digitales            <\/h1>\n                    <\/div>\n    <\/m-final-content-header>\n\n    \n\n\n<m-wysiwig class=\"wp-block-components-wysiwyg\"><div slot=\"maincontent\">    <p class=\"intro\">En el sector de la construcci\u00f3n, un gemelo digital es una representaci\u00f3n virtual de un edificio o estructura f\u00edsica.<\/p>\n    \n\n\n<p>Al construir un <a href=\"https:\/\/www.ferrovial.com\/blog\/es\/2021\/05\/digital-twin-el-camino-a-la-gestion-digital-de-nuestras-infraestructuras\/\" target=\"_blank\" rel=\"noreferrer noopener\">gemelo digital <\/a>de un edificio o de una infraestructura de transporte, podemos realizar simulaciones para mejorar el dise\u00f1o y resolver cualquier problema antes de construir. Incluso podemos simular los peores escenarios en el gemelo digital.<\/p>\n\n\n\n<p>Durante el proceso de construcci\u00f3n, los sensores aplicados en las obras controlan los cambios y nos permiten comparar lo que ocurre sobre el terreno y asegurarnos de que todo coincide con los planos y dibujos. El gemelo digital creado nos permite corregir inmediatamente cualquier desviaci\u00f3n. Incluso podemos retroceder en el tiempo y se\u00f1alar la acci\u00f3n precisa que caus\u00f3 la desviaci\u00f3n.<\/p>\n\n\n\n<p>Cuando se a\u00f1ade un componente de realidad virtual al gemelo digital, nuestros ingenieros, trabajadores e, incluso, nuestros clientes pueden desplazarse por toda la estructura e identificar \u00e1reas de mejora. Por ejemplo, los trabajadores de mantenimiento pueden encontrar zonas en las que no se ha proporcionado el espacio libre adecuado, lo que hace que la reparaci\u00f3n de los equipos sea una tarea ardua. El problema puede corregirse antes de que el proyecto se ponga en marcha, eliminando la necesidad de realizar costosos cambios durante la fase de construcci\u00f3n.<\/p>\n\n\n\n<p>En Australia, utilizamos drones equipados con tecnolog\u00eda avanzada de recopilaci\u00f3n de datos para recoger datos geoespaciales y producir im\u00e1genes 2D y 3D de alta resoluci\u00f3n. Con esta informaci\u00f3n, podemos crear un gemelo digital para ayudar a la gesti\u00f3n de activos, realizar inspecciones y llevar a cabo actividades de dise\u00f1o y planificaci\u00f3n con conocimiento de causa. Nuestro personal puede entonces ver e interactuar con estos gemelos digitales para realizar tareas de alto riesgo de forma virtual. Y, como m\u00ednimo, reducir la frecuencia y duraci\u00f3n de esas tareas en el entorno real de alto riesgo.<\/p>\n\n\n\n<p>La innovaci\u00f3n, como demuestra nuestro uso de gemelos digitales, es uno de los valores que nos definen. Aunque gran parte de nuestra innovaci\u00f3n sale de nuestro <a href=\"https:\/\/www.ferrovial.com\/es\/innovacion\/digital-hub\/\" target=\"_blank\" rel=\"noreferrer noopener\">Digital Hub<\/a>, extendemos la cultura de la innovaci\u00f3n a todos nuestros empleados. De este modo, la innovaci\u00f3n impregna toda nuestra organizaci\u00f3n y estimula la transformaci\u00f3n en todas nuestras l\u00edneas de negocio.<\/p>\n<\/div><\/m-wysiwig>\n","protected":false},"excerpt":{"rendered":"","protected":false},"featured_media":0,"parent":74618,"menu_order":0,"comment_status":"closed","ping_status":"closed","template":"","meta":{"_acf_changed":false,"footnotes":""},"class_list":["post-213983","page","type-page","status-publish","hentry"],"acf":[],"yoast_head":"<!-- This site is optimized with the Yoast SEO plugin v27.2 - https:\/\/yoast.com\/product\/yoast-seo-wordpress\/ -->\n<title>Gemelos digitales - Ferrovial<\/title>\n<meta name=\"description\" content=\"Welcome to the Ferrovial&#039;s website, global operator of sustainable infrastructure. Here you can find all the information about the company and subsidiaries.\" \/>\n<meta name=\"robots\" content=\"index, follow, max-snippet:-1, max-image-preview:large, max-video-preview:-1\" \/>\n<link rel=\"canonical\" href=\"https:\/\/www.ferrovial.com\/es\/innovacion\/tecnologias\/digital-twin\/\" \/>\n<meta property=\"og:locale\" content=\"es_ES\" \/>\n<meta property=\"og:type\" content=\"article\" \/>\n<meta property=\"og:title\" content=\"Gemelos digitales - Ferrovial\" \/>\n<meta property=\"og:description\" content=\"Welcome to the Ferrovial&#039;s website, global operator of sustainable infrastructure. Here you can find all the information about the company and subsidiaries.\" \/>\n<meta property=\"og:url\" content=\"https:\/\/www.ferrovial.com\/es\/innovacion\/tecnologias\/digital-twin\/\" \/>\n<meta property=\"og:site_name\" content=\"Ferrovial\" \/>\n<meta property=\"article:publisher\" content=\"https:\/\/www.facebook.com\/ferrovial\" \/>\n<meta property=\"article:modified_time\" content=\"2022-01-27T11:31:57+00:00\" \/>\n<meta name=\"twitter:card\" content=\"summary_large_image\" \/>\n<meta name=\"twitter:site\" content=\"@ferrovial\" \/>\n<meta name=\"twitter:label1\" content=\"Est. reading time\" \/>\n\t<meta name=\"twitter:data1\" content=\"2 minutos\" \/>\n<!-- \/ Yoast SEO plugin. -->","yoast_head_json":{"title":"Gemelos digitales - Ferrovial","description":"Welcome to the Ferrovial's website, global operator of sustainable infrastructure. Here you can find all the information about the company and subsidiaries.","robots":{"index":"index","follow":"follow","max-snippet":"max-snippet:-1","max-image-preview":"max-image-preview:large","max-video-preview":"max-video-preview:-1"},"canonical":"https:\/\/www.ferrovial.com\/es\/innovacion\/tecnologias\/digital-twin\/","og_locale":"es_ES","og_type":"article","og_title":"Gemelos digitales - Ferrovial","og_description":"Welcome to the Ferrovial's website, global operator of sustainable infrastructure. Here you can find all the information about the company and subsidiaries.","og_url":"https:\/\/www.ferrovial.com\/es\/innovacion\/tecnologias\/digital-twin\/","og_site_name":"Ferrovial","article_publisher":"https:\/\/www.facebook.com\/ferrovial","article_modified_time":"2022-01-27T11:31:57+00:00","twitter_card":"summary_large_image","twitter_site":"@ferrovial","twitter_misc":{"Est. reading time":"2 minutos"},"schema":{"@context":"https:\/\/schema.org","@graph":[{"@type":"WebPage","@id":"https:\/\/www.ferrovial.com\/es\/innovacion\/tecnologias\/digital-twin\/","url":"https:\/\/www.ferrovial.com\/es\/innovacion\/tecnologias\/digital-twin\/","name":"Gemelos digitales - Ferrovial","isPartOf":{"@id":"https:\/\/www.ferrovial.com\/es\/#website"},"datePublished":"2019-09-19T15:25:28+00:00","dateModified":"2022-01-27T11:31:57+00:00","description":"Welcome to the Ferrovial's website, global operator of sustainable infrastructure. Here you can find all the information about the company and subsidiaries.","breadcrumb":{"@id":"https:\/\/www.ferrovial.com\/es\/innovacion\/tecnologias\/digital-twin\/#breadcrumb"},"inLanguage":"es","potentialAction":[{"@type":"ReadAction","target":["https:\/\/www.ferrovial.com\/es\/innovacion\/tecnologias\/digital-twin\/"]}]},{"@type":"BreadcrumbList","@id":"https:\/\/www.ferrovial.com\/es\/innovacion\/tecnologias\/digital-twin\/#breadcrumb","itemListElement":[{"@type":"ListItem","position":1,"name":"Portada","item":"https:\/\/www.ferrovial.com\/es\/"},{"@type":"ListItem","position":2,"name":"Innovaci\u00f3n","item":"https:\/\/www.ferrovial.com\/es\/innovacion\/"},{"@type":"ListItem","position":3,"name":"Tecnolog\u00edas","item":"https:\/\/www.ferrovial.com\/es\/innovacion\/tecnologias\/"},{"@type":"ListItem","position":4,"name":"Gemelos digitales"}]},{"@type":"WebSite","@id":"https:\/\/www.ferrovial.com\/es\/#website","url":"https:\/\/www.ferrovial.com\/es\/","name":"Ferrovial","description":"Welcome to the Ferrovial&#039;s website, global operator of sustainable infrastructure. Here you can find all the information about the company and subsidiaries.","publisher":{"@id":"https:\/\/www.ferrovial.com\/es\/#organization"},"potentialAction":[{"@type":"SearchAction","target":{"@type":"EntryPoint","urlTemplate":"https:\/\/www.ferrovial.com\/es\/?s={search_term_string}"},"query-input":{"@type":"PropertyValueSpecification","valueRequired":true,"valueName":"search_term_string"}}],"inLanguage":"es"},{"@type":"Organization","@id":"https:\/\/www.ferrovial.com\/es\/#organization","name":"Ferrovial S.A.","url":"https:\/\/www.ferrovial.com\/es\/","logo":{"@type":"ImageObject","inLanguage":"es","@id":"https:\/\/www.ferrovial.com\/es\/#\/schema\/logo\/image\/","url":"https:\/\/static.ferrovial.com\/wp-content\/uploads\/2020\/01\/13124948\/logo-ferrovial-cf7.png","contentUrl":"https:\/\/static.ferrovial.com\/wp-content\/uploads\/2020\/01\/13124948\/logo-ferrovial-cf7.png","width":144,"height":32,"caption":"Ferrovial S.A."},"image":{"@id":"https:\/\/www.ferrovial.com\/es\/#\/schema\/logo\/image\/"},"sameAs":["https:\/\/www.facebook.com\/ferrovial","https:\/\/x.com\/ferrovial","https:\/\/www.instagram.com\/ferrovial\/","https:\/\/www.linkedin.com\/company\/ferrovial","https:\/\/www.pinterest.es\/ferrovial\/","https:\/\/www.youtube.com\/ferrovial","https:\/\/en.wikipedia.org\/wiki\/Ferrovial"]}]}},"_links":{"self":[{"href":"https:\/\/www.ferrovial.com\/es\/wp-json\/wp\/v2\/pages\/213983","targetHints":{"allow":["GET"]}}],"collection":[{"href":"https:\/\/www.ferrovial.com\/es\/wp-json\/wp\/v2\/pages"}],"about":[{"href":"https:\/\/www.ferrovial.com\/es\/wp-json\/wp\/v2\/types\/page"}],"replies":[{"embeddable":true,"href":"https:\/\/www.ferrovial.com\/es\/wp-json\/wp\/v2\/comments?post=213983"}],"version-history":[{"count":1,"href":"https:\/\/www.ferrovial.com\/es\/wp-json\/wp\/v2\/pages\/213983\/revisions"}],"predecessor-version":[{"id":213986,"href":"https:\/\/www.ferrovial.com\/es\/wp-json\/wp\/v2\/pages\/213983\/revisions\/213986"}],"up":[{"embeddable":true,"href":"https:\/\/www.ferrovial.com\/es\/wp-json\/wp\/v2\/pages\/74618"}],"wp:attachment":[{"href":"https:\/\/www.ferrovial.com\/es\/wp-json\/wp\/v2\/media?parent=213983"}],"curies":[{"name":"wp","href":"https:\/\/api.w.org\/{rel}","templated":true}]}}