{"id":215299,"date":"2022-02-16T09:07:58","date_gmt":"2022-02-16T08:07:58","guid":{"rendered":"https:\/\/www.ferrovial.com\/?page_id=215299"},"modified":"2022-09-23T07:37:08","modified_gmt":"2022-09-23T05:37:08","slug":"aviones","status":"publish","type":"page","link":"https:\/\/www.ferrovial.com\/es\/recursos\/aviones\/","title":{"rendered":"Aviones"},"content":{"rendered":"    <m-final-content-header >\n            <c-breadcrumb label-text=\"Breadcrumb\" slot=\"breadcrumbs\" type='2' align='left' wrap='wrapped wrapped' aria-label='Vienes de Recursos'>\n                        <ol>\n\n                                                            <li><a href=\"https:\/\/www.ferrovial.com\/es\/\" title=\"Ferrovial\">Ferrovial<\/a><\/li>\n                                                                        <li><a href=\"https:\/\/www.ferrovial.com\/es\/recursos\/\" title=\"Recursos\">Recursos<\/a><\/li>\n                                    \n                <\/ol>\n\n                <\/c-breadcrumb>\n    \n        <div slot=\"header\">\n            <h1>\n                Aviones            <\/h1>\n                    <\/div>\n    <\/m-final-content-header>\n\n    \n\n\n<m-wysiwig class=\"wp-block-components-wysiwyg\"><div slot=\"maincontent\">\n<h2 class=\"wp-block-heading\">\u00bfQu\u00e9 es un avi\u00f3n?&nbsp;<\/h2>\n\n\n\n<p><script type=\"application\/ld+json\">\n{\n  \"@context\": \"https:\/\/schema.org\",\n  \"@type\": \"FAQPage\",\n  \"mainEntity\": [{\n    \"@type\": \"Question\",\n    \"name\": \"\u00bfQu\u00e9 es un avi\u00f3n?\",\n    \"acceptedAnswer\": {\n      \"@type\": \"Answer\",\n      \"text\": \"Un avi\u00f3n es un veh\u00edculo, provisto de alas y uno o varios motores, capaz de desplazarse por el aire.\"\n    }\n  },{\n    \"@type\": \"Question\",\n    \"name\": \"\u00bfQu\u00e9 tipos de aviones hay?\",\n    \"acceptedAnswer\": {\n      \"@type\": \"Answer\",\n      \"text\": \"Los aviones pueden clasificarse seg\u00fan su forma, su motor, su peso, etc. Aqu\u00ed usaremos una clasificaci\u00f3n menos t\u00e9cnicas, la clasificaci\u00f3n seg\u00fan su uso:\n<ul>\n<li>Avi\u00f3n de pasajeros<\/li>\n<li>Avi\u00f3n de carga<\/li>\n<li>Avi\u00f3n militar<\/li>\n<\/ul>\"\n    }\n  },{\n    \"@type\": \"Question\",\n    \"name\": \"\u00bfC\u00f3mo se fabrican los aviones?\",\n    \"acceptedAnswer\": {\n      \"@type\": \"Answer\",\n      \"text\": \"La materia prima para los aviones debe ser r\u00edgida, fuerte, resistente a la corrosi\u00f3n y ligera de peso. La mayor\u00eda de los aviones est\u00e1n hechos de titanio, acero, aluminio y compuestos (que suelen incluir pol\u00edmeros y fibra de carbono).\"\n    }\n  },{\n    \"@type\": \"Question\",\n    \"name\": \"\u00bfPor qu\u00e9 vuelan los aviones?\",\n    \"acceptedAnswer\": {\n      \"@type\": \"Answer\",\n      \"text\": \"Su principio de funcionamiento se basa en la fuerza aerodin\u00e1mica que se genera sobre las alas, en sentido ascendente, llamada sustentaci\u00f3n. Esta se origina por la diferencia de presiones entre la parte superior e inferior del ala.\u200b\"\n    }\n  },{\n    \"@type\": \"Question\",\n    \"name\": \"\u00bfA qu\u00e9 altura vuelan los aviones?\",\n    \"acceptedAnswer\": {\n      \"@type\": \"Answer\",\n      \"text\": \"La mayor\u00eda de los aviones comerciales tienen un techo de vuelo absoluto que ronda los 13 mil metros (40 mil pies), mientras que algunos jets pueden alcanzar los 15.850 metros (52.000 pies). Por su parte, el techo m\u00e1s alto para la aviaci\u00f3n militar hoy en d\u00eda es de 25 mil metros (82.000 pies).\"\n    }\n  },{\n    \"@type\": \"Question\",\n    \"name\": \"\u00bfQu\u00e9 combustible utilizan los aviones?\",\n    \"acceptedAnswer\": {\n      \"@type\": \"Answer\",\n      \"text\": \"Actualmente existen cuatro tipos de combustible de aviones:\n<ol>\n<li>Jet A-1 o jet fuel (queroseno)<\/li>\n<li>Jet B (mezcla de queroseno y gasolina)<\/li>\n<li>Avgas, o gasolina de aviaci\u00f3n<\/li>\n<li>Bioqueroseno<\/li>\n<\/ol>\"\n    }\n  },{\n    \"@type\": \"Question\",\n    \"name\": \"Aspectos curiosos sobre aviones\",\n    \"acceptedAnswer\": {\n      \"@type\": \"Answer\",\n      \"text\": \"<ul>\n<li>En su primer vuelo motorizado, los hermanos Wright, pioneros de la aviaci\u00f3n, recorrieron una distancia que apenas superaba los 10 metros.\n<\/li>\n<li>El vuelo m\u00e1s corto del mundo dura 27 segundos. \n<\/li>\n<li>El vuelo m\u00e1s largo sin parada que existe dura 15 horas y 25 minutos<\/li>\n<li>Los pasajeros espa\u00f1oles tienen hasta 10 a\u00f1os para presentar una queja.\n<\/li>\n<li>El avi\u00f3n m\u00e1s grande que existe hasta el momento es el Antonov AN-225\u2019, mide 88 metros.<\/li>\n<li>En un viernes por la tarde de los meses de julio y agosto, podr\u00eda haber en el aire entre 16 y 20 mil aviones.<\/li>\n<li>El tiempo medio de retraso en los aeropuertos europeos es de 30 minutos.<\/li>\n<li>Los n\u00fameros 13, 17 y 666 no se usan en aeropuertos y aviones para evitar supersticiones.\n<\/li>\n<li>La caja negra de los aviones en realidad es de color rojo, para que sea m\u00e1s visible. \n<\/li>\n<li>El aeropuerto a mayor altura es el de Daocheng Yading (China), a 4.410 metros de altitud, y el de menor altura es el de Amsterdam-Schiphol (Holanda), a 3 metros por debajo del nivel del mar.\n<\/li>\n<li>La pista de aterrizaje del aeropuerto de Gibraltar cruza una carretera p\u00fablica que se bloquea por una barrera cuando va a aterrizar un avi\u00f3n.\n<\/li>\n\n<\/ul>\"\n    }\n  }]\n}\n<\/script><p>Un avi\u00f3n es un veh\u00edculo, provisto de alas y uno o varios motores, capaz de desplazarse por el aire. La palabra <em>aeronave<\/em> (nave del aire) com\u00fanmente tambi\u00e9n se utiliza para denominar a los aviones, aunque en realidad puede referirse tambi\u00e9n a otro tipo de veh\u00edculos, como los helic\u00f3pteros, por ejemplo.&nbsp;<\/p><\/p>\n\n\n\n<h2 class=\"wp-block-heading\">\u00bfQu\u00e9 tipos de aviones hay?&nbsp;<\/h2>\n\n\n\n<p>Los aviones pueden clasificarse seg\u00fan su forma, su motor, su peso, etc. Aqu\u00ed usaremos una clasificaci\u00f3n menos t\u00e9cnicas, la clasificaci\u00f3n seg\u00fan su uso:<\/p>\n\n\n\n<ul class=\"wp-block-list\"><li><strong>Avi\u00f3n de pasajeros: <\/strong>construido especialmente para transportar grupos de personas, son los que usan las compa\u00f1\u00edas a\u00e9reas para sus <strong>vuelos comerciales<\/strong>, aunque tambi\u00e9n pueden ser privados. Est\u00e1n dotados de cabinas presurizadas y ciertos servicios, como asientos, aseos, pantallas y peque\u00f1as cocinas.<\/li><li><strong>Avi\u00f3n de carga: <\/strong>tambi\u00e9n conocido como avi\u00f3n de transporte, se utiliza para transportar bienes y objetos de gran tama\u00f1o. No cuentan con asientos u otros elementos necesarios para el transporte de personas. Suelen tener un fuselaje m\u00e1s ancho, para obtener m\u00e1s espacio de almacenamiento; alas m\u00e1s altas, para que la carga est\u00e9 m\u00e1s cerca del suelo durante el tiempo en tierra; m\u00e1s ruedas; y colas m\u00e1s altas, porque la v\u00eda de carga y descarga suele ser una puerta trasera.<\/li><li><strong>Avi\u00f3n militar: <\/strong>su funci\u00f3n es b\u00e9lica. Aunque los aviones de pasajeros o de carga tambi\u00e9n pueden ser militares (en lugar de civiles), se usa esta etiqueta para aeronaves de ataque o defensa. Existen muchos tipos de aviones militares, seg\u00fan sus objetivos. Pueden ser, por ejemplo, bombarderos, capaces de transportar y arrojar bombas o misiles, o aviones caza, dise\u00f1ados y equipados para interceptar y derribar objetivos que se encuentran en el aire, por lo que alcanzan velocidades muy altas en poco tiempo.<\/li><\/ul>\n\n\n\n<h2 class=\"wp-block-heading\">\u00bfC\u00f3mo se fabrican los aviones?&nbsp;<\/h2>\n\n\n\n<p>La materia prima para los aviones debe ser r\u00edgida, fuerte, resistente a la corrosi\u00f3n y ligera de peso. La mayor\u00eda de los aviones est\u00e1n hechos de titanio, acero, aluminio y compuestos (que suelen incluir pol\u00edmeros y fibra de carbono).<\/p>\n\n\n\n<p>Son los ingenieros quienes determinan de qu\u00e9 materiales se construir\u00e1 un avi\u00f3n, tomando en cuenta una serie de factores, entre los cuales las dimensiones, la finalidad, etc. La finalidad de un avi\u00f3n determina, especialmente el bastidor y el cuerpo. La mayor\u00eda de los aviones comerciales antiguos estaban hechos principalmente de aluminio, y los nuevos de materiales compuestos. Los aviones militares pueden utilizar una aleaci\u00f3n ligera, como el titanio.<\/p>\n\n\n\n<h2 class=\"wp-block-heading\">\u00bfPor qu\u00e9 vuelan los aviones?<\/h2>\n\n\n\n<p>Su principio de funcionamiento se basa en la fuerza aerodin\u00e1mica que se genera sobre las alas, en sentido ascendente, llamada sustentaci\u00f3n. Esta se origina por la diferencia de presiones entre la parte superior e inferior del ala.\u200b<\/p>\n\n\n\n<p>Mientras m\u00e1s alto vuele un avi\u00f3n, m\u00e1s r\u00e1pido ir\u00e1, porque entre m\u00e1s altura el aire es menos denso y genera una menor resistencia aerodin\u00e1mica. Esto tambi\u00e9n puede ser \u00fatil para evitar perturbaciones a\u00e9reas y ahorrar combustible.<\/p>\n\n\n\n<h2 class=\"wp-block-heading\">\u00bfA qu\u00e9 altura vuelan los aviones?<\/h2>\n\n\n\n<p>La altitud a la que se desplaza un avi\u00f3n depende de varios factores, como el tipo de nave, la distancia entre el punto de partida y el de llegada, la direcci\u00f3n del viento y la certificaci\u00f3n del avi\u00f3n para operaciones RVSM (Separaci\u00f3n Vertical Reducida M\u00ednima).<\/p>\n\n\n\n<p>La mayor\u00eda de los aviones comerciales tienen un techo de vuelo absoluto que ronda los 13 mil metros (40 mil pies), mientras que algunos jets pueden alcanzar los 15.850 metros (52.000 pies). Por su parte, el techo m\u00e1s alto para la aviaci\u00f3n militar hoy en d\u00eda es de 25 mil metros (82.000 pies).<\/p>\n\n\n\n<h2 class=\"wp-block-heading\">\u00bfQu\u00e9 combustible utilizan los aviones?<\/h2>\n\n\n\n<p>Actualmente existen cuatro tipos de combustible de aviones:<\/p>\n\n\n\n<ol class=\"wp-block-list\"><li>Jet A-1 o jet fuel (queroseno): se utiliza en los motores de turbina. Est\u00e1 sujeto a especificaciones de calidad integrales normalizadas a escala internacional para responder a las altas exigencias de los motores de las aeronaves que lo usan.<\/li><li>Jet B (mezcla de queroseno y gasolina): se utiliza en aviones militares. La mezcla contiene aproximadamente 65% de gasolina y 35% de queroseno y se usa en regiones con temperaturas especialmente bajas, porque es m\u00e1s inflamable (temperatura de inflamaci\u00f3n de 20\u00b0C y punto de congelaci\u00f3n que puede llegar a los -72\u00b0C).<\/li><li>Avgas, o gasolina de aviaci\u00f3n, se utiliza \u00fanicamente en los antiguos motores de pist\u00f3n de las aeronaves deportivas y las peque\u00f1as aeronaves privadas que requieren combustible con plomo con un \u00edndice de octano elevado. El avgas es costoso, por lo que se est\u00e1 optando por utilizar di\u00e9sel y queroseno cada vez con m\u00e1s frecuencia. La subida de precios es consecuencia del bajo volumen de producci\u00f3n, las largas v\u00edas de suministro y los complejos controles de calidad.<\/li><li>Bioqueroseno: es una <a href=\"https:\/\/www.ferrovial.com\/es\/recursos\/energias-renovables\/\">alternativa renovable<\/a> fabricada a partir de algas, aceite de jatropha, etc. La industria de la aviaci\u00f3n lleva a\u00f1os prob\u00e1ndolo en numerosos vuelos.&nbsp;<\/li><\/ol>\n\n\n\n<h2 class=\"wp-block-heading\">Aspectos curiosos sobre aviones<\/h2>\n\n\n\n<ul class=\"wp-block-list\"><li>En su primer vuelo motorizado, los hermanos Wright, pioneros de la aviaci\u00f3n, recorrieron una distancia que apenas superaba los 10 metros.<\/li><li>El vuelo m\u00e1s corto del mundo dura 27 segundos. Se trata de una ruta entre las islas de Westray y Papa Westray, operada por la aerol\u00ednea regional escocesa Loganair.<\/li><li>El vuelo m\u00e1s largo sin parada que existe dura 15 horas y 25 minutos y cubre los 13.800 kil\u00f3metros que separan Sidney (Australia) y Dallas (EE. UU.).<\/li><li>Los pasajeros espa\u00f1oles tienen hasta 10 a\u00f1os para presentar una queja.<\/li><li>El avi\u00f3n m\u00e1s grande que existe hasta el momento es el Antonov AN-225\u2019, mide 88 metros y se utiliz\u00f3 para transportar el transbordador espacial Buran. El avi\u00f3n m\u00e1s peque\u00f1o es el CriCri, con una envergadura de 4,9 metros.<\/li><li>En un viernes por la tarde de los meses de julio y agosto, podr\u00eda haber en el aire entre 16 y 20 mil aviones.<\/li><li>El tiempo medio de retraso en los aeropuertos europeos es de 30 minutos.<\/li><li>Los n\u00fameros 13, 17 y 666 no se usan en aeropuertos y aviones para evitar supersticiones.<\/li><li>La caja negra de los aviones en realidad es de color rojo, para que sea m\u00e1s visible.&nbsp;<\/li><li>El aeropuerto a mayor altura es el de Daocheng Yading (China), a 4.410 metros de altitud, y el de menor altura es el de Amsterdam-Schiphol (Holanda), a 3 metros por debajo del nivel del mar.<\/li><li>La pista de aterrizaje del aeropuerto de Gibraltar cruza una carretera p\u00fablica que se bloquea por una barrera cuando va a aterrizar un avi\u00f3n.<\/li><\/ul>\n<\/div><\/m-wysiwig>\n\n\n    <m-projects-distributor2 :translations='{\n        &quot;prev&quot;:&quot;Anterior&quot;,\n        &quot;next&quot;:&quot;Siguiente&quot;,\n        &quot;paginationseparator&quot;:&quot;de&quot;\n    }'>\n                        <h2 slot=\"title\">\n                Nuestros proyectos destacados                <\/h2>\n                        <a slot='button' title='Conoce nuestros proyectos ' href='https:\/\/www.ferrovial.com\/es\/cintra\/proyectos\/'>\n            Conoce nuestros proyectos         <\/a>\n\n            <\/m-projects-distributor2>\n\n    ","protected":false},"excerpt":{"rendered":"","protected":false},"featured_media":0,"parent":25267,"menu_order":0,"comment_status":"closed","ping_status":"closed","template":"","meta":{"_acf_changed":false,"footnotes":""},"class_list":["post-215299","page","type-page","status-publish","hentry"],"acf":[],"yoast_head":"<!-- This site is optimized with the Yoast SEO plugin v27.2 - https:\/\/yoast.com\/product\/yoast-seo-wordpress\/ -->\n<title>Aviones: qu\u00e9 son, c\u00f3mo vuelan, qu\u00e9 tipos hay - Ferrovial<\/title>\n<meta name=\"description\" content=\"Un avi\u00f3n es un veh\u00edculo, provisto de alas y uno o varios motores, capaz de desplazarse por el aire. Pueden clasificarse seg\u00fan su forma, su motor, su peso, su uso...\" \/>\n<meta name=\"robots\" content=\"index, follow, max-snippet:-1, max-image-preview:large, max-video-preview:-1\" \/>\n<link rel=\"canonical\" href=\"https:\/\/www.ferrovial.com\/es\/recursos\/aviones\/\" \/>\n<meta property=\"og:locale\" content=\"es_ES\" \/>\n<meta property=\"og:type\" content=\"article\" \/>\n<meta property=\"og:title\" content=\"Aviones: qu\u00e9 son, c\u00f3mo vuelan, qu\u00e9 tipos hay - Ferrovial\" \/>\n<meta property=\"og:description\" content=\"Un avi\u00f3n es un veh\u00edculo, provisto de alas y uno o varios motores, capaz de desplazarse por el aire. Pueden clasificarse seg\u00fan su forma, su motor, su peso, su uso...\" \/>\n<meta property=\"og:url\" content=\"https:\/\/www.ferrovial.com\/es\/recursos\/aviones\/\" \/>\n<meta property=\"og:site_name\" content=\"Ferrovial\" \/>\n<meta property=\"article:publisher\" content=\"https:\/\/www.facebook.com\/ferrovial\" \/>\n<meta property=\"article:modified_time\" content=\"2022-09-23T05:37:08+00:00\" \/>\n<meta name=\"twitter:card\" content=\"summary_large_image\" \/>\n<meta name=\"twitter:site\" content=\"@ferrovial\" \/>\n<meta name=\"twitter:label1\" content=\"Est. reading time\" \/>\n\t<meta name=\"twitter:data1\" content=\"8 minutos\" \/>\n<!-- \/ Yoast SEO plugin. -->","yoast_head_json":{"title":"Aviones: qu\u00e9 son, c\u00f3mo vuelan, qu\u00e9 tipos hay - Ferrovial","description":"Un avi\u00f3n es un veh\u00edculo, provisto de alas y uno o varios motores, capaz de desplazarse por el aire. Pueden clasificarse seg\u00fan su forma, su motor, su peso, su uso...","robots":{"index":"index","follow":"follow","max-snippet":"max-snippet:-1","max-image-preview":"max-image-preview:large","max-video-preview":"max-video-preview:-1"},"canonical":"https:\/\/www.ferrovial.com\/es\/recursos\/aviones\/","og_locale":"es_ES","og_type":"article","og_title":"Aviones: qu\u00e9 son, c\u00f3mo vuelan, qu\u00e9 tipos hay - Ferrovial","og_description":"Un avi\u00f3n es un veh\u00edculo, provisto de alas y uno o varios motores, capaz de desplazarse por el aire. Pueden clasificarse seg\u00fan su forma, su motor, su peso, su uso...","og_url":"https:\/\/www.ferrovial.com\/es\/recursos\/aviones\/","og_site_name":"Ferrovial","article_publisher":"https:\/\/www.facebook.com\/ferrovial","article_modified_time":"2022-09-23T05:37:08+00:00","twitter_card":"summary_large_image","twitter_site":"@ferrovial","twitter_misc":{"Est. reading time":"8 minutos"},"schema":{"@context":"https:\/\/schema.org","@graph":[{"@type":"WebPage","@id":"https:\/\/www.ferrovial.com\/es\/recursos\/aviones\/","url":"https:\/\/www.ferrovial.com\/es\/recursos\/aviones\/","name":"Aviones: qu\u00e9 son, c\u00f3mo vuelan, qu\u00e9 tipos hay - Ferrovial","isPartOf":{"@id":"https:\/\/www.ferrovial.com\/es\/#website"},"datePublished":"2022-02-16T08:07:58+00:00","dateModified":"2022-09-23T05:37:08+00:00","description":"Un avi\u00f3n es un veh\u00edculo, provisto de alas y uno o varios motores, capaz de desplazarse por el aire. Pueden clasificarse seg\u00fan su forma, su motor, su peso, su uso...","breadcrumb":{"@id":"https:\/\/www.ferrovial.com\/es\/recursos\/aviones\/#breadcrumb"},"inLanguage":"es","potentialAction":[{"@type":"ReadAction","target":["https:\/\/www.ferrovial.com\/es\/recursos\/aviones\/"]}]},{"@type":"BreadcrumbList","@id":"https:\/\/www.ferrovial.com\/es\/recursos\/aviones\/#breadcrumb","itemListElement":[{"@type":"ListItem","position":1,"name":"Portada","item":"https:\/\/www.ferrovial.com\/es\/"},{"@type":"ListItem","position":2,"name":"Recursos","item":"https:\/\/www.ferrovial.com\/es\/recursos\/"},{"@type":"ListItem","position":3,"name":"Aviones"}]},{"@type":"WebSite","@id":"https:\/\/www.ferrovial.com\/es\/#website","url":"https:\/\/www.ferrovial.com\/es\/","name":"Ferrovial","description":"Welcome to the Ferrovial&#039;s website, global operator of sustainable infrastructure. Here you can find all the information about the company and subsidiaries.","publisher":{"@id":"https:\/\/www.ferrovial.com\/es\/#organization"},"potentialAction":[{"@type":"SearchAction","target":{"@type":"EntryPoint","urlTemplate":"https:\/\/www.ferrovial.com\/es\/?s={search_term_string}"},"query-input":{"@type":"PropertyValueSpecification","valueRequired":true,"valueName":"search_term_string"}}],"inLanguage":"es"},{"@type":"Organization","@id":"https:\/\/www.ferrovial.com\/es\/#organization","name":"Ferrovial S.A.","url":"https:\/\/www.ferrovial.com\/es\/","logo":{"@type":"ImageObject","inLanguage":"es","@id":"https:\/\/www.ferrovial.com\/es\/#\/schema\/logo\/image\/","url":"https:\/\/static.ferrovial.com\/wp-content\/uploads\/2020\/01\/13124948\/logo-ferrovial-cf7.png","contentUrl":"https:\/\/static.ferrovial.com\/wp-content\/uploads\/2020\/01\/13124948\/logo-ferrovial-cf7.png","width":144,"height":32,"caption":"Ferrovial S.A."},"image":{"@id":"https:\/\/www.ferrovial.com\/es\/#\/schema\/logo\/image\/"},"sameAs":["https:\/\/www.facebook.com\/ferrovial","https:\/\/x.com\/ferrovial","https:\/\/www.instagram.com\/ferrovial\/","https:\/\/www.linkedin.com\/company\/ferrovial","https:\/\/www.pinterest.es\/ferrovial\/","https:\/\/www.youtube.com\/ferrovial","https:\/\/en.wikipedia.org\/wiki\/Ferrovial"]}]}},"_links":{"self":[{"href":"https:\/\/www.ferrovial.com\/es\/wp-json\/wp\/v2\/pages\/215299","targetHints":{"allow":["GET"]}}],"collection":[{"href":"https:\/\/www.ferrovial.com\/es\/wp-json\/wp\/v2\/pages"}],"about":[{"href":"https:\/\/www.ferrovial.com\/es\/wp-json\/wp\/v2\/types\/page"}],"replies":[{"embeddable":true,"href":"https:\/\/www.ferrovial.com\/es\/wp-json\/wp\/v2\/comments?post=215299"}],"version-history":[{"count":2,"href":"https:\/\/www.ferrovial.com\/es\/wp-json\/wp\/v2\/pages\/215299\/revisions"}],"predecessor-version":[{"id":239605,"href":"https:\/\/www.ferrovial.com\/es\/wp-json\/wp\/v2\/pages\/215299\/revisions\/239605"}],"up":[{"embeddable":true,"href":"https:\/\/www.ferrovial.com\/es\/wp-json\/wp\/v2\/pages\/25267"}],"wp:attachment":[{"href":"https:\/\/www.ferrovial.com\/es\/wp-json\/wp\/v2\/media?parent=215299"}],"curies":[{"name":"wp","href":"https:\/\/api.w.org\/{rel}","templated":true}]}}