{"id":215306,"date":"2022-02-16T09:13:22","date_gmt":"2022-02-16T08:13:22","guid":{"rendered":"https:\/\/www.ferrovial.com\/?page_id=215306"},"modified":"2022-09-22T18:32:20","modified_gmt":"2022-09-22T16:32:20","slug":"limpieza-viaria","status":"publish","type":"page","link":"https:\/\/www.ferrovial.com\/es\/recursos\/limpieza-viaria\/","title":{"rendered":"Limpieza viaria"},"content":{"rendered":"    <m-final-content-header >\n            <c-breadcrumb label-text=\"Breadcrumb\" slot=\"breadcrumbs\" type='2' align='left' wrap='wrapped wrapped' aria-label='Vienes de Recursos'>\n                        <ol>\n\n                                                            <li><a href=\"https:\/\/www.ferrovial.com\/es\/\" title=\"Ferrovial\">Ferrovial<\/a><\/li>\n                                                                        <li><a href=\"https:\/\/www.ferrovial.com\/es\/recursos\/\" title=\"Recursos\">Recursos<\/a><\/li>\n                                    \n                <\/ol>\n\n                <\/c-breadcrumb>\n    \n        <div slot=\"header\">\n            <h1>\n                Limpieza viaria            <\/h1>\n                    <\/div>\n    <\/m-final-content-header>\n\n    \n\n\n<m-wysiwig class=\"wp-block-components-wysiwyg\"><div slot=\"maincontent\">\n<h2 class=\"wp-block-heading\">\u00bfQu\u00e9 es la limpieza viaria?&nbsp;<\/h2>\n\n\n\n<p><script type=\"application\/ld+json\">\n{\n  \"@context\": \"https:\/\/schema.org\",\n  \"@type\": \"FAQPage\",\n  \"mainEntity\": [{\n    \"@type\": \"Question\",\n    \"name\": \"\u00bfQu\u00e9 es la limpieza viaria?\",\n    \"acceptedAnswer\": {\n      \"@type\": \"Answer\",\n      \"text\": \"Se entiende por limpieza viaria el conjunto de tratamientos que se efect\u00faan en la v\u00eda p\u00fablica para mantener un estado adecuado de higiene.\"\n    }\n  },{\n    \"@type\": \"Question\",\n    \"name\": \"\u00bfEn qu\u00e9 consiste la limpieza viaria?\",\n    \"acceptedAnswer\": {\n      \"@type\": \"Answer\",\n      \"text\": \"La limpieza viaria engloba una gran cantidad de tareas con el objetivo de retirar la suciedad y los residuos de las calles, aceras, paseos, plazas, etc., y de los distintos elementos de mobiliario urbano. Estas actividades se realizan con una frecuencia regular y utilizando los recursos asignados a los distintos ayuntamientos.\"\n    }\n  },{\n    \"@type\": \"Question\",\n    \"name\": \"\u00bfQu\u00e9 sistemas de limpieza viaria existen?\",\n    \"acceptedAnswer\": {\n      \"@type\": \"Answer\",\n      \"text\": \"Los sistemas de limpieza viaria se pueden dividir en dos grandes bloques:\n\n<ol>\n<li>B\u00e1sicos: barrido y baldeo.<\/li>\n<li>Especiales o auxiliares: succionado, fregado, chorro de aire, limpieza de puntos cr\u00edticos con productos qu\u00edmicos, etc.<\/li>\n<\/ol>\"\n    }\n  },{\n    \"@type\": \"Question\",\n    \"name\": \"\u00bfQu\u00e9 se necesita para ser operario de limpieza viaria?\",\n    \"acceptedAnswer\": {\n      \"@type\": \"Answer\",\n      \"text\": \"Cualquier libre profesional puede optar a ser Operario de Limpieza Viaria en la convocatoria de los ayuntamientos mientras supere las pruebas y posea una adecuada formaci\u00f3n en cuanto a:\n\n<ul>\n<li>Residuos y las principales normativas que regulan su gesti\u00f3n.\n<\/li>\n<li>Principales sistemas, maquinarias, herramientas y productos de limpieza viaria.\n<\/li>\n<li>Medidas de seguridad e higiene que protegen la salud del operario.\n<\/li>\n<\/ul>\"\n    }\n  },{\n    \"@type\": \"Question\",\n    \"name\": \"Aspectos curiosos sobre limpieza viaria\",\n    \"acceptedAnswer\": {\n      \"@type\": \"Answer\",\n      \"text\": \"<ul>\n<li>Los retretes o excusados empezaron a ser un elemento com\u00fan en los hogares a partir del a\u00f1o 1500, aproximadamente. Antes, en las ciudades, se acostumbraba arrojar los excrementos por la ventana.\n<\/li>\n<li>En una lista de los pa\u00edses m\u00e1s limpios elaborada por Forbes, Espa\u00f1a ocupa el lugar n\u00famero 30 de 149. Los cinco primeros puestos los ocupan: Suiza, Noruega, Suecia, Finlandia y Costa Rica. En los dos \u00faltimos puestos est\u00e1n Angola y Nigeria.\n<\/li>\n<li>De las ciudades espa\u00f1olas, Oviedo es la mejor valorada por su limpieza, seguida por Bilbao y Vigo.\n<\/li>\n<\/ul>\"\n    }\n  }]\n}\n<\/script><p>Se entiende por <em>limpieza viaria<\/em> el conjunto de tratamientos que se efect\u00faan en la v\u00eda p\u00fablica para mantener un estado adecuado de higiene.&nbsp;<\/p><\/p>\n\n\n\n<h2 class=\"wp-block-heading\">\u00bfEn qu\u00e9 consiste la limpieza viaria?&nbsp;<\/h2>\n\n\n\n<p>La limpieza viaria engloba una gran cantidad de tareas con el objetivo de retirar la suciedad y los residuos de las calles, aceras, paseos, plazas, etc., y de los distintos elementos de mobiliario urbano. Estas actividades se realizan con una frecuencia regular y utilizando los recursos asignados a los distintos ayuntamientos.<\/p>\n\n\n\n<p>Adem\u00e1s de la recogida de<a href=\"https:\/\/www.ferrovial.com\/es\/recursos\/residuos\/\"> residuos<\/a> y el barrido y limpieza de aceras y soportales, se requiere limpieza vial complementaria en ocasi\u00f3n de mercadillos, fiestas y manifestaciones en espacios p\u00fablicos. As\u00ed mismo, se organizan operativos especiales para la remoci\u00f3n de grafitis, la recogida de hojas, la retirada de chicles, el descombre despu\u00e9s de las nevadas, el saneamiento de las m\u00e1rgenes de los r\u00edos, etc.&nbsp;<\/p>\n\n\n\n<p>Los residuos que se recogen en la limpieza viaria son de cantidad y naturaleza muy variable, y dependen directamente del comportamiento de los ciudadanos. Suelen ser residuos dom\u00e9sticos, como restos de embalajes ligeros, papel, vidrio y pl\u00e1stico, pero tambi\u00e9n pueden encontrarse tierra y part\u00edculas de las obras realizadas en la v\u00eda p\u00fablica, tierras&nbsp; transportadas por vientos y lluvias, restos de fauna y flora, part\u00edculas sedimentadas procedentes de la atm\u00f3sfera, part\u00edculas procedentes de los gases de tubos de escape de veh\u00edculos.&nbsp;<\/p>\n\n\n\n<h2 class=\"wp-block-heading\">\u00bfQu\u00e9 sistemas de limpieza viaria existen?&nbsp;<\/h2>\n\n\n\n<p>Los sistemas de limpieza viaria se pueden dividir en dos grandes bloques:<\/p>\n\n\n\n<ol class=\"wp-block-list\"><li>B\u00e1sicos: barrido y baldeo.<\/li><li>Especiales o auxiliares: succionado, fregado, chorro de aire, limpieza de puntos cr\u00edticos con productos qu\u00edmicos, etc.<\/li><\/ol>\n\n\n\n<p>Para decidir el sistema de limpieza m\u00e1s adecuado se deber\u00e1 tener en cuenta diferentes aspectos, como las infraestructuras urbanas; el personal, las tecnolog\u00edas y maquinarias disponibles; el uso com\u00fan de los espacios, etc. Por otro lado, la densidad de la poblaci\u00f3n y el volumen de tr\u00e1fico ser\u00e1n factores decisivos para determinar la frecuencia de limpieza de cada zona, seg\u00fan se trate de \u00e1reas centrales y de alta concentraci\u00f3n de poblaci\u00f3n o de zonas perif\u00e9ricas de media o baja concentraci\u00f3n.&nbsp;<\/p>\n\n\n\n<h2 class=\"wp-block-heading\">\u00bfQu\u00e9 se necesita para ser operario de limpieza viaria?&nbsp;<\/h2>\n\n\n\n<p>Cualquier libre profesional puede optar a ser Operario de Limpieza Viaria en la convocatoria de los ayuntamientos mientras supere las pruebas y posea una adecuada formaci\u00f3n en cuanto a:<\/p>\n\n\n\n<ol class=\"wp-block-list\"><li>Residuos y las principales normativas que regulan su gesti\u00f3n.<\/li><li>Principales sistemas, maquinarias, herramientas y productos de limpieza viaria.<\/li><li>Medidas de seguridad e higiene que protegen la salud del operario.<\/li><\/ol>\n\n\n\n<p>Normalmente, las convocatorias para optar a ser Operario de Limpieza Viaria contienen los 15 temas siguiente:<\/p>\n\n\n\n<p>Tema 1. La Constituci\u00f3n espa\u00f1ola de 1978: estructura y contenido<\/p>\n\n\n\n<p>Tema 2. Derechos y deberes fundamentales<\/p>\n\n\n\n<p>Tema 3. Las Cortes Generales. Caracter\u00edsticas y r\u00e9gimen jur\u00eddico<\/p>\n\n\n\n<p>Tema 4. Organizaci\u00f3n del Ayuntamiento<\/p>\n\n\n\n<p>Tema 5. El personal al servicio de las Administraciones P\u00fablicas: tipolog\u00eda. Derechos y deberes de los empleados p\u00fablicos. R\u00e9gimen disciplinario. Sistema retributivo<\/p>\n\n\n\n<p>Tema 6. Conceptos generales sobre sistemas de limpieza<\/p>\n\n\n\n<p>Tema 7. Utensilios de limpieza. Descripci\u00f3n y modo de empleo<\/p>\n\n\n\n<p>Tema 8. Sistemas de barrido. Organizaci\u00f3n, medios y clases<\/p>\n\n\n\n<p>Tema 9. Productos de limpieza. Caracter\u00edsticas y aplicaciones<\/p>\n\n\n\n<p>Tema 10. Conocimiento de materiales y herramientas utilizadas en el Servicio de Limpieza Viaria<\/p>\n\n\n\n<p>Tema 11. Nociones generales sobre la retirada de residuos<\/p>\n\n\n\n<p>Tema 12. Medidas de seguridad e higiene para la protecci\u00f3n del trabajador<\/p>\n\n\n\n<p>Tema 13. Prevenci\u00f3n de accidentes<\/p>\n\n\n\n<p>Tema 14. Derechos y obligaciones del empresario y de los trabajadores en la prevenci\u00f3n de accidentes de trabajo<\/p>\n\n\n\n<p>Tema 15. Ordenanzas municipales sobre la limpieza de las v\u00edas p\u00fablicas y la recogida de residuos y de convivencia ciudadana<\/p>\n\n\n\n<h2 class=\"wp-block-heading\">\u00bfQu\u00e9 referente de limpieza viaria existe en Espa\u00f1a?<\/h2>\n\n\n\n<p>A trav\u00e9s de su unidad Ferrovial Servicios, Ferrovial&nbsp; contin\u00faa siendo un referente en materia de limpieza viaria. Actualmente presta servicio a m\u00e1s de 600 municipios, entre los cuales m\u00e1s de una docena de ayuntamientos en el Pa\u00eds Vasco.<\/p>\n\n\n\n<p>Adem\u00e1s de los servicios de barrido, recogida de residuos y limpieza b\u00e1sicos, Ferrovial se encarga del mantenimiento, reparaci\u00f3n y desatasco de redes de evacuaci\u00f3n de aguas y la limpieza del alcantarillado, de redes de agua fecales y pluviales.<\/p>\n\n\n\n<h2 class=\"wp-block-heading\">Aspectos curiosos sobre limpieza viaria<\/h2>\n\n\n\n<ul class=\"wp-block-list\"><li>Los retretes o excusados empezaron a ser un elemento com\u00fan en los hogares a partir del a\u00f1o 1500, aproximadamente. Antes, en las ciudades, se acostumbraba arrojar los excrementos por la ventana.<\/li><li>En una lista de los pa\u00edses m\u00e1s limpios elaborada por Forbes, Espa\u00f1a ocupa el lugar n\u00famero 30 de 149. Los cinco primeros puestos los ocupan: Suiza, Noruega, Suecia, Finlandia y Costa Rica. En los dos \u00faltimos puestos est\u00e1n Angola y Nigeria.<\/li><li>De las ciudades espa\u00f1olas, Oviedo es la mejor valorada por su limpieza, seguida por Bilbao y Vigo.<\/li><\/ul>\n<\/div><\/m-wysiwig>\n\n\n    <m-projects-distributor2 :translations='{\n        &quot;prev&quot;:&quot;Anterior&quot;,\n        &quot;next&quot;:&quot;Siguiente&quot;,\n        &quot;paginationseparator&quot;:&quot;de&quot;\n    }'>\n                        <h2 slot=\"title\">\n                Nuestros proyectos destacados                <\/h2>\n                        <a slot='button' title='Conoce nuestros proyectos ' href='https:\/\/www.ferrovial.com\/es\/cintra\/proyectos\/'>\n            Conoce nuestros proyectos         <\/a>\n\n            <\/m-projects-distributor2>\n\n    ","protected":false},"excerpt":{"rendered":"","protected":false},"featured_media":0,"parent":25267,"menu_order":0,"comment_status":"closed","ping_status":"closed","template":"","meta":{"_acf_changed":false,"footnotes":""},"class_list":["post-215306","page","type-page","status-publish","hentry"],"acf":[],"yoast_head":"<!-- This site is optimized with the Yoast SEO plugin v27.2 - https:\/\/yoast.com\/product\/yoast-seo-wordpress\/ -->\n<title>Limpieza viaria: calles y espacios p\u00fablicos - Ferrovial<\/title>\n<meta name=\"description\" content=\"La limpieza viaria engloba tareas para retirar la suciedad y los residuos de las calles, aceras, paseos, plazas, etc., y de los distintos elementos de mobiliario urbano.\" \/>\n<meta name=\"robots\" content=\"index, follow, max-snippet:-1, max-image-preview:large, max-video-preview:-1\" \/>\n<link rel=\"canonical\" href=\"https:\/\/www.ferrovial.com\/es\/recursos\/limpieza-viaria\/\" \/>\n<meta property=\"og:locale\" content=\"es_ES\" \/>\n<meta property=\"og:type\" content=\"article\" \/>\n<meta property=\"og:title\" content=\"Limpieza viaria: calles y espacios p\u00fablicos - Ferrovial\" \/>\n<meta property=\"og:description\" content=\"La limpieza viaria engloba tareas para retirar la suciedad y los residuos de las calles, aceras, paseos, plazas, etc., y de los distintos elementos de mobiliario urbano.\" \/>\n<meta property=\"og:url\" content=\"https:\/\/www.ferrovial.com\/es\/recursos\/limpieza-viaria\/\" \/>\n<meta property=\"og:site_name\" content=\"Ferrovial\" \/>\n<meta property=\"article:publisher\" content=\"https:\/\/www.facebook.com\/ferrovial\" \/>\n<meta property=\"article:modified_time\" content=\"2022-09-22T16:32:20+00:00\" \/>\n<meta name=\"twitter:card\" content=\"summary_large_image\" \/>\n<meta name=\"twitter:site\" content=\"@ferrovial\" \/>\n<meta name=\"twitter:label1\" content=\"Est. reading time\" \/>\n\t<meta name=\"twitter:data1\" content=\"6 minutos\" \/>\n<!-- \/ Yoast SEO plugin. -->","yoast_head_json":{"title":"Limpieza viaria: calles y espacios p\u00fablicos - Ferrovial","description":"La limpieza viaria engloba tareas para retirar la suciedad y los residuos de las calles, aceras, paseos, plazas, etc., y de los distintos elementos de mobiliario urbano.","robots":{"index":"index","follow":"follow","max-snippet":"max-snippet:-1","max-image-preview":"max-image-preview:large","max-video-preview":"max-video-preview:-1"},"canonical":"https:\/\/www.ferrovial.com\/es\/recursos\/limpieza-viaria\/","og_locale":"es_ES","og_type":"article","og_title":"Limpieza viaria: calles y espacios p\u00fablicos - Ferrovial","og_description":"La limpieza viaria engloba tareas para retirar la suciedad y los residuos de las calles, aceras, paseos, plazas, etc., y de los distintos elementos de mobiliario urbano.","og_url":"https:\/\/www.ferrovial.com\/es\/recursos\/limpieza-viaria\/","og_site_name":"Ferrovial","article_publisher":"https:\/\/www.facebook.com\/ferrovial","article_modified_time":"2022-09-22T16:32:20+00:00","twitter_card":"summary_large_image","twitter_site":"@ferrovial","twitter_misc":{"Est. reading time":"6 minutos"},"schema":{"@context":"https:\/\/schema.org","@graph":[{"@type":"WebPage","@id":"https:\/\/www.ferrovial.com\/es\/recursos\/limpieza-viaria\/","url":"https:\/\/www.ferrovial.com\/es\/recursos\/limpieza-viaria\/","name":"Limpieza viaria: calles y espacios p\u00fablicos - Ferrovial","isPartOf":{"@id":"https:\/\/www.ferrovial.com\/es\/#website"},"datePublished":"2022-02-16T08:13:22+00:00","dateModified":"2022-09-22T16:32:20+00:00","description":"La limpieza viaria engloba tareas para retirar la suciedad y los residuos de las calles, aceras, paseos, plazas, etc., y de los distintos elementos de mobiliario urbano.","breadcrumb":{"@id":"https:\/\/www.ferrovial.com\/es\/recursos\/limpieza-viaria\/#breadcrumb"},"inLanguage":"es","potentialAction":[{"@type":"ReadAction","target":["https:\/\/www.ferrovial.com\/es\/recursos\/limpieza-viaria\/"]}]},{"@type":"BreadcrumbList","@id":"https:\/\/www.ferrovial.com\/es\/recursos\/limpieza-viaria\/#breadcrumb","itemListElement":[{"@type":"ListItem","position":1,"name":"Portada","item":"https:\/\/www.ferrovial.com\/es\/"},{"@type":"ListItem","position":2,"name":"Recursos","item":"https:\/\/www.ferrovial.com\/es\/recursos\/"},{"@type":"ListItem","position":3,"name":"Limpieza viaria"}]},{"@type":"WebSite","@id":"https:\/\/www.ferrovial.com\/es\/#website","url":"https:\/\/www.ferrovial.com\/es\/","name":"Ferrovial","description":"Welcome to the Ferrovial&#039;s website, global operator of sustainable infrastructure. Here you can find all the information about the company and subsidiaries.","publisher":{"@id":"https:\/\/www.ferrovial.com\/es\/#organization"},"potentialAction":[{"@type":"SearchAction","target":{"@type":"EntryPoint","urlTemplate":"https:\/\/www.ferrovial.com\/es\/?s={search_term_string}"},"query-input":{"@type":"PropertyValueSpecification","valueRequired":true,"valueName":"search_term_string"}}],"inLanguage":"es"},{"@type":"Organization","@id":"https:\/\/www.ferrovial.com\/es\/#organization","name":"Ferrovial S.A.","url":"https:\/\/www.ferrovial.com\/es\/","logo":{"@type":"ImageObject","inLanguage":"es","@id":"https:\/\/www.ferrovial.com\/es\/#\/schema\/logo\/image\/","url":"https:\/\/static.ferrovial.com\/wp-content\/uploads\/2020\/01\/13124948\/logo-ferrovial-cf7.png","contentUrl":"https:\/\/static.ferrovial.com\/wp-content\/uploads\/2020\/01\/13124948\/logo-ferrovial-cf7.png","width":144,"height":32,"caption":"Ferrovial S.A."},"image":{"@id":"https:\/\/www.ferrovial.com\/es\/#\/schema\/logo\/image\/"},"sameAs":["https:\/\/www.facebook.com\/ferrovial","https:\/\/x.com\/ferrovial","https:\/\/www.instagram.com\/ferrovial\/","https:\/\/www.linkedin.com\/company\/ferrovial","https:\/\/www.pinterest.es\/ferrovial\/","https:\/\/www.youtube.com\/ferrovial","https:\/\/en.wikipedia.org\/wiki\/Ferrovial"]}]}},"_links":{"self":[{"href":"https:\/\/www.ferrovial.com\/es\/wp-json\/wp\/v2\/pages\/215306","targetHints":{"allow":["GET"]}}],"collection":[{"href":"https:\/\/www.ferrovial.com\/es\/wp-json\/wp\/v2\/pages"}],"about":[{"href":"https:\/\/www.ferrovial.com\/es\/wp-json\/wp\/v2\/types\/page"}],"replies":[{"embeddable":true,"href":"https:\/\/www.ferrovial.com\/es\/wp-json\/wp\/v2\/comments?post=215306"}],"version-history":[{"count":2,"href":"https:\/\/www.ferrovial.com\/es\/wp-json\/wp\/v2\/pages\/215306\/revisions"}],"predecessor-version":[{"id":239563,"href":"https:\/\/www.ferrovial.com\/es\/wp-json\/wp\/v2\/pages\/215306\/revisions\/239563"}],"up":[{"embeddable":true,"href":"https:\/\/www.ferrovial.com\/es\/wp-json\/wp\/v2\/pages\/25267"}],"wp:attachment":[{"href":"https:\/\/www.ferrovial.com\/es\/wp-json\/wp\/v2\/media?parent=215306"}],"curies":[{"name":"wp","href":"https:\/\/api.w.org\/{rel}","templated":true}]}}