{"id":215313,"date":"2022-02-16T09:16:48","date_gmt":"2022-02-16T08:16:48","guid":{"rendered":"https:\/\/www.ferrovial.com\/?page_id=215313"},"modified":"2022-09-22T18:56:02","modified_gmt":"2022-09-22T16:56:02","slug":"aparcamiento","status":"publish","type":"page","link":"https:\/\/www.ferrovial.com\/es\/recursos\/aparcamiento\/","title":{"rendered":"Aparcamiento"},"content":{"rendered":"    <m-final-content-header >\n            <c-breadcrumb label-text=\"Breadcrumb\" slot=\"breadcrumbs\" type='2' align='left' wrap='wrapped wrapped' aria-label='Vienes de Recursos'>\n                        <ol>\n\n                                                            <li><a href=\"https:\/\/www.ferrovial.com\/es\/\" title=\"Ferrovial\">Ferrovial<\/a><\/li>\n                                                                        <li><a href=\"https:\/\/www.ferrovial.com\/es\/recursos\/\" title=\"Recursos\">Recursos<\/a><\/li>\n                                    \n                <\/ol>\n\n                <\/c-breadcrumb>\n    \n        <div slot=\"header\">\n            <h1>\n                Aparcamiento            <\/h1>\n                    <\/div>\n    <\/m-final-content-header>\n\n    \n\n\n<m-wysiwig class=\"wp-block-components-wysiwyg\"><div slot=\"maincontent\">\n<p><script type=\"application\/ld+json\">\n{\n  \"@context\": \"https:\/\/schema.org\",\n  \"@type\": \"FAQPage\",\n  \"mainEntity\": [{\n    \"@type\": \"Question\",\n    \"name\": \"\u00bfQu\u00e9 es un aparcamiento?\",\n    \"acceptedAnswer\": {\n      \"@type\": \"Answer\",\n      \"text\": \"Un aparcamiento es un espacio en el cual se puede estacionar un veh\u00edculo. Generalmente se piensa en coches, pero hay aparcamientos orientados a motocicletas e incluso parkings industriales de bicicletas como ocurre en Pa\u00edses Bajos.\"\n    }\n  },{\n    \"@type\": \"Question\",\n    \"name\": \"\u00bfQu\u00e9 tipos de aparcamientos hay?\",\n    \"acceptedAnswer\": {\n      \"@type\": \"Answer\",\n      \"text\": \"Los aparcamientos m\u00e1s frecuentes en los municipios son los espacios en la v\u00eda p\u00fablica destinada a coches, motos y otros veh\u00edculos, ya sea en l\u00ednea o en bater\u00eda. Algunos se dise\u00f1an sobre explanadas, a menudo en \u00e1reas pr\u00f3ximas a otros transportes como estaciones de tren o aeropuertos.\"\n    }\n  },{\n    \"@type\": \"Question\",\n    \"name\": \"Aparcamientos con la \u00faltima tecnolog\u00eda\",\n    \"acceptedAnswer\": {\n      \"@type\": \"Answer\",\n      \"text\": \"Desde hace a\u00f1os es posible encontrar aparcamientos que indican la ruta m\u00e1s corta al primer espacio disponible. Gracias a sensores ubicados sobre o bajo las plazas, es posible conocer cu\u00e1les est\u00e1n ocupadas. Ahorra tiempo y frustraci\u00f3n.\nEn cada vez m\u00e1s aparcamientos se observan otros usos complementarios, como puntos para dejar veh\u00edculos de alquiler georeferenciados, e incluso puntos de recarga para veh\u00edculos el\u00e9ctricos.\"\n    }\n  }]\n}\n<\/script><p>Los <strong>aparcamientos<\/strong> han cobrado una especial relevancia en los \u00faltimos a\u00f1os. Algunos de los motivos son permitir la movilidad de las personas, establecer <strong>puntos de recarga para veh\u00edculos el\u00e9ctricos<\/strong>, dejar atr\u00e1s el tr\u00e1fico de agitaci\u00f3n o disuadir del uso de coche en el n\u00facleo urbano.<\/p><\/p>\n\n\n\n<p>Durante la pandemia, algunos como <a href=\"https:\/\/www.ferrovial.com\/es\/negocio\/proyectos\/serranopark\/\" target=\"_blank\" rel=\"noreferrer noopener\">Serrano Park<\/a> sirvieron para <a href=\"https:\/\/www.abc.es\/economia\/abci-ferrovial-facilita-830-plazas-parking-gratuito-para-personal-sanitario-202003271256_noticia.html\" target=\"_blank\" rel=\"noreferrer noopener\">que los sanitarios pudiesen dejar el coche<\/a>. Este aparcamiento madrile\u00f1o facilit\u00f3 830 plazas de parking completamente gratuito para sanitarios, que en aquel momento contaban con <a href=\"https:\/\/www.ferrovial.com\/blog\/es\/2020\/03\/el-hospital-de-campana-de-ifema\/\" target=\"_blank\" rel=\"noreferrer noopener\">una carga de trabajo inmensa<\/a>.<\/p>\n\n\n\n<h2 class=\"wp-block-heading\">\u00bfQu\u00e9 es un aparcamiento?<\/h2>\n\n\n\n<p>Un aparcamiento es <strong>un espacio en el cual se puede estacionar un veh\u00edculo<\/strong>. Generalmente se piensa en coches, pero hay aparcamientos orientados a motocicletas e incluso <em>parkings<\/em> industriales de bicicletas como ocurre en Pa\u00edses Bajos. En estos lugares es posible aparcar con seguridad.<\/p>\n\n\n\n<h2 class=\"wp-block-heading\">\u00bfQu\u00e9 tipos de aparcamientos hay?<\/h2>\n\n\n\n<p>Los aparcamientos m\u00e1s frecuentes en los municipios son los espacios en la v\u00eda p\u00fablica destinada a coches, motos y otros veh\u00edculos, ya sea en l\u00ednea o en bater\u00eda. Algunos se dise\u00f1an sobre explanadas, a menudo en \u00e1reas pr\u00f3ximas a otros transportes como estaciones de tren o aeropuertos.<\/p>\n\n\n\n<p>En la ciudad, cada vez m\u00e1s los aparcamientos suelen construirse <strong>bajo suelo<\/strong>. Tanto para vecinos y residentes como para visitantes, como ocurre en los parkings disuasorios. Su coste econ\u00f3mico se compensa con m\u00e1s \u00e1rea libre en superficie. As\u00ed es posible peatonalizar m\u00e1s, dar espacio a parques y jardines, o aportar superficie para movilidades de bajo impacto.<\/p>\n\n\n\n<h2 class=\"wp-block-heading\">Aparcamientos con la \u00faltima tecnolog\u00eda<\/h2>\n\n\n\n<p>Desde hace a\u00f1os es posible encontrar <strong>aparcamientos que indican la ruta m\u00e1s corta<\/strong> al primer espacio disponible. Gracias a sensores ubicados sobre o bajo las plazas, es posible conocer cu\u00e1les est\u00e1n ocupadas. Ahorra tiempo y frustraci\u00f3n.<\/p>\n\n\n\n<p>En cada vez m\u00e1s aparcamientos se observan otros usos complementarios, como puntos para dejar veh\u00edculos de alquiler georeferenciados, e incluso <strong>puntos de recarga para veh\u00edculos el\u00e9ctricos<\/strong>.<\/p>\n\n\n\n<p>La infraestructura de los aparcamientos se est\u00e1 demostrando crucial a la hora de adoptar movilidades m\u00e1s sostenibles, ya sea dando soporte a veh\u00edculos el\u00e9ctricos o liberando espacio para bicicletas o \u00e1reas peatonalizadas.<\/p>\n<\/div><\/m-wysiwig>\n\n\n    <m-projects-distributor2 :translations='{\n        &quot;prev&quot;:&quot;Anterior&quot;,\n        &quot;next&quot;:&quot;Siguiente&quot;,\n        &quot;paginationseparator&quot;:&quot;de&quot;\n    }'>\n                        <h2 slot=\"title\">\n                Nuestros proyectos destacados                <\/h2>\n                        <a slot='button' title='Conoce nuestros proyectos ' href='https:\/\/www.ferrovial.com\/es\/cintra\/proyectos\/'>\n            Conoce nuestros proyectos         <\/a>\n\n            <\/m-projects-distributor2>\n\n    ","protected":false},"excerpt":{"rendered":"","protected":false},"featured_media":0,"parent":25267,"menu_order":0,"comment_status":"closed","ping_status":"closed","template":"","meta":{"_acf_changed":false,"footnotes":""},"class_list":["post-215313","page","type-page","status-publish","hentry"],"acf":[],"yoast_head":"<!-- This site is optimized with the Yoast SEO plugin v27.2 - https:\/\/yoast.com\/product\/yoast-seo-wordpress\/ -->\n<title>Aparcamiento: qu\u00e9 es y qu\u00e9 tipos existen - Ferrovial<\/title>\n<meta name=\"description\" content=\"Los aparcamientos m\u00e1s frecuentes en los municipios son los espacios en la v\u00eda p\u00fablica destinada a coches, motos y otros veh\u00edculos, ya sea en l\u00ednea o en bater\u00eda.\" \/>\n<meta name=\"robots\" content=\"index, follow, max-snippet:-1, max-image-preview:large, max-video-preview:-1\" \/>\n<link rel=\"canonical\" href=\"https:\/\/www.ferrovial.com\/es\/recursos\/aparcamiento\/\" \/>\n<meta property=\"og:locale\" content=\"es_ES\" \/>\n<meta property=\"og:type\" content=\"article\" \/>\n<meta property=\"og:title\" content=\"Aparcamiento: qu\u00e9 es y qu\u00e9 tipos existen - Ferrovial\" \/>\n<meta property=\"og:description\" content=\"Los aparcamientos m\u00e1s frecuentes en los municipios son los espacios en la v\u00eda p\u00fablica destinada a coches, motos y otros veh\u00edculos, ya sea en l\u00ednea o en bater\u00eda.\" \/>\n<meta property=\"og:url\" content=\"https:\/\/www.ferrovial.com\/es\/recursos\/aparcamiento\/\" \/>\n<meta property=\"og:site_name\" content=\"Ferrovial\" \/>\n<meta property=\"article:publisher\" content=\"https:\/\/www.facebook.com\/ferrovial\" \/>\n<meta property=\"article:modified_time\" content=\"2022-09-22T16:56:02+00:00\" \/>\n<meta name=\"twitter:card\" content=\"summary_large_image\" \/>\n<meta name=\"twitter:site\" content=\"@ferrovial\" \/>\n<meta name=\"twitter:label1\" content=\"Est. reading time\" \/>\n\t<meta name=\"twitter:data1\" content=\"3 minutos\" \/>\n<!-- \/ Yoast SEO plugin. -->","yoast_head_json":{"title":"Aparcamiento: qu\u00e9 es y qu\u00e9 tipos existen - Ferrovial","description":"Los aparcamientos m\u00e1s frecuentes en los municipios son los espacios en la v\u00eda p\u00fablica destinada a coches, motos y otros veh\u00edculos, ya sea en l\u00ednea o en bater\u00eda.","robots":{"index":"index","follow":"follow","max-snippet":"max-snippet:-1","max-image-preview":"max-image-preview:large","max-video-preview":"max-video-preview:-1"},"canonical":"https:\/\/www.ferrovial.com\/es\/recursos\/aparcamiento\/","og_locale":"es_ES","og_type":"article","og_title":"Aparcamiento: qu\u00e9 es y qu\u00e9 tipos existen - Ferrovial","og_description":"Los aparcamientos m\u00e1s frecuentes en los municipios son los espacios en la v\u00eda p\u00fablica destinada a coches, motos y otros veh\u00edculos, ya sea en l\u00ednea o en bater\u00eda.","og_url":"https:\/\/www.ferrovial.com\/es\/recursos\/aparcamiento\/","og_site_name":"Ferrovial","article_publisher":"https:\/\/www.facebook.com\/ferrovial","article_modified_time":"2022-09-22T16:56:02+00:00","twitter_card":"summary_large_image","twitter_site":"@ferrovial","twitter_misc":{"Est. reading time":"3 minutos"},"schema":{"@context":"https:\/\/schema.org","@graph":[{"@type":"WebPage","@id":"https:\/\/www.ferrovial.com\/es\/recursos\/aparcamiento\/","url":"https:\/\/www.ferrovial.com\/es\/recursos\/aparcamiento\/","name":"Aparcamiento: qu\u00e9 es y qu\u00e9 tipos existen - Ferrovial","isPartOf":{"@id":"https:\/\/www.ferrovial.com\/es\/#website"},"datePublished":"2022-02-16T08:16:48+00:00","dateModified":"2022-09-22T16:56:02+00:00","description":"Los aparcamientos m\u00e1s frecuentes en los municipios son los espacios en la v\u00eda p\u00fablica destinada a coches, motos y otros veh\u00edculos, ya sea en l\u00ednea o en bater\u00eda.","breadcrumb":{"@id":"https:\/\/www.ferrovial.com\/es\/recursos\/aparcamiento\/#breadcrumb"},"inLanguage":"es","potentialAction":[{"@type":"ReadAction","target":["https:\/\/www.ferrovial.com\/es\/recursos\/aparcamiento\/"]}]},{"@type":"BreadcrumbList","@id":"https:\/\/www.ferrovial.com\/es\/recursos\/aparcamiento\/#breadcrumb","itemListElement":[{"@type":"ListItem","position":1,"name":"Portada","item":"https:\/\/www.ferrovial.com\/es\/"},{"@type":"ListItem","position":2,"name":"Recursos","item":"https:\/\/www.ferrovial.com\/es\/recursos\/"},{"@type":"ListItem","position":3,"name":"Aparcamiento"}]},{"@type":"WebSite","@id":"https:\/\/www.ferrovial.com\/es\/#website","url":"https:\/\/www.ferrovial.com\/es\/","name":"Ferrovial","description":"Welcome to the Ferrovial&#039;s website, global operator of sustainable infrastructure. Here you can find all the information about the company and subsidiaries.","publisher":{"@id":"https:\/\/www.ferrovial.com\/es\/#organization"},"potentialAction":[{"@type":"SearchAction","target":{"@type":"EntryPoint","urlTemplate":"https:\/\/www.ferrovial.com\/es\/?s={search_term_string}"},"query-input":{"@type":"PropertyValueSpecification","valueRequired":true,"valueName":"search_term_string"}}],"inLanguage":"es"},{"@type":"Organization","@id":"https:\/\/www.ferrovial.com\/es\/#organization","name":"Ferrovial S.A.","url":"https:\/\/www.ferrovial.com\/es\/","logo":{"@type":"ImageObject","inLanguage":"es","@id":"https:\/\/www.ferrovial.com\/es\/#\/schema\/logo\/image\/","url":"https:\/\/static.ferrovial.com\/wp-content\/uploads\/2020\/01\/13124948\/logo-ferrovial-cf7.png","contentUrl":"https:\/\/static.ferrovial.com\/wp-content\/uploads\/2020\/01\/13124948\/logo-ferrovial-cf7.png","width":144,"height":32,"caption":"Ferrovial S.A."},"image":{"@id":"https:\/\/www.ferrovial.com\/es\/#\/schema\/logo\/image\/"},"sameAs":["https:\/\/www.facebook.com\/ferrovial","https:\/\/x.com\/ferrovial","https:\/\/www.instagram.com\/ferrovial\/","https:\/\/www.linkedin.com\/company\/ferrovial","https:\/\/www.pinterest.es\/ferrovial\/","https:\/\/www.youtube.com\/ferrovial","https:\/\/en.wikipedia.org\/wiki\/Ferrovial"]}]}},"_links":{"self":[{"href":"https:\/\/www.ferrovial.com\/es\/wp-json\/wp\/v2\/pages\/215313","targetHints":{"allow":["GET"]}}],"collection":[{"href":"https:\/\/www.ferrovial.com\/es\/wp-json\/wp\/v2\/pages"}],"about":[{"href":"https:\/\/www.ferrovial.com\/es\/wp-json\/wp\/v2\/types\/page"}],"replies":[{"embeddable":true,"href":"https:\/\/www.ferrovial.com\/es\/wp-json\/wp\/v2\/comments?post=215313"}],"version-history":[{"count":3,"href":"https:\/\/www.ferrovial.com\/es\/wp-json\/wp\/v2\/pages\/215313\/revisions"}],"predecessor-version":[{"id":239579,"href":"https:\/\/www.ferrovial.com\/es\/wp-json\/wp\/v2\/pages\/215313\/revisions\/239579"}],"up":[{"embeddable":true,"href":"https:\/\/www.ferrovial.com\/es\/wp-json\/wp\/v2\/pages\/25267"}],"wp:attachment":[{"href":"https:\/\/www.ferrovial.com\/es\/wp-json\/wp\/v2\/media?parent=215313"}],"curies":[{"name":"wp","href":"https:\/\/api.w.org\/{rel}","templated":true}]}}