{"id":215319,"date":"2022-02-16T09:22:44","date_gmt":"2022-02-16T08:22:44","guid":{"rendered":"https:\/\/www.ferrovial.com\/?page_id=215319"},"modified":"2024-09-10T13:50:41","modified_gmt":"2024-09-10T11:50:41","slug":"5g","status":"publish","type":"page","link":"https:\/\/www.ferrovial.com\/es\/recursos\/5g\/","title":{"rendered":"Tecnolog\u00eda 5G"},"content":{"rendered":"    <m-final-content-header >\n            <c-breadcrumb label-text=\"Breadcrumb\" slot=\"breadcrumbs\" type='2' align='left' wrap='wrapped wrapped' aria-label='Vienes de Recursos'>\n                        <ol>\n\n                                                            <li><a href=\"https:\/\/www.ferrovial.com\/es\/\" title=\"Ferrovial\">Ferrovial<\/a><\/li>\n                                                                        <li><a href=\"https:\/\/www.ferrovial.com\/es\/recursos\/\" title=\"Recursos\">Recursos<\/a><\/li>\n                                    \n                <\/ol>\n\n                <\/c-breadcrumb>\n    \n        <div slot=\"header\">\n            <h1>\n                5G            <\/h1>\n                    <\/div>\n    <\/m-final-content-header>\n\n    \n\n\n<m-wysiwig class=\"wp-block-components-wysiwyg\"><div slot=\"maincontent\">\n<p><script>\n{\n  \"@context\": \"https:\/\/schema.org\",\n  \"@type\": \"FAQPage\",\n  \"mainEntity\": [{\n    \"@type\": \"Question\",\n    \"name\": \"\u00bfC\u00f3mo funciona el 5G?\",\n    \"acceptedAnswer\": {\n      \"@type\": \"Answer\",\n      \"text\": \"El 5G se sustenta en ondas de radio de alta frecuencia, para recibir y transmitir datos y as\u00ed mantener la conectividad. Se trata de micro frecuencias que, aunque poseen un gran ancho de banda, se debilitan r\u00e1pidamente a largas distancias, por lo que implican la instalaci\u00f3n de m\u00faltiples torres con antenas para el soporte de red y la transmisi\u00f3n y rebote de se\u00f1al.\"\n    }\n  },{\n    \"@type\": \"Question\",\n    \"name\": \"\u00bfPara qu\u00e9 sirve el 5G?\",\n    \"acceptedAnswer\": {\n      \"@type\": \"Answer\",\n      \"text\": \"Mientras m\u00e1s avanza la tecnolog\u00eda, m\u00e1s aumenta la necesidad de estar conectados a la red y, por lo tanto, a actualizar el sistema de interconexi\u00f3n. El 5G se implementa para conectar a las personas con todo lo que los rodea (objetos, dispositivos del hogar, aplicaciones, sistemas de transporte y automoci\u00f3n, ciudades, medicina y m\u00e1s) a una velocidad mayor y a menor tiempo de espera.\"\n    }\n  },{\n    \"@type\": \"Question\",\n    \"name\": \"\u00bfCu\u00e1les son las ventajas y desventajas del 5G?\",\n    \"acceptedAnswer\": {\n      \"@type\": \"Answer\",\n      \"text\": \"<ul>\n<li>Aumento de la velocidad de la red<\/li>\n<li>Aumento de dispositivos conectados<\/li>\n<li>Reducci\u00f3n de la latencia<\/li>\n<li>Mejora del ancho de banda<\/li>\n<li>Impulso de nuevas tecnolog\u00edas<\/li>\n<\/ul>\nA pesar de todas estas ventajas, la implementaci\u00f3n del 5G supone ciertas inc\u00f3gnitas por su car\u00e1cter progresivo, lo que se traduce en una ralentizaci\u00f3n de su total instauraci\u00f3n. Adem\u00e1s, estos avances tecnol\u00f3gicos siempre significan un gasto en desarrollo de infraestructura. En el caso de los operadores en Espa\u00f1a, solo la instalaci\u00f3n de antenas y redes 5G representa una inversi\u00f3n de miles de millones de euros.\"\n    }\n  },{\n    \"@type\": \"Question\",\n    \"name\": \"\u00bfCu\u00e1ndo llega el 5G a Espa\u00f1a?\",\n    \"acceptedAnswer\": {\n      \"@type\": \"Answer\",\n      \"text\": \"La implantaci\u00f3n del 5G en Espa\u00f1a empez\u00f3 a producirse en el \u00faltimo cuatrimestre de 2020 en las principales ciudades del pa\u00eds a trav\u00e9s de los operadores Telef\u00f3nica, Orange Vodafone y M\u00e1sM\u00f3vil, mediante la tecnolog\u00eda 5G NSA (Non Stand Alone), actualizando el software de la red de antenas 4G ya existente, mientras se despliega la tecnolog\u00eda 5G SA (Stand Alone), con una fibra \u00f3ptica independiente y con mayor velocidad.\nLa proyecci\u00f3n apunta a que en el 2025 el 75% de la poblaci\u00f3n espa\u00f1ola tenga acceso a la cobertura 5G SA.\"\n    }\n  },{\n    \"@type\": \"Question\",\n    \"name\": \"\u00bfEn qu\u00e9 lugares del mundo est\u00e1 presente el 5G?\",\n    \"acceptedAnswer\": {\n      \"@type\": \"Answer\",\n      \"text\": \"Corea del Sur fue el primer pa\u00eds del mundo en desplegar la red 5G. En Europa, Suiza fue el pa\u00eds pionero; ya en enero de 2020, el 90% de su poblaci\u00f3n pod\u00eda disfrutar de esta tecnolog\u00eda. En Am\u00e9rica, en cambio, Estados Unidos y Canad\u00e1 se encuentran a la cabeza. Hoy en d\u00eda el 5G tambi\u00e9n est\u00e1 presente en: los Emiratos \u00c1rabes, Finlandia, Reino Unido, Espa\u00f1a, Italia, Alemania, Jap\u00f3n, Irlanda, China, Ruman\u00eda, Suecia, Austria, Tailandia y B\u00e9lgica.\"\n    }\n  },{\n    \"@type\": \"Question\",\n    \"name\": \"\u00bfEs peligroso el 5G?\",\n    \"acceptedAnswer\": {\n      \"@type\": \"Answer\",\n      \"text\": \"El desarrollo del 5G ha derivado en dudas, cuestionamientos y teor\u00edas, ya que la interconectividad tambi\u00e9n supone un riesgo en el marco de ciberseguridad en caso de ser vulnerado. No obstante, teniendo en cuenta los beneficios de esta tecnolog\u00eda de telecomunicaciones y su futuro prometedor, ser\u00e1 necesario el desarrollo de medidas e instrumentos para garantizar la protecci\u00f3n y seguridad onlinede los datos de ciudadanos y empresas.\"\n    }\n  }]\n}\n<\/script><\/p>\n\n\n\n<p>El 5G hace referencia a la quinta generaci\u00f3n de tecnolog\u00eda de comunicaciones inal\u00e1mbricas, que permite la conexi\u00f3n a la red de m\u00faltiples dispositivos. Se trata de una continuaci\u00f3n y mejora del 4G (o LTE) que favorece, entre otras cosas,&nbsp;<strong>la velocidad de conexi\u00f3n y transmisi\u00f3n de datos.<\/strong>&nbsp;Las redes 5G tambi\u00e9n&nbsp;<strong>ampl\u00edan el nivel de cobertura<\/strong>&nbsp;y la capacidad de comunicaci\u00f3n a tiempo real entre distintos dispositivos, adem\u00e1s de&nbsp;<strong>reducir la latencia<\/strong>, es decir, el tiempo de respuesta web a un milisegundo.<\/p>\n\n\n\n<h2 class=\"wp-block-heading\">\u00bfC\u00f3mo funciona el 5G?<\/h2>\n\n\n\n<p>El 5G se sustenta en <strong>ondas de radio de alta frecuencia,<\/strong> para recibir y transmitir datos y as\u00ed mantener la conectividad. Se trata de micro frecuencias que, aunque poseen un gran ancho de banda, se debilitan r\u00e1pidamente a largas distancias, por lo que implican la <strong>instalaci\u00f3n de m\u00faltiples torres con antenas para el soporte de red y la transmisi\u00f3n y rebote de se\u00f1al.<\/strong><\/p>\n\n\n\n<p>Esta nueva tecnolog\u00eda de transmisi\u00f3n inal\u00e1mbrica se sostiene en la<a href=\"https:\/\/www.ferrovial.com\/es\/recursos\/infraestructura\/\" target=\"_blank\" rel=\"noreferrer noopener\"> infraestructura<\/a> ya existente que soporta la red 4G, y le <strong>suma nuevas antenas <\/strong>para asignar una frecuencia m\u00e1s alta y ampliar la se\u00f1al, <strong>moviendo la informaci\u00f3n a una velocidad mayor, casi instant\u00e1nea y en tiempo real.<\/strong><\/p>\n\n\n\n<h2 class=\"wp-block-heading\">\u00bfPara qu\u00e9 sirve el 5G?<\/h2>\n\n\n\n<p>Mientras m\u00e1s avanza la tecnolog\u00eda, m\u00e1s aumenta la necesidad de estar conectados a la red y, por lo tanto, <strong>a actualizar el sistema de interconexi\u00f3n.<\/strong> El 5G se implementa para conectar a las personas con todo lo que los rodea (objetos, dispositivos del hogar, aplicaciones, sistemas de transporte y automoci\u00f3n, ciudades, medicina y m\u00e1s) <strong>a una velocidad mayor y a menor tiempo de espera<\/strong>.<\/p>\n\n\n\n<h2 class=\"wp-block-heading\">\u00bfCu\u00e1les son las ventajas y desventajas del 5G?<\/h2>\n\n\n\n<ul class=\"wp-block-list\">\n<li><strong>Aumento de la velocidad de la red: <\/strong>el 5G<strong> <\/strong>supera los 10 GB por segundo, respecto a 1GB por segundo de las redes 4G.<\/li>\n\n\n\n<li><strong>Aumento de dispositivos conectados:<\/strong> con el 5G es posible mantener m\u00e1s de 1 mill\u00f3n de dispositivos por kil\u00f3metro cuadrado, a diferencia de los 100.000 que pueden conectarse con 4G. Todo esto gracias a la tecnolog\u00eda Mimo (<em>Multiple-Input Multiple-Output,<\/em> por sus siglas en ingl\u00e9s), que permite la conexi\u00f3n en tiempo real y contempor\u00e1nea de m\u00faltiples dispositivos.<\/li>\n\n\n\n<li><strong>Reducci\u00f3n de la latencia: <\/strong>con el 5G se reduce hasta a 1 milisegundo el tiempo que los datos tardan en recorrer la distancia entre emisor y receptor.<\/li>\n\n\n\n<li><strong>Mejora del ancho de banda:<\/strong> esto significa que la capacidad de la red y la transmisi\u00f3n del volumen de datos aumenta, lo que se traduce en mejor cobertura independientemente de la ubicaci\u00f3n, mayor conectividad y mejor rendimiento para un mayor n\u00famero de usuarios.<\/li>\n\n\n\n<li><strong>Impulso de nuevas tecnolog\u00edas: <\/strong>el 5G se complementa con otras tecnolog\u00edas, como el <em>cloud o edge computing<\/em>, que tienen como objetivo que los datos producidos por los dispositivos se procesen m\u00e1s cerca de donde se han generado, evitando recorrer largas distancias y reduciendo la latencia.<\/li>\n<\/ul>\n\n\n\n<p>A pesar de todas estas ventajas, la implementaci\u00f3n del 5G supone ciertas inc\u00f3gnitas por su car\u00e1cter progresivo, lo que se traduce en una ralentizaci\u00f3n de su total instauraci\u00f3n. Adem\u00e1s, estos avances tecnol\u00f3gicos siempre significan <strong>un gasto en desarrollo de infraestructura. <\/strong>En el caso de los operadores en Espa\u00f1a, solo la instalaci\u00f3n de antenas y redes 5G representa una inversi\u00f3n de miles de millones de euros.<\/p>\n\n\n\n<h2 class=\"wp-block-heading\">\u00bfCu\u00e1ndo llega el 5G a Espa\u00f1a? (no usar en otras versiones idiom\u00e1ticas)<\/h2>\n\n\n\n<p>La implantaci\u00f3n del 5G en Espa\u00f1a empez\u00f3 a producirse en el <strong>\u00faltimo cuatrimestre de 2020 en las principales ciudades del pa\u00eds <\/strong>a trav\u00e9s de los operadores <strong>Telef\u00f3nica, Orange Vodafone y M\u00e1sM\u00f3vil, <\/strong>mediante la tecnolog\u00eda 5G NSA (<em>Non Stand Alone<\/em>), actualizando el software de la red de antenas 4G ya existente, mientras se despliega la tecnolog\u00eda 5G SA (<em>Stand Alone<\/em>), con una fibra \u00f3ptica independiente y con mayor velocidad.<\/p>\n\n\n\n<p>La proyecci\u00f3n apunta a que en el 2025 el <strong>75% de la poblaci\u00f3n espa\u00f1ola tenga acceso a la cobertura 5G SA.<\/strong><\/p>\n\n\n\n<h2 class=\"wp-block-heading\">\u00bfEn qu\u00e9 lugares del mundo est\u00e1 presente el 5G?<\/h2>\n\n\n\n<p>Seg\u00fan Statista, las previsiones indican que el 5G podr\u00eda llegar a <strong>mil millones de usuarios <\/strong>tan solo tres a\u00f1os y medio despu\u00e9s de su entrada al mercado. Se trata de un tiempo r\u00e9cord, tomando en cuenta que al 4G le tom\u00f3 cuatro a\u00f1os alcanzar ese n\u00famero de usuarios, y al 3G hasta doce a\u00f1os lograr lo mismo.<\/p>\n\n\n\n<p>Corea del Sur fue el primer pa\u00eds del mundo en desplegar la red 5G. En Europa, Suiza fue el pa\u00eds pionero; ya en enero de 2020, el 90% de su poblaci\u00f3n pod\u00eda disfrutar de esta tecnolog\u00eda. En Am\u00e9rica, en cambio, Estados Unidos y Canad\u00e1 se encuentran a la cabeza. Hoy en d\u00eda el 5G tambi\u00e9n est\u00e1 presente en: los Emiratos \u00c1rabes, Finlandia, Reino Unido, Espa\u00f1a, Italia, Alemania, Jap\u00f3n, Irlanda, China, Ruman\u00eda, Suecia, Austria, Tailandia y B\u00e9lgica.<\/p>\n\n\n\n<h2 class=\"wp-block-heading\">\u00bfEs peligroso el 5G?<\/h2>\n\n\n\n<p>El desarrollo del 5G ha derivado en dudas, cuestionamientos y teor\u00edas, ya que la interconectividad tambi\u00e9n<strong> supone un riesgo en el marco de ciberseguridad<\/strong> en caso de ser vulnerado. No obstante, teniendo en cuenta los beneficios de esta tecnolog\u00eda de telecomunicaciones y su futuro prometedor, ser\u00e1 necesario el <strong>desarrollo de medidas e instrumentos para garantizar la protecci\u00f3n y seguridad <em>online<\/em><\/strong> de los datos de ciudadanos y empresas.<\/p>\n<\/div><\/m-wysiwig>\n\n\n    <m-projects-distributor2 :translations='{\n        &quot;prev&quot;:&quot;Anterior&quot;,\n        &quot;next&quot;:&quot;Siguiente&quot;,\n        &quot;paginationseparator&quot;:&quot;de&quot;\n    }'>\n                        <h2 slot=\"title\">\n                Nuestros proyectos destacados                <\/h2>\n                        <a slot='button' title='Conoce nuestros proyectos ' href='https:\/\/www.ferrovial.com\/es\/cintra\/proyectos\/'>\n            Conoce nuestros proyectos         <\/a>\n\n            <\/m-projects-distributor2>\n\n    ","protected":false},"excerpt":{"rendered":"","protected":false},"featured_media":0,"parent":25267,"menu_order":0,"comment_status":"closed","ping_status":"closed","template":"","meta":{"_acf_changed":false,"footnotes":""},"class_list":["post-215319","page","type-page","status-publish","hentry"],"acf":[],"yoast_head":"<!-- This site is optimized with the Yoast SEO plugin v27.2 - https:\/\/yoast.com\/product\/yoast-seo-wordpress\/ -->\n<title>C\u00f3mo funciona la tecnolog\u00eda 5g y para qu\u00e9 sirve - Ferrovial<\/title>\n<meta name=\"description\" content=\"El 5G se implementa para conectar a las personas con todo lo que los rodea a una velocidad mayor y a menor tiempo de espera. Saber m\u00e1s.\" \/>\n<meta name=\"robots\" content=\"index, follow, max-snippet:-1, max-image-preview:large, max-video-preview:-1\" \/>\n<link rel=\"canonical\" href=\"https:\/\/www.ferrovial.com\/es\/recursos\/5g\/\" \/>\n<meta property=\"og:locale\" content=\"es_ES\" \/>\n<meta property=\"og:type\" content=\"article\" \/>\n<meta property=\"og:title\" content=\"C\u00f3mo funciona la tecnolog\u00eda 5g y para qu\u00e9 sirve - Ferrovial\" \/>\n<meta property=\"og:description\" content=\"El 5G se implementa para conectar a las personas con todo lo que los rodea a una velocidad mayor y a menor tiempo de espera. Saber m\u00e1s.\" \/>\n<meta property=\"og:url\" content=\"https:\/\/www.ferrovial.com\/es\/recursos\/5g\/\" \/>\n<meta property=\"og:site_name\" content=\"Ferrovial\" \/>\n<meta property=\"article:publisher\" content=\"https:\/\/www.facebook.com\/ferrovial\" \/>\n<meta property=\"article:modified_time\" content=\"2024-09-10T11:50:41+00:00\" \/>\n<meta name=\"twitter:card\" content=\"summary_large_image\" \/>\n<meta name=\"twitter:site\" content=\"@ferrovial\" \/>\n<meta name=\"twitter:label1\" content=\"Est. reading time\" \/>\n\t<meta name=\"twitter:data1\" content=\"4 minutos\" \/>\n<!-- \/ Yoast SEO plugin. -->","yoast_head_json":{"title":"C\u00f3mo funciona la tecnolog\u00eda 5g y para qu\u00e9 sirve - Ferrovial","description":"El 5G se implementa para conectar a las personas con todo lo que los rodea a una velocidad mayor y a menor tiempo de espera. Saber m\u00e1s.","robots":{"index":"index","follow":"follow","max-snippet":"max-snippet:-1","max-image-preview":"max-image-preview:large","max-video-preview":"max-video-preview:-1"},"canonical":"https:\/\/www.ferrovial.com\/es\/recursos\/5g\/","og_locale":"es_ES","og_type":"article","og_title":"C\u00f3mo funciona la tecnolog\u00eda 5g y para qu\u00e9 sirve - Ferrovial","og_description":"El 5G se implementa para conectar a las personas con todo lo que los rodea a una velocidad mayor y a menor tiempo de espera. Saber m\u00e1s.","og_url":"https:\/\/www.ferrovial.com\/es\/recursos\/5g\/","og_site_name":"Ferrovial","article_publisher":"https:\/\/www.facebook.com\/ferrovial","article_modified_time":"2024-09-10T11:50:41+00:00","twitter_card":"summary_large_image","twitter_site":"@ferrovial","twitter_misc":{"Est. reading time":"4 minutos"},"schema":{"@context":"https:\/\/schema.org","@graph":[{"@type":"WebPage","@id":"https:\/\/www.ferrovial.com\/es\/recursos\/5g\/","url":"https:\/\/www.ferrovial.com\/es\/recursos\/5g\/","name":"C\u00f3mo funciona la tecnolog\u00eda 5g y para qu\u00e9 sirve - Ferrovial","isPartOf":{"@id":"https:\/\/www.ferrovial.com\/es\/#website"},"datePublished":"2022-02-16T08:22:44+00:00","dateModified":"2024-09-10T11:50:41+00:00","description":"El 5G se implementa para conectar a las personas con todo lo que los rodea a una velocidad mayor y a menor tiempo de espera. Saber m\u00e1s.","breadcrumb":{"@id":"https:\/\/www.ferrovial.com\/es\/recursos\/5g\/#breadcrumb"},"inLanguage":"es","potentialAction":[{"@type":"ReadAction","target":["https:\/\/www.ferrovial.com\/es\/recursos\/5g\/"]}]},{"@type":"BreadcrumbList","@id":"https:\/\/www.ferrovial.com\/es\/recursos\/5g\/#breadcrumb","itemListElement":[{"@type":"ListItem","position":1,"name":"Portada","item":"https:\/\/www.ferrovial.com\/es\/"},{"@type":"ListItem","position":2,"name":"Recursos","item":"https:\/\/www.ferrovial.com\/es\/recursos\/"},{"@type":"ListItem","position":3,"name":"Tecnolog\u00eda 5G"}]},{"@type":"WebSite","@id":"https:\/\/www.ferrovial.com\/es\/#website","url":"https:\/\/www.ferrovial.com\/es\/","name":"Ferrovial","description":"Welcome to the Ferrovial&#039;s website, global operator of sustainable infrastructure. Here you can find all the information about the company and subsidiaries.","publisher":{"@id":"https:\/\/www.ferrovial.com\/es\/#organization"},"potentialAction":[{"@type":"SearchAction","target":{"@type":"EntryPoint","urlTemplate":"https:\/\/www.ferrovial.com\/es\/?s={search_term_string}"},"query-input":{"@type":"PropertyValueSpecification","valueRequired":true,"valueName":"search_term_string"}}],"inLanguage":"es"},{"@type":"Organization","@id":"https:\/\/www.ferrovial.com\/es\/#organization","name":"Ferrovial S.A.","url":"https:\/\/www.ferrovial.com\/es\/","logo":{"@type":"ImageObject","inLanguage":"es","@id":"https:\/\/www.ferrovial.com\/es\/#\/schema\/logo\/image\/","url":"https:\/\/static.ferrovial.com\/wp-content\/uploads\/2020\/01\/13124948\/logo-ferrovial-cf7.png","contentUrl":"https:\/\/static.ferrovial.com\/wp-content\/uploads\/2020\/01\/13124948\/logo-ferrovial-cf7.png","width":144,"height":32,"caption":"Ferrovial S.A."},"image":{"@id":"https:\/\/www.ferrovial.com\/es\/#\/schema\/logo\/image\/"},"sameAs":["https:\/\/www.facebook.com\/ferrovial","https:\/\/x.com\/ferrovial","https:\/\/www.instagram.com\/ferrovial\/","https:\/\/www.linkedin.com\/company\/ferrovial","https:\/\/www.pinterest.es\/ferrovial\/","https:\/\/www.youtube.com\/ferrovial","https:\/\/en.wikipedia.org\/wiki\/Ferrovial"]}]}},"_links":{"self":[{"href":"https:\/\/www.ferrovial.com\/es\/wp-json\/wp\/v2\/pages\/215319","targetHints":{"allow":["GET"]}}],"collection":[{"href":"https:\/\/www.ferrovial.com\/es\/wp-json\/wp\/v2\/pages"}],"about":[{"href":"https:\/\/www.ferrovial.com\/es\/wp-json\/wp\/v2\/types\/page"}],"replies":[{"embeddable":true,"href":"https:\/\/www.ferrovial.com\/es\/wp-json\/wp\/v2\/comments?post=215319"}],"version-history":[{"count":3,"href":"https:\/\/www.ferrovial.com\/es\/wp-json\/wp\/v2\/pages\/215319\/revisions"}],"predecessor-version":[{"id":287915,"href":"https:\/\/www.ferrovial.com\/es\/wp-json\/wp\/v2\/pages\/215319\/revisions\/287915"}],"up":[{"embeddable":true,"href":"https:\/\/www.ferrovial.com\/es\/wp-json\/wp\/v2\/pages\/25267"}],"wp:attachment":[{"href":"https:\/\/www.ferrovial.com\/es\/wp-json\/wp\/v2\/media?parent=215319"}],"curies":[{"name":"wp","href":"https:\/\/api.w.org\/{rel}","templated":true}]}}