{"id":215326,"date":"2022-02-16T09:27:07","date_gmt":"2022-02-16T08:27:07","guid":{"rendered":"https:\/\/www.ferrovial.com\/?page_id=215326"},"modified":"2022-09-22T18:08:17","modified_gmt":"2022-09-22T16:08:17","slug":"depuradora-de-arena","status":"publish","type":"page","link":"https:\/\/www.ferrovial.com\/es\/recursos\/depuradora-de-arena\/","title":{"rendered":"Depuradora de arena"},"content":{"rendered":"    <m-final-content-header >\n            <c-breadcrumb label-text=\"Breadcrumb\" slot=\"breadcrumbs\" type='2' align='left' wrap='wrapped wrapped' aria-label='Vienes de Recursos'>\n                        <ol>\n\n                                                            <li><a href=\"https:\/\/www.ferrovial.com\/es\/\" title=\"Ferrovial\">Ferrovial<\/a><\/li>\n                                                                        <li><a href=\"https:\/\/www.ferrovial.com\/es\/recursos\/\" title=\"Recursos\">Recursos<\/a><\/li>\n                                    \n                <\/ol>\n\n                <\/c-breadcrumb>\n    \n        <div slot=\"header\">\n            <h1>\n                Depuradora de arena            <\/h1>\n                    <\/div>\n    <\/m-final-content-header>\n\n    \n\n\n<m-wysiwig class=\"wp-block-components-wysiwyg\"><div slot=\"maincontent\">\n<h2 class=\"wp-block-heading\">\u00bfQu\u00e9 es la depuradora de arena?<\/h2>\n\n\n\n<p><script type=\"application\/ld+json\">\n{\n  \"@context\": \"https:\/\/schema.org\",\n  \"@type\": \"FAQPage\",\n  \"mainEntity\": [{\n    \"@type\": \"Question\",\n    \"name\": \"\u00bfQu\u00e9 es la depuradora de arena?\",\n    \"acceptedAnswer\": {\n      \"@type\": \"Answer\",\n      \"text\": \"Una depuradora de arena es un mecanismo de filtraci\u00f3n de impurezas compuesto por un dep\u00f3sito de arena por el cual circula el agua. La arena act\u00faa como agente natural de filtrado, reteniendo las impurezas presentes en el agua para depurarla y conservar su calidad.\"\n    }\n  },{\n    \"@type\": \"Question\",\n    \"name\": \"\u00bfC\u00f3mo funcionan las depuradoras de arena?\",\n    \"acceptedAnswer\": {\n      \"@type\": \"Answer\",\n      \"text\": \"Toda depuradora de arena cuenta con una v\u00e1lvula selectora, un dispositivo que permite llevar a una misma tuber\u00eda dos flujos neum\u00e1ticos procedentes de otras dos tuber\u00edas distintas, sin interferencia alguna. Este proceso de filtraci\u00f3n a trav\u00e9s de la v\u00e1lvula lleva el agua hasta el filtro donde se eliminan las impurezas y se devuelve purificada.  \n\nEn t\u00e9rminos m\u00e1s sencillos, con la depuradora de arena el agua con impurezas es succionada a trav\u00e9s de un tubo, que funciona como un sistema colector; despu\u00e9s esta pasa a trav\u00e9s de un filtro en el que se encuentra la arena y donde ocurre la depuraci\u00f3n y la retenci\u00f3n de impurezas.\"\n    }\n  },{\n    \"@type\": \"Question\",\n    \"name\": \"\u00bfQu\u00e9 elementos intervienen en una depuradora de arena?\",\n    \"acceptedAnswer\": {\n      \"@type\": \"Answer\",\n      \"text\": \"Para que una depuradora de arena cumpla su funci\u00f3n de filtrado, deben instalarse los siguientes elementos: \n\n<ul>\n<li>Bomba de agua<\/li>\n<li>Filtros<\/li>\n<li>Sumidero<\/li>\n<li>Skimmers<\/li>\n<li>Boquillas<\/li>\n<\/ul>\"\n    }\n  },{\n    \"@type\": \"Question\",\n    \"name\": \"\u00bfCu\u00e1les son las diferencias entre depuradoras de arena y de cartucho?\",\n    \"acceptedAnswer\": {\n      \"@type\": \"Answer\",\n      \"text\": \"A diferencia de las depuradoras de arena, las de cartucho son sistemas de filtraci\u00f3n de menor capacidad. Sus filtros deben renovarse, como m\u00ednimo, cada a\u00f1o, y su mantenimiento implica sacar y limpiar los cartuchos peri\u00f3dicamente. Las depuradoras de cartucho tienen menor costo, pero durabilidad m\u00e1s limitada que las depuradoras de arena. Estas, por su parte, son m\u00e1s costosas, pero pueden durar entre 7 y 10 a\u00f1os.\"\n    }\n  },{\n    \"@type\": \"Question\",\n    \"name\": \"Ventajas y desventajas de las depuradoras de arena\",\n    \"acceptedAnswer\": {\n      \"@type\": \"Answer\",\n      \"text\": \"Teniendo en cuenta las caracter\u00edsticas de las depuradoras de arena, algunas de sus ventajas ser\u00edan:\n<ul>\n<li>Tiene una alta vida \u00fatil.\n<\/li>\n<li>Pueden utilizarse en superficies grandes y peque\u00f1as porque se puede elegir la capacidad de filtraci\u00f3n.\n<\/li>\n<li>Es eficiente y ecol\u00f3gica por usar arena de s\u00edlice como agente de filtrado natural. Esta es insoluble en agua y no genera residuos contaminantes. \n<\/li>\n<li>Su mantenimiento es sencillo. \n<\/li>\n<\/ul>\nAunque no es propiamente una desventaja, la inversi\u00f3n inicial de una depuradora de arena es mayor respecto a otros sistemas de filtrado; sin embargo, como suelen durar m\u00e1s tiempo, hay una reducci\u00f3n de gastos a largo plazo.\"\n    }\n  }]\n}\n<\/script><p>Una depuradora de arena es un mecanismo de filtraci\u00f3n de impurezas compuesto por un dep\u00f3sito de arena por el cual circula el agua. La arena act\u00faa como <strong>agente natural de filtrado, reteniendo las impurezas presentes en el agua <\/strong>para <a href=\"https:\/\/www.ferrovial.com\/es-es\/recursos\/depuracion\/\" target=\"_blank\" rel=\"noreferrer noopener\"><strong>depurarla<\/strong><\/a> y conservar su calidad.<\/p><\/p>\n\n\n\n<h2 class=\"wp-block-heading\">\u00bfC\u00f3mo funcionan las depuradoras de arena?<\/h2>\n\n\n\n<p>Toda depuradora de arena cuenta con una v\u00e1lvula selectora, un dispositivo que permite llevar a una misma tuber\u00eda dos flujos neum\u00e1ticos procedentes de otras dos tuber\u00edas distintas, sin interferencia alguna. Este proceso de filtraci\u00f3n a trav\u00e9s de la v\u00e1lvula <strong>lleva el agua hasta el filtro donde se eliminan las impurezas<\/strong> y se devuelve purificada.&nbsp;&nbsp;<\/p>\n\n\n\n<p>En una depuradora de arena, dicha v\u00e1lvula tiene desde 4 hasta 7 posiciones \u2014siendo la de 6 la m\u00e1s habitual\u2014, y cada una de ellas tiene su propia funci\u00f3n:<\/p>\n\n\n\n<ol class=\"wp-block-list\"><li><strong>Filtrado<\/strong> (en ingl\u00e9s <em>filter<\/em>): es el proceso de filtrado de agua a trav\u00e9s de las tomas de agua o los <em>skimmers.<\/em> Esta funci\u00f3n permite que el agua que llega a la bomba sea impulsada hacia el interior del tanque de arena, donde se retienen todas las impurezas y se quedan depositadas.&nbsp;<\/li><li><strong>Lavado <\/strong>(en ingl\u00e9s <em>backwash<\/em>): toda depuradora de arena cuenta con un man\u00f3metro, es decir, un componente que mide la presi\u00f3n del sistema y determina su correcto funcionamiento. El man\u00f3metro debe ser lavado con regularidad para el mantenimiento de la arena. El indicador m\u00e1s com\u00fan para hacer el lavado es que el caudal de agua es menor.<\/li><li><strong>Enjuague <\/strong>(en ingl\u00e9s <em>rinse<\/em>): despu\u00e9s de lavar la arena, se debe retirar la suciedad del fondo del tanque hasta observar que el agua sale completamente limpia.&nbsp;<\/li><li><strong>Recirculaci\u00f3n<\/strong> (en ingl\u00e9s <em>recirculate<\/em>): esta opci\u00f3n se activa para permitir que circule el agua sin pasar por el tanque de arena. Es un procedimiento que suele aplicarse si, por ejemplo, se ha realizado un tratamiento qu\u00edmico en el agua.&nbsp;<\/li><li><strong>Vaciado <\/strong>(en ingl\u00e9s<em> waste<\/em>): implica el vaciado total del agua del contenedor.&nbsp;<\/li><li><strong>Cerrado<\/strong> (en ingl\u00e9s <em>closed<\/em>): esta opci\u00f3n se activa para anular la circulaci\u00f3n del agua hacia el dep\u00f3sito y el filtro.&nbsp;<\/li><\/ol>\n\n\n\n<p>En t\u00e9rminos m\u00e1s sencillos, con la depuradora de arena <strong>el agua con impurezas es succionada a trav\u00e9s de un tubo, <\/strong>que funciona como un sistema colector; despu\u00e9s esta <strong>pasa a trav\u00e9s de un filtro en el que se encuentra la arena y donde ocurre la depuraci\u00f3n y la retenci\u00f3n de impurezas.&nbsp;<\/strong><\/p>\n\n\n\n<h2 class=\"wp-block-heading\">\u00bfQu\u00e9 elementos intervienen en una depuradora de arena?<\/h2>\n\n\n\n<p>Para que una depuradora de arena cumpla su funci\u00f3n de filtrado, deben instalarse los siguientes elementos:&nbsp;<\/p>\n\n\n\n<ul class=\"wp-block-list\"><li><strong>Bomba de agua: <\/strong>encargada de mover el l\u00edquido hacia el filtro y de devolverlo ya filtrado y purificado.&nbsp;<\/li><li><strong>Filtros:<\/strong> para remover las impurezas.<\/li><li><strong>Sumidero: <\/strong>se encuentra en el fondo del contenedor para absorber el agua.<\/li><li><strong><em>Skimmers<\/em><\/strong><strong>:<\/strong> aspira y retiene residuos de la superficie del agua para su filtraci\u00f3n y tratamiento.&nbsp;<\/li><li><strong>Boquillas:<\/strong> repartidas por el contenedor (piscina) para expulsar el agua purificada y desinfectada.&nbsp;<\/li><\/ul>\n\n\n\n<h2 class=\"wp-block-heading\">\u00bfCu\u00e1les son las diferencias entre depuradoras de arena y de cartucho?&nbsp;<\/h2>\n\n\n\n<p>A diferencia de las depuradoras de arena, las de cartucho son sistemas de filtraci\u00f3n de menor capacidad. Sus filtros deben renovarse, como m\u00ednimo, cada a\u00f1o, y su mantenimiento implica sacar y limpiar los cartuchos peri\u00f3dicamente. Las depuradoras de cartucho tienen menor costo, pero durabilidad m\u00e1s limitada que las depuradoras de arena. Estas, por su parte, son m\u00e1s costosas, pero pueden durar entre 7 y 10 a\u00f1os.&nbsp;<\/p>\n\n\n\n<p>Otra gran diferencia entre estos tipos de depuradoras es la capacidad: la de arena es capaz de filtrar y limpiar superficies grandes, mientras que la de cartucho es m\u00e1s eficaz en superficies peque\u00f1as.&nbsp;<\/p>\n\n\n\n<h2 class=\"wp-block-heading\">Ventajas y desventajas de las depuradoras de arena<\/h2>\n\n\n\n<p>Teniendo en cuenta las caracter\u00edsticas de las depuradoras de arena, algunas de sus ventajas ser\u00edan:<\/p>\n\n\n\n<ul class=\"wp-block-list\"><li>Tiene una alta vida \u00fatil<strong>.<\/strong><\/li><li>Pueden utilizarse en superficies grandes y peque\u00f1as porque <strong>se puede elegir la capacidad de filtraci\u00f3n.<\/strong><\/li><li>Es <strong>eficiente y ecol\u00f3gica <\/strong>por usar arena de s\u00edlice como agente de filtrado natural. Esta es insoluble en agua y <strong>no genera residuos contaminantes.&nbsp;<\/strong><\/li><li>Su mantenimiento es sencillo.&nbsp;<\/li><\/ul>\n\n\n\n<p>Aunque no es propiamente una desventaja, <strong>la inversi\u00f3n inicial de una depuradora de arena es mayor<\/strong> respecto a otros sistemas de filtrado; sin embargo, como suelen durar m\u00e1s tiempo, hay una reducci\u00f3n de gastos a largo plazo.&nbsp;<\/p>\n<\/div><\/m-wysiwig>\n\n\n    <m-projects-distributor2 :translations='{\n        &quot;prev&quot;:&quot;Anterior&quot;,\n        &quot;next&quot;:&quot;Siguiente&quot;,\n        &quot;paginationseparator&quot;:&quot;de&quot;\n    }'>\n                        <h2 slot=\"title\">\n                Nuestros proyectos destacados                <\/h2>\n                        <a slot='button' title='Conoce nuestros proyectos ' href='https:\/\/www.ferrovial.com\/es\/cintra\/proyectos\/'>\n            Conoce nuestros proyectos         <\/a>\n\n            <\/m-projects-distributor2>\n\n    ","protected":false},"excerpt":{"rendered":"","protected":false},"featured_media":0,"parent":25267,"menu_order":0,"comment_status":"closed","ping_status":"closed","template":"","meta":{"_acf_changed":false,"footnotes":""},"class_list":["post-215326","page","type-page","status-publish","hentry"],"acf":[],"yoast_head":"<!-- This site is optimized with the Yoast SEO plugin v27.2 - https:\/\/yoast.com\/product\/yoast-seo-wordpress\/ -->\n<title>C\u00f3mo funcionan las depuradoras de arena - Ferrovial<\/title>\n<meta name=\"description\" content=\"La arena act\u00faa como agente natural de filtrado, reteniendo las impurezas presentes en el agua para depurarla y conservar su calidad.\" \/>\n<meta name=\"robots\" content=\"index, follow, max-snippet:-1, max-image-preview:large, max-video-preview:-1\" \/>\n<link rel=\"canonical\" href=\"https:\/\/www.ferrovial.com\/es\/recursos\/depuradora-de-arena\/\" \/>\n<meta property=\"og:locale\" content=\"es_ES\" \/>\n<meta property=\"og:type\" content=\"article\" \/>\n<meta property=\"og:title\" content=\"C\u00f3mo funcionan las depuradoras de arena - Ferrovial\" \/>\n<meta property=\"og:description\" content=\"La arena act\u00faa como agente natural de filtrado, reteniendo las impurezas presentes en el agua para depurarla y conservar su calidad.\" \/>\n<meta property=\"og:url\" content=\"https:\/\/www.ferrovial.com\/es\/recursos\/depuradora-de-arena\/\" \/>\n<meta property=\"og:site_name\" content=\"Ferrovial\" \/>\n<meta property=\"article:publisher\" content=\"https:\/\/www.facebook.com\/ferrovial\" \/>\n<meta property=\"article:modified_time\" content=\"2022-09-22T16:08:17+00:00\" \/>\n<meta name=\"twitter:card\" content=\"summary_large_image\" \/>\n<meta name=\"twitter:site\" content=\"@ferrovial\" \/>\n<meta name=\"twitter:label1\" content=\"Est. reading time\" \/>\n\t<meta name=\"twitter:data1\" content=\"6 minutos\" \/>\n<!-- \/ Yoast SEO plugin. -->","yoast_head_json":{"title":"C\u00f3mo funcionan las depuradoras de arena - Ferrovial","description":"La arena act\u00faa como agente natural de filtrado, reteniendo las impurezas presentes en el agua para depurarla y conservar su calidad.","robots":{"index":"index","follow":"follow","max-snippet":"max-snippet:-1","max-image-preview":"max-image-preview:large","max-video-preview":"max-video-preview:-1"},"canonical":"https:\/\/www.ferrovial.com\/es\/recursos\/depuradora-de-arena\/","og_locale":"es_ES","og_type":"article","og_title":"C\u00f3mo funcionan las depuradoras de arena - Ferrovial","og_description":"La arena act\u00faa como agente natural de filtrado, reteniendo las impurezas presentes en el agua para depurarla y conservar su calidad.","og_url":"https:\/\/www.ferrovial.com\/es\/recursos\/depuradora-de-arena\/","og_site_name":"Ferrovial","article_publisher":"https:\/\/www.facebook.com\/ferrovial","article_modified_time":"2022-09-22T16:08:17+00:00","twitter_card":"summary_large_image","twitter_site":"@ferrovial","twitter_misc":{"Est. reading time":"6 minutos"},"schema":{"@context":"https:\/\/schema.org","@graph":[{"@type":"WebPage","@id":"https:\/\/www.ferrovial.com\/es\/recursos\/depuradora-de-arena\/","url":"https:\/\/www.ferrovial.com\/es\/recursos\/depuradora-de-arena\/","name":"C\u00f3mo funcionan las depuradoras de arena - Ferrovial","isPartOf":{"@id":"https:\/\/www.ferrovial.com\/es\/#website"},"datePublished":"2022-02-16T08:27:07+00:00","dateModified":"2022-09-22T16:08:17+00:00","description":"La arena act\u00faa como agente natural de filtrado, reteniendo las impurezas presentes en el agua para depurarla y conservar su calidad.","breadcrumb":{"@id":"https:\/\/www.ferrovial.com\/es\/recursos\/depuradora-de-arena\/#breadcrumb"},"inLanguage":"es","potentialAction":[{"@type":"ReadAction","target":["https:\/\/www.ferrovial.com\/es\/recursos\/depuradora-de-arena\/"]}]},{"@type":"BreadcrumbList","@id":"https:\/\/www.ferrovial.com\/es\/recursos\/depuradora-de-arena\/#breadcrumb","itemListElement":[{"@type":"ListItem","position":1,"name":"Portada","item":"https:\/\/www.ferrovial.com\/es\/"},{"@type":"ListItem","position":2,"name":"Recursos","item":"https:\/\/www.ferrovial.com\/es\/recursos\/"},{"@type":"ListItem","position":3,"name":"Depuradora de arena"}]},{"@type":"WebSite","@id":"https:\/\/www.ferrovial.com\/es\/#website","url":"https:\/\/www.ferrovial.com\/es\/","name":"Ferrovial","description":"Welcome to the Ferrovial&#039;s website, global operator of sustainable infrastructure. Here you can find all the information about the company and subsidiaries.","publisher":{"@id":"https:\/\/www.ferrovial.com\/es\/#organization"},"potentialAction":[{"@type":"SearchAction","target":{"@type":"EntryPoint","urlTemplate":"https:\/\/www.ferrovial.com\/es\/?s={search_term_string}"},"query-input":{"@type":"PropertyValueSpecification","valueRequired":true,"valueName":"search_term_string"}}],"inLanguage":"es"},{"@type":"Organization","@id":"https:\/\/www.ferrovial.com\/es\/#organization","name":"Ferrovial S.A.","url":"https:\/\/www.ferrovial.com\/es\/","logo":{"@type":"ImageObject","inLanguage":"es","@id":"https:\/\/www.ferrovial.com\/es\/#\/schema\/logo\/image\/","url":"https:\/\/static.ferrovial.com\/wp-content\/uploads\/2020\/01\/13124948\/logo-ferrovial-cf7.png","contentUrl":"https:\/\/static.ferrovial.com\/wp-content\/uploads\/2020\/01\/13124948\/logo-ferrovial-cf7.png","width":144,"height":32,"caption":"Ferrovial S.A."},"image":{"@id":"https:\/\/www.ferrovial.com\/es\/#\/schema\/logo\/image\/"},"sameAs":["https:\/\/www.facebook.com\/ferrovial","https:\/\/x.com\/ferrovial","https:\/\/www.instagram.com\/ferrovial\/","https:\/\/www.linkedin.com\/company\/ferrovial","https:\/\/www.pinterest.es\/ferrovial\/","https:\/\/www.youtube.com\/ferrovial","https:\/\/en.wikipedia.org\/wiki\/Ferrovial"]}]}},"_links":{"self":[{"href":"https:\/\/www.ferrovial.com\/es\/wp-json\/wp\/v2\/pages\/215326","targetHints":{"allow":["GET"]}}],"collection":[{"href":"https:\/\/www.ferrovial.com\/es\/wp-json\/wp\/v2\/pages"}],"about":[{"href":"https:\/\/www.ferrovial.com\/es\/wp-json\/wp\/v2\/types\/page"}],"replies":[{"embeddable":true,"href":"https:\/\/www.ferrovial.com\/es\/wp-json\/wp\/v2\/comments?post=215326"}],"version-history":[{"count":3,"href":"https:\/\/www.ferrovial.com\/es\/wp-json\/wp\/v2\/pages\/215326\/revisions"}],"predecessor-version":[{"id":239527,"href":"https:\/\/www.ferrovial.com\/es\/wp-json\/wp\/v2\/pages\/215326\/revisions\/239527"}],"up":[{"embeddable":true,"href":"https:\/\/www.ferrovial.com\/es\/wp-json\/wp\/v2\/pages\/25267"}],"wp:attachment":[{"href":"https:\/\/www.ferrovial.com\/es\/wp-json\/wp\/v2\/media?parent=215326"}],"curies":[{"name":"wp","href":"https:\/\/api.w.org\/{rel}","templated":true}]}}