{"id":215332,"date":"2022-02-16T09:30:28","date_gmt":"2022-02-16T08:30:28","guid":{"rendered":"https:\/\/www.ferrovial.com\/?page_id=215332"},"modified":"2024-01-09T15:24:07","modified_gmt":"2024-01-09T14:24:07","slug":"por-que-el-agua-de-mar-es-salada","status":"publish","type":"page","link":"https:\/\/www.ferrovial.com\/es\/recursos\/por-que-el-agua-de-mar-es-salada\/","title":{"rendered":"\u00bfPor qu\u00e9 el agua de mar es salada?"},"content":{"rendered":"    <m-final-content-header >\n            <c-breadcrumb label-text=\"Breadcrumb\" slot=\"breadcrumbs\" type='2' align='left' wrap='wrapped wrapped' aria-label='Vienes de Recursos'>\n                        <ol>\n\n                                                            <li><a href=\"https:\/\/www.ferrovial.com\/es\/\" title=\"Ferrovial\">Ferrovial<\/a><\/li>\n                                                                        <li><a href=\"https:\/\/www.ferrovial.com\/es\/recursos\/\" title=\"Recursos\">Recursos<\/a><\/li>\n                                    \n                <\/ol>\n\n                <\/c-breadcrumb>\n    \n        <div slot=\"header\">\n            <h1>\n                \u00bfPor qu\u00e9 el agua de mar es salada?            <\/h1>\n                    <\/div>\n    <\/m-final-content-header>\n\n    \n\n\n<m-wysiwig class=\"wp-block-components-wysiwyg\"><div slot=\"maincontent\">\n<p><script type=\"application\/ld+json\">\n{\n  \"@context\": \"https:\/\/schema.org\",\n  \"@type\": \"FAQPage\",\n  \"mainEntity\": [{\n    \"@type\": \"Question\",\n    \"name\": \"\u00bfPor qu\u00e9 el agua de mar es salada?\",\n    \"acceptedAnswer\": {\n      \"@type\": \"Answer\",\n      \"text\": \"El agua de mar es salada porque contiene una alta concentraci\u00f3n de sales minerales disueltas y depositadas en los r\u00edos que desembocan en los oc\u00e9anos y mares.\"\n    }\n  },{\n    \"@type\": \"Question\",\n    \"name\": \"\u00bfCu\u00e1l es la composici\u00f3n qu\u00edmica de las sales del agua de mar?\",\n    \"acceptedAnswer\": {\n      \"@type\": \"Answer\",\n      \"text\": \"La sal proveniente del agua de mar tiene m\u00e1s de 80 de los 118 elementos de la tabla peri\u00f3dica, lo que la convierte en un excelente recurso mineral para el funcionamiento del organismo humano. En ella, se pueden encontrar:\n<ul>\n<li>Compuestos qu\u00edmicos como el cloro, sodio, magnesio, potasio, bromo, calcio, boro, estroncio y fl\u00faor. \n<\/li>\n<li>Oligoelementos como el hierro, manganeso, cobre, yodo, silicio y f\u00f3sforo. \n<\/li>\n<li>Zooplacton y fitoplacton. <\/li>\n<\/ul>\"\n    }\n  },{\n    \"@type\": \"Question\",\n    \"name\": \"\u00bfSon todos los mares igual de salados?\",\n    \"acceptedAnswer\": {\n      \"@type\": \"Answer\",\n      \"text\": \"El grado de salinidad del mar va a depender de la latitud en la que se encuentre. En el caso de las zonas m\u00e1s fr\u00edas, como el Oc\u00e9ano \u00c1rtico, la concentraci\u00f3n de sal es menor en comparaci\u00f3n con zonas tropicales, donde se encuentra, por ejemplo, el Mar Caribe, porque la concentraci\u00f3n de sal es mayor. Esto se debe a la evaporaci\u00f3n del agua por la energ\u00eda solar.\"\n    }\n  },{\n    \"@type\": \"Question\",\n    \"name\": \"\u00bfCu\u00e1l es el nivel de salinidad del Mar Muerto?\",\n    \"acceptedAnswer\": {\n      \"@type\": \"Answer\",\n      \"text\": \"Aunque se le denomine as\u00ed, el Mar Muerto no es un mar, sino un lago interior, ya que no tiene litoral. Su composici\u00f3n salina es de 35%.\"\n    }\n  },{\n    \"@type\": \"Question\",\n    \"name\": \"\u00bfEs posible desalinizar el agua de mar?\",\n    \"acceptedAnswer\": {\n      \"@type\": \"Answer\",\n      \"text\": \"El m\u00e9todo de \u00f3smosis inversa es el m\u00e1s implementado a nivel mundial para reducir los niveles de sal en el agua. Se realiza por medio de la aplicaci\u00f3n de presi\u00f3n sobre el agua salada para fijar las part\u00edculas de sales disueltas en una membrana semipermeable.\"\n    }\n  }]\n}\n<\/script><\/p>\n\n\n\n<p>El proceso ocurre desde el momento en que el <strong>\u00e1cido carb\u00f3nico presente en el agua de lluvia entra en contacto con las rocas. <\/strong>Este compuesto qu\u00edmico, que resulta de la mezcla del di\u00f3xido de carbono del aire y el agua, tiene la <strong>capacidad de erosionar las rocas<\/strong> sobre las que cae. Los iones resultantes se depositan en los r\u00edos y, posteriormente, acaban en los mares y oc\u00e9anos, produciendo la salinidad propia de este elemento.&nbsp;<\/p>\n\n\n\n<p>Adem\u00e1s de este dep\u00f3sito de rocas erosionadas, existen otros fen\u00f3menos secundarios que contribuyen a la salinidad del agua de mar, como <strong>la evaporaci\u00f3n del agua, las erupciones volc\u00e1nicas, los deshielos y las aberturas hidrotermales. <\/strong>&nbsp;<\/p>\n\n\n\n<h2 class=\"wp-block-heading\">\u00bfCu\u00e1l es la composici\u00f3n qu\u00edmica de las sales del agua de mar?<\/h2>\n\n\n\n<p>La sal proveniente del agua de mar <strong>tiene m\u00e1s de 80 de los 118 elementos de la tabla peri\u00f3dica<\/strong>, lo que la convierte en un excelente recurso mineral para el funcionamiento del organismo humano. En ella, se pueden encontrar:<\/p>\n\n\n\n<ul class=\"wp-block-list\">\n<li><strong>Compuestos qu\u00edmicos <\/strong>como el cloro, sodio, magnesio, potasio, bromo, calcio, boro, estroncio y fl\u00faor.&nbsp;<\/li>\n\n\n\n<li><strong>Oligoelementos<\/strong> como el hierro, manganeso, cobre, yodo, silicio y f\u00f3sforo.&nbsp;<\/li>\n\n\n\n<li><strong>Zooplancton y fitoplancton.\u00a0<\/strong><\/li>\n<\/ul>\n\n\n\n<h2 class=\"wp-block-heading\">\u00bfSon todos los mares igual de salados?<\/h2>\n\n\n\n<p>El grado de salinidad del mar <strong>va a depender de la latitud en la que se encuentre. <\/strong>En el caso de las <strong>zonas m\u00e1s fr\u00edas<\/strong>, como el Oc\u00e9ano \u00c1rtico, <strong>la concentraci\u00f3n de sal es menor<\/strong> en comparaci\u00f3n con <strong>zonas tropicales<\/strong>, donde se encuentra, por ejemplo, el Mar Caribe, porque <strong>la concentraci\u00f3n de sal es mayor<\/strong>. Esto se debe a la evaporaci\u00f3n del agua por la energ\u00eda solar.&nbsp;<\/p>\n\n\n\n<p>De igual forma, en <strong>las zonas donde llueve con frecuencia, el nivel de salinidad es bajo<\/strong>,<strong> <\/strong>como ocurre en el Mar B\u00e1ltico. Ah\u00ed, se encuentran \u00e1reas en las que la composici\u00f3n es solo de un 0,6% de sal. En cambio, en aquellas donde <strong>el aporte fluvial es reducido existe una mayor salinidad,<\/strong> como es el caso del Mar Rojo.<\/p>\n\n\n\n<h2 class=\"wp-block-heading\">\u00bfCu\u00e1l es el nivel de salinidad del Mar Muerto?<\/h2>\n\n\n\n<p>Aunque se le denomine as\u00ed, el Mar Muerto no es un mar, sino un lago interior, ya que no tiene litoral.<strong> Su composici\u00f3n salina es de 35%<\/strong>. Esto es lo que hace que se le denomine mar. Se ubica en la frontera entre Jordania e Israel, y es la <strong>quinta masa de agua m\u00e1s salada del mundo, con una profundidad de m\u00e1s de 300 metros.&nbsp;<\/strong><\/p>\n\n\n\n<h2 class=\"wp-block-heading\">\u00bfEs posible desalinizar el agua de mar?<\/h2>\n\n\n\n<p>Hablar de desalinizar o <a href=\"https:\/\/www.ferrovial.com\/es-es\/recursos\/desalacion\/\">desalar<\/a> es hacer referencia al <strong>proceso mediante el cual se obtiene agua <\/strong><a href=\"https:\/\/www.ferrovial.com\/es-es\/recursos\/potabilizacion\/\"><strong>potable<\/strong><\/a><strong> a partir del agua salada.<\/strong> El principal objetivo de la desalaci\u00f3n del agua de mar es cubrir la necesidad del recurso en las poblaciones con dif\u00edcil acceso a agua dulce. Si bien dos tercios de la Tierra est\u00e1n cubiertos de agua, <strong>solo el 1% es apta para el consumo humano<\/strong>, raz\u00f3n que hace necesario el proceso de desalinizaci\u00f3n para proveer del recurso vital.&nbsp;<\/p>\n\n\n\n<p>El m\u00e9todo de <strong>\u00f3smosis inversa<\/strong> es el m\u00e1s implementado a nivel mundial para reducir los niveles de sal en el agua. Se realiza por medio de la <strong>aplicaci\u00f3n de presi\u00f3n sobre el agua salada para fijar las part\u00edculas de sales disueltas <\/strong>en una membrana semipermeable.&nbsp;<\/p>\n\n\n\n<p>Sin embargo, existen otros m\u00e9todos como:<\/p>\n\n\n\n<ul class=\"wp-block-list\">\n<li><strong>Congelaci\u00f3n,<\/strong> se congela y pulveriza el agua para formar cristales de hielo sobre la salmuera que posteriormente se separan, obteniendo agua dulce.<\/li>\n\n\n\n<li><strong>Destilaci\u00f3n, <\/strong>se calienta al agua hasta el punto de evaporaci\u00f3n y luego se condensa para extraer agua dulce.&nbsp;<\/li>\n\n\n\n<li><strong>Evaporaci\u00f3n rel\u00e1mpago, <\/strong>se introduce el agua a manera de gotas en una c\u00e1mara cuya presi\u00f3n de saturaci\u00f3n es baja; estas se convierten en vapor que se condensa y, como resultado, se obtiene agua desalinizada.&nbsp;<\/li>\n<\/ul>\n<\/div><\/m-wysiwig>\n\n\n    <m-projects-distributor2 :translations='{\n        &quot;prev&quot;:&quot;Anterior&quot;,\n        &quot;next&quot;:&quot;Siguiente&quot;,\n        &quot;paginationseparator&quot;:&quot;de&quot;\n    }'>\n                        <h2 slot=\"title\">\n                Nuestros proyectos destacados                <\/h2>\n                        <a slot='button' title='Conoce nuestros proyectos ' href='https:\/\/www.ferrovial.com\/es\/cintra\/proyectos\/'>\n            Conoce nuestros proyectos         <\/a>\n\n            <\/m-projects-distributor2>\n\n    ","protected":false},"excerpt":{"rendered":"","protected":false},"featured_media":0,"parent":25267,"menu_order":0,"comment_status":"closed","ping_status":"closed","template":"","meta":{"_acf_changed":false,"footnotes":""},"class_list":["post-215332","page","type-page","status-publish","hentry"],"acf":[],"yoast_head":"<!-- This site is optimized with the Yoast SEO plugin v27.2 - https:\/\/yoast.com\/product\/yoast-seo-wordpress\/ -->\n<title>\u00bfPor qu\u00e9 el agua de mar es salada? - Ferrovial<\/title>\n<meta name=\"description\" content=\"El agua de mar es salada porque contiene una alta concentraci\u00f3n de sales minerales disueltas y depositadas en los r\u00edos que desembocan en los oc\u00e9anos y mares.\" \/>\n<meta name=\"robots\" content=\"index, follow, max-snippet:-1, max-image-preview:large, max-video-preview:-1\" \/>\n<link rel=\"canonical\" href=\"https:\/\/www.ferrovial.com\/es\/recursos\/por-que-el-agua-de-mar-es-salada\/\" \/>\n<meta property=\"og:locale\" content=\"es_ES\" \/>\n<meta property=\"og:type\" content=\"article\" \/>\n<meta property=\"og:title\" content=\"\u00bfPor qu\u00e9 el agua de mar es salada? - Ferrovial\" \/>\n<meta property=\"og:description\" content=\"El agua de mar es salada porque contiene una alta concentraci\u00f3n de sales minerales disueltas y depositadas en los r\u00edos que desembocan en los oc\u00e9anos y mares.\" \/>\n<meta property=\"og:url\" content=\"https:\/\/www.ferrovial.com\/es\/recursos\/por-que-el-agua-de-mar-es-salada\/\" \/>\n<meta property=\"og:site_name\" content=\"Ferrovial\" \/>\n<meta property=\"article:publisher\" content=\"https:\/\/www.facebook.com\/ferrovial\" \/>\n<meta property=\"article:modified_time\" content=\"2024-01-09T14:24:07+00:00\" \/>\n<meta name=\"twitter:card\" content=\"summary_large_image\" \/>\n<meta name=\"twitter:site\" content=\"@ferrovial\" \/>\n<meta name=\"twitter:label1\" content=\"Est. reading time\" \/>\n\t<meta name=\"twitter:data1\" content=\"3 minutos\" \/>\n<!-- \/ Yoast SEO plugin. -->","yoast_head_json":{"title":"\u00bfPor qu\u00e9 el agua de mar es salada? - Ferrovial","description":"El agua de mar es salada porque contiene una alta concentraci\u00f3n de sales minerales disueltas y depositadas en los r\u00edos que desembocan en los oc\u00e9anos y mares.","robots":{"index":"index","follow":"follow","max-snippet":"max-snippet:-1","max-image-preview":"max-image-preview:large","max-video-preview":"max-video-preview:-1"},"canonical":"https:\/\/www.ferrovial.com\/es\/recursos\/por-que-el-agua-de-mar-es-salada\/","og_locale":"es_ES","og_type":"article","og_title":"\u00bfPor qu\u00e9 el agua de mar es salada? - Ferrovial","og_description":"El agua de mar es salada porque contiene una alta concentraci\u00f3n de sales minerales disueltas y depositadas en los r\u00edos que desembocan en los oc\u00e9anos y mares.","og_url":"https:\/\/www.ferrovial.com\/es\/recursos\/por-que-el-agua-de-mar-es-salada\/","og_site_name":"Ferrovial","article_publisher":"https:\/\/www.facebook.com\/ferrovial","article_modified_time":"2024-01-09T14:24:07+00:00","twitter_card":"summary_large_image","twitter_site":"@ferrovial","twitter_misc":{"Est. reading time":"3 minutos"},"schema":{"@context":"https:\/\/schema.org","@graph":[{"@type":"WebPage","@id":"https:\/\/www.ferrovial.com\/es\/recursos\/por-que-el-agua-de-mar-es-salada\/","url":"https:\/\/www.ferrovial.com\/es\/recursos\/por-que-el-agua-de-mar-es-salada\/","name":"\u00bfPor qu\u00e9 el agua de mar es salada? - Ferrovial","isPartOf":{"@id":"https:\/\/www.ferrovial.com\/es\/#website"},"datePublished":"2022-02-16T08:30:28+00:00","dateModified":"2024-01-09T14:24:07+00:00","description":"El agua de mar es salada porque contiene una alta concentraci\u00f3n de sales minerales disueltas y depositadas en los r\u00edos que desembocan en los oc\u00e9anos y mares.","breadcrumb":{"@id":"https:\/\/www.ferrovial.com\/es\/recursos\/por-que-el-agua-de-mar-es-salada\/#breadcrumb"},"inLanguage":"es","potentialAction":[{"@type":"ReadAction","target":["https:\/\/www.ferrovial.com\/es\/recursos\/por-que-el-agua-de-mar-es-salada\/"]}]},{"@type":"BreadcrumbList","@id":"https:\/\/www.ferrovial.com\/es\/recursos\/por-que-el-agua-de-mar-es-salada\/#breadcrumb","itemListElement":[{"@type":"ListItem","position":1,"name":"Portada","item":"https:\/\/www.ferrovial.com\/es\/"},{"@type":"ListItem","position":2,"name":"Recursos","item":"https:\/\/www.ferrovial.com\/es\/recursos\/"},{"@type":"ListItem","position":3,"name":"\u00bfPor qu\u00e9 el agua de mar es salada?"}]},{"@type":"WebSite","@id":"https:\/\/www.ferrovial.com\/es\/#website","url":"https:\/\/www.ferrovial.com\/es\/","name":"Ferrovial","description":"Welcome to the Ferrovial&#039;s website, global operator of sustainable infrastructure. Here you can find all the information about the company and subsidiaries.","publisher":{"@id":"https:\/\/www.ferrovial.com\/es\/#organization"},"potentialAction":[{"@type":"SearchAction","target":{"@type":"EntryPoint","urlTemplate":"https:\/\/www.ferrovial.com\/es\/?s={search_term_string}"},"query-input":{"@type":"PropertyValueSpecification","valueRequired":true,"valueName":"search_term_string"}}],"inLanguage":"es"},{"@type":"Organization","@id":"https:\/\/www.ferrovial.com\/es\/#organization","name":"Ferrovial S.A.","url":"https:\/\/www.ferrovial.com\/es\/","logo":{"@type":"ImageObject","inLanguage":"es","@id":"https:\/\/www.ferrovial.com\/es\/#\/schema\/logo\/image\/","url":"https:\/\/static.ferrovial.com\/wp-content\/uploads\/2020\/01\/13124948\/logo-ferrovial-cf7.png","contentUrl":"https:\/\/static.ferrovial.com\/wp-content\/uploads\/2020\/01\/13124948\/logo-ferrovial-cf7.png","width":144,"height":32,"caption":"Ferrovial S.A."},"image":{"@id":"https:\/\/www.ferrovial.com\/es\/#\/schema\/logo\/image\/"},"sameAs":["https:\/\/www.facebook.com\/ferrovial","https:\/\/x.com\/ferrovial","https:\/\/www.instagram.com\/ferrovial\/","https:\/\/www.linkedin.com\/company\/ferrovial","https:\/\/www.pinterest.es\/ferrovial\/","https:\/\/www.youtube.com\/ferrovial","https:\/\/en.wikipedia.org\/wiki\/Ferrovial"]}]}},"_links":{"self":[{"href":"https:\/\/www.ferrovial.com\/es\/wp-json\/wp\/v2\/pages\/215332","targetHints":{"allow":["GET"]}}],"collection":[{"href":"https:\/\/www.ferrovial.com\/es\/wp-json\/wp\/v2\/pages"}],"about":[{"href":"https:\/\/www.ferrovial.com\/es\/wp-json\/wp\/v2\/types\/page"}],"replies":[{"embeddable":true,"href":"https:\/\/www.ferrovial.com\/es\/wp-json\/wp\/v2\/comments?post=215332"}],"version-history":[{"count":3,"href":"https:\/\/www.ferrovial.com\/es\/wp-json\/wp\/v2\/pages\/215332\/revisions"}],"predecessor-version":[{"id":273731,"href":"https:\/\/www.ferrovial.com\/es\/wp-json\/wp\/v2\/pages\/215332\/revisions\/273731"}],"up":[{"embeddable":true,"href":"https:\/\/www.ferrovial.com\/es\/wp-json\/wp\/v2\/pages\/25267"}],"wp:attachment":[{"href":"https:\/\/www.ferrovial.com\/es\/wp-json\/wp\/v2\/media?parent=215332"}],"curies":[{"name":"wp","href":"https:\/\/api.w.org\/{rel}","templated":true}]}}