{"id":215341,"date":"2022-02-16T09:36:02","date_gmt":"2022-02-16T08:36:02","guid":{"rendered":"https:\/\/www.ferrovial.com\/?page_id=215341"},"modified":"2022-02-16T09:36:07","modified_gmt":"2022-02-16T08:36:07","slug":"a-que-altura-vuelan-los-aviones","status":"publish","type":"page","link":"https:\/\/www.ferrovial.com\/es\/recursos\/a-que-altura-vuelan-los-aviones\/","title":{"rendered":"\u00bfA qu\u00e9 altura vuelan los aviones?"},"content":{"rendered":"    <m-final-content-header >\n            <c-breadcrumb label-text=\"Breadcrumb\" slot=\"breadcrumbs\" type='2' align='left' wrap='wrapped wrapped' aria-label='Vienes de Recursos'>\n                        <ol>\n\n                                                            <li><a href=\"https:\/\/www.ferrovial.com\/es\/\" title=\"Ferrovial\">Ferrovial<\/a><\/li>\n                                                                        <li><a href=\"https:\/\/www.ferrovial.com\/es\/recursos\/\" title=\"Recursos\">Recursos<\/a><\/li>\n                                    \n                <\/ol>\n\n                <\/c-breadcrumb>\n    \n        <div slot=\"header\">\n            <h1>\n                \u00bfA qu\u00e9 altura vuelan los aviones?            <\/h1>\n                    <\/div>\n    <\/m-final-content-header>\n\n    \n\n\n<m-wysiwig class=\"wp-block-components-wysiwyg\"><div slot=\"maincontent\">\n<p>No todos los <a href=\"https:\/\/www.ferrovial.com\/es\/recursos\/aviones\/\" target=\"_blank\" rel=\"noreferrer noopener\">aviones<\/a> son iguales y, por tanto, no todos viajan a la misma altura. Para poder volar, un avi\u00f3n debe lograr el equilibrio entre cuatro cosas: empuje, arrastre, peso y elevaci\u00f3n. Por esta raz\u00f3n, cada avi\u00f3n vuela a una altura ideal diferente, seg\u00fan sus caracter\u00edsticas.<\/p>\n\n\n\n<p>El peso y el arrastre var\u00edan de un modelo de avi\u00f3n a otro, pero la mayor\u00eda de los aviones tienen en com\u00fan que recurren a motores de combusti\u00f3n para lograr el empuje, necesario para despegar y mantenerse en el aire. La cantidad de ox\u00edgeno en el aire es un factor externo esencial para que puedan volar, pues sin ox\u00edgeno los motores dejar\u00edan de funcionar. Por eso, la mayor\u00eda de los aviones con motor se mantienen a una altitud determinada <strong>en donde hay las condiciones atmosf\u00e9ricas ideales para su vuelo: menos turbulencia, m\u00e1s seguridad y la cantidad justa de ox\u00edgeno.&nbsp;<\/strong><\/p>\n\n\n\n<p>Esa <strong>altura m\u00ednima es de 10.000 metros<\/strong>.&nbsp;<\/p>\n\n\n\n<h2 class=\"wp-block-heading\">\u00bfPor qu\u00e9 los aviones suben m\u00e1s de 10.000 metros?<\/h2>\n\n\n\n<p>Las principales razones son:<\/p>\n\n\n\n<ul class=\"wp-block-list\"><li>Evitar otros aviones.<\/li><li>Reducir el riesgo de estrellarse contra monta\u00f1as. El Everest, por ejemplo, tiene m\u00e1s de 8.000 metros de altura.<\/li><li>No chocar con p\u00e1jaros. Algunas especies, como el buitre moteado y la grulla, pueden volar a m\u00e1s de 10.000 metros de altura.<\/li><li>Evitar la turbulencia.<\/li><li>Maximizar el rendimiento del combustible, alcanzando la <em>altitud de crucero<\/em>.<\/li><\/ul>\n\n\n\n<h2 class=\"wp-block-heading\">\u00bfQu\u00e9 es la altitud de crucero?<\/h2>\n\n\n\n<p>Es la altitud a la que el aire ofrece una menor resistencia, por lo que los aviones pueden viajar m\u00e1s r\u00e1pido con menos combustible. Generalmente, la altitud de crucero se ubica entre los <strong>diez y los doce mil metros<\/strong>.<\/p>\n\n\n\n<p>Hoy en d\u00eda, los aviones civiles utilizan motores tipo <em>turbof\u00e1n<\/em>, que se caracterizan por ser m\u00e1s eficientes, silenciosos y por ser menos contaminantes.<\/p>\n\n\n\n<h2 class=\"wp-block-heading\">\u00bfCu\u00e1les son algunos aviones que vuelan a m\u00e1s de 10.000 metros?<\/h2>\n\n\n\n<h3 class=\"wp-block-heading\"><strong>Los jets de negocio y los aviones militares:<\/strong><\/h3>\n\n\n\n<p>Algunos jets de negocio pueden elevarse hasta los 15.000 metros. mientras que la mayor\u00eda de los aviones militares pueden volar a esta misma altitud o incluso un poco m\u00e1s alto. Sin embargo, estos aviones tienden a mantenerse por debajo de los 15,000 metros por razones de seguridad, ya que el aire puede llegar a ser demasiado fino, lo que imposibilita la quema continua de combustible de aviaci\u00f3n.<\/p>\n\n\n\n<h3 class=\"wp-block-heading\"><strong>Los aviones propulsados por cohetes:<\/strong><\/h3>\n\n\n\n<p>Algunos aviones propulsados por cohetes han logrado volar hasta 30.000 metros de altura, porque est\u00e1n especialmente dise\u00f1ados para este prop\u00f3sito. Sin embargo, estos son aviones ultralivianos, que se utilizan principalmente para recoger datos, como aviones de combate interceptores y aviones espaciales.&nbsp;<\/p>\n\n\n\n<h3 class=\"wp-block-heading\"><strong>Los aviones supers\u00f3nicos:<\/strong><\/h3>\n\n\n\n<p>Estos aviones, de \u00faltima generaci\u00f3n, son capaces de volar por la estrat\u00f3sfera, que se encuentra a unos 30.000 metros. Se proyecta que, en un futuro no muy lejano, los aviones comerciales ser\u00e1n supers\u00f3nicos e hipers\u00f3nicos, volar\u00e1n por la estrat\u00f3sfera y ser\u00e1n capaces de cubrir grandes distancias en tiempos r\u00e9cord (por ejemplo, de Europa a Am\u00e9rica en tres horas).<\/p>\n<\/div><\/m-wysiwig>\n\n\n    <m-projects-distributor2 :translations='{\n        &quot;prev&quot;:&quot;Anterior&quot;,\n        &quot;next&quot;:&quot;Siguiente&quot;,\n        &quot;paginationseparator&quot;:&quot;de&quot;\n    }'>\n                        <h2 slot=\"title\">\n                Nuestros proyectos destacados                <\/h2>\n                        <a slot='button' title='Conoce nuestros proyectos ' href='https:\/\/www.ferrovial.com\/es\/cintra\/proyectos\/'>\n            Conoce nuestros proyectos         <\/a>\n\n            <\/m-projects-distributor2>\n\n    ","protected":false},"excerpt":{"rendered":"","protected":false},"featured_media":0,"parent":25267,"menu_order":0,"comment_status":"closed","ping_status":"closed","template":"","meta":{"_acf_changed":false,"footnotes":""},"class_list":["post-215341","page","type-page","status-publish","hentry"],"acf":[],"yoast_head":"<!-- This site is optimized with the Yoast SEO plugin v27.2 - https:\/\/yoast.com\/product\/yoast-seo-wordpress\/ -->\n<title>\u00bfA qu\u00e9 altura vuelan los aviones? - Ferrovial<\/title>\n<meta name=\"description\" content=\"Para poder volar, un avi\u00f3n debe lograr el equilibrio entre cuatro cosas: empuje, arrastre, peso y elevaci\u00f3n.\" \/>\n<meta name=\"robots\" content=\"index, follow, max-snippet:-1, max-image-preview:large, max-video-preview:-1\" \/>\n<link rel=\"canonical\" href=\"https:\/\/www.ferrovial.com\/es\/recursos\/a-que-altura-vuelan-los-aviones\/\" \/>\n<meta property=\"og:locale\" content=\"es_ES\" \/>\n<meta property=\"og:type\" content=\"article\" \/>\n<meta property=\"og:title\" content=\"\u00bfA qu\u00e9 altura vuelan los aviones? - Ferrovial\" \/>\n<meta property=\"og:description\" content=\"Para poder volar, un avi\u00f3n debe lograr el equilibrio entre cuatro cosas: empuje, arrastre, peso y elevaci\u00f3n.\" \/>\n<meta property=\"og:url\" content=\"https:\/\/www.ferrovial.com\/es\/recursos\/a-que-altura-vuelan-los-aviones\/\" \/>\n<meta property=\"og:site_name\" content=\"Ferrovial\" \/>\n<meta property=\"article:publisher\" content=\"https:\/\/www.facebook.com\/ferrovial\" \/>\n<meta property=\"article:modified_time\" content=\"2022-02-16T08:36:07+00:00\" \/>\n<meta name=\"twitter:card\" content=\"summary_large_image\" \/>\n<meta name=\"twitter:site\" content=\"@ferrovial\" \/>\n<meta name=\"twitter:label1\" content=\"Est. reading time\" \/>\n\t<meta name=\"twitter:data1\" content=\"3 minutos\" \/>\n<!-- \/ Yoast SEO plugin. -->","yoast_head_json":{"title":"\u00bfA qu\u00e9 altura vuelan los aviones? - Ferrovial","description":"Para poder volar, un avi\u00f3n debe lograr el equilibrio entre cuatro cosas: empuje, arrastre, peso y elevaci\u00f3n.","robots":{"index":"index","follow":"follow","max-snippet":"max-snippet:-1","max-image-preview":"max-image-preview:large","max-video-preview":"max-video-preview:-1"},"canonical":"https:\/\/www.ferrovial.com\/es\/recursos\/a-que-altura-vuelan-los-aviones\/","og_locale":"es_ES","og_type":"article","og_title":"\u00bfA qu\u00e9 altura vuelan los aviones? - Ferrovial","og_description":"Para poder volar, un avi\u00f3n debe lograr el equilibrio entre cuatro cosas: empuje, arrastre, peso y elevaci\u00f3n.","og_url":"https:\/\/www.ferrovial.com\/es\/recursos\/a-que-altura-vuelan-los-aviones\/","og_site_name":"Ferrovial","article_publisher":"https:\/\/www.facebook.com\/ferrovial","article_modified_time":"2022-02-16T08:36:07+00:00","twitter_card":"summary_large_image","twitter_site":"@ferrovial","twitter_misc":{"Est. reading time":"3 minutos"},"schema":{"@context":"https:\/\/schema.org","@graph":[{"@type":"WebPage","@id":"https:\/\/www.ferrovial.com\/es\/recursos\/a-que-altura-vuelan-los-aviones\/","url":"https:\/\/www.ferrovial.com\/es\/recursos\/a-que-altura-vuelan-los-aviones\/","name":"\u00bfA qu\u00e9 altura vuelan los aviones? - Ferrovial","isPartOf":{"@id":"https:\/\/www.ferrovial.com\/es\/#website"},"datePublished":"2022-02-16T08:36:02+00:00","dateModified":"2022-02-16T08:36:07+00:00","description":"Para poder volar, un avi\u00f3n debe lograr el equilibrio entre cuatro cosas: empuje, arrastre, peso y elevaci\u00f3n.","breadcrumb":{"@id":"https:\/\/www.ferrovial.com\/es\/recursos\/a-que-altura-vuelan-los-aviones\/#breadcrumb"},"inLanguage":"es","potentialAction":[{"@type":"ReadAction","target":["https:\/\/www.ferrovial.com\/es\/recursos\/a-que-altura-vuelan-los-aviones\/"]}]},{"@type":"BreadcrumbList","@id":"https:\/\/www.ferrovial.com\/es\/recursos\/a-que-altura-vuelan-los-aviones\/#breadcrumb","itemListElement":[{"@type":"ListItem","position":1,"name":"Portada","item":"https:\/\/www.ferrovial.com\/es\/"},{"@type":"ListItem","position":2,"name":"Recursos","item":"https:\/\/www.ferrovial.com\/es\/recursos\/"},{"@type":"ListItem","position":3,"name":"\u00bfA qu\u00e9 altura vuelan los aviones?"}]},{"@type":"WebSite","@id":"https:\/\/www.ferrovial.com\/es\/#website","url":"https:\/\/www.ferrovial.com\/es\/","name":"Ferrovial","description":"Welcome to the Ferrovial&#039;s website, global operator of sustainable infrastructure. Here you can find all the information about the company and subsidiaries.","publisher":{"@id":"https:\/\/www.ferrovial.com\/es\/#organization"},"potentialAction":[{"@type":"SearchAction","target":{"@type":"EntryPoint","urlTemplate":"https:\/\/www.ferrovial.com\/es\/?s={search_term_string}"},"query-input":{"@type":"PropertyValueSpecification","valueRequired":true,"valueName":"search_term_string"}}],"inLanguage":"es"},{"@type":"Organization","@id":"https:\/\/www.ferrovial.com\/es\/#organization","name":"Ferrovial S.A.","url":"https:\/\/www.ferrovial.com\/es\/","logo":{"@type":"ImageObject","inLanguage":"es","@id":"https:\/\/www.ferrovial.com\/es\/#\/schema\/logo\/image\/","url":"https:\/\/static.ferrovial.com\/wp-content\/uploads\/2020\/01\/13124948\/logo-ferrovial-cf7.png","contentUrl":"https:\/\/static.ferrovial.com\/wp-content\/uploads\/2020\/01\/13124948\/logo-ferrovial-cf7.png","width":144,"height":32,"caption":"Ferrovial S.A."},"image":{"@id":"https:\/\/www.ferrovial.com\/es\/#\/schema\/logo\/image\/"},"sameAs":["https:\/\/www.facebook.com\/ferrovial","https:\/\/x.com\/ferrovial","https:\/\/www.instagram.com\/ferrovial\/","https:\/\/www.linkedin.com\/company\/ferrovial","https:\/\/www.pinterest.es\/ferrovial\/","https:\/\/www.youtube.com\/ferrovial","https:\/\/en.wikipedia.org\/wiki\/Ferrovial"]}]}},"_links":{"self":[{"href":"https:\/\/www.ferrovial.com\/es\/wp-json\/wp\/v2\/pages\/215341","targetHints":{"allow":["GET"]}}],"collection":[{"href":"https:\/\/www.ferrovial.com\/es\/wp-json\/wp\/v2\/pages"}],"about":[{"href":"https:\/\/www.ferrovial.com\/es\/wp-json\/wp\/v2\/types\/page"}],"replies":[{"embeddable":true,"href":"https:\/\/www.ferrovial.com\/es\/wp-json\/wp\/v2\/comments?post=215341"}],"version-history":[{"count":1,"href":"https:\/\/www.ferrovial.com\/es\/wp-json\/wp\/v2\/pages\/215341\/revisions"}],"predecessor-version":[{"id":215342,"href":"https:\/\/www.ferrovial.com\/es\/wp-json\/wp\/v2\/pages\/215341\/revisions\/215342"}],"up":[{"embeddable":true,"href":"https:\/\/www.ferrovial.com\/es\/wp-json\/wp\/v2\/pages\/25267"}],"wp:attachment":[{"href":"https:\/\/www.ferrovial.com\/es\/wp-json\/wp\/v2\/media?parent=215341"}],"curies":[{"name":"wp","href":"https:\/\/api.w.org\/{rel}","templated":true}]}}