{"id":21564,"date":"2019-09-10T13:27:16","date_gmt":"2019-09-10T11:27:16","guid":{"rendered":"https:\/\/www.ferrovial.com\/?page_id=21564"},"modified":"2025-11-09T13:50:06","modified_gmt":"2025-11-09T12:50:06","slug":"seguridad-aeroportuaria","status":"publish","type":"page","link":"https:\/\/www.ferrovial.com\/es\/recursos\/seguridad-aeroportuaria\/","title":{"rendered":"Seguridad aeroportuaria"},"content":{"rendered":"    <m-final-content-header >\n            <c-breadcrumb label-text=\"Breadcrumb\" slot=\"breadcrumbs\" type='2' align='left' wrap='wrapped wrapped' aria-label='Vienes de Recursos'>\n                        <ol>\n\n                                                            <li><a href=\"https:\/\/www.ferrovial.com\/es\/\" title=\"Ferrovial\">Ferrovial<\/a><\/li>\n                                                                        <li><a href=\"https:\/\/www.ferrovial.com\/es\/recursos\/\" title=\"Recursos\">Recursos<\/a><\/li>\n                                    \n                <\/ol>\n\n                <\/c-breadcrumb>\n    \n        <div slot=\"header\">\n            <h1>\n                Seguridad aeroportuaria            <\/h1>\n                    <\/div>\n    <\/m-final-content-header>\n\n    \n\n\n<p><script type=\"application\/ld+json\">\n{\n  \"@context\": \"https:\/\/schema.org\",\n  \"@type\": \"FAQPage\",\n  \"mainEntity\": [{\n    \"@type\": \"Question\",\n    \"name\": \"Evoluci\u00f3n de la seguridad aeroportuaria\",\n    \"acceptedAnswer\": {\n      \"@type\": \"Answer\",\n      \"text\": \"La seguridad aeroportuaria, especialmente tras el 11-S, se ha convertido en un asunto de m\u00e1xima prioridad en el transporte a\u00e9reo. Debido a las normas de seguridad, que ya eran estrictas, volar es la forma m\u00e1s segura para desplazarse.\"\n    }\n  },{\n    \"@type\": \"Question\",\n    \"name\": \"Seguridad y equipaje\",\n    \"acceptedAnswer\": {\n      \"@type\": \"Answer\",\n      \"text\": \"Uno de los puntos clave de la seguridad aeroportuaria radica en una buena gesti\u00f3n del equipaje. En el aeropuerto de Heathrow se ha construido el mayor sistema de equipaje integrado del mundo con 1,2 kil\u00f3metros de t\u00fanel, capaz de gestionar 7.200 maletas por hora. Esta infraestructura la forman el Western Interface Building, que conecta la T3 y la T5, y el Integrated Baggage de la T3.\"\n    }\n  }]\n}\n<\/script><\/p>\n\n\n\n<m-wysiwig class=\"wp-block-components-wysiwyg\"><div slot=\"maincontent\">    <p class=\"intro\">La seguridad aeroportuaria es un punto prioritario en la gesti\u00f3n de un aeropuerto y sus servicios para que todo funcione como debe.\n<\/p>\n    \n\n\n<h2 class=\"wp-block-heading\">Evoluci\u00f3n de la seguridad aeroportuaria<\/h2>\n\n\n\n<p>La <strong>seguridad aeroportuaria<\/strong>, especialmente tras el 11-S, se ha convertido en un asunto de m\u00e1xima prioridad en el transporte a\u00e9reo. Debido a las normas de seguridad, que ya eran estrictas, volar es la forma m\u00e1s segura para desplazarse. Seg\u00fan datos de 2015 de la <a title=\"Si viajar en avi\u00f3n es lo m\u00e1s seguro, \u00bfpor qu\u00e9 le seguimos teniendo miedo?\" aria-label=\" (opens in a new tab)\" href=\"https:\/\/www.xataka.com\/vehiculos\/si-viajar-en-avion-es-lo-mas-seguro-por-que-le-seguimos-teniendo-miedo\" target=\"_blank\" rel=\"nofollow noopener noreferrer\" class=\"ek-link\">Asociaci\u00f3n de Compa\u00f1\u00edas Espa\u00f1olas de Transporte A\u00e9reo, si alguien viajase una vez al d\u00eda tendr\u00eda un accidente cada 3.000 a\u00f1os.<\/a><\/p>\n\n\n\n<p><strong>Los aeropuertos son infraestructuras complejas y buena parte de esa complejidad est\u00e1 justificada con la seguridad de los pasajeros.<\/strong> Los procesos de entrada, facturaci\u00f3n y desplazamiento interno de los viajeros requieren de un dise\u00f1o \u00f3ptimo. Es por eso que la T2 de Heathrow, antes de su inauguraci\u00f3n, realiz\u00f3 180 millones de pruebas con 14.000 simulaciones y 3.000 voluntarios.<\/p>\n\n\n\n<p>Los puntos de control de seguridad son frecuentes en toda la infraestructura aeropuertos. En 2017 el Proyecto Great Hall de renovaci\u00f3n de la terminal Jeppesen (Aeropuerto Internacional de Denver) tuvo como uno de los objetivos la renovaci\u00f3n y ampliaci\u00f3n de estos puntos.<\/p>\n\n\n\n<p><strong>Aunque la mayor\u00eda de los viajeros tenemos esto \u00faltimo en mente, la seguridad aeroportuaria va mucho m\u00e1s all\u00e1 del peligro del terrorismo.<\/strong> Al reto de la extinci\u00f3n de incendios, de la seguridad de los trenes o de la seguridad en pista se a\u00f1aden peque\u00f1as situaciones de riesgo que hay que tener controladas para que sus efectos no afecten a servicios cr\u00edticos. Y <a href=\"https:\/\/www.ferrovial.com\/blog\/es\/2014\/09\/el-silencioso-engranaje-de-la-seguridad-aeroportuaria\/\" title=\"El silencioso engranaje de la seguridad aeroportuaria - Ferrovial Blog\" target=\"_blank\" rel=\"dofollow noopener noreferrer\" aria-label=\" (opens in a new tab)\">este engranaje es silencioso<\/a>.<\/p>\n\n\n\n<h2 class=\"wp-block-heading\">Seguridad y equipaje<\/h2>\n\n\n\n<p>Uno de los puntos clave de la seguridad aeroportuaria radica en <strong>una buena gesti\u00f3n del equipaje<\/strong>. En el aeropuerto de Heathrow se ha construido <a href=\"https:\/\/www.ferrovial.com\/es\/project\/construccion-del-mayor-sistema-de-equipaje-integrado-del-mundo-en-heathrow\/\" class=\"ek-link\">el mayor sistema de equipaje integrado del mundo con 1,2 kil\u00f3metros de t\u00fanel, capaz de gestionar 7.200 maletas por hora. Esta infraestructura la forman el Western Interface Building, que conecta la T3 y la T5, y el Integrated Baggage de la T3.<\/a><br><\/p>\n<\/div><\/m-wysiwig>\n","protected":false},"excerpt":{"rendered":"","protected":false},"featured_media":0,"parent":25267,"menu_order":0,"comment_status":"closed","ping_status":"closed","template":"","meta":{"_acf_changed":false,"footnotes":""},"class_list":["post-21564","page","type-page","status-publish","hentry"],"acf":[],"yoast_head":"<!-- This site is optimized with the Yoast SEO plugin v27.2 - https:\/\/yoast.com\/product\/yoast-seo-wordpress\/ -->\n<title>Seguridad aeroportuaria: qu\u00e9 es y c\u00f3mo ha cambiado - Ferrovial<\/title>\n<meta name=\"description\" content=\"La seguridad aeroportuaria es un punto prioritario en la gesti\u00f3n de un aeropuerto y sus servicios para que todo funcione como debe. El transporte a\u00e9reo afronta un ...\" \/>\n<meta name=\"robots\" content=\"index, follow, max-snippet:-1, max-image-preview:large, max-video-preview:-1\" \/>\n<link rel=\"canonical\" href=\"https:\/\/www.ferrovial.com\/es\/recursos\/seguridad-aeroportuaria\/\" \/>\n<meta property=\"og:locale\" content=\"es_ES\" \/>\n<meta property=\"og:type\" content=\"article\" \/>\n<meta property=\"og:title\" content=\"Seguridad aeroportuaria: qu\u00e9 es y c\u00f3mo ha cambiado - Ferrovial\" \/>\n<meta property=\"og:description\" content=\"La seguridad aeroportuaria es un punto prioritario en la gesti\u00f3n de un aeropuerto y sus servicios para que todo funcione como debe. El transporte a\u00e9reo afronta un ...\" \/>\n<meta property=\"og:url\" content=\"https:\/\/www.ferrovial.com\/es\/recursos\/seguridad-aeroportuaria\/\" \/>\n<meta property=\"og:site_name\" content=\"Ferrovial\" \/>\n<meta property=\"article:publisher\" content=\"https:\/\/www.facebook.com\/ferrovial\" \/>\n<meta property=\"article:modified_time\" content=\"2025-11-09T12:50:06+00:00\" \/>\n<meta name=\"twitter:card\" content=\"summary_large_image\" \/>\n<meta name=\"twitter:site\" content=\"@ferrovial\" \/>\n<meta name=\"twitter:label1\" content=\"Est. reading time\" \/>\n\t<meta name=\"twitter:data1\" content=\"2 minutos\" \/>\n<!-- \/ Yoast SEO plugin. -->","yoast_head_json":{"title":"Seguridad aeroportuaria: qu\u00e9 es y c\u00f3mo ha cambiado - Ferrovial","description":"La seguridad aeroportuaria es un punto prioritario en la gesti\u00f3n de un aeropuerto y sus servicios para que todo funcione como debe. El transporte a\u00e9reo afronta un ...","robots":{"index":"index","follow":"follow","max-snippet":"max-snippet:-1","max-image-preview":"max-image-preview:large","max-video-preview":"max-video-preview:-1"},"canonical":"https:\/\/www.ferrovial.com\/es\/recursos\/seguridad-aeroportuaria\/","og_locale":"es_ES","og_type":"article","og_title":"Seguridad aeroportuaria: qu\u00e9 es y c\u00f3mo ha cambiado - Ferrovial","og_description":"La seguridad aeroportuaria es un punto prioritario en la gesti\u00f3n de un aeropuerto y sus servicios para que todo funcione como debe. El transporte a\u00e9reo afronta un ...","og_url":"https:\/\/www.ferrovial.com\/es\/recursos\/seguridad-aeroportuaria\/","og_site_name":"Ferrovial","article_publisher":"https:\/\/www.facebook.com\/ferrovial","article_modified_time":"2025-11-09T12:50:06+00:00","twitter_card":"summary_large_image","twitter_site":"@ferrovial","twitter_misc":{"Est. reading time":"2 minutos"},"schema":{"@context":"https:\/\/schema.org","@graph":[{"@type":"WebPage","@id":"https:\/\/www.ferrovial.com\/es\/recursos\/seguridad-aeroportuaria\/","url":"https:\/\/www.ferrovial.com\/es\/recursos\/seguridad-aeroportuaria\/","name":"Seguridad aeroportuaria: qu\u00e9 es y c\u00f3mo ha cambiado - Ferrovial","isPartOf":{"@id":"https:\/\/www.ferrovial.com\/es\/#website"},"datePublished":"2019-09-10T11:27:16+00:00","dateModified":"2025-11-09T12:50:06+00:00","description":"La seguridad aeroportuaria es un punto prioritario en la gesti\u00f3n de un aeropuerto y sus servicios para que todo funcione como debe. El transporte a\u00e9reo afronta un ...","breadcrumb":{"@id":"https:\/\/www.ferrovial.com\/es\/recursos\/seguridad-aeroportuaria\/#breadcrumb"},"inLanguage":"es","potentialAction":[{"@type":"ReadAction","target":["https:\/\/www.ferrovial.com\/es\/recursos\/seguridad-aeroportuaria\/"]}]},{"@type":"BreadcrumbList","@id":"https:\/\/www.ferrovial.com\/es\/recursos\/seguridad-aeroportuaria\/#breadcrumb","itemListElement":[{"@type":"ListItem","position":1,"name":"Portada","item":"https:\/\/www.ferrovial.com\/es\/"},{"@type":"ListItem","position":2,"name":"Recursos","item":"https:\/\/www.ferrovial.com\/es\/recursos\/"},{"@type":"ListItem","position":3,"name":"Seguridad aeroportuaria"}]},{"@type":"WebSite","@id":"https:\/\/www.ferrovial.com\/es\/#website","url":"https:\/\/www.ferrovial.com\/es\/","name":"Ferrovial","description":"Welcome to the Ferrovial&#039;s website, global operator of sustainable infrastructure. Here you can find all the information about the company and subsidiaries.","publisher":{"@id":"https:\/\/www.ferrovial.com\/es\/#organization"},"potentialAction":[{"@type":"SearchAction","target":{"@type":"EntryPoint","urlTemplate":"https:\/\/www.ferrovial.com\/es\/?s={search_term_string}"},"query-input":{"@type":"PropertyValueSpecification","valueRequired":true,"valueName":"search_term_string"}}],"inLanguage":"es"},{"@type":"Organization","@id":"https:\/\/www.ferrovial.com\/es\/#organization","name":"Ferrovial S.A.","url":"https:\/\/www.ferrovial.com\/es\/","logo":{"@type":"ImageObject","inLanguage":"es","@id":"https:\/\/www.ferrovial.com\/es\/#\/schema\/logo\/image\/","url":"https:\/\/static.ferrovial.com\/wp-content\/uploads\/2020\/01\/13124948\/logo-ferrovial-cf7.png","contentUrl":"https:\/\/static.ferrovial.com\/wp-content\/uploads\/2020\/01\/13124948\/logo-ferrovial-cf7.png","width":144,"height":32,"caption":"Ferrovial S.A."},"image":{"@id":"https:\/\/www.ferrovial.com\/es\/#\/schema\/logo\/image\/"},"sameAs":["https:\/\/www.facebook.com\/ferrovial","https:\/\/x.com\/ferrovial","https:\/\/www.instagram.com\/ferrovial\/","https:\/\/www.linkedin.com\/company\/ferrovial","https:\/\/www.pinterest.es\/ferrovial\/","https:\/\/www.youtube.com\/ferrovial","https:\/\/en.wikipedia.org\/wiki\/Ferrovial"]}]}},"_links":{"self":[{"href":"https:\/\/www.ferrovial.com\/es\/wp-json\/wp\/v2\/pages\/21564","targetHints":{"allow":["GET"]}}],"collection":[{"href":"https:\/\/www.ferrovial.com\/es\/wp-json\/wp\/v2\/pages"}],"about":[{"href":"https:\/\/www.ferrovial.com\/es\/wp-json\/wp\/v2\/types\/page"}],"replies":[{"embeddable":true,"href":"https:\/\/www.ferrovial.com\/es\/wp-json\/wp\/v2\/comments?post=21564"}],"version-history":[{"count":3,"href":"https:\/\/www.ferrovial.com\/es\/wp-json\/wp\/v2\/pages\/21564\/revisions"}],"predecessor-version":[{"id":317098,"href":"https:\/\/www.ferrovial.com\/es\/wp-json\/wp\/v2\/pages\/21564\/revisions\/317098"}],"up":[{"embeddable":true,"href":"https:\/\/www.ferrovial.com\/es\/wp-json\/wp\/v2\/pages\/25267"}],"wp:attachment":[{"href":"https:\/\/www.ferrovial.com\/es\/wp-json\/wp\/v2\/media?parent=21564"}],"curies":[{"name":"wp","href":"https:\/\/api.w.org\/{rel}","templated":true}]}}