{"id":220754,"date":"2022-04-13T11:39:27","date_gmt":"2022-04-13T09:39:27","guid":{"rendered":"https:\/\/www.ferrovial.com\/?page_id=220754"},"modified":"2024-02-23T14:00:27","modified_gmt":"2024-02-23T13:00:27","slug":"maquinaria","status":"publish","type":"page","link":"https:\/\/www.ferrovial.com\/es\/recursos\/maquinaria\/","title":{"rendered":"Maquinaria"},"content":{"rendered":"    <m-final-content-header >\n            <c-breadcrumb label-text=\"Breadcrumb\" slot=\"breadcrumbs\" type='2' align='left' wrap='wrapped wrapped' aria-label='Vienes de Recursos'>\n                        <ol>\n\n                                                            <li><a href=\"https:\/\/www.ferrovial.com\/es\/\" title=\"Ferrovial\">Ferrovial<\/a><\/li>\n                                                                        <li><a href=\"https:\/\/www.ferrovial.com\/es\/recursos\/\" title=\"Recursos\">Recursos<\/a><\/li>\n                                    \n                <\/ol>\n\n                <\/c-breadcrumb>\n    \n        <div slot=\"header\">\n            <h1>\n                \u00bfQu\u00e9 es una maquinaria?            <\/h1>\n                    <\/div>\n    <\/m-final-content-header>\n\n    \n\n\n<m-wysiwig class=\"wp-block-components-wysiwyg\"><div slot=\"maincontent\">\n<p><script type=\"application\/ld+json\">\n{\n  \"@context\": \"https:\/\/schema.org\",\n  \"@type\": \"FAQPage\",\n  \"mainEntity\": [{\n    \"@type\": \"Question\",\n    \"name\": \"\u00bfQu\u00e9 es una maquinaria?\",\n    \"acceptedAnswer\": {\n      \"@type\": \"Answer\",\n      \"text\": \"De acuerdo con la Real Academia Espa\u00f1ola (RAE) el t\u00e9rmino maquinaria se utiliza para hacer referencia a un conjunto de m\u00e1quinas que se utilizan para un fin determinado. Tambi\u00e9n lo define como un mecanismo de piezas que interact\u00faan entre s\u00ed para dar movimiento a un artefacto.\"\n    }\n  },{\n    \"@type\": \"Question\",\n    \"name\": \"\u00bfQu\u00e9 tipos de maquinarias existen?\",\n    \"acceptedAnswer\": {\n      \"@type\": \"Answer\",\n      \"text\": \"Independientemente de la finalidad \u00faltima de las m\u00e1quinas, desde un punto de vista mec\u00e1nico, pueden clasificarse en dos grandes categor\u00edas:\n\n<ul>\n<li>Maquinaria simple<\/li>\n<li>Maquinaria compleja<\/li>\n<\/ul>\nSeg\u00fan la fuente de energ\u00eda las m\u00e1quinas, adem\u00e1s, pueden clasificarse en:\n<ul>\n<li>Maquinaria el\u00e9ctrica<\/li>\n<li>Maquinaria t\u00e9rmica<\/li>\n<li>Maquinaria hidr\u00e1ulica<\/li>\n<\/ul>\nPor \u00faltimo, el t\u00e9rmino maquinaria suele asociarse al \u00e1rea industrial, aunque hay m\u00e1quinas espec\u00edficas para cada sector. Por ejemplo: \n<ul>\n<li>Maquinaria agr\u00edcola o ganadera<\/li>\n<li>Maquinaria de construcci\u00f3n<\/li>\n<\/ul>\"\n    }\n  },{\n    \"@type\": \"Question\",\n    \"name\": \"\u00bfCu\u00e1les son los retos actuales para la industria de las maquinarias?\",\n    \"acceptedAnswer\": {\n      \"@type\": \"Answer\",\n      \"text\": \"Ecolog\u00eda y sostenibilidad.La productividad es un enfoque clave a la hora de poner en funcionamiento un conjunto de m\u00e1quinas para alcanzar un objetivo industrial. Sin embargo, la consideraci\u00f3n de su impacto en el medio ambiente es tan importante como su capacidad operativa. \nPor esta raz\u00f3n, la optimizaci\u00f3n del rendimiento de las m\u00e1quinas, el uso responsable de los recursos en la fabricaci\u00f3n de la maquinaria, la reducci\u00f3n del consumo energ\u00e9tico durante su funcionamiento y el reciclaje de las piezas una vez finalizada la vida \u00fatil de la m\u00e1quina resultan esenciales a la hora de trabajar con maquinaria.\"\n    }\n  }]\n}\n<\/script><p>De acuerdo con la Real Academia Espa\u00f1ola (RAE) el t\u00e9rmino maquinaria se utiliza para hacer referencia a un <strong>conjunto de m\u00e1quinas que se utilizan para un fin determinado. <\/strong>Tambi\u00e9n lo define como un <strong>mecanismo de piezas que interact\u00faan entre s\u00ed para dar movimiento a un artefacto.&nbsp;<\/strong><\/p><\/p>\n\n\n\n<p>Desde un punto de vista econ\u00f3mico, se considera <em>maquinaria<\/em> al conjunto de bienes activos de una empresa cuyos objetivos son:<\/p>\n\n\n\n<ul class=\"wp-block-list\">\n<li>Fabricar productos.<\/li>\n\n\n\n<li>Llevar a cabo actividades en el proceso operativo de la empresa.<\/li>\n\n\n\n<li>Realizar tareas de una manera sencilla y en menor tiempo.<\/li>\n<\/ul>\n\n\n\n<h2 class=\"wp-block-heading\"><strong>\u00bfQu\u00e9 tipos de maquinarias existen?<\/strong><\/h2>\n\n\n\n<p>Independientemente de la finalidad \u00faltima de las m\u00e1quinas, desde un punto de vista mec\u00e1nico, pueden clasificarse en dos grandes categor\u00edas:<\/p>\n\n\n\n<p><strong>1. Maquinaria simple:<\/strong> dispositivos formados por un \u00fanico elemento, y cuyo mecanismo cambia la direcci\u00f3n y\/o magnitud de una fuerza, sin crear o destruir un proceso mec\u00e1nico. Tal es el caso de una palanca o una polea.<\/p>\n\n\n\n<p><strong>2. Maquinaria compleja:<\/strong> combinaci\u00f3n de varias m\u00e1quinas simples unidas en serie. Este tipo de m\u00e1quinas pueden ser puramente mec\u00e1nicas, el\u00e9ctricas o mixtas. La maquinaria compleja puede ir desde un abrelatas, pasando por un ventilador, hasta otros mecanismos m\u00e1s sofisticados como una turbina e\u00f3lica o incluso una serie de turbinas que, a su vez, est\u00e1n unidas a otras m\u00e1quinas en una cadena de producci\u00f3n.&nbsp;<\/p>\n\n\n\n<p>Seg\u00fan la <strong>fuente de energ\u00eda <\/strong>las m\u00e1quinas, adem\u00e1s, pueden clasificarse en:<\/p>\n\n\n\n<ul class=\"wp-block-list\">\n<li><strong>Maquinaria el\u00e9ctrica: <\/strong>dispone de un motor el\u00e9ctrico que transforma la <strong>energ\u00eda el\u00e9ctrica<\/strong> en energ\u00eda mec\u00e1nica, y viceversa, para hacer funcionar una m\u00e1quina. Suelen dividirse en los <strong>generadores<\/strong> (transforman la energ\u00eda mec\u00e1nica en el\u00e9ctrica), los <strong>motores<\/strong> (transforman la energ\u00eda el\u00e9ctrica en mec\u00e1nica al hacer girar un eje) y los <strong>transformadores<\/strong> (conservan la forma de la energ\u00eda, pero transforman sus caracter\u00edsticas).&nbsp;<\/li>\n\n\n\n<li><strong>Maquinaria t\u00e9rmica:<\/strong> se vale de la <strong>variaci\u00f3n de la temperatura de fluidos <\/strong>para la transformaci\u00f3n de energ\u00eda mec\u00e1nica. Un ejemplo de ello son las turbinas o las m\u00e1quinas de vapor.&nbsp;<\/li>\n\n\n\n<li><strong>Maquinaria hidr\u00e1ulica: <\/strong>cuya principal fuente de energ\u00eda es la <strong>presi\u00f3n generada por l\u00edquidos indeterminados<\/strong> (por lo general aceite) para lograr el funcionamiento mec\u00e1nico de una m\u00e1quina. Las prensas hidr\u00e1ulicas o las excavadoras son ejemplo de este tipo de sistemas.&nbsp;<\/li>\n<\/ul>\n\n\n\n<p>Por \u00faltimo, el t\u00e9rmino <em>maquinaria<\/em> suele asociarse al \u00e1rea industrial, aunque hay m\u00e1quinas espec\u00edficas para cada sector. Por ejemplo:&nbsp;<\/p>\n\n\n\n<ul class=\"wp-block-list\">\n<li><strong>Maquinaria agr\u00edcola o ganadera:<\/strong> imprescindible para el trabajo de campo. Est\u00e1 compuesta, principalmente, por veh\u00edculos de explotaci\u00f3n agr\u00edcola que permiten el ahorro de tiempo y esfuerzo f\u00edsico, adem\u00e1s de maximizar la producci\u00f3n.<\/li>\n\n\n\n<li><strong>Maquinaria de construcci\u00f3n: <\/strong>en su mayor\u00eda son veh\u00edculos dise\u00f1ados para la excavaci\u00f3n y extracci\u00f3n de capas de suelo; instalaci\u00f3n de las bases de un proyecto de ingenier\u00eda; transporte, carga y descarga de materiales. Este tipo de maquinaria est\u00e1 provista de mecanismos de tracci\u00f3n para operar en terrenos irregulares. La maquinaria de construcci\u00f3n puede ser ligera, pesada o semi pesada.&nbsp;<\/li>\n<\/ul>\n\n\n\n<h2 class=\"wp-block-heading\"><strong>\u00bfCu\u00e1les son los retos actuales para la industria de las maquinarias?&nbsp;<\/strong><\/h2>\n\n\n\n<p>Ecolog\u00eda y sostenibilidad. La productividad es un enfoque clave a la hora de poner en funcionamiento un conjunto de m\u00e1quinas para alcanzar un objetivo industrial. Sin embargo, <strong>la consideraci\u00f3n de su impacto en el medio ambiente es tan importante como su capacidad operativa.<\/strong>\u00a0<\/p>\n\n\n\n<p>Por esta raz\u00f3n, <strong>la optimizaci\u00f3n del rendimiento de las m\u00e1quinas, el uso responsable de los recursos<\/strong> en la fabricaci\u00f3n de la maquinaria, <strong>la reducci\u00f3n del consumo energ\u00e9tico<\/strong> durante su funcionamiento y el <strong>reciclaje de las piezas una vez finalizada la vida \u00fatil de la m\u00e1quina<\/strong> resultan esenciales a la hora de trabajar con maquinaria.<\/p>\n\n\n\n<p>Con vistas a la modernizaci\u00f3n de las m\u00e1quinas de producci\u00f3n, la industria de las maquinarias debe enfocarse en:<\/p>\n\n\n\n<ul class=\"wp-block-list\">\n<li><strong>Utilizaci\u00f3n de materiales ligeros <\/strong>que permitan un uso r\u00e1pido y con menos desgaste de las m\u00e1quinas, lo que se traduce, adem\u00e1s, en un aumento de la producci\u00f3n y vida \u00fatil.&nbsp;<\/li>\n\n\n\n<li>Desarrollo de <strong>mejoras e innovaciones tecnol\u00f3gicas y digitales para la reducci\u00f3n de emisiones de carbono<\/strong> que reduzcan la incidencia negativa de la maquinaria en el medio ambiente.<\/li>\n\n\n\n<li>Mejora en la <strong>combusti\u00f3n de la maquinaria agr\u00edcola o de construcci\u00f3n a partir de la reducci\u00f3n del consumo de combustible.<\/strong><\/li>\n<\/ul>\n\n\n\n<p><strong>Implementaci\u00f3n del <\/strong><a href=\"https:\/\/www.ferrovial.com\/es-es\/recursos\/internet-de-las-cosas\/\" target=\"_blank\" rel=\"noreferrer noopener\"><strong>Internet de las Cosas (IoT)<\/strong><\/a><strong> para el uso de maquinaria industrial,<\/strong> trabajando con dispositivos, sistemas y veh\u00edculos interconectados para la gesti\u00f3n aut\u00f3noma y energ\u00e9ticamente sostenible de la producci\u00f3n.<\/p>\n<\/div><\/m-wysiwig>\n\n\n    <m-projects-distributor2 :translations='{\n        &quot;prev&quot;:&quot;Anterior&quot;,\n        &quot;next&quot;:&quot;Siguiente&quot;,\n        &quot;paginationseparator&quot;:&quot;de&quot;\n    }'>\n                        <h2 slot=\"title\">\n                Nuestros proyectos destacados                <\/h2>\n                        <a slot='button' title='Conoce nuestros proyectos ' href='https:\/\/www.ferrovial.com\/es\/cintra\/proyectos\/'>\n            Conoce nuestros proyectos         <\/a>\n\n            <\/m-projects-distributor2>\n\n    ","protected":false},"excerpt":{"rendered":"","protected":false},"featured_media":0,"parent":25267,"menu_order":0,"comment_status":"closed","ping_status":"closed","template":"","meta":{"_acf_changed":false,"footnotes":""},"class_list":["post-220754","page","type-page","status-publish","hentry"],"acf":[],"yoast_head":"<!-- This site is optimized with the Yoast SEO plugin v27.2 - https:\/\/yoast.com\/product\/yoast-seo-wordpress\/ -->\n<title>Maquinaria - Ferrovial<\/title>\n<meta name=\"description\" content=\"De acuerdo con la RAE el t\u00e9rmino maquinaria se utiliza para hacer referencia a un conjunto de m\u00e1quinas que se utilizan para un fin determinado.\" \/>\n<meta name=\"robots\" content=\"index, follow, max-snippet:-1, max-image-preview:large, max-video-preview:-1\" \/>\n<link rel=\"canonical\" href=\"https:\/\/www.ferrovial.com\/es\/recursos\/maquinaria\/\" \/>\n<meta property=\"og:locale\" content=\"es_ES\" \/>\n<meta property=\"og:type\" content=\"article\" \/>\n<meta property=\"og:title\" content=\"Maquinaria - Ferrovial\" \/>\n<meta property=\"og:description\" content=\"De acuerdo con la RAE el t\u00e9rmino maquinaria se utiliza para hacer referencia a un conjunto de m\u00e1quinas que se utilizan para un fin determinado.\" \/>\n<meta property=\"og:url\" content=\"https:\/\/www.ferrovial.com\/es\/recursos\/maquinaria\/\" \/>\n<meta property=\"og:site_name\" content=\"Ferrovial\" \/>\n<meta property=\"article:publisher\" content=\"https:\/\/www.facebook.com\/ferrovial\" \/>\n<meta property=\"article:modified_time\" content=\"2024-02-23T13:00:27+00:00\" \/>\n<meta name=\"twitter:card\" content=\"summary_large_image\" \/>\n<meta name=\"twitter:site\" content=\"@ferrovial\" \/>\n<meta name=\"twitter:label1\" content=\"Est. reading time\" \/>\n\t<meta name=\"twitter:data1\" content=\"4 minutos\" \/>\n<!-- \/ Yoast SEO plugin. -->","yoast_head_json":{"title":"Maquinaria - Ferrovial","description":"De acuerdo con la RAE el t\u00e9rmino maquinaria se utiliza para hacer referencia a un conjunto de m\u00e1quinas que se utilizan para un fin determinado.","robots":{"index":"index","follow":"follow","max-snippet":"max-snippet:-1","max-image-preview":"max-image-preview:large","max-video-preview":"max-video-preview:-1"},"canonical":"https:\/\/www.ferrovial.com\/es\/recursos\/maquinaria\/","og_locale":"es_ES","og_type":"article","og_title":"Maquinaria - Ferrovial","og_description":"De acuerdo con la RAE el t\u00e9rmino maquinaria se utiliza para hacer referencia a un conjunto de m\u00e1quinas que se utilizan para un fin determinado.","og_url":"https:\/\/www.ferrovial.com\/es\/recursos\/maquinaria\/","og_site_name":"Ferrovial","article_publisher":"https:\/\/www.facebook.com\/ferrovial","article_modified_time":"2024-02-23T13:00:27+00:00","twitter_card":"summary_large_image","twitter_site":"@ferrovial","twitter_misc":{"Est. reading time":"4 minutos"},"schema":{"@context":"https:\/\/schema.org","@graph":[{"@type":"WebPage","@id":"https:\/\/www.ferrovial.com\/es\/recursos\/maquinaria\/","url":"https:\/\/www.ferrovial.com\/es\/recursos\/maquinaria\/","name":"Maquinaria - Ferrovial","isPartOf":{"@id":"https:\/\/www.ferrovial.com\/es\/#website"},"datePublished":"2022-04-13T09:39:27+00:00","dateModified":"2024-02-23T13:00:27+00:00","description":"De acuerdo con la RAE el t\u00e9rmino maquinaria se utiliza para hacer referencia a un conjunto de m\u00e1quinas que se utilizan para un fin determinado.","breadcrumb":{"@id":"https:\/\/www.ferrovial.com\/es\/recursos\/maquinaria\/#breadcrumb"},"inLanguage":"es","potentialAction":[{"@type":"ReadAction","target":["https:\/\/www.ferrovial.com\/es\/recursos\/maquinaria\/"]}]},{"@type":"BreadcrumbList","@id":"https:\/\/www.ferrovial.com\/es\/recursos\/maquinaria\/#breadcrumb","itemListElement":[{"@type":"ListItem","position":1,"name":"Portada","item":"https:\/\/www.ferrovial.com\/es\/"},{"@type":"ListItem","position":2,"name":"Recursos","item":"https:\/\/www.ferrovial.com\/es\/recursos\/"},{"@type":"ListItem","position":3,"name":"Maquinaria"}]},{"@type":"WebSite","@id":"https:\/\/www.ferrovial.com\/es\/#website","url":"https:\/\/www.ferrovial.com\/es\/","name":"Ferrovial","description":"Welcome to the Ferrovial&#039;s website, global operator of sustainable infrastructure. Here you can find all the information about the company and subsidiaries.","publisher":{"@id":"https:\/\/www.ferrovial.com\/es\/#organization"},"potentialAction":[{"@type":"SearchAction","target":{"@type":"EntryPoint","urlTemplate":"https:\/\/www.ferrovial.com\/es\/?s={search_term_string}"},"query-input":{"@type":"PropertyValueSpecification","valueRequired":true,"valueName":"search_term_string"}}],"inLanguage":"es"},{"@type":"Organization","@id":"https:\/\/www.ferrovial.com\/es\/#organization","name":"Ferrovial S.A.","url":"https:\/\/www.ferrovial.com\/es\/","logo":{"@type":"ImageObject","inLanguage":"es","@id":"https:\/\/www.ferrovial.com\/es\/#\/schema\/logo\/image\/","url":"https:\/\/static.ferrovial.com\/wp-content\/uploads\/2020\/01\/13124948\/logo-ferrovial-cf7.png","contentUrl":"https:\/\/static.ferrovial.com\/wp-content\/uploads\/2020\/01\/13124948\/logo-ferrovial-cf7.png","width":144,"height":32,"caption":"Ferrovial S.A."},"image":{"@id":"https:\/\/www.ferrovial.com\/es\/#\/schema\/logo\/image\/"},"sameAs":["https:\/\/www.facebook.com\/ferrovial","https:\/\/x.com\/ferrovial","https:\/\/www.instagram.com\/ferrovial\/","https:\/\/www.linkedin.com\/company\/ferrovial","https:\/\/www.pinterest.es\/ferrovial\/","https:\/\/www.youtube.com\/ferrovial","https:\/\/en.wikipedia.org\/wiki\/Ferrovial"]}]}},"_links":{"self":[{"href":"https:\/\/www.ferrovial.com\/es\/wp-json\/wp\/v2\/pages\/220754","targetHints":{"allow":["GET"]}}],"collection":[{"href":"https:\/\/www.ferrovial.com\/es\/wp-json\/wp\/v2\/pages"}],"about":[{"href":"https:\/\/www.ferrovial.com\/es\/wp-json\/wp\/v2\/types\/page"}],"replies":[{"embeddable":true,"href":"https:\/\/www.ferrovial.com\/es\/wp-json\/wp\/v2\/comments?post=220754"}],"version-history":[{"count":3,"href":"https:\/\/www.ferrovial.com\/es\/wp-json\/wp\/v2\/pages\/220754\/revisions"}],"predecessor-version":[{"id":276068,"href":"https:\/\/www.ferrovial.com\/es\/wp-json\/wp\/v2\/pages\/220754\/revisions\/276068"}],"up":[{"embeddable":true,"href":"https:\/\/www.ferrovial.com\/es\/wp-json\/wp\/v2\/pages\/25267"}],"wp:attachment":[{"href":"https:\/\/www.ferrovial.com\/es\/wp-json\/wp\/v2\/media?parent=220754"}],"curies":[{"name":"wp","href":"https:\/\/api.w.org\/{rel}","templated":true}]}}