{"id":220768,"date":"2022-04-13T11:56:53","date_gmt":"2022-04-13T09:56:53","guid":{"rendered":"https:\/\/www.ferrovial.com\/?page_id=220768"},"modified":"2024-09-16T21:57:30","modified_gmt":"2024-09-16T19:57:30","slug":"viaducto","status":"publish","type":"page","link":"https:\/\/www.ferrovial.com\/es\/recursos\/viaducto\/","title":{"rendered":"Viaducto"},"content":{"rendered":"    <m-final-content-header >\n            <c-breadcrumb label-text=\"Breadcrumb\" slot=\"breadcrumbs\" type='2' align='left' wrap='wrapped wrapped' aria-label='Vienes de Recursos'>\n                        <ol>\n\n                                                            <li><a href=\"https:\/\/www.ferrovial.com\/es\/\" title=\"Ferrovial\">Ferrovial<\/a><\/li>\n                                                                        <li><a href=\"https:\/\/www.ferrovial.com\/es-es\/recursos\/\" title=\"Recursos\">Recursos<\/a><\/li>\n                                    \n                <\/ol>\n\n                <\/c-breadcrumb>\n    \n        <div slot=\"header\">\n            <h1>\n                \u00bfQu\u00e9 es un viaducto?            <\/h1>\n                    <\/div>\n    <\/m-final-content-header>\n\n    \n\n\n<m-wysiwig class=\"wp-block-components-wysiwyg\"><div slot=\"maincontent\">\n<p><script type=\"application\/ld+json\">\n{\n  \"@context\": \"https:\/\/schema.org\",\n  \"@type\": \"FAQPage\",\n  \"mainEntity\": [{\n    \"@type\": \"Question\",\n    \"name\": \"\u00bfQu\u00e9 es un viaducto?\",\n    \"acceptedAnswer\": {\n      \"@type\": \"Answer\",\n      \"text\": \"Un viaducto es una obra de ingenier\u00eda capaz de conectar el extremo de un camino a otro por encima de una hondonada o valle. Por lo general, su infraestructura consta de una superficie altamente resistente, pensada para garantizar el paso de una gran cantidad de personas, ya sea a pie o a bordo de veh\u00edculos.\"\n    }\n  },{\n    \"@type\": \"Question\",\n    \"name\": \"Diferencia entre puente y viaducto\",\n    \"acceptedAnswer\": {\n      \"@type\": \"Answer\",\n      \"text\": \"La principal diferencia entre un puente y un viaducto es la envergadura. Mientras que un puente garantiza el paso de un lugar a otro por encima de un obst\u00e1culo o cuerpo de agua, el viaducto crea, adem\u00e1s, un camino transitable a trav\u00e9s de diversos accidentes naturales, como valles o barrancos, e incluso puede ubicarse sobre otras obras civiles, como avenidas, calles y, por supuesto, puentes.\nDicho de una manera m\u00e1s simple: el viaducto puede considerarse un puente, pero no todos los puentes funcionan como viaductos.\"\n    }\n  },{\n    \"@type\": \"Question\",\n    \"name\": \"\u00bfQu\u00e9 referente en cuanto a viaductos existe en Espa\u00f1a?\",\n    \"acceptedAnswer\": {\n      \"@type\": \"Answer\",\n      \"text\": \"Entre algunos de los proyectos m\u00e1s relevantes que ha desarrollado Ferrovial, destaca el viaducto del R\u00edo Nal\u00f3n, con una longitud total que supera los mil metros. Esta obra consta de dos zonas diferenciadas longitudinalmente y elaboradas a partir del sistema de empuje del dintel met\u00e1lico desde los dos estribos. Su ancho total es de 27 metros.\n\nEn el a\u00f1o 2002, Ferrovial inici\u00f3 los trabajos del viaducto de Montabliz, situado en la avenida A67. Est\u00e1 ubicado en un desgarro geol\u00f3gico de la zona cant\u00e1brica, y se le conoce por ser el puente m\u00e1s alto de Espa\u00f1a, con 130 metros de altura.\"\n    }\n  },{\n    \"@type\": \"Question\",\n    \"name\": \"\u00bfCu\u00e1les son los viaductos m\u00e1s impresionantes del mundo?\",\n    \"acceptedAnswer\": {\n      \"@type\": \"Answer\",\n      \"text\": \"<ul>\n<li>Viaducto de Millau, en el sur de Francia<\/li>\n<li>Puente Vasco da Gama, en Portugal<\/li>\n<li>Puente Duge, en China<\/li>\n<li>Golden Gate, en Estados Unidos<\/li>\n<\/ul>\"\n    }\n  }]\n}\n<\/script><p>Un viaducto es una obra de ingenier\u00eda capaz de conectar el extremo de un camino a otro por encima de una hondonada o valle. Por lo general, su infraestructura consta de una superficie altamente resistente, pensada para garantizar el paso de una gran cantidad de personas, ya sea a pie o a bordo de veh\u00edculos.<\/p><\/p>\n\n\n\n<p>Su nombre deriva de la uni\u00f3n de dos palabras latinas: <em>via<\/em>, que quiere decir \u00abcamino\u00bb, y <em>ductus<\/em>, que significa \u00abconducci\u00f3n\u00bb. <strong>Su forma guarda cierta similitud con los acueductos construidos en la antigua Roma debido a su forma arqueada y proporci\u00f3n sim\u00e9trica<\/strong>.<\/p>\n\n\n\n<h2 class=\"wp-block-heading\">Diferencia entre puente y viaducto<\/h2>\n\n\n\n<p>La principal diferencia entre un puente y un viaducto es la envergadura. Mientras que un puente garantiza el paso de un lugar a otro por encima de un obst\u00e1culo o cuerpo de agua, el viaducto crea, adem\u00e1s, un camino transitable a trav\u00e9s de diversos accidentes naturales, como valles o barrancos, e incluso puede ubicarse sobre otras obras civiles, como avenidas, calles y, por supuesto, puentes.<\/p>\n\n\n\n<p>Dicho de una manera m\u00e1s simple: <strong>el viaducto puede considerarse un puente, pero no todos los puentes funcionan como viaductos<\/strong>. Para confirmar esta afirmaci\u00f3n pueden tomarse como ejemplo dos estructuras diferentes: el Viaducto de Segovia, en Madrid, y el Puente Centenario, en Santiago de Chile.<\/p>\n\n\n\n<p><strong>Viaducto de Segovia<\/strong><\/p>\n\n\n\n<p>Se ubica en la prolongaci\u00f3n de la calle de Bail\u00e9n y cruza la calle de Segovia. Su finalidad es proporcionar un paso seguro a trav\u00e9s del barranco que se ubica en la ciudad. Se trata de una obra de ingenier\u00eda civil que conecta puntos importantes de la urbe madrile\u00f1a, adem\u00e1s de ser un punto de referencia para quienes habitan la zona.<\/p>\n\n\n\n<p>Surge de la necesidad de tener un paso sobre el arroyo de San Pedro. Aunque no se edific\u00f3 hasta el siglo XIX, se sabe que exist\u00eda como proyecto desde el a\u00f1o 1730. Finalmente, en 1870 se inician los trabajos de construcci\u00f3n, que acaban cuatro a\u00f1os despu\u00e9s en una estructura elaborada en madera y hierro.&nbsp;<\/p>\n\n\n\n<p>A lo largo de su historia, el Viaducto de Segovia ha sufrido diversas remodelaciones. La \u00faltima tuvo lugar en 1974 e incluy\u00f3 la construcci\u00f3n de una nueva estructura en hormig\u00f3n y granito.<\/p>\n\n\n\n<p><strong>Viaducto de Santiago de Chile<\/strong><\/p>\n\n\n\n<p>Est\u00e1 en la comuna de Vitacura, ubicada en el municipio de Santiago, y su nombre real es Puente Centenario. Su longitud total es de 195 metros, y atraviesa el r\u00edo Mapocho. Se trata de un viaducto dise\u00f1ado para uso vehicular, y comprende tres autopistas diferentes: el Acceso Nororiente, la Costanera Norte y la Vespucio Oriente.<\/p>\n\n\n\n<p>Ambos ejemplos son obras civiles que comparten la misma caracter\u00edstica primordial: soportar tr\u00e1nsito pesado y uso constante, adem\u00e1s de garantizar la seguridad de los usuarios que se desplazan en ellos.<\/p>\n\n\n\n<h2 class=\"wp-block-heading\">\u00bfQu\u00e9 referente en cuanto a viaductos existe en Espa\u00f1a?<\/h2>\n\n\n\n<p>En la actualidad existen diversas compa\u00f1\u00edas que se especializan en la construcci\u00f3n de viaductos en Espa\u00f1a. Una de las m\u00e1s importantes es Ferrovial.<\/p>\n\n\n\n<p>Entre algunos de los proyectos m\u00e1s relevantes que ha desarrollado Ferrovial, destaca el viaducto del R\u00edo Nal\u00f3n, con una longitud total que supera los mil metros. Esta obra consta de dos zonas diferenciadas longitudinalmente y elaboradas a partir del sistema de empuje del dintel met\u00e1lico desde los dos estribos. Su ancho total es de 27 metros.<\/p>\n\n\n\n<p>En el a\u00f1o 2002, Ferrovial inici\u00f3 los trabajos del viaducto de Montabliz, situado en la avenida A67. Est\u00e1 ubicado en un desgarro geol\u00f3gico de la zona cant\u00e1brica, y se le conoce por ser el puente m\u00e1s alto de Espa\u00f1a, con 130 metros de altura.<\/p>\n\n\n\n<h2 class=\"wp-block-heading\">\u00bfCu\u00e1les son los viaductos m\u00e1s impresionantes del mundo?<\/h2>\n\n\n\n<ul class=\"wp-block-list\">\n<li><strong>Viaducto de Millau<\/strong>, en el sur de Francia. Tiene una longitud de casi dos kil\u00f3metros y medio y alcanza 343 metros de altura. El proyecto comenz\u00f3 en 1987, y se inaugur\u00f3 apenas en 2004. Cost\u00f3 320 millones de euros y, en 2010, transitaban por \u00e9l 4,5 millones de veh\u00edculos al a\u00f1o.<\/li>\n\n\n\n<li><strong>Puente Vasco da Gama<\/strong>, en Portugal. Es el segundo puente m\u00e1s largo de Europa, con 17,3 km (de los cuales 11,5 km de viaducto). Atraviesa el r\u00edo Tajo desde 1998. Para construirlo, fue necesario desplazar a 300 familias.<\/li>\n\n\n\n<li><strong>Puente Duge<\/strong>, en China. Es el puente m\u00e1s alto del mundo, con 565 metros, y tiene 1340 de longitud. Forma parte de la autopista G56 Hangzhou-Ruili, y acort\u00f3 los tiempos de viaje de aproximadamente una hora desde su inauguraci\u00f3n en 2016.<\/li>\n\n\n\n<li><strong>Golden Gate<\/strong>, en Estados Unidos. Es uno de los viaductos m\u00e1s famosos del mundo. Se construy\u00f3 entre 1933 y 1937 como respuesta al aumento exponencial del tr\u00e1fico vehicular despu\u00e9s de la Primera Guerra Mundial.<\/li>\n<\/ul>\n\n\n\n<h2 class=\"wp-block-heading\">Aspectos curiosos<\/h2>\n\n\n\n<ul class=\"wp-block-list\">\n<li>La inauguraci\u00f3n del primer Viaducto de Segovia, en 1874, coincide con el traslado de los restos de Pedro Calder\u00f3n de La Barca al cementerio de San Nicol\u00e1s.<\/li>\n\n\n\n<li>Debido a la alta tasa de suicidios que se produc\u00edan cada a\u00f1o en el Viaducto de Segovia, tambi\u00e9n se le conoce coloquialmente como\u00a0 \u00abel puente de los suicidas\u00bb.<\/li>\n\n\n\n<li>Una de las caracter\u00edsticas m\u00e1s importantes del viaducto de Ormaiztegui, en el Pa\u00eds Vasco, es que el encargado de su construcci\u00f3n fue el c\u00e9lebre ingeniero Alexandre Lavalley, predecesor de Gustave Eiffel.<\/li>\n\n\n\n<li>El viaducto de Sankey Valley, en Inglaterra, fue el primer viaducto ferroviario del mundo.<\/li>\n\n\n\n<li>En el lugar donde actualmente se ubica el viaducto Miguel Alem\u00e1n, en la Ciudad de M\u00e9xico, se encontraba uno de los 70 r\u00edos que desembocaban en el lago de Tenochtitl\u00e1n antes de la llegada de Hern\u00e1n Cort\u00e9s.<\/li>\n<\/ul>\n<\/div><\/m-wysiwig>\n\n\n    <m-projects-distributor2 :translations='{\n        &quot;prev&quot;:&quot;Anterior&quot;,\n        &quot;next&quot;:&quot;Siguiente&quot;,\n        &quot;paginationseparator&quot;:&quot;de&quot;\n    }'>\n                        <h2 slot=\"title\">\n                Nuestros proyectos destacados                <\/h2>\n                        <a slot='button' title='Conoce nuestros proyectos ' href='https:\/\/www.ferrovial.com\/es\/cintra\/proyectos\/'>\n            Conoce nuestros proyectos         <\/a>\n\n            <\/m-projects-distributor2>\n\n    ","protected":false},"excerpt":{"rendered":"","protected":false},"featured_media":0,"parent":104183,"menu_order":0,"comment_status":"closed","ping_status":"closed","template":"","meta":{"_acf_changed":false,"footnotes":""},"class_list":["post-220768","page","type-page","status-publish","hentry"],"acf":[],"yoast_head":"<!-- This site is optimized with the Yoast SEO plugin v27.2 - https:\/\/yoast.com\/product\/yoast-seo-wordpress\/ -->\n<title>Viaducto - Ferrovial<\/title>\n<meta name=\"description\" content=\"Un viaducto es una obra de ingenier\u00eda capaz de conectar el extremo de un camino a otro por encima de una hondonada o valle.\" \/>\n<meta name=\"robots\" content=\"index, follow, max-snippet:-1, max-image-preview:large, max-video-preview:-1\" \/>\n<link rel=\"canonical\" href=\"https:\/\/www.ferrovial.com\/es\/recursos\/viaducto\/\" \/>\n<meta property=\"og:locale\" content=\"es_ES\" \/>\n<meta property=\"og:type\" content=\"article\" \/>\n<meta property=\"og:title\" content=\"Viaducto - Ferrovial\" \/>\n<meta property=\"og:description\" content=\"Un viaducto es una obra de ingenier\u00eda capaz de conectar el extremo de un camino a otro por encima de una hondonada o valle.\" \/>\n<meta property=\"og:url\" content=\"https:\/\/www.ferrovial.com\/es\/recursos\/viaducto\/\" \/>\n<meta property=\"og:site_name\" content=\"Ferrovial\" \/>\n<meta property=\"article:publisher\" content=\"https:\/\/www.facebook.com\/ferrovial\" \/>\n<meta property=\"article:modified_time\" content=\"2024-09-16T19:57:30+00:00\" \/>\n<meta name=\"twitter:card\" content=\"summary_large_image\" \/>\n<meta name=\"twitter:site\" content=\"@ferrovial\" \/>\n<meta name=\"twitter:label1\" content=\"Est. reading time\" \/>\n\t<meta name=\"twitter:data1\" content=\"5 minutos\" \/>\n<!-- \/ Yoast SEO plugin. -->","yoast_head_json":{"title":"Viaducto - Ferrovial","description":"Un viaducto es una obra de ingenier\u00eda capaz de conectar el extremo de un camino a otro por encima de una hondonada o valle.","robots":{"index":"index","follow":"follow","max-snippet":"max-snippet:-1","max-image-preview":"max-image-preview:large","max-video-preview":"max-video-preview:-1"},"canonical":"https:\/\/www.ferrovial.com\/es\/recursos\/viaducto\/","og_locale":"es_ES","og_type":"article","og_title":"Viaducto - Ferrovial","og_description":"Un viaducto es una obra de ingenier\u00eda capaz de conectar el extremo de un camino a otro por encima de una hondonada o valle.","og_url":"https:\/\/www.ferrovial.com\/es\/recursos\/viaducto\/","og_site_name":"Ferrovial","article_publisher":"https:\/\/www.facebook.com\/ferrovial","article_modified_time":"2024-09-16T19:57:30+00:00","twitter_card":"summary_large_image","twitter_site":"@ferrovial","twitter_misc":{"Est. reading time":"5 minutos"},"schema":{"@context":"https:\/\/schema.org","@graph":[{"@type":"WebPage","@id":"https:\/\/www.ferrovial.com\/es\/recursos\/viaducto\/","url":"https:\/\/www.ferrovial.com\/es\/recursos\/viaducto\/","name":"Viaducto - Ferrovial","isPartOf":{"@id":"https:\/\/www.ferrovial.com\/es\/#website"},"datePublished":"2022-04-13T09:56:53+00:00","dateModified":"2024-09-16T19:57:30+00:00","description":"Un viaducto es una obra de ingenier\u00eda capaz de conectar el extremo de un camino a otro por encima de una hondonada o valle.","breadcrumb":{"@id":"https:\/\/www.ferrovial.com\/es\/recursos\/viaducto\/#breadcrumb"},"inLanguage":"es","potentialAction":[{"@type":"ReadAction","target":["https:\/\/www.ferrovial.com\/es\/recursos\/viaducto\/"]}]},{"@type":"BreadcrumbList","@id":"https:\/\/www.ferrovial.com\/es\/recursos\/viaducto\/#breadcrumb","itemListElement":[{"@type":"ListItem","position":1,"name":"Portada","item":"https:\/\/www.ferrovial.com\/es\/"},{"@type":"ListItem","position":2,"name":"Recursos","item":"https:\/\/www.ferrovial.com\/es\/recursos\/"},{"@type":"ListItem","position":3,"name":"Viaducto"}]},{"@type":"WebSite","@id":"https:\/\/www.ferrovial.com\/es\/#website","url":"https:\/\/www.ferrovial.com\/es\/","name":"Ferrovial","description":"Welcome to the Ferrovial&#039;s website, global operator of sustainable infrastructure. Here you can find all the information about the company and subsidiaries.","publisher":{"@id":"https:\/\/www.ferrovial.com\/es\/#organization"},"potentialAction":[{"@type":"SearchAction","target":{"@type":"EntryPoint","urlTemplate":"https:\/\/www.ferrovial.com\/es\/?s={search_term_string}"},"query-input":{"@type":"PropertyValueSpecification","valueRequired":true,"valueName":"search_term_string"}}],"inLanguage":"es"},{"@type":"Organization","@id":"https:\/\/www.ferrovial.com\/es\/#organization","name":"Ferrovial S.A.","url":"https:\/\/www.ferrovial.com\/es\/","logo":{"@type":"ImageObject","inLanguage":"es","@id":"https:\/\/www.ferrovial.com\/es\/#\/schema\/logo\/image\/","url":"https:\/\/static.ferrovial.com\/wp-content\/uploads\/2020\/01\/13124948\/logo-ferrovial-cf7.png","contentUrl":"https:\/\/static.ferrovial.com\/wp-content\/uploads\/2020\/01\/13124948\/logo-ferrovial-cf7.png","width":144,"height":32,"caption":"Ferrovial S.A."},"image":{"@id":"https:\/\/www.ferrovial.com\/es\/#\/schema\/logo\/image\/"},"sameAs":["https:\/\/www.facebook.com\/ferrovial","https:\/\/x.com\/ferrovial","https:\/\/www.instagram.com\/ferrovial\/","https:\/\/www.linkedin.com\/company\/ferrovial","https:\/\/www.pinterest.es\/ferrovial\/","https:\/\/www.youtube.com\/ferrovial","https:\/\/en.wikipedia.org\/wiki\/Ferrovial"]}]}},"_links":{"self":[{"href":"https:\/\/www.ferrovial.com\/es\/wp-json\/wp\/v2\/pages\/220768","targetHints":{"allow":["GET"]}}],"collection":[{"href":"https:\/\/www.ferrovial.com\/es\/wp-json\/wp\/v2\/pages"}],"about":[{"href":"https:\/\/www.ferrovial.com\/es\/wp-json\/wp\/v2\/types\/page"}],"replies":[{"embeddable":true,"href":"https:\/\/www.ferrovial.com\/es\/wp-json\/wp\/v2\/comments?post=220768"}],"version-history":[{"count":3,"href":"https:\/\/www.ferrovial.com\/es\/wp-json\/wp\/v2\/pages\/220768\/revisions"}],"predecessor-version":[{"id":288260,"href":"https:\/\/www.ferrovial.com\/es\/wp-json\/wp\/v2\/pages\/220768\/revisions\/288260"}],"up":[{"embeddable":true,"href":"https:\/\/www.ferrovial.com\/es\/wp-json\/wp\/v2\/pages\/104183"}],"wp:attachment":[{"href":"https:\/\/www.ferrovial.com\/es\/wp-json\/wp\/v2\/media?parent=220768"}],"curies":[{"name":"wp","href":"https:\/\/api.w.org\/{rel}","templated":true}]}}