{"id":220783,"date":"2022-04-13T12:13:27","date_gmt":"2022-04-13T10:13:27","guid":{"rendered":"https:\/\/www.ferrovial.com\/?page_id=220783"},"modified":"2025-11-09T16:33:42","modified_gmt":"2025-11-09T15:33:42","slug":"agua","status":"publish","type":"page","link":"https:\/\/www.ferrovial.com\/es\/recursos\/agua\/","title":{"rendered":"Agua"},"content":{"rendered":"    <m-final-content-header >\n            <c-breadcrumb label-text=\"Breadcrumb\" slot=\"breadcrumbs\" type='2' align='left' wrap='wrapped wrapped' aria-label='Vienes de Recursos'>\n                        <ol>\n\n                                                            <li><a href=\"https:\/\/www.ferrovial.com\/es\/\" title=\"Ferrovial\">Ferrovial<\/a><\/li>\n                                                                        <li><a href=\"https:\/\/www.ferrovial.com\/es\/recursos\/\" title=\"Recursos\">Recursos<\/a><\/li>\n                                    \n                <\/ol>\n\n                <\/c-breadcrumb>\n    \n        <div slot=\"header\">\n            <h1>\n                \u00bfQu\u00e9 es el agua?              <\/h1>\n                    <\/div>\n    <\/m-final-content-header>\n\n    \n\n\n<m-wysiwig class=\"wp-block-components-wysiwyg\"><div slot=\"maincontent\">\n<p>El agua es una sustancia transparente,&nbsp;<strong>inodora, incolora e ins\u00edpida.<\/strong>&nbsp;Es la m\u00e1s abundante del planeta y la \u00fanica que&nbsp;<strong>puede encontrarse de forma natural en los tres estados de la materia: l\u00edquido, s\u00f3lido y gaseoso<\/strong>.&nbsp;Este recurso es de vital importancia para el funcionamiento de los ecosistemas y para los seres vivos. Sin ella, no existir\u00eda la vida.&nbsp;&nbsp;<script>\n{\n  \"@context\": \"https:\/\/schema.org\",\n  \"@type\": \"FAQPage\",\n  \"mainEntity\": [{\n    \"@type\": \"Question\",\n    \"name\": \"\u00bfQu\u00e9 es el agua?\",\n    \"acceptedAnswer\": {\n      \"@type\": \"Answer\",\n      \"text\": \"El agua es una sustancia transparente, inodora, incolora e ins\u00edpida. Es la m\u00e1s abundante del planeta y la \u00fanica que puede encontrarse de forma natural en los tres estados de la materia: l\u00edquido, s\u00f3lido y gaseoso. Este recurso es de vital importancia para el funcionamiento de los ecosistemas y para los seres vivos. Sin ella, no existir\u00eda la vida.\"\n    }\n  },{\n    \"@type\": \"Question\",\n    \"name\": \"\u00bfCu\u00e1les son las propiedades del agua?\",\n    \"acceptedAnswer\": {\n      \"@type\": \"Answer\",\n      \"text\": \"Su principal propiedad es que se trata de un solvente universal, capaz de disolver m\u00e1s sustancias que cualquier otro l\u00edquido. Mientras el agua circula por el planeta, disuelve y arrastra con ella numerosas sustancias. Por otro lado, su propiedad f\u00edsica m\u00e1s significativa es, precisamente, la de encontrarse en los tres estados de la materia.\"\n    }\n  },{\n    \"@type\": \"Question\",\n    \"name\": \"\u00bfQu\u00e9 es el ciclo del agua?\",\n    \"acceptedAnswer\": {\n      \"@type\": \"Answer\",\n      \"text\": \"El ciclo del agua, o ciclo hidrol\u00f3gico, es el proceso bioqu\u00edmico continuo a trav\u00e9s del cual el agua circula, pasando por sus diferentes estados.\nLas fases del ciclo del agua son:  \n\n<ul>\n<li>Evaporaci\u00f3n<\/li>\n<li>Condensaci\u00f3n<\/li>\n<li>Precipitaci\u00f3n<\/li>\n<li>Infiltraci\u00f3n y escorrent\u00eda<\/li>\n<li>Retorno al mar<\/li>\nLa sublimaci\u00f3n tambi\u00e9n puede ser parte del ciclo del agua. Se trata de la evaporaci\u00f3n del agua a partir de su estado s\u00f3lido sin pasar por el l\u00edquido. Puede ocurrir en los glaciares y picos de monta\u00f1as de nieve perpetua.\n\n\n<\/ul>\"\n    }\n  },{\n    \"@type\": \"Question\",\n    \"name\": \"\u00bfDe d\u00f3nde proviene el agua que consumimos?\",\n    \"acceptedAnswer\": {\n      \"@type\": \"Answer\",\n      \"text\": \"El agua que consumimos proviene de diferentes fuentes, como manantiales, arroyos, r\u00edos, lagos o pozos. En muchos casos, el agua pasa por plantas de potabilizaci\u00f3n en donde se somete a tratamientos qu\u00edmicos para garantizar que sea apta para consumo humano. De acuerdo con la Organizaci\u00f3n Mundial de la Salud (OMS), el acceso al agua potable es fundamental para la salud, uno de los derechos humanos b\u00e1sicos y un componente fundamental de las pol\u00edticas eficaces de protecci\u00f3n de la salud.\"\n    }\n  },{\n    \"@type\": \"Question\",\n    \"name\": \"\u00bfQu\u00e9 tipos de agua existen?\",\n    \"acceptedAnswer\": {\n      \"@type\": \"Answer\",\n      \"text\": \"<ul>\n<li>Agua salada: se encuentra en mares y oc\u00e9anos y representa el 97% del total del recurso h\u00eddrico.<\/li>\n<li>Agua dulce: se encuentra de forma natural en la superficie de la tierra y en ecosistemas subterr\u00e1neos.<\/li> \n<li>Agua salobre: tiene un nivel de salinidad entre el agua dulce y el agua de mar. <\/li>\n<li>Agua potable: es apta para el consumo humano.<\/li> \n<li>Agua cruda o bruta: no ha recibido ning\u00fan tratamiento.<\/li> \n<li>Agua destilada: ha sido tratada mediante un proceso de destilaci\u00f3n.<\/li> \n<li>Agua dura: contiene un alto nivel de minerales disueltos.<\/li> \n<li>Agua blanda: contiene niveles bajos de sales y minerales.<\/li> \n<li>Aguas residuales: aquellas afectadas por la influencia antropog\u00e9nica de forma negativa.<\/li> \n<li>Aguas negras: son las aguas contaminadas por heces u orina.<\/li> \n<li>Aguas grises: las resultantes del uso dom\u00e9stico. <\/li> \n<\/ul>\"\n    }\n  },{\n    \"@type\": \"Question\",\n    \"name\": \"Curiosidades sobre el agua:\",\n    \"acceptedAnswer\": {\n      \"@type\": \"Answer\",\n      \"text\": \"<ul>\n<li>El agua de mar es salada porque tiene una alta concentraci\u00f3n de sales minerales.\n<\/li>\n<li>El agua de consumo humano contiene minerales y diferentes iones, como cloruros, nitratos, calcio o magnesio. \n<\/li>\n<\/ul>\nEn l\u00edneas generales, el agua se congela a 0 oC y se evapora a 100 oC, pero esto puede varias seg\u00fan otros factores de composici\u00f3n y ambientales.\"\n    }\n  }]\n}\n<\/script><\/p>\n\n\n\n<h2 class=\"wp-block-heading\">\u00bfCu\u00e1les son las propiedades del agua?&nbsp;<\/h2>\n\n\n\n<p>Una mol\u00e9cula de agua est\u00e1 <strong>formada por dos \u00e1tomos de hidr\u00f3geno y uno de ox\u00edgeno<\/strong>, y su f\u00f3rmula qu\u00edmica es H<sub>2<\/sub>O.&nbsp;Su principal propiedad es que se trata de un solvente universal, <strong>capaz de disolver m\u00e1s sustancias que cualquier otro l\u00edquido.<\/strong> Mientras el agua circula por el planeta, disuelve y arrastra con ella numerosas sustancias.&nbsp;Por otro lado, su propiedad f\u00edsica m\u00e1s significativa es, precisamente, la de encontrarse en los <strong>tres estados de la materia.<\/strong>&nbsp;<\/p>\n\n\n\n<h2 class=\"wp-block-heading\">\u00bfQu\u00e9 es el ciclo del agua?&nbsp;<\/h2>\n\n\n\n<p>El agua no se encuentra apresada en determinadas zonas del planeta, sino que <strong>est\u00e1 en continuo movimiento,<\/strong> circulando por los mares y oc\u00e9anos, los continentes y la atm\u00f3sfera.&nbsp;El ciclo del agua, o ciclo hidrol\u00f3gico, es <strong>el proceso bioqu\u00edmico continuo a trav\u00e9s del cual el agua circula, pasando por sus diferentes estados<\/strong>.<\/p>\n\n\n\n<p>Las fases del ciclo del agua son:&nbsp;&nbsp;<\/p>\n\n\n\n<ul class=\"wp-block-list\">\n<li><strong>Evaporaci\u00f3n:<\/strong> el cambio de estado del agua de l\u00edquido a gas. Cuando el agua recibe el calor del sol, se calienta y se transforma en vapor, pasando a la atm\u00f3sfera. Gran parte del agua que se evapora proviene de los oc\u00e9anos.<\/li>\n\n\n\n<li><strong>Condensaci\u00f3n:<\/strong> el cambio de gaseoso a l\u00edquido. A medida que asciende, el vapor de agua se enfr\u00eda y se condensa, formando las nubes.&nbsp;&nbsp;<\/li>\n\n\n\n<li><strong>Precipitaci\u00f3n:<\/strong> la lluvia, la nieve o el granizo se forman cuando las gotas de agua de las nubes aumentan de peso y caen de nuevo a la superficie terrestre.&nbsp;&nbsp;<\/li>\n\n\n\n<li><strong>Infiltraci\u00f3n y escorrent\u00eda:<\/strong> parte de estas gotas se infiltran en el terreno y otras circulan sobre la superficie. Es lo que se conoce como escorrent\u00eda.&nbsp;&nbsp;<\/li>\n\n\n\n<li><strong>Retorno al mar:<\/strong> el agua termina llegando a los r\u00edos y mezcl\u00e1ndose de nuevo en el mar.&nbsp;&nbsp;<\/li>\n<\/ul>\n\n\n\n<p>La <strong>sublimaci\u00f3n<\/strong> tambi\u00e9n puede ser parte del ciclo del agua. Se trata de la evaporaci\u00f3n del agua a partir de su estado s\u00f3lido sin pasar por el l\u00edquido. Puede ocurrir en los glaciares y picos de monta\u00f1as de nieve perpetua.<\/p>\n\n\n\n<h2 class=\"wp-block-heading\">\u00bfDe d\u00f3nde proviene el agua que consumimos?&nbsp;&nbsp;<\/h2>\n\n\n\n<p>El agua que consumimos proviene de diferentes fuentes, como <strong>manantiales, arroyos, r\u00edos, lagos o pozos.&nbsp;<\/strong>En muchos casos, el agua pasa por plantas de <a href=\"https:\/\/www.ferrovial.com\/es-es\/recursos\/potabilizacion\/\" target=\"_blank\" rel=\"noreferrer noopener\">potabilizaci\u00f3n<\/a> en donde se somete a tratamientos qu\u00edmicos para garantizar que sea apta para consumo humano. De acuerdo con la Organizaci\u00f3n Mundial de la Salud (OMS), el acceso al agua potable es fundamental para la salud, uno de los derechos humanos b\u00e1sicos y un componente fundamental de las pol\u00edticas eficaces de protecci\u00f3n de la salud.&nbsp;<\/p>\n\n\n\n<h2 class=\"wp-block-heading\">\u00bfQu\u00e9 tipos de agua existen?&nbsp;<\/h2>\n\n\n\n<ul class=\"wp-block-list\">\n<li><strong>Agua salada:<\/strong> se encuentra en mares y oc\u00e9anos y representa el 97% del total del recurso h\u00eddrico.<\/li>\n\n\n\n<li><strong>Agua dulce:<\/strong> se encuentra de forma natural en la superficie de la tierra y en ecosistemas subterr\u00e1neos.&nbsp;<\/li>\n\n\n\n<li><strong>Agua salobre:<\/strong> tiene un nivel de salinidad entre el agua dulce y el agua de mar.&nbsp;<\/li>\n\n\n\n<li><strong>Agua potable:<\/strong> es apta para el consumo humano.&nbsp;<\/li>\n\n\n\n<li><strong>Agua cruda o bruta:<\/strong> no ha recibido ning\u00fan tratamiento.&nbsp;<\/li>\n\n\n\n<li><strong>Agua destilada:<\/strong> ha sido tratada mediante un proceso de destilaci\u00f3n.&nbsp;<\/li>\n\n\n\n<li><strong>Agua dura:<\/strong> contiene un alto nivel de minerales disueltos.&nbsp;<\/li>\n\n\n\n<li><strong>Agua blanda:<\/strong> contiene niveles bajos de sales y minerales.&nbsp;<\/li>\n\n\n\n<li><a href=\"https:\/\/www.ferrovial.com\/es-es\/recursos\/aguas-residuales\/\" target=\"_blank\" rel=\"noreferrer noopener\"><strong>Aguas residuales<\/strong><\/a><strong>:<\/strong> aquellas afectadas por la influencia antropog\u00e9nica de forma negativa.&nbsp;<\/li>\n\n\n\n<li><strong>Aguas negras:<\/strong> son las aguas contaminadas por heces u orina.&nbsp;<\/li>\n\n\n\n<li><strong>Aguas grises:<\/strong> las resultantes del uso dom\u00e9stico.&nbsp;&nbsp;<\/li>\n<\/ul>\n\n\n\n<h2 class=\"wp-block-heading\">\u00bfCu\u00e1l es la trayectoria en gesti\u00f3n del agua de Ferrovial?&nbsp;<\/h2>\n\n\n\n<p>Ferrovial tiene m\u00e1s de <strong>50 a\u00f1os de trayectoria<\/strong> en el <strong>dise\u00f1o, construcci\u00f3n, operaci\u00f3n y mantenimiento de plantas para la <\/strong><a href=\"https:\/\/www.ferrovial.com\/es-es\/recursos\/depuracion\/\" target=\"_blank\" rel=\"noreferrer noopener\"><strong>depuraci\u00f3n de agua<\/strong><\/a><strong> potable<\/strong>, <a href=\"https:\/\/www.ferrovial.com\/es-es\/recursos\/aguas-residuales\/\" target=\"_blank\" rel=\"noreferrer noopener\">agua residual<\/a> urbana e industrial y <a href=\"https:\/\/www.ferrovial.com\/es-es\/recursos\/desalacion\/\" target=\"_blank\" rel=\"noreferrer noopener\">desalaci\u00f3n<\/a>. Los proyectos se realizan a trav\u00e9s de la multinacional <a href=\"https:\/\/www.ferrovial.com\/es-es\/cadagua\/\" target=\"_blank\" rel=\"noreferrer noopener\"><strong>Cadagua<\/strong><\/a>, fundada en diciembre de 1971, y especializada en el tratamiento del agua.<\/p>\n\n\n\n<p>Ferrovial <strong>suma m\u00e1s de 460 proyectos en dise\u00f1o y construcci\u00f3n de plantas de agua<\/strong>, para su tratamiento, potabilizaci\u00f3n o desalaci\u00f3n, que alcanzan una capacidad agregada de casi 18.000.000 m\u00b3 al d\u00eda, asistiendo a un n\u00famero de habitantes superior a los 41.000.0000. Desde el 2008 hasta hoy, hemos desarrollado m\u00e1s de <strong>28 proyectos alrededor del mundo, y hemos invertido m\u00e1s de 6 millones de euros para cumplir con nuestro compromiso.&nbsp;<\/strong><\/p>\n\n\n\n<p>El programa <a href=\"https:\/\/www.ferrovial.com\/es\/sostenibilidad\/social\/comunidad\/infraestructuras-sociales\/\" target=\"_blank\" rel=\"noreferrer noopener\">Infraestructuras Sociales<\/a> busca <strong>mejorar y ampliar el acceso al agua potable para el consumo humano, <\/strong>as\u00ed como alcanzar su saneamiento en comunidades de \u00c1frica y Am\u00e9rica Latina. Este proyecto va m\u00e1s all\u00e1 de la mera inversi\u00f3n en la gesti\u00f3n del recurso h\u00eddrico, <strong>tambi\u00e9n involucra a las comunidades, brind\u00e1ndoles <\/strong>formaci\u00f3n para la gesti\u00f3n adecuada del agua, y <strong>asistencia t\u00e9cnica y tecnol\u00f3gica<\/strong>.<\/p>\n\n\n\n<p>Estos son algunos proyectos:<\/p>\n\n\n\n<ul class=\"wp-block-list\">\n<li><a href=\"https:\/\/newsroom.ferrovial.com\/es\/galeria_fotos\/infraestructuras-sociales-maji-ni-uhai\/\" target=\"_blank\" rel=\"noreferrer noopener\">Maji Ni Uhai<\/a>, en Tanzania, \u00c1frica (2008): construcci\u00f3n de infraestructuras de agua y saneamiento para las comunidades del pa\u00eds.<\/li>\n\n\n\n<li>35 desaladoras en el mundo, entre ellas: planta de Ghubrah, en Om\u00e1n, planta de Al-Zawrah, en Ajman.<\/li>\n\n\n\n<li>En 2021, Cadagua junto con el MIT iniciaron un ambicioso proyecto tecnol\u00f3gico para <a href=\"https:\/\/newsroom.ferrovial.com\/es\/local-news\/cadagua-mit-inician-un-nuevo-proyecto-de-id-para-generar-agua-de-riego-rica-en-nutrientes\/\" target=\"_blank\" rel=\"noreferrer noopener\">generar agua de riego rica en nutrientes<\/a> a partir de aguas contaminadas y salinas de nuestros acu\u00edferos.&nbsp;<\/li>\n<\/ul>\n\n\n\n<p>Ferrovial aplica <strong>una metodolog\u00eda para <\/strong>analizar los riesgos y oportunidades en el mercado relacionados con el agua, y <strong>calcular y reportar la <\/strong><a href=\"https:\/\/www.ferrovial.com\/es-es\/sostenibilidad\/medio-ambiente\/huella-hidrica\/\" target=\"_blank\" rel=\"noreferrer noopener\"><strong>huella h\u00eddrica<\/strong><\/a><strong> de sus proyectos<\/strong>. Esta metodolog\u00eda se basa en los \u00edndices de&nbsp; <a href=\"http:\/\/waterfootprint.org\/media\/downloads\/TheWaterFootprintAssessmentManual_2.pdf\"><em>The Water Footprint Assessment Manual<\/em><\/a>&nbsp;(WFM<em>),&nbsp;<\/em><a href=\"http:\/\/www.wbcsd.org\/Clusters\/Water\/News\/WBCSD-Releases-Updated-Global-Water-Tool-for-Sustainable-Water-Management\"><em>Global Water Tool<\/em><\/a>&nbsp;(GWT) y&nbsp;<a href=\"https:\/\/www.globalreporting.org\/\"><em>GRI-G4<\/em><\/a>, que toman en cuenta aspectos como el estr\u00e9s h\u00eddrico del pa\u00eds, el impacto sobre el recurso h\u00eddrico, el impacto sobre gesti\u00f3n de vegetaci\u00f3n, la calidad y el acceso al agua.&nbsp;<\/p>\n\n\n\n<h2 class=\"wp-block-heading\">Curiosidades sobre el agua:<\/h2>\n\n\n\n<ul class=\"wp-block-list\">\n<li>El agua de mar es salada porque tiene una alta concentraci\u00f3n de sales minerales.<\/li>\n\n\n\n<li>El agua de consumo humano contiene minerales y diferentes iones, como cloruros, nitratos, calcio o magnesio.&nbsp;<\/li>\n<\/ul>\n\n\n\n<p>En l\u00edneas generales, el agua se congela a 0 <sup>o<\/sup>C y se evapora a 100 <sup>o<\/sup>C, pero esto puede varias seg\u00fan otros factores de composici\u00f3n y ambientales.<\/p>\n<\/div><\/m-wysiwig>\n\n\n    <m-projects-distributor2 :translations='{\n        &quot;prev&quot;:&quot;Anterior&quot;,\n        &quot;next&quot;:&quot;Siguiente&quot;,\n        &quot;paginationseparator&quot;:&quot;de&quot;\n    }'>\n                        <h2 slot=\"title\">\n                Nuestros proyectos destacados                <\/h2>\n                        <a slot='button' title='Conoce nuestros proyectos ' href='https:\/\/www.ferrovial.com\/es\/cintra\/proyectos\/'>\n            Conoce nuestros proyectos         <\/a>\n\n            <\/m-projects-distributor2>\n\n    ","protected":false},"excerpt":{"rendered":"","protected":false},"featured_media":0,"parent":25267,"menu_order":0,"comment_status":"closed","ping_status":"closed","template":"","meta":{"_acf_changed":false,"footnotes":""},"class_list":["post-220783","page","type-page","status-publish","hentry"],"acf":[],"yoast_head":"<!-- This site is optimized with the Yoast SEO plugin v27.2 - https:\/\/yoast.com\/product\/yoast-seo-wordpress\/ -->\n<title>Agua - Ferrovial<\/title>\n<meta name=\"description\" content=\"El agua es la sustancia m\u00e1s abundante del planeta y la \u00fanica que puede encontrarse de forma natural en los tres estados de la materia: l\u00edquido, s\u00f3lido y gaseoso.\" \/>\n<meta name=\"robots\" content=\"index, follow, max-snippet:-1, max-image-preview:large, max-video-preview:-1\" \/>\n<link rel=\"canonical\" href=\"https:\/\/www.ferrovial.com\/es\/recursos\/agua\/\" \/>\n<meta property=\"og:locale\" content=\"es_ES\" \/>\n<meta property=\"og:type\" content=\"article\" \/>\n<meta property=\"og:title\" content=\"Agua - Ferrovial\" \/>\n<meta property=\"og:description\" content=\"El agua es la sustancia m\u00e1s abundante del planeta y la \u00fanica que puede encontrarse de forma natural en los tres estados de la materia: l\u00edquido, s\u00f3lido y gaseoso.\" \/>\n<meta property=\"og:url\" content=\"https:\/\/www.ferrovial.com\/es\/recursos\/agua\/\" \/>\n<meta property=\"og:site_name\" content=\"Ferrovial\" \/>\n<meta property=\"article:publisher\" content=\"https:\/\/www.facebook.com\/ferrovial\" \/>\n<meta property=\"article:modified_time\" content=\"2025-11-09T15:33:42+00:00\" \/>\n<meta name=\"twitter:card\" content=\"summary_large_image\" \/>\n<meta name=\"twitter:site\" content=\"@ferrovial\" \/>\n<meta name=\"twitter:label1\" content=\"Est. reading time\" \/>\n\t<meta name=\"twitter:data1\" content=\"5 minutos\" \/>\n<!-- \/ Yoast SEO plugin. -->","yoast_head_json":{"title":"Agua - Ferrovial","description":"El agua es la sustancia m\u00e1s abundante del planeta y la \u00fanica que puede encontrarse de forma natural en los tres estados de la materia: l\u00edquido, s\u00f3lido y gaseoso.","robots":{"index":"index","follow":"follow","max-snippet":"max-snippet:-1","max-image-preview":"max-image-preview:large","max-video-preview":"max-video-preview:-1"},"canonical":"https:\/\/www.ferrovial.com\/es\/recursos\/agua\/","og_locale":"es_ES","og_type":"article","og_title":"Agua - Ferrovial","og_description":"El agua es la sustancia m\u00e1s abundante del planeta y la \u00fanica que puede encontrarse de forma natural en los tres estados de la materia: l\u00edquido, s\u00f3lido y gaseoso.","og_url":"https:\/\/www.ferrovial.com\/es\/recursos\/agua\/","og_site_name":"Ferrovial","article_publisher":"https:\/\/www.facebook.com\/ferrovial","article_modified_time":"2025-11-09T15:33:42+00:00","twitter_card":"summary_large_image","twitter_site":"@ferrovial","twitter_misc":{"Est. reading time":"5 minutos"},"schema":{"@context":"https:\/\/schema.org","@graph":[{"@type":"WebPage","@id":"https:\/\/www.ferrovial.com\/es\/recursos\/agua\/","url":"https:\/\/www.ferrovial.com\/es\/recursos\/agua\/","name":"Agua - Ferrovial","isPartOf":{"@id":"https:\/\/www.ferrovial.com\/es\/#website"},"datePublished":"2022-04-13T10:13:27+00:00","dateModified":"2025-11-09T15:33:42+00:00","description":"El agua es la sustancia m\u00e1s abundante del planeta y la \u00fanica que puede encontrarse de forma natural en los tres estados de la materia: l\u00edquido, s\u00f3lido y gaseoso.","breadcrumb":{"@id":"https:\/\/www.ferrovial.com\/es\/recursos\/agua\/#breadcrumb"},"inLanguage":"es","potentialAction":[{"@type":"ReadAction","target":["https:\/\/www.ferrovial.com\/es\/recursos\/agua\/"]}]},{"@type":"BreadcrumbList","@id":"https:\/\/www.ferrovial.com\/es\/recursos\/agua\/#breadcrumb","itemListElement":[{"@type":"ListItem","position":1,"name":"Portada","item":"https:\/\/www.ferrovial.com\/es\/"},{"@type":"ListItem","position":2,"name":"Recursos","item":"https:\/\/www.ferrovial.com\/es\/recursos\/"},{"@type":"ListItem","position":3,"name":"Agua"}]},{"@type":"WebSite","@id":"https:\/\/www.ferrovial.com\/es\/#website","url":"https:\/\/www.ferrovial.com\/es\/","name":"Ferrovial","description":"Welcome to the Ferrovial&#039;s website, global operator of sustainable infrastructure. Here you can find all the information about the company and subsidiaries.","publisher":{"@id":"https:\/\/www.ferrovial.com\/es\/#organization"},"potentialAction":[{"@type":"SearchAction","target":{"@type":"EntryPoint","urlTemplate":"https:\/\/www.ferrovial.com\/es\/?s={search_term_string}"},"query-input":{"@type":"PropertyValueSpecification","valueRequired":true,"valueName":"search_term_string"}}],"inLanguage":"es"},{"@type":"Organization","@id":"https:\/\/www.ferrovial.com\/es\/#organization","name":"Ferrovial S.A.","url":"https:\/\/www.ferrovial.com\/es\/","logo":{"@type":"ImageObject","inLanguage":"es","@id":"https:\/\/www.ferrovial.com\/es\/#\/schema\/logo\/image\/","url":"https:\/\/static.ferrovial.com\/wp-content\/uploads\/2020\/01\/13124948\/logo-ferrovial-cf7.png","contentUrl":"https:\/\/static.ferrovial.com\/wp-content\/uploads\/2020\/01\/13124948\/logo-ferrovial-cf7.png","width":144,"height":32,"caption":"Ferrovial S.A."},"image":{"@id":"https:\/\/www.ferrovial.com\/es\/#\/schema\/logo\/image\/"},"sameAs":["https:\/\/www.facebook.com\/ferrovial","https:\/\/x.com\/ferrovial","https:\/\/www.instagram.com\/ferrovial\/","https:\/\/www.linkedin.com\/company\/ferrovial","https:\/\/www.pinterest.es\/ferrovial\/","https:\/\/www.youtube.com\/ferrovial","https:\/\/en.wikipedia.org\/wiki\/Ferrovial"]}]}},"_links":{"self":[{"href":"https:\/\/www.ferrovial.com\/es\/wp-json\/wp\/v2\/pages\/220783","targetHints":{"allow":["GET"]}}],"collection":[{"href":"https:\/\/www.ferrovial.com\/es\/wp-json\/wp\/v2\/pages"}],"about":[{"href":"https:\/\/www.ferrovial.com\/es\/wp-json\/wp\/v2\/types\/page"}],"replies":[{"embeddable":true,"href":"https:\/\/www.ferrovial.com\/es\/wp-json\/wp\/v2\/comments?post=220783"}],"version-history":[{"count":3,"href":"https:\/\/www.ferrovial.com\/es\/wp-json\/wp\/v2\/pages\/220783\/revisions"}],"predecessor-version":[{"id":317159,"href":"https:\/\/www.ferrovial.com\/es\/wp-json\/wp\/v2\/pages\/220783\/revisions\/317159"}],"up":[{"embeddable":true,"href":"https:\/\/www.ferrovial.com\/es\/wp-json\/wp\/v2\/pages\/25267"}],"wp:attachment":[{"href":"https:\/\/www.ferrovial.com\/es\/wp-json\/wp\/v2\/media?parent=220783"}],"curies":[{"name":"wp","href":"https:\/\/api.w.org\/{rel}","templated":true}]}}