{"id":220797,"date":"2022-04-13T12:25:12","date_gmt":"2022-04-13T10:25:12","guid":{"rendered":"https:\/\/www.ferrovial.com\/?page_id=220797"},"modified":"2022-08-31T10:29:00","modified_gmt":"2022-08-31T08:29:00","slug":"ingenieria-mecanica","status":"publish","type":"page","link":"https:\/\/www.ferrovial.com\/es\/recursos\/ingenieria-mecanica\/","title":{"rendered":"Ingenier\u00eda mec\u00e1nica"},"content":{"rendered":"    <m-final-content-header >\n            <c-breadcrumb label-text=\"Breadcrumb\" slot=\"breadcrumbs\" type='2' align='left' wrap='wrapped wrapped' aria-label='Vienes de Recursos'>\n                        <ol>\n\n                                                            <li><a href=\"https:\/\/www.ferrovial.com\/es\/\" title=\"Ferrovial\">Ferrovial<\/a><\/li>\n                                                                        <li><a href=\"https:\/\/www.ferrovial.com\/es\/recursos\/\" title=\"Recursos\">Recursos<\/a><\/li>\n                                    \n                <\/ol>\n\n                <\/c-breadcrumb>\n    \n        <div slot=\"header\">\n            <h1>\n                \u00bfQu\u00e9 es la ingenier\u00eda mec\u00e1nica?            <\/h1>\n                    <\/div>\n    <\/m-final-content-header>\n\n    \n\n\n<m-wysiwig class=\"wp-block-components-wysiwyg\"><div slot=\"maincontent\">\n<script type=\"application\/ld+json\">\n{\n  \"@context\": \"https:\/\/schema.org\",\n  \"@type\": \"FAQPage\",\n  \"mainEntity\": [{\n    \"@type\": \"Question\",\n    \"name\": \"\u00bfQu\u00e9 es la ingenier\u00eda mec\u00e1nica?\",\n    \"acceptedAnswer\": {\n      \"@type\": \"Answer\",\n      \"text\": \"La ingenier\u00eda mec\u00e1nica es el \u00e1rea de la ingenier\u00eda que combina distintas disciplinas y principios como la est\u00e1tica y la din\u00e1mica, termodin\u00e1mica, trigonometr\u00eda, cu\u00e1ntica, mec\u00e1nica de fluidos (aire y agua), ondas y vibraciones, etc., con el objetivo de dise\u00f1ar, analizar, crear y mantener sistemas mec\u00e1nicos disponibles en el d\u00eda a d\u00eda del ser humano, tales como veh\u00edculos, maquinaria, utensilios o sistemas electromec\u00e1nicos.\"\n    }\n  },{\n    \"@type\": \"Question\",\n    \"name\": \"\u00bfPara qu\u00e9 sirve la ingenier\u00eda mec\u00e1nica?\",\n    \"acceptedAnswer\": {\n      \"@type\": \"Answer\",\n      \"text\": \"Entre sus principales funciones, se encuentran:\n<ul>\n<li>Dise\u00f1o e instalaci\u00f3n de equipos mec\u00e1nicos, aplicando un sentido y visi\u00f3n eficiente de gesti\u00f3n de materiales, costos y tiempo de ejecuci\u00f3n.<\/li> \n<li>Dise\u00f1o y fabricaci\u00f3n de maquinaria para la producci\u00f3n y transformaci\u00f3n energ\u00e9tica.<\/li>\n<li>Identificaci\u00f3n y resoluci\u00f3n de problemas relacionados con la transformaci\u00f3n y uso de la energ\u00eda y la termodin\u00e1mica.<\/li>\n<li>Planificaci\u00f3n y supervisi\u00f3n de proyectos, que van desde el mantenimiento de m\u00e1quinas hasta la optimizaci\u00f3n de procesos y recursos.<\/li> \n<li>Implementaci\u00f3n de herramientas de software y dise\u00f1o para crear, modificar, analizar y optimizar sistemas y dise\u00f1os de maquinaria.<\/li>\n<\/ul>\"\n    }\n  },{\n    \"@type\": \"Question\",\n    \"name\": \"\u00bfCu\u00e1les son las ramas o subdisciplinas de la ingenier\u00eda mec\u00e1nica?\",\n    \"acceptedAnswer\": {\n      \"@type\": \"Answer\",\n      \"text\": \"Un ingeniero mec\u00e1nico tiene varias opciones para ejercer su profesi\u00f3n. Entre las principales:\n<ul>\n<li>Ingenier\u00eda aeron\u00e1utica<\/li>\n<li>Ingenier\u00eda naval<\/li>\n<li>Ingenier\u00eda automotriz<\/li>\n<li>Ingenier\u00eda de fluidos<\/li>\n<li>Ingenier\u00eda rob\u00f3tica<\/li>\n<li>Ingenier\u00eda hidr\u00e1ulica<\/li>\n\n<\/ul>\"\n    }\n  },{\n    \"@type\": \"Question\",\n    \"name\": \"\u00bfC\u00f3mo es el enfoque sostenible de la energ\u00eda mec\u00e1nica?\",\n    \"acceptedAnswer\": {\n      \"@type\": \"Answer\",\n      \"text\": \"Como hemos mencionado anteriormente, la ingenier\u00eda mec\u00e1nica contempla entre sus funciones el estudio y desarrollo de m\u00e1quinas, equipos e instalaciones. En este proceso se toman en cuenta aspectos econ\u00f3micos, sociales y ecol\u00f3gicos en beneficio de la sociedad y el medioambiente, respondiendo al desarrollo sostenible. \n\nLa \u00f3ptima selecci\u00f3n de los materiales determina la resistencia, durabilidad y eficiencia de un sistema sostenible, de manera que sea posible reducir la huella de carbono y el impacto negativo de las industrias. \n\nEl ingeniero mec\u00e1nico interviene para desarrollar tecnolog\u00eda que permita el ahorro energ\u00e9tico en los procesos industriales, haci\u00e9ndolos cada vez m\u00e1s eficientes.\"\n    }\n  }]\n}\n<\/script><p>La ingenier\u00eda mec\u00e1nica es el \u00e1rea de la ingenier\u00eda que<strong> combina distintas disciplinas y principios<\/strong> como la est\u00e1tica y la din\u00e1mica, termodin\u00e1mica, trigonometr\u00eda, cu\u00e1ntica, mec\u00e1nica de fluidos (aire y agua), ondas y vibraciones, etc., con el objetivo de <strong>dise\u00f1ar, analizar, crear y mantener sistemas mec\u00e1nicos<\/strong> disponibles en el d\u00eda a d\u00eda del ser humano, tales como veh\u00edculos, maquinaria, utensilios o sistemas electromec\u00e1nicos.<\/p>\n\n\n\n<p>La labor de los ingenieros mec\u00e1nicos se centra en <strong>proyectos de fabricaci\u00f3n, construcci\u00f3n, instalaci\u00f3n, explotaci\u00f3n, restauraci\u00f3n y reforma o demolici\u00f3n<\/strong> de:<\/p>\n\n\n\n<ul class=\"wp-block-list\"><li>Equipos mec\u00e1nicos.<\/li><li>Estructuras.<\/li><li>Instalaciones energ\u00e9ticas.<\/li><li>Plantas industriales.<\/li><\/ul>\n\n\n\n<p>Como cualquier otra rama de la ingenier\u00eda, esta disciplina tiene un principio fundamental: solucionar problemas t\u00e9cnicos a partir del <strong>dise\u00f1o de objetos que sean \u00fatiles para las personas.<\/strong> En el caso de la ingenier\u00eda mec\u00e1nica, se hace a trav\u00e9s del estudio de <strong>principios f\u00edsicos<\/strong> como la conservaci\u00f3n de masa, la energ\u00eda de los elementos, el calor y la fuerza.<\/p>\n\n\n\n<h2 class=\"wp-block-heading\"><strong>\u00bfPara qu\u00e9 sirve la ingenier\u00eda mec\u00e1nica?<\/strong><\/h2>\n\n\n\n<p>Entre sus principales funciones, se encuentran:<\/p>\n\n\n\n<ul class=\"wp-block-list\"><li><strong>Dise\u00f1o e instalaci\u00f3n de equipos mec\u00e1nicos<\/strong>, aplicando un sentido y visi\u00f3n eficiente de gesti\u00f3n de materiales, costos y tiempo de ejecuci\u00f3n.&nbsp;<\/li><li><strong>Dise\u00f1o y fabricaci\u00f3n de maquinaria<\/strong> para la producci\u00f3n y transformaci\u00f3n energ\u00e9tica.<\/li><li><strong>Identificaci\u00f3n y resoluci\u00f3n de problemas<\/strong> relacionados con la transformaci\u00f3n y uso de la energ\u00eda y la termodin\u00e1mica.<\/li><li><strong>Planificaci\u00f3n y supervisi\u00f3n de proyectos<\/strong>, que van desde el mantenimiento de m\u00e1quinas hasta la optimizaci\u00f3n de procesos y recursos.&nbsp;<\/li><li><strong>Implementaci\u00f3n de herramientas de s<\/strong><strong><em>oftware<\/em><\/strong><strong> y dise\u00f1o <\/strong>para crear, modificar, analizar y optimizar sistemas y dise\u00f1os de maquinaria.<\/li><\/ul>\n\n\n\n<h2 class=\"wp-block-heading\"><strong>\u00bfCu\u00e1les son las ramas o subdisciplinas de la ingenier\u00eda mec\u00e1nica?&nbsp;<\/strong><\/h2>\n\n\n\n<p>Aunque la ingenier\u00eda mec\u00e1nica est\u00e1 <strong>basada, principalmente, en matem\u00e1tica, c\u00e1lculo y f\u00edsica, <\/strong>se trata de una rama <strong>multidisciplinaria <\/strong>que exige distintas competencias estrechamente relacionadas con otras \u00e1reas de la ingenier\u00eda.&nbsp;<\/p>\n\n\n\n<p>Por ejemplo, de la <strong>ingenier\u00eda industrial<\/strong> toma el dise\u00f1o, fabricaci\u00f3n y producci\u00f3n de estructuras y mecanismos industriales; de la <strong>ingenier\u00eda el\u00e9ctrica<\/strong>, la generaci\u00f3n y transporte de energ\u00eda el\u00e9ctrica; de la <strong>ingenier\u00eda civil<\/strong>, la construcci\u00f3n de estructuras e instalaciones; de la <strong>ingenier\u00eda qu\u00edmica<\/strong>, el an\u00e1lisis de procesos qu\u00edmicos de los elementos.&nbsp;<\/p>\n\n\n\n<p>Un ingeniero mec\u00e1nico tiene varias opciones para ejercer su profesi\u00f3n. Entre las principales:<\/p>\n\n\n\n<ul class=\"wp-block-list\"><li><strong>Ingenier\u00eda aeron\u00e1utica, <\/strong>encargada del dise\u00f1o de transportes a\u00e9reos, as\u00ed como de la fabricaci\u00f3n e instalaci\u00f3n de sus piezas. Se centra, adem\u00e1s, en las leyes de aerodin\u00e1mica, es decir, en la respuesta de cuerpos s\u00f3lidos en movimiento.&nbsp;<\/li><li><strong>Ingenier\u00eda naval, <\/strong>encargada del dise\u00f1o, fabricaci\u00f3n y construcci\u00f3n de motores para veh\u00edculos e instalaciones flotantes, centr\u00e1ndose en el estudio de la transformaci\u00f3n y uso de la energ\u00eda el\u00e9ctrica para activar sus mecanismos.<\/li><li><strong>Ingenier\u00eda automotriz, <\/strong>encargada de la elaboraci\u00f3n y correcto funcionamiento de veh\u00edculos terrestres.<\/li><li><strong>Ingenier\u00eda de fluidos, <\/strong>basada en el estudio del comportamiento de los fluidos (gases o l\u00edquidos qu\u00edmicos) cuando est\u00e1n en reposo o movimiento.<\/li><li><strong>Ingenier\u00eda rob\u00f3tica, <\/strong>encargada de la construcci\u00f3n de robots para el beneficio de la sociedad. Est\u00e1 muy relacionada con la ingenier\u00eda el\u00e9ctrica.&nbsp;<\/li><li><strong>Ingenier\u00eda hidr\u00e1ulica,<\/strong> encargada del estudio, dise\u00f1o y ejecuci\u00f3n de v\u00edas por las que pasa el agua.<\/li><\/ul>\n\n\n\n<h2 class=\"wp-block-heading\"><strong>\u00bfC\u00f3mo es el enfoque sostenible de la energ\u00eda mec\u00e1nica?<\/strong><\/h2>\n\n\n\n<p>Como hemos mencionado anteriormente, la ingenier\u00eda mec\u00e1nica contempla entre sus funciones el estudio y desarrollo de m\u00e1quinas, equipos e instalaciones. En este proceso se toman en cuenta <strong>aspectos econ\u00f3micos, sociales y ecol\u00f3gicos en beneficio de la sociedad y el medioambiente, respondiendo al desarrollo sostenible.&nbsp;<\/strong><\/p>\n\n\n\n<p>La ingenier\u00eda mec\u00e1nica se basa, principalmente, en <strong>la aplicaci\u00f3n y desarrollo de maquinaria para la generaci\u00f3n y transformaci\u00f3n de energ\u00eda que se emplea en procesos \u00fatiles.<\/strong> Adem\u00e1s, a trav\u00e9s de conocimientos cient\u00edficos y tecnol\u00f3gicos, pone especial \u00e9nfasis en <strong>el estudio y selecci\u00f3n de materiales que sean respetuosos con el ambiente, <\/strong>aprovechando los recursos naturales para la generaci\u00f3n energ\u00e9tica.&nbsp;<\/p>\n\n\n\n<p>La \u00f3ptima selecci\u00f3n de los materiales <strong>determina la resistencia, durabilidad y eficiencia de un sistema sostenible, <\/strong>de manera que sea posible<strong> reducir la huella de carbono <\/strong>y el impacto negativo de las industrias.&nbsp;<\/p>\n\n\n\n<p>Por otro lado, una de las ramas de la ingenier\u00eda mec\u00e1nica est\u00e1 completamente enfocada en la <strong>obtenci\u00f3n de energ\u00eda a trav\u00e9s de fuentes naturales y renovables,<\/strong> como lo son el sol, el agua y el aire. A trav\u00e9s de estas es posible reducir la contaminaci\u00f3n frente a procesos tradicionales de producci\u00f3n energ\u00e9tica con combustible f\u00f3sil.<\/p>\n\n\n\n<p>El ingeniero mec\u00e1nico interviene para desarrollar tecnolog\u00eda que permita el ahorro energ\u00e9tico en los procesos industriales, haci\u00e9ndolos cada vez m\u00e1s eficientes.&nbsp;<\/p>\n\n\n\n<p>Si bien en las d\u00e9cadas pasadas ten\u00eda m\u00e1s importancia la potencia, sin tener en cuenta el consumo de combustible y sus implicaciones contaminantes; <strong>ahora el objetivo es dise\u00f1ar motores m\u00e1s eficientes, que aprovechen mejor el combustible<\/strong> y que contribuyan a la disminuci\u00f3n de emisiones contaminantes.&nbsp;<\/p>\n<\/div><\/m-wysiwig>\n\n\n    <m-projects-distributor2 :translations='{\n        &quot;prev&quot;:&quot;Anterior&quot;,\n        &quot;next&quot;:&quot;Siguiente&quot;,\n        &quot;paginationseparator&quot;:&quot;de&quot;\n    }'>\n                        <h2 slot=\"title\">\n                Nuestros proyectos destacados                <\/h2>\n                        <a slot='button' title='Conoce nuestros proyectos ' href='https:\/\/www.ferrovial.com\/es\/cintra\/proyectos\/'>\n            Conoce nuestros proyectos         <\/a>\n\n            <\/m-projects-distributor2>\n\n    ","protected":false},"excerpt":{"rendered":"","protected":false},"featured_media":0,"parent":25267,"menu_order":0,"comment_status":"closed","ping_status":"closed","template":"","meta":{"_acf_changed":false,"footnotes":""},"class_list":["post-220797","page","type-page","status-publish","hentry"],"acf":[],"yoast_head":"<!-- This site is optimized with the Yoast SEO plugin v27.2 - https:\/\/yoast.com\/product\/yoast-seo-wordpress\/ -->\n<title>Ingenier\u00eda mec\u00e1nica - Ferrovial<\/title>\n<meta name=\"description\" content=\"La ingenier\u00eda mec\u00e1nica tiene un principio fundamental: solucionar problemas t\u00e9cnicos a partir del dise\u00f1o de objetos que sean \u00fatiles para las personas.\" \/>\n<meta name=\"robots\" content=\"index, follow, max-snippet:-1, max-image-preview:large, max-video-preview:-1\" \/>\n<link rel=\"canonical\" href=\"https:\/\/www.ferrovial.com\/es\/recursos\/ingenieria-mecanica\/\" \/>\n<meta property=\"og:locale\" content=\"es_ES\" \/>\n<meta property=\"og:type\" content=\"article\" \/>\n<meta property=\"og:title\" content=\"Ingenier\u00eda mec\u00e1nica - Ferrovial\" \/>\n<meta property=\"og:description\" content=\"La ingenier\u00eda mec\u00e1nica tiene un principio fundamental: solucionar problemas t\u00e9cnicos a partir del dise\u00f1o de objetos que sean \u00fatiles para las personas.\" \/>\n<meta property=\"og:url\" content=\"https:\/\/www.ferrovial.com\/es\/recursos\/ingenieria-mecanica\/\" \/>\n<meta property=\"og:site_name\" content=\"Ferrovial\" \/>\n<meta property=\"article:publisher\" content=\"https:\/\/www.facebook.com\/ferrovial\" \/>\n<meta property=\"article:modified_time\" content=\"2022-08-31T08:29:00+00:00\" \/>\n<meta name=\"twitter:card\" content=\"summary_large_image\" \/>\n<meta name=\"twitter:site\" content=\"@ferrovial\" \/>\n<meta name=\"twitter:label1\" content=\"Est. reading time\" \/>\n\t<meta name=\"twitter:data1\" content=\"6 minutos\" \/>\n<!-- \/ Yoast SEO plugin. -->","yoast_head_json":{"title":"Ingenier\u00eda mec\u00e1nica - Ferrovial","description":"La ingenier\u00eda mec\u00e1nica tiene un principio fundamental: solucionar problemas t\u00e9cnicos a partir del dise\u00f1o de objetos que sean \u00fatiles para las personas.","robots":{"index":"index","follow":"follow","max-snippet":"max-snippet:-1","max-image-preview":"max-image-preview:large","max-video-preview":"max-video-preview:-1"},"canonical":"https:\/\/www.ferrovial.com\/es\/recursos\/ingenieria-mecanica\/","og_locale":"es_ES","og_type":"article","og_title":"Ingenier\u00eda mec\u00e1nica - Ferrovial","og_description":"La ingenier\u00eda mec\u00e1nica tiene un principio fundamental: solucionar problemas t\u00e9cnicos a partir del dise\u00f1o de objetos que sean \u00fatiles para las personas.","og_url":"https:\/\/www.ferrovial.com\/es\/recursos\/ingenieria-mecanica\/","og_site_name":"Ferrovial","article_publisher":"https:\/\/www.facebook.com\/ferrovial","article_modified_time":"2022-08-31T08:29:00+00:00","twitter_card":"summary_large_image","twitter_site":"@ferrovial","twitter_misc":{"Est. reading time":"6 minutos"},"schema":{"@context":"https:\/\/schema.org","@graph":[{"@type":"WebPage","@id":"https:\/\/www.ferrovial.com\/es\/recursos\/ingenieria-mecanica\/","url":"https:\/\/www.ferrovial.com\/es\/recursos\/ingenieria-mecanica\/","name":"Ingenier\u00eda mec\u00e1nica - Ferrovial","isPartOf":{"@id":"https:\/\/www.ferrovial.com\/es\/#website"},"datePublished":"2022-04-13T10:25:12+00:00","dateModified":"2022-08-31T08:29:00+00:00","description":"La ingenier\u00eda mec\u00e1nica tiene un principio fundamental: solucionar problemas t\u00e9cnicos a partir del dise\u00f1o de objetos que sean \u00fatiles para las personas.","breadcrumb":{"@id":"https:\/\/www.ferrovial.com\/es\/recursos\/ingenieria-mecanica\/#breadcrumb"},"inLanguage":"es","potentialAction":[{"@type":"ReadAction","target":["https:\/\/www.ferrovial.com\/es\/recursos\/ingenieria-mecanica\/"]}]},{"@type":"BreadcrumbList","@id":"https:\/\/www.ferrovial.com\/es\/recursos\/ingenieria-mecanica\/#breadcrumb","itemListElement":[{"@type":"ListItem","position":1,"name":"Portada","item":"https:\/\/www.ferrovial.com\/es\/"},{"@type":"ListItem","position":2,"name":"Recursos","item":"https:\/\/www.ferrovial.com\/es\/recursos\/"},{"@type":"ListItem","position":3,"name":"Ingenier\u00eda mec\u00e1nica"}]},{"@type":"WebSite","@id":"https:\/\/www.ferrovial.com\/es\/#website","url":"https:\/\/www.ferrovial.com\/es\/","name":"Ferrovial","description":"Welcome to the Ferrovial&#039;s website, global operator of sustainable infrastructure. Here you can find all the information about the company and subsidiaries.","publisher":{"@id":"https:\/\/www.ferrovial.com\/es\/#organization"},"potentialAction":[{"@type":"SearchAction","target":{"@type":"EntryPoint","urlTemplate":"https:\/\/www.ferrovial.com\/es\/?s={search_term_string}"},"query-input":{"@type":"PropertyValueSpecification","valueRequired":true,"valueName":"search_term_string"}}],"inLanguage":"es"},{"@type":"Organization","@id":"https:\/\/www.ferrovial.com\/es\/#organization","name":"Ferrovial S.A.","url":"https:\/\/www.ferrovial.com\/es\/","logo":{"@type":"ImageObject","inLanguage":"es","@id":"https:\/\/www.ferrovial.com\/es\/#\/schema\/logo\/image\/","url":"https:\/\/static.ferrovial.com\/wp-content\/uploads\/2020\/01\/13124948\/logo-ferrovial-cf7.png","contentUrl":"https:\/\/static.ferrovial.com\/wp-content\/uploads\/2020\/01\/13124948\/logo-ferrovial-cf7.png","width":144,"height":32,"caption":"Ferrovial S.A."},"image":{"@id":"https:\/\/www.ferrovial.com\/es\/#\/schema\/logo\/image\/"},"sameAs":["https:\/\/www.facebook.com\/ferrovial","https:\/\/x.com\/ferrovial","https:\/\/www.instagram.com\/ferrovial\/","https:\/\/www.linkedin.com\/company\/ferrovial","https:\/\/www.pinterest.es\/ferrovial\/","https:\/\/www.youtube.com\/ferrovial","https:\/\/en.wikipedia.org\/wiki\/Ferrovial"]}]}},"_links":{"self":[{"href":"https:\/\/www.ferrovial.com\/es\/wp-json\/wp\/v2\/pages\/220797","targetHints":{"allow":["GET"]}}],"collection":[{"href":"https:\/\/www.ferrovial.com\/es\/wp-json\/wp\/v2\/pages"}],"about":[{"href":"https:\/\/www.ferrovial.com\/es\/wp-json\/wp\/v2\/types\/page"}],"replies":[{"embeddable":true,"href":"https:\/\/www.ferrovial.com\/es\/wp-json\/wp\/v2\/comments?post=220797"}],"version-history":[{"count":3,"href":"https:\/\/www.ferrovial.com\/es\/wp-json\/wp\/v2\/pages\/220797\/revisions"}],"predecessor-version":[{"id":238098,"href":"https:\/\/www.ferrovial.com\/es\/wp-json\/wp\/v2\/pages\/220797\/revisions\/238098"}],"up":[{"embeddable":true,"href":"https:\/\/www.ferrovial.com\/es\/wp-json\/wp\/v2\/pages\/25267"}],"wp:attachment":[{"href":"https:\/\/www.ferrovial.com\/es\/wp-json\/wp\/v2\/media?parent=220797"}],"curies":[{"name":"wp","href":"https:\/\/api.w.org\/{rel}","templated":true}]}}