{"id":221316,"date":"2019-09-19T17:06:29","date_gmt":"2019-09-19T15:06:29","guid":{"rendered":"https:\/\/www.ferrovial.com\/innovacion\/tecnologias\/cloud-computing\/"},"modified":"2022-04-27T17:54:13","modified_gmt":"2022-04-27T15:54:13","slug":"cloud-computing","status":"publish","type":"page","link":"https:\/\/www.ferrovial.com\/es\/innovacion\/tecnologias\/cloud-computing\/","title":{"rendered":"Cloud computing"},"content":{"rendered":"    <m-final-content-header >\n            <c-breadcrumb label-text=\"Breadcrumb\" slot=\"breadcrumbs\" type='2' align='left' wrap='wrapped wrapped' aria-label='Vienes de Tecnolog\u00edas'>\n                        <ol>\n\n                                                            <li><a href=\"https:\/\/www.ferrovial.com\/es\/\" title=\"Ferrovial\">Ferrovial<\/a><\/li>\n                                                                        <li><a href=\"https:\/\/www.ferrovial.com\/es\/innovacion\/\" title=\"Innovaci\u00f3n\">Innovaci\u00f3n<\/a><\/li>\n                                                                        <li><a href=\"https:\/\/www.ferrovial.com\/es\/innovacion\/tecnologias\/\" title=\"Tecnolog\u00edas\">Tecnolog\u00edas<\/a><\/li>\n                                    \n                <\/ol>\n\n                <\/c-breadcrumb>\n    \n        <div slot=\"header\">\n            <h1>\n                 Cloud computing             <\/h1>\n                    <\/div>\n    <\/m-final-content-header>\n\n    \n\n\n<m-wysiwig class=\"wp-block-components-wysiwyg\"><div slot=\"maincontent\">    <p class=\"intro\">El Cloud Computing hace referencia a una red de recursos inform\u00e1ticos accesible a trav\u00e9s de Internet. Normalmente estos recursos se ofrecen bajo un modelo de pago seg\u00fan se recibe.<\/p>\n    \n\n\n<p>La nube se ha convertido en un t\u00e9rmino tan ubicuo que pr\u00e1cticamente no pensamos en lo que es realmente. Almacenamos nuestras fotos en la nube, hacemos una copia de respaldo de nuestros documentos en la nube, accedemos a aplicaciones de mensajer\u00eda mediante la nube e incluso vemos pel\u00edculas a trav\u00e9s de la nube. <\/p>\n\n\n\n<h2 class=\"wp-block-heading\">Pero, \u00bfqu\u00e9 es <em>Cloud Computing<\/em> y por qu\u00e9 existe?<\/h2>\n\n\n\n<p>El <em>cloud computing<\/em> es tan solo un t\u00e9rmino que hace referencia al suministro de servicios a trav\u00e9s de Internet. Es la disponibilidad de recursos inform\u00e1ticos bajo demanda sin la gesti\u00f3n activa del usuario. Los servicios en la nube se dividen en tres categor\u00edas: infraestructura como servicio (IaaS), plataforma como servicio (Pass) y software como servicio (SaaS)<\/p>\n\n\n\n<p>Una ventaja de utilizar servicios en la nube es que no tienes que invertir capital por anticipado en costosas infraestructuras inform\u00e1ticas o licencias de software. Esto es porque pagas seg\u00fan recibes o, dicho de otra forma, solo pagas por lo que necesitas cuando lo necesitas. Tambi\u00e9n puedes obtener un elevado nivel de seguridad, dependiendo de lo experto que sea tu departamento de inform\u00e1tica interno en cuanto a ciberamenazas.<\/p>\n\n\n\n<p>Para nosotros, la nube, junto con otras tecnolog\u00edas de \u00faltima generaci\u00f3n, nos permite comunicarnos m\u00e1s r\u00e1pidamente. Esto significa que nuestros clientes y nuestro personal recibe la informaci\u00f3n que necesitan cuando la necesitan.<\/p>\n\n\n\n<p>Nuestra unidad de servicios est\u00e1 buscando continuamente maneras de utilizar tecnolog\u00eda innovadora como la nube para mejorar la eficiencia y optimizar los procesos log\u00edsticos en puertos de todo el mundo. Un puerto digital es una plataforma digital para mejorar la eficiencia u optimizar los procesos log\u00edsticos de los puertos. Es un paso m\u00e1s all\u00e1 en el camino para concebir puertos conectados, inteligentes, seguros y verdes en la ciudad.<\/p>\n\n\n\n<p>En el Reino Unido, Amey aprovecha la potencia de computaci\u00f3n de la nube para mejorar las decisiones operativas efectuadas sobre operaciones diarias de uso de sal en invierno. Esto se hac\u00eda reuniendo e integrando datos de temperatura espec\u00edficos del tiempo local y la superficie de las carreteras, utilizando sensores y peque\u00f1as estaciones meteorol\u00f3gicas para informar a los responsables de la toma de decisiones.<\/p>\n\n\n\n<p>Este enfoque no solo ahorra dinero sino que reduce la huella de carbono, con menos veh\u00edculos esparcidores de sal en las carreteras.<\/p>\n<\/div><\/m-wysiwig>\n","protected":false},"excerpt":{"rendered":"","protected":false},"featured_media":0,"parent":74618,"menu_order":0,"comment_status":"closed","ping_status":"closed","template":"","meta":{"_acf_changed":false,"footnotes":""},"class_list":["post-221316","page","type-page","status-publish","hentry"],"acf":[],"yoast_head":"<!-- This site is optimized with the Yoast SEO plugin v27.2 - https:\/\/yoast.com\/product\/yoast-seo-wordpress\/ -->\n<title>Cloud computing - Ferrovial<\/title>\n<meta name=\"description\" content=\"Welcome to the Ferrovial&#039;s website, global operator of sustainable infrastructure. Here you can find all the information about the company and subsidiaries.\" \/>\n<meta name=\"robots\" content=\"index, follow, max-snippet:-1, max-image-preview:large, max-video-preview:-1\" \/>\n<link rel=\"canonical\" href=\"https:\/\/www.ferrovial.com\/es\/innovacion\/tecnologias\/cloud-computing\/\" \/>\n<meta property=\"og:locale\" content=\"es_ES\" \/>\n<meta property=\"og:type\" content=\"article\" \/>\n<meta property=\"og:title\" content=\"Cloud computing - Ferrovial\" \/>\n<meta property=\"og:description\" content=\"Welcome to the Ferrovial&#039;s website, global operator of sustainable infrastructure. Here you can find all the information about the company and subsidiaries.\" \/>\n<meta property=\"og:url\" content=\"https:\/\/www.ferrovial.com\/es\/innovacion\/tecnologias\/cloud-computing\/\" \/>\n<meta property=\"og:site_name\" content=\"Ferrovial\" \/>\n<meta property=\"article:publisher\" content=\"https:\/\/www.facebook.com\/ferrovial\" \/>\n<meta property=\"article:modified_time\" content=\"2022-04-27T15:54:13+00:00\" \/>\n<meta name=\"twitter:card\" content=\"summary_large_image\" \/>\n<meta name=\"twitter:site\" content=\"@ferrovial\" \/>\n<meta name=\"twitter:label1\" content=\"Est. reading time\" \/>\n\t<meta name=\"twitter:data1\" content=\"2 minutos\" \/>\n<!-- \/ Yoast SEO plugin. -->","yoast_head_json":{"title":"Cloud computing - Ferrovial","description":"Welcome to the Ferrovial's website, global operator of sustainable infrastructure. Here you can find all the information about the company and subsidiaries.","robots":{"index":"index","follow":"follow","max-snippet":"max-snippet:-1","max-image-preview":"max-image-preview:large","max-video-preview":"max-video-preview:-1"},"canonical":"https:\/\/www.ferrovial.com\/es\/innovacion\/tecnologias\/cloud-computing\/","og_locale":"es_ES","og_type":"article","og_title":"Cloud computing - Ferrovial","og_description":"Welcome to the Ferrovial's website, global operator of sustainable infrastructure. Here you can find all the information about the company and subsidiaries.","og_url":"https:\/\/www.ferrovial.com\/es\/innovacion\/tecnologias\/cloud-computing\/","og_site_name":"Ferrovial","article_publisher":"https:\/\/www.facebook.com\/ferrovial","article_modified_time":"2022-04-27T15:54:13+00:00","twitter_card":"summary_large_image","twitter_site":"@ferrovial","twitter_misc":{"Est. reading time":"2 minutos"},"schema":{"@context":"https:\/\/schema.org","@graph":[{"@type":"WebPage","@id":"https:\/\/www.ferrovial.com\/es\/innovacion\/tecnologias\/cloud-computing\/","url":"https:\/\/www.ferrovial.com\/es\/innovacion\/tecnologias\/cloud-computing\/","name":"Cloud computing - Ferrovial","isPartOf":{"@id":"https:\/\/www.ferrovial.com\/es\/#website"},"datePublished":"2019-09-19T15:06:29+00:00","dateModified":"2022-04-27T15:54:13+00:00","description":"Welcome to the Ferrovial's website, global operator of sustainable infrastructure. Here you can find all the information about the company and subsidiaries.","breadcrumb":{"@id":"https:\/\/www.ferrovial.com\/es\/innovacion\/tecnologias\/cloud-computing\/#breadcrumb"},"inLanguage":"es","potentialAction":[{"@type":"ReadAction","target":["https:\/\/www.ferrovial.com\/es\/innovacion\/tecnologias\/cloud-computing\/"]}]},{"@type":"BreadcrumbList","@id":"https:\/\/www.ferrovial.com\/es\/innovacion\/tecnologias\/cloud-computing\/#breadcrumb","itemListElement":[{"@type":"ListItem","position":1,"name":"Portada","item":"https:\/\/www.ferrovial.com\/es\/"},{"@type":"ListItem","position":2,"name":"Innovaci\u00f3n","item":"https:\/\/www.ferrovial.com\/es\/innovacion\/"},{"@type":"ListItem","position":3,"name":"Tecnolog\u00edas","item":"https:\/\/www.ferrovial.com\/es\/innovacion\/tecnologias\/"},{"@type":"ListItem","position":4,"name":"Cloud computing"}]},{"@type":"WebSite","@id":"https:\/\/www.ferrovial.com\/es\/#website","url":"https:\/\/www.ferrovial.com\/es\/","name":"Ferrovial","description":"Welcome to the Ferrovial&#039;s website, global operator of sustainable infrastructure. Here you can find all the information about the company and subsidiaries.","publisher":{"@id":"https:\/\/www.ferrovial.com\/es\/#organization"},"potentialAction":[{"@type":"SearchAction","target":{"@type":"EntryPoint","urlTemplate":"https:\/\/www.ferrovial.com\/es\/?s={search_term_string}"},"query-input":{"@type":"PropertyValueSpecification","valueRequired":true,"valueName":"search_term_string"}}],"inLanguage":"es"},{"@type":"Organization","@id":"https:\/\/www.ferrovial.com\/es\/#organization","name":"Ferrovial S.A.","url":"https:\/\/www.ferrovial.com\/es\/","logo":{"@type":"ImageObject","inLanguage":"es","@id":"https:\/\/www.ferrovial.com\/es\/#\/schema\/logo\/image\/","url":"https:\/\/static.ferrovial.com\/wp-content\/uploads\/2020\/01\/13124948\/logo-ferrovial-cf7.png","contentUrl":"https:\/\/static.ferrovial.com\/wp-content\/uploads\/2020\/01\/13124948\/logo-ferrovial-cf7.png","width":144,"height":32,"caption":"Ferrovial S.A."},"image":{"@id":"https:\/\/www.ferrovial.com\/es\/#\/schema\/logo\/image\/"},"sameAs":["https:\/\/www.facebook.com\/ferrovial","https:\/\/x.com\/ferrovial","https:\/\/www.instagram.com\/ferrovial\/","https:\/\/www.linkedin.com\/company\/ferrovial","https:\/\/www.pinterest.es\/ferrovial\/","https:\/\/www.youtube.com\/ferrovial","https:\/\/en.wikipedia.org\/wiki\/Ferrovial"]}]}},"_links":{"self":[{"href":"https:\/\/www.ferrovial.com\/es\/wp-json\/wp\/v2\/pages\/221316","targetHints":{"allow":["GET"]}}],"collection":[{"href":"https:\/\/www.ferrovial.com\/es\/wp-json\/wp\/v2\/pages"}],"about":[{"href":"https:\/\/www.ferrovial.com\/es\/wp-json\/wp\/v2\/types\/page"}],"replies":[{"embeddable":true,"href":"https:\/\/www.ferrovial.com\/es\/wp-json\/wp\/v2\/comments?post=221316"}],"version-history":[{"count":2,"href":"https:\/\/www.ferrovial.com\/es\/wp-json\/wp\/v2\/pages\/221316\/revisions"}],"predecessor-version":[{"id":221319,"href":"https:\/\/www.ferrovial.com\/es\/wp-json\/wp\/v2\/pages\/221316\/revisions\/221319"}],"up":[{"embeddable":true,"href":"https:\/\/www.ferrovial.com\/es\/wp-json\/wp\/v2\/pages\/74618"}],"wp:attachment":[{"href":"https:\/\/www.ferrovial.com\/es\/wp-json\/wp\/v2\/media?parent=221316"}],"curies":[{"name":"wp","href":"https:\/\/api.w.org\/{rel}","templated":true}]}}