{"id":222454,"date":"2022-05-18T10:16:31","date_gmt":"2022-05-18T08:16:31","guid":{"rendered":"https:\/\/www.ferrovial.com\/?page_id=222454"},"modified":"2022-09-02T10:26:42","modified_gmt":"2022-09-02T08:26:42","slug":"compostaje","status":"publish","type":"page","link":"https:\/\/www.ferrovial.com\/es\/recursos\/compostaje\/","title":{"rendered":"Compostaje"},"content":{"rendered":"    <m-final-content-header >\n            <c-breadcrumb label-text=\"Breadcrumb\" slot=\"breadcrumbs\" type='2' align='left' wrap='wrapped wrapped' aria-label='Vienes de Recursos'>\n                        <ol>\n\n                                                            <li><a href=\"https:\/\/www.ferrovial.com\/es\/\" title=\"Ferrovial\">Ferrovial<\/a><\/li>\n                                                                        <li><a href=\"https:\/\/www.ferrovial.com\/es\/recursos\/\" title=\"Recursos\">Recursos<\/a><\/li>\n                                    \n                <\/ol>\n\n                <\/c-breadcrumb>\n    \n        <div slot=\"header\">\n            <h1>\n                Compostaje            <\/h1>\n                    <\/div>\n    <\/m-final-content-header>\n\n    \n\n\n<m-wysiwig class=\"wp-block-components-wysiwyg\"><div slot=\"maincontent\">\n<h2 class=\"wp-block-heading\"><strong>\u00bfQu\u00e9 es el compostaje?<\/strong><\/h2>\n\n\n\n<script type=\"application\/ld+json\">\n{\n  \"@context\": \"https:\/\/schema.org\",\n  \"@type\": \"FAQPage\",\n  \"mainEntity\": [{\n    \"@type\": \"Question\",\n    \"name\": \"\u00bfQu\u00e9 es el compostaje?\",\n    \"acceptedAnswer\": {\n      \"@type\": \"Answer\",\n      \"text\": \"Compostaje es el proceso biol\u00f3gico de transformaci\u00f3n de la materia org\u00e1nica para obtener abono natural, sin necesidad de utilizar ning\u00fan sistema o mecanismo motor. La principal caracter\u00edstica de los residuos org\u00e1nicos es que son biodegradables, lo que permite que puedan desintegrarse de forma r\u00e1pida y transformarse en otra materia org\u00e1nica, tal como el compost. Con este \u00faltimo, es posible aportar nutrientes a la tierra.\"\n    }\n  },{\n    \"@type\": \"Question\",\n    \"name\": \"\u00bfPara qu\u00e9 sirve el compostaje?\",\n    \"acceptedAnswer\": {\n      \"@type\": \"Answer\",\n      \"text\": \"El compostaje, adem\u00e1s de aprovechar los residuos org\u00e1nicos, permite:\n\n<ul>\n<li>Recuperar los suelos contaminados y degradados.\n<\/li>7\n<li>Reducir la cantidad de materia org\u00e1nica en los vertederos.<\/li>\n<li>Estabilizar e higienizar los residuos org\u00e1nicos para utilizarlos como abono.\n<\/li>\n<li>Convertir la materia org\u00e1nica biodegradable en un producto estable a nivel biol\u00f3gico.\n<\/li>\n<li>Alimentar los suelos al ser sustrato para las plantas. \n<\/li>\n<li>Controlar la incidencia de plagas.\n<\/li>\n<\/ul>\"\n    }\n  },{\n    \"@type\": \"Question\",\n    \"name\": \"\u00bfC\u00f3mo funciona el compostaje?\",\n    \"acceptedAnswer\": {\n      \"@type\": \"Answer\",\n      \"text\": \"El compostaje es similar al proceso natural de descomposici\u00f3n, pero se hace de una manera m\u00e1s controlada. En la naturaleza, la materia org\u00e1nica como \u00e1rboles, hojas, restos de troncos, restos de animales muertos, etc., se van descomponiendo lentamente y, junto con la ayuda de microorganismos presentes en la tierra, van convirti\u00e9ndose en materia esencial para el suelo, haci\u00e9ndolo f\u00e9rtil y capaz de mantener el ciclo de vida de la vegetaci\u00f3n.\n\nLo mismo ocurre con el compostaje: se acumulan, de manera eficaz, organizada y controlada, restos org\u00e1nicos como frutas, verduras, hojas, fibra vegetal, etc., para transformarlos en materia aprovechable.\"\n    }\n  },{\n    \"@type\": \"Question\",\n    \"name\": \"\u00bfCu\u00e1les son los materiales compostables?\",\n    \"acceptedAnswer\": {\n      \"@type\": \"Answer\",\n      \"text\": \"A nivel europeo existen legislaciones (Reglamentos UE n\u00ba 1774\/2002 y 208\/2006) que establecen cu\u00e1les son los materiales que pueden utilizarse para el compostaje, espec\u00edficamente:\n\n<ul>\n<li>Restos forestales y agr\u00edcolas<\/li>\n<li>Esti\u00e9rcol<\/li>\n<li>Parte org\u00e1nica de los residuos s\u00f3lidos urbanos<\/li>\n<li>Residuos de la industria agroalimentaria<\/li>\n<\/ul>\nSin embargo, en un \u00e1mbito m\u00e1s general e, incluso, casero, las hojas, plantas de jard\u00edn, desechos de cocina (como verduras, c\u00e1scaras de huevo, peladuras de frutas y restos de caf\u00e9), paja o hierba cortada son material org\u00e1nico suficiente para propiciar el proceso de compostaje.\"\n    }\n  },{\n    \"@type\": \"Question\",\n    \"name\": \"\u00bfCu\u00e1les son las fases del compostaje?\",\n    \"acceptedAnswer\": {\n      \"@type\": \"Answer\",\n      \"text\": \"Para que ocurra el proceso de compostaje, debe haber un equilibrio qu\u00edmico entre el nitr\u00f3geno y el carbono que proviene de los residuos en cada una de las siguientes fases: \n\n<ol>\n<li>Preparaci\u00f3n<\/li>\n<li>Descomposici\u00f3n mes\u00f3fila<\/li>\n<li>Descomposici\u00f3n term\u00f3fila<\/li>\n<li>Descomposici\u00f3n mes\u00f3fila de enfriamiento<\/li>\n<li>Maduraci\u00f3n<\/li>\n<\/ol>\"\n    }\n  },{\n    \"@type\": \"Question\",\n    \"name\": \"\u00bfQu\u00e9 otros datos existen sobre el compostaje?\",\n    \"acceptedAnswer\": {\n      \"@type\": \"Answer\",\n      \"text\": \"<ul>\n<li>Con alrededor de 100 kg de basura org\u00e1nica se pueden obtener hasta 30 kg de compost o abono natural. \n<\/li>\n<li>Seg\u00fan la Agencia Europea del Medioambiente, en la Uni\u00f3n Europea se generan, anualmente, alrededor de 12 millones de toneladas de compost. Los principales pa\u00edses que lo producen son: Austria, B\u00e9lgica, Alemania, Italia y los Pa\u00edses Bajos.\n<\/li>\n<li>De acuerdo con el Ministerio para la Transici\u00f3n Ecol\u00f3gica y Reto Demogr\u00e1fico, de los restos org\u00e1nicos que se producen en Espa\u00f1a, un 65% se compostan, un 28,4% van a vertederos y un 6,4% se incineran. \n<\/li>\n<\/ul>\"\n    }\n  }]\n}\n<\/script><p>Compostaje es el <strong>proceso biol\u00f3gico de transformaci\u00f3n de la materia org\u00e1nica<\/strong> para obtener abono natural, sin necesidad de utilizar ning\u00fan sistema o mecanismo motor. La principal caracter\u00edstica de los residuos org\u00e1nicos es que <strong>son biodegradables<\/strong>, lo que permite que puedan desintegrarse de forma r\u00e1pida y transformarse en otra materia org\u00e1nica, tal como el compost. Con este \u00faltimo, <strong>es posible aportar nutrientes a la tierra<\/strong>.&nbsp;<\/p>\n\n\n\n<p>La Organizaci\u00f3n de las Naciones Unidas para la Agricultura y la Alimentaci\u00f3n (FAO), desarroll\u00f3 el \u201c<a href=\"https:\/\/www.fao.org\/soils-2015\/resources\/fao-publications\/news-detail\/es\/c\/329349\/\" target=\"_blank\" rel=\"noreferrer noopener\">Manual del compostaje del agricultor<\/a>\u201d en el que explica que el compostaje es un <strong>proceso controlado que libera calor y que se vale del ox\u00edgeno, el agua y humedad para degradar la materia org\u00e1nica<\/strong> y transformarla en un material \u00fatil.<\/p>\n\n\n\n<h2 class=\"wp-block-heading\"><strong>\u00bfPara qu\u00e9 sirve el compostaje?<\/strong><\/h2>\n\n\n\n<p>El compostaje, adem\u00e1s de <strong>aprovechar los residuos org\u00e1nicos<\/strong>, permite:<\/p>\n\n\n\n<ul class=\"wp-block-list\"><li><strong>Recuperar los suelos contaminados y degradados.<\/strong><\/li><li><strong>Reducir la cantidad de materia org\u00e1nica en los vertederos. <\/strong>De acuerdo con un <a href=\"https:\/\/www.un.org\/es\/actnow\/facts-and-figures\" target=\"_blank\" rel=\"noreferrer noopener\">estudio de las Naciones Unidas<\/a>, cada a\u00f1o se recolecta a nivel mundial un aproximado de 11 millones de toneladas de residuos que van a vertederos. La desintegraci\u00f3n de la proporci\u00f3n org\u00e1nica de estos residuos contribuye a cerca del 5% de las emisiones mundiales de gases de efecto invernadero.<\/li><li>Estabilizar e <strong>higienizar los residuos org\u00e1nicos<\/strong> para utilizarlos como <strong>abono<\/strong>.<\/li><li>Convertir la materia org\u00e1nica biodegradable en <strong>un producto estable a nivel biol\u00f3gico.<\/strong><\/li><li><strong>Alimentar los suelos al ser sustrato<\/strong> para las plantas.&nbsp;<\/li><li><strong>Controlar la incidencia de plagas.<\/strong><\/li><\/ul>\n\n\n\n<h2 class=\"wp-block-heading\"><strong>\u00bfC\u00f3mo funciona el compostaje?<\/strong><\/h2>\n\n\n\n<p>El compostaje <strong>es similar al proceso natural de descomposici\u00f3n, pero se hace de una manera m\u00e1s controlada.<\/strong> En la naturaleza, la materia org\u00e1nica como <strong>\u00e1rboles, hojas, restos de troncos, restos de animales muertos,<\/strong> etc., se van descomponiendo lentamente y, junto con la ayuda de <strong>microorganismos presentes en la tierra, van convirti\u00e9ndose en materia esencial para el suelo,<\/strong> haci\u00e9ndolo f\u00e9rtil y capaz de mantener el ciclo de vida de la vegetaci\u00f3n.<\/p>\n\n\n\n<p>Lo mismo ocurre con el compostaje: se acumulan, <strong>de manera eficaz, organizada y controlada,<\/strong> restos org\u00e1nicos como frutas, verduras, hojas, fibra vegetal, etc., para transformarlos en materia aprovechable.&nbsp;<\/p>\n\n\n\n<h2 class=\"wp-block-heading\"><strong>\u00bfCu\u00e1les son los materiales compostables?<\/strong><\/h2>\n\n\n\n<p>A nivel europeo existen legislaciones (<a href=\"https:\/\/eur-lex.europa.eu\/legal-content\/ES\/TXT\/PDF\/?uri=CELEX:32006R0208&amp;from=CS#:~:text=En%20el%20Reglamento%20(CE)%20no,la%20salud%20p%C3%BAblica%20o%20animal.\" target=\"_blank\" rel=\"noreferrer noopener\">Reglamentos UE n\u00ba 1774\/2002 y 208\/2006<\/a>) que establecen cu\u00e1les son los materiales que pueden utilizarse para el compostaje, espec\u00edficamente:<\/p>\n\n\n\n<ol class=\"wp-block-list\"><li><strong>Restos forestales y agr\u00edcolas, <\/strong>en especial aquellos con caracter\u00edsticas le\u00f1osas, ya que poseen altos niveles de carbono, ideal para alcanzar el balance qu\u00edmico necesario para el compost.&nbsp;<\/li><li><strong>Esti\u00e9rcol,<\/strong> las excreciones de los animales en el \u00e1mbito ganadero contienen alto nivel de nitr\u00f3geno, que tambi\u00e9n es esencial para el compostaje.&nbsp;<\/li><li><strong>Parte org\u00e1nica de los residuos s\u00f3lidos urbanos<\/strong>. Es importante realizar una rigurosa distinci\u00f3n de residuos org\u00e1nicos para evitar que se encuentren otros desechos como pl\u00e1stico o vidrio, que podr\u00edan afectar el proceso de descomposici\u00f3n natural.<\/li><li><strong>Residuos de la industria agroalimentaria, <\/strong>como restos de cereales, frutos, hojas, partes de pescados, etc.&nbsp;<\/li><\/ol>\n\n\n\n<p>Sin embargo, en un \u00e1mbito m\u00e1s general e, incluso, casero, las hojas, plantas de jard\u00edn, desechos de cocina (como <strong>verduras, c\u00e1scaras de huevo, peladuras de frutas y restos de caf\u00e9)<\/strong>, paja o hierba cortada son material org\u00e1nico suficiente para propiciar el proceso de compostaje.&nbsp;<\/p>\n\n\n\n<h2 class=\"wp-block-heading\"><strong>\u00bfCu\u00e1les son las fases del compostaje?<\/strong><\/h2>\n\n\n\n<p>Para que ocurra el proceso de compostaje, debe haber un <strong>equilibrio qu\u00edmico entre el nitr\u00f3geno y el carbono que proviene de los residuos <\/strong>en cada una de las siguientes fases:&nbsp;<\/p>\n\n\n\n<ol class=\"wp-block-list\"><li><strong>Preparaci\u00f3n: <\/strong>se recolectan y mezclan los materiales, descartando los no transformables y ajustando los nutrientes para alcanzar el equilibrio carbono-nitr\u00f3geno.<\/li><li><strong>Descomposici\u00f3n mes\u00f3fila:<\/strong> el proceso inicia a temperatura ambiente (&lt;40\u00baC) y, con el paso de los d\u00edas, la temperatura va aumentando gracias a la actividad de los microorganismos. En esta fase, el objetivo es alcanzar temperaturas entre 50 y 70\u00baC.<\/li><li><strong>Descomposici\u00f3n term\u00f3fila:<\/strong> los microorganismos que se desarrollan a partir de los 45\u00baC, llamados mes\u00f3filos, desaparecen para que empiecen a formarse otros que soportan hasta 100\u00baC, los term\u00f3filos. Estas temperaturas tan altas permiten la higienizaci\u00f3n de la mezcla org\u00e1nica, mientras contin\u00faa el proceso de descomposici\u00f3n. La fase de term\u00f3fila puede durar meses, ya que su objetivo es eliminar cualquier contaminante biol\u00f3gico.<\/li><li><strong>Descomposici\u00f3n mes\u00f3fila de enfriamiento: <\/strong>en esta etapa se vuelve, gradualmente, a la temperatura ambiente (&lt;40\u00baC), reaparecen los mes\u00f3filos y contin\u00faa la descomposici\u00f3n.<\/li><li><strong>Maduraci\u00f3n:<\/strong> una vez finalizada la descomposici\u00f3n, el compost suma nuevos microorganismos que completan la transformaci\u00f3n de la materia org\u00e1nica, permitiendo su estabilizaci\u00f3n.<\/li><\/ol>\n\n\n\n<h2 class=\"wp-block-heading\"><strong>\u00bfQu\u00e9 otros datos existen sobre el compostaje?&nbsp;<\/strong><\/h2>\n\n\n\n<ul class=\"wp-block-list\"><li>Con alrededor de 100 kg de basura org\u00e1nica se pueden obtener hasta 30 kg de compost o abono natural.&nbsp;<\/li><li>Seg\u00fan la Agencia Europea del Medioambiente, en la Uni\u00f3n Europea se generan, anualmente, alrededor de 12 millones de toneladas de compost. Los principales pa\u00edses que lo producen son: Austria, B\u00e9lgica, Alemania, Italia y los Pa\u00edses Bajos.<\/li><li>De acuerdo con el <a href=\"https:\/\/www.miteco.gob.es\/es\/\" target=\"_blank\" rel=\"noreferrer noopener\">Ministerio para la Transici\u00f3n Ecol\u00f3gica y Reto Demogr\u00e1fico<\/a>, de los restos org\u00e1nicos que se producen en Espa\u00f1a, un 65% se compostan, un 28,4% van a vertederos y un 6,4% se incineran.&nbsp;<\/li><\/ul>\n<\/div><\/m-wysiwig>\n\n\n    <m-projects-distributor2 :translations='{\n        &quot;prev&quot;:&quot;Anterior&quot;,\n        &quot;next&quot;:&quot;Siguiente&quot;,\n        &quot;paginationseparator&quot;:&quot;de&quot;\n    }'>\n                        <h2 slot=\"title\">\n                Nuestros proyectos destacados                <\/h2>\n                        <a slot='button' title='Conoce nuestros proyectos ' href='https:\/\/www.ferrovial.com\/es\/cintra\/proyectos\/'>\n            Conoce nuestros proyectos         <\/a>\n\n            <\/m-projects-distributor2>\n\n    ","protected":false},"excerpt":{"rendered":"","protected":false},"featured_media":0,"parent":25267,"menu_order":0,"comment_status":"closed","ping_status":"closed","template":"","meta":{"_acf_changed":false,"footnotes":""},"class_list":["post-222454","page","type-page","status-publish","hentry"],"acf":[],"yoast_head":"<!-- This site is optimized with the Yoast SEO plugin v27.2 - https:\/\/yoast.com\/product\/yoast-seo-wordpress\/ -->\n<title>Compostaje - Ferrovial<\/title>\n<meta name=\"description\" content=\"Compostaje es el proceso biol\u00f3gico de transformaci\u00f3n de la materia org\u00e1nica para obtener abono natural, sin necesidad de utilizar ning\u00fan sistema o mecanismo motor.\" \/>\n<meta name=\"robots\" content=\"index, follow, max-snippet:-1, max-image-preview:large, max-video-preview:-1\" \/>\n<link rel=\"canonical\" href=\"https:\/\/www.ferrovial.com\/es\/recursos\/compostaje\/\" \/>\n<meta property=\"og:locale\" content=\"es_ES\" \/>\n<meta property=\"og:type\" content=\"article\" \/>\n<meta property=\"og:title\" content=\"Compostaje - Ferrovial\" \/>\n<meta property=\"og:description\" content=\"Compostaje es el proceso biol\u00f3gico de transformaci\u00f3n de la materia org\u00e1nica para obtener abono natural, sin necesidad de utilizar ning\u00fan sistema o mecanismo motor.\" \/>\n<meta property=\"og:url\" content=\"https:\/\/www.ferrovial.com\/es\/recursos\/compostaje\/\" \/>\n<meta property=\"og:site_name\" content=\"Ferrovial\" \/>\n<meta property=\"article:publisher\" content=\"https:\/\/www.facebook.com\/ferrovial\" \/>\n<meta property=\"article:modified_time\" content=\"2022-09-02T08:26:42+00:00\" \/>\n<meta name=\"twitter:card\" content=\"summary_large_image\" \/>\n<meta name=\"twitter:site\" content=\"@ferrovial\" \/>\n<meta name=\"twitter:label1\" content=\"Est. reading time\" \/>\n\t<meta name=\"twitter:data1\" content=\"7 minutos\" \/>\n<!-- \/ Yoast SEO plugin. -->","yoast_head_json":{"title":"Compostaje - Ferrovial","description":"Compostaje es el proceso biol\u00f3gico de transformaci\u00f3n de la materia org\u00e1nica para obtener abono natural, sin necesidad de utilizar ning\u00fan sistema o mecanismo motor.","robots":{"index":"index","follow":"follow","max-snippet":"max-snippet:-1","max-image-preview":"max-image-preview:large","max-video-preview":"max-video-preview:-1"},"canonical":"https:\/\/www.ferrovial.com\/es\/recursos\/compostaje\/","og_locale":"es_ES","og_type":"article","og_title":"Compostaje - Ferrovial","og_description":"Compostaje es el proceso biol\u00f3gico de transformaci\u00f3n de la materia org\u00e1nica para obtener abono natural, sin necesidad de utilizar ning\u00fan sistema o mecanismo motor.","og_url":"https:\/\/www.ferrovial.com\/es\/recursos\/compostaje\/","og_site_name":"Ferrovial","article_publisher":"https:\/\/www.facebook.com\/ferrovial","article_modified_time":"2022-09-02T08:26:42+00:00","twitter_card":"summary_large_image","twitter_site":"@ferrovial","twitter_misc":{"Est. reading time":"7 minutos"},"schema":{"@context":"https:\/\/schema.org","@graph":[{"@type":"WebPage","@id":"https:\/\/www.ferrovial.com\/es\/recursos\/compostaje\/","url":"https:\/\/www.ferrovial.com\/es\/recursos\/compostaje\/","name":"Compostaje - Ferrovial","isPartOf":{"@id":"https:\/\/www.ferrovial.com\/es\/#website"},"datePublished":"2022-05-18T08:16:31+00:00","dateModified":"2022-09-02T08:26:42+00:00","description":"Compostaje es el proceso biol\u00f3gico de transformaci\u00f3n de la materia org\u00e1nica para obtener abono natural, sin necesidad de utilizar ning\u00fan sistema o mecanismo motor.","breadcrumb":{"@id":"https:\/\/www.ferrovial.com\/es\/recursos\/compostaje\/#breadcrumb"},"inLanguage":"es","potentialAction":[{"@type":"ReadAction","target":["https:\/\/www.ferrovial.com\/es\/recursos\/compostaje\/"]}]},{"@type":"BreadcrumbList","@id":"https:\/\/www.ferrovial.com\/es\/recursos\/compostaje\/#breadcrumb","itemListElement":[{"@type":"ListItem","position":1,"name":"Portada","item":"https:\/\/www.ferrovial.com\/es\/"},{"@type":"ListItem","position":2,"name":"Recursos","item":"https:\/\/www.ferrovial.com\/es\/recursos\/"},{"@type":"ListItem","position":3,"name":"Compostaje"}]},{"@type":"WebSite","@id":"https:\/\/www.ferrovial.com\/es\/#website","url":"https:\/\/www.ferrovial.com\/es\/","name":"Ferrovial","description":"Welcome to the Ferrovial&#039;s website, global operator of sustainable infrastructure. Here you can find all the information about the company and subsidiaries.","publisher":{"@id":"https:\/\/www.ferrovial.com\/es\/#organization"},"potentialAction":[{"@type":"SearchAction","target":{"@type":"EntryPoint","urlTemplate":"https:\/\/www.ferrovial.com\/es\/?s={search_term_string}"},"query-input":{"@type":"PropertyValueSpecification","valueRequired":true,"valueName":"search_term_string"}}],"inLanguage":"es"},{"@type":"Organization","@id":"https:\/\/www.ferrovial.com\/es\/#organization","name":"Ferrovial S.A.","url":"https:\/\/www.ferrovial.com\/es\/","logo":{"@type":"ImageObject","inLanguage":"es","@id":"https:\/\/www.ferrovial.com\/es\/#\/schema\/logo\/image\/","url":"https:\/\/static.ferrovial.com\/wp-content\/uploads\/2020\/01\/13124948\/logo-ferrovial-cf7.png","contentUrl":"https:\/\/static.ferrovial.com\/wp-content\/uploads\/2020\/01\/13124948\/logo-ferrovial-cf7.png","width":144,"height":32,"caption":"Ferrovial S.A."},"image":{"@id":"https:\/\/www.ferrovial.com\/es\/#\/schema\/logo\/image\/"},"sameAs":["https:\/\/www.facebook.com\/ferrovial","https:\/\/x.com\/ferrovial","https:\/\/www.instagram.com\/ferrovial\/","https:\/\/www.linkedin.com\/company\/ferrovial","https:\/\/www.pinterest.es\/ferrovial\/","https:\/\/www.youtube.com\/ferrovial","https:\/\/en.wikipedia.org\/wiki\/Ferrovial"]}]}},"_links":{"self":[{"href":"https:\/\/www.ferrovial.com\/es\/wp-json\/wp\/v2\/pages\/222454","targetHints":{"allow":["GET"]}}],"collection":[{"href":"https:\/\/www.ferrovial.com\/es\/wp-json\/wp\/v2\/pages"}],"about":[{"href":"https:\/\/www.ferrovial.com\/es\/wp-json\/wp\/v2\/types\/page"}],"replies":[{"embeddable":true,"href":"https:\/\/www.ferrovial.com\/es\/wp-json\/wp\/v2\/comments?post=222454"}],"version-history":[{"count":3,"href":"https:\/\/www.ferrovial.com\/es\/wp-json\/wp\/v2\/pages\/222454\/revisions"}],"predecessor-version":[{"id":238200,"href":"https:\/\/www.ferrovial.com\/es\/wp-json\/wp\/v2\/pages\/222454\/revisions\/238200"}],"up":[{"embeddable":true,"href":"https:\/\/www.ferrovial.com\/es\/wp-json\/wp\/v2\/pages\/25267"}],"wp:attachment":[{"href":"https:\/\/www.ferrovial.com\/es\/wp-json\/wp\/v2\/media?parent=222454"}],"curies":[{"name":"wp","href":"https:\/\/api.w.org\/{rel}","templated":true}]}}