{"id":222485,"date":"2022-05-18T10:54:45","date_gmt":"2022-05-18T08:54:45","guid":{"rendered":"https:\/\/www.ferrovial.com\/?page_id=222485"},"modified":"2024-06-05T11:45:50","modified_gmt":"2024-06-05T09:45:50","slug":"ingenieria-civil","status":"publish","type":"page","link":"https:\/\/www.ferrovial.com\/es\/recursos\/ingenieria-civil\/","title":{"rendered":"Ingenier\u00eda Civil"},"content":{"rendered":"    <m-final-content-header >\n            <c-breadcrumb label-text=\"Breadcrumb\" slot=\"breadcrumbs\" type='2' align='left' wrap='wrapped wrapped' aria-label='Vienes de Recursos'>\n                        <ol>\n\n                                                            <li><a href=\"https:\/\/www.ferrovial.com\/es\/\" title=\"Ferrovial\">Ferrovial<\/a><\/li>\n                                                                        <li><a href=\"https:\/\/www.ferrovial.com\/es\/recursos\/\" title=\"Recursos\">Recursos<\/a><\/li>\n                                    \n                <\/ol>\n\n                <\/c-breadcrumb>\n    \n        <div slot=\"header\">\n            <h1>\n                Ingenier\u00eda Civil            <\/h1>\n                    <\/div>\n    <\/m-final-content-header>\n\n    \n\n\n<m-wysiwig class=\"wp-block-components-wysiwyg\"><div slot=\"maincontent\">\n<h2 class=\"wp-block-heading\"><strong>\u00bfQu\u00e9 es la ingenier\u00eda civil?<\/strong><\/h2>\n\n\n\n<p>La ingenier\u00eda civil es una rama de la ingenier\u00eda que tiene como objetivo <strong>planificar, dise\u00f1ar, organizar, construir, supervisar y mantener obras e infraestructuras<\/strong> ejecutadas en una ciudad, regi\u00f3n o pa\u00eds. Estas <a href=\"https:\/\/www.ferrovial.com\/es-es\/recursos\/obra-civil\/\" target=\"_blank\" rel=\"noreferrer noopener\">obras civiles<\/a> pueden ser de gran escala, como <a href=\"https:\/\/www.ferrovial.com\/es-es\/recursos\/carreteras\/\" target=\"_blank\" rel=\"noreferrer noopener\"><strong>carreteras<\/strong><\/a><strong>, v\u00edas ferroviarias, canales, puertos, <\/strong><a href=\"https:\/\/www.ferrovial.com\/es-es\/recursos\/puentes\/\" target=\"_blank\" rel=\"noreferrer noopener\"><strong>puentes<\/strong><\/a><strong> o <\/strong><a href=\"https:\/\/www.ferrovial.com\/es-es\/recursos\/aeropuertos\/\" target=\"_blank\" rel=\"noreferrer noopener\"><strong>aeropuertos<\/strong><\/a>; o proyectos de menor escala, como el <strong>dise\u00f1o de la estructura de un edificio<\/strong> o el desarrollo y <strong>ejecuci\u00f3n de sistemas y canales de distribuci\u00f3n de agua<\/strong> en una ciudad.<\/p>\n\n\n\n<p>Sin importar la envergadura, lo que tienen en com\u00fan las obras de ingenier\u00eda civil es que <strong>buscan dar soluci\u00f3n a una necesidad,<\/strong> mejorando la calidad de vida de los ciudadanos de una sociedad. Para ello, <strong>esta disciplina se vale de conocimientos de c\u00e1lculo, f\u00edsica y mec\u00e1nica para el dise\u00f1o y construcci\u00f3n de infraestructuras.<\/strong>&nbsp;<\/p>\n\n\n\n<p>El profesional de la ingenier\u00eda civil, adem\u00e1s de las <strong>competencias t\u00e9cnicas, <\/strong>tambi\u00e9n controla el <strong>\u00e1rea administrativa para el cumplimiento de los requisitos legales<\/strong> necesarios para la ejecuci\u00f3n de una obra civil.&nbsp;<\/p>\n\n\n\n<h2 class=\"wp-block-heading\"><strong>\u00bfPara qu\u00e9 sirve la ingenier\u00eda civil?<\/strong><\/h2>\n\n\n\n<p>La ingenier\u00eda civil ejecuta infraestructuras para el <strong>desarrollo de una sociedad,<\/strong> de la forma m\u00e1s sostenible posible y <strong>tomando en cuenta factores t\u00e9cnicos, econ\u00f3micos y sociales<\/strong>. Esto es lo que la hace tan importante en el <strong>crecimiento urban\u00edstico de una ciudad, pa\u00eds o regi\u00f3n.<\/strong>&nbsp;<\/p>\n\n\n\n<p>La infraestructura de la obra va a incidir directamente en la satisfacci\u00f3n de necesidades humanas que <strong>van desde la salud y la alimentaci\u00f3n, hasta el transporte, la vivienda y la recreaci\u00f3n,<\/strong> garantizando el bienestar y seguridad de las comunidades.<\/p>\n\n\n\n<h2 class=\"wp-block-heading\"><strong>\u00bfCu\u00e1les son las principales \u00e1reas de acci\u00f3n de la ingenier\u00eda civil?<\/strong><\/h2>\n\n\n\n<p>La ingenier\u00eda civil suele abarcar varios campos o \u00e1reas de acci\u00f3n, seg\u00fan las exigencias del proyecto a desarrollar, que puede ser de car\u00e1cter residencial, industrial, comercial o p\u00fablico. Se clasifican en:<\/p>\n\n\n\n<ul class=\"wp-block-list\">\n<li><strong>Ingenier\u00eda hidr\u00e1ulica,<\/strong> encargada de todos los proyectos relacionados con la gesti\u00f3n del agua y los recursos h\u00eddricos.<\/li>\n\n\n\n<li><strong>Ingenier\u00eda de construcci\u00f3n,<\/strong> encargada de estudiar y administrar los programas y recursos de ejecuci\u00f3n de obras de construcci\u00f3n.<\/li>\n\n\n\n<li><strong>Ingenier\u00eda estructural,<\/strong> encargada de la construcci\u00f3n y mantenimiento de grandes infraestructuras y edificaciones, asegurando su durabilidad y resistencia, incluso frente a fen\u00f3menos naturales como sismos.<\/li>\n\n\n\n<li><strong>Ingenier\u00eda de transporte, <\/strong>encargada de la construcci\u00f3n y mantenimiento de medios y v\u00edas de comunicaci\u00f3n y movilizaci\u00f3n, tanto de personas como de bienes. Adem\u00e1s, busca el desarrollo y aplicaci\u00f3n de herramientas tecnol\u00f3gicas para atender problemas del entorno vial.<\/li>\n\n\n\n<li><strong>Ingenier\u00eda geot\u00e9cnica, <\/strong>encargada de estudiar y trabajar con materiales provenientes del suelo, evaluando su resistencia para determinar el soporte ideal para las construcciones.<\/li>\n\n\n\n<li><strong>Ingenier\u00eda ambiental, <\/strong>encargada de la gesti\u00f3n de los recursos y tratamiento de los materiales s\u00f3lidos para el cuidado del medio ambiente, as\u00ed como tambi\u00e9n para evitar la contaminaci\u00f3n del entorno.&nbsp;<\/li>\n<\/ul>\n\n\n\n<h2 class=\"wp-block-heading\"><strong>\u00bfCu\u00e1l es el rol de la ingenier\u00eda civil en el desarrollo sostenible?<\/strong><\/h2>\n\n\n\n<p>La gesti\u00f3n de proyectos para <strong>garantizar el equilibrio entre la econom\u00eda, el cuidado del medio ambiente y el bienestar social <\/strong>es prioridad para cualquier equipo multidisciplinario de ingenier\u00eda civil en la actualidad. Es aqu\u00ed cuando entra en la ecuaci\u00f3n el t\u00e9rmino <a href=\"https:\/\/www.ferrovial.com\/es-es\/recursos\/sostenibilidad\/\" target=\"_blank\" rel=\"noreferrer noopener\">sostenibilidad<\/a>, seg\u00fan los siguientes principios:<\/p>\n\n\n\n<ul class=\"wp-block-list\">\n<li>Tomar en cuenta el <strong>ciclo de vida del proyecto <\/strong>(en ingl\u00e9s <em>Life Cycle Assessment<\/em>), su utilidad en el presente y su cambio de uso en el futuro, <strong>reduciendo el impacto ambiental<\/strong> en caso de, por ejemplo, su deconstrucci\u00f3n y <strong>gestionando eficazmente los materiales empleados y la generaci\u00f3n de <\/strong><a href=\"https:\/\/www.ferrovial.com\/es-es\/recursos\/residuos\/\" target=\"_blank\" rel=\"noreferrer noopener\"><strong>residuos<\/strong><\/a><strong>.<\/strong><\/li>\n\n\n\n<li>Considerar el entorno social y econ\u00f3mico en el que se est\u00e1 desarrollando el proyecto de ingenier\u00eda civil, involucrando a la comunidad que har\u00e1 vida en el espacio.&nbsp;<\/li>\n\n\n\n<li>Participar activamente en la <strong>mejora de las pol\u00edticas p\u00fablicas relacionadas con las <\/strong><a href=\"https:\/\/www.ferrovial.com\/es-es\/recursos\/energias-renovables\/\" target=\"_blank\" rel=\"noreferrer noopener\"><strong>energ\u00edas renovables<\/strong><\/a> en el desarrollo de infraestructuras de ingenier\u00eda civil.<\/li>\n\n\n\n<li>Restringir el uso de recursos f\u00f3siles en la construcci\u00f3n de obras, <strong>optando por materiales sostenibles y apostando por <\/strong><a href=\"https:\/\/www.ferrovial.com\/es-es\/recursos\/energias-renovables\/\" target=\"_blank\" rel=\"noreferrer noopener\"><strong>energ\u00edas alternativas<\/strong><\/a><strong>.<\/strong><\/li>\n\n\n\n<li><strong>Aplicar nuevas tecnolog\u00edas en el dise\u00f1o, planificaci\u00f3n y ejecuci\u00f3n de edificios inteligentes o <\/strong><a href=\"https:\/\/www.ferrovial.com\/es-es\/recursos\/smart-city\/\" target=\"_blank\" rel=\"noreferrer noopener\"><strong><em>smart cities<\/em>.<\/strong><\/a><\/li>\n<\/ul>\n\n\n\n<p>En Ferrovial tenemos m\u00e1s de 90 a\u00f1os de experiencia en el desarrollo de obras de ingenier\u00eda civil. Es posible <a href=\"https:\/\/www.ferrovial.com\/es-es\/tecpresa\/proyectos\/\" target=\"_blank\" rel=\"noreferrer noopener\"><strong>ver nuestros proyectos aqu\u00ed<\/strong><\/a>.<\/p>\n<\/div><\/m-wysiwig>\n\n\n    <m-projects-distributor2 :translations='{\n        &quot;prev&quot;:&quot;Anterior&quot;,\n        &quot;next&quot;:&quot;Siguiente&quot;,\n        &quot;paginationseparator&quot;:&quot;de&quot;\n    }'>\n                        <h2 slot=\"title\">\n                Nuestros proyectos destacados                <\/h2>\n                        <a slot='button' title='Conoce nuestros proyectos ' href='https:\/\/www.ferrovial.com\/es\/cintra\/proyectos\/'>\n            Conoce nuestros proyectos         <\/a>\n\n            <\/m-projects-distributor2>\n\n    ","protected":false},"excerpt":{"rendered":"","protected":false},"featured_media":0,"parent":25267,"menu_order":0,"comment_status":"closed","ping_status":"closed","template":"","meta":{"_acf_changed":false,"footnotes":""},"class_list":["post-222485","page","type-page","status-publish","hentry"],"acf":[],"yoast_head":"<!-- This site is optimized with the Yoast SEO plugin v27.2 - https:\/\/yoast.com\/product\/yoast-seo-wordpress\/ -->\n<title>Ingenier\u00eda Civil, qu\u00e9 es, usos, principales \u00e1reas de acci\u00f3n - Ferrovial<\/title>\n<meta name=\"description\" content=\"La ingenier\u00eda civil es una rama de la ingenier\u00eda que tiene como objetivo planificar, dise\u00f1ar, organizar, construir, supervisar y mantener obras e infraestructuras ejecutadas en una ciudad, regi\u00f3n o pa\u00eds.\" \/>\n<meta name=\"robots\" content=\"index, follow, max-snippet:-1, max-image-preview:large, max-video-preview:-1\" \/>\n<link rel=\"canonical\" href=\"https:\/\/www.ferrovial.com\/es\/recursos\/ingenieria-civil\/\" \/>\n<meta property=\"og:locale\" content=\"es_ES\" \/>\n<meta property=\"og:type\" content=\"article\" \/>\n<meta property=\"og:title\" content=\"Ingenier\u00eda Civil, qu\u00e9 es, usos, principales \u00e1reas de acci\u00f3n - Ferrovial\" \/>\n<meta property=\"og:description\" content=\"La ingenier\u00eda civil es una rama de la ingenier\u00eda que tiene como objetivo planificar, dise\u00f1ar, organizar, construir, supervisar y mantener obras e infraestructuras ejecutadas en una ciudad, regi\u00f3n o pa\u00eds.\" \/>\n<meta property=\"og:url\" content=\"https:\/\/www.ferrovial.com\/es\/recursos\/ingenieria-civil\/\" \/>\n<meta property=\"og:site_name\" content=\"Ferrovial\" \/>\n<meta property=\"article:publisher\" content=\"https:\/\/www.facebook.com\/ferrovial\" \/>\n<meta property=\"article:modified_time\" content=\"2024-06-05T09:45:50+00:00\" \/>\n<meta name=\"twitter:card\" content=\"summary_large_image\" \/>\n<meta name=\"twitter:site\" content=\"@ferrovial\" \/>\n<meta name=\"twitter:label1\" content=\"Est. reading time\" \/>\n\t<meta name=\"twitter:data1\" content=\"4 minutos\" \/>\n<!-- \/ Yoast SEO plugin. -->","yoast_head_json":{"title":"Ingenier\u00eda Civil, qu\u00e9 es, usos, principales \u00e1reas de acci\u00f3n - Ferrovial","description":"La ingenier\u00eda civil es una rama de la ingenier\u00eda que tiene como objetivo planificar, dise\u00f1ar, organizar, construir, supervisar y mantener obras e infraestructuras ejecutadas en una ciudad, regi\u00f3n o pa\u00eds.","robots":{"index":"index","follow":"follow","max-snippet":"max-snippet:-1","max-image-preview":"max-image-preview:large","max-video-preview":"max-video-preview:-1"},"canonical":"https:\/\/www.ferrovial.com\/es\/recursos\/ingenieria-civil\/","og_locale":"es_ES","og_type":"article","og_title":"Ingenier\u00eda Civil, qu\u00e9 es, usos, principales \u00e1reas de acci\u00f3n - Ferrovial","og_description":"La ingenier\u00eda civil es una rama de la ingenier\u00eda que tiene como objetivo planificar, dise\u00f1ar, organizar, construir, supervisar y mantener obras e infraestructuras ejecutadas en una ciudad, regi\u00f3n o pa\u00eds.","og_url":"https:\/\/www.ferrovial.com\/es\/recursos\/ingenieria-civil\/","og_site_name":"Ferrovial","article_publisher":"https:\/\/www.facebook.com\/ferrovial","article_modified_time":"2024-06-05T09:45:50+00:00","twitter_card":"summary_large_image","twitter_site":"@ferrovial","twitter_misc":{"Est. reading time":"4 minutos"},"schema":{"@context":"https:\/\/schema.org","@graph":[{"@type":"WebPage","@id":"https:\/\/www.ferrovial.com\/es\/recursos\/ingenieria-civil\/","url":"https:\/\/www.ferrovial.com\/es\/recursos\/ingenieria-civil\/","name":"Ingenier\u00eda Civil, qu\u00e9 es, usos, principales \u00e1reas de acci\u00f3n - Ferrovial","isPartOf":{"@id":"https:\/\/www.ferrovial.com\/es\/#website"},"datePublished":"2022-05-18T08:54:45+00:00","dateModified":"2024-06-05T09:45:50+00:00","description":"La ingenier\u00eda civil es una rama de la ingenier\u00eda que tiene como objetivo planificar, dise\u00f1ar, organizar, construir, supervisar y mantener obras e infraestructuras ejecutadas en una ciudad, regi\u00f3n o pa\u00eds.","breadcrumb":{"@id":"https:\/\/www.ferrovial.com\/es\/recursos\/ingenieria-civil\/#breadcrumb"},"inLanguage":"es","potentialAction":[{"@type":"ReadAction","target":["https:\/\/www.ferrovial.com\/es\/recursos\/ingenieria-civil\/"]}]},{"@type":"BreadcrumbList","@id":"https:\/\/www.ferrovial.com\/es\/recursos\/ingenieria-civil\/#breadcrumb","itemListElement":[{"@type":"ListItem","position":1,"name":"Portada","item":"https:\/\/www.ferrovial.com\/es\/"},{"@type":"ListItem","position":2,"name":"Recursos","item":"https:\/\/www.ferrovial.com\/es\/recursos\/"},{"@type":"ListItem","position":3,"name":"Ingenier\u00eda Civil"}]},{"@type":"WebSite","@id":"https:\/\/www.ferrovial.com\/es\/#website","url":"https:\/\/www.ferrovial.com\/es\/","name":"Ferrovial","description":"Welcome to the Ferrovial&#039;s website, global operator of sustainable infrastructure. Here you can find all the information about the company and subsidiaries.","publisher":{"@id":"https:\/\/www.ferrovial.com\/es\/#organization"},"potentialAction":[{"@type":"SearchAction","target":{"@type":"EntryPoint","urlTemplate":"https:\/\/www.ferrovial.com\/es\/?s={search_term_string}"},"query-input":{"@type":"PropertyValueSpecification","valueRequired":true,"valueName":"search_term_string"}}],"inLanguage":"es"},{"@type":"Organization","@id":"https:\/\/www.ferrovial.com\/es\/#organization","name":"Ferrovial S.A.","url":"https:\/\/www.ferrovial.com\/es\/","logo":{"@type":"ImageObject","inLanguage":"es","@id":"https:\/\/www.ferrovial.com\/es\/#\/schema\/logo\/image\/","url":"https:\/\/static.ferrovial.com\/wp-content\/uploads\/2020\/01\/13124948\/logo-ferrovial-cf7.png","contentUrl":"https:\/\/static.ferrovial.com\/wp-content\/uploads\/2020\/01\/13124948\/logo-ferrovial-cf7.png","width":144,"height":32,"caption":"Ferrovial S.A."},"image":{"@id":"https:\/\/www.ferrovial.com\/es\/#\/schema\/logo\/image\/"},"sameAs":["https:\/\/www.facebook.com\/ferrovial","https:\/\/x.com\/ferrovial","https:\/\/www.instagram.com\/ferrovial\/","https:\/\/www.linkedin.com\/company\/ferrovial","https:\/\/www.pinterest.es\/ferrovial\/","https:\/\/www.youtube.com\/ferrovial","https:\/\/en.wikipedia.org\/wiki\/Ferrovial"]}]}},"_links":{"self":[{"href":"https:\/\/www.ferrovial.com\/es\/wp-json\/wp\/v2\/pages\/222485","targetHints":{"allow":["GET"]}}],"collection":[{"href":"https:\/\/www.ferrovial.com\/es\/wp-json\/wp\/v2\/pages"}],"about":[{"href":"https:\/\/www.ferrovial.com\/es\/wp-json\/wp\/v2\/types\/page"}],"replies":[{"embeddable":true,"href":"https:\/\/www.ferrovial.com\/es\/wp-json\/wp\/v2\/comments?post=222485"}],"version-history":[{"count":3,"href":"https:\/\/www.ferrovial.com\/es\/wp-json\/wp\/v2\/pages\/222485\/revisions"}],"predecessor-version":[{"id":283106,"href":"https:\/\/www.ferrovial.com\/es\/wp-json\/wp\/v2\/pages\/222485\/revisions\/283106"}],"up":[{"embeddable":true,"href":"https:\/\/www.ferrovial.com\/es\/wp-json\/wp\/v2\/pages\/25267"}],"wp:attachment":[{"href":"https:\/\/www.ferrovial.com\/es\/wp-json\/wp\/v2\/media?parent=222485"}],"curies":[{"name":"wp","href":"https:\/\/api.w.org\/{rel}","templated":true}]}}