{"id":222514,"date":"2022-05-18T11:17:58","date_gmt":"2022-05-18T09:17:58","guid":{"rendered":"https:\/\/www.ferrovial.com\/?page_id=222514"},"modified":"2026-01-09T13:43:17","modified_gmt":"2026-01-09T12:43:17","slug":"carsharing","status":"publish","type":"page","link":"https:\/\/www.ferrovial.com\/es\/recursos\/carsharing\/","title":{"rendered":"Carsharing"},"content":{"rendered":"    <m-final-content-header >\n            <c-breadcrumb label-text=\"Breadcrumb\" slot=\"breadcrumbs\" type='2' align='left' wrap='wrapped wrapped' aria-label='Vienes de Recursos'>\n                        <ol>\n\n                                                            <li><a href=\"https:\/\/www.ferrovial.com\/es\/\" title=\"Ferrovial\">Ferrovial<\/a><\/li>\n                                                                        <li><a href=\"https:\/\/www.ferrovial.com\/es\/recursos\/\" title=\"Recursos\">Recursos<\/a><\/li>\n                                    \n                <\/ol>\n\n                <\/c-breadcrumb>\n    \n        <div slot=\"header\">\n            <h1>\n                \u00bfQu\u00e9 es el carsharing?            <\/h1>\n                    <\/div>\n    <\/m-final-content-header>\n\n    \n\n\n<m-wysiwig class=\"wp-block-components-wysiwyg\"><div slot=\"maincontent\">\n<p>En espa\u00f1ol significa, literalmente:&nbsp;<strong>compartir veh\u00edculo<\/strong>. Es un modelo nacido en Suiza, en 1987, y consiste en aprovechar los tiempos muertos de un mismo veh\u00edculo para que puedan utilizarlo varias personas.<script>\n{\n  \"@context\": \"https:\/\/schema.org\",\n  \"@type\": \"FAQPage\",\n  \"mainEntity\": [{\n    \"@type\": \"Question\",\n    \"name\": \"\u00bfQu\u00e9 es el carsharing?\",\n    \"acceptedAnswer\": {\n      \"@type\": \"Answer\",\n      \"text\": \"En espa\u00f1ol significa, literalmente: compartir veh\u00edculo. Es un modelo nacido en Suiza, en 1987, y\nconsiste en aprovechar los tiempos muertos de un mismo veh\u00edculo para que puedan utilizarlo varias personas.\"\n    }\n  },{\n    \"@type\": \"Question\",\n    \"name\": \"\u00bfC\u00f3mo funciona el carsharing?\",\n    \"acceptedAnswer\": {\n      \"@type\": \"Answer\",\n      \"text\": \"El veh\u00edculo se reserva, previo registro, mediante llamada telef\u00f3nica, internet o, m\u00e1s frecuentemente, apps m\u00f3viles, que indican la ubicaci\u00f3n de los veh\u00edculos m\u00e1s cercanos. Se paga \u00fanicamente por el uso que hace de los veh\u00edculos, ya sea por tiempo o kilometraje.\nNo debe confundirse con un alquiler tradicional de auto ni con el carpooling (como Blablacar).\"\n    }\n  },{\n    \"@type\": \"Question\",\n    \"name\": \"\u00bfQu\u00e9 ventajas trae el sistema de carsharing?\",\n    \"acceptedAnswer\": {\n      \"@type\": \"Answer\",\n      \"text\": \"Gracias al carsharing, los usuarios disfrutan puntualmente de los beneficios de un veh\u00edculo particular sin asumir toda la inversi\u00f3n ni las responsabilidades que conllevar\u00eda comprar uno, como impuestos, seguros, mantenimiento, aparcamiento, limpieza, etc.\nDe media, desplazarse con un coche compartido cuesta 0,40 \u20ac por kil\u00f3metro, en contraste con los 0,60 \u20ac del coche en propiedad, mientras que los veh\u00edculos de alquiler tradicional cuestan unos 0,86 \u20ac por kil\u00f3metro. Se calcula que el carsharing es m\u00e1s econ\u00f3mico que poseer un veh\u00edculo privado si se recorren entre diez y doce mil kil\u00f3metros al a\u00f1o.\"\n    }\n  },{\n    \"@type\": \"Question\",\n    \"name\": \"\u00bfQu\u00e9 hacer para usar el carsharing?\",\n    \"acceptedAnswer\": {\n      \"@type\": \"Answer\",\n      \"text\": \"Cada sistema de carsharing es distinto, pero en general, para comenzar a usar el servicio es\nnecesario darse de alta en la empresa presentando la documentaci\u00f3n y el carn\u00e9 de conducir.\nDependiendo de la compa\u00f1\u00eda, los veh\u00edculos se situar\u00e1n en zonas de aparcamiento o libremente\naparcados en cualquier calle de la ciudad. Una vez hallado el coche, es necesario activar la reserva, generalmente a trav\u00e9s de una app, para abrir las puertas del veh\u00edculo y ponerlo en marcha.\nEl cobro de la tarifa por uso puede realizarse al momento o facturarse a fin de mes.\"\n    }\n  },{\n    \"@type\": \"Question\",\n    \"name\": \"\u00bfQu\u00e9 referente en cuanto a carsharing existe en Espa\u00f1a?\",\n    \"acceptedAnswer\": {\n      \"@type\": \"Answer\",\n      \"text\": \"El primer operador espa\u00f1ol es Avancar\u200b, surgido en 2005 en Barcelona, y que actualmente cuenta con una flota de 120 veh\u00edculos\u200b. Otros operadores catalanes son Som Mobilitat\u200b, Respiro Carsharing\u200b, Bluemove carsharing, Clickcar, Car Sharing Navarra o Ibilek.\nEn Madrid, la primera empresa de carsharing en operar fue car2go (subsidiaria de Daimler y\nEuropcar), en 2015, con coches Smart ForTwo.\u200b La siguiente fue Emov (PSA Peugeot Citro\u00ebn y Eysa), en 2016, con Citro\u00ebn C-Zero\u200b. Despu\u00e9s vino ZITY (Ferrovial y Renault), en 2017, con Renault ZOE.\u200b\nTodas utilizan coches el\u00e9ctricos. Por \u00faltimo, en 2018, apareci\u00f3 WiBLE (Repsol y Kia), con Kia Niro\nh\u00edbridos.\u200b\nMientras la mayor\u00eda de los carsharing se limitan a las zonas del centro urbano, ZITY agrega la\nposibilidad de hacer escapadas a los alrededores. En este servicio, Renault Espa\u00f1a y Ferrovial combinan sus capacidades en el \u00e1mbito de los servicios urbanos y el desarrollo de\nsoluciones respetuosas con el entorno.\"\n    }\n  },{\n    \"@type\": \"Question\",\n    \"name\": \"Aspectos curiosos sobre el carsharing\",\n    \"acceptedAnswer\": {\n      \"@type\": \"Answer\",\n      \"text\": \"<ul>\n<li>Seg\u00fan una encuesta, un 75% de los barceloneses estar\u00edan dispuestos a vender su coche\nparticular y un 66% muestra inter\u00e9s por el carsharing como una alternativa de movilidad.<\/li>\n<li>Se calcula que el servicio de carsharing est\u00e1 presente en m\u00e1s de 600 ciudades de 18 pa\u00edses\nen cuatro continentes, y cuenta con una flota de m\u00e1s de 30.000 veh\u00edculos.\n<\/li>\n<li>Se estima que en un a\u00f1o se reducen unos 60 millones de kil\u00f3metros en desplazamientos\npara buscar aparcamiento gracias a la menor cantidad de coches. Esto supone un ahorro de\nunas 10.000 toneladas de gases de efecto invernadero.<\/li>\n<\/ul>\"\n    }\n  }]\n}\n<\/script><\/p>\n\n\n\n<h2 class=\"wp-block-heading\">\u00bfC\u00f3mo funciona el carsharing?<\/h2>\n\n\n\n<p>El carsharing, p\u00fablico o privado, <strong>ofrece una flota de veh\u00edculos que pueden utilizarse durante cortos periodos de tiempo<\/strong> (en la mayor\u00eda de los casos, minutos, aunque hay modelos que contemplan el alquiler de horas o d\u00edas).<\/p>\n\n\n\n<p>El veh\u00edculo se reserva, previo registro, mediante llamada telef\u00f3nica, internet o, m\u00e1s frecuentemente, apps m\u00f3viles, que indican la ubicaci\u00f3n de los veh\u00edculos m\u00e1s cercanos. <strong>Se paga \u00fanicamente por el uso que hace de los veh\u00edculos<\/strong>, ya sea por tiempo o kilometraje.<\/p>\n\n\n\n<p>No debe confundirse con un alquiler tradicional de auto ni con el carpooling (como BlaBlaCar).<\/p>\n\n\n\n<h2 class=\"wp-block-heading\">\u00bfQu\u00e9 hacer para usar el carsharing?<\/h2>\n\n\n\n<p>Cada sistema de carsharing es distinto, pero en general, para comenzar a usar el servicio es<br>necesario darse de alta en la empresa presentando la documentaci\u00f3n y el carn\u00e9 de conducir. Una<br>vez aceptadas las condiciones de uso e introducido un m\u00e9todo de pago, ya se puede buscar un<br>veh\u00edculo.<\/p>\n\n\n\n<p>Dependiendo de la compa\u00f1\u00eda, los veh\u00edculos se situar\u00e1n en zonas de aparcamiento o libremente<br>aparcados en cualquier calle de la ciudad. Una vez hallado el coche, es necesario activar la reserva, generalmente a trav\u00e9s de una app, para abrir las puertas del veh\u00edculo y ponerlo en marcha.<\/p>\n\n\n\n<p>El cobro de la tarifa por uso puede realizarse al momento o facturarse a fin de mes.<\/p>\n\n\n\n<h2 class=\"wp-block-heading\">\u00bfQu\u00e9 referente en cuanto a carsharing existe en Espa\u00f1a?<\/h2>\n\n\n\n<p>El primer operador espa\u00f1ol es Avancar\u200b, surgido en 2005 en Barcelona, y que actualmente cuenta con una flota de 120 veh\u00edculos\u200b. Otros operadores catalanes son Som Mobilitat\u200b, Respiro Carsharing\u200b, Bluemove carsharing, Clickcar, Car Sharing Navarra o Ibilek.<\/p>\n\n\n\n<p>En Madrid, la primera empresa de carsharing en operar fue car2go (subsidiaria de Daimler y<br>Europcar), en 2015, con coches Smart ForTwo.\u200b La siguiente fue Emov, en 2016, con Citro\u00ebn C-Zero\u200b. Despu\u00e9s vino ZITY, en 2017, con Renault ZOE.\u200b<\/p>\n\n\n\n<p>Todas utilizan coches el\u00e9ctricos. Por \u00faltimo, en 2018, apareci\u00f3 WiBLE, con Kia Niro<br>h\u00edbridos.\u200b<\/p>\n\n\n\n<h2 class=\"wp-block-heading\">Aspectos curiosos sobre el carsharing<\/h2>\n\n\n\n<ul class=\"wp-block-list\">\n<li>Seg\u00fan una encuesta, un 75% de los barceloneses estar\u00edan dispuestos a vender su coche particular y un 66% muestra inter\u00e9s por el carsharing como una alternativa de movilidad.<\/li>\n\n\n\n<li>Se calcula que el servicio de carsharing est\u00e1 presente en m\u00e1s de 600 ciudades de 18 pa\u00edses en cuatro continentes, y cuenta con una flota de m\u00e1s de 30.000 veh\u00edculos.<\/li>\n\n\n\n<li> Se estima que en un a\u00f1o se reducen unos 60 millones de kil\u00f3metros en desplazamientos para buscar aparcamiento gracias a la menor cantidad de coches. Esto supone un ahorro de unas 10.000 toneladas de gases de efecto invernadero.<\/li>\n<\/ul>\n<\/div><\/m-wysiwig>\n\n\n    <m-projects-distributor2 :translations='{\n        &quot;prev&quot;:&quot;Anterior&quot;,\n        &quot;next&quot;:&quot;Siguiente&quot;,\n        &quot;paginationseparator&quot;:&quot;de&quot;\n    }'>\n                        <h2 slot=\"title\">\n                Nuestros proyectos destacados                <\/h2>\n                        <a slot='button' title='Conoce nuestros proyectos ' href='https:\/\/www.ferrovial.com\/es\/cintra\/proyectos\/'>\n            Conoce nuestros proyectos         <\/a>\n\n            <\/m-projects-distributor2>\n\n    ","protected":false},"excerpt":{"rendered":"","protected":false},"featured_media":0,"parent":25267,"menu_order":0,"comment_status":"closed","ping_status":"closed","template":"","meta":{"_acf_changed":false,"footnotes":""},"class_list":["post-222514","page","type-page","status-publish","hentry"],"acf":[],"yoast_head":"<!-- This site is optimized with the Yoast SEO plugin v27.2 - https:\/\/yoast.com\/product\/yoast-seo-wordpress\/ -->\n<title>Carsharing - Ferrovial<\/title>\n<meta name=\"description\" content=\"El carsharing, p\u00fablico o privado, ofrece una flota de veh\u00edculos que pueden utilizarse durante cortos periodos de tiempo.\" \/>\n<meta name=\"robots\" content=\"index, follow, max-snippet:-1, max-image-preview:large, max-video-preview:-1\" \/>\n<link rel=\"canonical\" href=\"https:\/\/www.ferrovial.com\/es\/recursos\/carsharing\/\" \/>\n<meta property=\"og:locale\" content=\"es_ES\" \/>\n<meta property=\"og:type\" content=\"article\" \/>\n<meta property=\"og:title\" content=\"Carsharing - Ferrovial\" \/>\n<meta property=\"og:description\" content=\"El carsharing, p\u00fablico o privado, ofrece una flota de veh\u00edculos que pueden utilizarse durante cortos periodos de tiempo.\" \/>\n<meta property=\"og:url\" content=\"https:\/\/www.ferrovial.com\/es\/recursos\/carsharing\/\" \/>\n<meta property=\"og:site_name\" content=\"Ferrovial\" \/>\n<meta property=\"article:publisher\" content=\"https:\/\/www.facebook.com\/ferrovial\" \/>\n<meta property=\"article:modified_time\" content=\"2026-01-09T12:43:17+00:00\" \/>\n<meta name=\"twitter:card\" content=\"summary_large_image\" \/>\n<meta name=\"twitter:site\" content=\"@ferrovial\" \/>\n<meta name=\"twitter:label1\" content=\"Est. reading time\" \/>\n\t<meta name=\"twitter:data1\" content=\"3 minutos\" \/>\n<!-- \/ Yoast SEO plugin. -->","yoast_head_json":{"title":"Carsharing - Ferrovial","description":"El carsharing, p\u00fablico o privado, ofrece una flota de veh\u00edculos que pueden utilizarse durante cortos periodos de tiempo.","robots":{"index":"index","follow":"follow","max-snippet":"max-snippet:-1","max-image-preview":"max-image-preview:large","max-video-preview":"max-video-preview:-1"},"canonical":"https:\/\/www.ferrovial.com\/es\/recursos\/carsharing\/","og_locale":"es_ES","og_type":"article","og_title":"Carsharing - Ferrovial","og_description":"El carsharing, p\u00fablico o privado, ofrece una flota de veh\u00edculos que pueden utilizarse durante cortos periodos de tiempo.","og_url":"https:\/\/www.ferrovial.com\/es\/recursos\/carsharing\/","og_site_name":"Ferrovial","article_publisher":"https:\/\/www.facebook.com\/ferrovial","article_modified_time":"2026-01-09T12:43:17+00:00","twitter_card":"summary_large_image","twitter_site":"@ferrovial","twitter_misc":{"Est. reading time":"3 minutos"},"schema":{"@context":"https:\/\/schema.org","@graph":[{"@type":"WebPage","@id":"https:\/\/www.ferrovial.com\/es\/recursos\/carsharing\/","url":"https:\/\/www.ferrovial.com\/es\/recursos\/carsharing\/","name":"Carsharing - Ferrovial","isPartOf":{"@id":"https:\/\/www.ferrovial.com\/es\/#website"},"datePublished":"2022-05-18T09:17:58+00:00","dateModified":"2026-01-09T12:43:17+00:00","description":"El carsharing, p\u00fablico o privado, ofrece una flota de veh\u00edculos que pueden utilizarse durante cortos periodos de tiempo.","breadcrumb":{"@id":"https:\/\/www.ferrovial.com\/es\/recursos\/carsharing\/#breadcrumb"},"inLanguage":"es","potentialAction":[{"@type":"ReadAction","target":["https:\/\/www.ferrovial.com\/es\/recursos\/carsharing\/"]}]},{"@type":"BreadcrumbList","@id":"https:\/\/www.ferrovial.com\/es\/recursos\/carsharing\/#breadcrumb","itemListElement":[{"@type":"ListItem","position":1,"name":"Portada","item":"https:\/\/www.ferrovial.com\/es\/"},{"@type":"ListItem","position":2,"name":"Recursos","item":"https:\/\/www.ferrovial.com\/es\/recursos\/"},{"@type":"ListItem","position":3,"name":"Carsharing"}]},{"@type":"WebSite","@id":"https:\/\/www.ferrovial.com\/es\/#website","url":"https:\/\/www.ferrovial.com\/es\/","name":"Ferrovial","description":"Welcome to the Ferrovial&#039;s website, global operator of sustainable infrastructure. Here you can find all the information about the company and subsidiaries.","publisher":{"@id":"https:\/\/www.ferrovial.com\/es\/#organization"},"potentialAction":[{"@type":"SearchAction","target":{"@type":"EntryPoint","urlTemplate":"https:\/\/www.ferrovial.com\/es\/?s={search_term_string}"},"query-input":{"@type":"PropertyValueSpecification","valueRequired":true,"valueName":"search_term_string"}}],"inLanguage":"es"},{"@type":"Organization","@id":"https:\/\/www.ferrovial.com\/es\/#organization","name":"Ferrovial S.A.","url":"https:\/\/www.ferrovial.com\/es\/","logo":{"@type":"ImageObject","inLanguage":"es","@id":"https:\/\/www.ferrovial.com\/es\/#\/schema\/logo\/image\/","url":"https:\/\/static.ferrovial.com\/wp-content\/uploads\/2020\/01\/13124948\/logo-ferrovial-cf7.png","contentUrl":"https:\/\/static.ferrovial.com\/wp-content\/uploads\/2020\/01\/13124948\/logo-ferrovial-cf7.png","width":144,"height":32,"caption":"Ferrovial S.A."},"image":{"@id":"https:\/\/www.ferrovial.com\/es\/#\/schema\/logo\/image\/"},"sameAs":["https:\/\/www.facebook.com\/ferrovial","https:\/\/x.com\/ferrovial","https:\/\/www.instagram.com\/ferrovial\/","https:\/\/www.linkedin.com\/company\/ferrovial","https:\/\/www.pinterest.es\/ferrovial\/","https:\/\/www.youtube.com\/ferrovial","https:\/\/en.wikipedia.org\/wiki\/Ferrovial"]}]}},"_links":{"self":[{"href":"https:\/\/www.ferrovial.com\/es\/wp-json\/wp\/v2\/pages\/222514","targetHints":{"allow":["GET"]}}],"collection":[{"href":"https:\/\/www.ferrovial.com\/es\/wp-json\/wp\/v2\/pages"}],"about":[{"href":"https:\/\/www.ferrovial.com\/es\/wp-json\/wp\/v2\/types\/page"}],"replies":[{"embeddable":true,"href":"https:\/\/www.ferrovial.com\/es\/wp-json\/wp\/v2\/comments?post=222514"}],"version-history":[{"count":3,"href":"https:\/\/www.ferrovial.com\/es\/wp-json\/wp\/v2\/pages\/222514\/revisions"}],"predecessor-version":[{"id":321932,"href":"https:\/\/www.ferrovial.com\/es\/wp-json\/wp\/v2\/pages\/222514\/revisions\/321932"}],"up":[{"embeddable":true,"href":"https:\/\/www.ferrovial.com\/es\/wp-json\/wp\/v2\/pages\/25267"}],"wp:attachment":[{"href":"https:\/\/www.ferrovial.com\/es\/wp-json\/wp\/v2\/media?parent=222514"}],"curies":[{"name":"wp","href":"https:\/\/api.w.org\/{rel}","templated":true}]}}