{"id":22408,"date":"2019-09-10T16:01:05","date_gmt":"2019-09-10T14:01:05","guid":{"rendered":"https:\/\/www.ferrovial.com\/?page_id=22408"},"modified":"2021-01-19T15:19:17","modified_gmt":"2021-01-19T14:19:17","slug":"herramienta-interactiva","status":"publish","type":"page","link":"https:\/\/www.ferrovial.com\/es\/accionistas-e-inversores\/informacion-financiera\/herramienta-interactiva\/","title":{"rendered":"Herramienta interactiva"},"content":{"rendered":"    <m-final-content-header bgimage='https:\/\/static.ferrovial.com\/wp-content\/uploads\/2019\/11\/13132124\/north-tarrant-express-nte-in-the-usa-1280x720.jpg'>\n            <c-breadcrumb label-text=\"Breadcrumb\" slot=\"breadcrumbs\" type='2' align='left' wrap='wrapped wrapped' aria-label='Vienes de Informaci\u00f3n financiera'>\n                        <ol>\n\n                                                            <li><a href=\"https:\/\/www.ferrovial.com\/es\/\" title=\"Ferrovial\">Ferrovial<\/a><\/li>\n                                                                        <li><a href=\"https:\/\/www.ferrovial.com\/es\/accionistas-e-inversores\/\" title=\"Accionistas e inversores\">Accionistas e inversores<\/a><\/li>\n                                                                        <li><a href=\"https:\/\/www.ferrovial.com\/es\/accionistas-e-inversores\/informacion-financiera\/\" title=\"Informaci\u00f3n financiera\">Informaci\u00f3n financiera<\/a><\/li>\n                                    \n                <\/ol>\n\n                <\/c-breadcrumb>\n    \n        <div slot=\"header\">\n            <h1>\n                Herramienta interactiva            <\/h1>\n                    <\/div>\n    <\/m-final-content-header>\n\n    \n\n\n<m-wysiwig class=\"wp-block-components-wysiwyg\"><div slot=\"maincontent\">\n<p>Para llegar e interactuar con la herramienta interactiva utilizando el teclado usa la tecla tabulador, excepto para navegar por las pesta\u00f1as vinculadas al bot\u00f3n Informaci\u00f3n Financiera en donde hay que utilizar las flechas del teclado. Tambi\u00e9n puedes visualizar los gr\u00e1ficos en formato tabla pulsando el bot\u00f3n &#171;Ver como tabla&#187;.<\/p>\n<\/div><\/m-wysiwig>\n\n\n    <m-iframe :euroland=\"true\" >\n        \n        \n                <iframe id=\"eurolandChart\" slot=\"iframe\" allowfullscreen scrolling=\"no\" aria-label=\"Herramienta interactiva\" style=\"\" allow=\"encrypted-media\" src=\"https:\/\/tools.eurolandir.com\/tools\/ia\/?companycode=es-cin&#038;v=ad_new&#038;lang=es-ES\"><\/iframe>\n    <\/m-iframe>\n    ","protected":false},"excerpt":{"rendered":"","protected":false},"featured_media":0,"parent":22386,"menu_order":0,"comment_status":"closed","ping_status":"closed","template":"","meta":{"_acf_changed":false,"footnotes":""},"class_list":["post-22408","page","type-page","status-publish","hentry"],"acf":[],"yoast_head":"<!-- This site is optimized with the Yoast SEO plugin v27.2 - https:\/\/yoast.com\/product\/yoast-seo-wordpress\/ -->\n<title>Herramienta financiera interactiva - Ferrovial<\/title>\n<meta name=\"description\" content=\"Consulta en nuestra herramienta interactiva, el balance de situaci\u00f3n de Ferrovial, las p\u00e9rdidas y ganancias o los estados de flujo de efectivo entre otros datos.\" \/>\n<meta name=\"robots\" content=\"index, follow, max-snippet:-1, max-image-preview:large, max-video-preview:-1\" \/>\n<link rel=\"canonical\" href=\"https:\/\/www.ferrovial.com\/es\/accionistas-e-inversores\/informacion-financiera\/herramienta-interactiva\/\" \/>\n<meta property=\"og:locale\" content=\"es_ES\" \/>\n<meta property=\"og:type\" content=\"article\" \/>\n<meta property=\"og:title\" content=\"Herramienta financiera interactiva - Ferrovial\" \/>\n<meta property=\"og:description\" content=\"Consulta en nuestra herramienta interactiva, el balance de situaci\u00f3n de Ferrovial, las p\u00e9rdidas y ganancias o los estados de flujo de efectivo entre otros datos.\" \/>\n<meta property=\"og:url\" content=\"https:\/\/www.ferrovial.com\/es\/accionistas-e-inversores\/informacion-financiera\/herramienta-interactiva\/\" \/>\n<meta property=\"og:site_name\" content=\"Ferrovial\" \/>\n<meta property=\"article:publisher\" content=\"https:\/\/www.facebook.com\/ferrovial\" \/>\n<meta property=\"article:modified_time\" content=\"2021-01-19T14:19:17+00:00\" \/>\n<meta name=\"twitter:card\" content=\"summary_large_image\" \/>\n<meta name=\"twitter:site\" content=\"@ferrovial\" \/>\n<!-- \/ Yoast SEO plugin. -->","yoast_head_json":{"title":"Herramienta financiera interactiva - Ferrovial","description":"Consulta en nuestra herramienta interactiva, el balance de situaci\u00f3n de Ferrovial, las p\u00e9rdidas y ganancias o los estados de flujo de efectivo entre otros datos.","robots":{"index":"index","follow":"follow","max-snippet":"max-snippet:-1","max-image-preview":"max-image-preview:large","max-video-preview":"max-video-preview:-1"},"canonical":"https:\/\/www.ferrovial.com\/es\/accionistas-e-inversores\/informacion-financiera\/herramienta-interactiva\/","og_locale":"es_ES","og_type":"article","og_title":"Herramienta financiera interactiva - Ferrovial","og_description":"Consulta en nuestra herramienta interactiva, el balance de situaci\u00f3n de Ferrovial, las p\u00e9rdidas y ganancias o los estados de flujo de efectivo entre otros datos.","og_url":"https:\/\/www.ferrovial.com\/es\/accionistas-e-inversores\/informacion-financiera\/herramienta-interactiva\/","og_site_name":"Ferrovial","article_publisher":"https:\/\/www.facebook.com\/ferrovial","article_modified_time":"2021-01-19T14:19:17+00:00","twitter_card":"summary_large_image","twitter_site":"@ferrovial","schema":{"@context":"https:\/\/schema.org","@graph":[{"@type":"WebPage","@id":"https:\/\/www.ferrovial.com\/es\/accionistas-e-inversores\/informacion-financiera\/herramienta-interactiva\/","url":"https:\/\/www.ferrovial.com\/es\/accionistas-e-inversores\/informacion-financiera\/herramienta-interactiva\/","name":"Herramienta financiera interactiva - Ferrovial","isPartOf":{"@id":"https:\/\/www.ferrovial.com\/es\/#website"},"datePublished":"2019-09-10T14:01:05+00:00","dateModified":"2021-01-19T14:19:17+00:00","description":"Consulta en nuestra herramienta interactiva, el balance de situaci\u00f3n de Ferrovial, las p\u00e9rdidas y ganancias o los estados de flujo de efectivo entre otros datos.","breadcrumb":{"@id":"https:\/\/www.ferrovial.com\/es\/accionistas-e-inversores\/informacion-financiera\/herramienta-interactiva\/#breadcrumb"},"inLanguage":"es","potentialAction":[{"@type":"ReadAction","target":["https:\/\/www.ferrovial.com\/es\/accionistas-e-inversores\/informacion-financiera\/herramienta-interactiva\/"]}]},{"@type":"BreadcrumbList","@id":"https:\/\/www.ferrovial.com\/es\/accionistas-e-inversores\/informacion-financiera\/herramienta-interactiva\/#breadcrumb","itemListElement":[{"@type":"ListItem","position":1,"name":"Portada","item":"https:\/\/www.ferrovial.com\/es\/"},{"@type":"ListItem","position":2,"name":"Accionistas e inversores","item":"https:\/\/www.ferrovial.com\/es\/accionistas-e-inversores\/"},{"@type":"ListItem","position":3,"name":"Informaci\u00f3n financiera","item":"https:\/\/www.ferrovial.com\/es\/accionistas-e-inversores\/informacion-financiera\/"},{"@type":"ListItem","position":4,"name":"Herramienta interactiva"}]},{"@type":"WebSite","@id":"https:\/\/www.ferrovial.com\/es\/#website","url":"https:\/\/www.ferrovial.com\/es\/","name":"Ferrovial","description":"Welcome to the Ferrovial&#039;s website, global operator of sustainable infrastructure. Here you can find all the information about the company and subsidiaries.","publisher":{"@id":"https:\/\/www.ferrovial.com\/es\/#organization"},"potentialAction":[{"@type":"SearchAction","target":{"@type":"EntryPoint","urlTemplate":"https:\/\/www.ferrovial.com\/es\/?s={search_term_string}"},"query-input":{"@type":"PropertyValueSpecification","valueRequired":true,"valueName":"search_term_string"}}],"inLanguage":"es"},{"@type":"Organization","@id":"https:\/\/www.ferrovial.com\/es\/#organization","name":"Ferrovial S.A.","url":"https:\/\/www.ferrovial.com\/es\/","logo":{"@type":"ImageObject","inLanguage":"es","@id":"https:\/\/www.ferrovial.com\/es\/#\/schema\/logo\/image\/","url":"https:\/\/static.ferrovial.com\/wp-content\/uploads\/2020\/01\/13124948\/logo-ferrovial-cf7.png","contentUrl":"https:\/\/static.ferrovial.com\/wp-content\/uploads\/2020\/01\/13124948\/logo-ferrovial-cf7.png","width":144,"height":32,"caption":"Ferrovial S.A."},"image":{"@id":"https:\/\/www.ferrovial.com\/es\/#\/schema\/logo\/image\/"},"sameAs":["https:\/\/www.facebook.com\/ferrovial","https:\/\/x.com\/ferrovial","https:\/\/www.instagram.com\/ferrovial\/","https:\/\/www.linkedin.com\/company\/ferrovial","https:\/\/www.pinterest.es\/ferrovial\/","https:\/\/www.youtube.com\/ferrovial","https:\/\/en.wikipedia.org\/wiki\/Ferrovial"]}]}},"_links":{"self":[{"href":"https:\/\/www.ferrovial.com\/es\/wp-json\/wp\/v2\/pages\/22408","targetHints":{"allow":["GET"]}}],"collection":[{"href":"https:\/\/www.ferrovial.com\/es\/wp-json\/wp\/v2\/pages"}],"about":[{"href":"https:\/\/www.ferrovial.com\/es\/wp-json\/wp\/v2\/types\/page"}],"replies":[{"embeddable":true,"href":"https:\/\/www.ferrovial.com\/es\/wp-json\/wp\/v2\/comments?post=22408"}],"version-history":[{"count":3,"href":"https:\/\/www.ferrovial.com\/es\/wp-json\/wp\/v2\/pages\/22408\/revisions"}],"predecessor-version":[{"id":185037,"href":"https:\/\/www.ferrovial.com\/es\/wp-json\/wp\/v2\/pages\/22408\/revisions\/185037"}],"up":[{"embeddable":true,"href":"https:\/\/www.ferrovial.com\/es\/wp-json\/wp\/v2\/pages\/22386"}],"wp:attachment":[{"href":"https:\/\/www.ferrovial.com\/es\/wp-json\/wp\/v2\/media?parent=22408"}],"curies":[{"name":"wp","href":"https:\/\/api.w.org\/{rel}","templated":true}]}}