{"id":224292,"date":"2022-05-31T18:26:29","date_gmt":"2022-05-31T16:26:29","guid":{"rendered":"https:\/\/www.ferrovial.com\/?page_id=224292"},"modified":"2023-11-16T20:34:37","modified_gmt":"2023-11-16T19:34:37","slug":"exposicion","status":"publish","type":"page","link":"https:\/\/www.ferrovial.com\/es\/jose-manuel-ballester\/exposicion\/","title":{"rendered":"La exposici\u00f3n"},"content":{"rendered":"    <m-hero type='single' :translations='{\n        &quot;play&quot;:&quot;Reproducir v\u00eddeo de fondo&quot;,\n        &quot;pause&quot;:&quot;Pausar v\u00eddeo de fondo&quot;,\n        &quot;prev&quot;:&quot;Anterior&quot;,\n        &quot;next&quot;:&quot;Siguiente&quot;,\n        &quot;paginationseparator&quot;:&quot;de&quot;,\n        &quot;goto&quot;:&quot;Ir al slide&quot;,\n        &quot;external&quot;:&quot;Abrir una nueva ventana&quot;\n    }'>\n        \n                        <div slot=\"carouselItem\">\n                            <c-background-image>\n                                <picture>\n                                                                            <source media=\"(max-width: 667px)\" srcset=\"https:\/\/static.ferrovial.com\/wp-content\/uploads\/2022\/06\/01160239\/cartel-2022-2-600x800.jpg\">\n                                                                                                                <source media=\"(max-width: 1023px)\" srcset=\"https:\/\/static.ferrovial.com\/wp-content\/uploads\/2022\/06\/01160239\/cartel-2022-2-1280x720.jpg\">\n                                    \n                                    <img decoding=\"async\" src=\"https:\/\/static.ferrovial.com\/wp-content\/uploads\/2022\/06\/01160239\/cartel-2022-2-1920x1080.jpg\" alt=\"\" style=\"object-position: center center;\">\n                                <\/picture>\n                            <\/c-background-image>\n                        <\/div>        <section slot=\"hero\">\n            <article>\n                                        <h1>La exposici\u00f3n<\/h1>\n                                                <p>Descripci\u00f3n por defecto<\/p>\n                                    <\/article>\n        <\/section>\n    <\/m-hero>\n\n    \n\n\n<m-wysiwig negative id=\"wysiwyg\" class=\"wp-block-components-wysiwyg\"><div slot=\"maincontent\">\n<h2 class=\"wp-block-heading\">Creaci\u00f3n en movimiento<\/h2>\n\n\n\n<p>Ferrovial en la mirada de Jos\u00e9 Manuel Ballester<\/p>\n\n\n\n<p><br><strong>LUGAR:<\/strong> Espacio <a href=\"https:\/\/www.google.com\/maps\/place\/Espacio+Fundaci%C3%B3n+Telef%C3%B3nica+Madrid\/@40.4204426,-3.7017177,15z\/data=!4m5!3m4!1s0x0:0xb33caf84d70bc67!8m2!3d40.4204426!4d-3.7017177\" target=\"_blank\" rel=\"noreferrer noopener\">Fundaci\u00f3n Telef\u00f3nica<\/a>, calle de Fuencarral 3, Madrid. <\/p>\n\n\n\n<p>Entrada libre, sin reserva previa. <\/p>\n\n\n\n<p><strong>FECHA: <\/strong>17 de junio hasta el 2 de octubre de 2022<\/p>\n\n\n\n<p><strong>ENLACES:<\/strong> <\/p>\n\n\n\n<ul class=\"wp-block-list\">\n<li>Accede a la informaci\u00f3n de la p\u00e1gina de la <a href=\"https:\/\/espacio.fundaciontelefonica.com\/evento\/creacion-en-movimiento-ferrovial-en-la-mirada-de-jose-manuel-ballester\/\" target=\"_blank\" rel=\"noreferrer noopener\">Fundaci\u00f3n Telef\u00f3nica<\/a><\/li>\n<\/ul>\n\n\n\n<p><\/p>\n\n\n\n<p>El&nbsp;Espacio&nbsp;Fundaci\u00f3n&nbsp;Telef\u00f3nica&nbsp;acoge&nbsp;\u2018Creaci\u00f3n&nbsp;en&nbsp;Movimiento.&nbsp;Ferrovial&nbsp;en&nbsp;la&nbsp;Mirada&nbsp;de&nbsp;Jos\u00e9 Manuel Ballester\u2019,&nbsp;una&nbsp;muestra&nbsp;de&nbsp;44&nbsp;fotograf\u00edas&nbsp;realizadas&nbsp;por&nbsp;el&nbsp;pintor&nbsp;y&nbsp;fot\u00f3grafo&nbsp;madrile\u00f1o por encargo de Ferrovial.<\/p>\n\n\n\n<p>La exposici\u00f3n podr\u00e1 disfrutarse en la 2\u00aa planta, de manera gratuita, del 17 de junio hasta el 2 de octubre de 2022. Las obras, seleccionadas por las comisarias Mar\u00eda de Corral y Lorena Mart\u00ednez de Corral, abarcan los \u00e1mbitos constructivos siguientes: edificios culturales o singulares, puentes y viaductos, presas, metro, autopistas, aeropuertos y t\u00faneles.<\/p>\n\n\n\n<p><\/p>\n\n\n\n<h2 class=\"wp-block-heading\">Mar\u00eda de Corral y Lorena Mart\u00ednez de Corral hablan sobre la exposici\u00f3n<\/h2>\n\n\n\n<p><strong>El <\/strong>espacio <a href=\"https:\/\/espacio.fundaciontelefonica.com\/evento\/creacion-en-movimiento-ferrovial-en-la-mirada-de-jose-manuel-ballester\/\" target=\"_blank\" rel=\"noreferrer noopener\">Fundaci\u00f3n Telef\u00f3nica<\/a> presenta medio centenar de fotograf\u00edas del pintor y fot\u00f3grafo madrile\u00f1o <a href=\"https:\/\/www.josemanuelballester.com\/\" target=\"_blank\" rel=\"noreferrer noopener\">Jos\u00e9 Manuel Ballester<\/a>, que dan a conocer en profundidad la complejidad de las obras de ingenier\u00eda, construcci\u00f3n e infraestructuras de Ferrovial.<\/p>\n\n\n\n<p>El artista ha viajado durante doce meses dando testimonio de las principales actividades de Ferrovial y captando la <strong>excepcionalidad, energ\u00eda y esfuerzo<\/strong> en cada una de sus obras.<\/p>\n\n\n\n<blockquote class=\"wp-block-quote is-layout-flow wp-block-quote-is-layout-flow\">\n<p>\u201cHe intentado ser fiel a lo que he sentido en cada momento al enfrentarme a tantos escenarios tan particulares, donde la grandeza del talento humano ha estado siempre presente\u201d.<\/p>\n<cite>Jos\u00e9 Manuel Ballester<\/cite><\/blockquote>\n\n\n\n<p>La exposici\u00f3n est\u00e1 dividida en series que muestran las numerosas obras realizadas por Ferrovial en <strong>m\u00e1s de cincuenta enclaves<\/strong>: autopistas, puentes, aeropuertos, metros, museos, edificios civiles, presas, viaductos, t\u00faneles, plantas de tratamiento o el ITER, en m\u00e1s de catorce pa\u00edses.<\/p>\n\n\n\n<p>La selecci\u00f3n realizada pretende mostrar tanto la <strong>belleza de los trabajos terminados como la enorme complejidad de su ejecuci\u00f3n<\/strong>, ese es el hilo conductor de todas las construcciones que Jos\u00e9 Manuel Ballester ha fotografiado y que nos desvelan aspectos in\u00e9ditos de las obras.<\/p>\n\n\n\n<p>A lo largo de esta exposici\u00f3n el artista nos transmite <strong>algo que va m\u00e1s all\u00e1 de las estructuras<\/strong> representadas en sus fotograf\u00edas, nos habla de <strong>modernidad, de presente y de futuro, del empleo de nuevas t\u00e9cnicas y nuevos materiales <\/strong>que le permiten testimoniar mejor la creaci\u00f3n en movimiento.<\/p>\n\n\n\n<p><strong>Mar\u00eda de Corral y Lorena Mart\u00ednez de Corral<\/strong><\/p>\n\n\n\n<p><strong>Comisarias<\/strong><\/p>\n<\/div><\/m-wysiwig>\n\n\n\n<p><\/p>\n","protected":false},"excerpt":{"rendered":"","protected":false},"featured_media":0,"parent":196211,"menu_order":0,"comment_status":"closed","ping_status":"closed","template":"template-ballester.php","meta":{"_acf_changed":false,"footnotes":""},"class_list":["post-224292","page","type-page","status-publish","hentry"],"acf":[],"yoast_head":"<!-- This site is optimized with the Yoast SEO plugin v27.2 - https:\/\/yoast.com\/product\/yoast-seo-wordpress\/ -->\n<title>La exposici\u00f3n - Ferrovial<\/title>\n<meta name=\"description\" content=\"Welcome to the Ferrovial&#039;s website, global operator of sustainable infrastructure. Here you can find all the information about the company and subsidiaries.\" \/>\n<meta name=\"robots\" content=\"index, follow, max-snippet:-1, max-image-preview:large, max-video-preview:-1\" \/>\n<link rel=\"canonical\" href=\"https:\/\/www.ferrovial.com\/es\/jose-manuel-ballester\/exposicion\/\" \/>\n<meta property=\"og:locale\" content=\"es_ES\" \/>\n<meta property=\"og:type\" content=\"article\" \/>\n<meta property=\"og:title\" content=\"La exposici\u00f3n - Ferrovial\" \/>\n<meta property=\"og:description\" content=\"Welcome to the Ferrovial&#039;s website, global operator of sustainable infrastructure. Here you can find all the information about the company and subsidiaries.\" \/>\n<meta property=\"og:url\" content=\"https:\/\/www.ferrovial.com\/es\/jose-manuel-ballester\/exposicion\/\" \/>\n<meta property=\"og:site_name\" content=\"Ferrovial\" \/>\n<meta property=\"article:publisher\" content=\"https:\/\/www.facebook.com\/ferrovial\" \/>\n<meta property=\"article:modified_time\" content=\"2023-11-16T19:34:37+00:00\" \/>\n<meta name=\"twitter:card\" content=\"summary_large_image\" \/>\n<meta name=\"twitter:site\" content=\"@ferrovial\" \/>\n<meta name=\"twitter:label1\" content=\"Est. reading time\" \/>\n\t<meta name=\"twitter:data1\" content=\"2 minutos\" \/>\n<!-- \/ Yoast SEO plugin. -->","yoast_head_json":{"title":"La exposici\u00f3n - Ferrovial","description":"Welcome to the Ferrovial's website, global operator of sustainable infrastructure. Here you can find all the information about the company and subsidiaries.","robots":{"index":"index","follow":"follow","max-snippet":"max-snippet:-1","max-image-preview":"max-image-preview:large","max-video-preview":"max-video-preview:-1"},"canonical":"https:\/\/www.ferrovial.com\/es\/jose-manuel-ballester\/exposicion\/","og_locale":"es_ES","og_type":"article","og_title":"La exposici\u00f3n - Ferrovial","og_description":"Welcome to the Ferrovial's website, global operator of sustainable infrastructure. Here you can find all the information about the company and subsidiaries.","og_url":"https:\/\/www.ferrovial.com\/es\/jose-manuel-ballester\/exposicion\/","og_site_name":"Ferrovial","article_publisher":"https:\/\/www.facebook.com\/ferrovial","article_modified_time":"2023-11-16T19:34:37+00:00","twitter_card":"summary_large_image","twitter_site":"@ferrovial","twitter_misc":{"Est. reading time":"2 minutos"},"schema":{"@context":"https:\/\/schema.org","@graph":[{"@type":"WebPage","@id":"https:\/\/www.ferrovial.com\/es\/jose-manuel-ballester\/exposicion\/","url":"https:\/\/www.ferrovial.com\/es\/jose-manuel-ballester\/exposicion\/","name":"La exposici\u00f3n - Ferrovial","isPartOf":{"@id":"https:\/\/www.ferrovial.com\/es\/#website"},"datePublished":"2022-05-31T16:26:29+00:00","dateModified":"2023-11-16T19:34:37+00:00","description":"Welcome to the Ferrovial's website, global operator of sustainable infrastructure. Here you can find all the information about the company and subsidiaries.","breadcrumb":{"@id":"https:\/\/www.ferrovial.com\/es\/jose-manuel-ballester\/exposicion\/#breadcrumb"},"inLanguage":"es","potentialAction":[{"@type":"ReadAction","target":["https:\/\/www.ferrovial.com\/es\/jose-manuel-ballester\/exposicion\/"]}]},{"@type":"BreadcrumbList","@id":"https:\/\/www.ferrovial.com\/es\/jose-manuel-ballester\/exposicion\/#breadcrumb","itemListElement":[{"@type":"ListItem","position":1,"name":"Portada","item":"https:\/\/www.ferrovial.com\/es\/"},{"@type":"ListItem","position":2,"name":"Jos\u00e9 Manuel Ballester","item":"https:\/\/www.ferrovial.com\/es\/jose-manuel-ballester\/"},{"@type":"ListItem","position":3,"name":"La exposici\u00f3n"}]},{"@type":"WebSite","@id":"https:\/\/www.ferrovial.com\/es\/#website","url":"https:\/\/www.ferrovial.com\/es\/","name":"Ferrovial","description":"Welcome to the Ferrovial&#039;s website, global operator of sustainable infrastructure. Here you can find all the information about the company and subsidiaries.","publisher":{"@id":"https:\/\/www.ferrovial.com\/es\/#organization"},"potentialAction":[{"@type":"SearchAction","target":{"@type":"EntryPoint","urlTemplate":"https:\/\/www.ferrovial.com\/es\/?s={search_term_string}"},"query-input":{"@type":"PropertyValueSpecification","valueRequired":true,"valueName":"search_term_string"}}],"inLanguage":"es"},{"@type":"Organization","@id":"https:\/\/www.ferrovial.com\/es\/#organization","name":"Ferrovial S.A.","url":"https:\/\/www.ferrovial.com\/es\/","logo":{"@type":"ImageObject","inLanguage":"es","@id":"https:\/\/www.ferrovial.com\/es\/#\/schema\/logo\/image\/","url":"https:\/\/static.ferrovial.com\/wp-content\/uploads\/2020\/01\/13124948\/logo-ferrovial-cf7.png","contentUrl":"https:\/\/static.ferrovial.com\/wp-content\/uploads\/2020\/01\/13124948\/logo-ferrovial-cf7.png","width":144,"height":32,"caption":"Ferrovial S.A."},"image":{"@id":"https:\/\/www.ferrovial.com\/es\/#\/schema\/logo\/image\/"},"sameAs":["https:\/\/www.facebook.com\/ferrovial","https:\/\/x.com\/ferrovial","https:\/\/www.instagram.com\/ferrovial\/","https:\/\/www.linkedin.com\/company\/ferrovial","https:\/\/www.pinterest.es\/ferrovial\/","https:\/\/www.youtube.com\/ferrovial","https:\/\/en.wikipedia.org\/wiki\/Ferrovial"]}]}},"_links":{"self":[{"href":"https:\/\/www.ferrovial.com\/es\/wp-json\/wp\/v2\/pages\/224292","targetHints":{"allow":["GET"]}}],"collection":[{"href":"https:\/\/www.ferrovial.com\/es\/wp-json\/wp\/v2\/pages"}],"about":[{"href":"https:\/\/www.ferrovial.com\/es\/wp-json\/wp\/v2\/types\/page"}],"replies":[{"embeddable":true,"href":"https:\/\/www.ferrovial.com\/es\/wp-json\/wp\/v2\/comments?post=224292"}],"version-history":[{"count":3,"href":"https:\/\/www.ferrovial.com\/es\/wp-json\/wp\/v2\/pages\/224292\/revisions"}],"predecessor-version":[{"id":271439,"href":"https:\/\/www.ferrovial.com\/es\/wp-json\/wp\/v2\/pages\/224292\/revisions\/271439"}],"up":[{"embeddable":true,"href":"https:\/\/www.ferrovial.com\/es\/wp-json\/wp\/v2\/pages\/196211"}],"wp:attachment":[{"href":"https:\/\/www.ferrovial.com\/es\/wp-json\/wp\/v2\/media?parent=224292"}],"curies":[{"name":"wp","href":"https:\/\/api.w.org\/{rel}","templated":true}]}}