{"id":224845,"date":"2022-06-06T13:42:42","date_gmt":"2022-06-06T11:42:42","guid":{"rendered":"https:\/\/www.ferrovial.com\/jose-manuel-ballester\/biografia\/"},"modified":"2022-06-15T12:28:25","modified_gmt":"2022-06-15T10:28:25","slug":"biografia","status":"publish","type":"page","link":"https:\/\/www.ferrovial.com\/es\/jose-manuel-ballester\/biografia\/","title":{"rendered":"Biograf\u00eda Jos\u00e9 Manuel Ballester"},"content":{"rendered":"    <m-hero type='single' :translations='{\n        &quot;play&quot;:&quot;Reproducir v\u00eddeo de fondo&quot;,\n        &quot;pause&quot;:&quot;Pausar v\u00eddeo de fondo&quot;,\n        &quot;prev&quot;:&quot;Anterior&quot;,\n        &quot;next&quot;:&quot;Siguiente&quot;,\n        &quot;paginationseparator&quot;:&quot;de&quot;,\n        &quot;goto&quot;:&quot;Ir al slide&quot;,\n        &quot;external&quot;:&quot;Abrir una nueva ventana&quot;\n    }'>\n        \n                        <div slot=\"carouselItem\">\n                            <c-background-image>\n                                <picture>\n                                                                            <source media=\"(max-width: 667px)\" srcset=\"https:\/\/static.ferrovial.com\/wp-content\/uploads\/2020\/12\/13121406\/jmb-palacio-cristal-pcr-eos-5d-markiv-201906021054130003-1-600x800.jpg\">\n                                                                                                                <source media=\"(max-width: 1023px)\" srcset=\"https:\/\/static.ferrovial.com\/wp-content\/uploads\/2020\/12\/13121406\/jmb-palacio-cristal-pcr-eos-5d-markiv-201906021054130003-1-1280x720.jpg\">\n                                    \n                                    <img decoding=\"async\" src=\"https:\/\/static.ferrovial.com\/wp-content\/uploads\/2020\/12\/13121406\/jmb-palacio-cristal-pcr-eos-5d-markiv-201906021054130003-1-1920x1080.jpg\" alt=\"\" style=\"object-position: center center;\">\n                                <\/picture>\n                            <\/c-background-image>\n                        <\/div>        <section slot=\"hero\">\n            <article>\n                                        <h1>El artista<\/h1>\n                                                <p>Descripci\u00f3n por defecto<\/p>\n                                    <\/article>\n        <\/section>\n    <\/m-hero>\n\n    \n\n\n<m-wysiwig negative id=\"wysiwyg\" class=\"wp-block-components-wysiwyg\"><div slot=\"maincontent\">\n<h2 class=\"wp-block-heading\">Jos\u00e9 Manuel Ballester (Madrid, 1960)<\/h2>\n\n\n\n<p>Pintor y fot\u00f3grafo, licenciado en Bellas Artes en 1984 por la Universidad Complutense de Madrid, recibi\u00f3 el Premio Nacional de Fotograf\u00eda 2010. Su carrera art\u00edstica se inici\u00f3 en la pintura, con especial inter\u00e9s por la t\u00e9cnica de las escuelas italiana y flamenca de los siglos XV y XVIII. A partir de 1990, empez\u00f3 a conjugar pintura y fotograf\u00eda. De entre sus numerosas exposiciones destacamos Setting Out (Nueva York, 2003), Habitaci\u00f3n 523 (Museo Nacional Centro de Arte Reina Sof\u00eda, Madrid, 2005) y Espacios ocultos (Real Academia de Espa\u00f1a en Roma, 2012). De forma colectiva ha expuesto en numerosas ocasiones en Arco, Art Chicago, Art Forum Alemania, Paris Photo y Art Miami, y en ciudades como Dallas, Par\u00eds, Miami, S\u00e3o Paulo, Dub\u00e1i, Pek\u00edn, Shangh\u00e1i y Toronto, entre otras muchas.<\/p>\n\n\n\n<p>Galardonado con el Premio Nacional de Grabado en 1999, el premio Goya de Pintura Villa de Madrid en 2006, y el Premio de Fotograf\u00eda de la Comunidad de Madrid en 2008. En noviembre de 2010 le fue otorgado el Premio Nacional de Fotograf\u00eda por el Ministerio de Cultura. El jurado le concedi\u00f3 el premio por mayor\u00eda por su trayectoria personal, por su singular interpretaci\u00f3n del espacio arquitect\u00f3nico y de la luz, y por una destacada renovaci\u00f3n en las t\u00e9cnicas fotogr\u00e1ficas.<\/p>\n\n\n\n<p>Completa la informaci\u00f3n del artista <a href=\"https:\/\/www.josemanuelballester.com\/\" target=\"_blank\" rel=\"noreferrer noopener\">aqu\u00ed<\/a>. <\/p>\n<\/div><\/m-wysiwig>\n","protected":false},"excerpt":{"rendered":"","protected":false},"featured_media":0,"parent":196211,"menu_order":0,"comment_status":"closed","ping_status":"closed","template":"template-ballester.php","meta":{"_acf_changed":false,"footnotes":""},"class_list":["post-224845","page","type-page","status-publish","hentry"],"acf":[],"yoast_head":"<!-- This site is optimized with the Yoast SEO plugin v27.2 - https:\/\/yoast.com\/product\/yoast-seo-wordpress\/ -->\n<title>Biograf\u00eda Jos\u00e9 Manuel Ballester - Ferrovial<\/title>\n<meta name=\"description\" content=\"Welcome to the Ferrovial&#039;s website, global operator of sustainable infrastructure. Here you can find all the information about the company and subsidiaries.\" \/>\n<meta name=\"robots\" content=\"index, follow, max-snippet:-1, max-image-preview:large, max-video-preview:-1\" \/>\n<link rel=\"canonical\" href=\"https:\/\/www.ferrovial.com\/es\/jose-manuel-ballester\/biografia\/\" \/>\n<meta property=\"og:locale\" content=\"es_ES\" \/>\n<meta property=\"og:type\" content=\"article\" \/>\n<meta property=\"og:title\" content=\"Biograf\u00eda Jos\u00e9 Manuel Ballester - Ferrovial\" \/>\n<meta property=\"og:description\" content=\"Welcome to the Ferrovial&#039;s website, global operator of sustainable infrastructure. Here you can find all the information about the company and subsidiaries.\" \/>\n<meta property=\"og:url\" content=\"https:\/\/www.ferrovial.com\/es\/jose-manuel-ballester\/biografia\/\" \/>\n<meta property=\"og:site_name\" content=\"Ferrovial\" \/>\n<meta property=\"article:publisher\" content=\"https:\/\/www.facebook.com\/ferrovial\" \/>\n<meta property=\"article:modified_time\" content=\"2022-06-15T10:28:25+00:00\" \/>\n<meta name=\"twitter:card\" content=\"summary_large_image\" \/>\n<meta name=\"twitter:site\" content=\"@ferrovial\" \/>\n<meta name=\"twitter:label1\" content=\"Est. reading time\" \/>\n\t<meta name=\"twitter:data1\" content=\"1 minuto\" \/>\n<!-- \/ Yoast SEO plugin. -->","yoast_head_json":{"title":"Biograf\u00eda Jos\u00e9 Manuel Ballester - Ferrovial","description":"Welcome to the Ferrovial's website, global operator of sustainable infrastructure. Here you can find all the information about the company and subsidiaries.","robots":{"index":"index","follow":"follow","max-snippet":"max-snippet:-1","max-image-preview":"max-image-preview:large","max-video-preview":"max-video-preview:-1"},"canonical":"https:\/\/www.ferrovial.com\/es\/jose-manuel-ballester\/biografia\/","og_locale":"es_ES","og_type":"article","og_title":"Biograf\u00eda Jos\u00e9 Manuel Ballester - Ferrovial","og_description":"Welcome to the Ferrovial's website, global operator of sustainable infrastructure. Here you can find all the information about the company and subsidiaries.","og_url":"https:\/\/www.ferrovial.com\/es\/jose-manuel-ballester\/biografia\/","og_site_name":"Ferrovial","article_publisher":"https:\/\/www.facebook.com\/ferrovial","article_modified_time":"2022-06-15T10:28:25+00:00","twitter_card":"summary_large_image","twitter_site":"@ferrovial","twitter_misc":{"Est. reading time":"1 minuto"},"schema":{"@context":"https:\/\/schema.org","@graph":[{"@type":"WebPage","@id":"https:\/\/www.ferrovial.com\/es\/jose-manuel-ballester\/biografia\/","url":"https:\/\/www.ferrovial.com\/es\/jose-manuel-ballester\/biografia\/","name":"Biograf\u00eda Jos\u00e9 Manuel Ballester - Ferrovial","isPartOf":{"@id":"https:\/\/www.ferrovial.com\/es\/#website"},"datePublished":"2022-06-06T11:42:42+00:00","dateModified":"2022-06-15T10:28:25+00:00","description":"Welcome to the Ferrovial's website, global operator of sustainable infrastructure. Here you can find all the information about the company and subsidiaries.","breadcrumb":{"@id":"https:\/\/www.ferrovial.com\/es\/jose-manuel-ballester\/biografia\/#breadcrumb"},"inLanguage":"es","potentialAction":[{"@type":"ReadAction","target":["https:\/\/www.ferrovial.com\/es\/jose-manuel-ballester\/biografia\/"]}]},{"@type":"BreadcrumbList","@id":"https:\/\/www.ferrovial.com\/es\/jose-manuel-ballester\/biografia\/#breadcrumb","itemListElement":[{"@type":"ListItem","position":1,"name":"Portada","item":"https:\/\/www.ferrovial.com\/es\/"},{"@type":"ListItem","position":2,"name":"Jos\u00e9 Manuel Ballester","item":"https:\/\/www.ferrovial.com\/es\/jose-manuel-ballester\/"},{"@type":"ListItem","position":3,"name":"Biograf\u00eda Jos\u00e9 Manuel Ballester"}]},{"@type":"WebSite","@id":"https:\/\/www.ferrovial.com\/es\/#website","url":"https:\/\/www.ferrovial.com\/es\/","name":"Ferrovial","description":"Welcome to the Ferrovial&#039;s website, global operator of sustainable infrastructure. Here you can find all the information about the company and subsidiaries.","publisher":{"@id":"https:\/\/www.ferrovial.com\/es\/#organization"},"potentialAction":[{"@type":"SearchAction","target":{"@type":"EntryPoint","urlTemplate":"https:\/\/www.ferrovial.com\/es\/?s={search_term_string}"},"query-input":{"@type":"PropertyValueSpecification","valueRequired":true,"valueName":"search_term_string"}}],"inLanguage":"es"},{"@type":"Organization","@id":"https:\/\/www.ferrovial.com\/es\/#organization","name":"Ferrovial S.A.","url":"https:\/\/www.ferrovial.com\/es\/","logo":{"@type":"ImageObject","inLanguage":"es","@id":"https:\/\/www.ferrovial.com\/es\/#\/schema\/logo\/image\/","url":"https:\/\/static.ferrovial.com\/wp-content\/uploads\/2020\/01\/13124948\/logo-ferrovial-cf7.png","contentUrl":"https:\/\/static.ferrovial.com\/wp-content\/uploads\/2020\/01\/13124948\/logo-ferrovial-cf7.png","width":144,"height":32,"caption":"Ferrovial S.A."},"image":{"@id":"https:\/\/www.ferrovial.com\/es\/#\/schema\/logo\/image\/"},"sameAs":["https:\/\/www.facebook.com\/ferrovial","https:\/\/x.com\/ferrovial","https:\/\/www.instagram.com\/ferrovial\/","https:\/\/www.linkedin.com\/company\/ferrovial","https:\/\/www.pinterest.es\/ferrovial\/","https:\/\/www.youtube.com\/ferrovial","https:\/\/en.wikipedia.org\/wiki\/Ferrovial"]}]}},"_links":{"self":[{"href":"https:\/\/www.ferrovial.com\/es\/wp-json\/wp\/v2\/pages\/224845","targetHints":{"allow":["GET"]}}],"collection":[{"href":"https:\/\/www.ferrovial.com\/es\/wp-json\/wp\/v2\/pages"}],"about":[{"href":"https:\/\/www.ferrovial.com\/es\/wp-json\/wp\/v2\/types\/page"}],"replies":[{"embeddable":true,"href":"https:\/\/www.ferrovial.com\/es\/wp-json\/wp\/v2\/comments?post=224845"}],"version-history":[{"count":2,"href":"https:\/\/www.ferrovial.com\/es\/wp-json\/wp\/v2\/pages\/224845\/revisions"}],"predecessor-version":[{"id":226922,"href":"https:\/\/www.ferrovial.com\/es\/wp-json\/wp\/v2\/pages\/224845\/revisions\/226922"}],"up":[{"embeddable":true,"href":"https:\/\/www.ferrovial.com\/es\/wp-json\/wp\/v2\/pages\/196211"}],"wp:attachment":[{"href":"https:\/\/www.ferrovial.com\/es\/wp-json\/wp\/v2\/media?parent=224845"}],"curies":[{"name":"wp","href":"https:\/\/api.w.org\/{rel}","templated":true}]}}