{"id":224868,"date":"2022-06-06T16:08:57","date_gmt":"2022-06-06T14:08:57","guid":{"rendered":"https:\/\/www.ferrovial.com\/?page_id=224868"},"modified":"2022-06-09T17:05:12","modified_gmt":"2022-06-09T15:05:12","slug":"puentes-y-viaductos","status":"publish","type":"page","link":"https:\/\/www.ferrovial.com\/es\/jose-manuel-ballester\/puentes-y-viaductos\/","title":{"rendered":"Puentes y viaductos &#8211; Jos\u00e9 Manuel Ballester"},"content":{"rendered":"    <m-final-content-header bgimage='https:\/\/static.ferrovial.com\/wp-content\/uploads\/2020\/11\/13121534\/pol-ostroda-phase-20190707122633086-1-1280x720.jpg'>\n            <c-breadcrumb label-text=\"Breadcrumb\" slot=\"breadcrumbs\" type='2' align='left' wrap='wrapped wrapped' aria-label='Vienes de Jos\u00e9 Manuel Ballester'>\n                        <ol>\n\n                                                            <li><a href=\"https:\/\/www.ferrovial.com\/es\/\" title=\"Ferrovial\">Ferrovial<\/a><\/li>\n                                                                        <li><a href=\"https:\/\/www.ferrovial.com\/es\/jose-manuel-ballester\/\" title=\"Jos\u00e9 Manuel Ballester\">Jos\u00e9 Manuel Ballester<\/a><\/li>\n                                    \n                <\/ol>\n\n                <\/c-breadcrumb>\n    \n        <div slot=\"header\">\n            <h1>\n                Puentes y viaductos            <\/h1>\n                    <\/div>\n    <\/m-final-content-header>\n\n    \n\n\n<m-wysiwig negative id=\"wysiwyg\" class=\"wp-block-components-wysiwyg\"><div slot=\"maincontent\">\n<p><iframe loading=\"lazy\" src=\"https:\/\/embed.acast.com\/6298d66ebccf320014519477\/62a1d635e55a0400144bc3d4?theme=light&amp;cover=false\" frameborder=\"0\" width=\"100%\" height=\"80px\"><\/iframe><\/p>\n<\/div><\/m-wysiwig>\n\n\n\n<m-wysiwig negative id=\"wysiwyg\" class=\"wp-block-components-wysiwyg\"><div slot=\"maincontent\">    <p class=\"intro\">Los puentes son la uni\u00f3n entre dos puntos.<\/p>\n    \n\n\n<p> De ser m\u00e1s espec\u00edficos, podr\u00edamos decir que constituyen un atajo, un v\u00ednculo entre comunidades, una gran obra de ingenier\u00eda o, incluso, un elemento del paisaje. Todas estas descripciones hacen de ellos una estructura clave para el transporte.<\/p>\n\n\n\n<p>Antes, su labor radicaba en salvar grandes distancias. Hoy, ante los retos a los que nos enfrentamos en el presente, podemos verla desde otro punto de vista: el de la sostenibilidad al garantizar una mayor fluidez del tr\u00e1fico. Ya sea atravesando volcanes, como el viaducto de Erques, en el Teide; sobre tierras de lagos, como el puente de Ostr\u00f3da, en Polonia, o recorriendo las l\u00edneas costeras en la autopista portuguesa, Norte Litoral. Estos viaductos se abren paso en el paisaje y nos conectan.<\/p>\n<\/div><\/m-wysiwig>\n\n\n    <m-projects-distributor2 :translations='{\n        &quot;prev&quot;:&quot;Anterior&quot;,\n        &quot;next&quot;:&quot;Siguiente&quot;,\n        &quot;paginationseparator&quot;:&quot;de&quot;\n    }' negative='negative'>\n                        <h2 slot=\"title\">\n                Conoce m\u00e1s sobre los puentes y viaductos                <\/h2>\n                        <a slot='button' title='Ver todos los proyectos' href='https:\/\/www.ferrovial.com\/es\/jose-manuel-ballester\/proyectos\/'>\n            Ver todos los proyectos        <\/a>\n\n            <\/m-projects-distributor2>\n\n    \n\n    <m-logotypes>\n                        <h3 slot=\"title\">\n                    Organiza                <\/h3>\n                \n                        <a slot='carouselItems' href='https:\/\/espacio.fundaciontelefonica.com\/evento\/creacion-en-movimiento-ferrovial-en-la-mirada-de-jose-manuel-ballester\/' target='_blank' rel='nofollow noopener noreferrer' title='logo fundacion telefonica'>\n                            <img v-lazy=\"'https:\/\/static.ferrovial.com\/wp-content\/uploads\/2022\/06\/07130046\/tef-fundacion-logo-rgb.png'\" alt=\"logo fundacion telefonica\" \/>\n                        <\/a>\n                            <\/m-logotypes>\n    ","protected":false},"excerpt":{"rendered":"","protected":false},"featured_media":0,"parent":196211,"menu_order":0,"comment_status":"closed","ping_status":"closed","template":"template-ballester.php","meta":{"_acf_changed":false,"footnotes":""},"class_list":["post-224868","page","type-page","status-publish","hentry"],"acf":[],"yoast_head":"<!-- This site is optimized with the Yoast SEO plugin v27.2 - https:\/\/yoast.com\/product\/yoast-seo-wordpress\/ -->\n<title>Puentes y viaductos - Jos\u00e9 Manuel Ballester - Ferrovial<\/title>\n<meta name=\"description\" content=\"Welcome to the Ferrovial&#039;s website, global operator of sustainable infrastructure. Here you can find all the information about the company and subsidiaries.\" \/>\n<meta name=\"robots\" content=\"index, follow, max-snippet:-1, max-image-preview:large, max-video-preview:-1\" \/>\n<link rel=\"canonical\" href=\"https:\/\/www.ferrovial.com\/es\/jose-manuel-ballester\/puentes-y-viaductos\/\" \/>\n<meta property=\"og:locale\" content=\"es_ES\" \/>\n<meta property=\"og:type\" content=\"article\" \/>\n<meta property=\"og:title\" content=\"Puentes y viaductos - Jos\u00e9 Manuel Ballester - Ferrovial\" \/>\n<meta property=\"og:description\" content=\"Welcome to the Ferrovial&#039;s website, global operator of sustainable infrastructure. Here you can find all the information about the company and subsidiaries.\" \/>\n<meta property=\"og:url\" content=\"https:\/\/www.ferrovial.com\/es\/jose-manuel-ballester\/puentes-y-viaductos\/\" \/>\n<meta property=\"og:site_name\" content=\"Ferrovial\" \/>\n<meta property=\"article:publisher\" content=\"https:\/\/www.facebook.com\/ferrovial\" \/>\n<meta property=\"article:modified_time\" content=\"2022-06-09T15:05:12+00:00\" \/>\n<meta name=\"twitter:card\" content=\"summary_large_image\" \/>\n<meta name=\"twitter:site\" content=\"@ferrovial\" \/>\n<meta name=\"twitter:label1\" content=\"Est. reading time\" \/>\n\t<meta name=\"twitter:data1\" content=\"1 minuto\" \/>\n<!-- \/ Yoast SEO plugin. -->","yoast_head_json":{"title":"Puentes y viaductos - Jos\u00e9 Manuel Ballester - Ferrovial","description":"Welcome to the Ferrovial's website, global operator of sustainable infrastructure. Here you can find all the information about the company and subsidiaries.","robots":{"index":"index","follow":"follow","max-snippet":"max-snippet:-1","max-image-preview":"max-image-preview:large","max-video-preview":"max-video-preview:-1"},"canonical":"https:\/\/www.ferrovial.com\/es\/jose-manuel-ballester\/puentes-y-viaductos\/","og_locale":"es_ES","og_type":"article","og_title":"Puentes y viaductos - Jos\u00e9 Manuel Ballester - Ferrovial","og_description":"Welcome to the Ferrovial's website, global operator of sustainable infrastructure. Here you can find all the information about the company and subsidiaries.","og_url":"https:\/\/www.ferrovial.com\/es\/jose-manuel-ballester\/puentes-y-viaductos\/","og_site_name":"Ferrovial","article_publisher":"https:\/\/www.facebook.com\/ferrovial","article_modified_time":"2022-06-09T15:05:12+00:00","twitter_card":"summary_large_image","twitter_site":"@ferrovial","twitter_misc":{"Est. reading time":"1 minuto"},"schema":{"@context":"https:\/\/schema.org","@graph":[{"@type":"WebPage","@id":"https:\/\/www.ferrovial.com\/es\/jose-manuel-ballester\/puentes-y-viaductos\/","url":"https:\/\/www.ferrovial.com\/es\/jose-manuel-ballester\/puentes-y-viaductos\/","name":"Puentes y viaductos - Jos\u00e9 Manuel Ballester - Ferrovial","isPartOf":{"@id":"https:\/\/www.ferrovial.com\/es\/#website"},"datePublished":"2022-06-06T14:08:57+00:00","dateModified":"2022-06-09T15:05:12+00:00","description":"Welcome to the Ferrovial's website, global operator of sustainable infrastructure. Here you can find all the information about the company and subsidiaries.","breadcrumb":{"@id":"https:\/\/www.ferrovial.com\/es\/jose-manuel-ballester\/puentes-y-viaductos\/#breadcrumb"},"inLanguage":"es","potentialAction":[{"@type":"ReadAction","target":["https:\/\/www.ferrovial.com\/es\/jose-manuel-ballester\/puentes-y-viaductos\/"]}]},{"@type":"BreadcrumbList","@id":"https:\/\/www.ferrovial.com\/es\/jose-manuel-ballester\/puentes-y-viaductos\/#breadcrumb","itemListElement":[{"@type":"ListItem","position":1,"name":"Portada","item":"https:\/\/www.ferrovial.com\/es\/"},{"@type":"ListItem","position":2,"name":"Jos\u00e9 Manuel Ballester","item":"https:\/\/www.ferrovial.com\/es\/jose-manuel-ballester\/"},{"@type":"ListItem","position":3,"name":"Puentes y viaductos &#8211; Jos\u00e9 Manuel Ballester"}]},{"@type":"WebSite","@id":"https:\/\/www.ferrovial.com\/es\/#website","url":"https:\/\/www.ferrovial.com\/es\/","name":"Ferrovial","description":"Welcome to the Ferrovial&#039;s website, global operator of sustainable infrastructure. Here you can find all the information about the company and subsidiaries.","publisher":{"@id":"https:\/\/www.ferrovial.com\/es\/#organization"},"potentialAction":[{"@type":"SearchAction","target":{"@type":"EntryPoint","urlTemplate":"https:\/\/www.ferrovial.com\/es\/?s={search_term_string}"},"query-input":{"@type":"PropertyValueSpecification","valueRequired":true,"valueName":"search_term_string"}}],"inLanguage":"es"},{"@type":"Organization","@id":"https:\/\/www.ferrovial.com\/es\/#organization","name":"Ferrovial S.A.","url":"https:\/\/www.ferrovial.com\/es\/","logo":{"@type":"ImageObject","inLanguage":"es","@id":"https:\/\/www.ferrovial.com\/es\/#\/schema\/logo\/image\/","url":"https:\/\/static.ferrovial.com\/wp-content\/uploads\/2020\/01\/13124948\/logo-ferrovial-cf7.png","contentUrl":"https:\/\/static.ferrovial.com\/wp-content\/uploads\/2020\/01\/13124948\/logo-ferrovial-cf7.png","width":144,"height":32,"caption":"Ferrovial S.A."},"image":{"@id":"https:\/\/www.ferrovial.com\/es\/#\/schema\/logo\/image\/"},"sameAs":["https:\/\/www.facebook.com\/ferrovial","https:\/\/x.com\/ferrovial","https:\/\/www.instagram.com\/ferrovial\/","https:\/\/www.linkedin.com\/company\/ferrovial","https:\/\/www.pinterest.es\/ferrovial\/","https:\/\/www.youtube.com\/ferrovial","https:\/\/en.wikipedia.org\/wiki\/Ferrovial"]}]}},"_links":{"self":[{"href":"https:\/\/www.ferrovial.com\/es\/wp-json\/wp\/v2\/pages\/224868","targetHints":{"allow":["GET"]}}],"collection":[{"href":"https:\/\/www.ferrovial.com\/es\/wp-json\/wp\/v2\/pages"}],"about":[{"href":"https:\/\/www.ferrovial.com\/es\/wp-json\/wp\/v2\/types\/page"}],"replies":[{"embeddable":true,"href":"https:\/\/www.ferrovial.com\/es\/wp-json\/wp\/v2\/comments?post=224868"}],"version-history":[{"count":2,"href":"https:\/\/www.ferrovial.com\/es\/wp-json\/wp\/v2\/pages\/224868\/revisions"}],"predecessor-version":[{"id":226342,"href":"https:\/\/www.ferrovial.com\/es\/wp-json\/wp\/v2\/pages\/224868\/revisions\/226342"}],"up":[{"embeddable":true,"href":"https:\/\/www.ferrovial.com\/es\/wp-json\/wp\/v2\/pages\/196211"}],"wp:attachment":[{"href":"https:\/\/www.ferrovial.com\/es\/wp-json\/wp\/v2\/media?parent=224868"}],"curies":[{"name":"wp","href":"https:\/\/api.w.org\/{rel}","templated":true}]}}