{"id":226841,"date":"2022-06-21T11:54:13","date_gmt":"2022-06-21T09:54:13","guid":{"rendered":"https:\/\/www.ferrovial.com\/?page_id=226841"},"modified":"2022-08-09T13:42:43","modified_gmt":"2022-08-09T11:42:43","slug":"sonidos-por-un-mundo-en-movimiento","status":"publish","type":"page","link":"https:\/\/www.ferrovial.com\/es\/sonidos-por-un-mundo-en-movimiento\/","title":{"rendered":"El sonido del mundo en movimiento"},"content":{"rendered":"    <m-hero type='reduced' :translations='{\n        &quot;play&quot;:&quot;Reproducir v\u00eddeo de fondo&quot;,\n        &quot;pause&quot;:&quot;Pausar v\u00eddeo de fondo&quot;,\n        &quot;prev&quot;:&quot;Anterior&quot;,\n        &quot;next&quot;:&quot;Siguiente&quot;,\n        &quot;paginationseparator&quot;:&quot;de&quot;,\n        &quot;goto&quot;:&quot;Ir al slide&quot;,\n        &quot;external&quot;:&quot;Abrir una nueva ventana&quot;\n    }'>\n        \n                        <div slot=\"carouselItem\">\n                            <c-background-video :sources=\"['https:\/\/static.ferrovial.com\/wp-content\/uploads\/2022\/06\/29122500\/sonidos-por-un-mundo-en-movimiento.mp4']\" position=\"center center\" poster=\"https:\/\/static.ferrovial.com\/wp-content\/uploads\/2019\/09\/13134314\/lbj-1.jpg\" :translations=\"{&quot;play&quot;:&quot;Reproducir v\u00eddeo de fondo&quot;,&quot;pause&quot;:&quot;Pausar v\u00eddeo de fondo&quot;}\"><\/c-background-video>\n                        <\/div>\n        <section slot=\"hero\">\n            <article>\n                                        <h1>\n                            El sonido del mundo en movimiento                        <\/h1>\n                                                <p>Descripci\u00f3n por defecto<\/p>\n                                    <\/article>\n        <\/section>\n    <\/m-hero>\n\n    \n\n\n<m-wysiwig class=\"wp-block-components-wysiwyg\"><div slot=\"maincontent\"><\/div><\/m-wysiwig>\n\n\n\n<m-wysiwig class=\"wp-block-components-wysiwyg\"><div slot=\"maincontent\">\n<h2 class=\"wp-block-heading\">Nuestra compa\u00f1\u00eda es invisible. Y as\u00ed debe ser. <\/h2>\n\n\n\n<p>Cuando las cosas funcionan bien nadie tiene que preguntarse \u201c\u00bfqui\u00e9n ha construido esto?\u201d o \u201c\u00bfc\u00f3mo lleg\u00f3 hasta aqu\u00ed?\u201d.\u00bfNo es maravilloso cuando todo funciona?<\/p>\n\n\n\n<p>Pero ,aunque seamos invisibles, creamos sonidos. Los sonidos que produce el movimiento.<\/p>\n\n\n\n<p>\u00bfC\u00f3mo suena el progreso? \u00bfla iniciativa? &nbsp;La aventura, la urgencia, la solidaridad, la innovaci\u00f3n\u2026<\/p>\n\n\n\n<h2 class=\"wp-block-heading\">Todo tiene su sonido. \u00bfLo escuchamos?<\/h2>\n<\/div><\/m-wysiwig>\n\n\n    <m-video fullwidth>\n                        <p slot=\"type\">\n                    Escucha el sonido del mundo en movimiento                 <\/p>\n                        <a class='m-video__modal' slot='modal' href='https:\/\/www.youtube-nocookie.com\/embed\/GMXYOh1ZoiI'>\n            <img slot=\"poster\" v-lazy=\"'https:\/\/static.ferrovial.com\/wp-content\/uploads\/2022\/06\/16171254\/ferrovial-the-sound-of-a-world-on-the-move-1400-1280x682.jpg'\" title=\"Escucha el sonido del mundo en movimiento \" width=\"1280\" height=\"100%\" >\n        <\/a>\n            <\/m-video>\n    \n\n    <m-introduction-subhome type='primary' pathfront='1' pathback='2' icon='gestion-instalaciones'>\n        <img decoding=\"async\" class=\"dots hidden\" slot=\"bg\" src=\"https:\/\/www.ferrovial.com\/wp-content\/themes\/global\/front\/dist\/static\/img\/dots.svg\" alt=\"\" \/>\n                        <h3 slot=\"title\">\n                    Por un mundo en movimiento                <\/h3>\n                                <p slot=\"description\">\n                    Nuestro objetivo es facilitar ese movimiento de forma sostenible. Para alcanzar como ciudadanos nuestras metas, las cotidianas y las vitales, necesitamos autopistas, aeropuertos, puentes, tecnolog\u00eda e innovaci\u00f3n.                <\/p>\n                    <\/m-introduction-subhome>\n    \n\n\n    <m-distributor-basic bgimg='https:\/\/static.ferrovial.com\/wp-content\/uploads\/2022\/02\/24225422\/35-tor-eos-5d-markiv-20190726140729511-1-1000px.jpg'>\n                        <h3 slot=\"title\">\n                    Infraestructuras en movimiento                 <\/h3>\n                                <p slot=\"text\">\n                    Conoce nuestras unidades de negocio y las infraestructuras sostenibles que mueven el mundo                 <\/p>\n                                    <c-button slot='cta' type='primary' disabled='false' href='#'>\n                        <span>Conocer las unidades de negocios<\/span>\n                                        <\/c-button>\n                    \n        \n\n    <\/m-distributor-basic>\n    \n\n    <m-projects-distributor2 :translations='{\n        &quot;prev&quot;:&quot;Anterior&quot;,\n        &quot;next&quot;:&quot;Siguiente&quot;,\n        &quot;paginationseparator&quot;:&quot;de&quot;\n    }'>\n                        <h2 slot=\"label\">\n                    Proyectos                <\/h2>\n                                <h3 slot=\"title\">\n                Nuestros proyectos por todo el mundo                <\/h3>\n                        <a slot='button' title='Conocer todos los proyectos' href='https:\/\/www.ferrovial.com\/es\/negocio\/proyectos\/'>\n            Conocer todos los proyectos        <\/a>\n\n            <\/m-projects-distributor2>\n\n    \n\n    <m-distributor-carousel-highlights :translations='{\n        &quot;paginationseparator&quot;:&quot;de&quot;,\n        &quot;next&quot;:&quot;Siguiente&quot;,\n        &quot;prev&quot;:&quot;Anterior&quot;\n    }'>\n                        <h3 slot=\"title\">\n                    C\u00f3mo creamos valor para la sociedad                <\/h3>\n                                    <div class=\"m-distributor-carousel-highlights__inner__viewport__wrapper\" slot=\"carouselItem\">\n                        <c-card class=\"m-distributor-carousel-highlights__inner__viewport__slide\" type=\"type-2\" link=\"\" target='_blank' >\n                                                                <h3 role=\"listitem\" slot=\"title\">Desarrollamos grandes proyectos<\/h3>\n                                                                        <p slot=\"description\">\n                                        Lorem ipsum                                    <\/p>\n                                                                        <c-masked-image path=\"3\" src='https:\/\/static.ferrovial.com\/wp-content\/uploads\/2021\/04\/03230816\/north-tarrant-segments-350x350.jpg' slot=\"image\">\n                                    <\/c-masked-image>\n                                                            <\/c-card>\n                    <\/div>\n                                        <div class=\"m-distributor-carousel-highlights__inner__viewport__wrapper\" slot=\"carouselItem\">\n                        <c-card class=\"m-distributor-carousel-highlights__inner__viewport__slide\" type=\"type-4\" link=\"\"  >\n                                                                <img decoding=\"async\" slot=\"background\" src=\"https:\/\/static.ferrovial.com\/wp-content\/uploads\/2021\/04\/12174216\/health-and-safety-blog-photo-640x360.jpg\" video=\"true\" height=\"100%\">\n                                                                        <h3 role=\"listitem\" slot=\"title\">Estrategia de Seguridad y Salud<\/h3>\n                                                                        <p slot=\"description\">\n                                        Lorem ipsum                                    <\/p>\n                                                            <\/c-card>\n                    <\/div>\n                                        <div class=\"m-distributor-carousel-highlights__inner__viewport__wrapper\" slot=\"carouselItem\">\n                        <c-card class=\"m-distributor-carousel-highlights__inner__viewport__slide\" type=\"type-2\" link=\"\"  >\n                                                                <label slot=\"label\">Estrategia 2030<\/label>\n                                                                        <h3 role=\"listitem\" slot=\"title\">Estrategia de Sostenibilidad<\/h3>\n                                                                        <p slot=\"description\">\n                                        Lorem ipsum                                    <\/p>\n                                                                        <c-masked-image path=\"3\" src='https:\/\/static.ferrovial.com\/wp-content\/uploads\/2019\/12\/13131709\/ruta-del-cacao-tramo-acabado-350x350.png' slot=\"image\">\n                                    <\/c-masked-image>\n                                                            <\/c-card>\n                    <\/div>\n                        <\/m-distributor-carousel-highlights>\n    \n\n    <m-annual-report :whitetext='false' :gutenberg='true'>\n                        <p slot=\"cta\">\n                    Ver las cifras destacadas de Ferrovial en 2025                <\/p>\n                \n                        <c-button href='https:\/\/informeanualintegrado2025.ferrovial.com\/en\/' title='Accede al Informe Anual Integrado' slot='cta' disabled='false' type='ghost-positive-alt' target='_blank' rel='noopener' >\n                Accede al Informe Anual Integrado                <span class=\"sr-only\">Abrir en una nueva pesta\u00f1a<\/span>\n                                <\/c-button>\n                \n        \n            <ul slot=\"cypher\">\n\n                                            <li>\n                                \n                                <div>\n                                    <span><\/span><span >9627<\/span><span>M\u20ac<\/span>\n                                <\/div>\n\n                                                                        <span>\n                                            Ventas                                        <\/span>\n                                                                    <\/li>\n                                                    <li>\n                                \n                                <div>\n                                    <span><\/span><span >40606<\/span><span>M\u20ac<\/span>\n                                <\/div>\n\n                                                                        <span>\n                                            Capitalizaci\u00f3n                                         <\/span>\n                                                                    <\/li>\n                                                    <li>\n                                \n                                <div>\n                                    <span><\/span><span >5088<\/span><span>M\u20ac<\/span>\n                                <\/div>\n\n                                                                        <span>\n                                            Liquidez                                        <\/span>\n                                                                    <\/li>\n                                                    <li>\n                                \n                                <div>\n                                    <span><\/span><span >22609<\/span><span><\/span>\n                                <\/div>\n\n                                                                        <span>\n                                            Empleados                                        <\/span>\n                                                                    <\/li>\n                        \n            <\/ul>\n            <\/m-annual-report>\n\n    ","protected":false},"excerpt":{"rendered":"","protected":false},"featured_media":0,"parent":0,"menu_order":0,"comment_status":"closed","ping_status":"closed","template":"","meta":{"_acf_changed":false,"footnotes":""},"class_list":["post-226841","page","type-page","status-publish","hentry"],"acf":[],"yoast_head":"<!-- This site is optimized with the Yoast SEO plugin v27.2 - https:\/\/yoast.com\/product\/yoast-seo-wordpress\/ -->\n<title>El sonido del mundo en movimiento - Ferrovial<\/title>\n<meta name=\"description\" content=\"Welcome to the Ferrovial&#039;s website, global operator of sustainable infrastructure. Here you can find all the information about the company and subsidiaries.\" \/>\n<meta name=\"robots\" content=\"index, follow, max-snippet:-1, max-image-preview:large, max-video-preview:-1\" \/>\n<link rel=\"canonical\" href=\"https:\/\/www.ferrovial.com\/es\/sonidos-por-un-mundo-en-movimiento\/\" \/>\n<meta property=\"og:locale\" content=\"es_ES\" \/>\n<meta property=\"og:type\" content=\"article\" \/>\n<meta property=\"og:title\" content=\"El sonido del mundo en movimiento - Ferrovial\" \/>\n<meta property=\"og:description\" content=\"Welcome to the Ferrovial&#039;s website, global operator of sustainable infrastructure. Here you can find all the information about the company and subsidiaries.\" \/>\n<meta property=\"og:url\" content=\"https:\/\/www.ferrovial.com\/es\/sonidos-por-un-mundo-en-movimiento\/\" \/>\n<meta property=\"og:site_name\" content=\"Ferrovial\" \/>\n<meta property=\"article:publisher\" content=\"https:\/\/www.facebook.com\/ferrovial\" \/>\n<meta property=\"article:modified_time\" content=\"2022-08-09T11:42:43+00:00\" \/>\n<meta property=\"og:image\" content=\"https:\/\/www.ferrovial.com\/wp-content\/themes\/global\/front\/dist\/static\/img\/dots.svg\" \/>\n<meta name=\"twitter:card\" content=\"summary_large_image\" \/>\n<meta name=\"twitter:site\" content=\"@ferrovial\" \/>\n<meta name=\"twitter:label1\" content=\"Est. reading time\" \/>\n\t<meta name=\"twitter:data1\" content=\"1 minuto\" \/>\n<!-- \/ Yoast SEO plugin. -->","yoast_head_json":{"title":"El sonido del mundo en movimiento - Ferrovial","description":"Welcome to the Ferrovial's website, global operator of sustainable infrastructure. Here you can find all the information about the company and subsidiaries.","robots":{"index":"index","follow":"follow","max-snippet":"max-snippet:-1","max-image-preview":"max-image-preview:large","max-video-preview":"max-video-preview:-1"},"canonical":"https:\/\/www.ferrovial.com\/es\/sonidos-por-un-mundo-en-movimiento\/","og_locale":"es_ES","og_type":"article","og_title":"El sonido del mundo en movimiento - Ferrovial","og_description":"Welcome to the Ferrovial's website, global operator of sustainable infrastructure. Here you can find all the information about the company and subsidiaries.","og_url":"https:\/\/www.ferrovial.com\/es\/sonidos-por-un-mundo-en-movimiento\/","og_site_name":"Ferrovial","article_publisher":"https:\/\/www.facebook.com\/ferrovial","article_modified_time":"2022-08-09T11:42:43+00:00","og_image":[{"url":"https:\/\/www.ferrovial.com\/wp-content\/themes\/global\/front\/dist\/static\/img\/dots.svg","type":"","width":"","height":""}],"twitter_card":"summary_large_image","twitter_site":"@ferrovial","twitter_misc":{"Est. reading time":"1 minuto"},"schema":{"@context":"https:\/\/schema.org","@graph":[{"@type":"WebPage","@id":"https:\/\/www.ferrovial.com\/es\/sonidos-por-un-mundo-en-movimiento\/","url":"https:\/\/www.ferrovial.com\/es\/sonidos-por-un-mundo-en-movimiento\/","name":"El sonido del mundo en movimiento - Ferrovial","isPartOf":{"@id":"https:\/\/www.ferrovial.com\/es\/#website"},"primaryImageOfPage":{"@id":"https:\/\/www.ferrovial.com\/es\/sonidos-por-un-mundo-en-movimiento\/#primaryimage"},"image":{"@id":"https:\/\/www.ferrovial.com\/es\/sonidos-por-un-mundo-en-movimiento\/#primaryimage"},"thumbnailUrl":"https:\/\/www.ferrovial.com\/wp-content\/themes\/global\/front\/dist\/static\/img\/dots.svg","datePublished":"2022-06-21T09:54:13+00:00","dateModified":"2022-08-09T11:42:43+00:00","description":"Welcome to the Ferrovial's website, global operator of sustainable infrastructure. Here you can find all the information about the company and subsidiaries.","breadcrumb":{"@id":"https:\/\/www.ferrovial.com\/es\/sonidos-por-un-mundo-en-movimiento\/#breadcrumb"},"inLanguage":"es","potentialAction":[{"@type":"ReadAction","target":["https:\/\/www.ferrovial.com\/es\/sonidos-por-un-mundo-en-movimiento\/"]}]},{"@type":"ImageObject","inLanguage":"es","@id":"https:\/\/www.ferrovial.com\/es\/sonidos-por-un-mundo-en-movimiento\/#primaryimage","url":"https:\/\/www.ferrovial.com\/wp-content\/themes\/global\/front\/dist\/static\/img\/dots.svg","contentUrl":"https:\/\/www.ferrovial.com\/wp-content\/themes\/global\/front\/dist\/static\/img\/dots.svg"},{"@type":"BreadcrumbList","@id":"https:\/\/www.ferrovial.com\/es\/sonidos-por-un-mundo-en-movimiento\/#breadcrumb","itemListElement":[{"@type":"ListItem","position":1,"name":"Portada","item":"https:\/\/www.ferrovial.com\/es\/"},{"@type":"ListItem","position":2,"name":"El sonido del mundo en movimiento"}]},{"@type":"WebSite","@id":"https:\/\/www.ferrovial.com\/es\/#website","url":"https:\/\/www.ferrovial.com\/es\/","name":"Ferrovial","description":"Welcome to the Ferrovial&#039;s website, global operator of sustainable infrastructure. Here you can find all the information about the company and subsidiaries.","publisher":{"@id":"https:\/\/www.ferrovial.com\/es\/#organization"},"potentialAction":[{"@type":"SearchAction","target":{"@type":"EntryPoint","urlTemplate":"https:\/\/www.ferrovial.com\/es\/?s={search_term_string}"},"query-input":{"@type":"PropertyValueSpecification","valueRequired":true,"valueName":"search_term_string"}}],"inLanguage":"es"},{"@type":"Organization","@id":"https:\/\/www.ferrovial.com\/es\/#organization","name":"Ferrovial S.A.","url":"https:\/\/www.ferrovial.com\/es\/","logo":{"@type":"ImageObject","inLanguage":"es","@id":"https:\/\/www.ferrovial.com\/es\/#\/schema\/logo\/image\/","url":"https:\/\/static.ferrovial.com\/wp-content\/uploads\/2020\/01\/13124948\/logo-ferrovial-cf7.png","contentUrl":"https:\/\/static.ferrovial.com\/wp-content\/uploads\/2020\/01\/13124948\/logo-ferrovial-cf7.png","width":144,"height":32,"caption":"Ferrovial S.A."},"image":{"@id":"https:\/\/www.ferrovial.com\/es\/#\/schema\/logo\/image\/"},"sameAs":["https:\/\/www.facebook.com\/ferrovial","https:\/\/x.com\/ferrovial","https:\/\/www.instagram.com\/ferrovial\/","https:\/\/www.linkedin.com\/company\/ferrovial","https:\/\/www.pinterest.es\/ferrovial\/","https:\/\/www.youtube.com\/ferrovial","https:\/\/en.wikipedia.org\/wiki\/Ferrovial"]}]}},"_links":{"self":[{"href":"https:\/\/www.ferrovial.com\/es\/wp-json\/wp\/v2\/pages\/226841","targetHints":{"allow":["GET"]}}],"collection":[{"href":"https:\/\/www.ferrovial.com\/es\/wp-json\/wp\/v2\/pages"}],"about":[{"href":"https:\/\/www.ferrovial.com\/es\/wp-json\/wp\/v2\/types\/page"}],"replies":[{"embeddable":true,"href":"https:\/\/www.ferrovial.com\/es\/wp-json\/wp\/v2\/comments?post=226841"}],"version-history":[{"count":2,"href":"https:\/\/www.ferrovial.com\/es\/wp-json\/wp\/v2\/pages\/226841\/revisions"}],"predecessor-version":[{"id":237097,"href":"https:\/\/www.ferrovial.com\/es\/wp-json\/wp\/v2\/pages\/226841\/revisions\/237097"}],"wp:attachment":[{"href":"https:\/\/www.ferrovial.com\/es\/wp-json\/wp\/v2\/media?parent=226841"}],"curies":[{"name":"wp","href":"https:\/\/api.w.org\/{rel}","templated":true}]}}