{"id":226850,"date":"2022-06-22T10:41:43","date_gmt":"2022-06-22T08:41:43","guid":{"rendered":"https:\/\/www.ferrovial.com\/?page_id=226850"},"modified":"2022-07-06T12:44:52","modified_gmt":"2022-07-06T10:44:52","slug":"por-un-mundo-en-movimiento-clientes","status":"publish","type":"page","link":"https:\/\/www.ferrovial.com\/es\/por-un-mundo-en-movimiento-clientes\/","title":{"rendered":"Por un Mundo en Movimiento para Nuestros Clientes"},"content":{"rendered":"\n    <m-hero-form bg='https:\/\/static.ferrovial.com\/wp-content\/uploads\/2020\/01\/13141107\/autopistas-407etr_toronto-canada.jpg' type='bgYellowImg'>\n                    <h2 slot=\"title\">\n                Juntos Trabajamos por un Mundo en Movimiento            <\/h2>\n        \n        \n                    <div slot=\"inputs\">\n                \n<div class=\"wpcf7 no-js\" id=\"wpcf7-f228147-o1\" lang=\"en\" dir=\"ltr\" data-wpcf7-id=\"228147\">\n<div class=\"screen-reader-response\"><p role=\"status\" aria-live=\"polite\" aria-atomic=\"true\"><\/p> <ul><\/ul><\/div>\n<form action=\"\/es\/wp-json\/wp\/v2\/pages\/226850#wpcf7-f228147-o1\" method=\"post\" class=\"wpcf7-form init\" aria-label=\"Contact form\" novalidate=\"novalidate\" data-status=\"init\">\n<fieldset class=\"hidden-fields-container\"><input type=\"hidden\" name=\"_wpcf7\" value=\"228147\" \/><input type=\"hidden\" name=\"_wpcf7_version\" value=\"6.1.3\" \/><input type=\"hidden\" name=\"_wpcf7_locale\" value=\"en\" \/><input type=\"hidden\" name=\"_wpcf7_unit_tag\" value=\"wpcf7-f228147-o1\" \/><input type=\"hidden\" name=\"_wpcf7_container_post\" value=\"0\" \/><input type=\"hidden\" name=\"_wpcf7_posted_data_hash\" value=\"\" \/><input type=\"hidden\" name=\"_wpcf7_recaptcha_response\" value=\"\" \/>\n<\/fieldset>\n<p><span class=\"wpcf7-form-control-wrap\" data-name=\"sm-name\"><input size=\"40\" maxlength=\"400\" class=\"wpcf7-form-control wpcf7-text wpcf7-validates-as-required input-long\" aria-required=\"true\" aria-invalid=\"false\" placeholder=\"Nombre y Apellido *\" value=\"\" type=\"text\" name=\"sm-name\" \/><\/span>\n<\/p>\n<p><span class=\"wpcf7-form-control-wrap\" data-name=\"sm-email\"><input size=\"40\" maxlength=\"400\" class=\"wpcf7-form-control wpcf7-email wpcf7-validates-as-required wpcf7-text wpcf7-validates-as-email input-long\" aria-required=\"true\" aria-invalid=\"false\" placeholder=\"E-mail *\" value=\"\" type=\"email\" name=\"sm-email\" \/><\/span>\n<\/p>\n<p><span class=\"wpcf7-form-control-wrap\" data-name=\"position\"><input size=\"40\" maxlength=\"400\" class=\"wpcf7-form-control wpcf7-text wpcf7-validates-as-required input-long\" aria-required=\"true\" aria-invalid=\"false\" placeholder=\"Puesto de trabajo*\" value=\"\" type=\"text\" name=\"position\" \/><\/span>\n<\/p>\n<p><span class=\"wpcf7-form-control-wrap\" data-name=\"sm-company\"><input size=\"40\" maxlength=\"400\" class=\"wpcf7-form-control wpcf7-text wpcf7-validates-as-required input-long\" aria-required=\"true\" aria-invalid=\"false\" placeholder=\"Organizaci\u00f3n \/ Instituci\u00f3n *\" value=\"\" type=\"text\" name=\"sm-company\" \/><\/span>\n<\/p>\n<p class=\"m-form-checkbox\"><span class=\"wpcf7-form-control-wrap\" data-name=\"check_legal\"><span class=\"wpcf7-form-control wpcf7-acceptance\"><span class=\"wpcf7-list-item\"><label><input type=\"checkbox\" name=\"check_legal\" value=\"1\" aria-invalid=\"false\" \/><span class=\"wpcf7-list-item-label\">Declaro haber le\u00eddo y accedido a la <a href=\"https:\/\/www.ferrovial.com\/es\/politica-de-privacidad\/\" target=\"_blank\">Pol\u00edtica de privacidad<\/a> de Ferrovial.<\/span><\/label><\/span><\/span><\/span>\n<\/p>\n<p class=\"m-form-checkbox\"><span class=\"wpcf7-form-control-wrap\" data-name=\"check_newsletter\"><span class=\"wpcf7-form-control wpcf7-acceptance optional\"><span class=\"wpcf7-list-item\"><label><input type=\"checkbox\" name=\"check_newsletter\" value=\"1\" aria-invalid=\"false\" \/><span class=\"wpcf7-list-item-label\">Consiento el tratamiento de mis datos personales para que Ferrovial me remita su newsletter, de conformidad con la <a href=\"https:\/\/www.ferrovial.com\/es\/politica-de-privacidad\/\" target=\"_blank\">Pol\u00edtica de privacidad<\/a>.<\/span><\/label><\/span><\/span><\/span>\n<\/p>\n<p style=\"display: flex;\"><input class=\"wpcf7-form-control wpcf7-submit has-spinner\" type=\"submit\" value=\"Enviar\" \/>\n<\/p>\n<p style=\"display: block; font-size: 11px;\">Responsable del tratamiento: Ferrovial S.A.U. | Finalidades: (i) contacto, por medios electr\u00f3nicos y no electr\u00f3nicos, para el env\u00edo de informaci\u00f3n sobre la actividad de Ferrovial; (ii) remisi\u00f3n por medios electr\u00f3nicos de la newsletter de Ferrovial | Derechos: acceso, rectificaci\u00f3n, supresi\u00f3n, portabilidad, limitaci\u00f3n de y oposici\u00f3n al tratamiento, as\u00ed como a retirar el consentimiento | M\u00e1s informaci\u00f3n y c\u00f3mo ejercer los derechos: accediendo a nuestra <a href=\"https:\/\/www.ferrovial.com\/es\/politica-de-privacidad\/\" target=\"_blank\">Pol\u00edtica de privacidad<\/a> y\/o contactando con Ferrovial en la direcci\u00f3n <a href=\"mailto:dpd@ferrovial.com\">dpd@ferrovial.com<\/a> |Legitimaci\u00f3n: Ambas finalidades se basan en el consentimiento del interesado. El consentimiento para la finalidad (i) se otorga por medio de la remisi\u00f3n del presente formulario, a modo de clara acci\u00f3n afirmativa, y para la finalidad (ii) marcando la casilla habilitada a tal efecto.\n<\/p>\n<p style=\"display: none;\"><span class=\"wpcf7-form-control-wrap\" data-name=\"sm-optin\"><span class=\"wpcf7-form-control wpcf7-checkbox wpcf7-exclusive-checkbox\"><span class=\"wpcf7-list-item first last\"><label><input type=\"checkbox\" name=\"sm-optin\" value=\"1\" checked=\"checked\" \/><span class=\"wpcf7-list-item-label\">1<\/span><\/label><\/span><\/span><\/span>\n<\/p><div class=\"wpcf7-response-output\" aria-hidden=\"true\"><\/div>\n<\/form>\n<\/div>\n            <\/div>\n            <\/m-hero-form>\n\n    \n\n    <m-introduction-subhome type='primary' pathfront='1' pathback='2' icon='gestion-instalaciones'>\n        <img decoding=\"async\" class=\"dots hidden\" slot=\"bg\" src=\"https:\/\/www.ferrovial.com\/wp-content\/themes\/global\/front\/dist\/static\/img\/dots.svg\" alt=\"\" \/>\n                        <p slot=\"description\">\n                    \u00bfC\u00f3mo llamamos a esas personas para las que trabajamos cada d\u00eda? \u00bfQu\u00e9 palabra nos viene a la cabeza cuando pensamos en ellas?\n                <\/p>\n                    <\/m-introduction-subhome>\n    \n\n\n<m-wysiwig class=\"wp-block-components-wysiwyg\"><div slot=\"maincontent\">\n<p>Ciudadanos, votantes, p\u00fablico, poblaci\u00f3n, habitantes, personas, individuos, espectadores, usuarios\u2026.<\/p>\n\n\n\n<p>Pero, en pleno siglo XXI hay una denominaci\u00f3n que quiz\u00e1s se ajuste m\u00e1s a la realidad que estamos viviendo :<\/p>\n\n\n\n<h2 class=\"has-text-align-center wp-block-heading\">Viajeros<\/h2>\n\n\n\n<p>Las personas hoy est\u00e1n en constante movimiento.&nbsp; Persiguen el ocio, las&nbsp; oportunidades, los sue\u00f1os\u2026<\/p>\n\n\n\n<p>Se mueven por ambici\u00f3n, placer, curiosidad, amor, solidaridad, necesidad \u2026.<\/p>\n\n\n\n<p class=\"has-text-align-center\"><strong>&nbsp;As\u00ed es el mundo hoy. Un mundo en movimiento.<\/strong><\/p>\n<\/div><\/m-wysiwig>\n\n\n    <m-projects-distributor2 :translations='{\n        &quot;prev&quot;:&quot;Anterior&quot;,\n        &quot;next&quot;:&quot;Siguiente&quot;,\n        &quot;paginationseparator&quot;:&quot;de&quot;\n    }'>\n                        <h2 slot=\"label\">\n                    Proyectos                <\/h2>\n                                <h3 slot=\"title\">\n                Nuestros proyectos por todo el mundo                <\/h3>\n                        <a slot='button' title='Conocer todos los proyectos' href='https:\/\/www.ferrovial.com\/es-es\/negocio\/proyectos\/'>\n            Conocer todos los proyectos        <\/a>\n\n            <\/m-projects-distributor2>\n\n    \n\n    <m-introduction-subhome type='primary' pathfront='1' pathback='2' icon='mobility'>\n        <img decoding=\"async\" class=\"dots hidden\" slot=\"bg\" src=\"https:\/\/www.ferrovial.com\/wp-content\/themes\/global\/front\/dist\/static\/img\/dots.svg\" alt=\"\" \/>\n                        <h3 slot=\"title\">\n                    Todos nos movemos desde  a  hasta  b.                 <\/h3>\n                                <p slot=\"description\">\n                    Cotidianamente.  Como forma de vida.                <\/p>\n                    <\/m-introduction-subhome>\n    \n\n        <m-map type=\"countries\" bl-default-text=\"All business lines\" :zoom=\"2.2\" :center=\"{lat: 26, lng: 0}\" :filter=\"false\" >\n                                <h2 class=\"\" slot=\"title\">\n                        Our Presence in the World                    <\/h2>\n                                        <div slot='country' data-iso='ES' data-bl='Sin categoria'>\n                                                        <h3>\n                                    Espa\u00f1a                                <\/h3>\n                                                    <\/div>\n                                        <div slot='country' data-iso='US' data-bl='Sin categoria'>\n                                                        <h3>\n                                    Estados Unidos                                <\/h3>\n                                                    <\/div>\n                                        <div slot='country' data-iso='CA' data-bl='Sin categoria'>\n                                                        <h3>\n                                    Canada                                <\/h3>\n                                                    <\/div>\n                                        <div slot='country' data-iso='CO' data-bl='Sin categoria'>\n                                                        <h3>\n                                    Colombia                                <\/h3>\n                                                    <\/div>\n                                        <div slot='country' data-iso='GB' data-bl='Sin categoria'>\n                                                        <h3>\n                                    Reino Unido                                <\/h3>\n                                                    <\/div>\n                                        <div slot='country' data-iso='PT' data-bl='Sin categoria'>\n                                                        <h3>\n                                    Portugal                                <\/h3>\n                                                    <\/div>\n                                        <div slot='country' data-iso='SK' data-bl='Sin categoria'>\n                                                        <h3>\n                                    Eslovaquia                                <\/h3>\n                                                    <\/div>\n                                        <div slot='country' data-iso='AU' data-bl='Sin categoria'>\n                                                        <h3>\n                                    Australia                                <\/h3>\n                                                    <\/div>\n                                        <div slot='country' data-iso='IN' data-bl='Sin categoria'>\n                                                        <h3>\n                                    India                                <\/h3>\n                                                    <\/div>\n                            <\/m-map>\n        \n\n\n<p><\/p>\n\n\n    <m-annual-report :whitetext='false' :gutenberg='true'>\n                        <p slot=\"cta\">\n                    Ver las cifras destacadas de Ferrovial en 2025                <\/p>\n                \n                        <c-button href='https:\/\/informeanualintegrado2025.ferrovial.com\/en\/' title='Accede al Informe Anual Integrado' slot='cta' disabled='false' type='ghost-positive-alt' target='_blank' rel='noopener' >\n                Accede al Informe Anual Integrado                <span class=\"sr-only\">Abrir en una nueva pesta\u00f1a<\/span>\n                                <\/c-button>\n                \n        \n            <ul slot=\"cypher\">\n\n                                            <li>\n                                \n                                <div>\n                                    <span><\/span><span >9627<\/span><span>M\u20ac<\/span>\n                                <\/div>\n\n                                                                        <span>\n                                            Ventas                                        <\/span>\n                                                                    <\/li>\n                                                    <li>\n                                \n                                <div>\n                                    <span><\/span><span >40606<\/span><span>M\u20ac<\/span>\n                                <\/div>\n\n                                                                        <span>\n                                            Capitalizaci\u00f3n                                         <\/span>\n                                                                    <\/li>\n                                                    <li>\n                                \n                                <div>\n                                    <span><\/span><span >5088<\/span><span>M\u20ac<\/span>\n                                <\/div>\n\n                                                                        <span>\n                                            Liquidez                                        <\/span>\n                                                                    <\/li>\n                                                    <li>\n                                \n                                <div>\n                                    <span><\/span><span >22609<\/span><span><\/span>\n                                <\/div>\n\n                                                                        <span>\n                                            Empleados                                        <\/span>\n                                                                    <\/li>\n                        \n            <\/ul>\n            <\/m-annual-report>\n\n    ","protected":false},"excerpt":{"rendered":"","protected":false},"featured_media":0,"parent":0,"menu_order":0,"comment_status":"closed","ping_status":"closed","template":"","meta":{"_acf_changed":false,"footnotes":""},"class_list":["post-226850","page","type-page","status-publish","hentry"],"acf":[],"yoast_head":"<!-- This site is optimized with the Yoast SEO plugin v27.2 - https:\/\/yoast.com\/product\/yoast-seo-wordpress\/ -->\n<title>Por un Mundo en Movimiento para Nuestros Clientes - Ferrovial<\/title>\n<meta name=\"description\" content=\"Welcome to the Ferrovial&#039;s website, global operator of sustainable infrastructure. Here you can find all the information about the company and subsidiaries.\" \/>\n<meta name=\"robots\" content=\"index, follow, max-snippet:-1, max-image-preview:large, max-video-preview:-1\" \/>\n<link rel=\"canonical\" href=\"https:\/\/www.ferrovial.com\/es\/por-un-mundo-en-movimiento-clientes\/\" \/>\n<meta property=\"og:locale\" content=\"es_ES\" \/>\n<meta property=\"og:type\" content=\"article\" \/>\n<meta property=\"og:title\" content=\"Por un Mundo en Movimiento para Nuestros Clientes - Ferrovial\" \/>\n<meta property=\"og:description\" content=\"Welcome to the Ferrovial&#039;s website, global operator of sustainable infrastructure. Here you can find all the information about the company and subsidiaries.\" \/>\n<meta property=\"og:url\" content=\"https:\/\/www.ferrovial.com\/es\/por-un-mundo-en-movimiento-clientes\/\" \/>\n<meta property=\"og:site_name\" content=\"Ferrovial\" \/>\n<meta property=\"article:publisher\" content=\"https:\/\/www.facebook.com\/ferrovial\" \/>\n<meta property=\"article:modified_time\" content=\"2022-07-06T10:44:52+00:00\" \/>\n<meta property=\"og:image\" content=\"https:\/\/www.ferrovial.com\/wp-content\/themes\/global\/front\/dist\/static\/img\/dots.svg\" \/>\n<meta name=\"twitter:card\" content=\"summary_large_image\" \/>\n<meta name=\"twitter:site\" content=\"@ferrovial\" \/>\n<meta name=\"twitter:label1\" content=\"Est. reading time\" \/>\n\t<meta name=\"twitter:data1\" content=\"1 minuto\" \/>\n<!-- \/ Yoast SEO plugin. -->","yoast_head_json":{"title":"Por un Mundo en Movimiento para Nuestros Clientes - Ferrovial","description":"Welcome to the Ferrovial's website, global operator of sustainable infrastructure. Here you can find all the information about the company and subsidiaries.","robots":{"index":"index","follow":"follow","max-snippet":"max-snippet:-1","max-image-preview":"max-image-preview:large","max-video-preview":"max-video-preview:-1"},"canonical":"https:\/\/www.ferrovial.com\/es\/por-un-mundo-en-movimiento-clientes\/","og_locale":"es_ES","og_type":"article","og_title":"Por un Mundo en Movimiento para Nuestros Clientes - Ferrovial","og_description":"Welcome to the Ferrovial's website, global operator of sustainable infrastructure. Here you can find all the information about the company and subsidiaries.","og_url":"https:\/\/www.ferrovial.com\/es\/por-un-mundo-en-movimiento-clientes\/","og_site_name":"Ferrovial","article_publisher":"https:\/\/www.facebook.com\/ferrovial","article_modified_time":"2022-07-06T10:44:52+00:00","og_image":[{"url":"https:\/\/www.ferrovial.com\/wp-content\/themes\/global\/front\/dist\/static\/img\/dots.svg","type":"","width":"","height":""}],"twitter_card":"summary_large_image","twitter_site":"@ferrovial","twitter_misc":{"Est. reading time":"1 minuto"},"schema":{"@context":"https:\/\/schema.org","@graph":[{"@type":"WebPage","@id":"https:\/\/www.ferrovial.com\/es\/por-un-mundo-en-movimiento-clientes\/","url":"https:\/\/www.ferrovial.com\/es\/por-un-mundo-en-movimiento-clientes\/","name":"Por un Mundo en Movimiento para Nuestros Clientes - Ferrovial","isPartOf":{"@id":"https:\/\/www.ferrovial.com\/es\/#website"},"primaryImageOfPage":{"@id":"https:\/\/www.ferrovial.com\/es\/por-un-mundo-en-movimiento-clientes\/#primaryimage"},"image":{"@id":"https:\/\/www.ferrovial.com\/es\/por-un-mundo-en-movimiento-clientes\/#primaryimage"},"thumbnailUrl":"https:\/\/www.ferrovial.com\/wp-content\/themes\/global\/front\/dist\/static\/img\/dots.svg","datePublished":"2022-06-22T08:41:43+00:00","dateModified":"2022-07-06T10:44:52+00:00","description":"Welcome to the Ferrovial's website, global operator of sustainable infrastructure. Here you can find all the information about the company and subsidiaries.","breadcrumb":{"@id":"https:\/\/www.ferrovial.com\/es\/por-un-mundo-en-movimiento-clientes\/#breadcrumb"},"inLanguage":"es","potentialAction":[{"@type":"ReadAction","target":["https:\/\/www.ferrovial.com\/es\/por-un-mundo-en-movimiento-clientes\/"]}]},{"@type":"ImageObject","inLanguage":"es","@id":"https:\/\/www.ferrovial.com\/es\/por-un-mundo-en-movimiento-clientes\/#primaryimage","url":"https:\/\/www.ferrovial.com\/wp-content\/themes\/global\/front\/dist\/static\/img\/dots.svg","contentUrl":"https:\/\/www.ferrovial.com\/wp-content\/themes\/global\/front\/dist\/static\/img\/dots.svg"},{"@type":"BreadcrumbList","@id":"https:\/\/www.ferrovial.com\/es\/por-un-mundo-en-movimiento-clientes\/#breadcrumb","itemListElement":[{"@type":"ListItem","position":1,"name":"Portada","item":"https:\/\/www.ferrovial.com\/es\/"},{"@type":"ListItem","position":2,"name":"Por un Mundo en Movimiento para Nuestros Clientes"}]},{"@type":"WebSite","@id":"https:\/\/www.ferrovial.com\/es\/#website","url":"https:\/\/www.ferrovial.com\/es\/","name":"Ferrovial","description":"Welcome to the Ferrovial&#039;s website, global operator of sustainable infrastructure. Here you can find all the information about the company and subsidiaries.","publisher":{"@id":"https:\/\/www.ferrovial.com\/es\/#organization"},"potentialAction":[{"@type":"SearchAction","target":{"@type":"EntryPoint","urlTemplate":"https:\/\/www.ferrovial.com\/es\/?s={search_term_string}"},"query-input":{"@type":"PropertyValueSpecification","valueRequired":true,"valueName":"search_term_string"}}],"inLanguage":"es"},{"@type":"Organization","@id":"https:\/\/www.ferrovial.com\/es\/#organization","name":"Ferrovial S.A.","url":"https:\/\/www.ferrovial.com\/es\/","logo":{"@type":"ImageObject","inLanguage":"es","@id":"https:\/\/www.ferrovial.com\/es\/#\/schema\/logo\/image\/","url":"https:\/\/static.ferrovial.com\/wp-content\/uploads\/2020\/01\/13124948\/logo-ferrovial-cf7.png","contentUrl":"https:\/\/static.ferrovial.com\/wp-content\/uploads\/2020\/01\/13124948\/logo-ferrovial-cf7.png","width":144,"height":32,"caption":"Ferrovial S.A."},"image":{"@id":"https:\/\/www.ferrovial.com\/es\/#\/schema\/logo\/image\/"},"sameAs":["https:\/\/www.facebook.com\/ferrovial","https:\/\/x.com\/ferrovial","https:\/\/www.instagram.com\/ferrovial\/","https:\/\/www.linkedin.com\/company\/ferrovial","https:\/\/www.pinterest.es\/ferrovial\/","https:\/\/www.youtube.com\/ferrovial","https:\/\/en.wikipedia.org\/wiki\/Ferrovial"]}]}},"_links":{"self":[{"href":"https:\/\/www.ferrovial.com\/es\/wp-json\/wp\/v2\/pages\/226850","targetHints":{"allow":["GET"]}}],"collection":[{"href":"https:\/\/www.ferrovial.com\/es\/wp-json\/wp\/v2\/pages"}],"about":[{"href":"https:\/\/www.ferrovial.com\/es\/wp-json\/wp\/v2\/types\/page"}],"replies":[{"embeddable":true,"href":"https:\/\/www.ferrovial.com\/es\/wp-json\/wp\/v2\/comments?post=226850"}],"version-history":[{"count":2,"href":"https:\/\/www.ferrovial.com\/es\/wp-json\/wp\/v2\/pages\/226850\/revisions"}],"predecessor-version":[{"id":228152,"href":"https:\/\/www.ferrovial.com\/es\/wp-json\/wp\/v2\/pages\/226850\/revisions\/228152"}],"wp:attachment":[{"href":"https:\/\/www.ferrovial.com\/es\/wp-json\/wp\/v2\/media?parent=226850"}],"curies":[{"name":"wp","href":"https:\/\/api.w.org\/{rel}","templated":true}]}}