{"id":228279,"date":"2022-07-08T08:12:03","date_gmt":"2022-07-08T06:12:03","guid":{"rendered":"https:\/\/www.ferrovial.com\/?page_id=228279"},"modified":"2025-06-25T18:37:58","modified_gmt":"2025-06-25T16:37:58","slug":"que-es-stem","status":"publish","type":"page","link":"https:\/\/www.ferrovial.com\/es\/stem\/que-es-stem\/","title":{"rendered":"\u00bfQu\u00e9 es STEM?"},"content":{"rendered":"    <m-final-content-header >\n            <c-breadcrumb label-text=\"Breadcrumb\" slot=\"breadcrumbs\" type='2' align='left' wrap='wrapped wrapped' aria-label='Vienes de STEM'>\n                        <ol>\n\n                                                            <li><a href=\"https:\/\/www.ferrovial.com\/es\/\" title=\"Ferrovial\">Ferrovial<\/a><\/li>\n                                                                        <li><a href=\"https:\/\/www.ferrovial.com\/es\/stem\/\" title=\"STEM\">STEM<\/a><\/li>\n                                    \n                <\/ol>\n\n                <\/c-breadcrumb>\n    \n        <div slot=\"header\">\n            <h1>\n                \u00bfQu\u00e9 significa el t\u00e9rmino STEM?            <\/h1>\n                    <\/div>\n    <\/m-final-content-header>\n\n    \n\n\n<m-wysiwig class=\"wp-block-components-wysiwyg\"><div slot=\"maincontent\">\n<p><script type=\"application\/ld+json\">\n{\n  \"@context\": \"https:\/\/schema.org\",\n  \"@type\": \"FAQPage\",\n  \"mainEntity\": [{\n    \"@type\": \"Question\",\n    \"name\": \"\u00bfQu\u00e9 significa el t\u00e9rmino STEM?\",\n    \"acceptedAnswer\": {\n      \"@type\": \"Answer\",\n      \"text\": \"STEM es el acr\u00f3nimo en ingl\u00e9s que hace referencia a Science, Technology, Engineering and Mathematics (ciencia, tecnolog\u00eda, ingenier\u00eda y matem\u00e1ticas), y que plantea la integraci\u00f3n interdisciplinaria de estas \u00e1reas de las ciencias en un contexto asociado a la ingenier\u00eda y la tecnolog\u00eda.\"\n    }\n  },{\n    \"@type\": \"Question\",\n    \"name\": \"\u00bfQu\u00e9 es la educaci\u00f3n STEM?\",\n    \"acceptedAnswer\": {\n      \"@type\": \"Answer\",\n      \"text\": \"La educaci\u00f3n STEM es una nueva corriente de ense\u00f1anza que propone entender las ciencias, las matem\u00e1ticas y la tecnolog\u00eda de manera integrada y transversal, con un enfoque te\u00f3rico para, posteriormente, aplicarlo en la pr\u00e1ctica en la resoluci\u00f3n de problemas.\nEl objetivo de esta metodolog\u00eda de estudio es dotar a las personas de competencias interdisciplinarias que le permitan el aprendizaje desde la experiencia, a \u00abaprender a aprender\u00bb, prepar\u00e1ndolas para un mundo cada vez m\u00e1s avanzado a nivel tecnol\u00f3gico. Adem\u00e1s, permite el desarrollo del pensamiento cr\u00edtico, la resoluci\u00f3n de problemas y la colaboraci\u00f3n interdisciplinaria.\nSus principios se diferencian de la ense\u00f1anza tradicional en cuanto a su enfoque eminentemente pr\u00e1ctico, alejado del aprendizaje te\u00f3rico, memor\u00edstico y repetitivo.\"\n    }\n  },{\n    \"@type\": \"Question\",\n    \"name\": \"\u00bfCu\u00e1les son los principios de la metodolog\u00eda STEM?\",\n    \"acceptedAnswer\": {\n      \"@type\": \"Answer\",\n      \"text\": \"La metodolog\u00eda STEM est\u00e1 basada en los cuatro principios de ciencia, tecnolog\u00eda, ingenier\u00eda y matem\u00e1ticas, y plantea lecciones enfocadas en:\n<ol>\n<li>El trabajo en equipo<\/li>\n<li>Aplicaci\u00f3n al mundo real<\/li>\n<li>Aprendizaje mediante la investigaci\u00f3n y la experimentaci\u00f3n<\/li>\n<li>Promoci\u00f3n del liderazgo en relaci\u00f3n a la toma de decisiones<\/li>\n<li>Ense\u00f1anza en contexto<\/li>\n<li>Promoci\u00f3n de la creatividad<\/li>\n<\/ol>\"\n    }\n  },{\n    \"@type\": \"Question\",\n    \"name\": \"\u00bfCu\u00e1l es la relaci\u00f3n entre STEM y g\u00e9nero?\",\n    \"acceptedAnswer\": {\n      \"@type\": \"Answer\",\n      \"text\": \"Si bien la corriente STEM plantea fomentar esta metodolog\u00eda de estudio desde temprana edad, incentivando la curiosidad en ni\u00f1as y ni\u00f1os, en el campo laboral la brecha de g\u00e9nero sigue siendo una realidad. El n\u00famero de mujeres que se dedica al mundo cient\u00edfico y a la programaci\u00f3n es inferior al de los hombres: seg\u00fan un informe de las Naciones Unidas, solo un 30% de las mujeres estudian carreras STEM.\"\n    }\n  }]\n}\n<\/script><\/p>\n\n\n\n<p>Las bases del STEM se le atribuyen al matem\u00e1tico sudafricano <strong>Seymour Papet,<\/strong> que en los a\u00f1os ochenta construy\u00f3 Lego-Logo, un juguete con programaci\u00f3n incorporada. Una d\u00e9cada despu\u00e9s, el t\u00e9rmino fue acu\u00f1ado por la <strong><em>National Science Foundation<\/em> (NSF)<\/strong>, pero con un orden distinto en las siglas: SMET, y no fue sino hasta 2001 que las siglas se reorganizaron a STEM.&nbsp;<\/p>\n\n\n\n<p>El enfoque STEM, tanto a nivel acad\u00e9mico como profesional, tiene como objetivo la <strong>formaci\u00f3n e integraci\u00f3n de la sociedad en un mundo tecnol\u00f3gico cada vez m\u00e1s avanzado<\/strong>. A modo resumen:<\/p>\n\n\n\n<ul class=\"wp-block-list\">\n<li>S, de <em>science<\/em> (<em>ciencia<\/em>, en ingl\u00e9s), desarrolla competencias en un campo que trata problemas de <a href=\"https:\/\/www.ferrovial.com\/es\/recursos\/cambio-climatico\/\" target=\"_blank\" rel=\"noreferrer noopener\">cambio clim\u00e1tico<\/a>, medicina o calentamiento global.<\/li>\n\n\n\n<li>T, de <em>technology <\/em>(<em>tecnolog\u00eda<\/em>, en ingl\u00e9s), expresa la relaci\u00f3n del profesional con el campo tecnol\u00f3gico, que va desde el lenguaje program\u00e1tico hasta la <a href=\"https:\/\/www.ferrovial.com\/es\/recursos\/inteligencia-artificial\/\" target=\"_blank\" rel=\"noreferrer noopener\">Inteligencia Artificial<\/a>.&nbsp;<\/li>\n\n\n\n<li>E, de <em>engineering <\/em>(<em>ingenier\u00eda<\/em>, en ingl\u00e9s), plantea soluciones a nivel de infraestructura, dise\u00f1o de <a href=\"https:\/\/www.ferrovial.com\/es\/recursos\/smart-city\/\" target=\"_blank\" rel=\"noreferrer noopener\">ciudades inteligentes <\/a>e infraestructuras.<\/li>\n\n\n\n<li>M, de <em>mathematics <\/em>(<em>matem\u00e1ticas<\/em>, en ingl\u00e9s), enfocada en campos de an\u00e1lisis financiero, econom\u00eda, contabilidad, inversi\u00f3n e, incluso, <a href=\"https:\/\/www.ferrovial.com\/es\/sostenibilidad\/medio-ambiente\/economia-circular\/\" target=\"_blank\" rel=\"noreferrer noopener\">econom\u00eda circular<\/a>.&nbsp;<\/li>\n<\/ul>\n\n\n\n<h2 class=\"wp-block-heading\"><strong>\u00bfQu\u00e9 es la educaci\u00f3n STEM?<\/strong><\/h2>\n\n\n\n<p>La <a href=\"https:\/\/www.ferrovial.com\/blog\/es\/2021\/09\/desarrollo-carreras-stem\/\" target=\"_blank\" rel=\"noreferrer noopener\">educaci\u00f3n STEM<\/a> es una <strong>nueva corriente de ense\u00f1anza<\/strong> que propone entender las ciencias, las matem\u00e1ticas y la tecnolog\u00eda de manera integrada y transversal, con un enfoque te\u00f3rico para, posteriormente, <strong>aplicarlo en la pr\u00e1ctica en la resoluci\u00f3n de problemas<\/strong>.<\/p>\n\n\n\n<p>El objetivo de esta metodolog\u00eda de estudio es dotar a las personas de competencias interdisciplinarias que le permitan el <strong>aprendizaje desde la experiencia<\/strong>, a \u00abaprender a aprender\u00bb, prepar\u00e1ndolas para un mundo cada vez m\u00e1s avanzado a nivel tecnol\u00f3gico. Adem\u00e1s, <strong>permite el desarrollo del pensamiento cr\u00edtico, la resoluci\u00f3n de problemas y la colaboraci\u00f3n interdisciplinaria.<\/strong><\/p>\n\n\n\n<p>Sus principios se diferencian de la ense\u00f1anza tradicional en cuanto a su <strong>enfoque eminentemente pr\u00e1ctico, alejado del aprendizaje te\u00f3rico, memor\u00edstico y repetitivo.<\/strong> Este tipo de educaci\u00f3n permite la formaci\u00f3n de profesionales tan variados como ingenieros inform\u00e1ticos, industriales o en telecomunicaciones; f\u00edsicos o matem\u00e1ticos; etc. Todos ellos tienen como <strong>premisa la innovaci\u00f3n, el pensamiento l\u00f3gico y anal\u00edtico y la vocaci\u00f3n pr\u00e1ctica.&nbsp;<\/strong><\/p>\n\n\n\n<h2 class=\"wp-block-heading\"><strong>\u00bfCu\u00e1les son los principios de la metodolog\u00eda STEM?<\/strong><\/h2>\n\n\n\n<p>La metodolog\u00eda STEM est\u00e1 basada en los cuatro principios de ciencia, tecnolog\u00eda, ingenier\u00eda y matem\u00e1ticas, y plantea lecciones enfocadas en:<\/p>\n\n\n\n<ol class=\"wp-block-list\">\n<li><strong>El trabajo en equipo,<\/strong> trabajando conceptos como la <a href=\"https:\/\/www.ferrovial.com\/blog\/es\/2015\/01\/futuro-empieza-por-la-letra-c\/\" target=\"_blank\" rel=\"noreferrer noopener\">econom\u00eda colaborativa<\/a> para la resoluci\u00f3n de problemas y en funci\u00f3n a la optimizaci\u00f3n de recursos.<\/li>\n\n\n\n<li><strong>Aplicaci\u00f3n al mundo real<\/strong> en el an\u00e1lisis de situaciones que afectan el d\u00eda a d\u00eda y la puesta en pr\u00e1ctica de la innovaci\u00f3n resolutiva.<\/li>\n\n\n\n<li><strong>Aprendizaje mediante la investigaci\u00f3n y la experimentaci\u00f3n<\/strong>, motivando al estudiante a descubrir, llegar a conclusiones y dise\u00f1ar m\u00e9todos para ejecutar lo que ha sido investigado, mejorando la retenci\u00f3n de los conceptos aprendidos.<\/li>\n\n\n\n<li><strong>Promoci\u00f3n del liderazgo en relaci\u00f3n a la toma de decisiones<\/strong> para la formaci\u00f3n de investigadores y l\u00edderes con competencias resolutivas frente a los desaf\u00edos de una sociedad cada vez m\u00e1s avanzada.&nbsp;<\/li>\n\n\n\n<li><strong>Ense\u00f1anza en contexto,<\/strong> para serle fiel al concepto metadisciplinario de la metodolog\u00eda STEM. Si no se ense\u00f1a en contexto, se estar\u00eda, simplemente, ense\u00f1ando ciencia o matem\u00e1tica de forma aislada.&nbsp;<\/li>\n\n\n\n<li><strong>Promoci\u00f3n de la creatividad <\/strong>en pro del aumento de las capacidades para la resoluci\u00f3n de problemas desde una perspectiva cr\u00edtica individual, creativa, diferente e impulsando las capacidades comunicativas.<\/li>\n<\/ol>\n<\/div><\/m-wysiwig>\n","protected":false},"excerpt":{"rendered":"","protected":false},"featured_media":0,"parent":227878,"menu_order":0,"comment_status":"closed","ping_status":"closed","template":"","meta":{"_acf_changed":false,"footnotes":""},"class_list":["post-228279","page","type-page","status-publish","hentry"],"acf":[],"yoast_head":"<!-- This site is optimized with the Yoast SEO plugin v27.2 - https:\/\/yoast.com\/product\/yoast-seo-wordpress\/ -->\n<title>\u00bfQu\u00e9 es STEM? - Ferrovial<\/title>\n<meta name=\"description\" content=\"El enfoque STEM, tanto a nivel acad\u00e9mico como profesional, tiene como objetivo la formaci\u00f3n e integraci\u00f3n de la sociedad en un mundo tecnol\u00f3gico cada vez m\u00e1s avanzado.\" \/>\n<meta name=\"robots\" content=\"index, follow, max-snippet:-1, max-image-preview:large, max-video-preview:-1\" \/>\n<link rel=\"canonical\" href=\"https:\/\/www.ferrovial.com\/es\/stem\/que-es-stem\/\" \/>\n<meta property=\"og:locale\" content=\"es_ES\" \/>\n<meta property=\"og:type\" content=\"article\" \/>\n<meta property=\"og:title\" content=\"\u00bfQu\u00e9 es STEM? - Ferrovial\" \/>\n<meta property=\"og:description\" content=\"El enfoque STEM, tanto a nivel acad\u00e9mico como profesional, tiene como objetivo la formaci\u00f3n e integraci\u00f3n de la sociedad en un mundo tecnol\u00f3gico cada vez m\u00e1s avanzado.\" \/>\n<meta property=\"og:url\" content=\"https:\/\/www.ferrovial.com\/es\/stem\/que-es-stem\/\" \/>\n<meta property=\"og:site_name\" content=\"Ferrovial\" \/>\n<meta property=\"article:publisher\" content=\"https:\/\/www.facebook.com\/ferrovial\" \/>\n<meta property=\"article:modified_time\" content=\"2025-06-25T16:37:58+00:00\" \/>\n<meta name=\"twitter:card\" content=\"summary_large_image\" \/>\n<meta name=\"twitter:site\" content=\"@ferrovial\" \/>\n<meta name=\"twitter:label1\" content=\"Est. reading time\" \/>\n\t<meta name=\"twitter:data1\" content=\"3 minutos\" \/>\n<!-- \/ Yoast SEO plugin. -->","yoast_head_json":{"title":"\u00bfQu\u00e9 es STEM? - Ferrovial","description":"El enfoque STEM, tanto a nivel acad\u00e9mico como profesional, tiene como objetivo la formaci\u00f3n e integraci\u00f3n de la sociedad en un mundo tecnol\u00f3gico cada vez m\u00e1s avanzado.","robots":{"index":"index","follow":"follow","max-snippet":"max-snippet:-1","max-image-preview":"max-image-preview:large","max-video-preview":"max-video-preview:-1"},"canonical":"https:\/\/www.ferrovial.com\/es\/stem\/que-es-stem\/","og_locale":"es_ES","og_type":"article","og_title":"\u00bfQu\u00e9 es STEM? - Ferrovial","og_description":"El enfoque STEM, tanto a nivel acad\u00e9mico como profesional, tiene como objetivo la formaci\u00f3n e integraci\u00f3n de la sociedad en un mundo tecnol\u00f3gico cada vez m\u00e1s avanzado.","og_url":"https:\/\/www.ferrovial.com\/es\/stem\/que-es-stem\/","og_site_name":"Ferrovial","article_publisher":"https:\/\/www.facebook.com\/ferrovial","article_modified_time":"2025-06-25T16:37:58+00:00","twitter_card":"summary_large_image","twitter_site":"@ferrovial","twitter_misc":{"Est. reading time":"3 minutos"},"schema":{"@context":"https:\/\/schema.org","@graph":[{"@type":"WebPage","@id":"https:\/\/www.ferrovial.com\/es\/stem\/que-es-stem\/","url":"https:\/\/www.ferrovial.com\/es\/stem\/que-es-stem\/","name":"\u00bfQu\u00e9 es STEM? - Ferrovial","isPartOf":{"@id":"https:\/\/www.ferrovial.com\/es\/#website"},"datePublished":"2022-07-08T06:12:03+00:00","dateModified":"2025-06-25T16:37:58+00:00","description":"El enfoque STEM, tanto a nivel acad\u00e9mico como profesional, tiene como objetivo la formaci\u00f3n e integraci\u00f3n de la sociedad en un mundo tecnol\u00f3gico cada vez m\u00e1s avanzado.","breadcrumb":{"@id":"https:\/\/www.ferrovial.com\/es\/stem\/que-es-stem\/#breadcrumb"},"inLanguage":"es","potentialAction":[{"@type":"ReadAction","target":["https:\/\/www.ferrovial.com\/es\/stem\/que-es-stem\/"]}]},{"@type":"BreadcrumbList","@id":"https:\/\/www.ferrovial.com\/es\/stem\/que-es-stem\/#breadcrumb","itemListElement":[{"@type":"ListItem","position":1,"name":"Portada","item":"https:\/\/www.ferrovial.com\/es\/"},{"@type":"ListItem","position":2,"name":"STEM","item":"https:\/\/www.ferrovial.com\/es\/stem\/"},{"@type":"ListItem","position":3,"name":"\u00bfQu\u00e9 es STEM?"}]},{"@type":"WebSite","@id":"https:\/\/www.ferrovial.com\/es\/#website","url":"https:\/\/www.ferrovial.com\/es\/","name":"Ferrovial","description":"Welcome to the Ferrovial&#039;s website, global operator of sustainable infrastructure. Here you can find all the information about the company and subsidiaries.","publisher":{"@id":"https:\/\/www.ferrovial.com\/es\/#organization"},"potentialAction":[{"@type":"SearchAction","target":{"@type":"EntryPoint","urlTemplate":"https:\/\/www.ferrovial.com\/es\/?s={search_term_string}"},"query-input":{"@type":"PropertyValueSpecification","valueRequired":true,"valueName":"search_term_string"}}],"inLanguage":"es"},{"@type":"Organization","@id":"https:\/\/www.ferrovial.com\/es\/#organization","name":"Ferrovial S.A.","url":"https:\/\/www.ferrovial.com\/es\/","logo":{"@type":"ImageObject","inLanguage":"es","@id":"https:\/\/www.ferrovial.com\/es\/#\/schema\/logo\/image\/","url":"https:\/\/static.ferrovial.com\/wp-content\/uploads\/2020\/01\/13124948\/logo-ferrovial-cf7.png","contentUrl":"https:\/\/static.ferrovial.com\/wp-content\/uploads\/2020\/01\/13124948\/logo-ferrovial-cf7.png","width":144,"height":32,"caption":"Ferrovial S.A."},"image":{"@id":"https:\/\/www.ferrovial.com\/es\/#\/schema\/logo\/image\/"},"sameAs":["https:\/\/www.facebook.com\/ferrovial","https:\/\/x.com\/ferrovial","https:\/\/www.instagram.com\/ferrovial\/","https:\/\/www.linkedin.com\/company\/ferrovial","https:\/\/www.pinterest.es\/ferrovial\/","https:\/\/www.youtube.com\/ferrovial","https:\/\/en.wikipedia.org\/wiki\/Ferrovial"]}]}},"_links":{"self":[{"href":"https:\/\/www.ferrovial.com\/es\/wp-json\/wp\/v2\/pages\/228279","targetHints":{"allow":["GET"]}}],"collection":[{"href":"https:\/\/www.ferrovial.com\/es\/wp-json\/wp\/v2\/pages"}],"about":[{"href":"https:\/\/www.ferrovial.com\/es\/wp-json\/wp\/v2\/types\/page"}],"replies":[{"embeddable":true,"href":"https:\/\/www.ferrovial.com\/es\/wp-json\/wp\/v2\/comments?post=228279"}],"version-history":[{"count":3,"href":"https:\/\/www.ferrovial.com\/es\/wp-json\/wp\/v2\/pages\/228279\/revisions"}],"predecessor-version":[{"id":308215,"href":"https:\/\/www.ferrovial.com\/es\/wp-json\/wp\/v2\/pages\/228279\/revisions\/308215"}],"up":[{"embeddable":true,"href":"https:\/\/www.ferrovial.com\/es\/wp-json\/wp\/v2\/pages\/227878"}],"wp:attachment":[{"href":"https:\/\/www.ferrovial.com\/es\/wp-json\/wp\/v2\/media?parent=228279"}],"curies":[{"name":"wp","href":"https:\/\/api.w.org\/{rel}","templated":true}]}}