{"id":228293,"date":"2022-07-08T10:17:11","date_gmt":"2022-07-08T08:17:11","guid":{"rendered":"https:\/\/www.ferrovial.com\/?page_id=228293"},"modified":"2022-11-02T11:37:42","modified_gmt":"2022-11-02T10:37:42","slug":"calculo","status":"publish","type":"page","link":"https:\/\/www.ferrovial.com\/es\/stem\/calculo\/","title":{"rendered":"C\u00e1lculo"},"content":{"rendered":"    <m-final-content-header >\n            <c-breadcrumb label-text=\"Breadcrumb\" slot=\"breadcrumbs\" type='2' align='left' wrap='wrapped wrapped' aria-label='Vienes de STEM'>\n                        <ol>\n\n                                                            <li><a href=\"https:\/\/www.ferrovial.com\/es\/\" title=\"Ferrovial\">Ferrovial<\/a><\/li>\n                                                                        <li><a href=\"https:\/\/www.ferrovial.com\/es\/stem\/\" title=\"STEM\">STEM<\/a><\/li>\n                                    \n                <\/ol>\n\n                <\/c-breadcrumb>\n    \n        <div slot=\"header\">\n            <h1>\n                \u00bfQu\u00e9 es el c\u00e1lculo?            <\/h1>\n                    <\/div>\n    <\/m-final-content-header>\n\n    \n\n\n<m-wysiwig class=\"wp-block-components-wysiwyg\"><div slot=\"maincontent\">\n<p><script type=\"application\/ld+json\">\n{\n  \"@context\": \"https:\/\/schema.org\",\n  \"@type\": \"FAQPage\",\n  \"mainEntity\": [{\n    \"@type\": \"Question\",\n    \"name\": \"\u00bfQu\u00e9 es el c\u00e1lculo?\",\n    \"acceptedAnswer\": {\n      \"@type\": \"Answer\",\n      \"text\": \"En su sentido m\u00e1s general, el c\u00e1lculo es la acci\u00f3n de calcular, es decir, de seguir un procedimiento para obtener el resultado de una operaci\u00f3n. Desde un enfoque m\u00e1s matem\u00e1tico, explica el proceso algor\u00edtmico para conocer el resultado de variables simbolizadas, conocidas con antelaci\u00f3n.\"\n    }\n  },{\n    \"@type\": \"Question\",\n    \"name\": \"\u00bfQu\u00e9 t\u00e9rminos est\u00e1n relacionados con el c\u00e1lculo matem\u00e1tico?\",\n    \"acceptedAnswer\": {\n      \"@type\": \"Answer\",\n      \"text\": \"<ul>\n<li>Funci\u00f3n<\/li>\n<li>Variables<\/li>\n<li>Constantes<\/li>\n<li>Derivadas<\/li>\n<li>Incremento<\/li>\n<li>L\u00edmite<\/li>\n<\/ul>\"\n    }\n  },{\n    \"@type\": \"Question\",\n    \"name\": \"\u00bfCu\u00e1les son las ramas del c\u00e1lculo?\",\n    \"acceptedAnswer\": {\n      \"@type\": \"Answer\",\n      \"text\": \"Existen diferentes tipos de c\u00e1lculos con sus propias caracter\u00edsticas, estructura y teoremas, entre las ramas principales est\u00e1n:\n\n<ul>\n<li>C\u00e1lculo infinitesimal<\/li>\n<li>C\u00e1lculo diferencial<\/li>\n<li>C\u00e1lculo integral<\/li>\n<\/ul>\"\n    }\n  },{\n    \"@type\": \"Question\",\n    \"name\": \"\u00bfC\u00f3mo se aplica el c\u00e1lculo en otros campos o disciplinas?\",\n    \"acceptedAnswer\": {\n      \"@type\": \"Answer\",\n      \"text\": \"El c\u00e1lculo matem\u00e1tico explica muchos fen\u00f3menos y procesos que rodean al ser humano, y la tecnolog\u00eda moderna no ser\u00eda posible sin esta disciplina que puede aplicarse tanto a la naturaleza, como a la econom\u00eda, la administraci\u00f3n o la f\u00edsica. B\u00e1sicamente, todo planteamiento cient\u00edfico responde a ecuaciones que, a su vez, involucran funciones y derivadas, y su an\u00e1lisis se realiza por medio de herramientas de c\u00e1lculo.\"\n    }\n  }]\n}\n<\/script><p>En su sentido m\u00e1s general, el c\u00e1lculo es la acci\u00f3n de calcular, es decir, de <strong>seguir un procedimiento para obtener el resultado de una operaci\u00f3n.<\/strong> Desde un enfoque m\u00e1s matem\u00e1tico, explica el proceso algor\u00edtmico para conocer el resultado de variables simbolizadas, conocidas con antelaci\u00f3n.<\/p><\/p>\n\n\n\n<p>Esta disciplina sigue <strong>una estructura de pasos<\/strong>, a partir del conocimiento de ciertos datos de los que puede o no conocerse su valor num\u00e9rico. Adem\u00e1s, responde a la <strong>actividad aritm\u00e9tica de suma, resta, multiplicaci\u00f3n y divisi\u00f3n, <\/strong>a diferencia del <a href=\"https:\/\/www.ferrovial.com\/es\/stem\/algebra\/\" target=\"_blank\" rel=\"noreferrer noopener\">\u00e1lgebra <\/a>que, aunque plantea los mismos procedimientos, lo hace de una manera m\u00e1s abstracta y sustituyendo n\u00fameros por letras.<\/p>\n\n\n\n<p>El c\u00e1lculo tambi\u00e9n es \u00fatil para <strong>determinar \u00e1reas, vol\u00famenes, curvas, pendientes y valores m\u00e1ximos y m\u00ednimos de una funci\u00f3n,<\/strong> raz\u00f3n por la que se vincula estrechamente con otras disciplinas cient\u00edficas como la matem\u00e1tica, la f\u00edsica o la ingenier\u00eda.<\/p>\n\n\n\n<h2 class=\"wp-block-heading\"><strong>\u00bfQu\u00e9 t\u00e9rminos est\u00e1n relacionados con el c\u00e1lculo matem\u00e1tico?<\/strong><\/h2>\n\n\n\n<ul class=\"wp-block-list\"><li><strong>Funci\u00f3n:<\/strong> es la relaci\u00f3n que hay entre dos conjuntos, en la que al primer conjunto se le otorga un \u00fanico elemento del segundo, es decir, que su valor depende de \u00e9l.<\/li><\/ul>\n\n\n\n<ul class=\"wp-block-list\"><li><strong>Variables:<\/strong> se trata de una cantidad que puede tener un n\u00famero indefinido de cambios, generados por distintas condiciones.<\/li><\/ul>\n\n\n\n<ul class=\"wp-block-list\"><li><strong>Constantes:<\/strong> a diferencia de las variables, las constantes tienen un valor fijo que no cambia.<\/li><\/ul>\n\n\n\n<ul class=\"wp-block-list\"><li><strong>Derivadas: <\/strong>es el t\u00e9rmino que se utiliza para calcular la respuesta de una funci\u00f3n a la que se le altera su valor inicial.<\/li><\/ul>\n\n\n\n<ul class=\"wp-block-list\"><li><strong>Incremento: <\/strong>se trata de la diferencia que existe entre dos valores de una variable.<\/li><\/ul>\n\n\n\n<ul class=\"wp-block-list\"><li><strong>L\u00edmite: <\/strong>este t\u00e9rmino se le atribuye a una variable cuando, al cambio de valor de acuerdo con un conjunto de factores, se acerca a un valor constante sin llegar a ser igual a \u00e9l.<\/li><\/ul>\n\n\n\n<h2 class=\"wp-block-heading\"><strong>\u00bfCu\u00e1les son las ramas del c\u00e1lculo?<\/strong><\/h2>\n\n\n\n<p>Existen diferentes tipos de c\u00e1lculos con sus propias caracter\u00edsticas, estructura y teoremas, entre las ramas principales est\u00e1n:<\/p>\n\n\n\n<ul class=\"wp-block-list\"><li><strong>C\u00e1lculo infinitesimal:<\/strong> se encarga del estudio de los l\u00edmites, derivadas, integrales y series infinitas.<\/li><\/ul>\n\n\n\n<ul class=\"wp-block-list\"><li><strong>C\u00e1lculo diferencial:<\/strong> establece el cambio de un objeto en funci\u00f3n de sus variables y se enfoca, principalmente, en el estudio de movimientos, velocidad y aceleraci\u00f3n.&nbsp;<\/li><\/ul>\n\n\n\n<ul class=\"wp-block-list\"><li><strong>C\u00e1lculo integral:<\/strong> calcula un valor cuando se conoce la aceleraci\u00f3n en el \u00e1rea en la que se encuentra.<\/li><\/ul>\n\n\n\n<h2 class=\"wp-block-heading\"><strong>\u00bfC\u00f3mo se aplica el c\u00e1lculo en otros campos o disciplinas?<\/strong><\/h2>\n\n\n\n<p>El c\u00e1lculo matem\u00e1tico explica muchos fen\u00f3menos y procesos que rodean al ser humano, y <strong>la tecnolog\u00eda moderna no ser\u00eda posible sin esta disciplina <\/strong>que puede aplicarse tanto a la naturaleza, como a la econom\u00eda, la administraci\u00f3n o la f\u00edsica. B\u00e1sicamente, <strong>todo planteamiento cient\u00edfico responde a ecuaciones que, a su vez, involucran funciones y derivadas, y su an\u00e1lisis se realiza por medio de herramientas de c\u00e1lculo.<\/strong><\/p>\n\n\n\n<p>Por ejemplo, en la <strong>ingenier\u00eda<\/strong>, el c\u00e1lculo permite medir estructuras y \u00e1reas; en el <strong>aspecto medioambiental<\/strong>, se puede utilizar el c\u00e1lculo para contar y estudiar el crecimiento de diversos organismos; en la <strong>electr\u00f3nica<\/strong>, se utiliza para calcular cargas o descargas de corrientes, as\u00ed como sus tiempos; en la <strong>contabilidad<\/strong>, permite determinar las ganancias o p\u00e9rdidas que pueden generar distintos proyectos.<\/p>\n\n\n\n<p><a href=\"https:\/\/static.ferrovial.com\/wp-content\/uploads\/2022\/11\/02113443\/stem-matematicas-es.pdf\" target=\"_blank\" rel=\"noreferrer noopener\">Descarga aqu\u00ed el pdf con todo el contenido de matem\u00e1ticas.<\/a><\/p>\n<\/div><\/m-wysiwig>\n","protected":false},"excerpt":{"rendered":"","protected":false},"featured_media":0,"parent":227878,"menu_order":0,"comment_status":"closed","ping_status":"closed","template":"","meta":{"_acf_changed":false,"footnotes":""},"class_list":["post-228293","page","type-page","status-publish","hentry"],"acf":[],"yoast_head":"<!-- This site is optimized with the Yoast SEO plugin v27.2 - https:\/\/yoast.com\/product\/yoast-seo-wordpress\/ -->\n<title>C\u00e1lculo - Ferrovial<\/title>\n<meta name=\"description\" content=\"El c\u00e1lculo es la acci\u00f3n de calcular, es decir, de seguir un procedimiento para obtener el resultado de una operaci\u00f3n.\" \/>\n<meta name=\"robots\" content=\"index, follow, max-snippet:-1, max-image-preview:large, max-video-preview:-1\" \/>\n<link rel=\"canonical\" href=\"https:\/\/www.ferrovial.com\/es\/stem\/calculo\/\" \/>\n<meta property=\"og:locale\" content=\"es_ES\" \/>\n<meta property=\"og:type\" content=\"article\" \/>\n<meta property=\"og:title\" content=\"C\u00e1lculo - Ferrovial\" \/>\n<meta property=\"og:description\" content=\"El c\u00e1lculo es la acci\u00f3n de calcular, es decir, de seguir un procedimiento para obtener el resultado de una operaci\u00f3n.\" \/>\n<meta property=\"og:url\" content=\"https:\/\/www.ferrovial.com\/es\/stem\/calculo\/\" \/>\n<meta property=\"og:site_name\" content=\"Ferrovial\" \/>\n<meta property=\"article:publisher\" content=\"https:\/\/www.facebook.com\/ferrovial\" \/>\n<meta property=\"article:modified_time\" content=\"2022-11-02T10:37:42+00:00\" \/>\n<meta name=\"twitter:card\" content=\"summary_large_image\" \/>\n<meta name=\"twitter:site\" content=\"@ferrovial\" \/>\n<meta name=\"twitter:label1\" content=\"Est. reading time\" \/>\n\t<meta name=\"twitter:data1\" content=\"4 minutos\" \/>\n<!-- \/ Yoast SEO plugin. -->","yoast_head_json":{"title":"C\u00e1lculo - Ferrovial","description":"El c\u00e1lculo es la acci\u00f3n de calcular, es decir, de seguir un procedimiento para obtener el resultado de una operaci\u00f3n.","robots":{"index":"index","follow":"follow","max-snippet":"max-snippet:-1","max-image-preview":"max-image-preview:large","max-video-preview":"max-video-preview:-1"},"canonical":"https:\/\/www.ferrovial.com\/es\/stem\/calculo\/","og_locale":"es_ES","og_type":"article","og_title":"C\u00e1lculo - Ferrovial","og_description":"El c\u00e1lculo es la acci\u00f3n de calcular, es decir, de seguir un procedimiento para obtener el resultado de una operaci\u00f3n.","og_url":"https:\/\/www.ferrovial.com\/es\/stem\/calculo\/","og_site_name":"Ferrovial","article_publisher":"https:\/\/www.facebook.com\/ferrovial","article_modified_time":"2022-11-02T10:37:42+00:00","twitter_card":"summary_large_image","twitter_site":"@ferrovial","twitter_misc":{"Est. reading time":"4 minutos"},"schema":{"@context":"https:\/\/schema.org","@graph":[{"@type":"WebPage","@id":"https:\/\/www.ferrovial.com\/es\/stem\/calculo\/","url":"https:\/\/www.ferrovial.com\/es\/stem\/calculo\/","name":"C\u00e1lculo - Ferrovial","isPartOf":{"@id":"https:\/\/www.ferrovial.com\/es\/#website"},"datePublished":"2022-07-08T08:17:11+00:00","dateModified":"2022-11-02T10:37:42+00:00","description":"El c\u00e1lculo es la acci\u00f3n de calcular, es decir, de seguir un procedimiento para obtener el resultado de una operaci\u00f3n.","breadcrumb":{"@id":"https:\/\/www.ferrovial.com\/es\/stem\/calculo\/#breadcrumb"},"inLanguage":"es","potentialAction":[{"@type":"ReadAction","target":["https:\/\/www.ferrovial.com\/es\/stem\/calculo\/"]}]},{"@type":"BreadcrumbList","@id":"https:\/\/www.ferrovial.com\/es\/stem\/calculo\/#breadcrumb","itemListElement":[{"@type":"ListItem","position":1,"name":"Portada","item":"https:\/\/www.ferrovial.com\/es\/"},{"@type":"ListItem","position":2,"name":"STEM","item":"https:\/\/www.ferrovial.com\/es\/stem\/"},{"@type":"ListItem","position":3,"name":"C\u00e1lculo"}]},{"@type":"WebSite","@id":"https:\/\/www.ferrovial.com\/es\/#website","url":"https:\/\/www.ferrovial.com\/es\/","name":"Ferrovial","description":"Welcome to the Ferrovial&#039;s website, global operator of sustainable infrastructure. Here you can find all the information about the company and subsidiaries.","publisher":{"@id":"https:\/\/www.ferrovial.com\/es\/#organization"},"potentialAction":[{"@type":"SearchAction","target":{"@type":"EntryPoint","urlTemplate":"https:\/\/www.ferrovial.com\/es\/?s={search_term_string}"},"query-input":{"@type":"PropertyValueSpecification","valueRequired":true,"valueName":"search_term_string"}}],"inLanguage":"es"},{"@type":"Organization","@id":"https:\/\/www.ferrovial.com\/es\/#organization","name":"Ferrovial S.A.","url":"https:\/\/www.ferrovial.com\/es\/","logo":{"@type":"ImageObject","inLanguage":"es","@id":"https:\/\/www.ferrovial.com\/es\/#\/schema\/logo\/image\/","url":"https:\/\/static.ferrovial.com\/wp-content\/uploads\/2020\/01\/13124948\/logo-ferrovial-cf7.png","contentUrl":"https:\/\/static.ferrovial.com\/wp-content\/uploads\/2020\/01\/13124948\/logo-ferrovial-cf7.png","width":144,"height":32,"caption":"Ferrovial S.A."},"image":{"@id":"https:\/\/www.ferrovial.com\/es\/#\/schema\/logo\/image\/"},"sameAs":["https:\/\/www.facebook.com\/ferrovial","https:\/\/x.com\/ferrovial","https:\/\/www.instagram.com\/ferrovial\/","https:\/\/www.linkedin.com\/company\/ferrovial","https:\/\/www.pinterest.es\/ferrovial\/","https:\/\/www.youtube.com\/ferrovial","https:\/\/en.wikipedia.org\/wiki\/Ferrovial"]}]}},"_links":{"self":[{"href":"https:\/\/www.ferrovial.com\/es\/wp-json\/wp\/v2\/pages\/228293","targetHints":{"allow":["GET"]}}],"collection":[{"href":"https:\/\/www.ferrovial.com\/es\/wp-json\/wp\/v2\/pages"}],"about":[{"href":"https:\/\/www.ferrovial.com\/es\/wp-json\/wp\/v2\/types\/page"}],"replies":[{"embeddable":true,"href":"https:\/\/www.ferrovial.com\/es\/wp-json\/wp\/v2\/comments?post=228293"}],"version-history":[{"count":4,"href":"https:\/\/www.ferrovial.com\/es\/wp-json\/wp\/v2\/pages\/228293\/revisions"}],"predecessor-version":[{"id":241764,"href":"https:\/\/www.ferrovial.com\/es\/wp-json\/wp\/v2\/pages\/228293\/revisions\/241764"}],"up":[{"embeddable":true,"href":"https:\/\/www.ferrovial.com\/es\/wp-json\/wp\/v2\/pages\/227878"}],"wp:attachment":[{"href":"https:\/\/www.ferrovial.com\/es\/wp-json\/wp\/v2\/media?parent=228293"}],"curies":[{"name":"wp","href":"https:\/\/api.w.org\/{rel}","templated":true}]}}