{"id":228298,"date":"2022-07-08T10:22:18","date_gmt":"2022-07-08T08:22:18","guid":{"rendered":"https:\/\/www.ferrovial.com\/?page_id=228298"},"modified":"2022-09-05T14:16:40","modified_gmt":"2022-09-05T12:16:40","slug":"fisica","status":"publish","type":"page","link":"https:\/\/www.ferrovial.com\/es\/stem\/fisica\/","title":{"rendered":"F\u00edsica"},"content":{"rendered":"    <m-final-content-header >\n            <c-breadcrumb label-text=\"Breadcrumb\" slot=\"breadcrumbs\" type='2' align='left' wrap='wrapped wrapped' aria-label='Vienes de STEM'>\n                        <ol>\n\n                                                            <li><a href=\"https:\/\/www.ferrovial.com\/es\/\" title=\"Ferrovial\">Ferrovial<\/a><\/li>\n                                                                        <li><a href=\"https:\/\/www.ferrovial.com\/es\/stem\/\" title=\"STEM\">STEM<\/a><\/li>\n                                    \n                <\/ol>\n\n                <\/c-breadcrumb>\n    \n        <div slot=\"header\">\n            <h1>\n                \u00bfQu\u00e9 es la f\u00edsica?            <\/h1>\n                    <\/div>\n    <\/m-final-content-header>\n\n    \n\n\n<m-wysiwig class=\"wp-block-components-wysiwyg\"><div slot=\"maincontent\">\n<script type=\"application\/ld+json\">\n{\n  \"@context\": \"https:\/\/schema.org\",\n  \"@type\": \"FAQPage\",\n  \"mainEntity\": [{\n    \"@type\": \"Question\",\n    \"name\": \"\u00bfQu\u00e9 es la f\u00edsica?\",\n    \"acceptedAnswer\": {\n      \"@type\": \"Answer\",\n      \"text\": \"La f\u00edsica es el t\u00e9rmino que se utiliza para referirse a la ciencia que estudia, a trav\u00e9s de leyes fundamentales, la materia, la energ\u00eda, el movimiento, el tiempo y el espacio. Sus inicios se remontan a cuando la humanidad intent\u00f3 entender y explicar las fuerzas que reg\u00edan las cosas que lo rodeaban.\"\n    }\n  },{\n    \"@type\": \"Question\",\n    \"name\": \"\u00bfQu\u00e9 estudia la f\u00edsica?\",\n    \"acceptedAnswer\": {\n      \"@type\": \"Answer\",\n      \"text\": \"Como ciencia exacta, la f\u00edsica se encarga de estudiar, entender y describir las formas en las que el universo funciona. Esta explicaci\u00f3n se realiza a trav\u00e9s de unos conceptos b\u00e1sicos:\n\n<ol>\n<li>La gravedad<\/li>\n<li>Electromagnetismo<\/li>\n<li>Fuerzas nucleares d\u00e9biles<\/li>\n<li>Fuerzas nucleares fuertes<\/li>\n<\/ol>\"\n    }\n  },{\n    \"@type\": \"Question\",\n    \"name\": \"\u00bfCu\u00e1l es la importancia de la f\u00edsica?\",\n    \"acceptedAnswer\": {\n      \"@type\": \"Answer\",\n      \"text\": \"la comprensi\u00f3n de conceptos asociados, como el electromagnetismo, la termodin\u00e1mica, la mec\u00e1nica, la f\u00edsica del estado s\u00f3lido e, incluso, la f\u00edsica nuclear, han facilitado el desarrollo de productos que inciden directamente en la din\u00e1mica de la sociedad al d\u00eda de hoy: desde la creaci\u00f3n de computadoras y electrodom\u00e9sticos, hasta el desarrollo de la industria y la electricidad.\"\n    }\n  },{\n    \"@type\": \"Question\",\n    \"name\": \"\u00bfCu\u00e1les son las ramas o disciplinas de la f\u00edsica?\",\n    \"acceptedAnswer\": {\n      \"@type\": \"Answer\",\n      \"text\": \"Las ramas de la f\u00edsica dependen del tama\u00f1o de la materia que se est\u00e9 estudiando, as\u00ed como tambi\u00e9n de la velocidad de su movimiento. En funci\u00f3n a esto, se clasifican en:\n\n<ul>\n<li>Mec\u00e1nica cl\u00e1sica<\/li>\n<li>Relatividad<\/li>\n<li>Termodin\u00e1mica<\/li>\n<li>Mec\u00e1nica cu\u00e1ntica<\/li>\n<\/ul>\"\n    }\n  }]\n}\n<\/script><p>La f\u00edsica es el t\u00e9rmino que se utiliza para referirse a la <strong>ciencia que estudia, a trav\u00e9s de leyes fundamentales, la materia, la energ\u00eda, el movimiento, el tiempo y el espacio.<\/strong> Sus inicios se remontan a cuando la humanidad intent\u00f3 <strong>entender y explicar las fuerzas que reg\u00edan las cosas que lo rodeaban.<\/strong><\/p>\n\n\n\n<p>La f\u00edsica, adem\u00e1s, establece planteamientos tanto <strong>te\u00f3ricos, <\/strong>dada la formulaci\u00f3n y descripci\u00f3n de leyes, como <strong>pr\u00e1cticos,<\/strong> dado su car\u00e1cter experimental, basados en la observaci\u00f3n como fuente de verificaci\u00f3n, permitiendo<strong> el desarrollo y la aplicaci\u00f3n de m\u00e9todos cient\u00edficos<\/strong> para dar respuesta a inc\u00f3gnitas universales.&nbsp;<\/p>\n\n\n\n<p>Esta rama cient\u00edfica re\u00fane hitos que abarcan las principales \u00e1reas de estudio, desarrolladas por sus m\u00e1ximos exponentes:<\/p>\n\n\n\n<ul class=\"wp-block-list\"><li><strong>Ley de la gravitaci\u00f3n universal y la mec\u00e1nica cl\u00e1sica,<\/strong> de Isaac Newton.<\/li><li>La explicaci\u00f3n de la naturaleza de <strong>la electricidad y su relaci\u00f3n con el magnetismo<\/strong>, de Michael Faraday.<\/li><li><strong>La teor\u00eda de la relatividad<\/strong> especial y general, de Albert Einstein.&nbsp;<\/li><li>La explicaci\u00f3n de la <strong>termodin\u00e1mica,<\/strong> de James Prescott Joule y Sadi Carnot.<\/li><li>Planteamiento de la <strong>mec\u00e1nica cu\u00e1ntica en la f\u00edsica at\u00f3mica y subat\u00f3mica,<\/strong> de Louis-Victor de Broglie, Werner Karl Heisenberg y Erwin Schr\u00f6dinger.<\/li><\/ul>\n\n\n\n<h2 class=\"wp-block-heading\"><strong>\u00bfQu\u00e9 estudia la f\u00edsica?<\/strong><\/h2>\n\n\n\n<p>Como ciencia exacta, la f\u00edsica se encarga de estudiar, entender y describir las formas en las que el universo funciona. Esta explicaci\u00f3n se realiza a trav\u00e9s de unos conceptos b\u00e1sicos:<\/p>\n\n\n\n<ol class=\"wp-block-list\"><li><strong>La gravedad:<\/strong> consiste en la fuerza de atracci\u00f3n entre dos o m\u00e1s cuerpos que tienen masa. Mientras m\u00e1s masa, mayor la fuerza y el alcance de su efecto.&nbsp;<\/li><li><strong>Electromagnetismo:<\/strong> se trata de la fuerza de atracci\u00f3n o repulsi\u00f3n entre part\u00edculas con cargas el\u00e9ctricas.<\/li><li><strong>Fuerzas nucleares d\u00e9biles:<\/strong> consiste en la fuerza que existe entre part\u00edculas fundamentales, con poco alcance y responsable de la radioactividad. Tambi\u00e9n se conoce como fuerzas de interacci\u00f3n d\u00e9bil.<\/li><li><strong>Fuerzas nucleares fuertes:<\/strong> se trata de la fuerza de atracci\u00f3n que mantiene a protones y neutrones unidos en el n\u00facleo de un \u00e1tomo, haci\u00e9ndola m\u00e1s fuerte que la repulsi\u00f3n electromagn\u00e9tica que hay entre ellos.&nbsp;<\/li><\/ol>\n\n\n\n<h2 class=\"wp-block-heading\"><strong>\u00bfCu\u00e1l es la importancia de la f\u00edsica?<\/strong><\/h2>\n\n\n\n<p>El conocimiento y estudio de la f\u00edsica es fundamental para entender <strong>c\u00f3mo funciona el universo y todo aquello que rodea al ser humano.<\/strong> Dicha comprensi\u00f3n ha permitido, a lo largo de los a\u00f1os, el <strong>desarrollo de nuevas tecnolog\u00edas.<\/strong><\/p>\n\n\n\n<p>Adem\u00e1s, la comprensi\u00f3n de conceptos asociados, como el electromagnetismo, la termodin\u00e1mica, la mec\u00e1nica, la f\u00edsica del estado s\u00f3lido e, incluso, la f\u00edsica nuclear, han facilitado el <strong>desarrollo de productos que inciden directamente en la din\u00e1mica de la sociedad al d\u00eda de hoy<\/strong>: desde la creaci\u00f3n de computadoras y electrodom\u00e9sticos, hasta el desarrollo de la industria y la electricidad.&nbsp;<\/p>\n\n\n\n<p>La f\u00edsica se centra en la <strong>organizaci\u00f3n de datos, as\u00ed como en la b\u00fasqueda de patrones y la aplicaci\u00f3n de conocimientos y t\u00e9cnicas <\/strong>a situaciones complejas. Ha permitido entender fen\u00f3menos y comportamientos naturales para la resoluci\u00f3n de problemas actuales y futuros.&nbsp;<\/p>\n\n\n\n<h2 class=\"wp-block-heading\"><strong>\u00bfCu\u00e1les son las ramas o disciplinas de la f\u00edsica?<\/strong><\/h2>\n\n\n\n<p>Las ramas de la f\u00edsica <strong>dependen del tama\u00f1o de la materia que se est\u00e9 estudiando, as\u00ed como tambi\u00e9n de la velocidad de su movimiento. <\/strong>En funci\u00f3n a esto, se clasifican en:<\/p>\n\n\n\n<ol class=\"wp-block-list\"><li><strong>Mec\u00e1nica cl\u00e1sica:<\/strong> rama de la f\u00edsica que se encarga del estudio del comportamiento de los cuerpos macrosc\u00f3picos en reposo, cuya velocidad es muy peque\u00f1a en comparaci\u00f3n a la velocidad de la luz. Esta rama se basa en conceptos desarrollados por Isaac Newton, por lo que se le denomina, tambi\u00e9n, mec\u00e1nica newtoniana.<\/li><li><strong>Relatividad:<\/strong> tambi\u00e9n llamada mec\u00e1nica relativista, describe la relatividad tanto especial como la general, ambas formuladas por Albert Einstein. La especial describe el comportamiento de cuerpos que se mueven a una velocidad cercana a la de la luz, en ausencia de la fuerza de la gravedad, mientras que la general estudia el movimiento de masas en campos gravitatorios.&nbsp;<\/li><li><strong>Termodin\u00e1mica:<\/strong> disciplina de la f\u00edsica que se encarga del estudio de procesos de transferencia de calor y c\u00f3mo se relaciona con otros tipos de energ\u00eda. En esta rama se explica, adem\u00e1s, c\u00f3mo la materia va transform\u00e1ndose en cualquiera de sus fases cuando est\u00e1 expuesta al calor.&nbsp;<\/li><li><strong>Mec\u00e1nica cu\u00e1ntica:<\/strong> se encarga del estudio de sistemas muy peque\u00f1os, como los \u00e1tomos y elementos, adem\u00e1s de describir su comportamiento en la interacci\u00f3n con tres fuerzas fundamentales: la fuerte, la d\u00e9bil y la electromagn\u00e9tica.<\/li><\/ol>\n<\/div><\/m-wysiwig>\n","protected":false},"excerpt":{"rendered":"","protected":false},"featured_media":0,"parent":227878,"menu_order":0,"comment_status":"closed","ping_status":"closed","template":"","meta":{"_acf_changed":false,"footnotes":""},"class_list":["post-228298","page","type-page","status-publish","hentry"],"acf":[],"yoast_head":"<!-- This site is optimized with the Yoast SEO plugin v27.2 - https:\/\/yoast.com\/product\/yoast-seo-wordpress\/ -->\n<title>F\u00edsica - Ferrovial<\/title>\n<meta name=\"description\" content=\"Como ciencia exacta, la f\u00edsica se encarga de estudiar, entender y describir las formas en las que el universo funciona.\" \/>\n<meta name=\"robots\" content=\"index, follow, max-snippet:-1, max-image-preview:large, max-video-preview:-1\" \/>\n<link rel=\"canonical\" href=\"https:\/\/www.ferrovial.com\/es\/stem\/fisica\/\" \/>\n<meta property=\"og:locale\" content=\"es_ES\" \/>\n<meta property=\"og:type\" content=\"article\" \/>\n<meta property=\"og:title\" content=\"F\u00edsica - Ferrovial\" \/>\n<meta property=\"og:description\" content=\"Como ciencia exacta, la f\u00edsica se encarga de estudiar, entender y describir las formas en las que el universo funciona.\" \/>\n<meta property=\"og:url\" content=\"https:\/\/www.ferrovial.com\/es\/stem\/fisica\/\" \/>\n<meta property=\"og:site_name\" content=\"Ferrovial\" \/>\n<meta property=\"article:publisher\" content=\"https:\/\/www.facebook.com\/ferrovial\" \/>\n<meta property=\"article:modified_time\" content=\"2022-09-05T12:16:40+00:00\" \/>\n<meta name=\"twitter:card\" content=\"summary_large_image\" \/>\n<meta name=\"twitter:site\" content=\"@ferrovial\" \/>\n<meta name=\"twitter:label1\" content=\"Est. reading time\" \/>\n\t<meta name=\"twitter:data1\" content=\"5 minutos\" \/>\n<!-- \/ Yoast SEO plugin. -->","yoast_head_json":{"title":"F\u00edsica - Ferrovial","description":"Como ciencia exacta, la f\u00edsica se encarga de estudiar, entender y describir las formas en las que el universo funciona.","robots":{"index":"index","follow":"follow","max-snippet":"max-snippet:-1","max-image-preview":"max-image-preview:large","max-video-preview":"max-video-preview:-1"},"canonical":"https:\/\/www.ferrovial.com\/es\/stem\/fisica\/","og_locale":"es_ES","og_type":"article","og_title":"F\u00edsica - Ferrovial","og_description":"Como ciencia exacta, la f\u00edsica se encarga de estudiar, entender y describir las formas en las que el universo funciona.","og_url":"https:\/\/www.ferrovial.com\/es\/stem\/fisica\/","og_site_name":"Ferrovial","article_publisher":"https:\/\/www.facebook.com\/ferrovial","article_modified_time":"2022-09-05T12:16:40+00:00","twitter_card":"summary_large_image","twitter_site":"@ferrovial","twitter_misc":{"Est. reading time":"5 minutos"},"schema":{"@context":"https:\/\/schema.org","@graph":[{"@type":"WebPage","@id":"https:\/\/www.ferrovial.com\/es\/stem\/fisica\/","url":"https:\/\/www.ferrovial.com\/es\/stem\/fisica\/","name":"F\u00edsica - Ferrovial","isPartOf":{"@id":"https:\/\/www.ferrovial.com\/es\/#website"},"datePublished":"2022-07-08T08:22:18+00:00","dateModified":"2022-09-05T12:16:40+00:00","description":"Como ciencia exacta, la f\u00edsica se encarga de estudiar, entender y describir las formas en las que el universo funciona.","breadcrumb":{"@id":"https:\/\/www.ferrovial.com\/es\/stem\/fisica\/#breadcrumb"},"inLanguage":"es","potentialAction":[{"@type":"ReadAction","target":["https:\/\/www.ferrovial.com\/es\/stem\/fisica\/"]}]},{"@type":"BreadcrumbList","@id":"https:\/\/www.ferrovial.com\/es\/stem\/fisica\/#breadcrumb","itemListElement":[{"@type":"ListItem","position":1,"name":"Portada","item":"https:\/\/www.ferrovial.com\/es\/"},{"@type":"ListItem","position":2,"name":"STEM","item":"https:\/\/www.ferrovial.com\/es\/stem\/"},{"@type":"ListItem","position":3,"name":"F\u00edsica"}]},{"@type":"WebSite","@id":"https:\/\/www.ferrovial.com\/es\/#website","url":"https:\/\/www.ferrovial.com\/es\/","name":"Ferrovial","description":"Welcome to the Ferrovial&#039;s website, global operator of sustainable infrastructure. Here you can find all the information about the company and subsidiaries.","publisher":{"@id":"https:\/\/www.ferrovial.com\/es\/#organization"},"potentialAction":[{"@type":"SearchAction","target":{"@type":"EntryPoint","urlTemplate":"https:\/\/www.ferrovial.com\/es\/?s={search_term_string}"},"query-input":{"@type":"PropertyValueSpecification","valueRequired":true,"valueName":"search_term_string"}}],"inLanguage":"es"},{"@type":"Organization","@id":"https:\/\/www.ferrovial.com\/es\/#organization","name":"Ferrovial S.A.","url":"https:\/\/www.ferrovial.com\/es\/","logo":{"@type":"ImageObject","inLanguage":"es","@id":"https:\/\/www.ferrovial.com\/es\/#\/schema\/logo\/image\/","url":"https:\/\/static.ferrovial.com\/wp-content\/uploads\/2020\/01\/13124948\/logo-ferrovial-cf7.png","contentUrl":"https:\/\/static.ferrovial.com\/wp-content\/uploads\/2020\/01\/13124948\/logo-ferrovial-cf7.png","width":144,"height":32,"caption":"Ferrovial S.A."},"image":{"@id":"https:\/\/www.ferrovial.com\/es\/#\/schema\/logo\/image\/"},"sameAs":["https:\/\/www.facebook.com\/ferrovial","https:\/\/x.com\/ferrovial","https:\/\/www.instagram.com\/ferrovial\/","https:\/\/www.linkedin.com\/company\/ferrovial","https:\/\/www.pinterest.es\/ferrovial\/","https:\/\/www.youtube.com\/ferrovial","https:\/\/en.wikipedia.org\/wiki\/Ferrovial"]}]}},"_links":{"self":[{"href":"https:\/\/www.ferrovial.com\/es\/wp-json\/wp\/v2\/pages\/228298","targetHints":{"allow":["GET"]}}],"collection":[{"href":"https:\/\/www.ferrovial.com\/es\/wp-json\/wp\/v2\/pages"}],"about":[{"href":"https:\/\/www.ferrovial.com\/es\/wp-json\/wp\/v2\/types\/page"}],"replies":[{"embeddable":true,"href":"https:\/\/www.ferrovial.com\/es\/wp-json\/wp\/v2\/comments?post=228298"}],"version-history":[{"count":2,"href":"https:\/\/www.ferrovial.com\/es\/wp-json\/wp\/v2\/pages\/228298\/revisions"}],"predecessor-version":[{"id":238307,"href":"https:\/\/www.ferrovial.com\/es\/wp-json\/wp\/v2\/pages\/228298\/revisions\/238307"}],"up":[{"embeddable":true,"href":"https:\/\/www.ferrovial.com\/es\/wp-json\/wp\/v2\/pages\/227878"}],"wp:attachment":[{"href":"https:\/\/www.ferrovial.com\/es\/wp-json\/wp\/v2\/media?parent=228298"}],"curies":[{"name":"wp","href":"https:\/\/api.w.org\/{rel}","templated":true}]}}