{"id":228304,"date":"2022-07-08T10:35:04","date_gmt":"2022-07-08T08:35:04","guid":{"rendered":"https:\/\/www.ferrovial.com\/?page_id=228304"},"modified":"2024-09-03T16:23:13","modified_gmt":"2024-09-03T14:23:13","slug":"computacion","status":"publish","type":"page","link":"https:\/\/www.ferrovial.com\/es\/stem\/computacion\/","title":{"rendered":"Computaci\u00f3n"},"content":{"rendered":"    <m-final-content-header >\n            <c-breadcrumb label-text=\"Breadcrumb\" slot=\"breadcrumbs\" type='2' align='left' wrap='wrapped wrapped' aria-label='Vienes de STEM'>\n                        <ol>\n\n                                                            <li><a href=\"https:\/\/www.ferrovial.com\/es\/\" title=\"Ferrovial\">Ferrovial<\/a><\/li>\n                                                                        <li><a href=\"https:\/\/www.ferrovial.com\/es\/stem\/\" title=\"STEM\">STEM<\/a><\/li>\n                                    \n                <\/ol>\n\n                <\/c-breadcrumb>\n    \n        <div slot=\"header\">\n            <h1>\n                \u00bfQu\u00e9 es la computaci\u00f3n?            <\/h1>\n                    <\/div>\n    <\/m-final-content-header>\n\n    \n\n\n<m-wysiwig class=\"wp-block-components-wysiwyg\"><div slot=\"maincontent\">\n<p><script type=\"application\/ld+json\">\n{\n  \"@context\": \"https:\/\/schema.org\",\n  \"@type\": \"FAQPage\",\n  \"mainEntity\": [{\n    \"@type\": \"Question\",\n    \"name\": \"\u00bfQu\u00e9 es la computaci\u00f3n?\",\n    \"acceptedAnswer\": {\n      \"@type\": \"Answer\",\n      \"text\": \"hace referencia a la tecnolog\u00eda desarrollada y utilizada para el tratamiento autom\u00e1tico de la informaci\u00f3n a trav\u00e9s del uso de ordenadores. Esta disciplina abarca, tanto a nivel te\u00f3rico como pr\u00e1ctico, las bases para el procesamiento de datos, as\u00ed como tambi\u00e9n su aplicaci\u00f3n a sistemas inform\u00e1ticos.\"\n    }\n  },{\n    \"@type\": \"Question\",\n    \"name\": \"\u00bfCu\u00e1les son los elementos de la computaci\u00f3n?\",\n    \"acceptedAnswer\": {\n      \"@type\": \"Answer\",\n      \"text\": \"El proceso autom\u00e1tico de almacenamiento y manipulaci\u00f3n de la informaci\u00f3n a trav\u00e9s de dispositivos tecnol\u00f3gicos es posible gracias a dos elementos computacionales esenciales:\n\n<ol>\n<li>Hardware<\/li>\n<li>Software<\/li>\n<\/ol>\"\n    }\n  },{\n    \"@type\": \"Question\",\n    \"name\": \"\u00bfCu\u00e1les son las \u00e1reas de estudio de la computaci\u00f3n?\",\n    \"acceptedAnswer\": {\n      \"@type\": \"Answer\",\n      \"text\": \"Las ciencias de la computaci\u00f3n se dividen en cuatro \u00e1reas principales:\n\n<ul>\n<li>Algoritmos y estructura de datos: se analizan a nivel matem\u00e1tico para dar soluci\u00f3n a problemas espec\u00edficos.<\/li>\n<li>Sistemas operativos: creados y actualizados para mejorar el funcionamiento de las m\u00e1quinas seg\u00fan las necesidades de los usuarios.<\/li>\n<li>Arquitectura de computadores: creadas y mejoradas para perfeccionar sus capacidades, haci\u00e9ndolas m\u00e1s r\u00e1pidas.<\/li>\n<li>Lenguaje de programaci\u00f3n: creados y multiplicados, para que sean m\u00e1s r\u00e1pidos y eficaces, con m\u00e1s funcionalidades. <\/li>\n<\/ul>\"\n    }\n  },{\n    \"@type\": \"Question\",\n    \"name\": \"\u00bfCu\u00e1l ha sido la historia de la computaci\u00f3n?\",\n    \"acceptedAnswer\": {\n      \"@type\": \"Answer\",\n      \"text\": \"Procesos que antes consist\u00edan en seres humanos realizando c\u00e1lculos, con el paso del tiempo fueron convirti\u00e9ndose en m\u00e1quinas de gesti\u00f3n autom\u00e1tica de datos e informaci\u00f3n. Antes de la invenci\u00f3n de la primera computadora digital, la ciencia de la computaci\u00f3n fue evolucionando seg\u00fan invenciones de m\u00e1quinas para el c\u00e1lculo algor\u00edtmico. Algunos hitos:\n\n<ul>\n<li>El matem\u00e1tico franc\u00e9s Blaise Pascal dise\u00f1\u00f3 en 1642 la Pascalina, la primera calculadora mec\u00e1nica.<\/li>\n<li>El matem\u00e1tico alem\u00e1n Gottfried Leibniz cre\u00f3, en 1673, la primera calculadora mec\u00e1nica digital.<\/li>\n<li>1820 se crea la calculadora mec\u00e1nica industrial, primera m\u00e1quina en calcular, de manera fiable, para usarla en contextos industriales.<\/li>\n<li>A Charles Baddage se le considera como el padre de la computaci\u00f3n por haber dise\u00f1ado, a mediados del siglo XIX, la primera calculadora autom\u00e1tica mec\u00e1nica para calcular tablas num\u00e9ricas: la m\u00e1quina anal\u00edtica para ejecutar programas inform\u00e1ticos.<\/li>\n<li>La primera persona que dedujo las capacidades de los ordenadores m\u00e1s all\u00e1 del c\u00e1lculo fue Ada Lovelace, hija del c\u00e9lebre poeta Lord Byron, y tambi\u00e9n ella escritora, adem\u00e1s de matem\u00e1tica. Hoy en d\u00eda se le reconoce como la ingeniera en programaci\u00f3n de la historia.<\/li>\n<li>A partir de la d\u00e9cada de los cuarenta del siglo XX las computadoras empezaron a utilizarse para m\u00e1s funciones que el c\u00e1lculo matem\u00e1tico, y ya para 1950 las ciencias de la computaci\u00f3n empezaron a tratarse como una disciplina acad\u00e9mica.<\/li>\n<li>La empresa estadounidense IBM (International Business Machines) es reconocida como pionera en el mundo de la computaci\u00f3n por lanzar las computadoras IBM 704 y 709. <\/li>\n<li>Poco a poco fueron desarroll\u00e1ndose sistemas operativos con circuitos integrados para su funcionamiento y la producci\u00f3n de m\u00e1quinas empez\u00f3 a ser en serie. Esto se ve facilitado por la llamada Revoluci\u00f3n Digital, gracias a la aparici\u00f3n del Internet. <\/li>\n<li>Durante la \u00faltima generaci\u00f3n, aparecen los microchips, haciendo circuitos mucho m\u00e1s veloces y econ\u00f3micos, por lo que el acceso a las m\u00e1quinas de computaci\u00f3n aument\u00f3. A esta era se le conoce como la Revoluci\u00f3n de la Computaci\u00f3n. <\/li>\n<li>La aparici\u00f3n de la Inteligencia Artificialdio cabida a que grandes empresas encargadas del estudio y desarrollo de sistemas de computaci\u00f3n desarrollaran dispositivos de almacenamiento capaces de realizar tareas en simult\u00e1neo con una eficiencia cada vez mayor e independiente de la intervenci\u00f3n humana. <\/li>\n<\/ul>\"\n    }\n  }]\n}\n<\/script><\/p>\n\n\n\n<p>En l\u00edneas generales, la ciencia de la computaci\u00f3n se enfoca en el estudio de <strong>procesos algor\u00edtmicos<\/strong> para conseguir, representar, procesar, almacenar, acceder, transformar y comunicar la<strong> informaci\u00f3n codificada en datos a trav\u00e9s de distintos lenguajes program\u00e1ticos.<\/strong><\/p>\n\n\n\n<p>La computaci\u00f3n est\u00e1 estrechamente ligada a otras \u00e1reas cient\u00edficas como la <strong><a href=\"https:\/\/www.ferrovial.com\/es\/stem\/fisica\/\" target=\"_blank\" rel=\"noreferrer noopener\">f\u00edsica<\/a>, el <a href=\"https:\/\/www.ferrovial.com\/es\/stem\/algebra\/\" target=\"_blank\" rel=\"noreferrer noopener\">\u00e1lgebra<\/a> y la ling\u00fc\u00edstica,<\/strong> y su an\u00e1lisis y comprensi\u00f3n va m\u00e1s all\u00e1 del dise\u00f1o de equipos inform\u00e1ticos para el desarrollo de aplicaciones, lenguajes y sistemas para el procesamiento de datos.<\/p>\n\n\n\n<h2 class=\"wp-block-heading\"><strong>\u00bfCu\u00e1les son los elementos de la computaci\u00f3n?<\/strong><\/h2>\n\n\n\n<p>El proceso autom\u00e1tico de almacenamiento y manipulaci\u00f3n de la informaci\u00f3n a trav\u00e9s de dispositivos tecnol\u00f3gicos es posible gracias a dos elementos computacionales esenciales:<\/p>\n\n\n\n<ol class=\"wp-block-list\">\n<li><strong><em>Hardware <\/em><\/strong>(del ingl\u00e9s: <em>hard<\/em>, <em>duro<\/em>, y <em>wares<\/em>, <em>bienes <\/em>o <em>mercanc\u00edas<\/em>): se trata del <strong>conjunto de elementos f\u00edsicos<\/strong> que pueden verse y tocarse de los dispositivos electr\u00f3nicos. Es decir, son componentes tangibles como <strong>pantallas y teclados <\/strong>que dif\u00edcilmente pueden ser modificados para realizar una determinada tarea. Adem\u00e1s de aplicar a ordenadores, el <em>hardware<\/em> se utiliza en otros dispositivos electr\u00f3nicos como robots, <em>smartphones<\/em>, c\u00e1maras fotogr\u00e1ficas, etc. Los elementos de un <em>hardware<\/em> son: el n\u00facleo de la computadora, la unidad de control, la memoria, la unidad aritm\u00e9tico-l\u00f3gica y los elementos perif\u00e9ricos.&nbsp;<\/li>\n\n\n\n<li><strong><em>Software <\/em><\/strong>(del ingl\u00e9s: <em>soft<\/em>, <em>suave<\/em>, y <em>wares<\/em>, <em>bienes <\/em>o <em>mercanc\u00edas<\/em>)<strong><em>:<\/em><\/strong> se trata del conjunto de <strong>programas, aplicaciones, reglas e instrucciones <\/strong>inform\u00e1ticas que permiten el funcionamiento de los equipos electr\u00f3nicos para responder de manera efectiva las <strong>tareas espec\u00edficas o solicitudes de los usuarios. <\/strong>El <em>software<\/em> es considerado la parte l\u00f3gica de la computaci\u00f3n, y ejemplos de \u00e9l pueden ser los <strong>sistemas operativos, los navegadores web, videojuegos, programas o aplicaciones.\u00a0 <\/strong>Para el desarrollo de un <em>software <\/em>es necesario: el an\u00e1lisis de los requisitos del producto, el dise\u00f1o y arquitectura, la programaci\u00f3n, las pruebas, la documentaci\u00f3n y el mantenimiento.\u00a0<\/li>\n<\/ol>\n\n\n\n<p><em>Hardware <\/em>y<em> software<\/em> trabajan en conjunto para el an\u00e1lisis y procesamiento de informaci\u00f3n de datos a trav\u00e9s de sistemas computacionales: <strong>el <\/strong><strong><em>hardware<\/em><\/strong><strong> es el canal f\u00edsico por el cual las funciones y operaciones del <\/strong><strong><em>software<\/em><\/strong><strong> son posibles.<\/strong><\/p>\n\n\n\n<h2 class=\"wp-block-heading\"><strong>\u00bfCu\u00e1les son las \u00e1reas de estudio de la computaci\u00f3n?<\/strong><\/h2>\n\n\n\n<p>Las ciencias de la computaci\u00f3n se dividen en cuatro \u00e1reas principales:<\/p>\n\n\n\n<ul class=\"wp-block-list\">\n<li><strong>Algoritmos y estructura de datos:<\/strong> se analizan a nivel matem\u00e1tico para dar soluci\u00f3n a problemas espec\u00edficos.<\/li>\n\n\n\n<li><strong>Sistemas operativos: <\/strong>creados y actualizados para mejorar el funcionamiento de las m\u00e1quinas seg\u00fan las necesidades de los usuarios.<\/li>\n\n\n\n<li><strong>Arquitectura de computadores:<\/strong> creadas y mejoradas para perfeccionar sus capacidades, haci\u00e9ndolas m\u00e1s r\u00e1pidas.<\/li>\n\n\n\n<li><strong>Lenguaje de programaci\u00f3n: <\/strong>creados y multiplicados, para que sean m\u00e1s r\u00e1pidos y eficaces, con m\u00e1s funcionalidades.&nbsp;<\/li>\n<\/ul>\n\n\n\n<h2 class=\"wp-block-heading\"><strong>\u00bfCu\u00e1l ha sido la historia de la computaci\u00f3n?<\/strong><\/h2>\n\n\n\n<p>Procesos que antes consist\u00edan en seres humanos realizando c\u00e1lculos, con el paso del tiempo fueron convirti\u00e9ndose en m\u00e1quinas de gesti\u00f3n autom\u00e1tica de datos e informaci\u00f3n. Antes de la invenci\u00f3n de la primera computadora digital, la ciencia de la computaci\u00f3n fue evolucionando seg\u00fan invenciones de m\u00e1quinas para el c\u00e1lculo algor\u00edtmico. Algunos hitos:<\/p>\n\n\n\n<ul class=\"wp-block-list\">\n<li>El matem\u00e1tico franc\u00e9s <strong>Blaise Pascal<\/strong> dise\u00f1\u00f3 en 1642 la Pascalina, la <strong>primera calculadora mec\u00e1nica.<\/strong><\/li>\n\n\n\n<li>El matem\u00e1tico alem\u00e1n <strong>Gottfried Leibniz<\/strong> cre\u00f3, en 1673, la primera calculadora mec\u00e1nica digital. A \u00e9l se le considera el <strong>primer comput\u00f3logo y te\u00f3rico de la informaci\u00f3n<\/strong> porque <strong>document\u00f3 el sistema num\u00e9rico binario.<\/strong>&nbsp;<\/li>\n\n\n\n<li>1820 se crea la <strong>calculadora mec\u00e1nica industrial,<\/strong> primera m\u00e1quina en calcular, de manera fiable, para usarla en contextos industriales.<\/li>\n\n\n\n<li>A <strong>Charles Babbage <\/strong>se le considera como el <strong>padre de la computaci\u00f3n <\/strong>por haber dise\u00f1ado, a mediados del siglo XIX, la <strong>primera calculadora autom\u00e1tica mec\u00e1nica<\/strong> para calcular tablas num\u00e9ricas: la <strong>m\u00e1quina anal\u00edtica<\/strong> para ejecutar programas inform\u00e1ticos.<\/li>\n\n\n\n<li>La primera persona que dedujo las capacidades de los ordenadores m\u00e1s all\u00e1 del c\u00e1lculo fue <strong>Ada Lovelace<\/strong>, hija del c\u00e9lebre poeta Lord Byron, y tambi\u00e9n ella escritora, adem\u00e1s de matem\u00e1tica. Hoy en d\u00eda se le reconoce como la <strong>ingeniera en programaci\u00f3n de la historia<\/strong>.<\/li>\n\n\n\n<li>A partir de la d\u00e9cada de los cuarenta del siglo XX <strong>las computadoras empezaron a utilizarse para m\u00e1s funciones que el c\u00e1lculo matem\u00e1tico,<\/strong> y ya para 1950 las ciencias de la computaci\u00f3n empezaron a tratarse como una disciplina acad\u00e9mica.<\/li>\n\n\n\n<li>En la d\u00e9cada de los sesenta <strong>las m\u00e1quinas empezaron a tener mayor capacidad para el procesamiento de datos<\/strong>. Eran f\u00edsicamente m\u00e1s peque\u00f1as y la informaci\u00f3n ingresaba a la m\u00e1quina a trav\u00e9s de tarjetas perforadas. La empresa estadounidense<strong> IBM <\/strong><em>(<\/em>International Business Machines) es reconocida como pionera en el mundo de la computaci\u00f3n por lanzar las computadoras IBM 704 y 709.&nbsp;<\/li>\n\n\n\n<li>Poco a poco fueron<strong> desarroll\u00e1ndose sistemas operativos con circuitos integrados<\/strong> para su funcionamiento y la producci\u00f3n de m\u00e1quinas empez\u00f3 a ser en serie. Esto se ve facilitado por la llamada <strong>Revoluci\u00f3n Digital, gracias a la aparici\u00f3n del Internet.&nbsp;<\/strong><\/li>\n\n\n\n<li>Durante la \u00faltima generaci\u00f3n, aparecen los <strong><em>microchips<\/em><\/strong>, haciendo circuitos mucho m\u00e1s veloces y econ\u00f3micos, por lo que el acceso a las m\u00e1quinas de computaci\u00f3n aument\u00f3. A esta era se le conoce como la <strong>Revoluci\u00f3n de la Computaci\u00f3n.&nbsp;<\/strong><\/li>\n\n\n\n<li>La aparici\u00f3n de la <a href=\"https:\/\/www.ferrovial.com\/es\/recursos\/inteligencia-artificial\/\" target=\"_blank\" rel=\"noreferrer noopener\"><strong>Inteligencia Artificial<\/strong><\/a><strong> <\/strong>dio cabida a que grandes empresas encargadas del estudio y desarrollo de sistemas de computaci\u00f3n desarrollaran <strong>dispositivos de almacenamiento<\/strong> capaces de realizar tareas en simult\u00e1neo con una eficiencia cada vez mayor e independiente de la intervenci\u00f3n humana.&nbsp;<\/li>\n<\/ul>\n<\/div><\/m-wysiwig>\n","protected":false},"excerpt":{"rendered":"","protected":false},"featured_media":0,"parent":227878,"menu_order":0,"comment_status":"closed","ping_status":"closed","template":"","meta":{"_acf_changed":false,"footnotes":""},"class_list":["post-228304","page","type-page","status-publish","hentry"],"acf":[],"yoast_head":"<!-- This site is optimized with the Yoast SEO plugin v27.2 - https:\/\/yoast.com\/product\/yoast-seo-wordpress\/ -->\n<title>Computaci\u00f3n - Ferrovial<\/title>\n<meta name=\"description\" content=\"La computaci\u00f3n hace referencia a la tecnolog\u00eda desarrollada y utilizada para el tratamiento autom\u00e1tico de la informaci\u00f3n a trav\u00e9s del uso de ordenadores.\" \/>\n<meta name=\"robots\" content=\"index, follow, max-snippet:-1, max-image-preview:large, max-video-preview:-1\" \/>\n<link rel=\"canonical\" href=\"https:\/\/www.ferrovial.com\/es\/stem\/computacion\/\" \/>\n<meta property=\"og:locale\" content=\"es_ES\" \/>\n<meta property=\"og:type\" content=\"article\" \/>\n<meta property=\"og:title\" content=\"Computaci\u00f3n - Ferrovial\" \/>\n<meta property=\"og:description\" content=\"La computaci\u00f3n hace referencia a la tecnolog\u00eda desarrollada y utilizada para el tratamiento autom\u00e1tico de la informaci\u00f3n a trav\u00e9s del uso de ordenadores.\" \/>\n<meta property=\"og:url\" content=\"https:\/\/www.ferrovial.com\/es\/stem\/computacion\/\" \/>\n<meta property=\"og:site_name\" content=\"Ferrovial\" \/>\n<meta property=\"article:publisher\" content=\"https:\/\/www.facebook.com\/ferrovial\" \/>\n<meta property=\"article:modified_time\" content=\"2024-09-03T14:23:13+00:00\" \/>\n<meta name=\"twitter:card\" content=\"summary_large_image\" \/>\n<meta name=\"twitter:site\" content=\"@ferrovial\" \/>\n<meta name=\"twitter:label1\" content=\"Est. reading time\" \/>\n\t<meta name=\"twitter:data1\" content=\"4 minutos\" \/>\n<!-- \/ Yoast SEO plugin. -->","yoast_head_json":{"title":"Computaci\u00f3n - Ferrovial","description":"La computaci\u00f3n hace referencia a la tecnolog\u00eda desarrollada y utilizada para el tratamiento autom\u00e1tico de la informaci\u00f3n a trav\u00e9s del uso de ordenadores.","robots":{"index":"index","follow":"follow","max-snippet":"max-snippet:-1","max-image-preview":"max-image-preview:large","max-video-preview":"max-video-preview:-1"},"canonical":"https:\/\/www.ferrovial.com\/es\/stem\/computacion\/","og_locale":"es_ES","og_type":"article","og_title":"Computaci\u00f3n - Ferrovial","og_description":"La computaci\u00f3n hace referencia a la tecnolog\u00eda desarrollada y utilizada para el tratamiento autom\u00e1tico de la informaci\u00f3n a trav\u00e9s del uso de ordenadores.","og_url":"https:\/\/www.ferrovial.com\/es\/stem\/computacion\/","og_site_name":"Ferrovial","article_publisher":"https:\/\/www.facebook.com\/ferrovial","article_modified_time":"2024-09-03T14:23:13+00:00","twitter_card":"summary_large_image","twitter_site":"@ferrovial","twitter_misc":{"Est. reading time":"4 minutos"},"schema":{"@context":"https:\/\/schema.org","@graph":[{"@type":"WebPage","@id":"https:\/\/www.ferrovial.com\/es\/stem\/computacion\/","url":"https:\/\/www.ferrovial.com\/es\/stem\/computacion\/","name":"Computaci\u00f3n - Ferrovial","isPartOf":{"@id":"https:\/\/www.ferrovial.com\/es\/#website"},"datePublished":"2022-07-08T08:35:04+00:00","dateModified":"2024-09-03T14:23:13+00:00","description":"La computaci\u00f3n hace referencia a la tecnolog\u00eda desarrollada y utilizada para el tratamiento autom\u00e1tico de la informaci\u00f3n a trav\u00e9s del uso de ordenadores.","breadcrumb":{"@id":"https:\/\/www.ferrovial.com\/es\/stem\/computacion\/#breadcrumb"},"inLanguage":"es","potentialAction":[{"@type":"ReadAction","target":["https:\/\/www.ferrovial.com\/es\/stem\/computacion\/"]}]},{"@type":"BreadcrumbList","@id":"https:\/\/www.ferrovial.com\/es\/stem\/computacion\/#breadcrumb","itemListElement":[{"@type":"ListItem","position":1,"name":"Portada","item":"https:\/\/www.ferrovial.com\/es\/"},{"@type":"ListItem","position":2,"name":"STEM","item":"https:\/\/www.ferrovial.com\/es\/stem\/"},{"@type":"ListItem","position":3,"name":"Computaci\u00f3n"}]},{"@type":"WebSite","@id":"https:\/\/www.ferrovial.com\/es\/#website","url":"https:\/\/www.ferrovial.com\/es\/","name":"Ferrovial","description":"Welcome to the Ferrovial&#039;s website, global operator of sustainable infrastructure. Here you can find all the information about the company and subsidiaries.","publisher":{"@id":"https:\/\/www.ferrovial.com\/es\/#organization"},"potentialAction":[{"@type":"SearchAction","target":{"@type":"EntryPoint","urlTemplate":"https:\/\/www.ferrovial.com\/es\/?s={search_term_string}"},"query-input":{"@type":"PropertyValueSpecification","valueRequired":true,"valueName":"search_term_string"}}],"inLanguage":"es"},{"@type":"Organization","@id":"https:\/\/www.ferrovial.com\/es\/#organization","name":"Ferrovial S.A.","url":"https:\/\/www.ferrovial.com\/es\/","logo":{"@type":"ImageObject","inLanguage":"es","@id":"https:\/\/www.ferrovial.com\/es\/#\/schema\/logo\/image\/","url":"https:\/\/static.ferrovial.com\/wp-content\/uploads\/2020\/01\/13124948\/logo-ferrovial-cf7.png","contentUrl":"https:\/\/static.ferrovial.com\/wp-content\/uploads\/2020\/01\/13124948\/logo-ferrovial-cf7.png","width":144,"height":32,"caption":"Ferrovial S.A."},"image":{"@id":"https:\/\/www.ferrovial.com\/es\/#\/schema\/logo\/image\/"},"sameAs":["https:\/\/www.facebook.com\/ferrovial","https:\/\/x.com\/ferrovial","https:\/\/www.instagram.com\/ferrovial\/","https:\/\/www.linkedin.com\/company\/ferrovial","https:\/\/www.pinterest.es\/ferrovial\/","https:\/\/www.youtube.com\/ferrovial","https:\/\/en.wikipedia.org\/wiki\/Ferrovial"]}]}},"_links":{"self":[{"href":"https:\/\/www.ferrovial.com\/es\/wp-json\/wp\/v2\/pages\/228304","targetHints":{"allow":["GET"]}}],"collection":[{"href":"https:\/\/www.ferrovial.com\/es\/wp-json\/wp\/v2\/pages"}],"about":[{"href":"https:\/\/www.ferrovial.com\/es\/wp-json\/wp\/v2\/types\/page"}],"replies":[{"embeddable":true,"href":"https:\/\/www.ferrovial.com\/es\/wp-json\/wp\/v2\/comments?post=228304"}],"version-history":[{"count":3,"href":"https:\/\/www.ferrovial.com\/es\/wp-json\/wp\/v2\/pages\/228304\/revisions"}],"predecessor-version":[{"id":287511,"href":"https:\/\/www.ferrovial.com\/es\/wp-json\/wp\/v2\/pages\/228304\/revisions\/287511"}],"up":[{"embeddable":true,"href":"https:\/\/www.ferrovial.com\/es\/wp-json\/wp\/v2\/pages\/227878"}],"wp:attachment":[{"href":"https:\/\/www.ferrovial.com\/es\/wp-json\/wp\/v2\/media?parent=228304"}],"curies":[{"name":"wp","href":"https:\/\/api.w.org\/{rel}","templated":true}]}}