{"id":228309,"date":"2022-07-08T10:45:46","date_gmt":"2022-07-08T08:45:46","guid":{"rendered":"https:\/\/www.ferrovial.com\/?page_id=228309"},"modified":"2024-09-16T21:14:32","modified_gmt":"2024-09-16T19:14:32","slug":"hardware","status":"publish","type":"page","link":"https:\/\/www.ferrovial.com\/es\/stem\/hardware\/","title":{"rendered":"Hardware"},"content":{"rendered":"    <m-final-content-header >\n            <c-breadcrumb label-text=\"Breadcrumb\" slot=\"breadcrumbs\" type='2' align='left' wrap='wrapped wrapped' aria-label='Vienes de STEM'>\n                        <ol>\n\n                                                            <li><a href=\"https:\/\/www.ferrovial.com\/es\/\" title=\"Ferrovial\">Ferrovial<\/a><\/li>\n                                                                        <li><a href=\"https:\/\/www.ferrovial.com\/es\/stem\/\" title=\"STEM\">STEM<\/a><\/li>\n                                    \n                <\/ol>\n\n                <\/c-breadcrumb>\n    \n        <div slot=\"header\">\n            <h1>\n                \u00bfQu\u00e9 es el hardware?            <\/h1>\n                    <\/div>\n    <\/m-final-content-header>\n\n    \n\n\n<m-wysiwig class=\"wp-block-components-wysiwyg\"><div slot=\"maincontent\">\n<p><script type=\"application\/ld+json\">\n{\n  \"@context\": \"https:\/\/schema.org\",\n  \"@type\": \"FAQPage\",\n  \"mainEntity\": [{\n    \"@type\": \"Question\",\n    \"name\": \"\u00bfQu\u00e9 es el hardware?\",\n    \"acceptedAnswer\": {\n      \"@type\": \"Answer\",\n      \"text\": \"Se conoce como hardware al soporte f\u00edsico y tangible de un sistema inform\u00e1tico, as\u00ed como todos los elementos perif\u00e9ricos que lo componen. Aunque la palabra frecuentemente se asocia con ordenadores, el hardware tambi\u00e9n puede ser cualquier otro equipo electr\u00f3nico como m\u00f3viles, c\u00e1maras fotogr\u00e1ficas, robots de cocina, entre otros. Adem\u00e1s, existen componentes como cables, ventiladores, ratones o teclados que se consideran como hardware perif\u00e9rico.\"\n    }\n  },{\n    \"@type\": \"Question\",\n    \"name\": \"\u00bfC\u00f3mo se puede clasificar el hardware?\",\n    \"acceptedAnswer\": {\n      \"@type\": \"Answer\",\n      \"text\": \"El hardware se puede clasificar en dos grandes categor\u00edas:\n<ul>\n<li>B\u00e1sico o principal: conformado por todos los componentes indispensables para darle al equipo electr\u00f3nico una funcionalidad b\u00e1sica. Sin estos, el hardware de un ordenador o equipo electr\u00f3nico estar\u00eda incompleto y, por lo tanto, no resultar\u00eda \u00fatil.\n<\/li>\n<li>Complementario: conformado por los componentes que cumplen una funci\u00f3n muy espec\u00edfica, pero no son realmente indispensables para el correcto funcionamiento del equipo inform\u00e1tico.\n<\/li>\n<\/ul>\"\n    }\n  },{\n    \"@type\": \"Question\",\n    \"name\": \"\u00bfCu\u00e1les son los tipos de hardware seg\u00fan su funci\u00f3n?\",\n    \"acceptedAnswer\": {\n      \"@type\": \"Answer\",\n      \"text\": \"<ol>\n<li>De procesamiento: es el CPU (por sus siglas en ingl\u00e9s: Central Processing Unit)o Unidad Central de Procesamiento, es decir, el centro de la unidad f\u00edsica que ofrece la capacidad del procesamiento del sistema.<\/li>\n<li>De almacenamiento: se encarga de reunir datos. Puede ser interno, secundario o extra\u00edble, como los discos duros o memorias USB.<\/li>\n<li>Perif\u00e9rico: son los accesorios que se suman al hardware principal para brindarle nuevas funciones. Pueden ser de entrada (que permiten introducir datos al sistema, como un teclado, rat\u00f3n o micr\u00f3fono) o de salida (que permiten extraer datos del sistema, como una impresora o proyector).<\/li>\n<li>Mixto: combina la entrada y salida de datos, como los smartphones.<\/li>\n<\/ol>\"\n    }\n  },{\n    \"@type\": \"Question\",\n    \"name\": \"\u00bfCu\u00e1les son algunos ejemplos comunes de hardware?\",\n    \"acceptedAnswer\": {\n      \"@type\": \"Answer\",\n      \"text\": \"Conociendo cu\u00e1les son las caracter\u00edsticas principales de un hardware y su clasificaci\u00f3n de acuerdo con sus objetivos y funci\u00f3n, algunos ejemplos son:\n<ul>\n<li>Placa base: se trata del elemento com\u00fan a trav\u00e9s del cual se conectan el resto de componentes de cualquier equipo electr\u00f3nico para hacerlo \u00fatil. En el caso de los ordenadores, todos los componentes internos se conectan a la placa base a trav\u00e9s de diferentes puertos.\n<\/li>\n<li>Monitor o pantalla: donde se expone la informaci\u00f3n a los usuarios de los equipos.\n<\/li>\n<li>Tarjeta de red: circuitos electr\u00f3nicos presentes en la base del CPU que le permitien al ordenador interactuar con redes de datos a distancia.\n<\/li>\n<li>Impresora: hardware perif\u00e9rico que pasa a papel la informaci\u00f3n digital.\n<\/li>\n<li>Memoria RAM (Random Access Memory): es la memoria principal con la que trabaja cualquier sistema inform\u00e1tico; almacena informaci\u00f3n a la cual se puede acceder r\u00e1pidamente.\n<\/li>\n<li>C\u00e1mara: permite la entrada de imagen.\n<\/li>\n<li>M\u00f3dem: facilita la comunicaci\u00f3n y transmisi\u00f3n de datos para la conexi\u00f3n con redes inform\u00e1ticas externas.\n<\/li>\n<li>Pendrive: se trata de un hardware perif\u00e9rico de memoria que resulta \u00fatil para trasladar informaci\u00f3n de manera r\u00e1pida de la memoria interna de un sistema a otro. Se conecta en los puertos USB.\n<\/li>\n<\/ul>\"\n    }\n  },{\n    \"@type\": \"Question\",\n    \"name\": \"\u00bfQu\u00e9 es el hardware libre y qu\u00e9 proyectos existen en torno a este concepto?\",\n    \"acceptedAnswer\": {\n      \"@type\": \"Answer\",\n      \"text\": \"La idea del hardware libre nace en 1975 del club estadounidense Homebrew Computer, liderado por Gordon French y Fred Moore. Este par de aficionados de la electr\u00f3nica propusieron crear dise\u00f1os que otras personas pudieran modificar para darle una nueva funci\u00f3n o utilidad. Se conoce como el DIY (Do it yourself) de la electr\u00f3nica.\n\nEstos son algunos de los proyectos que, junto con planteamientos de software libre, est\u00e1n orientados a esta corriente:\n\n<ul>\n<li>E-puck:Se trata de un robot m\u00f3vil de hardware abierto dise\u00f1ado en la Escuela Polit\u00e9cnica Federal de Lausana, en Suiza, con fines acad\u00e9micos, aunque la comunidad cient\u00edfica ha hecho uso de \u00e9l para investigaciones en rob\u00f3tica colectiva, evolutiva y art\u00edstica.  <\/li>\n<li>Open Source Ecology: Plantea el desarrollo de un conjunto de maquinaria industrial con acceso universal con el objetivo de que generen el menor impacto medioambiental posible. Fue liderado por un grupo de agricultores e ingenieros para construir el Global Village Construction Set (GVCS) o Conjunto Constructivo de la Villa Global. <\/li>\n<li>Tabby EVO: Se trata de la iniciativa de Open Motors, desarrollada en 1999, para dise\u00f1ar un autom\u00f3vil el\u00e9ctrico utilizando herramientas exclusivas de c\u00f3digo abierto. Para ello, se les brind\u00f3 a distintos profesionales (ingenieros, fabricantes, dise\u00f1adores industriales, etc.) varios componentes del veh\u00edculo para su fabricaci\u00f3n. <\/li>\n<\/ul>\"\n    }\n  }]\n}\n<\/script><p>Se conoce como <em>hardware<\/em> al <strong>soporte f\u00edsico y tangible de un sistema inform\u00e1tico,<\/strong> as\u00ed como todos los elementos perif\u00e9ricos que lo componen. Aunque la palabra frecuentemente se asocia con ordenadores, el <em>hardware<\/em> tambi\u00e9n puede ser <strong>cualquier otro equipo electr\u00f3nico como m\u00f3viles, c\u00e1maras fotogr\u00e1ficas, <\/strong><strong><em>robots<\/em><\/strong><strong> de cocina,<\/strong> entre otros. Adem\u00e1s, existen componentes como <strong>cables, ventiladores, ratones o teclados <\/strong>que se consideran como <em>hardware<\/em> perif\u00e9rico.<\/p><\/p>\n\n\n\n<h2 class=\"wp-block-heading\"><strong>\u00bfC\u00f3mo se puede clasificar el <\/strong><strong><em>hardware<\/em><\/strong><strong>?<\/strong><\/h2>\n\n\n\n<p>El <em>hardware <\/em>se puede clasificar en dos grandes categor\u00edas:<\/p>\n\n\n\n<ul class=\"wp-block-list\">\n<li><strong>B\u00e1sico o principal:<\/strong> conformado por todos los componentes <strong>indispensables para darle al equipo electr\u00f3nico una funcionalidad b\u00e1sica. <\/strong>Sin estos, el <em>hardware<\/em> de un ordenador o equipo electr\u00f3nico estar\u00eda incompleto y, por lo tanto,<strong> no resultar\u00eda \u00fatil.<\/strong><\/li>\n\n\n\n<li><strong>Complementario:<\/strong> conformado por los componentes que cumplen una funci\u00f3n muy espec\u00edfica, pero no son realmente indispensables para el correcto funcionamiento del equipo inform\u00e1tico.<\/li>\n<\/ul>\n\n\n\n<h2 class=\"wp-block-heading\"><strong>\u00bfCu\u00e1les son los tipos de <\/strong><strong><em>hardware<\/em><\/strong><strong> seg\u00fan su funci\u00f3n?<\/strong><\/h2>\n\n\n\n<p>1. <strong>De procesamiento:<\/strong> es el CPU (por sus siglas en ingl\u00e9s: <em>Central Processing Unit<\/em>)<em> <\/em>o Unidad Central de Procesamiento, es decir, el centro de la unidad f\u00edsica que ofrece la capacidad del procesamiento del sistema.<\/p>\n\n\n\n<p>2. <strong>De almacenamiento:<\/strong> se encarga de reunir datos. Puede ser interno, secundario o extra\u00edble, como los discos duros o memorias USB.<\/p>\n\n\n\n<p>3. <strong>Perif\u00e9rico:<\/strong> son los accesorios que se suman al <em>hardware <\/em>principal para brindarle nuevas funciones. Pueden ser de entrada (que permiten introducir datos al sistema, como un teclado, rat\u00f3n o micr\u00f3fono) o de salida (que permiten extraer datos del sistema, como una impresora o proyector).<\/p>\n\n\n\n<p>4. <strong>Mixto:<\/strong> combina la entrada y salida de datos, como los <em>smartphones<\/em>.<\/p>\n\n\n\n<h2 class=\"wp-block-heading\"><strong>\u00bfCu\u00e1les son algunos ejemplos comunes de <\/strong><strong><em>hardware<\/em><\/strong><strong>?<\/strong><\/h2>\n\n\n\n<p>Conociendo cu\u00e1les son las caracter\u00edsticas principales de un <em>hardware<\/em> y su clasificaci\u00f3n de acuerdo con sus objetivos y funci\u00f3n, algunos ejemplos son:<\/p>\n\n\n\n<ul class=\"wp-block-list\">\n<li><strong>Placa base:<\/strong> se trata del elemento com\u00fan a trav\u00e9s del cual se conectan el resto de componentes de cualquier equipo electr\u00f3nico para hacerlo \u00fatil. En el caso de los ordenadores, todos los componentes internos se conectan a la placa base a trav\u00e9s de diferentes puertos.<\/li>\n\n\n\n<li><strong>Monitor o pantalla:<\/strong> donde se expone la informaci\u00f3n a los usuarios de los equipos.<\/li>\n\n\n\n<li><strong>Tarjeta de red:<\/strong> circuitos electr\u00f3nicos presentes en la base del CPU que le permiten al ordenador interactuar con redes de datos a distancia.<\/li>\n\n\n\n<li><strong>Impresora:<\/strong> <em>hardware<\/em> perif\u00e9rico que pasa a papel la informaci\u00f3n digital.<\/li>\n\n\n\n<li><strong>Memoria RAM (<\/strong><strong><em>Random Access Memory<\/em><\/strong><strong>):<\/strong> es la memoria principal con la que trabaja cualquier sistema inform\u00e1tico; almacena informaci\u00f3n a la cual se puede acceder r\u00e1pidamente.<\/li>\n\n\n\n<li><strong>C\u00e1mara:<\/strong> permite la entrada de imagen.<\/li>\n\n\n\n<li><strong>M\u00f3dem: <\/strong>facilita la comunicaci\u00f3n y transmisi\u00f3n de datos para la conexi\u00f3n con redes inform\u00e1ticas externas.<\/li>\n\n\n\n<li><strong><em>Pendrive<\/em><\/strong><strong>:<\/strong> se trata de un<em> hardware<\/em> perif\u00e9rico de memoria que resulta \u00fatil para trasladar informaci\u00f3n de manera r\u00e1pida de la memoria interna de un sistema a otro. Se conecta en los puertos USB.<\/li>\n<\/ul>\n\n\n\n<h2 class=\"wp-block-heading\"><strong>\u00bfQu\u00e9 es el <\/strong><strong><em>hardware<\/em><\/strong><strong> libre y qu\u00e9 proyectos existen en torno a este concepto?<\/strong><\/h2>\n\n\n\n<p>La idea del <em>hardware<\/em> libre nace en 1975 del club estadounidense Homebrew Computer, liderado por Gordon French y Fred Moore. Este par de aficionados de la electr\u00f3nica propusieron <strong>crear dise\u00f1os que otras personas pudieran modificar para darle una nueva funci\u00f3n o utilidad. <\/strong>Se conoce como el <em>DIY (Do it yourself)<\/em> de la electr\u00f3nica.<\/p>\n\n\n\n<p>Estos son algunos de los proyectos que, junto con planteamientos de <em><a href=\"https:\/\/www.ferrovial.com\/es\/stem\/software\/\" target=\"_blank\" rel=\"noreferrer noopener\">software<\/a><\/em> libre, est\u00e1n orientados a esta corriente:<\/p>\n\n\n\n<ul class=\"wp-block-list\">\n<li><a href=\"https:\/\/e-puck.gctronic.com\/\" target=\"_blank\" rel=\"noreferrer noopener\"><strong>e-puck<\/strong><\/a><\/li>\n<\/ul>\n\n\n\n<p>Se trata de un <strong>robot m\u00f3vil de <\/strong><strong><em>hardware<\/em><\/strong><strong> abierto <\/strong>dise\u00f1ado en la <em>Escuela Polit\u00e9cnica Federal de Lausana,<\/em> en Suiza, con fines acad\u00e9micos, aunque la comunidad cient\u00edfica <strong>ha hecho uso de \u00e9l para investigaciones en rob\u00f3tica colectiva, evolutiva y art\u00edstica.&nbsp;<\/strong><\/p>\n\n\n\n<ul class=\"wp-block-list\">\n<li><a href=\"https:\/\/www.opensourceecology.org\/\" target=\"_blank\" rel=\"noreferrer noopener\"><strong>Open Source Ecology<\/strong><\/a><\/li>\n<\/ul>\n\n\n\n<p>Plantea el <strong>desarrollo de un conjunto de maquinaria industrial con acceso universal <\/strong>con el objetivo de que generen el menor impacto medioambiental posible. Fue liderado por un grupo de agricultores e ingenieros para construir el <em>Global Village Construction Set<\/em> (GVCS) o Conjunto Constructivo de la Villa Global.<\/p>\n\n\n\n<ul class=\"wp-block-list\">\n<li><a href=\"https:\/\/www.openmotors.co\/product\/tabbyevo\/\" target=\"_blank\" rel=\"noreferrer noopener\"><strong>Tabby EVO<\/strong><\/a><\/li>\n<\/ul>\n\n\n\n<p>Se trata de la iniciativa de <em>Open Motors<\/em>, desarrollada en 1999, para dise\u00f1ar un <strong>autom\u00f3vil el\u00e9ctrico utilizando herramientas exclusivas de c\u00f3digo abierto.<\/strong> Para ello, se les brind\u00f3 a distintos profesionales (ingenieros, fabricantes, dise\u00f1adores industriales, etc.) varios componentes del veh\u00edculo para su fabricaci\u00f3n.<\/p>\n<\/div><\/m-wysiwig>\n","protected":false},"excerpt":{"rendered":"","protected":false},"featured_media":0,"parent":227878,"menu_order":0,"comment_status":"closed","ping_status":"closed","template":"","meta":{"_acf_changed":false,"footnotes":""},"class_list":["post-228309","page","type-page","status-publish","hentry"],"acf":[],"yoast_head":"<!-- This site is optimized with the Yoast SEO plugin v27.2 - https:\/\/yoast.com\/product\/yoast-seo-wordpress\/ -->\n<title>Hardware - Ferrovial<\/title>\n<meta name=\"description\" content=\"Se conoce como hardware al soporte f\u00edsico y tangible de un sistema inform\u00e1tico, as\u00ed como todos los elementos perif\u00e9ricos que lo componen.\" \/>\n<meta name=\"robots\" content=\"index, follow, max-snippet:-1, max-image-preview:large, max-video-preview:-1\" \/>\n<link rel=\"canonical\" href=\"https:\/\/www.ferrovial.com\/es\/stem\/hardware\/\" \/>\n<meta property=\"og:locale\" content=\"es_ES\" \/>\n<meta property=\"og:type\" content=\"article\" \/>\n<meta property=\"og:title\" content=\"Hardware - Ferrovial\" \/>\n<meta property=\"og:description\" content=\"Se conoce como hardware al soporte f\u00edsico y tangible de un sistema inform\u00e1tico, as\u00ed como todos los elementos perif\u00e9ricos que lo componen.\" \/>\n<meta property=\"og:url\" content=\"https:\/\/www.ferrovial.com\/es\/stem\/hardware\/\" \/>\n<meta property=\"og:site_name\" content=\"Ferrovial\" \/>\n<meta property=\"article:publisher\" content=\"https:\/\/www.facebook.com\/ferrovial\" \/>\n<meta property=\"article:modified_time\" content=\"2024-09-16T19:14:32+00:00\" \/>\n<meta name=\"twitter:card\" content=\"summary_large_image\" \/>\n<meta name=\"twitter:site\" content=\"@ferrovial\" \/>\n<meta name=\"twitter:label1\" content=\"Est. reading time\" \/>\n\t<meta name=\"twitter:data1\" content=\"4 minutos\" \/>\n<!-- \/ Yoast SEO plugin. -->","yoast_head_json":{"title":"Hardware - Ferrovial","description":"Se conoce como hardware al soporte f\u00edsico y tangible de un sistema inform\u00e1tico, as\u00ed como todos los elementos perif\u00e9ricos que lo componen.","robots":{"index":"index","follow":"follow","max-snippet":"max-snippet:-1","max-image-preview":"max-image-preview:large","max-video-preview":"max-video-preview:-1"},"canonical":"https:\/\/www.ferrovial.com\/es\/stem\/hardware\/","og_locale":"es_ES","og_type":"article","og_title":"Hardware - Ferrovial","og_description":"Se conoce como hardware al soporte f\u00edsico y tangible de un sistema inform\u00e1tico, as\u00ed como todos los elementos perif\u00e9ricos que lo componen.","og_url":"https:\/\/www.ferrovial.com\/es\/stem\/hardware\/","og_site_name":"Ferrovial","article_publisher":"https:\/\/www.facebook.com\/ferrovial","article_modified_time":"2024-09-16T19:14:32+00:00","twitter_card":"summary_large_image","twitter_site":"@ferrovial","twitter_misc":{"Est. reading time":"4 minutos"},"schema":{"@context":"https:\/\/schema.org","@graph":[{"@type":"WebPage","@id":"https:\/\/www.ferrovial.com\/es\/stem\/hardware\/","url":"https:\/\/www.ferrovial.com\/es\/stem\/hardware\/","name":"Hardware - Ferrovial","isPartOf":{"@id":"https:\/\/www.ferrovial.com\/es\/#website"},"datePublished":"2022-07-08T08:45:46+00:00","dateModified":"2024-09-16T19:14:32+00:00","description":"Se conoce como hardware al soporte f\u00edsico y tangible de un sistema inform\u00e1tico, as\u00ed como todos los elementos perif\u00e9ricos que lo componen.","breadcrumb":{"@id":"https:\/\/www.ferrovial.com\/es\/stem\/hardware\/#breadcrumb"},"inLanguage":"es","potentialAction":[{"@type":"ReadAction","target":["https:\/\/www.ferrovial.com\/es\/stem\/hardware\/"]}]},{"@type":"BreadcrumbList","@id":"https:\/\/www.ferrovial.com\/es\/stem\/hardware\/#breadcrumb","itemListElement":[{"@type":"ListItem","position":1,"name":"Portada","item":"https:\/\/www.ferrovial.com\/es\/"},{"@type":"ListItem","position":2,"name":"STEM","item":"https:\/\/www.ferrovial.com\/es\/stem\/"},{"@type":"ListItem","position":3,"name":"Hardware"}]},{"@type":"WebSite","@id":"https:\/\/www.ferrovial.com\/es\/#website","url":"https:\/\/www.ferrovial.com\/es\/","name":"Ferrovial","description":"Welcome to the Ferrovial&#039;s website, global operator of sustainable infrastructure. Here you can find all the information about the company and subsidiaries.","publisher":{"@id":"https:\/\/www.ferrovial.com\/es\/#organization"},"potentialAction":[{"@type":"SearchAction","target":{"@type":"EntryPoint","urlTemplate":"https:\/\/www.ferrovial.com\/es\/?s={search_term_string}"},"query-input":{"@type":"PropertyValueSpecification","valueRequired":true,"valueName":"search_term_string"}}],"inLanguage":"es"},{"@type":"Organization","@id":"https:\/\/www.ferrovial.com\/es\/#organization","name":"Ferrovial S.A.","url":"https:\/\/www.ferrovial.com\/es\/","logo":{"@type":"ImageObject","inLanguage":"es","@id":"https:\/\/www.ferrovial.com\/es\/#\/schema\/logo\/image\/","url":"https:\/\/static.ferrovial.com\/wp-content\/uploads\/2020\/01\/13124948\/logo-ferrovial-cf7.png","contentUrl":"https:\/\/static.ferrovial.com\/wp-content\/uploads\/2020\/01\/13124948\/logo-ferrovial-cf7.png","width":144,"height":32,"caption":"Ferrovial S.A."},"image":{"@id":"https:\/\/www.ferrovial.com\/es\/#\/schema\/logo\/image\/"},"sameAs":["https:\/\/www.facebook.com\/ferrovial","https:\/\/x.com\/ferrovial","https:\/\/www.instagram.com\/ferrovial\/","https:\/\/www.linkedin.com\/company\/ferrovial","https:\/\/www.pinterest.es\/ferrovial\/","https:\/\/www.youtube.com\/ferrovial","https:\/\/en.wikipedia.org\/wiki\/Ferrovial"]}]}},"_links":{"self":[{"href":"https:\/\/www.ferrovial.com\/es\/wp-json\/wp\/v2\/pages\/228309","targetHints":{"allow":["GET"]}}],"collection":[{"href":"https:\/\/www.ferrovial.com\/es\/wp-json\/wp\/v2\/pages"}],"about":[{"href":"https:\/\/www.ferrovial.com\/es\/wp-json\/wp\/v2\/types\/page"}],"replies":[{"embeddable":true,"href":"https:\/\/www.ferrovial.com\/es\/wp-json\/wp\/v2\/comments?post=228309"}],"version-history":[{"count":3,"href":"https:\/\/www.ferrovial.com\/es\/wp-json\/wp\/v2\/pages\/228309\/revisions"}],"predecessor-version":[{"id":288243,"href":"https:\/\/www.ferrovial.com\/es\/wp-json\/wp\/v2\/pages\/228309\/revisions\/288243"}],"up":[{"embeddable":true,"href":"https:\/\/www.ferrovial.com\/es\/wp-json\/wp\/v2\/pages\/227878"}],"wp:attachment":[{"href":"https:\/\/www.ferrovial.com\/es\/wp-json\/wp\/v2\/media?parent=228309"}],"curies":[{"name":"wp","href":"https:\/\/api.w.org\/{rel}","templated":true}]}}