{"id":22831,"date":"2019-09-12T12:18:51","date_gmt":"2019-09-12T10:18:51","guid":{"rendered":"https:\/\/www.ferrovial.com\/?page_id=22831"},"modified":"2025-10-24T16:25:16","modified_gmt":"2025-10-24T14:25:16","slug":"gobierno-corporativo","status":"publish","type":"page","link":"https:\/\/www.ferrovial.com\/es\/accionistas-e-inversores\/gobierno-corporativo\/","title":{"rendered":"Gobierno corporativo"},"content":{"rendered":"    <m-final-content-header >\n            <c-breadcrumb label-text=\"Breadcrumb\" slot=\"breadcrumbs\" type='2' align='left' wrap='wrapped wrapped' aria-label='Vienes de Accionistas e inversores'>\n                        <ol>\n\n                                                            <li><a href=\"https:\/\/www.ferrovial.com\/es\/\" title=\"Ferrovial\">Ferrovial<\/a><\/li>\n                                                                        <li><a href=\"https:\/\/www.ferrovial.com\/es\/accionistas-e-inversores\/\" title=\"Accionistas e inversores\">Accionistas e inversores<\/a><\/li>\n                                    \n                <\/ol>\n\n                <\/c-breadcrumb>\n    \n        <div slot=\"header\">\n            <h1>\n                Gobierno corporativo            <\/h1>\n                    <\/div>\n    <\/m-final-content-header>\n\n    \n\n    <m-multiple-distributor columns='3'>\n                        <div slot=\"salient\">\n                                        <img decoding=\"async\" src=\"https:\/\/static.ferrovial.com\/wp-content\/uploads\/2019\/10\/13133245\/platea-textura-723x600.jpg\" alt=\"Ferrovial Consejo Administracion\" position=\"center center\" \/>\n                                                <p class=\"name\">Consejo de Administraci\u00f3n <\/p>\n                                                            <p class=\"description\">Descripci\u00f3n por defecto<\/p>\n                                                                <a title='M\u00e1s informaci\u00f3n' aria-label='M\u00e1s informaci\u00f3n sobre Consejo de Administraci\u00f3n '>M\u00e1s informaci\u00f3n<\/a>\n                                                    <\/div>\n                                    <div class=\"card\">\n                                                <img decoding=\"async\" src=\"https:\/\/static.ferrovial.com\/wp-content\/uploads\/2019\/10\/13133239\/wydzial-textura-600x800.jpg\" alt=\"Ferrovial Comisiones\" position=\"center center\" \/>\n                                                        <p class=\"name\">Comisiones <\/p>\n                                                                    <p class=\"description\">Descripci\u00f3n por defecto<\/p>\n                                                                        <a title='M\u00e1s informaci\u00f3n' aria-label='M\u00e1s informaci\u00f3n sobre Comisiones '>M\u00e1s informaci\u00f3n<\/a>\n                                                            <\/div>\n                                        <div class=\"card\">\n                                                <img decoding=\"async\" src=\"https:\/\/static.ferrovial.com\/wp-content\/uploads\/2019\/10\/13133241\/textura-600x800.jpg\" alt=\"Ferrovial Junta General\" position=\"center center\" \/>\n                                                        <p class=\"name\">Junta General de Accionistas <\/p>\n                                                                    <p class=\"description\">Descripci\u00f3n por defecto<\/p>\n                                                                        <a title='M\u00e1s informaci\u00f3n' aria-label='M\u00e1s informaci\u00f3n sobre Junta General de Accionistas '>M\u00e1s informaci\u00f3n<\/a>\n                                                            <\/div>\n                                        <div class=\"card\">\n                                                <img decoding=\"async\" src=\"https:\/\/static.ferrovial.com\/wp-content\/uploads\/2019\/10\/13133237\/gob-corp-600x750.jpg\" alt=\"Ferrovial Reglas de Organizacion\" position=\"center center\" \/>\n                                                        <p class=\"name\">Reglas de organizaci\u00f3n<\/p>\n                                                                    <p class=\"description\">Descripci\u00f3n por defecto<\/p>\n                                                                        <a title='M\u00e1s informaci\u00f3n' aria-label='M\u00e1s informaci\u00f3n sobre Reglas de organizaci\u00f3n'>M\u00e1s informaci\u00f3n<\/a>\n                                                            <\/div>\n                                        <div class=\"card\">\n                                                <img decoding=\"async\" src=\"https:\/\/static.ferrovial.com\/wp-content\/uploads\/2019\/10\/13133235\/museo-guggenheim-textura-600x800.jpg\" alt=\"edificio museo guggenheim de bilbao construido por ferrovial agroman\" position=\"center center\" \/>\n                                                        <p class=\"name\">Pol\u00edticas corporativas<\/p>\n                                                                    <p class=\"description\">Descripci\u00f3n por defecto<\/p>\n                                                                        <a title='M\u00e1s informaci\u00f3n' aria-label='M\u00e1s informaci\u00f3n sobre Pol\u00edticas corporativas'>M\u00e1s informaci\u00f3n<\/a>\n                                                            <\/div>\n                                        <div class=\"card\">\n                                                <img decoding=\"async\" src=\"https:\/\/static.ferrovial.com\/wp-content\/uploads\/2019\/11\/13133127\/construccion-textura-600x750.jpg\" alt=\"bridge\" position=\"center center\" \/>\n                                                        <p class=\"name\">Informes anuales de Gobierno Corporativo<\/p>\n                                                                    <p class=\"description\">Descripci\u00f3n por defecto<\/p>\n                                                                        <a title='M\u00e1s informaci\u00f3n' aria-label='M\u00e1s informaci\u00f3n sobre Informes anuales de Gobierno Corporativo'>M\u00e1s informaci\u00f3n<\/a>\n                                                            <\/div>\n                                        <div class=\"card\">\n                                                <img decoding=\"async\" src=\"https:\/\/static.ferrovial.com\/wp-content\/uploads\/2019\/11\/13141823\/central-train-station-in-wroclaw-6-600x800.jpg\" alt=\"Central Train Station in Wroclaw (6)\" position=\"center center\" \/>\n                                                        <p class=\"name\">Informes anuales sobre remuneraci\u00f3n de los Consejeros<\/p>\n                                                                    <p class=\"description\">Descripci\u00f3n por defecto<\/p>\n                                                                        <a title='M\u00e1s informaci\u00f3n' aria-label='M\u00e1s informaci\u00f3n sobre Informes anuales sobre remuneraci\u00f3n de los Consejeros'>M\u00e1s informaci\u00f3n<\/a>\n                                                            <\/div>\n                                        <div class=\"card\">\n                                                <img decoding=\"async\" src=\"https:\/\/static.ferrovial.com\/wp-content\/uploads\/2023\/02\/24141835\/sede-ferrovial-corporacion-1920x1080-1-600x800.jpg\" alt=\"\" position=\"center center\" \/>\n                                                        <p class=\"name\">Reorganizaci\u00f3n societaria<\/p>\n                                                                    <p class=\"description\">Descripci\u00f3n por defecto<\/p>\n                                                                        <a title='M\u00e1s informaci\u00f3n' aria-label='M\u00e1s informaci\u00f3n sobre Reorganizaci\u00f3n societaria'>M\u00e1s informaci\u00f3n<\/a>\n                                                            <\/div>\n                        <\/m-multiple-distributor>\n\n    \n\n\n    <m-link-list>\n                    <h3 slot=\"maintitle\">\n                Accesos directos             <\/h3>\n                    <p slot=\"text\">Descripci\u00f3n por defecto<\/p>\n                    <ul slot=\"links\">\n                                    <li>\n                        <c-link external='false' icon='arrow'>\n                            <a href=\"\" title=\"Hechos relevantes\">\n                                Hechos relevantes                            <\/a>\n                        <\/c-link>\n                    <\/li>\n                                    <li>\n                        <c-link external='false' icon='arrow'>\n                            <a href=\"\" title=\"Informe Anual Integrado\">\n                                Informe Anual Integrado                            <\/a>\n                        <\/c-link>\n                    <\/li>\n                                    <li>\n                        <c-link external='false' icon='arrow'>\n                            <a href=\"\" title=\"Remuneraci\u00f3n al accionista\">\n                                Remuneraci\u00f3n al accionista                            <\/a>\n                        <\/c-link>\n                    <\/li>\n                                    <li>\n                        <c-link external='false' icon='arrow'>\n                            <a href=\"\" title=\"Recomendaciones de analistas\">\n                                Recomendaciones de analistas                            <\/a>\n                        <\/c-link>\n                    <\/li>\n                                    <li>\n                        <c-link external='false' icon='arrow'>\n                            <a href=\"\" title=\"Calendario del inversor\">\n                                Calendario del inversor                            <\/a>\n                        <\/c-link>\n                    <\/li>\n                            <\/ul>\n            <\/m-link-list>\n    \n\n\n    <m-link-list>\n                    <h3 slot=\"maintitle\">\n                Enlaces CNMV            <\/h3>\n                    <p slot=\"text\">Descripci\u00f3n por defecto<\/p>\n                    <ul slot=\"links\">\n                                    <li>\n                        <c-link external='true' sr-only='Abrir en una nueva pesta\u00f1a' icon='arrow'>\n                            <a href=\"http:\/\/www.cnmv.es\/Portal\/HR\/ResultadoBusquedaHR.aspx?nif=A81939209&#038;division=1\" title=\"Hechos relevantes\">\n                                Hechos relevantes                            <\/a>\n                        <\/c-link>\n                    <\/li>\n                                    <li>\n                        <c-link external='true' sr-only='Abrir en una nueva pesta\u00f1a' icon='arrow'>\n                            <a href=\"http:\/\/www.cnmv.es\/Portal\/consultas\/IFI\/ListaIFI.aspx?nif=A81939209\" title=\"Informaci\u00f3n financiera intermedia \">\n                                Informaci\u00f3n financiera intermedia                             <\/a>\n                        <\/c-link>\n                    <\/li>\n                                    <li>\n                        <c-link external='true' sr-only='Abrir en una nueva pesta\u00f1a' icon='arrow'>\n                            <a href=\"http:\/\/www.cnmv.es\/Portal\/Consultas\/IFA\/ListadoIFA.aspx?id=0&#038;nif=A81939209\" title=\"Informes financieros anuales\">\n                                Informes financieros anuales                            <\/a>\n                        <\/c-link>\n                    <\/li>\n                                    <li>\n                        <c-link external='true' sr-only='Abrir en una nueva pesta\u00f1a' icon='arrow'>\n                            <a href=\"http:\/\/www.cnmv.es\/Portal\/Consultas\/DerechosVoto\/PS_AC_INI.aspx?nif=A81939209\" title=\"Participaciones significativas y autocartera \">\n                                Participaciones significativas y autocartera                             <\/a>\n                        <\/c-link>\n                    <\/li>\n                                    <li>\n                        <c-link external='true' sr-only='Abrir en una nueva pesta\u00f1a' icon='arrow'>\n                            <a href=\"http:\/\/www.cnmv.es\/Portal\/Consultas\/EE\/PosicionesCortas.aspx?nif=A81939209\" title=\"Posiciones cortas \">\n                                Posiciones cortas                             <\/a>\n                        <\/c-link>\n                    <\/li>\n                                    <li>\n                        <c-link external='true' sr-only='Abrir en una nueva pesta\u00f1a' icon='arrow'>\n                            <a href=\"http:\/\/www.cnmv.es\/Portal\/Consultas\/DerechosVoto\/PS_AC_INI.aspx?nif=A81939209\" title=\"Pactos parasociales\">\n                                Pactos parasociales                            <\/a>\n                        <\/c-link>\n                    <\/li>\n                            <\/ul>\n            <\/m-link-list>\n    ","protected":false},"excerpt":{"rendered":"","protected":false},"featured_media":0,"parent":18667,"menu_order":0,"comment_status":"closed","ping_status":"closed","template":"","meta":{"_acf_changed":false,"footnotes":""},"class_list":["post-22831","page","type-page","status-publish","hentry"],"acf":[],"yoast_head":"<!-- This site is optimized with the Yoast SEO plugin v27.2 - https:\/\/yoast.com\/product\/yoast-seo-wordpress\/ -->\n<title>Gobierno corporativo - Accionistas e Inversores - Ferrovial<\/title>\n<meta name=\"description\" content=\"Informaci\u00f3n sobre Gobierno Corporativo, Consejo de Administraci\u00f3n, Comisiones, Informes, Junta General de accionistas, Reglas de la compa\u00f1\u00eda, Pol\u00edticas corporativas ...\" \/>\n<meta name=\"robots\" content=\"index, follow, max-snippet:-1, max-image-preview:large, max-video-preview:-1\" \/>\n<link rel=\"canonical\" href=\"https:\/\/www.ferrovial.com\/es\/accionistas-e-inversores\/gobierno-corporativo\/\" \/>\n<meta property=\"og:locale\" content=\"es_ES\" \/>\n<meta property=\"og:type\" content=\"article\" \/>\n<meta property=\"og:title\" content=\"Gobierno corporativo - Accionistas e Inversores - Ferrovial\" \/>\n<meta property=\"og:description\" content=\"Informaci\u00f3n sobre Gobierno Corporativo, Consejo de Administraci\u00f3n, Comisiones, Informes, Junta General de accionistas, Reglas de la compa\u00f1\u00eda, Pol\u00edticas corporativas ...\" \/>\n<meta property=\"og:url\" content=\"https:\/\/www.ferrovial.com\/es\/accionistas-e-inversores\/gobierno-corporativo\/\" \/>\n<meta property=\"og:site_name\" content=\"Ferrovial\" \/>\n<meta property=\"article:publisher\" content=\"https:\/\/www.facebook.com\/ferrovial\" \/>\n<meta property=\"article:modified_time\" content=\"2025-10-24T14:25:16+00:00\" \/>\n<meta name=\"twitter:card\" content=\"summary_large_image\" \/>\n<meta name=\"twitter:site\" content=\"@ferrovial\" \/>\n<!-- \/ Yoast SEO plugin. -->","yoast_head_json":{"title":"Gobierno corporativo - Accionistas e Inversores - Ferrovial","description":"Informaci\u00f3n sobre Gobierno Corporativo, Consejo de Administraci\u00f3n, Comisiones, Informes, Junta General de accionistas, Reglas de la compa\u00f1\u00eda, Pol\u00edticas corporativas ...","robots":{"index":"index","follow":"follow","max-snippet":"max-snippet:-1","max-image-preview":"max-image-preview:large","max-video-preview":"max-video-preview:-1"},"canonical":"https:\/\/www.ferrovial.com\/es\/accionistas-e-inversores\/gobierno-corporativo\/","og_locale":"es_ES","og_type":"article","og_title":"Gobierno corporativo - Accionistas e Inversores - Ferrovial","og_description":"Informaci\u00f3n sobre Gobierno Corporativo, Consejo de Administraci\u00f3n, Comisiones, Informes, Junta General de accionistas, Reglas de la compa\u00f1\u00eda, Pol\u00edticas corporativas ...","og_url":"https:\/\/www.ferrovial.com\/es\/accionistas-e-inversores\/gobierno-corporativo\/","og_site_name":"Ferrovial","article_publisher":"https:\/\/www.facebook.com\/ferrovial","article_modified_time":"2025-10-24T14:25:16+00:00","twitter_card":"summary_large_image","twitter_site":"@ferrovial","schema":{"@context":"https:\/\/schema.org","@graph":[{"@type":"WebPage","@id":"https:\/\/www.ferrovial.com\/es\/accionistas-e-inversores\/gobierno-corporativo\/","url":"https:\/\/www.ferrovial.com\/es\/accionistas-e-inversores\/gobierno-corporativo\/","name":"Gobierno corporativo - Accionistas e Inversores - Ferrovial","isPartOf":{"@id":"https:\/\/www.ferrovial.com\/es\/#website"},"datePublished":"2019-09-12T10:18:51+00:00","dateModified":"2025-10-24T14:25:16+00:00","description":"Informaci\u00f3n sobre Gobierno Corporativo, Consejo de Administraci\u00f3n, Comisiones, Informes, Junta General de accionistas, Reglas de la compa\u00f1\u00eda, Pol\u00edticas corporativas ...","breadcrumb":{"@id":"https:\/\/www.ferrovial.com\/es\/accionistas-e-inversores\/gobierno-corporativo\/#breadcrumb"},"inLanguage":"es","potentialAction":[{"@type":"ReadAction","target":["https:\/\/www.ferrovial.com\/es\/accionistas-e-inversores\/gobierno-corporativo\/"]}]},{"@type":"BreadcrumbList","@id":"https:\/\/www.ferrovial.com\/es\/accionistas-e-inversores\/gobierno-corporativo\/#breadcrumb","itemListElement":[{"@type":"ListItem","position":1,"name":"Portada","item":"https:\/\/www.ferrovial.com\/es\/"},{"@type":"ListItem","position":2,"name":"Accionistas e inversores","item":"https:\/\/www.ferrovial.com\/es\/accionistas-e-inversores\/"},{"@type":"ListItem","position":3,"name":"Gobierno corporativo"}]},{"@type":"WebSite","@id":"https:\/\/www.ferrovial.com\/es\/#website","url":"https:\/\/www.ferrovial.com\/es\/","name":"Ferrovial","description":"Welcome to the Ferrovial&#039;s website, global operator of sustainable infrastructure. Here you can find all the information about the company and subsidiaries.","publisher":{"@id":"https:\/\/www.ferrovial.com\/es\/#organization"},"potentialAction":[{"@type":"SearchAction","target":{"@type":"EntryPoint","urlTemplate":"https:\/\/www.ferrovial.com\/es\/?s={search_term_string}"},"query-input":{"@type":"PropertyValueSpecification","valueRequired":true,"valueName":"search_term_string"}}],"inLanguage":"es"},{"@type":"Organization","@id":"https:\/\/www.ferrovial.com\/es\/#organization","name":"Ferrovial S.A.","url":"https:\/\/www.ferrovial.com\/es\/","logo":{"@type":"ImageObject","inLanguage":"es","@id":"https:\/\/www.ferrovial.com\/es\/#\/schema\/logo\/image\/","url":"https:\/\/static.ferrovial.com\/wp-content\/uploads\/2020\/01\/13124948\/logo-ferrovial-cf7.png","contentUrl":"https:\/\/static.ferrovial.com\/wp-content\/uploads\/2020\/01\/13124948\/logo-ferrovial-cf7.png","width":144,"height":32,"caption":"Ferrovial S.A."},"image":{"@id":"https:\/\/www.ferrovial.com\/es\/#\/schema\/logo\/image\/"},"sameAs":["https:\/\/www.facebook.com\/ferrovial","https:\/\/x.com\/ferrovial","https:\/\/www.instagram.com\/ferrovial\/","https:\/\/www.linkedin.com\/company\/ferrovial","https:\/\/www.pinterest.es\/ferrovial\/","https:\/\/www.youtube.com\/ferrovial","https:\/\/en.wikipedia.org\/wiki\/Ferrovial"]}]}},"_links":{"self":[{"href":"https:\/\/www.ferrovial.com\/es\/wp-json\/wp\/v2\/pages\/22831","targetHints":{"allow":["GET"]}}],"collection":[{"href":"https:\/\/www.ferrovial.com\/es\/wp-json\/wp\/v2\/pages"}],"about":[{"href":"https:\/\/www.ferrovial.com\/es\/wp-json\/wp\/v2\/types\/page"}],"replies":[{"embeddable":true,"href":"https:\/\/www.ferrovial.com\/es\/wp-json\/wp\/v2\/comments?post=22831"}],"version-history":[{"count":3,"href":"https:\/\/www.ferrovial.com\/es\/wp-json\/wp\/v2\/pages\/22831\/revisions"}],"predecessor-version":[{"id":315918,"href":"https:\/\/www.ferrovial.com\/es\/wp-json\/wp\/v2\/pages\/22831\/revisions\/315918"}],"up":[{"embeddable":true,"href":"https:\/\/www.ferrovial.com\/es\/wp-json\/wp\/v2\/pages\/18667"}],"wp:attachment":[{"href":"https:\/\/www.ferrovial.com\/es\/wp-json\/wp\/v2\/media?parent=22831"}],"curies":[{"name":"wp","href":"https:\/\/api.w.org\/{rel}","templated":true}]}}